{"id":56785,"date":"2026-04-15T10:18:34","date_gmt":"2026-04-15T08:18:34","guid":{"rendered":"https:\/\/ironsky.pl\/sklep\/produkt\/modul-przekaznika-do-ecoflow-smart-home-panel-13a-2\/"},"modified":"2026-04-15T10:50:50","modified_gmt":"2026-04-15T08:50:50","slug":"modul-przekaznika-do-ecoflow-smart-home-panel-13a-2","status":"publish","type":"product","link":"https:\/\/ironsky.pl\/sklep\/produkt\/modul-przekaznika-do-ecoflow-smart-home-panel-13a-2\/","title":{"rendered":"Modu\u0142 przeka\u017anika do Ecoflow Smart Home Panel 13A"},"content":{"rendered":"<h3>EcoFlow Relay Module 13A<\/h3>\n<p>Modu\u0142 przeznaczony do monta\u017cu w inteligentnym panelu steruj\u0105cym EcoFlow \/Smart Home Panel (w sprzeda\u017cy oddzielnie), kt\u00f3ry umo\u017cliwia instalacj\u0119 maksymalnie 10 takich element\u00f3w o r\u00f3\u017cnym nat\u0119\u017ceniu. Nast\u0119pnie mo\u017cesz przypisa\u0107 do nich poszczeg\u00f3lne sekcje w domu, rozplanowuj\u0105c obci\u0105\u017cenie w taki spos\u00f3b, aby zapewni\u0107 sobie maksymaln\u0105 efektywno\u015b\u0107 podczas przerw w dostawie pr\u0105du lub zarz\u0105dzania zu\u017cyciem energii. O\u015bwietlenie, lod\u00f3wka i inne sprz\u0119ty \u2013 teraz bez trudu zadbasz o ich nieprzerwane dzia\u0142anie!<\/p>\n<p><img decoding=\"async\" src=\"https:\/\/b2b.innpro.pl\/data\/include\/cms\/12EcoFlow\/EcoFlow-Relay-Module-13A\/2.jpg\"><\/p>\n<h3>Wygoda i bezpiecze\u0144stwo<\/h3>\n<p>Ka\u017cdy modu\u0142 pracuje indywidualnie i zosta\u0142 wyposa\u017cony w niezale\u017cne zabezpieczenia \u2013 2 przeka\u017aniki i bezpiecznik nadpr\u0105dowy. To oznacza, \u017ce je\u015bli wyst\u0105pi awaria, mo\u017cesz bez przeszk\u00f3d wymieni\u0107 tylko jeden element, nie naruszaj\u0105c przy tym pozosta\u0142ych sekcji. Co wi\u0119cej, je\u017celi pojawi\u0105 si\u0119 jakie\u015b problemy, natychmiast powiadomi Ci\u0119 o tym aplikacja EcoFlow oraz umieszczony na panelu wska\u017anik LED. Modu\u0142 jest te\u017c bardzo prosty w monta\u017cu.<\/p>\n<p><img decoding=\"async\" src=\"https:\/\/b2b.innpro.pl\/data\/include\/cms\/12EcoFlow\/EcoFlow-Relay-Module-13A\/1.jpg\"><\/p>\n<div class=\"table-wrapper\">\n<table>\n<tbody>\n<tr>\n<th>Producent<\/th>\n<td>EcoFlow<\/td>\n<\/tr>\n<tr>\n<th>Nazwa<\/th>\n<td>Relay Module<\/td>\n<\/tr>\n<tr>\n<th>Nat\u0119\u017cenie pr\u0105du<\/th>\n<td>13 A<\/td>\n<\/tr>\n<\/tbody>\n<\/table>\n<\/div>\n","protected":false},"excerpt":{"rendered":"<p>EcoFlow Relay Module 13A Modu\u0142 przeznaczony do monta\u017cu w inteligentnym panelu steruj\u0105cym EcoFlow \/Smart Home Panel (w sprzeda\u017cy oddzielnie), kt\u00f3ry<\/p>\n","protected":false},"featured_media":56786,"comment_status":"closed","ping_status":"open","template":"","meta":{"_acf_changed":false},"product_brand":[],"product_cat":[6209,1108,1110],"product_tag":[],"class_list":{"0":"post-56785","1":"product","2":"type-product","3":"status-publish","4":"has-post-thumbnail","6":"product_cat-akcesoria-panele-fotowoltaiczne","7":"product_cat-energia","8":"product_cat-panele-fotowoltaiczne","9":"pa_okres-gwarancji-5754","10":"pa_producent-ecoflow","12":"first","13":"outofstock","14":"taxable","15":"shipping-taxable","16":"purchasable","17":"product-type-simple"},"acf":[],"yoast_head":"<!-- This site is optimized with the Yoast SEO plugin v27.2 - https:\/\/yoast.com\/product\/yoast-seo-wordpress\/ -->\n<title>Modu\u0142 przeka\u017anika do Ecoflow Smart Home Panel 13A - IRONSKY.PL Sklep z Dronami<\/title>\n<meta name=\"description\" content=\"Modu\u0142 przeka\u017anika do Ecoflow Smart Home Panel 13A - \u2705 sklep z dronami i fachowym doradztwem. \u2705 Tutaj kupisz produkty DJI, Yuneec, Parrot, Syma i wiele innych, a tak\u017ce kursy i licencje na operatora drona.\" \/>\n<meta name=\"robots\" content=\"index, follow, max-snippet:-1, max-image-preview:large, max-video-preview:-1\" \/>\n<link rel=\"canonical\" href=\"https:\/\/ironsky.pl\/sklep\/produkt\/modul-przekaznika-do-ecoflow-smart-home-panel-13a-2\/\" \/>\n<meta property=\"og:locale\" content=\"pl_PL\" \/>\n<meta property=\"og:type\" content=\"article\" \/>\n<meta property=\"og:title\" content=\"Modu\u0142 przeka\u017anika do Ecoflow Smart Home Panel 13A - IRONSKY.PL Sklep z Dronami\" \/>\n<meta property=\"og:description\" content=\"Modu\u0142 przeka\u017anika do Ecoflow Smart Home Panel 13A - \u2705 sklep z dronami i fachowym doradztwem. \u2705 Tutaj kupisz produkty DJI, Yuneec, Parrot, Syma i wiele innych, a tak\u017ce kursy i licencje na operatora drona.\" \/>\n<meta property=\"og:url\" content=\"https:\/\/ironsky.pl\/sklep\/produkt\/modul-przekaznika-do-ecoflow-smart-home-panel-13a-2\/\" \/>\n<meta property=\"og:site_name\" content=\"IRONSKY.PL Sklep z Dronami\" \/>\n<meta property=\"article:modified_time\" content=\"2026-04-15T08:50:50+00:00\" \/>\n<meta property=\"og:image\" content=\"https:\/\/ironsky.pl\/sklep\/wp-content\/uploads\/2026\/04\/28241_1.jpg\" \/>\n\t<meta property=\"og:image:width\" content=\"800\" \/>\n\t<meta property=\"og:image:height\" content=\"800\" \/>\n\t<meta property=\"og:image:type\" content=\"image\/jpeg\" \/>\n<meta name=\"twitter:card\" content=\"summary_large_image\" \/>\n<meta name=\"twitter:label1\" content=\"Szacowany czas czytania\" \/>\n\t<meta name=\"twitter:data1\" content=\"1 minuta\" \/>\n<script type=\"application\/ld+json\" class=\"yoast-schema-graph\">{\"@context\":\"https:\/\/schema.org\",\"@graph\":[{\"@type\":\"WebPage\",\"@id\":\"https:\/\/ironsky.pl\/sklep\/produkt\/modul-przekaznika-do-ecoflow-smart-home-panel-13a-2\/\",\"url\":\"https:\/\/ironsky.pl\/sklep\/produkt\/modul-przekaznika-do-ecoflow-smart-home-panel-13a-2\/\",\"name\":\"Modu\u0142 przeka\u017anika do Ecoflow Smart Home Panel 13A - IRONSKY.PL Sklep z Dronami\",\"isPartOf\":{\"@id\":\"https:\/\/ironsky.pl\/sklep\/#website\"},\"primaryImageOfPage\":{\"@id\":\"https:\/\/ironsky.pl\/sklep\/produkt\/modul-przekaznika-do-ecoflow-smart-home-panel-13a-2\/#primaryimage\"},\"image\":{\"@id\":\"https:\/\/ironsky.pl\/sklep\/produkt\/modul-przekaznika-do-ecoflow-smart-home-panel-13a-2\/#primaryimage\"},\"thumbnailUrl\":\"https:\/\/ironsky.pl\/sklep\/wp-content\/uploads\/2026\/04\/28241_1.jpg\",\"datePublished\":\"2026-04-15T08:18:34+00:00\",\"dateModified\":\"2026-04-15T08:50:50+00:00\",\"description\":\"Modu\u0142 przeka\u017anika do Ecoflow Smart Home Panel 13A - \u2705 sklep z dronami i fachowym doradztwem. \u2705 Tutaj kupisz produkty DJI, Yuneec, Parrot, Syma i wiele innych, a tak\u017ce kursy i licencje na operatora drona.\",\"breadcrumb\":{\"@id\":\"https:\/\/ironsky.pl\/sklep\/produkt\/modul-przekaznika-do-ecoflow-smart-home-panel-13a-2\/#breadcrumb\"},\"inLanguage\":\"pl-PL\",\"potentialAction\":[{\"@type\":\"ReadAction\",\"target\":[\"https:\/\/ironsky.pl\/sklep\/produkt\/modul-przekaznika-do-ecoflow-smart-home-panel-13a-2\/\"]}]},{\"@type\":\"ImageObject\",\"inLanguage\":\"pl-PL\",\"@id\":\"https:\/\/ironsky.pl\/sklep\/produkt\/modul-przekaznika-do-ecoflow-smart-home-panel-13a-2\/#primaryimage\",\"url\":\"https:\/\/ironsky.pl\/sklep\/wp-content\/uploads\/2026\/04\/28241_1.jpg\",\"contentUrl\":\"https:\/\/ironsky.pl\/sklep\/wp-content\/uploads\/2026\/04\/28241_1.jpg\",\"width\":800,\"height\":800},{\"@type\":\"BreadcrumbList\",\"@id\":\"https:\/\/ironsky.pl\/sklep\/produkt\/modul-przekaznika-do-ecoflow-smart-home-panel-13a-2\/#breadcrumb\",\"itemListElement\":[{\"@type\":\"ListItem\",\"position\":1,\"name\":\"Strona g\u0142\u00f3wna\",\"item\":\"https:\/\/ironsky.pl\/sklep\/\"},{\"@type\":\"ListItem\",\"position\":2,\"name\":\"Wszystkie produkty\",\"item\":\"https:\/\/ironsky.pl\/sklep\/produkty\/\"},{\"@type\":\"ListItem\",\"position\":3,\"name\":\"Modu\u0142 przeka\u017anika do Ecoflow Smart Home Panel 13A\"}]},{\"@type\":\"WebSite\",\"@id\":\"https:\/\/ironsky.pl\/sklep\/#website\",\"url\":\"https:\/\/ironsky.pl\/sklep\/\",\"name\":\"IRONSKY.PL Sklep z Dronami\",\"description\":\"IRONSKY.PL Sklep z Dronami\",\"potentialAction\":[{\"@type\":\"SearchAction\",\"target\":{\"@type\":\"EntryPoint\",\"urlTemplate\":\"https:\/\/ironsky.pl\/sklep\/?s={search_term_string}\"},\"query-input\":{\"@type\":\"PropertyValueSpecification\",\"valueRequired\":true,\"valueName\":\"search_term_string\"}}],\"inLanguage\":\"pl-PL\"}]}<\/script>\n<!-- \/ Yoast SEO plugin. -->","yoast_head_json":{"title":"Modu\u0142 przeka\u017anika do Ecoflow Smart Home Panel 13A - IRONSKY.PL Sklep z Dronami","description":"Modu\u0142 przeka\u017anika do Ecoflow Smart Home Panel 13A - \u2705 sklep z dronami i fachowym doradztwem. \u2705 Tutaj kupisz produkty DJI, Yuneec, Parrot, Syma i wiele innych, a tak\u017ce kursy i licencje na operatora drona.","robots":{"index":"index","follow":"follow","max-snippet":"max-snippet:-1","max-image-preview":"max-image-preview:large","max-video-preview":"max-video-preview:-1"},"canonical":"https:\/\/ironsky.pl\/sklep\/produkt\/modul-przekaznika-do-ecoflow-smart-home-panel-13a-2\/","og_locale":"pl_PL","og_type":"article","og_title":"Modu\u0142 przeka\u017anika do Ecoflow Smart Home Panel 13A - IRONSKY.PL Sklep z Dronami","og_description":"Modu\u0142 przeka\u017anika do Ecoflow Smart Home Panel 13A - \u2705 sklep z dronami i fachowym doradztwem. \u2705 Tutaj kupisz produkty DJI, Yuneec, Parrot, Syma i wiele innych, a tak\u017ce kursy i licencje na operatora drona.","og_url":"https:\/\/ironsky.pl\/sklep\/produkt\/modul-przekaznika-do-ecoflow-smart-home-panel-13a-2\/","og_site_name":"IRONSKY.PL Sklep z Dronami","article_modified_time":"2026-04-15T08:50:50+00:00","og_image":[{"width":800,"height":800,"url":"https:\/\/ironsky.pl\/sklep\/wp-content\/uploads\/2026\/04\/28241_1.jpg","type":"image\/jpeg"}],"twitter_card":"summary_large_image","twitter_misc":{"Szacowany czas czytania":"1 minuta"},"schema":{"@context":"https:\/\/schema.org","@graph":[{"@type":"WebPage","@id":"https:\/\/ironsky.pl\/sklep\/produkt\/modul-przekaznika-do-ecoflow-smart-home-panel-13a-2\/","url":"https:\/\/ironsky.pl\/sklep\/produkt\/modul-przekaznika-do-ecoflow-smart-home-panel-13a-2\/","name":"Modu\u0142 przeka\u017anika do Ecoflow Smart Home Panel 13A - IRONSKY.PL Sklep z Dronami","isPartOf":{"@id":"https:\/\/ironsky.pl\/sklep\/#website"},"primaryImageOfPage":{"@id":"https:\/\/ironsky.pl\/sklep\/produkt\/modul-przekaznika-do-ecoflow-smart-home-panel-13a-2\/#primaryimage"},"image":{"@id":"https:\/\/ironsky.pl\/sklep\/produkt\/modul-przekaznika-do-ecoflow-smart-home-panel-13a-2\/#primaryimage"},"thumbnailUrl":"https:\/\/ironsky.pl\/sklep\/wp-content\/uploads\/2026\/04\/28241_1.jpg","datePublished":"2026-04-15T08:18:34+00:00","dateModified":"2026-04-15T08:50:50+00:00","description":"Modu\u0142 przeka\u017anika do Ecoflow Smart Home Panel 13A - \u2705 sklep z dronami i fachowym doradztwem. \u2705 Tutaj kupisz produkty DJI, Yuneec, Parrot, Syma i wiele innych, a tak\u017ce kursy i licencje na operatora drona.","breadcrumb":{"@id":"https:\/\/ironsky.pl\/sklep\/produkt\/modul-przekaznika-do-ecoflow-smart-home-panel-13a-2\/#breadcrumb"},"inLanguage":"pl-PL","potentialAction":[{"@type":"ReadAction","target":["https:\/\/ironsky.pl\/sklep\/produkt\/modul-przekaznika-do-ecoflow-smart-home-panel-13a-2\/"]}]},{"@type":"ImageObject","inLanguage":"pl-PL","@id":"https:\/\/ironsky.pl\/sklep\/produkt\/modul-przekaznika-do-ecoflow-smart-home-panel-13a-2\/#primaryimage","url":"https:\/\/ironsky.pl\/sklep\/wp-content\/uploads\/2026\/04\/28241_1.jpg","contentUrl":"https:\/\/ironsky.pl\/sklep\/wp-content\/uploads\/2026\/04\/28241_1.jpg","width":800,"height":800},{"@type":"BreadcrumbList","@id":"https:\/\/ironsky.pl\/sklep\/produkt\/modul-przekaznika-do-ecoflow-smart-home-panel-13a-2\/#breadcrumb","itemListElement":[{"@type":"ListItem","position":1,"name":"Strona g\u0142\u00f3wna","item":"https:\/\/ironsky.pl\/sklep\/"},{"@type":"ListItem","position":2,"name":"Wszystkie produkty","item":"https:\/\/ironsky.pl\/sklep\/produkty\/"},{"@type":"ListItem","position":3,"name":"Modu\u0142 przeka\u017anika do Ecoflow Smart Home Panel 13A"}]},{"@type":"WebSite","@id":"https:\/\/ironsky.pl\/sklep\/#website","url":"https:\/\/ironsky.pl\/sklep\/","name":"IRONSKY.PL Sklep z Dronami","description":"IRONSKY.PL Sklep z Dronami","potentialAction":[{"@type":"SearchAction","target":{"@type":"EntryPoint","urlTemplate":"https:\/\/ironsky.pl\/sklep\/?s={search_term_string}"},"query-input":{"@type":"PropertyValueSpecification","valueRequired":true,"valueName":"search_term_string"}}],"inLanguage":"pl-PL"}]}},"_links":{"self":[{"href":"https:\/\/ironsky.pl\/sklep\/wp-json\/wp\/v2\/product\/56785","targetHints":{"allow":["GET"]}}],"collection":[{"href":"https:\/\/ironsky.pl\/sklep\/wp-json\/wp\/v2\/product"}],"about":[{"href":"https:\/\/ironsky.pl\/sklep\/wp-json\/wp\/v2\/types\/product"}],"replies":[{"embeddable":true,"href":"https:\/\/ironsky.pl\/sklep\/wp-json\/wp\/v2\/comments?post=56785"}],"wp:featuredmedia":[{"embeddable":true,"href":"https:\/\/ironsky.pl\/sklep\/wp-json\/wp\/v2\/media\/56786"}],"wp:attachment":[{"href":"https:\/\/ironsky.pl\/sklep\/wp-json\/wp\/v2\/media?parent=56785"}],"wp:term":[{"taxonomy":"product_brand","embeddable":true,"href":"https:\/\/ironsky.pl\/sklep\/wp-json\/wp\/v2\/product_brand?post=56785"},{"taxonomy":"product_cat","embeddable":true,"href":"https:\/\/ironsky.pl\/sklep\/wp-json\/wp\/v2\/product_cat?post=56785"},{"taxonomy":"product_tag","embeddable":true,"href":"https:\/\/ironsky.pl\/sklep\/wp-json\/wp\/v2\/product_tag?post=56785"}],"curies":[{"name":"wp","href":"https:\/\/api.w.org\/{rel}","templated":true}]}}