{"id":56781,"date":"2026-04-15T10:18:34","date_gmt":"2026-04-15T08:18:34","guid":{"rendered":"https:\/\/ironsky.pl\/sklep\/produkt\/wskaznik-kata-ecoflow-do-panelu-pv\/"},"modified":"2026-04-15T10:50:49","modified_gmt":"2026-04-15T08:50:49","slug":"wskaznik-kata-ecoflow-do-panelu-pv","status":"publish","type":"product","link":"https:\/\/ironsky.pl\/sklep\/produkt\/wskaznik-kata-ecoflow-do-panelu-pv\/","title":{"rendered":"Wska\u017anik k\u0105ta ECOFLOW do panelu PV"},"content":{"rendered":"<h3>EcoFlow Wska\u017anik k\u0105ta padania promieni s\u0142onecznych<\/h3>\n<p>Czerp jeszcze wi\u0119cej energii ze s\u0142o\u0144ca. Wska\u017anik k\u0105ta padania promieni s\u0142onecznych pozwoli Ci wykorzysta\u0107 pe\u0142en potencja\u0142 Twoich paneli fotowoltaicznych \u2013 za jego pomoc\u0105 bez trudu ustawisz je w taki spos\u00f3b, aby uzyska\u0107 optymaln\u0105 wydajno\u015b\u0107! Produkt jest bardzo prosty w monta\u017cu i wyj\u0105tkowo wytrzyma\u0142y. Wyr\u00f3\u017cnia si\u0119 tak\u017ce odporno\u015bci\u0105 na promieniowanie UV. Dzi\u0119ki temu b\u0119dzie \u015bwietnie Ci s\u0142u\u017cy\u0107 przez d\u0142ugie lata.<\/p>\n<p><img decoding=\"async\" src=\"https:\/\/b2b.innpro.pl\/data\/include\/cms\/12EcoFlow\/EcoFlow-Solar-Angle-Guide\/1.jpg\"><\/p>\n<h3>Bardzo prosta obs\u0142uga<\/h3>\n<p>Przy u\u017cyciu wska\u017anika k\u0105ta padania promieni s\u0142onecznych EcoFlow z \u0142atwo\u015bci\u0105 ustawisz sw\u00f3j panel fotowoltaiczny w taki spos\u00f3b, aby promienie s\u0142oneczne pada\u0142y na niego pod k\u0105tem 90\u00b0. Dzi\u0119ki temu uzyskasz wi\u0119cej energii w kr\u00f3tszym czasie! Wystarczy przypi\u0105\u0107 akcesorium do panelu, a nast\u0119pnie dostosowa\u0107 jego po\u0142o\u017cenie tak, aby padaj\u0105cy cie\u0144 znajdowa\u0142 si\u0119 dok\u0142adnie na \u015brodku produktu. Zadanie u\u0142atwi Ci przezroczysta obudowa oraz umieszczony wewn\u0105trz schemat.<\/p>\n<p><img decoding=\"async\" src=\"https:\/\/b2b.innpro.pl\/data\/include\/cms\/12EcoFlow\/EcoFlow-Solar-Angle-Guide\/3.jpg\"><\/p>\n<div class=\"table-wrapper\">\n<table>\n<tbody>\n<tr>\n<th>Producent<\/th>\n<td>EcoFlow<\/td>\n<\/tr>\n<tr>\n<th>Nazwa<\/th>\n<td>Wska\u017anik k\u0105ta padania promieni s\u0142onecznych<\/td>\n<\/tr>\n<tr>\n<th>Wymiary<\/th>\n<td>50 x 54 x 30 mm<\/td>\n<\/tr>\n<tr>\n<th>Waga<\/th>\n<td>25 g<\/td>\n<\/tr>\n<\/tbody>\n<\/table>\n<\/div>\n","protected":false},"excerpt":{"rendered":"<p>EcoFlow Wska\u017anik k\u0105ta padania promieni s\u0142onecznych Czerp jeszcze wi\u0119cej energii ze s\u0142o\u0144ca. Wska\u017anik k\u0105ta padania promieni s\u0142onecznych pozwoli Ci wykorzysta\u0107<\/p>\n","protected":false},"featured_media":56782,"comment_status":"closed","ping_status":"open","template":"","meta":{"_acf_changed":false},"product_brand":[],"product_cat":[6196,1108,1111],"product_tag":[],"class_list":{"0":"post-56781","1":"product","2":"type-product","3":"status-publish","4":"has-post-thumbnail","6":"product_cat-akcesoria-stacje-zasilania","7":"product_cat-energia","8":"product_cat-stacje-zasilania","9":"pa_okres-gwarancji-5754","10":"pa_producent-ecoflow","12":"first","13":"outofstock","14":"taxable","15":"shipping-taxable","16":"purchasable","17":"product-type-simple"},"acf":[],"yoast_head":"<!-- This site is optimized with the Yoast SEO plugin v27.2 - https:\/\/yoast.com\/product\/yoast-seo-wordpress\/ -->\n<title>Wska\u017anik k\u0105ta ECOFLOW do panelu PV - IRONSKY.PL Sklep z Dronami<\/title>\n<meta name=\"description\" content=\"Wska\u017anik k\u0105ta ECOFLOW do panelu PV - \u2705 sklep z dronami i fachowym doradztwem. \u2705 Tutaj kupisz produkty DJI, Yuneec, Parrot, Syma i wiele innych, a tak\u017ce kursy i licencje na operatora drona.\" \/>\n<meta name=\"robots\" content=\"index, follow, max-snippet:-1, max-image-preview:large, max-video-preview:-1\" \/>\n<link rel=\"canonical\" href=\"https:\/\/ironsky.pl\/sklep\/produkt\/wskaznik-kata-ecoflow-do-panelu-pv\/\" \/>\n<meta property=\"og:locale\" content=\"pl_PL\" \/>\n<meta property=\"og:type\" content=\"article\" \/>\n<meta property=\"og:title\" content=\"Wska\u017anik k\u0105ta ECOFLOW do panelu PV - IRONSKY.PL Sklep z Dronami\" \/>\n<meta property=\"og:description\" content=\"Wska\u017anik k\u0105ta ECOFLOW do panelu PV - \u2705 sklep z dronami i fachowym doradztwem. \u2705 Tutaj kupisz produkty DJI, Yuneec, Parrot, Syma i wiele innych, a tak\u017ce kursy i licencje na operatora drona.\" \/>\n<meta property=\"og:url\" content=\"https:\/\/ironsky.pl\/sklep\/produkt\/wskaznik-kata-ecoflow-do-panelu-pv\/\" \/>\n<meta property=\"og:site_name\" content=\"IRONSKY.PL Sklep z Dronami\" \/>\n<meta property=\"article:modified_time\" content=\"2026-04-15T08:50:49+00:00\" \/>\n<meta property=\"og:image\" content=\"https:\/\/ironsky.pl\/sklep\/wp-content\/uploads\/2026\/04\/28237_3.jpg\" \/>\n\t<meta property=\"og:image:width\" content=\"800\" \/>\n\t<meta property=\"og:image:height\" content=\"800\" \/>\n\t<meta property=\"og:image:type\" content=\"image\/jpeg\" \/>\n<meta name=\"twitter:card\" content=\"summary_large_image\" \/>\n<meta name=\"twitter:label1\" content=\"Szacowany czas czytania\" \/>\n\t<meta name=\"twitter:data1\" content=\"1 minuta\" \/>\n<script type=\"application\/ld+json\" class=\"yoast-schema-graph\">{\"@context\":\"https:\/\/schema.org\",\"@graph\":[{\"@type\":\"WebPage\",\"@id\":\"https:\/\/ironsky.pl\/sklep\/produkt\/wskaznik-kata-ecoflow-do-panelu-pv\/\",\"url\":\"https:\/\/ironsky.pl\/sklep\/produkt\/wskaznik-kata-ecoflow-do-panelu-pv\/\",\"name\":\"Wska\u017anik k\u0105ta ECOFLOW do panelu PV - IRONSKY.PL Sklep z Dronami\",\"isPartOf\":{\"@id\":\"https:\/\/ironsky.pl\/sklep\/#website\"},\"primaryImageOfPage\":{\"@id\":\"https:\/\/ironsky.pl\/sklep\/produkt\/wskaznik-kata-ecoflow-do-panelu-pv\/#primaryimage\"},\"image\":{\"@id\":\"https:\/\/ironsky.pl\/sklep\/produkt\/wskaznik-kata-ecoflow-do-panelu-pv\/#primaryimage\"},\"thumbnailUrl\":\"https:\/\/ironsky.pl\/sklep\/wp-content\/uploads\/2026\/04\/28237_3.jpg\",\"datePublished\":\"2026-04-15T08:18:34+00:00\",\"dateModified\":\"2026-04-15T08:50:49+00:00\",\"description\":\"Wska\u017anik k\u0105ta ECOFLOW do panelu PV - \u2705 sklep z dronami i fachowym doradztwem. \u2705 Tutaj kupisz produkty DJI, Yuneec, Parrot, Syma i wiele innych, a tak\u017ce kursy i licencje na operatora drona.\",\"breadcrumb\":{\"@id\":\"https:\/\/ironsky.pl\/sklep\/produkt\/wskaznik-kata-ecoflow-do-panelu-pv\/#breadcrumb\"},\"inLanguage\":\"pl-PL\",\"potentialAction\":[{\"@type\":\"ReadAction\",\"target\":[\"https:\/\/ironsky.pl\/sklep\/produkt\/wskaznik-kata-ecoflow-do-panelu-pv\/\"]}]},{\"@type\":\"ImageObject\",\"inLanguage\":\"pl-PL\",\"@id\":\"https:\/\/ironsky.pl\/sklep\/produkt\/wskaznik-kata-ecoflow-do-panelu-pv\/#primaryimage\",\"url\":\"https:\/\/ironsky.pl\/sklep\/wp-content\/uploads\/2026\/04\/28237_3.jpg\",\"contentUrl\":\"https:\/\/ironsky.pl\/sklep\/wp-content\/uploads\/2026\/04\/28237_3.jpg\",\"width\":800,\"height\":800},{\"@type\":\"BreadcrumbList\",\"@id\":\"https:\/\/ironsky.pl\/sklep\/produkt\/wskaznik-kata-ecoflow-do-panelu-pv\/#breadcrumb\",\"itemListElement\":[{\"@type\":\"ListItem\",\"position\":1,\"name\":\"Strona g\u0142\u00f3wna\",\"item\":\"https:\/\/ironsky.pl\/sklep\/\"},{\"@type\":\"ListItem\",\"position\":2,\"name\":\"Wszystkie produkty\",\"item\":\"https:\/\/ironsky.pl\/sklep\/produkty\/\"},{\"@type\":\"ListItem\",\"position\":3,\"name\":\"Wska\u017anik k\u0105ta ECOFLOW do panelu PV\"}]},{\"@type\":\"WebSite\",\"@id\":\"https:\/\/ironsky.pl\/sklep\/#website\",\"url\":\"https:\/\/ironsky.pl\/sklep\/\",\"name\":\"IRONSKY.PL Sklep z Dronami\",\"description\":\"IRONSKY.PL Sklep z Dronami\",\"potentialAction\":[{\"@type\":\"SearchAction\",\"target\":{\"@type\":\"EntryPoint\",\"urlTemplate\":\"https:\/\/ironsky.pl\/sklep\/?s={search_term_string}\"},\"query-input\":{\"@type\":\"PropertyValueSpecification\",\"valueRequired\":true,\"valueName\":\"search_term_string\"}}],\"inLanguage\":\"pl-PL\"}]}<\/script>\n<!-- \/ Yoast SEO plugin. -->","yoast_head_json":{"title":"Wska\u017anik k\u0105ta ECOFLOW do panelu PV - IRONSKY.PL Sklep z Dronami","description":"Wska\u017anik k\u0105ta ECOFLOW do panelu PV - \u2705 sklep z dronami i fachowym doradztwem. \u2705 Tutaj kupisz produkty DJI, Yuneec, Parrot, Syma i wiele innych, a tak\u017ce kursy i licencje na operatora drona.","robots":{"index":"index","follow":"follow","max-snippet":"max-snippet:-1","max-image-preview":"max-image-preview:large","max-video-preview":"max-video-preview:-1"},"canonical":"https:\/\/ironsky.pl\/sklep\/produkt\/wskaznik-kata-ecoflow-do-panelu-pv\/","og_locale":"pl_PL","og_type":"article","og_title":"Wska\u017anik k\u0105ta ECOFLOW do panelu PV - IRONSKY.PL Sklep z Dronami","og_description":"Wska\u017anik k\u0105ta ECOFLOW do panelu PV - \u2705 sklep z dronami i fachowym doradztwem. \u2705 Tutaj kupisz produkty DJI, Yuneec, Parrot, Syma i wiele innych, a tak\u017ce kursy i licencje na operatora drona.","og_url":"https:\/\/ironsky.pl\/sklep\/produkt\/wskaznik-kata-ecoflow-do-panelu-pv\/","og_site_name":"IRONSKY.PL Sklep z Dronami","article_modified_time":"2026-04-15T08:50:49+00:00","og_image":[{"width":800,"height":800,"url":"https:\/\/ironsky.pl\/sklep\/wp-content\/uploads\/2026\/04\/28237_3.jpg","type":"image\/jpeg"}],"twitter_card":"summary_large_image","twitter_misc":{"Szacowany czas czytania":"1 minuta"},"schema":{"@context":"https:\/\/schema.org","@graph":[{"@type":"WebPage","@id":"https:\/\/ironsky.pl\/sklep\/produkt\/wskaznik-kata-ecoflow-do-panelu-pv\/","url":"https:\/\/ironsky.pl\/sklep\/produkt\/wskaznik-kata-ecoflow-do-panelu-pv\/","name":"Wska\u017anik k\u0105ta ECOFLOW do panelu PV - IRONSKY.PL Sklep z Dronami","isPartOf":{"@id":"https:\/\/ironsky.pl\/sklep\/#website"},"primaryImageOfPage":{"@id":"https:\/\/ironsky.pl\/sklep\/produkt\/wskaznik-kata-ecoflow-do-panelu-pv\/#primaryimage"},"image":{"@id":"https:\/\/ironsky.pl\/sklep\/produkt\/wskaznik-kata-ecoflow-do-panelu-pv\/#primaryimage"},"thumbnailUrl":"https:\/\/ironsky.pl\/sklep\/wp-content\/uploads\/2026\/04\/28237_3.jpg","datePublished":"2026-04-15T08:18:34+00:00","dateModified":"2026-04-15T08:50:49+00:00","description":"Wska\u017anik k\u0105ta ECOFLOW do panelu PV - \u2705 sklep z dronami i fachowym doradztwem. \u2705 Tutaj kupisz produkty DJI, Yuneec, Parrot, Syma i wiele innych, a tak\u017ce kursy i licencje na operatora drona.","breadcrumb":{"@id":"https:\/\/ironsky.pl\/sklep\/produkt\/wskaznik-kata-ecoflow-do-panelu-pv\/#breadcrumb"},"inLanguage":"pl-PL","potentialAction":[{"@type":"ReadAction","target":["https:\/\/ironsky.pl\/sklep\/produkt\/wskaznik-kata-ecoflow-do-panelu-pv\/"]}]},{"@type":"ImageObject","inLanguage":"pl-PL","@id":"https:\/\/ironsky.pl\/sklep\/produkt\/wskaznik-kata-ecoflow-do-panelu-pv\/#primaryimage","url":"https:\/\/ironsky.pl\/sklep\/wp-content\/uploads\/2026\/04\/28237_3.jpg","contentUrl":"https:\/\/ironsky.pl\/sklep\/wp-content\/uploads\/2026\/04\/28237_3.jpg","width":800,"height":800},{"@type":"BreadcrumbList","@id":"https:\/\/ironsky.pl\/sklep\/produkt\/wskaznik-kata-ecoflow-do-panelu-pv\/#breadcrumb","itemListElement":[{"@type":"ListItem","position":1,"name":"Strona g\u0142\u00f3wna","item":"https:\/\/ironsky.pl\/sklep\/"},{"@type":"ListItem","position":2,"name":"Wszystkie produkty","item":"https:\/\/ironsky.pl\/sklep\/produkty\/"},{"@type":"ListItem","position":3,"name":"Wska\u017anik k\u0105ta ECOFLOW do panelu PV"}]},{"@type":"WebSite","@id":"https:\/\/ironsky.pl\/sklep\/#website","url":"https:\/\/ironsky.pl\/sklep\/","name":"IRONSKY.PL Sklep z Dronami","description":"IRONSKY.PL Sklep z Dronami","potentialAction":[{"@type":"SearchAction","target":{"@type":"EntryPoint","urlTemplate":"https:\/\/ironsky.pl\/sklep\/?s={search_term_string}"},"query-input":{"@type":"PropertyValueSpecification","valueRequired":true,"valueName":"search_term_string"}}],"inLanguage":"pl-PL"}]}},"_links":{"self":[{"href":"https:\/\/ironsky.pl\/sklep\/wp-json\/wp\/v2\/product\/56781","targetHints":{"allow":["GET"]}}],"collection":[{"href":"https:\/\/ironsky.pl\/sklep\/wp-json\/wp\/v2\/product"}],"about":[{"href":"https:\/\/ironsky.pl\/sklep\/wp-json\/wp\/v2\/types\/product"}],"replies":[{"embeddable":true,"href":"https:\/\/ironsky.pl\/sklep\/wp-json\/wp\/v2\/comments?post=56781"}],"wp:featuredmedia":[{"embeddable":true,"href":"https:\/\/ironsky.pl\/sklep\/wp-json\/wp\/v2\/media\/56782"}],"wp:attachment":[{"href":"https:\/\/ironsky.pl\/sklep\/wp-json\/wp\/v2\/media?parent=56781"}],"wp:term":[{"taxonomy":"product_brand","embeddable":true,"href":"https:\/\/ironsky.pl\/sklep\/wp-json\/wp\/v2\/product_brand?post=56781"},{"taxonomy":"product_cat","embeddable":true,"href":"https:\/\/ironsky.pl\/sklep\/wp-json\/wp\/v2\/product_cat?post=56781"},{"taxonomy":"product_tag","embeddable":true,"href":"https:\/\/ironsky.pl\/sklep\/wp-json\/wp\/v2\/product_tag?post=56781"}],"curies":[{"name":"wp","href":"https:\/\/api.w.org\/{rel}","templated":true}]}}