{"id":56780,"date":"2026-04-15T10:17:52","date_gmt":"2026-04-15T08:17:52","guid":{"rendered":"https:\/\/ironsky.pl\/sklep\/produkt\/lampa-solarna-superfire-ff6-b-33w-220lm-1200mah-2\/"},"modified":"2026-04-15T10:18:33","modified_gmt":"2026-04-15T08:18:33","slug":"lampa-solarna-superfire-ff6-b-33w-220lm-1200mah-2","status":"publish","type":"product","link":"https:\/\/ironsky.pl\/sklep\/produkt\/lampa-solarna-superfire-ff6-b-33w-220lm-1200mah-2\/","title":{"rendered":"Lampa solarna SUPERFIRE FF6-B 33W 220lm 1200mAh"},"content":{"rendered":"<h3>Lampa solarna FF6-B<\/h3>\n<p>Lampa solarna Superfire FF6-B roz\u015bwietli ka\u017cdy k\u0105t. Gwarantuje stabilne o\u015bwietlenie o jasno\u015bci 220 lm oraz wykryje ruch nawet przy k\u0105cie 120\u00b0 . Oferuje 3 tryby \u015bwiecenia i automatycznie uruchamia si\u0119 w nocy. Posiada wbudowany panel solarny, kt\u00f3ry inteligentnie \u0142aduje lamp\u0119 w trakcie dnia. Jej czas pracy si\u0119ga 12 godzin, a dzi\u0119ki zastosowaniu wytrzyma\u0142ych materia\u0142\u00f3w jest przystosowana do r\u00f3\u017cnych warunk\u00f3w pogodowych.<\/p>\n<p><img decoding=\"async\" src=\"https:\/\/b2b.innpro.pl\/data\/include\/cms\/01Superfire\/FF6-B\/9.jpg\"><\/p>\n<h3>Dostosuj dzia\u0142anie do swoich potrzeb<\/h3>\n<p>Lamp\u0119 FF6-B wyposa\u017cono w precyzyjny czujnik ruchu, kt\u00f3ry automatycznie uruchamia lamp\u0119 po zmroku, kiedy wykryje ruch. Mo\u017cesz te\u017c wybiera\u0107 spo\u015br\u00f3d 3 tryb\u00f3w \u015bwiecenia. W pierwszym lampa w\u0142\u0105cza si\u0119, gdy pojawiasz si\u0119 w jej pobli\u017cu i ca\u0142kowicie wy\u0142\u0105cza po 20 sekundach od znikni\u0119cia z zasi\u0119gu czujnika. W trybie drugim lampa w\u0142\u0105cza si\u0119 pod wp\u0142ywem ruchu i przez 20 sekund delikatnie wygasza \u015bwiat\u0142o. Ostatni tryb pozwala na ustawienie ci\u0105g\u0142ego o\u015bwietlenia o s\u0142abym nat\u0119\u017ceniu.<\/p>\n<p><img decoding=\"async\" src=\"https:\/\/b2b.innpro.pl\/data\/include\/cms\/01Superfire\/FF6-B\/5.jpg\"><\/p>\n<h3>Do 12 godzin pracy<\/h3>\n<p>Postaw na zielon\u0105 energi\u0119. Lampa posiada niewielki panel solarny, kt\u00f3ry wykorzystuje energi\u0119 s\u0142oneczn\u0105 do jej zasilania. Produkt automatycznie \u0142aduje sw\u00f3j akumulator w ci\u0105gu dnia, a po zmroku zapewnia do 12 godzin \u015bwiecenia \u2013 wszystko za spraw\u0105 wytrzyma\u0142ego akumulatora o pojemno\u015bci 1200 mAh.<\/p>\n<p><img decoding=\"async\" src=\"https:\/\/b2b.innpro.pl\/data\/include\/cms\/01Superfire\/FF6-B\/1.jpg\"><\/p>\n<h3>Niezwykle trwa\u0142a i odporna<\/h3>\n<p>Do wykonania lampy zastosowano wysokiej klasy materia\u0142y, kt\u00f3re charakteryzuj\u0105 si\u0119 ponadprzeci\u0119tn\u0105 wytrzyma\u0142o\u015bci\u0105, a tak\u017ce odporno\u015bci\u0105 na zmienne warunki atmosferyczne. Nie musisz wi\u0119c obawia\u0107 si\u0119 jej uszkodzenia podczas ulewnego deszczu czy opad\u00f3w \u015bniegu. Model FF6-B zapewnia optymalne o\u015bwietlenie o jasno\u015bci 200 lm. Doskonale sprawdzi si\u0119 na tarasie, balkonie czy przed domem.<\/p>\n<p><img decoding=\"async\" src=\"https:\/\/b2b.innpro.pl\/data\/include\/cms\/01Superfire\/FF6-B\/3.jpg\"><\/p>\n<div class=\"table-wrapper\">\n<table>\n<tbody>\n<tr>\n<th>Producent<\/th>\n<td>Superfire<\/td>\n<\/tr>\n<tr>\n<th>Model<\/th>\n<td>FF6-B<\/td>\n<\/tr>\n<tr>\n<th>Moc<\/th>\n<td>33 W (0.2W x 166 pcs)<\/td>\n<\/tr>\n<tr>\n<th>Poziom jasno\u015bci<\/th>\n<td>200 lm<\/td>\n<\/tr>\n<tr>\n<th>Pojemno\u015b\u0107 akumulatora<\/th>\n<td>1200 mAh<\/td>\n<\/tr>\n<tr>\n<th>Czas pracy<\/th>\n<td>8-12 godzin<\/td>\n<\/tr>\n<tr>\n<th>K\u0105t nachylenia<\/th>\n<td>120\u00b0<\/td>\n<\/tr>\n<tr>\n<th>Zasi\u0119g<\/th>\n<td>3~5 m<\/td>\n<\/tr>\n<tr>\n<th>Materia\u0142<\/th>\n<td>ABS<\/td>\n<\/tr>\n<tr>\n<th>Wymiary<\/th>\n<td>150 x 115 x 50 mm<\/td>\n<\/tr>\n<\/tbody>\n<\/table>\n<\/div>\n","protected":false},"excerpt":{"rendered":"<p>Lampa solarna FF6-B Lampa solarna Superfire FF6-B roz\u015bwietli ka\u017cdy k\u0105t. Gwarantuje stabilne o\u015bwietlenie o jasno\u015bci 220 lm oraz wykryje ruch<\/p>\n","protected":false},"featured_media":42409,"comment_status":"closed","ping_status":"open","template":"","meta":{"_acf_changed":false},"product_brand":[],"product_cat":[5956,5946,5937],"product_tag":[],"class_list":{"0":"post-56780","1":"product","2":"type-product","3":"status-publish","4":"has-post-thumbnail","6":"product_cat-lampy-zewnetrzne","7":"product_cat-oswietlenie","8":"product_cat-outdoor","9":"pa_okres-gwarancji-5754","10":"pa_producent-superfire","12":"first","13":"outofstock","14":"taxable","15":"shipping-taxable","16":"purchasable","17":"product-type-simple"},"acf":[],"yoast_head":"<!-- This site is optimized with the Yoast SEO plugin v27.2 - https:\/\/yoast.com\/product\/yoast-seo-wordpress\/ -->\n<title>Lampa solarna SUPERFIRE FF6-B 33W 220lm 1200mAh - IRONSKY.PL Sklep z Dronami<\/title>\n<meta name=\"description\" content=\"Lampa solarna SUPERFIRE FF6-B 33W 220lm 1200mAh - \u2705 sklep z dronami i fachowym doradztwem. \u2705 Tutaj kupisz produkty DJI, Yuneec, Parrot, Syma i wiele innych, a tak\u017ce kursy i licencje na operatora drona.\" \/>\n<meta name=\"robots\" content=\"index, follow, max-snippet:-1, max-image-preview:large, max-video-preview:-1\" \/>\n<link rel=\"canonical\" href=\"https:\/\/ironsky.pl\/sklep\/produkt\/lampa-solarna-superfire-ff6-b-33w-220lm-1200mah-2\/\" \/>\n<meta property=\"og:locale\" content=\"pl_PL\" \/>\n<meta property=\"og:type\" content=\"article\" \/>\n<meta property=\"og:title\" content=\"Lampa solarna SUPERFIRE FF6-B 33W 220lm 1200mAh - IRONSKY.PL Sklep z Dronami\" \/>\n<meta property=\"og:description\" content=\"Lampa solarna SUPERFIRE FF6-B 33W 220lm 1200mAh - \u2705 sklep z dronami i fachowym doradztwem. \u2705 Tutaj kupisz produkty DJI, Yuneec, Parrot, Syma i wiele innych, a tak\u017ce kursy i licencje na operatora drona.\" \/>\n<meta property=\"og:url\" content=\"https:\/\/ironsky.pl\/sklep\/produkt\/lampa-solarna-superfire-ff6-b-33w-220lm-1200mah-2\/\" \/>\n<meta property=\"og:site_name\" content=\"IRONSKY.PL Sklep z Dronami\" \/>\n<meta property=\"article:modified_time\" content=\"2026-04-15T08:18:33+00:00\" \/>\n<meta property=\"og:image\" content=\"https:\/\/ironsky.pl\/sklep\/wp-content\/uploads\/2025\/06\/28114_1.jpg\" \/>\n\t<meta property=\"og:image:width\" content=\"800\" \/>\n\t<meta property=\"og:image:height\" content=\"800\" \/>\n\t<meta property=\"og:image:type\" content=\"image\/jpeg\" \/>\n<meta name=\"twitter:card\" content=\"summary_large_image\" \/>\n<meta name=\"twitter:label1\" content=\"Szacowany czas czytania\" \/>\n\t<meta name=\"twitter:data1\" content=\"2 minuty\" \/>\n<script type=\"application\/ld+json\" class=\"yoast-schema-graph\">{\"@context\":\"https:\/\/schema.org\",\"@graph\":[{\"@type\":\"WebPage\",\"@id\":\"https:\/\/ironsky.pl\/sklep\/produkt\/lampa-solarna-superfire-ff6-b-33w-220lm-1200mah-2\/\",\"url\":\"https:\/\/ironsky.pl\/sklep\/produkt\/lampa-solarna-superfire-ff6-b-33w-220lm-1200mah-2\/\",\"name\":\"Lampa solarna SUPERFIRE FF6-B 33W 220lm 1200mAh - IRONSKY.PL Sklep z Dronami\",\"isPartOf\":{\"@id\":\"https:\/\/ironsky.pl\/sklep\/#website\"},\"primaryImageOfPage\":{\"@id\":\"https:\/\/ironsky.pl\/sklep\/produkt\/lampa-solarna-superfire-ff6-b-33w-220lm-1200mah-2\/#primaryimage\"},\"image\":{\"@id\":\"https:\/\/ironsky.pl\/sklep\/produkt\/lampa-solarna-superfire-ff6-b-33w-220lm-1200mah-2\/#primaryimage\"},\"thumbnailUrl\":\"https:\/\/ironsky.pl\/sklep\/wp-content\/uploads\/2025\/06\/28114_1.jpg\",\"datePublished\":\"2026-04-15T08:17:52+00:00\",\"dateModified\":\"2026-04-15T08:18:33+00:00\",\"description\":\"Lampa solarna SUPERFIRE FF6-B 33W 220lm 1200mAh - \u2705 sklep z dronami i fachowym doradztwem. \u2705 Tutaj kupisz produkty DJI, Yuneec, Parrot, Syma i wiele innych, a tak\u017ce kursy i licencje na operatora drona.\",\"breadcrumb\":{\"@id\":\"https:\/\/ironsky.pl\/sklep\/produkt\/lampa-solarna-superfire-ff6-b-33w-220lm-1200mah-2\/#breadcrumb\"},\"inLanguage\":\"pl-PL\",\"potentialAction\":[{\"@type\":\"ReadAction\",\"target\":[\"https:\/\/ironsky.pl\/sklep\/produkt\/lampa-solarna-superfire-ff6-b-33w-220lm-1200mah-2\/\"]}]},{\"@type\":\"ImageObject\",\"inLanguage\":\"pl-PL\",\"@id\":\"https:\/\/ironsky.pl\/sklep\/produkt\/lampa-solarna-superfire-ff6-b-33w-220lm-1200mah-2\/#primaryimage\",\"url\":\"https:\/\/ironsky.pl\/sklep\/wp-content\/uploads\/2025\/06\/28114_1.jpg\",\"contentUrl\":\"https:\/\/ironsky.pl\/sklep\/wp-content\/uploads\/2025\/06\/28114_1.jpg\",\"width\":800,\"height\":800},{\"@type\":\"BreadcrumbList\",\"@id\":\"https:\/\/ironsky.pl\/sklep\/produkt\/lampa-solarna-superfire-ff6-b-33w-220lm-1200mah-2\/#breadcrumb\",\"itemListElement\":[{\"@type\":\"ListItem\",\"position\":1,\"name\":\"Strona g\u0142\u00f3wna\",\"item\":\"https:\/\/ironsky.pl\/sklep\/\"},{\"@type\":\"ListItem\",\"position\":2,\"name\":\"Wszystkie produkty\",\"item\":\"https:\/\/ironsky.pl\/sklep\/produkty\/\"},{\"@type\":\"ListItem\",\"position\":3,\"name\":\"Lampa solarna SUPERFIRE FF6-B 33W 220lm 1200mAh\"}]},{\"@type\":\"WebSite\",\"@id\":\"https:\/\/ironsky.pl\/sklep\/#website\",\"url\":\"https:\/\/ironsky.pl\/sklep\/\",\"name\":\"IRONSKY.PL Sklep z Dronami\",\"description\":\"IRONSKY.PL Sklep z Dronami\",\"potentialAction\":[{\"@type\":\"SearchAction\",\"target\":{\"@type\":\"EntryPoint\",\"urlTemplate\":\"https:\/\/ironsky.pl\/sklep\/?s={search_term_string}\"},\"query-input\":{\"@type\":\"PropertyValueSpecification\",\"valueRequired\":true,\"valueName\":\"search_term_string\"}}],\"inLanguage\":\"pl-PL\"}]}<\/script>\n<!-- \/ Yoast SEO plugin. -->","yoast_head_json":{"title":"Lampa solarna SUPERFIRE FF6-B 33W 220lm 1200mAh - IRONSKY.PL Sklep z Dronami","description":"Lampa solarna SUPERFIRE FF6-B 33W 220lm 1200mAh - \u2705 sklep z dronami i fachowym doradztwem. \u2705 Tutaj kupisz produkty DJI, Yuneec, Parrot, Syma i wiele innych, a tak\u017ce kursy i licencje na operatora drona.","robots":{"index":"index","follow":"follow","max-snippet":"max-snippet:-1","max-image-preview":"max-image-preview:large","max-video-preview":"max-video-preview:-1"},"canonical":"https:\/\/ironsky.pl\/sklep\/produkt\/lampa-solarna-superfire-ff6-b-33w-220lm-1200mah-2\/","og_locale":"pl_PL","og_type":"article","og_title":"Lampa solarna SUPERFIRE FF6-B 33W 220lm 1200mAh - IRONSKY.PL Sklep z Dronami","og_description":"Lampa solarna SUPERFIRE FF6-B 33W 220lm 1200mAh - \u2705 sklep z dronami i fachowym doradztwem. \u2705 Tutaj kupisz produkty DJI, Yuneec, Parrot, Syma i wiele innych, a tak\u017ce kursy i licencje na operatora drona.","og_url":"https:\/\/ironsky.pl\/sklep\/produkt\/lampa-solarna-superfire-ff6-b-33w-220lm-1200mah-2\/","og_site_name":"IRONSKY.PL Sklep z Dronami","article_modified_time":"2026-04-15T08:18:33+00:00","og_image":[{"width":800,"height":800,"url":"https:\/\/ironsky.pl\/sklep\/wp-content\/uploads\/2025\/06\/28114_1.jpg","type":"image\/jpeg"}],"twitter_card":"summary_large_image","twitter_misc":{"Szacowany czas czytania":"2 minuty"},"schema":{"@context":"https:\/\/schema.org","@graph":[{"@type":"WebPage","@id":"https:\/\/ironsky.pl\/sklep\/produkt\/lampa-solarna-superfire-ff6-b-33w-220lm-1200mah-2\/","url":"https:\/\/ironsky.pl\/sklep\/produkt\/lampa-solarna-superfire-ff6-b-33w-220lm-1200mah-2\/","name":"Lampa solarna SUPERFIRE FF6-B 33W 220lm 1200mAh - IRONSKY.PL Sklep z Dronami","isPartOf":{"@id":"https:\/\/ironsky.pl\/sklep\/#website"},"primaryImageOfPage":{"@id":"https:\/\/ironsky.pl\/sklep\/produkt\/lampa-solarna-superfire-ff6-b-33w-220lm-1200mah-2\/#primaryimage"},"image":{"@id":"https:\/\/ironsky.pl\/sklep\/produkt\/lampa-solarna-superfire-ff6-b-33w-220lm-1200mah-2\/#primaryimage"},"thumbnailUrl":"https:\/\/ironsky.pl\/sklep\/wp-content\/uploads\/2025\/06\/28114_1.jpg","datePublished":"2026-04-15T08:17:52+00:00","dateModified":"2026-04-15T08:18:33+00:00","description":"Lampa solarna SUPERFIRE FF6-B 33W 220lm 1200mAh - \u2705 sklep z dronami i fachowym doradztwem. \u2705 Tutaj kupisz produkty DJI, Yuneec, Parrot, Syma i wiele innych, a tak\u017ce kursy i licencje na operatora drona.","breadcrumb":{"@id":"https:\/\/ironsky.pl\/sklep\/produkt\/lampa-solarna-superfire-ff6-b-33w-220lm-1200mah-2\/#breadcrumb"},"inLanguage":"pl-PL","potentialAction":[{"@type":"ReadAction","target":["https:\/\/ironsky.pl\/sklep\/produkt\/lampa-solarna-superfire-ff6-b-33w-220lm-1200mah-2\/"]}]},{"@type":"ImageObject","inLanguage":"pl-PL","@id":"https:\/\/ironsky.pl\/sklep\/produkt\/lampa-solarna-superfire-ff6-b-33w-220lm-1200mah-2\/#primaryimage","url":"https:\/\/ironsky.pl\/sklep\/wp-content\/uploads\/2025\/06\/28114_1.jpg","contentUrl":"https:\/\/ironsky.pl\/sklep\/wp-content\/uploads\/2025\/06\/28114_1.jpg","width":800,"height":800},{"@type":"BreadcrumbList","@id":"https:\/\/ironsky.pl\/sklep\/produkt\/lampa-solarna-superfire-ff6-b-33w-220lm-1200mah-2\/#breadcrumb","itemListElement":[{"@type":"ListItem","position":1,"name":"Strona g\u0142\u00f3wna","item":"https:\/\/ironsky.pl\/sklep\/"},{"@type":"ListItem","position":2,"name":"Wszystkie produkty","item":"https:\/\/ironsky.pl\/sklep\/produkty\/"},{"@type":"ListItem","position":3,"name":"Lampa solarna SUPERFIRE FF6-B 33W 220lm 1200mAh"}]},{"@type":"WebSite","@id":"https:\/\/ironsky.pl\/sklep\/#website","url":"https:\/\/ironsky.pl\/sklep\/","name":"IRONSKY.PL Sklep z Dronami","description":"IRONSKY.PL Sklep z Dronami","potentialAction":[{"@type":"SearchAction","target":{"@type":"EntryPoint","urlTemplate":"https:\/\/ironsky.pl\/sklep\/?s={search_term_string}"},"query-input":{"@type":"PropertyValueSpecification","valueRequired":true,"valueName":"search_term_string"}}],"inLanguage":"pl-PL"}]}},"_links":{"self":[{"href":"https:\/\/ironsky.pl\/sklep\/wp-json\/wp\/v2\/product\/56780","targetHints":{"allow":["GET"]}}],"collection":[{"href":"https:\/\/ironsky.pl\/sklep\/wp-json\/wp\/v2\/product"}],"about":[{"href":"https:\/\/ironsky.pl\/sklep\/wp-json\/wp\/v2\/types\/product"}],"replies":[{"embeddable":true,"href":"https:\/\/ironsky.pl\/sklep\/wp-json\/wp\/v2\/comments?post=56780"}],"wp:featuredmedia":[{"embeddable":true,"href":"https:\/\/ironsky.pl\/sklep\/wp-json\/wp\/v2\/media\/42409"}],"wp:attachment":[{"href":"https:\/\/ironsky.pl\/sklep\/wp-json\/wp\/v2\/media?parent=56780"}],"wp:term":[{"taxonomy":"product_brand","embeddable":true,"href":"https:\/\/ironsky.pl\/sklep\/wp-json\/wp\/v2\/product_brand?post=56780"},{"taxonomy":"product_cat","embeddable":true,"href":"https:\/\/ironsky.pl\/sklep\/wp-json\/wp\/v2\/product_cat?post=56780"},{"taxonomy":"product_tag","embeddable":true,"href":"https:\/\/ironsky.pl\/sklep\/wp-json\/wp\/v2\/product_tag?post=56780"}],"curies":[{"name":"wp","href":"https:\/\/api.w.org\/{rel}","templated":true}]}}