{"id":56771,"date":"2026-04-15T10:17:52","date_gmt":"2026-04-15T08:17:52","guid":{"rendered":"https:\/\/ironsky.pl\/sklep\/produkt\/zestaw-filtrow-telesin-cpl-nd8-nd16-nd32-osmo-action-3-5\/"},"modified":"2026-04-15T10:18:29","modified_gmt":"2026-04-15T08:18:29","slug":"zestaw-filtrow-telesin-cpl-nd8-nd16-nd32-osmo-action-3-5","status":"publish","type":"product","link":"https:\/\/ironsky.pl\/sklep\/produkt\/zestaw-filtrow-telesin-cpl-nd8-nd16-nd32-osmo-action-3-5\/","title":{"rendered":"Zestaw filtr\u00f3w TELESIN CPL\/ND8\/ND16\/ND32 Osmo Action 3-5"},"content":{"rendered":"<h3>Zestaw 4 filtr\u00f3w TELESIN CPL\/ND8\/ND16\/ND32 do DJI Osmo Action 3 \/ 4 \/ 5 <\/h3>\n<p>Tw\u00f3rz jeszcze wspanialsze uj\u0119cia za pomoc\u0105 swojej kamery DJI Osmo Action 3 \/ 4 \/ 5. W opakowaniu znajdziesz 4 filtry \u2013 CPL, ND8, ND16, ND32, kt\u00f3re pozwol\u0105 Ci uzyska\u0107 zachwycaj\u0105ce rezultaty. Akcesoria s\u0105 bardzo proste w monta\u017cu, a do ich wykonania zastosowano wysokiej jako\u015bci szk\u0142o Schott AG oraz lekki stop aluminium.<\/p>\n<p>\n<img decoding=\"async\" src=\"https:\/\/assets.innpro.pl\/8879\/19286\/2.jpg\" border=\"0\" alt=\"\" \/>\n<\/p>\n<h3>Najwy\u017csza jako\u015b\u0107 wykonania<\/h3>\n<p>Ramki filtr\u00f3w powsta\u0142y z wysokiej klasy stopu aluminium, co pozwoli\u0142o znacznie zmniejszy\u0107 ich wag\u0119 i wyd\u0142u\u017cy\u0107 ich \u017cywotno\u015b\u0107. Do wykonania akcesori\u00f3w wykorzystano tak\u017ce szk\u0142o optyczne Schott AG, kt\u00f3re wyr\u00f3\u017cnia si\u0119 optymalnym wsp\u00f3\u0142czynnikiem za\u0142amania \u015bwiat\u0142a i zapewnia wierne odwzorowanie kolor\u00f3w. Jego powierzchni\u0119 pokryto dodatkowo specjaln\u0105 warstw\u0105 ochronn\u0105.<\/p>\n<p>\n<img decoding=\"async\" src=\"https:\/\/assets.innpro.pl\/8879\/19286\/6.jpg\" border=\"0\" alt=\"\" \/>\n<\/p>\n<h3>Bezproblemowy monta\u017c<\/h3>\n<p>Monta\u017c filtr\u00f3w nie sprawi Ci \u017cadnego problemu \u2013 wystarczy zaledwie chwila! Dzi\u0119ki temu mo\u017cesz szybko wymieni\u0107 akcesoria, je\u015bli zajdzie taka potrzeba. Ju\u017c nie stracisz okazji do stworzenia unikalnego uj\u0119cia! Co wi\u0119cej, ka\u017cdy z filtr\u00f3w zosta\u0142 wyposa\u017cony w silikonow\u0105 os\u0142on\u0119, kt\u00f3ra chroni obiektyw kamery przed zarysowaniem.<\/p>\n<p>\n<img decoding=\"async\" src=\"https:\/\/assets.innpro.pl\/8879\/19286\/4.jpg\" border=\"0\" alt=\"\" \/>\n<\/p>\n<h3>Fantastyczna jako\u015b\u0107 obrazu<\/h3>\n<p>Wchodz\u0105cy w sk\u0142ad zestawu filtr CPL eliminuje \u015bwiat\u0142o spolaryzowane, dzi\u0119ki czemu woda na zdj\u0119ciach staje si\u0119 bardziej przezroczysta, a niebo bardziej niebieskie. To doskona\u0142e rozwi\u0105zanie, je\u015bli zamierzasz fotografowa\u0107 krajobrazy! Natomiast filtry ND (8\/16\/32) redukuj\u0105 ekspozycj\u0119 i zwi\u0119kszaj\u0105 szybko\u015b\u0107 migawki, co idealnie sprawdza si\u0119 na przyk\u0142ad podczas filmowania pustych ulic, chmur czy wodospad\u00f3w.<\/p>\n<p>\n<img decoding=\"async\" src=\"https:\/\/assets.innpro.pl\/8879\/19286\/5.jpg\" border=\"0\" alt=\"\" \/>\n<\/p>\n<h3>W zestawie<\/h3>\n<ul class=\"list-disc pl-5\">\n<li>Filtr CPL<\/li>\n<li>Filtr ND8<\/li>\n<li>Filtr ND16<\/li>\n<li>Filtr ND32<\/li>\n<li>Pude\u0142ko<\/li>\n<\/ul>\n<div class=\"table-wrapper\">\n<p>\u00a0<\/p>\n<h3><\/h3>\n<table>\n<tbody>\n<tr>\n<th>Producent<\/th>\n<td>Telesin<\/td>\n<\/tr>\n<tr>\n<th>Model<\/th>\n<td>OA-FLT-005<\/td>\n<\/tr>\n<tr>\n<th>Rodzaj filtr\u00f3w<\/th>\n<td>CPL, ND8, ND16, ND32<\/td>\n<\/tr>\n<tr>\n<th>Materia\u0142<\/th>\n<td>Stop aluminium + szk\u0142o optyczne Schott AG + silikon<\/td>\n<\/tr>\n<tr>\n<th>Wymiary<\/th>\n<td>39,6 x 6,65 mm<\/td>\n<\/tr>\n<tr>\n<th>Waga<\/th>\n<td>6,78 g<\/td>\n<\/tr>\n<tr>\n<th>Kompatybilno\u015b\u0107<\/th>\n<td>DJI Osmo Action 3 \/ 4 \/ 5<\/td>\n<\/tr>\n<\/tbody>\n<\/table>\n<\/div>\n","protected":false},"excerpt":{"rendered":"<p>Zestaw 4 filtr\u00f3w TELESIN CPL\/ND8\/ND16\/ND32 do DJI Osmo Action 3 \/ 4 \/ 5 Tw\u00f3rz jeszcze wspanialsze uj\u0119cia za pomoc\u0105<\/p>\n","protected":false},"featured_media":56772,"comment_status":"closed","ping_status":"open","template":"","meta":{"_acf_changed":false},"product_brand":[],"product_cat":[1130,1137,1128],"product_tag":[],"class_list":{"0":"post-56771","1":"product","2":"type-product","3":"status-publish","4":"has-post-thumbnail","6":"product_cat-akcesoria-foto","7":"product_cat-do-kamer-sportowych","8":"product_cat-foto-wideo","9":"pa_okres-gwarancji-5754","10":"pa_producent-telesin","12":"first","13":"outofstock","14":"taxable","15":"shipping-taxable","16":"purchasable","17":"product-type-simple"},"acf":[],"yoast_head":"<!-- This site is optimized with the Yoast SEO plugin v27.2 - https:\/\/yoast.com\/product\/yoast-seo-wordpress\/ -->\n<title>Zestaw filtr\u00f3w TELESIN CPL\/ND8\/ND16\/ND32 Osmo Action 3-5 - IRONSKY.PL Sklep z Dronami<\/title>\n<meta name=\"description\" content=\"Zestaw filtr\u00f3w TELESIN CPL\/ND8\/ND16\/ND32 Osmo Action 3-5 - \u2705 sklep z dronami i fachowym doradztwem. \u2705 Tutaj kupisz produkty DJI, Yuneec, Parrot, Syma i wiele innych, a tak\u017ce kursy i licencje na operatora drona.\" \/>\n<meta name=\"robots\" content=\"index, follow, max-snippet:-1, max-image-preview:large, max-video-preview:-1\" \/>\n<link rel=\"canonical\" href=\"https:\/\/ironsky.pl\/sklep\/produkt\/zestaw-filtrow-telesin-cpl-nd8-nd16-nd32-osmo-action-3-5\/\" \/>\n<meta property=\"og:locale\" content=\"pl_PL\" \/>\n<meta property=\"og:type\" content=\"article\" \/>\n<meta property=\"og:title\" content=\"Zestaw filtr\u00f3w TELESIN CPL\/ND8\/ND16\/ND32 Osmo Action 3-5 - IRONSKY.PL Sklep z Dronami\" \/>\n<meta property=\"og:description\" content=\"Zestaw filtr\u00f3w TELESIN CPL\/ND8\/ND16\/ND32 Osmo Action 3-5 - \u2705 sklep z dronami i fachowym doradztwem. \u2705 Tutaj kupisz produkty DJI, Yuneec, Parrot, Syma i wiele innych, a tak\u017ce kursy i licencje na operatora drona.\" \/>\n<meta property=\"og:url\" content=\"https:\/\/ironsky.pl\/sklep\/produkt\/zestaw-filtrow-telesin-cpl-nd8-nd16-nd32-osmo-action-3-5\/\" \/>\n<meta property=\"og:site_name\" content=\"IRONSKY.PL Sklep z Dronami\" \/>\n<meta property=\"article:modified_time\" content=\"2026-04-15T08:18:29+00:00\" \/>\n<meta property=\"og:image\" content=\"https:\/\/ironsky.pl\/sklep\/wp-content\/uploads\/2026\/04\/28113_8.jpg\" \/>\n\t<meta property=\"og:image:width\" content=\"800\" \/>\n\t<meta property=\"og:image:height\" content=\"799\" \/>\n\t<meta property=\"og:image:type\" content=\"image\/jpeg\" \/>\n<meta name=\"twitter:card\" content=\"summary_large_image\" \/>\n<meta name=\"twitter:label1\" content=\"Szacowany czas czytania\" \/>\n\t<meta name=\"twitter:data1\" content=\"1 minuta\" \/>\n<script type=\"application\/ld+json\" class=\"yoast-schema-graph\">{\"@context\":\"https:\/\/schema.org\",\"@graph\":[{\"@type\":\"WebPage\",\"@id\":\"https:\/\/ironsky.pl\/sklep\/produkt\/zestaw-filtrow-telesin-cpl-nd8-nd16-nd32-osmo-action-3-5\/\",\"url\":\"https:\/\/ironsky.pl\/sklep\/produkt\/zestaw-filtrow-telesin-cpl-nd8-nd16-nd32-osmo-action-3-5\/\",\"name\":\"Zestaw filtr\u00f3w TELESIN CPL\/ND8\/ND16\/ND32 Osmo Action 3-5 - IRONSKY.PL Sklep z Dronami\",\"isPartOf\":{\"@id\":\"https:\/\/ironsky.pl\/sklep\/#website\"},\"primaryImageOfPage\":{\"@id\":\"https:\/\/ironsky.pl\/sklep\/produkt\/zestaw-filtrow-telesin-cpl-nd8-nd16-nd32-osmo-action-3-5\/#primaryimage\"},\"image\":{\"@id\":\"https:\/\/ironsky.pl\/sklep\/produkt\/zestaw-filtrow-telesin-cpl-nd8-nd16-nd32-osmo-action-3-5\/#primaryimage\"},\"thumbnailUrl\":\"https:\/\/ironsky.pl\/sklep\/wp-content\/uploads\/2026\/04\/28113_8.jpg\",\"datePublished\":\"2026-04-15T08:17:52+00:00\",\"dateModified\":\"2026-04-15T08:18:29+00:00\",\"description\":\"Zestaw filtr\u00f3w TELESIN CPL\/ND8\/ND16\/ND32 Osmo Action 3-5 - \u2705 sklep z dronami i fachowym doradztwem. \u2705 Tutaj kupisz produkty DJI, Yuneec, Parrot, Syma i wiele innych, a tak\u017ce kursy i licencje na operatora drona.\",\"breadcrumb\":{\"@id\":\"https:\/\/ironsky.pl\/sklep\/produkt\/zestaw-filtrow-telesin-cpl-nd8-nd16-nd32-osmo-action-3-5\/#breadcrumb\"},\"inLanguage\":\"pl-PL\",\"potentialAction\":[{\"@type\":\"ReadAction\",\"target\":[\"https:\/\/ironsky.pl\/sklep\/produkt\/zestaw-filtrow-telesin-cpl-nd8-nd16-nd32-osmo-action-3-5\/\"]}]},{\"@type\":\"ImageObject\",\"inLanguage\":\"pl-PL\",\"@id\":\"https:\/\/ironsky.pl\/sklep\/produkt\/zestaw-filtrow-telesin-cpl-nd8-nd16-nd32-osmo-action-3-5\/#primaryimage\",\"url\":\"https:\/\/ironsky.pl\/sklep\/wp-content\/uploads\/2026\/04\/28113_8.jpg\",\"contentUrl\":\"https:\/\/ironsky.pl\/sklep\/wp-content\/uploads\/2026\/04\/28113_8.jpg\",\"width\":800,\"height\":799},{\"@type\":\"BreadcrumbList\",\"@id\":\"https:\/\/ironsky.pl\/sklep\/produkt\/zestaw-filtrow-telesin-cpl-nd8-nd16-nd32-osmo-action-3-5\/#breadcrumb\",\"itemListElement\":[{\"@type\":\"ListItem\",\"position\":1,\"name\":\"Strona g\u0142\u00f3wna\",\"item\":\"https:\/\/ironsky.pl\/sklep\/\"},{\"@type\":\"ListItem\",\"position\":2,\"name\":\"Wszystkie produkty\",\"item\":\"https:\/\/ironsky.pl\/sklep\/produkty\/\"},{\"@type\":\"ListItem\",\"position\":3,\"name\":\"Zestaw filtr\u00f3w TELESIN CPL\/ND8\/ND16\/ND32 Osmo Action 3-5\"}]},{\"@type\":\"WebSite\",\"@id\":\"https:\/\/ironsky.pl\/sklep\/#website\",\"url\":\"https:\/\/ironsky.pl\/sklep\/\",\"name\":\"IRONSKY.PL Sklep z Dronami\",\"description\":\"IRONSKY.PL Sklep z Dronami\",\"potentialAction\":[{\"@type\":\"SearchAction\",\"target\":{\"@type\":\"EntryPoint\",\"urlTemplate\":\"https:\/\/ironsky.pl\/sklep\/?s={search_term_string}\"},\"query-input\":{\"@type\":\"PropertyValueSpecification\",\"valueRequired\":true,\"valueName\":\"search_term_string\"}}],\"inLanguage\":\"pl-PL\"}]}<\/script>\n<!-- \/ Yoast SEO plugin. -->","yoast_head_json":{"title":"Zestaw filtr\u00f3w TELESIN CPL\/ND8\/ND16\/ND32 Osmo Action 3-5 - IRONSKY.PL Sklep z Dronami","description":"Zestaw filtr\u00f3w TELESIN CPL\/ND8\/ND16\/ND32 Osmo Action 3-5 - \u2705 sklep z dronami i fachowym doradztwem. \u2705 Tutaj kupisz produkty DJI, Yuneec, Parrot, Syma i wiele innych, a tak\u017ce kursy i licencje na operatora drona.","robots":{"index":"index","follow":"follow","max-snippet":"max-snippet:-1","max-image-preview":"max-image-preview:large","max-video-preview":"max-video-preview:-1"},"canonical":"https:\/\/ironsky.pl\/sklep\/produkt\/zestaw-filtrow-telesin-cpl-nd8-nd16-nd32-osmo-action-3-5\/","og_locale":"pl_PL","og_type":"article","og_title":"Zestaw filtr\u00f3w TELESIN CPL\/ND8\/ND16\/ND32 Osmo Action 3-5 - IRONSKY.PL Sklep z Dronami","og_description":"Zestaw filtr\u00f3w TELESIN CPL\/ND8\/ND16\/ND32 Osmo Action 3-5 - \u2705 sklep z dronami i fachowym doradztwem. \u2705 Tutaj kupisz produkty DJI, Yuneec, Parrot, Syma i wiele innych, a tak\u017ce kursy i licencje na operatora drona.","og_url":"https:\/\/ironsky.pl\/sklep\/produkt\/zestaw-filtrow-telesin-cpl-nd8-nd16-nd32-osmo-action-3-5\/","og_site_name":"IRONSKY.PL Sklep z Dronami","article_modified_time":"2026-04-15T08:18:29+00:00","og_image":[{"width":800,"height":799,"url":"https:\/\/ironsky.pl\/sklep\/wp-content\/uploads\/2026\/04\/28113_8.jpg","type":"image\/jpeg"}],"twitter_card":"summary_large_image","twitter_misc":{"Szacowany czas czytania":"1 minuta"},"schema":{"@context":"https:\/\/schema.org","@graph":[{"@type":"WebPage","@id":"https:\/\/ironsky.pl\/sklep\/produkt\/zestaw-filtrow-telesin-cpl-nd8-nd16-nd32-osmo-action-3-5\/","url":"https:\/\/ironsky.pl\/sklep\/produkt\/zestaw-filtrow-telesin-cpl-nd8-nd16-nd32-osmo-action-3-5\/","name":"Zestaw filtr\u00f3w TELESIN CPL\/ND8\/ND16\/ND32 Osmo Action 3-5 - IRONSKY.PL Sklep z Dronami","isPartOf":{"@id":"https:\/\/ironsky.pl\/sklep\/#website"},"primaryImageOfPage":{"@id":"https:\/\/ironsky.pl\/sklep\/produkt\/zestaw-filtrow-telesin-cpl-nd8-nd16-nd32-osmo-action-3-5\/#primaryimage"},"image":{"@id":"https:\/\/ironsky.pl\/sklep\/produkt\/zestaw-filtrow-telesin-cpl-nd8-nd16-nd32-osmo-action-3-5\/#primaryimage"},"thumbnailUrl":"https:\/\/ironsky.pl\/sklep\/wp-content\/uploads\/2026\/04\/28113_8.jpg","datePublished":"2026-04-15T08:17:52+00:00","dateModified":"2026-04-15T08:18:29+00:00","description":"Zestaw filtr\u00f3w TELESIN CPL\/ND8\/ND16\/ND32 Osmo Action 3-5 - \u2705 sklep z dronami i fachowym doradztwem. \u2705 Tutaj kupisz produkty DJI, Yuneec, Parrot, Syma i wiele innych, a tak\u017ce kursy i licencje na operatora drona.","breadcrumb":{"@id":"https:\/\/ironsky.pl\/sklep\/produkt\/zestaw-filtrow-telesin-cpl-nd8-nd16-nd32-osmo-action-3-5\/#breadcrumb"},"inLanguage":"pl-PL","potentialAction":[{"@type":"ReadAction","target":["https:\/\/ironsky.pl\/sklep\/produkt\/zestaw-filtrow-telesin-cpl-nd8-nd16-nd32-osmo-action-3-5\/"]}]},{"@type":"ImageObject","inLanguage":"pl-PL","@id":"https:\/\/ironsky.pl\/sklep\/produkt\/zestaw-filtrow-telesin-cpl-nd8-nd16-nd32-osmo-action-3-5\/#primaryimage","url":"https:\/\/ironsky.pl\/sklep\/wp-content\/uploads\/2026\/04\/28113_8.jpg","contentUrl":"https:\/\/ironsky.pl\/sklep\/wp-content\/uploads\/2026\/04\/28113_8.jpg","width":800,"height":799},{"@type":"BreadcrumbList","@id":"https:\/\/ironsky.pl\/sklep\/produkt\/zestaw-filtrow-telesin-cpl-nd8-nd16-nd32-osmo-action-3-5\/#breadcrumb","itemListElement":[{"@type":"ListItem","position":1,"name":"Strona g\u0142\u00f3wna","item":"https:\/\/ironsky.pl\/sklep\/"},{"@type":"ListItem","position":2,"name":"Wszystkie produkty","item":"https:\/\/ironsky.pl\/sklep\/produkty\/"},{"@type":"ListItem","position":3,"name":"Zestaw filtr\u00f3w TELESIN CPL\/ND8\/ND16\/ND32 Osmo Action 3-5"}]},{"@type":"WebSite","@id":"https:\/\/ironsky.pl\/sklep\/#website","url":"https:\/\/ironsky.pl\/sklep\/","name":"IRONSKY.PL Sklep z Dronami","description":"IRONSKY.PL Sklep z Dronami","potentialAction":[{"@type":"SearchAction","target":{"@type":"EntryPoint","urlTemplate":"https:\/\/ironsky.pl\/sklep\/?s={search_term_string}"},"query-input":{"@type":"PropertyValueSpecification","valueRequired":true,"valueName":"search_term_string"}}],"inLanguage":"pl-PL"}]}},"_links":{"self":[{"href":"https:\/\/ironsky.pl\/sklep\/wp-json\/wp\/v2\/product\/56771","targetHints":{"allow":["GET"]}}],"collection":[{"href":"https:\/\/ironsky.pl\/sklep\/wp-json\/wp\/v2\/product"}],"about":[{"href":"https:\/\/ironsky.pl\/sklep\/wp-json\/wp\/v2\/types\/product"}],"replies":[{"embeddable":true,"href":"https:\/\/ironsky.pl\/sklep\/wp-json\/wp\/v2\/comments?post=56771"}],"wp:featuredmedia":[{"embeddable":true,"href":"https:\/\/ironsky.pl\/sklep\/wp-json\/wp\/v2\/media\/56772"}],"wp:attachment":[{"href":"https:\/\/ironsky.pl\/sklep\/wp-json\/wp\/v2\/media?parent=56771"}],"wp:term":[{"taxonomy":"product_brand","embeddable":true,"href":"https:\/\/ironsky.pl\/sklep\/wp-json\/wp\/v2\/product_brand?post=56771"},{"taxonomy":"product_cat","embeddable":true,"href":"https:\/\/ironsky.pl\/sklep\/wp-json\/wp\/v2\/product_cat?post=56771"},{"taxonomy":"product_tag","embeddable":true,"href":"https:\/\/ironsky.pl\/sklep\/wp-json\/wp\/v2\/product_tag?post=56771"}],"curies":[{"name":"wp","href":"https:\/\/api.w.org\/{rel}","templated":true}]}}