{"id":56769,"date":"2026-04-15T10:17:52","date_gmt":"2026-04-15T08:17:52","guid":{"rendered":"https:\/\/ironsky.pl\/sklep\/produkt\/latarka-czolowa-superfire-hl60-2300lm-usb-c-2\/"},"modified":"2026-04-15T10:50:47","modified_gmt":"2026-04-15T08:50:47","slug":"latarka-czolowa-superfire-hl60-2300lm-usb-c-2","status":"publish","type":"product","link":"https:\/\/ironsky.pl\/sklep\/produkt\/latarka-czolowa-superfire-hl60-2300lm-usb-c-2\/","title":{"rendered":"Latarka czo\u0142owa SUPERFIRE HL60 2300lm USB-C"},"content":{"rendered":"<h3>Latarka czo\u0142owa Superfire HL60 \u2013 2300 lm, 4 tryby, 330 m, 36W LED<\/h3>\n<p>Latarka czo\u0142owa Superfire HL60 ma du\u017cy reflektor o \u015brednicy a\u017c 76 mm, kt\u00f3ry zapewnia o\u015bwietlenie o jasno\u015bci do 2300 lm i zasi\u0119gu do 330 m. Akumulator gwarantuje do nawet 9 godzin pracy, a w razie potrzeby z \u0142atwo\u015bci\u0105 na\u0142adujesz go za pomoc\u0105 kabla USB-C (Universal Serial Bus typu C, uniwersalne z\u0142\u0105cze do przesy\u0142ania danych i zasilania) (w zestawie). Do Twojej dyspozycji s\u0105 4 tryby \u015bwiecenia oraz mo\u017cliwo\u015b\u0107 regulacji k\u0105ta nachylenia. Latarka jest wyj\u0105tkowo wygodna, a stopie\u0144 ochrony IP44 (Ingress Protection 44, stopie\u0144 ochrony przed cia\u0142ami sta\u0142ymi i wod\u0105) sprawia, \u017ce mo\u017cesz z niej korzysta\u0107 w niemal ka\u017cdych warunkach.<\/p>\n<p>\n<img decoding=\"async\" src=\"https:\/\/assets.innpro.pl\/14028\/17517\/8.jpg\" border=\"0\" alt=\"latarka czo\u0142owa z pomara\u0144czowo-czarn\u0105 opask\u0105 na g\u0142ow\u0119\" \/>\n<\/p>\n<h3>Wybieraj z 4 tryb\u00f3w \u015bwiecenia<\/h3>\n<p>Dopasuj o\u015bwietlenie do niemal ka\u017cdej sytuacji. Model HL60 pozwala wybiera\u0107 spo\u015br\u00f3d 4 dost\u0119pnych tryb\u00f3w \u2013 mocne \u015bwiat\u0142o, \u015brednie \u015bwiat\u0142o, lekkie \u015bwiat\u0142o oraz stroboskopowe. Mo\u017cesz te\u017c z \u0142atwo\u015bci\u0105 dostosowa\u0107 k\u0105t \u015bwiecenia w zakresie 0-90\u00b0.<\/p>\n<p>\n<img decoding=\"async\" src=\"https:\/\/assets.innpro.pl\/14028\/17517\/2.jpg\" border=\"0\" alt=\"reflektor czarnej latarki generuj\u0105cy jasne bia\u0142e \u015bwiat\u0142o\" \/>\n<\/p>\n<h3>Optymalne o\u015bwietlenie w r\u00f3\u017cnych warunkach<\/h3>\n<p>Reflektor o \u015brednicy a\u017c 76 mm i diody o mocy do 36 W gwarantuj\u0105 doskona\u0142e \u015bwiat\u0142o o jasno\u015bci 2300 lm, dzi\u0119ki czemu bez problemu o\u015bwietlisz nawet du\u017cy obszar. Co wi\u0119cej, urz\u0105dzenie mo\u017ce \u015bwieci\u0107 na odleg\u0142o\u015b\u0107 nawet 330 metr\u00f3w. To wszystko sprawia, \u017ce latarka HL60 \u015bwietnie sprawdzi si\u0119 w r\u00f3\u017cnych scenariuszach u\u017cytkowania. Z powodzeniem wykorzystasz j\u0105 podczas w\u0119dkowania czy zwiedzenia jaski\u0144, a tak\u017ce o\u015bwietli Ci drog\u0119 podczas nocnej w\u0119dr\u00f3wki. Twoje mo\u017cliwo\u015bci s\u0105 niemal nieograniczone.<\/p>\n<p>\n<img decoding=\"async\" src=\"https:\/\/assets.innpro.pl\/14028\/17517\/5.jpg\" border=\"0\" alt=\"osoba w g\u00f3rach noc\u0105 z latark\u0105 emituj\u0105c\u0105 strumie\u0144 jasnego \u015bwiat\u0142a\" \/>\n<\/p>\n<h3>Do 9 godzin pracy<\/h3>\n<p>Teraz mo\u017cesz korzysta\u0107 z latarki tak d\u0142ugo, jak chcesz. Urz\u0105dzenie zapewnia do nawet 9 godzin pracy. Obawiasz si\u0119, \u017ce akumulator roz\u0142aduje si\u0119 w nieoczekiwanym momencie? Niepotrzebnie! Latarka ma specjalny wska\u017anik \u015bwietlny, kt\u00f3ry na bie\u017c\u0105co informuje o stanie na\u0142adowania \u2013 mo\u017cesz wi\u0119c mie\u0107 pewno\u015b\u0107, \u017ce nic Ci\u0119 nie zaskoczy! Bez problemu na\u0142adujesz j\u0105 za pomoc\u0105 do\u0142\u0105czonego do zestawu kabla USB-C. Co wi\u0119cej, akumulator jest wymienny \u2013 je\u015bli zajdzie taka potrzeba, bez problemu wymienisz go na nowy.<\/p>\n<p>\n<img decoding=\"async\" src=\"https:\/\/assets.innpro.pl\/14028\/17517\/4.jpg\" border=\"0\" alt=\"dwa akumulatory do latarki na ciemnym tle\" \/>\n<\/p>\n<h3>Stworzona z my\u015bl\u0105 o u\u017cytkownikach<\/h3>\n<p>Latarka Superfire HL60 wykonana zosta\u0142a z wysokiej klasy materia\u0142\u00f3w, kt\u00f3re charakteryzuj\u0105 si\u0119 wyj\u0105tkow\u0105 wytrzyma\u0142o\u015bci\u0105.  Dzi\u0119ki elastycznej opasce z \u0142atwo\u015bci\u0105 dopasujesz j\u0105 do swojej g\u0142owy i zapewnisz sobie wygod\u0119. Urz\u0105dzenie jest te\u017c wodoodporne na poziomie IP44, wi\u0119c niestraszne mu krople deszczu czy przypadkowe zachlapanie.<\/p>\n<p>\n<img decoding=\"async\" src=\"https:\/\/assets.innpro.pl\/14028\/17517\/3.jpg\" border=\"0\" alt=\"las i rzeka o\u015bwietlane \u015bwiat\u0142em latarki czo\u0142owej turysty z \u017c\u00f3\u0142tym plecakiem\" \/>\n<\/p>\n<h3>W zestawie<\/h3>\n<ul class=\"list-disc pl-5\">\n<li>latarka czo\u0142owa HL60<\/li>\n<li>kabel \u0142adowania USB-C<\/li>\n<li>instrukcja obs\u0142ugi<\/li>\n<\/ul>\n<div class=\"table-wrapper\">\n<p>\u00a0<\/p>\n<h3><\/h3>\n<table>\n<tbody>\n<tr>\n<th>Producent <\/th>\n<td>Superfire<\/td>\n<\/tr>\n<tr>\n<th>Model <\/th>\n<td>HL60<\/td>\n<\/tr>\n<tr>\n<th>Moc maksymalna <\/th>\n<td>36 W<\/td>\n<\/tr>\n<tr>\n<th>Zasilanie <\/th>\n<td>DC 3.7V<\/td>\n<\/tr>\n<tr>\n<th>Jasno\u015b\u0107 <\/th>\n<td>Do 2300 lm<\/td>\n<\/tr>\n<tr>\n<th>Zasi\u0119g <\/th>\n<td>Do 330 m<\/td>\n<\/tr>\n<tr>\n<th>Materia\u0142 <\/th>\n<td>ABS + stop aluminium<\/td>\n<\/tr>\n<tr>\n<th>Czas pracy <\/th>\n<td>do 9 godzin<\/td>\n<\/tr>\n<tr>\n<th>Czas \u0142adowania <\/th>\n<td>oko\u0142o 6.5 godziny<\/td>\n<\/tr>\n<tr>\n<th>Interfejs \u0142adowania <\/th>\n<td>Typ C<\/td>\n<\/tr>\n<tr>\n<th>Pojemno\u015b\u0107 akumulatora <\/th>\n<td>4000mAh x2 (21700)<\/td>\n<\/tr>\n<tr>\n<th>Wodoodporno\u015b\u0107 <\/th>\n<td>IP44<\/td>\n<\/tr>\n<tr>\n<th>Wymiary <\/th>\n<td>76 x 43 x 102 mm<\/td>\n<\/tr>\n<tr>\n<th>Waga <\/th>\n<td>240 g<\/td>\n<\/tr>\n<tr>\n<th>Tryby \u015bwiecenia <\/th>\n<td>Mocne \u015bwiat\u0142o, \u015brednie \u015bwiat\u0142o, lekkie \u015bwiat\u0142o, stroboskopowe<\/td>\n<\/tr>\n<\/tbody>\n<\/table>\n<\/div>\n","protected":false},"excerpt":{"rendered":"<p>Latarka czo\u0142owa Superfire HL60 \u2013 2300 lm, 4 tryby, 330 m, 36W LED Latarka czo\u0142owa Superfire HL60 ma du\u017cy reflektor<\/p>\n","protected":false},"featured_media":42387,"comment_status":"closed","ping_status":"open","template":"","meta":{"_acf_changed":false},"product_brand":[],"product_cat":[5938,5940,5937],"product_tag":[],"class_list":{"0":"post-56769","1":"product","2":"type-product","3":"status-publish","4":"has-post-thumbnail","6":"product_cat-latarki","7":"product_cat-czolowe","8":"product_cat-outdoor","9":"pa_okres-gwarancji-5754","10":"pa_producent-superfire","12":"first","13":"outofstock","14":"taxable","15":"shipping-taxable","16":"purchasable","17":"product-type-simple"},"acf":[],"yoast_head":"<!-- This site is optimized with the Yoast SEO plugin v27.2 - https:\/\/yoast.com\/product\/yoast-seo-wordpress\/ -->\n<title>Latarka czo\u0142owa SUPERFIRE HL60 2300lm USB-C - IRONSKY.PL Sklep z Dronami<\/title>\n<meta name=\"description\" content=\"Latarka czo\u0142owa SUPERFIRE HL60 2300lm USB-C - \u2705 sklep z dronami i fachowym doradztwem. \u2705 Tutaj kupisz produkty DJI, Yuneec, Parrot, Syma i wiele innych, a tak\u017ce kursy i licencje na operatora drona.\" \/>\n<meta name=\"robots\" content=\"index, follow, max-snippet:-1, max-image-preview:large, max-video-preview:-1\" \/>\n<link rel=\"canonical\" href=\"https:\/\/ironsky.pl\/sklep\/produkt\/latarka-czolowa-superfire-hl60-2300lm-usb-c-2\/\" \/>\n<meta property=\"og:locale\" content=\"pl_PL\" \/>\n<meta property=\"og:type\" content=\"article\" \/>\n<meta property=\"og:title\" content=\"Latarka czo\u0142owa SUPERFIRE HL60 2300lm USB-C - IRONSKY.PL Sklep z Dronami\" \/>\n<meta property=\"og:description\" content=\"Latarka czo\u0142owa SUPERFIRE HL60 2300lm USB-C - \u2705 sklep z dronami i fachowym doradztwem. \u2705 Tutaj kupisz produkty DJI, Yuneec, Parrot, Syma i wiele innych, a tak\u017ce kursy i licencje na operatora drona.\" \/>\n<meta property=\"og:url\" content=\"https:\/\/ironsky.pl\/sklep\/produkt\/latarka-czolowa-superfire-hl60-2300lm-usb-c-2\/\" \/>\n<meta property=\"og:site_name\" content=\"IRONSKY.PL Sklep z Dronami\" \/>\n<meta property=\"article:modified_time\" content=\"2026-04-15T08:50:47+00:00\" \/>\n<meta property=\"og:image\" content=\"https:\/\/ironsky.pl\/sklep\/wp-content\/uploads\/2025\/06\/28034_1.jpg\" \/>\n\t<meta property=\"og:image:width\" content=\"800\" \/>\n\t<meta property=\"og:image:height\" content=\"800\" \/>\n\t<meta property=\"og:image:type\" content=\"image\/jpeg\" \/>\n<meta name=\"twitter:card\" content=\"summary_large_image\" \/>\n<meta name=\"twitter:label1\" content=\"Szacowany czas czytania\" \/>\n\t<meta name=\"twitter:data1\" content=\"2 minuty\" \/>\n<script type=\"application\/ld+json\" class=\"yoast-schema-graph\">{\"@context\":\"https:\/\/schema.org\",\"@graph\":[{\"@type\":\"WebPage\",\"@id\":\"https:\/\/ironsky.pl\/sklep\/produkt\/latarka-czolowa-superfire-hl60-2300lm-usb-c-2\/\",\"url\":\"https:\/\/ironsky.pl\/sklep\/produkt\/latarka-czolowa-superfire-hl60-2300lm-usb-c-2\/\",\"name\":\"Latarka czo\u0142owa SUPERFIRE HL60 2300lm USB-C - IRONSKY.PL Sklep z Dronami\",\"isPartOf\":{\"@id\":\"https:\/\/ironsky.pl\/sklep\/#website\"},\"primaryImageOfPage\":{\"@id\":\"https:\/\/ironsky.pl\/sklep\/produkt\/latarka-czolowa-superfire-hl60-2300lm-usb-c-2\/#primaryimage\"},\"image\":{\"@id\":\"https:\/\/ironsky.pl\/sklep\/produkt\/latarka-czolowa-superfire-hl60-2300lm-usb-c-2\/#primaryimage\"},\"thumbnailUrl\":\"https:\/\/ironsky.pl\/sklep\/wp-content\/uploads\/2025\/06\/28034_1.jpg\",\"datePublished\":\"2026-04-15T08:17:52+00:00\",\"dateModified\":\"2026-04-15T08:50:47+00:00\",\"description\":\"Latarka czo\u0142owa SUPERFIRE HL60 2300lm USB-C - \u2705 sklep z dronami i fachowym doradztwem. \u2705 Tutaj kupisz produkty DJI, Yuneec, Parrot, Syma i wiele innych, a tak\u017ce kursy i licencje na operatora drona.\",\"breadcrumb\":{\"@id\":\"https:\/\/ironsky.pl\/sklep\/produkt\/latarka-czolowa-superfire-hl60-2300lm-usb-c-2\/#breadcrumb\"},\"inLanguage\":\"pl-PL\",\"potentialAction\":[{\"@type\":\"ReadAction\",\"target\":[\"https:\/\/ironsky.pl\/sklep\/produkt\/latarka-czolowa-superfire-hl60-2300lm-usb-c-2\/\"]}]},{\"@type\":\"ImageObject\",\"inLanguage\":\"pl-PL\",\"@id\":\"https:\/\/ironsky.pl\/sklep\/produkt\/latarka-czolowa-superfire-hl60-2300lm-usb-c-2\/#primaryimage\",\"url\":\"https:\/\/ironsky.pl\/sklep\/wp-content\/uploads\/2025\/06\/28034_1.jpg\",\"contentUrl\":\"https:\/\/ironsky.pl\/sklep\/wp-content\/uploads\/2025\/06\/28034_1.jpg\",\"width\":800,\"height\":800},{\"@type\":\"BreadcrumbList\",\"@id\":\"https:\/\/ironsky.pl\/sklep\/produkt\/latarka-czolowa-superfire-hl60-2300lm-usb-c-2\/#breadcrumb\",\"itemListElement\":[{\"@type\":\"ListItem\",\"position\":1,\"name\":\"Strona g\u0142\u00f3wna\",\"item\":\"https:\/\/ironsky.pl\/sklep\/\"},{\"@type\":\"ListItem\",\"position\":2,\"name\":\"Wszystkie produkty\",\"item\":\"https:\/\/ironsky.pl\/sklep\/produkty\/\"},{\"@type\":\"ListItem\",\"position\":3,\"name\":\"Latarka czo\u0142owa SUPERFIRE HL60 2300lm USB-C\"}]},{\"@type\":\"WebSite\",\"@id\":\"https:\/\/ironsky.pl\/sklep\/#website\",\"url\":\"https:\/\/ironsky.pl\/sklep\/\",\"name\":\"IRONSKY.PL Sklep z Dronami\",\"description\":\"IRONSKY.PL Sklep z Dronami\",\"potentialAction\":[{\"@type\":\"SearchAction\",\"target\":{\"@type\":\"EntryPoint\",\"urlTemplate\":\"https:\/\/ironsky.pl\/sklep\/?s={search_term_string}\"},\"query-input\":{\"@type\":\"PropertyValueSpecification\",\"valueRequired\":true,\"valueName\":\"search_term_string\"}}],\"inLanguage\":\"pl-PL\"}]}<\/script>\n<!-- \/ Yoast SEO plugin. -->","yoast_head_json":{"title":"Latarka czo\u0142owa SUPERFIRE HL60 2300lm USB-C - IRONSKY.PL Sklep z Dronami","description":"Latarka czo\u0142owa SUPERFIRE HL60 2300lm USB-C - \u2705 sklep z dronami i fachowym doradztwem. \u2705 Tutaj kupisz produkty DJI, Yuneec, Parrot, Syma i wiele innych, a tak\u017ce kursy i licencje na operatora drona.","robots":{"index":"index","follow":"follow","max-snippet":"max-snippet:-1","max-image-preview":"max-image-preview:large","max-video-preview":"max-video-preview:-1"},"canonical":"https:\/\/ironsky.pl\/sklep\/produkt\/latarka-czolowa-superfire-hl60-2300lm-usb-c-2\/","og_locale":"pl_PL","og_type":"article","og_title":"Latarka czo\u0142owa SUPERFIRE HL60 2300lm USB-C - IRONSKY.PL Sklep z Dronami","og_description":"Latarka czo\u0142owa SUPERFIRE HL60 2300lm USB-C - \u2705 sklep z dronami i fachowym doradztwem. \u2705 Tutaj kupisz produkty DJI, Yuneec, Parrot, Syma i wiele innych, a tak\u017ce kursy i licencje na operatora drona.","og_url":"https:\/\/ironsky.pl\/sklep\/produkt\/latarka-czolowa-superfire-hl60-2300lm-usb-c-2\/","og_site_name":"IRONSKY.PL Sklep z Dronami","article_modified_time":"2026-04-15T08:50:47+00:00","og_image":[{"width":800,"height":800,"url":"https:\/\/ironsky.pl\/sklep\/wp-content\/uploads\/2025\/06\/28034_1.jpg","type":"image\/jpeg"}],"twitter_card":"summary_large_image","twitter_misc":{"Szacowany czas czytania":"2 minuty"},"schema":{"@context":"https:\/\/schema.org","@graph":[{"@type":"WebPage","@id":"https:\/\/ironsky.pl\/sklep\/produkt\/latarka-czolowa-superfire-hl60-2300lm-usb-c-2\/","url":"https:\/\/ironsky.pl\/sklep\/produkt\/latarka-czolowa-superfire-hl60-2300lm-usb-c-2\/","name":"Latarka czo\u0142owa SUPERFIRE HL60 2300lm USB-C - IRONSKY.PL Sklep z Dronami","isPartOf":{"@id":"https:\/\/ironsky.pl\/sklep\/#website"},"primaryImageOfPage":{"@id":"https:\/\/ironsky.pl\/sklep\/produkt\/latarka-czolowa-superfire-hl60-2300lm-usb-c-2\/#primaryimage"},"image":{"@id":"https:\/\/ironsky.pl\/sklep\/produkt\/latarka-czolowa-superfire-hl60-2300lm-usb-c-2\/#primaryimage"},"thumbnailUrl":"https:\/\/ironsky.pl\/sklep\/wp-content\/uploads\/2025\/06\/28034_1.jpg","datePublished":"2026-04-15T08:17:52+00:00","dateModified":"2026-04-15T08:50:47+00:00","description":"Latarka czo\u0142owa SUPERFIRE HL60 2300lm USB-C - \u2705 sklep z dronami i fachowym doradztwem. \u2705 Tutaj kupisz produkty DJI, Yuneec, Parrot, Syma i wiele innych, a tak\u017ce kursy i licencje na operatora drona.","breadcrumb":{"@id":"https:\/\/ironsky.pl\/sklep\/produkt\/latarka-czolowa-superfire-hl60-2300lm-usb-c-2\/#breadcrumb"},"inLanguage":"pl-PL","potentialAction":[{"@type":"ReadAction","target":["https:\/\/ironsky.pl\/sklep\/produkt\/latarka-czolowa-superfire-hl60-2300lm-usb-c-2\/"]}]},{"@type":"ImageObject","inLanguage":"pl-PL","@id":"https:\/\/ironsky.pl\/sklep\/produkt\/latarka-czolowa-superfire-hl60-2300lm-usb-c-2\/#primaryimage","url":"https:\/\/ironsky.pl\/sklep\/wp-content\/uploads\/2025\/06\/28034_1.jpg","contentUrl":"https:\/\/ironsky.pl\/sklep\/wp-content\/uploads\/2025\/06\/28034_1.jpg","width":800,"height":800},{"@type":"BreadcrumbList","@id":"https:\/\/ironsky.pl\/sklep\/produkt\/latarka-czolowa-superfire-hl60-2300lm-usb-c-2\/#breadcrumb","itemListElement":[{"@type":"ListItem","position":1,"name":"Strona g\u0142\u00f3wna","item":"https:\/\/ironsky.pl\/sklep\/"},{"@type":"ListItem","position":2,"name":"Wszystkie produkty","item":"https:\/\/ironsky.pl\/sklep\/produkty\/"},{"@type":"ListItem","position":3,"name":"Latarka czo\u0142owa SUPERFIRE HL60 2300lm USB-C"}]},{"@type":"WebSite","@id":"https:\/\/ironsky.pl\/sklep\/#website","url":"https:\/\/ironsky.pl\/sklep\/","name":"IRONSKY.PL Sklep z Dronami","description":"IRONSKY.PL Sklep z Dronami","potentialAction":[{"@type":"SearchAction","target":{"@type":"EntryPoint","urlTemplate":"https:\/\/ironsky.pl\/sklep\/?s={search_term_string}"},"query-input":{"@type":"PropertyValueSpecification","valueRequired":true,"valueName":"search_term_string"}}],"inLanguage":"pl-PL"}]}},"_links":{"self":[{"href":"https:\/\/ironsky.pl\/sklep\/wp-json\/wp\/v2\/product\/56769","targetHints":{"allow":["GET"]}}],"collection":[{"href":"https:\/\/ironsky.pl\/sklep\/wp-json\/wp\/v2\/product"}],"about":[{"href":"https:\/\/ironsky.pl\/sklep\/wp-json\/wp\/v2\/types\/product"}],"replies":[{"embeddable":true,"href":"https:\/\/ironsky.pl\/sklep\/wp-json\/wp\/v2\/comments?post=56769"}],"wp:featuredmedia":[{"embeddable":true,"href":"https:\/\/ironsky.pl\/sklep\/wp-json\/wp\/v2\/media\/42387"}],"wp:attachment":[{"href":"https:\/\/ironsky.pl\/sklep\/wp-json\/wp\/v2\/media?parent=56769"}],"wp:term":[{"taxonomy":"product_brand","embeddable":true,"href":"https:\/\/ironsky.pl\/sklep\/wp-json\/wp\/v2\/product_brand?post=56769"},{"taxonomy":"product_cat","embeddable":true,"href":"https:\/\/ironsky.pl\/sklep\/wp-json\/wp\/v2\/product_cat?post=56769"},{"taxonomy":"product_tag","embeddable":true,"href":"https:\/\/ironsky.pl\/sklep\/wp-json\/wp\/v2\/product_tag?post=56769"}],"curies":[{"name":"wp","href":"https:\/\/api.w.org\/{rel}","templated":true}]}}