{"id":56767,"date":"2026-04-15T10:17:52","date_gmt":"2026-04-15T08:17:52","guid":{"rendered":"https:\/\/ironsky.pl\/sklep\/produkt\/latarka-czolowa-superfire-hl25-700lm-usb-c-2\/"},"modified":"2026-04-15T10:18:24","modified_gmt":"2026-04-15T08:18:24","slug":"latarka-czolowa-superfire-hl25-700lm-usb-c-2","status":"publish","type":"product","link":"https:\/\/ironsky.pl\/sklep\/produkt\/latarka-czolowa-superfire-hl25-700lm-usb-c-2\/","title":{"rendered":"Latarka czo\u0142owa SUPERFIRE HL25 700lm USB-C"},"content":{"rendered":"<h3>Latarka czo\u0142owa Superfire HL25<\/h3>\n<p>Latarka czo\u0142owa Superfire HL25 wyr\u00f3\u017cnia si\u0119 poziomem jasno\u015bci 700 lm, a jej maksymalny zasi\u0119g \u015bwiecenia to 210 metr\u00f3w. Oferuje 8 tryb\u00f3w \u015bwiecenia oraz umo\u017cliwia regulacj\u0119 k\u0105ta nachylenia. Wyposa\u017cono j\u0105 te\u017c w funkcj\u0119 inteligentnego wykrywania, a jej czas pracy si\u0119ga 6.5 godziny. Na uwag\u0119 zas\u0142uguje r\u00f3wnie\u017c wodoodporna (IP43) konstrukcja i odporno\u015b\u0107 na upadki do 1 m.<\/p>\n<p><img decoding=\"async\" src=\"https:\/\/b2b.innpro.pl\/data\/include\/cms\/01Superfire\/HL25\/8.jpg\"><\/p>\n<h3>Niezawodne \u017ar\u00f3d\u0142o \u015bwiat\u0142a<\/h3>\n<p>Zapewnij sobie bezpiecze\u0144stwo po zmroku. Latarka gwarantuje stabilne o\u015bwietlenie o jasno\u015bci 700 lm. Jej maksymalna odleg\u0142o\u015b\u0107 \u015bwiecenia wynosi 210 m, mo\u017cesz wi\u0119c mie\u0107 pewno\u015b\u0107, \u017ce latarka bez problemu o\u015bwietli Twoj\u0105 drog\u0119. HL25 doskonale sprawdzi si\u0119 zatem w wielu sytuacjach. O\u015bwietli Ci tras\u0119 podczas nocnej wspinaczki lub w\u0119dr\u00f3wki, a tak\u017ce wykorzystasz j\u0105 podczas naprawiania samochodu, przeja\u017cd\u017cki rowerowej czy kempingu.<\/p>\n<p><img decoding=\"async\" src=\"https:\/\/b2b.innpro.pl\/data\/include\/cms\/01Superfire\/HL25\/7.jpg\"><\/p>\n<h3>A\u017c 8 tryb\u00f3w \u015bwiecenia do wyboru<\/h3>\n<p>Latarka czo\u0142owa Superfire \u015bwietnie sprawdzi si\u0119 w niemal ka\u017cdej sytuacji. Urz\u0105dzenie umo\u017cliwia regulacj\u0119 strumienia \u015bwiat\u0142a. Do Twojej dyspozycji jest te\u017c 8 tryb\u00f3w \u015bwiecenia, dzi\u0119ki temu bez problemu dopasujesz jej dzia\u0142anie do swoich potrzeb. Mo\u017cesz wybiera\u0107 spo\u015br\u00f3d trybu lekkiego \u015bwiat\u0142a, \u015bredniego \u015bwiat\u0142a, mocnego \u015bwiat\u0142a, stroboskopowego, bocznego \u015bwiat\u0142a, bocznego i g\u0142\u00f3wnego \u015bwiat\u0142a, czerwonego \u015bwiat\u0142a lub czerwonego stroboskopowego. Co wi\u0119cej, posiada specjalny czujnik, kt\u00f3ry pozwala na bezdotykowe w\u0142\u0105czenie i wy\u0142\u0105czenie latarki \u2013 wystarczy, \u017ce pomachasz r\u0119k\u0105 w jej zasi\u0119gu!<\/p>\n<p><img decoding=\"async\" src=\"https:\/\/b2b.innpro.pl\/data\/include\/cms\/01Superfire\/HL25\/2.jpg\"><\/p>\n<h3>Do 6.5 godzin pracy<\/h3>\n<p>Akumulator o pojemno\u015bci 1200 mAh zapewnia do 6.5 godziny pracy. Mo\u017cesz go wygodnie na\u0142adowa\u0107 za pomoc\u0105 do\u0142\u0105czonego do zestawu kabla USB-C. Ponadto kolorowy wska\u017anik \u015bwietlny poinformuje Ci\u0119 o statusie \u0142adowania \u2013 czerwony oznacza \u0142adowanie, natomiast niebieski oznacza, \u017ce latarka jest gotowa do pracy.<\/p>\n<p><img decoding=\"async\" src=\"https:\/\/b2b.innpro.pl\/data\/include\/cms\/01Superfire\/HL25\/4.jpg\"><\/p>\n<h3>Sprawdzi si\u0119 w ka\u017cdych warunkach atmosferycznych<\/h3>\n<p>Model L16-T stworzony zosta\u0142 z my\u015bl\u0105 o r\u00f3\u017cnych sytuacjach u\u017cytkowania. Produkt wyr\u00f3\u017cnia si\u0119 wodoodporno\u015bci\u0105 na poziomie IP43. Mo\u017cesz wi\u0119c bez przeszk\u00f3d korzysta\u0107 z niego podczas deszczu czy zamieci \u015bnie\u017cnej. Do jego wykonania zastosowano wysokiej klasy materia\u0142y, dzi\u0119ki czemu jest wyj\u0105tkowo wytrzyma\u0142y \u2013 niestraszne mu nawet upadki z wysoko\u015bci 1 m.<\/p>\n<p><img decoding=\"async\" src=\"https:\/\/b2b.innpro.pl\/data\/include\/cms\/01Superfire\/HL25\/6.jpg\"><\/p>\n<h3>W zestawie<\/h3>\n<ul>\n<li>latarka czo\u0142owa HL25<\/li>\n<li>opaska na g\u0142ow\u0119<\/li>\n<li>kabel \u0142adowania USB-C\/USB-A<\/li>\n<li>instrukcja obs\u0142ugi<\/li>\n<\/ul>\n<div class=\"table-wrapper\">\n<table>\n<tbody>\n<tr>\n<th>Producent<\/th>\n<td>Superfire<\/td>\n<\/tr>\n<tr>\n<th>Model<\/th>\n<td>HL25<\/td>\n<\/tr>\n<tr>\n<th>Wymiary<\/th>\n<td>75 x 45 x 81 mm<\/td>\n<\/tr>\n<tr>\n<th>Zasi\u0119g<\/th>\n<td>do 210 m<\/td>\n<\/tr>\n<tr>\n<th>Materia\u0142<\/th>\n<td>Stop aluminium + ABS<\/td>\n<\/tr>\n<tr>\n<th>Waga<\/th>\n<td>170 g<\/td>\n<\/tr>\n<tr>\n<th>Moc<\/th>\n<td>15W (max)<\/td>\n<\/tr>\n<tr>\n<th>Wodoodporno\u015b\u0107<\/th>\n<td>IP43<\/td>\n<\/tr>\n<tr>\n<th>Interfejs \u0142adowania<\/th>\n<td>Typ C<\/td>\n<\/tr>\n<tr>\n<th>Poziom jasno\u015bci<\/th>\n<td>700 lm<\/td>\n<\/tr>\n<tr>\n<th>Pojemno\u015b\u0107 akumulatora<\/th>\n<td>1200 mAh x2 (18650)<\/td>\n<\/tr>\n<tr>\n<th>Czas pracy<\/th>\n<td>do 6.5 godzin<\/td>\n<\/tr>\n<tr>\n<th>Tryby \u015bwiecenia<\/th>\n<td><span>Lekkie \u015bwiat\u0142o<\/span><span>, \u015brednie \u015bwiat\u0142o,<span>\u00a0<\/span><\/span><span>mocne \u015bwiat\u0142o<\/span><span>,<span>\u00a0<\/span><\/span><span>stroboskopowe<\/span><span>,<span>\u00a0<\/span><\/span><span>boczne \u015bwiat\u0142o<\/span><span>, boczne i g\u0142\u00f3wne \u015bwiat\u0142o<\/span><span>, czerwone \u015bwiat\u0142o, czerwone stroboskopowe<\/span><\/td>\n<\/tr>\n<\/tbody>\n<\/table>\n<\/div>\n","protected":false},"excerpt":{"rendered":"<p>Latarka czo\u0142owa Superfire HL25 Latarka czo\u0142owa Superfire HL25 wyr\u00f3\u017cnia si\u0119 poziomem jasno\u015bci 700 lm, a jej maksymalny zasi\u0119g \u015bwiecenia to<\/p>\n","protected":false},"featured_media":42381,"comment_status":"closed","ping_status":"open","template":"","meta":{"_acf_changed":false},"product_brand":[],"product_cat":[5938,5940,5937],"product_tag":[],"class_list":{"0":"post-56767","1":"product","2":"type-product","3":"status-publish","4":"has-post-thumbnail","6":"product_cat-latarki","7":"product_cat-czolowe","8":"product_cat-outdoor","9":"pa_okres-gwarancji-5754","10":"pa_producent-superfire","12":"first","13":"outofstock","14":"taxable","15":"shipping-taxable","16":"purchasable","17":"product-type-simple"},"acf":[],"yoast_head":"<!-- This site is optimized with the Yoast SEO plugin v27.2 - https:\/\/yoast.com\/product\/yoast-seo-wordpress\/ -->\n<title>Latarka czo\u0142owa SUPERFIRE HL25 700lm USB-C - IRONSKY.PL Sklep z Dronami<\/title>\n<meta name=\"description\" content=\"Latarka czo\u0142owa SUPERFIRE HL25 700lm USB-C - \u2705 sklep z dronami i fachowym doradztwem. \u2705 Tutaj kupisz produkty DJI, Yuneec, Parrot, Syma i wiele innych, a tak\u017ce kursy i licencje na operatora drona.\" \/>\n<meta name=\"robots\" content=\"index, follow, max-snippet:-1, max-image-preview:large, max-video-preview:-1\" \/>\n<link rel=\"canonical\" href=\"https:\/\/ironsky.pl\/sklep\/produkt\/latarka-czolowa-superfire-hl25-700lm-usb-c-2\/\" \/>\n<meta property=\"og:locale\" content=\"pl_PL\" \/>\n<meta property=\"og:type\" content=\"article\" \/>\n<meta property=\"og:title\" content=\"Latarka czo\u0142owa SUPERFIRE HL25 700lm USB-C - IRONSKY.PL Sklep z Dronami\" \/>\n<meta property=\"og:description\" content=\"Latarka czo\u0142owa SUPERFIRE HL25 700lm USB-C - \u2705 sklep z dronami i fachowym doradztwem. \u2705 Tutaj kupisz produkty DJI, Yuneec, Parrot, Syma i wiele innych, a tak\u017ce kursy i licencje na operatora drona.\" \/>\n<meta property=\"og:url\" content=\"https:\/\/ironsky.pl\/sklep\/produkt\/latarka-czolowa-superfire-hl25-700lm-usb-c-2\/\" \/>\n<meta property=\"og:site_name\" content=\"IRONSKY.PL Sklep z Dronami\" \/>\n<meta property=\"article:modified_time\" content=\"2026-04-15T08:18:24+00:00\" \/>\n<meta property=\"og:image\" content=\"https:\/\/ironsky.pl\/sklep\/wp-content\/uploads\/2025\/06\/28032_1.jpg\" \/>\n\t<meta property=\"og:image:width\" content=\"800\" \/>\n\t<meta property=\"og:image:height\" content=\"800\" \/>\n\t<meta property=\"og:image:type\" content=\"image\/jpeg\" \/>\n<meta name=\"twitter:card\" content=\"summary_large_image\" \/>\n<meta name=\"twitter:label1\" content=\"Szacowany czas czytania\" \/>\n\t<meta name=\"twitter:data1\" content=\"2 minuty\" \/>\n<script type=\"application\/ld+json\" class=\"yoast-schema-graph\">{\"@context\":\"https:\/\/schema.org\",\"@graph\":[{\"@type\":\"WebPage\",\"@id\":\"https:\/\/ironsky.pl\/sklep\/produkt\/latarka-czolowa-superfire-hl25-700lm-usb-c-2\/\",\"url\":\"https:\/\/ironsky.pl\/sklep\/produkt\/latarka-czolowa-superfire-hl25-700lm-usb-c-2\/\",\"name\":\"Latarka czo\u0142owa SUPERFIRE HL25 700lm USB-C - IRONSKY.PL Sklep z Dronami\",\"isPartOf\":{\"@id\":\"https:\/\/ironsky.pl\/sklep\/#website\"},\"primaryImageOfPage\":{\"@id\":\"https:\/\/ironsky.pl\/sklep\/produkt\/latarka-czolowa-superfire-hl25-700lm-usb-c-2\/#primaryimage\"},\"image\":{\"@id\":\"https:\/\/ironsky.pl\/sklep\/produkt\/latarka-czolowa-superfire-hl25-700lm-usb-c-2\/#primaryimage\"},\"thumbnailUrl\":\"https:\/\/ironsky.pl\/sklep\/wp-content\/uploads\/2025\/06\/28032_1.jpg\",\"datePublished\":\"2026-04-15T08:17:52+00:00\",\"dateModified\":\"2026-04-15T08:18:24+00:00\",\"description\":\"Latarka czo\u0142owa SUPERFIRE HL25 700lm USB-C - \u2705 sklep z dronami i fachowym doradztwem. \u2705 Tutaj kupisz produkty DJI, Yuneec, Parrot, Syma i wiele innych, a tak\u017ce kursy i licencje na operatora drona.\",\"breadcrumb\":{\"@id\":\"https:\/\/ironsky.pl\/sklep\/produkt\/latarka-czolowa-superfire-hl25-700lm-usb-c-2\/#breadcrumb\"},\"inLanguage\":\"pl-PL\",\"potentialAction\":[{\"@type\":\"ReadAction\",\"target\":[\"https:\/\/ironsky.pl\/sklep\/produkt\/latarka-czolowa-superfire-hl25-700lm-usb-c-2\/\"]}]},{\"@type\":\"ImageObject\",\"inLanguage\":\"pl-PL\",\"@id\":\"https:\/\/ironsky.pl\/sklep\/produkt\/latarka-czolowa-superfire-hl25-700lm-usb-c-2\/#primaryimage\",\"url\":\"https:\/\/ironsky.pl\/sklep\/wp-content\/uploads\/2025\/06\/28032_1.jpg\",\"contentUrl\":\"https:\/\/ironsky.pl\/sklep\/wp-content\/uploads\/2025\/06\/28032_1.jpg\",\"width\":800,\"height\":800},{\"@type\":\"BreadcrumbList\",\"@id\":\"https:\/\/ironsky.pl\/sklep\/produkt\/latarka-czolowa-superfire-hl25-700lm-usb-c-2\/#breadcrumb\",\"itemListElement\":[{\"@type\":\"ListItem\",\"position\":1,\"name\":\"Strona g\u0142\u00f3wna\",\"item\":\"https:\/\/ironsky.pl\/sklep\/\"},{\"@type\":\"ListItem\",\"position\":2,\"name\":\"Wszystkie produkty\",\"item\":\"https:\/\/ironsky.pl\/sklep\/produkty\/\"},{\"@type\":\"ListItem\",\"position\":3,\"name\":\"Latarka czo\u0142owa SUPERFIRE HL25 700lm USB-C\"}]},{\"@type\":\"WebSite\",\"@id\":\"https:\/\/ironsky.pl\/sklep\/#website\",\"url\":\"https:\/\/ironsky.pl\/sklep\/\",\"name\":\"IRONSKY.PL Sklep z Dronami\",\"description\":\"IRONSKY.PL Sklep z Dronami\",\"potentialAction\":[{\"@type\":\"SearchAction\",\"target\":{\"@type\":\"EntryPoint\",\"urlTemplate\":\"https:\/\/ironsky.pl\/sklep\/?s={search_term_string}\"},\"query-input\":{\"@type\":\"PropertyValueSpecification\",\"valueRequired\":true,\"valueName\":\"search_term_string\"}}],\"inLanguage\":\"pl-PL\"}]}<\/script>\n<!-- \/ Yoast SEO plugin. -->","yoast_head_json":{"title":"Latarka czo\u0142owa SUPERFIRE HL25 700lm USB-C - IRONSKY.PL Sklep z Dronami","description":"Latarka czo\u0142owa SUPERFIRE HL25 700lm USB-C - \u2705 sklep z dronami i fachowym doradztwem. \u2705 Tutaj kupisz produkty DJI, Yuneec, Parrot, Syma i wiele innych, a tak\u017ce kursy i licencje na operatora drona.","robots":{"index":"index","follow":"follow","max-snippet":"max-snippet:-1","max-image-preview":"max-image-preview:large","max-video-preview":"max-video-preview:-1"},"canonical":"https:\/\/ironsky.pl\/sklep\/produkt\/latarka-czolowa-superfire-hl25-700lm-usb-c-2\/","og_locale":"pl_PL","og_type":"article","og_title":"Latarka czo\u0142owa SUPERFIRE HL25 700lm USB-C - IRONSKY.PL Sklep z Dronami","og_description":"Latarka czo\u0142owa SUPERFIRE HL25 700lm USB-C - \u2705 sklep z dronami i fachowym doradztwem. \u2705 Tutaj kupisz produkty DJI, Yuneec, Parrot, Syma i wiele innych, a tak\u017ce kursy i licencje na operatora drona.","og_url":"https:\/\/ironsky.pl\/sklep\/produkt\/latarka-czolowa-superfire-hl25-700lm-usb-c-2\/","og_site_name":"IRONSKY.PL Sklep z Dronami","article_modified_time":"2026-04-15T08:18:24+00:00","og_image":[{"width":800,"height":800,"url":"https:\/\/ironsky.pl\/sklep\/wp-content\/uploads\/2025\/06\/28032_1.jpg","type":"image\/jpeg"}],"twitter_card":"summary_large_image","twitter_misc":{"Szacowany czas czytania":"2 minuty"},"schema":{"@context":"https:\/\/schema.org","@graph":[{"@type":"WebPage","@id":"https:\/\/ironsky.pl\/sklep\/produkt\/latarka-czolowa-superfire-hl25-700lm-usb-c-2\/","url":"https:\/\/ironsky.pl\/sklep\/produkt\/latarka-czolowa-superfire-hl25-700lm-usb-c-2\/","name":"Latarka czo\u0142owa SUPERFIRE HL25 700lm USB-C - IRONSKY.PL Sklep z Dronami","isPartOf":{"@id":"https:\/\/ironsky.pl\/sklep\/#website"},"primaryImageOfPage":{"@id":"https:\/\/ironsky.pl\/sklep\/produkt\/latarka-czolowa-superfire-hl25-700lm-usb-c-2\/#primaryimage"},"image":{"@id":"https:\/\/ironsky.pl\/sklep\/produkt\/latarka-czolowa-superfire-hl25-700lm-usb-c-2\/#primaryimage"},"thumbnailUrl":"https:\/\/ironsky.pl\/sklep\/wp-content\/uploads\/2025\/06\/28032_1.jpg","datePublished":"2026-04-15T08:17:52+00:00","dateModified":"2026-04-15T08:18:24+00:00","description":"Latarka czo\u0142owa SUPERFIRE HL25 700lm USB-C - \u2705 sklep z dronami i fachowym doradztwem. \u2705 Tutaj kupisz produkty DJI, Yuneec, Parrot, Syma i wiele innych, a tak\u017ce kursy i licencje na operatora drona.","breadcrumb":{"@id":"https:\/\/ironsky.pl\/sklep\/produkt\/latarka-czolowa-superfire-hl25-700lm-usb-c-2\/#breadcrumb"},"inLanguage":"pl-PL","potentialAction":[{"@type":"ReadAction","target":["https:\/\/ironsky.pl\/sklep\/produkt\/latarka-czolowa-superfire-hl25-700lm-usb-c-2\/"]}]},{"@type":"ImageObject","inLanguage":"pl-PL","@id":"https:\/\/ironsky.pl\/sklep\/produkt\/latarka-czolowa-superfire-hl25-700lm-usb-c-2\/#primaryimage","url":"https:\/\/ironsky.pl\/sklep\/wp-content\/uploads\/2025\/06\/28032_1.jpg","contentUrl":"https:\/\/ironsky.pl\/sklep\/wp-content\/uploads\/2025\/06\/28032_1.jpg","width":800,"height":800},{"@type":"BreadcrumbList","@id":"https:\/\/ironsky.pl\/sklep\/produkt\/latarka-czolowa-superfire-hl25-700lm-usb-c-2\/#breadcrumb","itemListElement":[{"@type":"ListItem","position":1,"name":"Strona g\u0142\u00f3wna","item":"https:\/\/ironsky.pl\/sklep\/"},{"@type":"ListItem","position":2,"name":"Wszystkie produkty","item":"https:\/\/ironsky.pl\/sklep\/produkty\/"},{"@type":"ListItem","position":3,"name":"Latarka czo\u0142owa SUPERFIRE HL25 700lm USB-C"}]},{"@type":"WebSite","@id":"https:\/\/ironsky.pl\/sklep\/#website","url":"https:\/\/ironsky.pl\/sklep\/","name":"IRONSKY.PL Sklep z Dronami","description":"IRONSKY.PL Sklep z Dronami","potentialAction":[{"@type":"SearchAction","target":{"@type":"EntryPoint","urlTemplate":"https:\/\/ironsky.pl\/sklep\/?s={search_term_string}"},"query-input":{"@type":"PropertyValueSpecification","valueRequired":true,"valueName":"search_term_string"}}],"inLanguage":"pl-PL"}]}},"_links":{"self":[{"href":"https:\/\/ironsky.pl\/sklep\/wp-json\/wp\/v2\/product\/56767","targetHints":{"allow":["GET"]}}],"collection":[{"href":"https:\/\/ironsky.pl\/sklep\/wp-json\/wp\/v2\/product"}],"about":[{"href":"https:\/\/ironsky.pl\/sklep\/wp-json\/wp\/v2\/types\/product"}],"replies":[{"embeddable":true,"href":"https:\/\/ironsky.pl\/sklep\/wp-json\/wp\/v2\/comments?post=56767"}],"wp:featuredmedia":[{"embeddable":true,"href":"https:\/\/ironsky.pl\/sklep\/wp-json\/wp\/v2\/media\/42381"}],"wp:attachment":[{"href":"https:\/\/ironsky.pl\/sklep\/wp-json\/wp\/v2\/media?parent=56767"}],"wp:term":[{"taxonomy":"product_brand","embeddable":true,"href":"https:\/\/ironsky.pl\/sklep\/wp-json\/wp\/v2\/product_brand?post=56767"},{"taxonomy":"product_cat","embeddable":true,"href":"https:\/\/ironsky.pl\/sklep\/wp-json\/wp\/v2\/product_cat?post=56767"},{"taxonomy":"product_tag","embeddable":true,"href":"https:\/\/ironsky.pl\/sklep\/wp-json\/wp\/v2\/product_tag?post=56767"}],"curies":[{"name":"wp","href":"https:\/\/api.w.org\/{rel}","templated":true}]}}