{"id":56766,"date":"2026-04-15T10:17:52","date_gmt":"2026-04-15T08:17:52","guid":{"rendered":"https:\/\/ironsky.pl\/sklep\/produkt\/latarka-czolowa-superfire-hl71-500lm-usb-2\/"},"modified":"2026-04-15T10:18:23","modified_gmt":"2026-04-15T08:18:23","slug":"latarka-czolowa-superfire-hl71-500lm-usb-2","status":"publish","type":"product","link":"https:\/\/ironsky.pl\/sklep\/produkt\/latarka-czolowa-superfire-hl71-500lm-usb-2\/","title":{"rendered":"Latarka czo\u0142owa SUPERFIRE HL71 500lm USB"},"content":{"rendered":"<h3>Latarka czo\u0142owa Superfire HL71, 500 lm, USB, 5 tryb\u00f3w <\/h3>\n<p>Zadbaj o swoje bezpiecze\u0144stwo i komfort po zmroku. Latarka czo\u0142owa Superfire HL71 zapewnia stabilne o\u015bwietlenie o jasno\u015bci 500 lm. Pozwala wybiera\u0107 spo\u015br\u00f3d 5 tryb\u00f3w pracy oraz regulowa\u0107 pozycj\u0119 lampki. Latarka doskonale sprawdzi si\u0119 w wielu sytuacjach, np. podczas drobnych napraw, nocnych w\u0119dr\u00f3wek czy przeja\u017cd\u017cki rowerowej.<\/p>\n<p>\n<img decoding=\"async\" src=\"https:\/\/assets.innpro.pl\/14077\/17567\/8.jpg\" border=\"0\" alt=\"Latarka czo\u0142owa Superfire HL71 w pomara\u0144czowo-czarnym kolorze na ciemnym tle.\" \/>\n<\/p>\n<h3>Niezawodne \u017ar\u00f3d\u0142o \u015bwiat\u0142a<\/h3>\n<p>Latarka czo\u0142owa Superfire HL71 wyposa\u017cona zosta\u0142a w najnowsz\u0105 diod\u0119 LED (Light Emitting Diode, dioda elektroluminescencyjna), kt\u00f3ra zapewnia stabilne i r\u00f3wnomierne o\u015bwietlenie. Jej poziom jasno\u015bci wynosi 500 lm, mo\u017cesz wi\u0119c mie\u0107 pewno\u015b\u0107, \u017ce zauwa\u017cysz wszystko, co stanie na Twojej drodze. Istnieje tak\u017ce mo\u017cliwo\u015b\u0107 regulacji nachylenia lampki w zakresie 0-90\u00b0. Teleskopowe ogniskowanie latarki gwarantuje du\u017cy zasi\u0119g o\u015bwietlenia i du\u017ca odleg\u0142o\u015b\u0107 na\u015bwietlania. Lampa ma r\u00f3wnie\u017c funkcj\u0119 czujnika, dzi\u0119ki kt\u00f3rej \u017ar\u00f3d\u0142o \u015bwiat\u0142a mo\u017cna w\u0142\u0105cza\u0107 i wy\u0142\u0105cza\u0107 za pomoc\u0105 gest\u00f3w d\u0142oni\u0105.<\/p>\n<p>\n<img decoding=\"async\" src=\"https:\/\/assets.innpro.pl\/14077\/17567\/7.jpg\" border=\"0\" alt=\"Zbli\u017cenie na latark\u0119 czo\u0142ow\u0105 Superfire HL71 o\u015bwietlaj\u0105c\u0105 \u015bcian\u0119.\" \/>\n<\/p>\n<h3>Dopasowana do Ciebie<\/h3>\n<p>Latarka sprawdzi si\u0119 w wielu r\u00f3\u017cnych sytuacjach. Dzi\u0119ki regulacji strumienia \u015bwiat\u0142a umo\u017cliwia o\u015bwietlenie zar\u00f3wno przedmiot\u00f3w znajduj\u0105cych si\u0119 blisko, jak i daleko. Do Twojej dyspozycji jest r\u00f3wnie\u017c 5 tryb\u00f3w pracy, wi\u0119c bez trudu dopasujesz jej dzia\u0142anie do swoich potrzeb. Mo\u017cesz wygodnie wybiera\u0107 spo\u015br\u00f3d trybu lekkiego \u015bwiat\u0142a, \u015bredniego \u015bwiat\u0142a, mocnego \u015bwiat\u0142a, a tak\u017ce stroboskopowego oraz SOS.<\/p>\n<p>\n<img decoding=\"async\" src=\"https:\/\/assets.innpro.pl\/14077\/17567\/3.jpg\" border=\"0\" alt=\"Wizualizacja mechanizmu lampy czo\u0142owej Superfire HL71, kt\u00f3ry pozwala na jej pochylenie pod k\u0105tem 90\u00b0.\" \/>\n<\/p>\n<h3>Stworzona z my\u015bl\u0105 o r\u00f3\u017cnych u\u017cytkownikach<\/h3>\n<p>Model HL71 jest wyj\u0105tkowy wygody i nie powoduje dyskomfortu nawet podczas wielogodzinnego u\u017cytkowania. Nie musisz te\u017c obawia\u0107 si\u0119, \u017ce latarka nie b\u0119dzie pasowa\u0107 na Twoj\u0105 g\u0142ow\u0119 \u2013 regulowana opaska umo\u017cliwia dopasowanie jej rozmiaru do g\u0142owy ka\u017cdego u\u017cytkownika. Jej czas pracy si\u0119ga 4.5 godziny, a w razie potrzeby bez trudu na\u0142adujesz j\u0105 za pomoc\u0105 kabla USB (Universal Serial Bus, interfejs s\u0142u\u017c\u0105cy do zasilania i \u0142adowania urz\u0105dze\u0144 elektronicznych, oraz do transferu danych) (w zestawie). Samo \u0142adowanie trwa oko\u0142o 4 godziny, a ponadto o statusie \u0142adowania poinformuje Ci\u0119 wska\u017anik \u015bwietlny. Dodatkowo akumulator latarki jest wyjmowalny, co u\u0142atwia jego wymian\u0119 w razie potrzeby.<\/p>\n<p>\n<img decoding=\"async\" src=\"https:\/\/assets.innpro.pl\/14077\/17567\/5.jpg\" border=\"0\" alt=\"Zbli\u017cenie na lamp\u0119 czo\u0142ow\u0105 Superfire HL71, obok przedstawione s\u0105 dwa scenariusze, w kt\u00f3rych lampka jest wykorzystana.\" \/>\n<\/p>\n<h3>W zestawie<\/h3>\n<ul class=\"list-disc pl-5\">\n<li>latarka HL71<\/li>\n<li>kabel USB<\/li>\n<li>opaska na g\u0142ow\u0119<\/li>\n<\/ul>\n<div class=\"table-wrapper\">\n<p>\u00a0<\/p>\n<h3><\/h3>\n<table>\n<tbody>\n<tr>\n<th>Producent <\/th>\n<td>Superfire<\/td>\n<\/tr>\n<tr>\n<th>Model <\/th>\n<td>HL71<\/td>\n<\/tr>\n<tr>\n<th>Moc <\/th>\n<td>15 W<\/td>\n<\/tr>\n<tr>\n<th>Poziom jasno\u015bci <\/th>\n<td>500 lm<\/td>\n<\/tr>\n<tr>\n<th>Pojemno\u015b\u0107 akumulatora <\/th>\n<td>1400 mAh x2 (AB10 x2)<\/td>\n<\/tr>\n<tr>\n<th>Czas \u0142adowania <\/th>\n<td>oko\u0142o 4 godziny<\/td>\n<\/tr>\n<tr>\n<th>Czas pracy <\/th>\n<td>oko\u0142o 4.5 godziny<\/td>\n<\/tr>\n<tr>\n<th>Wymiary <\/th>\n<td>\u00d8 40 x 55 mm<\/td>\n<\/tr>\n<tr>\n<th>Tryby \u015bwiecenia <\/th>\n<td>5 (Mocne \u015bwiat\u0142o, \u015brednie \u015bwiat\u0142o, lekkie \u015bwiat\u0142o, stroboskopowe, SOS)<\/td>\n<\/tr>\n<\/tbody>\n<\/table>\n<\/div>\n","protected":false},"excerpt":{"rendered":"<p>Latarka czo\u0142owa Superfire HL71, 500 lm, USB, 5 tryb\u00f3w Zadbaj o swoje bezpiecze\u0144stwo i komfort po zmroku. Latarka czo\u0142owa Superfire<\/p>\n","protected":false},"featured_media":42378,"comment_status":"closed","ping_status":"open","template":"","meta":{"_acf_changed":false},"product_brand":[],"product_cat":[5938,5940,5937],"product_tag":[],"class_list":{"0":"post-56766","1":"product","2":"type-product","3":"status-publish","4":"has-post-thumbnail","6":"product_cat-latarki","7":"product_cat-czolowe","8":"product_cat-outdoor","9":"pa_okres-gwarancji-5754","10":"pa_producent-superfire","12":"first","13":"outofstock","14":"taxable","15":"shipping-taxable","16":"purchasable","17":"product-type-simple"},"acf":[],"yoast_head":"<!-- This site is optimized with the Yoast SEO plugin v27.2 - https:\/\/yoast.com\/product\/yoast-seo-wordpress\/ -->\n<title>Latarka czo\u0142owa SUPERFIRE HL71 500lm USB - IRONSKY.PL Sklep z Dronami<\/title>\n<meta name=\"description\" content=\"Latarka czo\u0142owa SUPERFIRE HL71 500lm USB - \u2705 sklep z dronami i fachowym doradztwem. \u2705 Tutaj kupisz produkty DJI, Yuneec, Parrot, Syma i wiele innych, a tak\u017ce kursy i licencje na operatora drona.\" \/>\n<meta name=\"robots\" content=\"index, follow, max-snippet:-1, max-image-preview:large, max-video-preview:-1\" \/>\n<link rel=\"canonical\" href=\"https:\/\/ironsky.pl\/sklep\/produkt\/latarka-czolowa-superfire-hl71-500lm-usb-2\/\" \/>\n<meta property=\"og:locale\" content=\"pl_PL\" \/>\n<meta property=\"og:type\" content=\"article\" \/>\n<meta property=\"og:title\" content=\"Latarka czo\u0142owa SUPERFIRE HL71 500lm USB - IRONSKY.PL Sklep z Dronami\" \/>\n<meta property=\"og:description\" content=\"Latarka czo\u0142owa SUPERFIRE HL71 500lm USB - \u2705 sklep z dronami i fachowym doradztwem. \u2705 Tutaj kupisz produkty DJI, Yuneec, Parrot, Syma i wiele innych, a tak\u017ce kursy i licencje na operatora drona.\" \/>\n<meta property=\"og:url\" content=\"https:\/\/ironsky.pl\/sklep\/produkt\/latarka-czolowa-superfire-hl71-500lm-usb-2\/\" \/>\n<meta property=\"og:site_name\" content=\"IRONSKY.PL Sklep z Dronami\" \/>\n<meta property=\"article:modified_time\" content=\"2026-04-15T08:18:23+00:00\" \/>\n<meta property=\"og:image\" content=\"https:\/\/ironsky.pl\/sklep\/wp-content\/uploads\/2025\/06\/28031_1.jpg\" \/>\n\t<meta property=\"og:image:width\" content=\"800\" \/>\n\t<meta property=\"og:image:height\" content=\"800\" \/>\n\t<meta property=\"og:image:type\" content=\"image\/jpeg\" \/>\n<meta name=\"twitter:card\" content=\"summary_large_image\" \/>\n<meta name=\"twitter:label1\" content=\"Szacowany czas czytania\" \/>\n\t<meta name=\"twitter:data1\" content=\"2 minuty\" \/>\n<script type=\"application\/ld+json\" class=\"yoast-schema-graph\">{\"@context\":\"https:\/\/schema.org\",\"@graph\":[{\"@type\":\"WebPage\",\"@id\":\"https:\/\/ironsky.pl\/sklep\/produkt\/latarka-czolowa-superfire-hl71-500lm-usb-2\/\",\"url\":\"https:\/\/ironsky.pl\/sklep\/produkt\/latarka-czolowa-superfire-hl71-500lm-usb-2\/\",\"name\":\"Latarka czo\u0142owa SUPERFIRE HL71 500lm USB - IRONSKY.PL Sklep z Dronami\",\"isPartOf\":{\"@id\":\"https:\/\/ironsky.pl\/sklep\/#website\"},\"primaryImageOfPage\":{\"@id\":\"https:\/\/ironsky.pl\/sklep\/produkt\/latarka-czolowa-superfire-hl71-500lm-usb-2\/#primaryimage\"},\"image\":{\"@id\":\"https:\/\/ironsky.pl\/sklep\/produkt\/latarka-czolowa-superfire-hl71-500lm-usb-2\/#primaryimage\"},\"thumbnailUrl\":\"https:\/\/ironsky.pl\/sklep\/wp-content\/uploads\/2025\/06\/28031_1.jpg\",\"datePublished\":\"2026-04-15T08:17:52+00:00\",\"dateModified\":\"2026-04-15T08:18:23+00:00\",\"description\":\"Latarka czo\u0142owa SUPERFIRE HL71 500lm USB - \u2705 sklep z dronami i fachowym doradztwem. \u2705 Tutaj kupisz produkty DJI, Yuneec, Parrot, Syma i wiele innych, a tak\u017ce kursy i licencje na operatora drona.\",\"breadcrumb\":{\"@id\":\"https:\/\/ironsky.pl\/sklep\/produkt\/latarka-czolowa-superfire-hl71-500lm-usb-2\/#breadcrumb\"},\"inLanguage\":\"pl-PL\",\"potentialAction\":[{\"@type\":\"ReadAction\",\"target\":[\"https:\/\/ironsky.pl\/sklep\/produkt\/latarka-czolowa-superfire-hl71-500lm-usb-2\/\"]}]},{\"@type\":\"ImageObject\",\"inLanguage\":\"pl-PL\",\"@id\":\"https:\/\/ironsky.pl\/sklep\/produkt\/latarka-czolowa-superfire-hl71-500lm-usb-2\/#primaryimage\",\"url\":\"https:\/\/ironsky.pl\/sklep\/wp-content\/uploads\/2025\/06\/28031_1.jpg\",\"contentUrl\":\"https:\/\/ironsky.pl\/sklep\/wp-content\/uploads\/2025\/06\/28031_1.jpg\",\"width\":800,\"height\":800},{\"@type\":\"BreadcrumbList\",\"@id\":\"https:\/\/ironsky.pl\/sklep\/produkt\/latarka-czolowa-superfire-hl71-500lm-usb-2\/#breadcrumb\",\"itemListElement\":[{\"@type\":\"ListItem\",\"position\":1,\"name\":\"Strona g\u0142\u00f3wna\",\"item\":\"https:\/\/ironsky.pl\/sklep\/\"},{\"@type\":\"ListItem\",\"position\":2,\"name\":\"Wszystkie produkty\",\"item\":\"https:\/\/ironsky.pl\/sklep\/produkty\/\"},{\"@type\":\"ListItem\",\"position\":3,\"name\":\"Latarka czo\u0142owa SUPERFIRE HL71 500lm USB\"}]},{\"@type\":\"WebSite\",\"@id\":\"https:\/\/ironsky.pl\/sklep\/#website\",\"url\":\"https:\/\/ironsky.pl\/sklep\/\",\"name\":\"IRONSKY.PL Sklep z Dronami\",\"description\":\"IRONSKY.PL Sklep z Dronami\",\"potentialAction\":[{\"@type\":\"SearchAction\",\"target\":{\"@type\":\"EntryPoint\",\"urlTemplate\":\"https:\/\/ironsky.pl\/sklep\/?s={search_term_string}\"},\"query-input\":{\"@type\":\"PropertyValueSpecification\",\"valueRequired\":true,\"valueName\":\"search_term_string\"}}],\"inLanguage\":\"pl-PL\"}]}<\/script>\n<!-- \/ Yoast SEO plugin. -->","yoast_head_json":{"title":"Latarka czo\u0142owa SUPERFIRE HL71 500lm USB - IRONSKY.PL Sklep z Dronami","description":"Latarka czo\u0142owa SUPERFIRE HL71 500lm USB - \u2705 sklep z dronami i fachowym doradztwem. \u2705 Tutaj kupisz produkty DJI, Yuneec, Parrot, Syma i wiele innych, a tak\u017ce kursy i licencje na operatora drona.","robots":{"index":"index","follow":"follow","max-snippet":"max-snippet:-1","max-image-preview":"max-image-preview:large","max-video-preview":"max-video-preview:-1"},"canonical":"https:\/\/ironsky.pl\/sklep\/produkt\/latarka-czolowa-superfire-hl71-500lm-usb-2\/","og_locale":"pl_PL","og_type":"article","og_title":"Latarka czo\u0142owa SUPERFIRE HL71 500lm USB - IRONSKY.PL Sklep z Dronami","og_description":"Latarka czo\u0142owa SUPERFIRE HL71 500lm USB - \u2705 sklep z dronami i fachowym doradztwem. \u2705 Tutaj kupisz produkty DJI, Yuneec, Parrot, Syma i wiele innych, a tak\u017ce kursy i licencje na operatora drona.","og_url":"https:\/\/ironsky.pl\/sklep\/produkt\/latarka-czolowa-superfire-hl71-500lm-usb-2\/","og_site_name":"IRONSKY.PL Sklep z Dronami","article_modified_time":"2026-04-15T08:18:23+00:00","og_image":[{"width":800,"height":800,"url":"https:\/\/ironsky.pl\/sklep\/wp-content\/uploads\/2025\/06\/28031_1.jpg","type":"image\/jpeg"}],"twitter_card":"summary_large_image","twitter_misc":{"Szacowany czas czytania":"2 minuty"},"schema":{"@context":"https:\/\/schema.org","@graph":[{"@type":"WebPage","@id":"https:\/\/ironsky.pl\/sklep\/produkt\/latarka-czolowa-superfire-hl71-500lm-usb-2\/","url":"https:\/\/ironsky.pl\/sklep\/produkt\/latarka-czolowa-superfire-hl71-500lm-usb-2\/","name":"Latarka czo\u0142owa SUPERFIRE HL71 500lm USB - IRONSKY.PL Sklep z Dronami","isPartOf":{"@id":"https:\/\/ironsky.pl\/sklep\/#website"},"primaryImageOfPage":{"@id":"https:\/\/ironsky.pl\/sklep\/produkt\/latarka-czolowa-superfire-hl71-500lm-usb-2\/#primaryimage"},"image":{"@id":"https:\/\/ironsky.pl\/sklep\/produkt\/latarka-czolowa-superfire-hl71-500lm-usb-2\/#primaryimage"},"thumbnailUrl":"https:\/\/ironsky.pl\/sklep\/wp-content\/uploads\/2025\/06\/28031_1.jpg","datePublished":"2026-04-15T08:17:52+00:00","dateModified":"2026-04-15T08:18:23+00:00","description":"Latarka czo\u0142owa SUPERFIRE HL71 500lm USB - \u2705 sklep z dronami i fachowym doradztwem. \u2705 Tutaj kupisz produkty DJI, Yuneec, Parrot, Syma i wiele innych, a tak\u017ce kursy i licencje na operatora drona.","breadcrumb":{"@id":"https:\/\/ironsky.pl\/sklep\/produkt\/latarka-czolowa-superfire-hl71-500lm-usb-2\/#breadcrumb"},"inLanguage":"pl-PL","potentialAction":[{"@type":"ReadAction","target":["https:\/\/ironsky.pl\/sklep\/produkt\/latarka-czolowa-superfire-hl71-500lm-usb-2\/"]}]},{"@type":"ImageObject","inLanguage":"pl-PL","@id":"https:\/\/ironsky.pl\/sklep\/produkt\/latarka-czolowa-superfire-hl71-500lm-usb-2\/#primaryimage","url":"https:\/\/ironsky.pl\/sklep\/wp-content\/uploads\/2025\/06\/28031_1.jpg","contentUrl":"https:\/\/ironsky.pl\/sklep\/wp-content\/uploads\/2025\/06\/28031_1.jpg","width":800,"height":800},{"@type":"BreadcrumbList","@id":"https:\/\/ironsky.pl\/sklep\/produkt\/latarka-czolowa-superfire-hl71-500lm-usb-2\/#breadcrumb","itemListElement":[{"@type":"ListItem","position":1,"name":"Strona g\u0142\u00f3wna","item":"https:\/\/ironsky.pl\/sklep\/"},{"@type":"ListItem","position":2,"name":"Wszystkie produkty","item":"https:\/\/ironsky.pl\/sklep\/produkty\/"},{"@type":"ListItem","position":3,"name":"Latarka czo\u0142owa SUPERFIRE HL71 500lm USB"}]},{"@type":"WebSite","@id":"https:\/\/ironsky.pl\/sklep\/#website","url":"https:\/\/ironsky.pl\/sklep\/","name":"IRONSKY.PL Sklep z Dronami","description":"IRONSKY.PL Sklep z Dronami","potentialAction":[{"@type":"SearchAction","target":{"@type":"EntryPoint","urlTemplate":"https:\/\/ironsky.pl\/sklep\/?s={search_term_string}"},"query-input":{"@type":"PropertyValueSpecification","valueRequired":true,"valueName":"search_term_string"}}],"inLanguage":"pl-PL"}]}},"_links":{"self":[{"href":"https:\/\/ironsky.pl\/sklep\/wp-json\/wp\/v2\/product\/56766","targetHints":{"allow":["GET"]}}],"collection":[{"href":"https:\/\/ironsky.pl\/sklep\/wp-json\/wp\/v2\/product"}],"about":[{"href":"https:\/\/ironsky.pl\/sklep\/wp-json\/wp\/v2\/types\/product"}],"replies":[{"embeddable":true,"href":"https:\/\/ironsky.pl\/sklep\/wp-json\/wp\/v2\/comments?post=56766"}],"wp:featuredmedia":[{"embeddable":true,"href":"https:\/\/ironsky.pl\/sklep\/wp-json\/wp\/v2\/media\/42378"}],"wp:attachment":[{"href":"https:\/\/ironsky.pl\/sklep\/wp-json\/wp\/v2\/media?parent=56766"}],"wp:term":[{"taxonomy":"product_brand","embeddable":true,"href":"https:\/\/ironsky.pl\/sklep\/wp-json\/wp\/v2\/product_brand?post=56766"},{"taxonomy":"product_cat","embeddable":true,"href":"https:\/\/ironsky.pl\/sklep\/wp-json\/wp\/v2\/product_cat?post=56766"},{"taxonomy":"product_tag","embeddable":true,"href":"https:\/\/ironsky.pl\/sklep\/wp-json\/wp\/v2\/product_tag?post=56766"}],"curies":[{"name":"wp","href":"https:\/\/api.w.org\/{rel}","templated":true}]}}