{"id":56764,"date":"2026-04-15T10:17:52","date_gmt":"2026-04-15T08:17:52","guid":{"rendered":"https:\/\/ironsky.pl\/sklep\/produkt\/gimbal-dji-rs-3-mini\/"},"modified":"2026-04-15T10:18:20","modified_gmt":"2026-04-15T08:18:20","slug":"gimbal-dji-rs-3-mini","status":"publish","type":"product","link":"https:\/\/ironsky.pl\/sklep\/produkt\/gimbal-dji-rs-3-mini\/","title":{"rendered":"Gimbal DJI RS 3 Mini"},"content":{"rendered":"<h3>DJI RS 3 Mini \u2013 Move Light<\/h3>\n<p>Odkryj pierwszy model Mini w serii DJI RS. Nowy DJI RS 3 Mini to lekki i kompaktowy stabilizator r\u0119czny, kt\u00f3ry wyr\u00f3\u017cnia si\u0119 ud\u017awigiem do 2 kg. Mo\u017ce obs\u0142u\u017cy\u0107 wiele konfiguracji aparat\u00f3w bezlusterkowych i obiektyw\u00f3w, a jego waga w trybie Portrait wynosi zaledwie 795 g. Urz\u0105dzenie oferuje ulepszony algorytm stabilizacji RS 3. generacji, a dzi\u0119ki trybowi Native Vertical pozwala wygodnie nagrywa\u0107 w pionie bez konieczno\u015bci stosowania dodatkowych akcesori\u00f3w. Gimbal jest te\u017c bardzo prosty w obs\u0142udze i ma wbudowany kolorowy ekran dotykowy o przek\u0105tnej 1,4&#8243;. Poka\u017c \u015bwiatu sw\u00f3j talent i tw\u00f3rz jeszcze lepsze materia\u0142y wideo!<\/p>\n<p><img decoding=\"async\" src=\"https:\/\/b2b.innpro.pl\/data\/include\/cms\/12DJI\/RS-3-Mini\/1.jpg\"><\/p>\n<h3>Jeszcze l\u017cejsza konstrukcja<\/h3>\n<p>Mniejsza konstrukcja, zintegrowany akumulator i natywna mo\u017cliwo\u015b\u0107 nagrywania w pionie to tylko niekt\u00f3re atuty DJI RS 3 Mini. To lekkie i przeno\u015bne urz\u0105dzenie bez problemu mie\u015bci si\u0119 w torbie, dzi\u0119ki czemu idealnie nadaje si\u0119 dla os\u00f3b, kt\u00f3re cz\u0119sto podr\u00f3\u017cuj\u0105 i nagrywaj\u0105 w r\u00f3\u017cnych miejscach. Stabilizator wa\u017cy 850 g podczas pracy w trybie Horizontal, a w trybie Portrait jego waga wynosi zaledwie 795 g. To oznacza, \u017ce jest o oko\u0142o 50% l\u017cejszy ni\u017c RS 3 Pro, a o 40% l\u017cejszy ni\u017c RS 3. Mo\u017cesz wi\u0119c cieszy\u0107 si\u0119 wymarzonym komfortem u\u017cytkowania! Co wi\u0119cej, optymalnie po\u0142o\u017cony \u015brodek ci\u0119\u017cko\u015bci gwarantuje wi\u0119ksz\u0105 stabilno\u015b\u0107 i wygod\u0119 w trakcie filmowania z r\u0119ki.<\/p>\n<p><img decoding=\"async\" src=\"https:\/\/b2b.innpro.pl\/data\/include\/cms\/12DJI\/RS-3-Mini\/2.jpg\"><\/p>\n<h3>Imponuj\u0105cy ud\u017awig \u2013 szeroka kompatybilno\u015b\u0107<\/h3>\n<p>Mimo swojej lekkiej konstrukcji RS 3 Mini cechuje si\u0119 ud\u017awigiem do 2 kg. To oznacza, \u017ce bez problemu obs\u0142u\u017cy wi\u0119ksze konfiguracje, na przyk\u0142ad aparat Sony A7S3 z obiektywem 24-70 mm F2.8 GM. Stabilizator doskonale wsp\u00f3\u0142pracuje z popularnymi bezlusterkowcami wyposa\u017conymi w matryce pe\u0142noklatkowe lub APS-C. Dzi\u0119ki temu mo\u017cesz korzysta\u0107 z mn\u00f3stwa r\u00f3\u017cnych kombinacji! RS 3 Mini zosta\u0142 te\u017c wyposa\u017cony w wydajne silniki o wysokim momencie obrotowym, kt\u00f3re pozwalaj\u0105 uzyska\u0107 wi\u0119ksz\u0105 stabilno\u015b\u0107 podczas powi\u0119kszania do maksymalnej ogniskowej na wielu modelach obiektyw\u00f3w. Zapomnij o konieczno\u015bci ponownego wywa\u017cania!<\/p>\n<p><img decoding=\"async\" src=\"https:\/\/b2b.innpro.pl\/data\/include\/cms\/12DJI\/RS-3-Mini\/3.jpg\"><\/p>\n<h3>Stabilizacja na najwy\u017cszym poziomie<\/h3>\n<p>Nie obawiaj si\u0119, \u017ce niepo\u017c\u0105dane drgania i wstrz\u0105sy kamery zepsuj\u0105 Twoje uj\u0119cie. DJI RS 3 Mini wykorzystuje ten sam algorytm RS (3. generacji) co DJI RS 3 Pro. Dzi\u0119ki temu zapewnia profesjonaln\u0105, niezawodn\u0105 stabilizacj\u0119 niezale\u017cnie od warunk\u00f3w. Teraz mo\u017cesz tworzy\u0107 p\u0142ynne, stabilne materia\u0142y wideo niemal w ka\u017cdej sytuacji! Sceny biegu, nagrywanie w trybie Flashlight, uj\u0119cia kr\u0119cone pod niskimi k\u0105tami z RS 3 Mini bez trudu sprostasz ka\u017cdemu wyzwaniu!<\/p>\n<p><img decoding=\"async\" src=\"https:\/\/b2b.innpro.pl\/data\/include\/cms\/12DJI\/RS-3-Mini\/4.jpg\"><\/p>\n<h3>Tw\u00f3rz zapieraj\u0105ce dech w piersiach uj\u0119cia<\/h3>\n<p>Korzystaj z dost\u0119pnych funkcji i nadaj swoim filmom niepowtarzalny charakter. Tw\u00f3rz dynamiczne uj\u0119cia z obrotami o 360 za pomoc\u0105 3D 360 Roll i u\u0142atw sobie nagrywanie podczas okr\u0105\u017cania ludzi dzi\u0119ki trybowi Subject Circling. Wypr\u00f3buj te\u017c Subject Tracking, kt\u00f3ry pozwala stabilnie pod\u0105\u017ca\u0107 za obiektami i prze\u0142\u0105cza\u0107 si\u0119 mi\u0119dzy wysokimi a niskimi k\u0105tami. Na uwag\u0119 zas\u0142uguj\u0105 r\u00f3wnie\u017c funkcje Timelapse, Track i Panorama. Teraz z \u0142atwo\u015bci\u0105 przygotujesz zapieraj\u0105ce dech w piersiach materia\u0142y wideo, kt\u00f3re zachwyc\u0105 Twoich widz\u00f3w!<\/p>\n<p><img decoding=\"async\" src=\"https:\/\/b2b.innpro.pl\/data\/include\/cms\/12DJI\/RS-3-Mini\/5.jpg\"><\/p>\n<h3>Szybki i wygodny monta\u017c<\/h3>\n<p>DJI RS 3 Mini zosta\u0142 wyposa\u017cony w now\u0105, ulepszon\u0105 p\u0142ytk\u0119 szybkiego monta\u017cu, kt\u00f3ra oferuje specjalnie zaprojektowan\u0105, zakrzywion\u0105 prowadnic\u0119 zapobiegaj\u0105c\u0105 obracaniu si\u0119 i luzowaniu kamery. Mo\u017cesz te\u017c z \u0142atwo\u015bci\u0105 przechowywa\u0107 urz\u0105dzenie i przygotowywa\u0107 je do pracy pozwalaj\u0105 na to wyra\u017ane znaczniki mocowania i blokowania. To jednak nie koniec udogodnie\u0144! Nowa p\u0142ytka jest zgodna ze standardem ARCA, dzi\u0119ki czemu mo\u017cliwe jest wygodne korzystanie z r\u00f3\u017cnego rodzaju statyw\u00f3w.<\/p>\n<p><img decoding=\"async\" src=\"https:\/\/b2b.innpro.pl\/data\/include\/cms\/12DJI\/RS-3-Mini\/6.jpg\"><\/p>\n<h3>Bezproblemowe nagrywanie w pionie<\/h3>\n<p>Korzystaj z prze\u0142omowych rozwi\u0105za\u0144 w zakresie nagrywania w pionie. Ju\u017c nie musisz u\u017cywa\u0107 dodatkowych akcesori\u00f3w, aby tworzy\u0107 idealne materia\u0142y do swoich medi\u00f3w spo\u0142eczno\u015bciowych! Wystarczy, \u017ce przymocujesz standardow\u0105 p\u0142ytk\u0119 szybkiego monta\u017cu do pionowego ramienia stabilizatora. I to wszystko! Co wi\u0119cej, w trybie Native Vertical RS 3 Mini oferuje wi\u0119kszy k\u0105t obrotu gimbala (w por\u00f3wnaniu z trybami portretowymi innych urz\u0105dze\u0144), co przek\u0142ada si\u0119 na niemal takie samo do\u015bwiadczenie kontroli jak w trybie Horizontal. Mo\u017cesz te\u017c cieszy\u0107 si\u0119 wygodniejszym nagrywaniem w trybach Upright, Underslung czy Flashlight.<\/p>\n<p><img decoding=\"async\" src=\"https:\/\/b2b.innpro.pl\/data\/include\/cms\/12DJI\/RS-3-Mini\/7.jpg\"><\/p>\n<h3>Wi\u0119cej mo\u017cliwo\u015bci \u2013 prosta obs\u0142uga<\/h3>\n<p>Wygodn\u0105 obs\u0142ug\u0119 RS 3 Mini umo\u017cliwia wbudowany ekran dotykowy 1,4&#8243;, przycisk M s\u0142u\u017c\u0105cy do szybkiej zmiany tryb\u00f3w (PF, PTF i FPV), a tak\u017ce przednie pokr\u0119t\u0142o, przy u\u017cyciu kt\u00f3rego mo\u017cesz na przyk\u0142ad regulowa\u0107 ostro\u015b\u0107, przys\u0142on\u0119, ISO lub inne parametry. Co wi\u0119cej, stabilizator pozwala sterowa\u0107 migawk\u0105 przez Bluetooth. Dzi\u0119ki temu wystarczy nacisn\u0105\u0107 przycisk nagrywania na gimbalu, aby nakr\u0119ci\u0107 film lub zrobi\u0107 zdj\u0119cie! Korzystasz z kamery Sony z kompatybilnym obiektywem cyfrowym? Teraz mo\u017cesz bezpo\u015brednio kontrolowa\u0107 jego cyfrowy lub optyczny zoom za pomoc\u0105 przedniego pokr\u0119t\u0142a ju\u017c nie musisz korzysta\u0107 z kabla Camera Control.<\/p>\n<p><img decoding=\"async\" src=\"https:\/\/b2b.innpro.pl\/data\/include\/cms\/12DJI\/RS-3-Mini\/8.jpg\"><\/p>\n<h3>Nawet 10 godzin nagrywania<\/h3>\n<p>Nagrywaj nawet przez ca\u0142y dzie\u0144 i zapomnij o konieczno\u015bci robienia nadprogramowych przerw na \u0142adowanie stabilizatora. RS 3 Mini zosta\u0142 wyposa\u017cony w zintegrowany akumulator, dzi\u0119ki kt\u00f3remu wyr\u00f3\u017cnia si\u0119 czasem pracy si\u0119gaj\u0105cym 10 godzin. Aby go na\u0142adowa\u0107, nie potrzeba zbyt wiele czasu po oko\u0142o 2,5 godziny urz\u0105dzenie b\u0119dzie zn\u00f3w gotowe do dzia\u0142ania! Mo\u017cesz te\u017c korzysta\u0107 ze stabilizatora, gdy jest pod\u0142\u0105czony do \u0142adowania. Z DJI po\u017cegnasz ograniczenia!<\/p>\n<p><img decoding=\"async\" src=\"https:\/\/b2b.innpro.pl\/data\/include\/cms\/12DJI\/RS-3-Mini\/9.jpg\"><\/p>\n<h3>Jeszcze wi\u0119cej mo\u017cliwo\u015bci<\/h3>\n<p>Zyskaj jeszcze wi\u0119cej mo\u017cliwo\u015bci konfiguracji i ciesz si\u0119 wymarzon\u0105 elastyczno\u015bci\u0105 podczas pracy. DJI RS 3 Mini zosta\u0142 wyposa\u017cony w port NATO, kt\u00f3ry umo\u017cliwia bezproblemowy monta\u017c wybranych akcesori\u00f3w, na przyk\u0142ad uchwytu Briefcase Handle, dodatkowego o\u015bwietlenia lub monitor\u00f3w. Chcesz uzupe\u0142ni\u0107 swoje filmy o wysokiej jako\u015bci d\u017awi\u0119k? Wypr\u00f3buj dost\u0119pny w sprzeda\u017cy oddzielnie system audio DJI Mic, kt\u00f3ry wyr\u00f3\u017cnia si\u0119 lekk\u0105, kompaktow\u0105 konstrukcj\u0105, d\u0142ugim czasem pracy i zasi\u0119giem transmisji do 250 m. Ponadto dzi\u0119ki magnetycznym akcesoriom mo\u017cesz przymocowa\u0107 jego nadajniki do ubrania i wygodnie korzysta\u0107 z nich w r\u00f3\u017cnych scenariuszach.<\/p>\n<p><img decoding=\"async\" src=\"https:\/\/b2b.innpro.pl\/data\/include\/cms\/12DJI\/RS-3-Mini\/10.jpg\"><\/p>\n<h3>W zestawie<\/h3>\n<p>Urz\u0105dzenia peryferyjne<\/p>\n<p><img decoding=\"async\" src=\"https:\/\/b2b.innpro.pl\/data\/include\/cms\/12DJI\/RS-3-Mini\/11.jpg\"><\/p>\n<h3>Wydajno\u015b\u0107 pracy<\/h3>\n<p>Testowane obci\u0105\u017cenie u\u017cytkowe<\/p>\n<p><img decoding=\"async\" src=\"https:\/\/b2b.innpro.pl\/data\/include\/cms\/12DJI\/RS-3-Mini\/12.jpg\"><\/p>\n<ul>\n<li>Gimbal x1<\/li>\n<li>Kabel do \u0142adowania USB-C (40 cm) x1<\/li>\n<li>Kabel steruj\u0105cy do wielu kamer w kszta\u0142cie litery L (USB-C, 30 cm) x1<\/li>\n<li>P\u0142yta szybkiego monta\u017cu RS Mini x1<\/li>\n<li>Statyw RS Mini x1<\/li>\n<li>Zestaw \u015brub (\u015bruba D-ring do monta\u017cu kamery 1\/4&#8243;-20 x1, \u015bruba 1\/4&#8243;-20 x1) x1<\/li>\n<\/ul>\n<div class=\"table-wrapper\">\n<table>\n<tbody>\n<tr>\n<th>Port akcesori\u00f3w<\/th>\n<td>Otw\u00f3r monta\u017cowy 1\/4&#8243;-20;<br \/>Port sterowania kamer\u0105 RSS (USB-C);<br \/>Port rozszerze\u0144 NATO;<\/td>\n<\/tr>\n<tr>\n<th>Akumulator<\/th>\n<td>Model: HB7-2450mAh-7.2V;<br \/>Typ akumulatora: Akumulator litowo-jonowy 18650 2S;<br \/>Pojemno\u015b\u0107 akumulatora: 2450 mAh;<br \/>Moc: 17.64 Wh;<br \/>Czas pracy: ok. 10 godzin*;<br \/>Specyfikacja \u0142adowania: 5V\/2A;<br \/>Czas \u0142adowania: oko\u0142o 2,5 godziny**;<br \/>Sugerowana temperatura \u0142adowania: 5\u00b0 do 40\u00b0C;<\/p>\n<p>*Zmierzono przy urz\u0105dzeniu w stanie poziomym i nieruchomym oraz wywa\u017conym gimbalu. Gdy gimbal jest w ruchu, czas pracy ulegnie skr\u00f3ceniu.<br \/>**Testowane w \u015brodowisku 25\u00b0C podczas korzystania z \u0142adowarki 10W.<\/td>\n<\/tr>\n<tr>\n<th>Po\u0142\u0105czenia<\/th>\n<td>Bluetooth 5.1, port \u0142adowania USB-C<\/td>\n<\/tr>\n<tr>\n<th>Wymagania aplikacji Ronin<\/th>\n<td>iOS 11.0 lub nowszy, Android 7.0 lub nowszy<\/td>\n<\/tr>\n<tr>\n<th>J\u0119zyki obs\u0142ugiwane przez ekran dotykowy<\/th>\n<td>Angielski, chi\u0144ski uproszczony, chi\u0144ski tradycyjny, niemiecki, francuski, korea\u0144ski, japo\u0144ski, hiszpa\u0144ski, portugalski (Brazylia), rosyjski, tajski<\/td>\n<\/tr>\n<\/tbody>\n<\/table>\n<\/div>\n","protected":false},"excerpt":{"rendered":"<p>DJI RS 3 Mini \u2013 Move Light Odkryj pierwszy model Mini w serii DJI RS. Nowy DJI RS 3 Mini<\/p>\n","protected":false},"featured_media":0,"comment_status":"closed","ping_status":"open","template":"","meta":{"_acf_changed":false},"product_brand":[],"product_cat":[1128,1129],"product_tag":[],"class_list":{"0":"post-56764","1":"product","2":"type-product","3":"status-publish","5":"product_cat-foto-wideo","6":"product_cat-gimbale-i-stabilizatory","7":"pa_okres-gwarancji-5757","8":"pa_producent-dji","10":"first","11":"outofstock","12":"taxable","13":"shipping-taxable","14":"purchasable","15":"product-type-simple"},"acf":[],"yoast_head":"<!-- This site is optimized with the Yoast SEO plugin v27.2 - https:\/\/yoast.com\/product\/yoast-seo-wordpress\/ -->\n<title>Gimbal DJI RS 3 Mini - IRONSKY.PL Sklep z Dronami<\/title>\n<meta name=\"description\" content=\"Gimbal DJI RS 3 Mini - \u2705 sklep z dronami i fachowym doradztwem. \u2705 Tutaj kupisz produkty DJI, Yuneec, Parrot, Syma i wiele innych, a tak\u017ce kursy i licencje na operatora drona.\" \/>\n<meta name=\"robots\" content=\"index, follow, max-snippet:-1, max-image-preview:large, max-video-preview:-1\" \/>\n<link rel=\"canonical\" href=\"https:\/\/ironsky.pl\/sklep\/produkt\/gimbal-dji-rs-3-mini\/\" \/>\n<meta property=\"og:locale\" content=\"pl_PL\" \/>\n<meta property=\"og:type\" content=\"article\" \/>\n<meta property=\"og:title\" content=\"Gimbal DJI RS 3 Mini - IRONSKY.PL Sklep z Dronami\" \/>\n<meta property=\"og:description\" content=\"Gimbal DJI RS 3 Mini - \u2705 sklep z dronami i fachowym doradztwem. \u2705 Tutaj kupisz produkty DJI, Yuneec, Parrot, Syma i wiele innych, a tak\u017ce kursy i licencje na operatora drona.\" \/>\n<meta property=\"og:url\" content=\"https:\/\/ironsky.pl\/sklep\/produkt\/gimbal-dji-rs-3-mini\/\" \/>\n<meta property=\"og:site_name\" content=\"IRONSKY.PL Sklep z Dronami\" \/>\n<meta property=\"article:modified_time\" content=\"2026-04-15T08:18:20+00:00\" \/>\n<meta property=\"og:image\" content=\"https:\/\/b2b.innpro.pl\/data\/include\/cms\/12DJI\/RS-3-Mini\/1.jpg\" \/>\n<meta name=\"twitter:card\" content=\"summary_large_image\" \/>\n<meta name=\"twitter:label1\" content=\"Szacowany czas czytania\" \/>\n\t<meta name=\"twitter:data1\" content=\"6 minut\" \/>\n<script type=\"application\/ld+json\" class=\"yoast-schema-graph\">{\"@context\":\"https:\/\/schema.org\",\"@graph\":[{\"@type\":\"WebPage\",\"@id\":\"https:\/\/ironsky.pl\/sklep\/produkt\/gimbal-dji-rs-3-mini\/\",\"url\":\"https:\/\/ironsky.pl\/sklep\/produkt\/gimbal-dji-rs-3-mini\/\",\"name\":\"Gimbal DJI RS 3 Mini - IRONSKY.PL Sklep z Dronami\",\"isPartOf\":{\"@id\":\"https:\/\/ironsky.pl\/sklep\/#website\"},\"primaryImageOfPage\":{\"@id\":\"https:\/\/ironsky.pl\/sklep\/produkt\/gimbal-dji-rs-3-mini\/#primaryimage\"},\"image\":{\"@id\":\"https:\/\/ironsky.pl\/sklep\/produkt\/gimbal-dji-rs-3-mini\/#primaryimage\"},\"thumbnailUrl\":\"https:\/\/b2b.innpro.pl\/data\/include\/cms\/12DJI\/RS-3-Mini\/1.jpg\",\"datePublished\":\"2026-04-15T08:17:52+00:00\",\"dateModified\":\"2026-04-15T08:18:20+00:00\",\"description\":\"Gimbal DJI RS 3 Mini - \u2705 sklep z dronami i fachowym doradztwem. \u2705 Tutaj kupisz produkty DJI, Yuneec, Parrot, Syma i wiele innych, a tak\u017ce kursy i licencje na operatora drona.\",\"breadcrumb\":{\"@id\":\"https:\/\/ironsky.pl\/sklep\/produkt\/gimbal-dji-rs-3-mini\/#breadcrumb\"},\"inLanguage\":\"pl-PL\",\"potentialAction\":[{\"@type\":\"ReadAction\",\"target\":[\"https:\/\/ironsky.pl\/sklep\/produkt\/gimbal-dji-rs-3-mini\/\"]}]},{\"@type\":\"ImageObject\",\"inLanguage\":\"pl-PL\",\"@id\":\"https:\/\/ironsky.pl\/sklep\/produkt\/gimbal-dji-rs-3-mini\/#primaryimage\",\"url\":\"https:\/\/b2b.innpro.pl\/data\/include\/cms\/12DJI\/RS-3-Mini\/1.jpg\",\"contentUrl\":\"https:\/\/b2b.innpro.pl\/data\/include\/cms\/12DJI\/RS-3-Mini\/1.jpg\"},{\"@type\":\"BreadcrumbList\",\"@id\":\"https:\/\/ironsky.pl\/sklep\/produkt\/gimbal-dji-rs-3-mini\/#breadcrumb\",\"itemListElement\":[{\"@type\":\"ListItem\",\"position\":1,\"name\":\"Strona g\u0142\u00f3wna\",\"item\":\"https:\/\/ironsky.pl\/sklep\/\"},{\"@type\":\"ListItem\",\"position\":2,\"name\":\"Wszystkie produkty\",\"item\":\"https:\/\/ironsky.pl\/sklep\/produkty\/\"},{\"@type\":\"ListItem\",\"position\":3,\"name\":\"Gimbal DJI RS 3 Mini\"}]},{\"@type\":\"WebSite\",\"@id\":\"https:\/\/ironsky.pl\/sklep\/#website\",\"url\":\"https:\/\/ironsky.pl\/sklep\/\",\"name\":\"IRONSKY.PL Sklep z Dronami\",\"description\":\"IRONSKY.PL Sklep z Dronami\",\"potentialAction\":[{\"@type\":\"SearchAction\",\"target\":{\"@type\":\"EntryPoint\",\"urlTemplate\":\"https:\/\/ironsky.pl\/sklep\/?s={search_term_string}\"},\"query-input\":{\"@type\":\"PropertyValueSpecification\",\"valueRequired\":true,\"valueName\":\"search_term_string\"}}],\"inLanguage\":\"pl-PL\"}]}<\/script>\n<!-- \/ Yoast SEO plugin. -->","yoast_head_json":{"title":"Gimbal DJI RS 3 Mini - IRONSKY.PL Sklep z Dronami","description":"Gimbal DJI RS 3 Mini - \u2705 sklep z dronami i fachowym doradztwem. \u2705 Tutaj kupisz produkty DJI, Yuneec, Parrot, Syma i wiele innych, a tak\u017ce kursy i licencje na operatora drona.","robots":{"index":"index","follow":"follow","max-snippet":"max-snippet:-1","max-image-preview":"max-image-preview:large","max-video-preview":"max-video-preview:-1"},"canonical":"https:\/\/ironsky.pl\/sklep\/produkt\/gimbal-dji-rs-3-mini\/","og_locale":"pl_PL","og_type":"article","og_title":"Gimbal DJI RS 3 Mini - IRONSKY.PL Sklep z Dronami","og_description":"Gimbal DJI RS 3 Mini - \u2705 sklep z dronami i fachowym doradztwem. \u2705 Tutaj kupisz produkty DJI, Yuneec, Parrot, Syma i wiele innych, a tak\u017ce kursy i licencje na operatora drona.","og_url":"https:\/\/ironsky.pl\/sklep\/produkt\/gimbal-dji-rs-3-mini\/","og_site_name":"IRONSKY.PL Sklep z Dronami","article_modified_time":"2026-04-15T08:18:20+00:00","og_image":[{"url":"https:\/\/b2b.innpro.pl\/data\/include\/cms\/12DJI\/RS-3-Mini\/1.jpg","type":"","width":"","height":""}],"twitter_card":"summary_large_image","twitter_misc":{"Szacowany czas czytania":"6 minut"},"schema":{"@context":"https:\/\/schema.org","@graph":[{"@type":"WebPage","@id":"https:\/\/ironsky.pl\/sklep\/produkt\/gimbal-dji-rs-3-mini\/","url":"https:\/\/ironsky.pl\/sklep\/produkt\/gimbal-dji-rs-3-mini\/","name":"Gimbal DJI RS 3 Mini - IRONSKY.PL Sklep z Dronami","isPartOf":{"@id":"https:\/\/ironsky.pl\/sklep\/#website"},"primaryImageOfPage":{"@id":"https:\/\/ironsky.pl\/sklep\/produkt\/gimbal-dji-rs-3-mini\/#primaryimage"},"image":{"@id":"https:\/\/ironsky.pl\/sklep\/produkt\/gimbal-dji-rs-3-mini\/#primaryimage"},"thumbnailUrl":"https:\/\/b2b.innpro.pl\/data\/include\/cms\/12DJI\/RS-3-Mini\/1.jpg","datePublished":"2026-04-15T08:17:52+00:00","dateModified":"2026-04-15T08:18:20+00:00","description":"Gimbal DJI RS 3 Mini - \u2705 sklep z dronami i fachowym doradztwem. \u2705 Tutaj kupisz produkty DJI, Yuneec, Parrot, Syma i wiele innych, a tak\u017ce kursy i licencje na operatora drona.","breadcrumb":{"@id":"https:\/\/ironsky.pl\/sklep\/produkt\/gimbal-dji-rs-3-mini\/#breadcrumb"},"inLanguage":"pl-PL","potentialAction":[{"@type":"ReadAction","target":["https:\/\/ironsky.pl\/sklep\/produkt\/gimbal-dji-rs-3-mini\/"]}]},{"@type":"ImageObject","inLanguage":"pl-PL","@id":"https:\/\/ironsky.pl\/sklep\/produkt\/gimbal-dji-rs-3-mini\/#primaryimage","url":"https:\/\/b2b.innpro.pl\/data\/include\/cms\/12DJI\/RS-3-Mini\/1.jpg","contentUrl":"https:\/\/b2b.innpro.pl\/data\/include\/cms\/12DJI\/RS-3-Mini\/1.jpg"},{"@type":"BreadcrumbList","@id":"https:\/\/ironsky.pl\/sklep\/produkt\/gimbal-dji-rs-3-mini\/#breadcrumb","itemListElement":[{"@type":"ListItem","position":1,"name":"Strona g\u0142\u00f3wna","item":"https:\/\/ironsky.pl\/sklep\/"},{"@type":"ListItem","position":2,"name":"Wszystkie produkty","item":"https:\/\/ironsky.pl\/sklep\/produkty\/"},{"@type":"ListItem","position":3,"name":"Gimbal DJI RS 3 Mini"}]},{"@type":"WebSite","@id":"https:\/\/ironsky.pl\/sklep\/#website","url":"https:\/\/ironsky.pl\/sklep\/","name":"IRONSKY.PL Sklep z Dronami","description":"IRONSKY.PL Sklep z Dronami","potentialAction":[{"@type":"SearchAction","target":{"@type":"EntryPoint","urlTemplate":"https:\/\/ironsky.pl\/sklep\/?s={search_term_string}"},"query-input":{"@type":"PropertyValueSpecification","valueRequired":true,"valueName":"search_term_string"}}],"inLanguage":"pl-PL"}]}},"_links":{"self":[{"href":"https:\/\/ironsky.pl\/sklep\/wp-json\/wp\/v2\/product\/56764","targetHints":{"allow":["GET"]}}],"collection":[{"href":"https:\/\/ironsky.pl\/sklep\/wp-json\/wp\/v2\/product"}],"about":[{"href":"https:\/\/ironsky.pl\/sklep\/wp-json\/wp\/v2\/types\/product"}],"replies":[{"embeddable":true,"href":"https:\/\/ironsky.pl\/sklep\/wp-json\/wp\/v2\/comments?post=56764"}],"wp:attachment":[{"href":"https:\/\/ironsky.pl\/sklep\/wp-json\/wp\/v2\/media?parent=56764"}],"wp:term":[{"taxonomy":"product_brand","embeddable":true,"href":"https:\/\/ironsky.pl\/sklep\/wp-json\/wp\/v2\/product_brand?post=56764"},{"taxonomy":"product_cat","embeddable":true,"href":"https:\/\/ironsky.pl\/sklep\/wp-json\/wp\/v2\/product_cat?post=56764"},{"taxonomy":"product_tag","embeddable":true,"href":"https:\/\/ironsky.pl\/sklep\/wp-json\/wp\/v2\/product_tag?post=56764"}],"curies":[{"name":"wp","href":"https:\/\/api.w.org\/{rel}","templated":true}]}}