{"id":56755,"date":"2026-04-15T10:17:52","date_gmt":"2026-04-15T08:17:52","guid":{"rendered":"https:\/\/ironsky.pl\/sklep\/produkt\/obudowa-aluminiowa-telesin-gopro-hero-12-11-10-9-uchwyt-pionowy\/"},"modified":"2026-04-15T10:18:16","modified_gmt":"2026-04-15T08:18:16","slug":"obudowa-aluminiowa-telesin-gopro-hero-12-11-10-9-uchwyt-pionowy","status":"publish","type":"product","link":"https:\/\/ironsky.pl\/sklep\/produkt\/obudowa-aluminiowa-telesin-gopro-hero-12-11-10-9-uchwyt-pionowy\/","title":{"rendered":"Obudowa aluminiowa TELESIN GoPro Hero 12\/11\/10\/9 uchwyt pionowy"},"content":{"rendered":"<h3 style=\"text-align: center;\">Aluminiowa obudowa zabezpieczaj\u0105ca Telesin do GoPro Hero 12 \/ 11 \/ 10 \/ 9 z\u00a0uchwytem pionowym<\/h3>\n<p>Zadbaj o ochron\u0119 swojej kamery sportowej przed uszkodzeniem i zyskaj wi\u0119cej ciekawych mo\u017cliwo\u015bci nagrywania. Wykonana ze stopu aluminium obudowa zabezpieczaj\u0105ca Telesin GP-FMS-G11-TZ wyr\u00f3\u017cnia si\u0119 wyj\u0105tkow\u0105 trwa\u0142o\u015bci\u0105 i zosta\u0142a wyposa\u017cona w kilka mocowa\u0144, dzi\u0119ki kt\u00f3rym mo\u017cesz swobodnie montowa\u0107 na niej wybrane akcesoria. Pozwala te\u017c na wygodne filmowanie w pionie i oferuje specjaln\u0105 warstw\u0119 ochronn\u0105.<\/p>\n<p><img decoding=\"async\" src=\"https:\/\/b2b.innpro.pl\/data\/include\/cms\/Telesin\/GP-FMS-G11-TZ\/10.jpg\" border=\"0\" width=\"1100\" height=\"700\" \/><\/p>\n<p>\u00a0<\/p>\n<h3 style=\"text-align: center;\">Niezawodna ochrona<\/h3>\n<p>Do wykonania obudowy zastosowano wysokiej jako\u015bci stop aluminium, dzi\u0119ki czemu jest niezwykle wytrzyma\u0142a i odporna na uszkodzenia. Co wi\u0119cej, akcesorium idealnie pasuje do kszta\u0142tu GoPro Hero 12 \/ 11 \/ 10 \/ 9, w efekcie czego mo\u017ce zapewni\u0107 jej jeszcze lepsz\u0105 ochron\u0119. Produkt jest te\u017c bardzo prosty w monta\u017cu. Pokryto go r\u00f3wnie\u017c specjaln\u0105 warstw\u0105, kt\u00f3ra zabezpiecza kamer\u0119 przed zarysowaniem.<\/p>\n<p><img decoding=\"async\" src=\"https:\/\/b2b.innpro.pl\/data\/include\/cms\/Telesin\/GP-FMS-G11-TZ\/8.jpg\" border=\"0\" width=\"1100\" height=\"700\" \/><\/p>\n<p>\u00a0<\/p>\n<h3 style=\"text-align: center;\">Wygodne u\u017cytkowanie<\/h3>\n<p>Dzi\u0119ki przemy\u015blanej konstrukcji obudowa pozwala wygodnie korzysta\u0107 z umieszczonej w niej kamery i nie ogranicza Twoich mo\u017cliwo\u015bci. Jeden z bok\u00f3w akcesorium da si\u0119 otworzy\u0107, co sprawia, \u017ce bez problemu pod\u0142\u0105czysz urz\u0105dzenie do \u0142adowania. Masz tak\u017ce wystarczaj\u0105co du\u017co miejsca, aby bez przeszk\u00f3d montowa\u0107 obiektywy Max lens lub filtry ND. Mo\u017cesz te\u017c w ka\u017cdej chwili prze\u0142\u0105czy\u0107 si\u0119 na nagrywanie w pionie \u2013 wystarczy przymocowa\u0107 do obudowy wchodz\u0105cy w sk\u0142ad zestawu adapter.<\/p>\n<p><img decoding=\"async\" src=\"https:\/\/b2b.innpro.pl\/data\/include\/cms\/Telesin\/GP-FMS-G11-TZ\/2.jpg\" border=\"0\" width=\"1100\" height=\"700\" \/><\/p>\n<p>\u00a0<\/p>\n<h3 style=\"text-align: center;\">Korzystaj z dodatkowych akcesori\u00f3w<\/h3>\n<p>Zyskaj wi\u0119cej mo\u017cliwo\u015bci. Obudowa zosta\u0142a wyposa\u017cona w otw\u00f3r 1\/4\u2033 oraz 2 mocowania typu zimna stopka, dzi\u0119ki czemu mo\u017cesz zamontowa\u0107 na niej dodatkowe akcesoria, na przyk\u0142ad statyw, selfie stick, mikrofon lub dodatkowe o\u015bwietlenie. Tw\u00f3rz jeszcze ciekawsze materia\u0142y wideo i dziel si\u0119 nimi ze \u015bwiatem!<\/p>\n<p><img decoding=\"async\" src=\"https:\/\/b2b.innpro.pl\/data\/include\/cms\/Telesin\/GP-FMS-G11-TZ\/6.jpg\" border=\"0\" width=\"1100\" height=\"700\" \/><\/p>\n<p>\u00a0<\/p>\n<h3>W zestawie<\/h3>\n<ul>\n<li>Obudowa<\/li>\n<li>Klucz imbusowy<\/li>\n<li>Pionowy zacisk z adapterem<\/li>\n<li>\u015aruba M3*4<\/li>\n<\/ul>\n<div class=\"table-wrapper\">\n<table>\n<tbody>\n<tr>\n<th>Producent<\/th>\n<td>Telesin<\/td>\n<\/tr>\n<tr>\n<th>Nazwa<\/th>\n<td>Aluminum alloy rabbit cage<\/td>\n<\/tr>\n<tr>\n<th>Model<\/th>\n<td>GP-FMS-G11-TZ<\/td>\n<\/tr>\n<tr>\n<th>Kolor<\/th>\n<td>Szary<\/td>\n<\/tr>\n<tr>\n<th>Materia\u0142<\/th>\n<td>Stop aluminium<\/td>\n<\/tr>\n<tr>\n<th>Wymiary<\/th>\n<td>79 x 63 x 33 mm<\/td>\n<\/tr>\n<tr>\n<th>Waga<\/th>\n<td>65 g<\/td>\n<\/tr>\n<tr>\n<th>Kompatybilno\u015b\u0107<\/th>\n<td>GoPro Hero 12 \/ 11 \/ 10 \/ 9<\/td>\n<\/tr>\n<\/tbody>\n<\/table>\n<\/div>\n<style type=\"text\/css\"><!--\n.table-wrapper{width:100%;overflow-x:auto}.table-wrapper>table{border-spacing:0}.table-wrapper>table>tbody>tr>td,.table-wrapper>table>tbody>tr>th{padding:10px 35px;text-align:left}.table-wrapper>table>tbody>tr>th{vertical-align:top}.table-wrapper>table>tbody>tr:nth-child(even){background-color:#f7f7f7}\n--><\/style>\n","protected":false},"excerpt":{"rendered":"<p>Aluminiowa obudowa zabezpieczaj\u0105ca Telesin do GoPro Hero 12 \/ 11 \/ 10 \/ 9 z\u00a0uchwytem pionowym Zadbaj o ochron\u0119 swojej<\/p>\n","protected":false},"featured_media":56756,"comment_status":"closed","ping_status":"open","template":"","meta":{"_acf_changed":false},"product_brand":[],"product_cat":[1130,1137,1128],"product_tag":[],"class_list":{"0":"post-56755","1":"product","2":"type-product","3":"status-publish","4":"has-post-thumbnail","6":"product_cat-akcesoria-foto","7":"product_cat-do-kamer-sportowych","8":"product_cat-foto-wideo","9":"pa_okres-gwarancji-5754","10":"pa_producent-telesin","12":"first","13":"outofstock","14":"taxable","15":"shipping-taxable","16":"purchasable","17":"product-type-simple"},"acf":[],"yoast_head":"<!-- This site is optimized with the Yoast SEO plugin v27.2 - https:\/\/yoast.com\/product\/yoast-seo-wordpress\/ -->\n<title>Obudowa aluminiowa TELESIN GoPro Hero 12\/11\/10\/9 uchwyt pionowy - IRONSKY.PL Sklep z Dronami<\/title>\n<meta name=\"description\" content=\"Obudowa aluminiowa TELESIN GoPro Hero 12\/11\/10\/9 uchwyt pionowy - \u2705 sklep z dronami i fachowym doradztwem. \u2705 Tutaj kupisz produkty DJI, Yuneec, Parrot, Syma i wiele innych, a tak\u017ce kursy i licencje na operatora drona.\" \/>\n<meta name=\"robots\" content=\"index, follow, max-snippet:-1, max-image-preview:large, max-video-preview:-1\" \/>\n<link rel=\"canonical\" href=\"https:\/\/ironsky.pl\/sklep\/produkt\/obudowa-aluminiowa-telesin-gopro-hero-12-11-10-9-uchwyt-pionowy\/\" \/>\n<meta property=\"og:locale\" content=\"pl_PL\" \/>\n<meta property=\"og:type\" content=\"article\" \/>\n<meta property=\"og:title\" content=\"Obudowa aluminiowa TELESIN GoPro Hero 12\/11\/10\/9 uchwyt pionowy - IRONSKY.PL Sklep z Dronami\" \/>\n<meta property=\"og:description\" content=\"Obudowa aluminiowa TELESIN GoPro Hero 12\/11\/10\/9 uchwyt pionowy - \u2705 sklep z dronami i fachowym doradztwem. \u2705 Tutaj kupisz produkty DJI, Yuneec, Parrot, Syma i wiele innych, a tak\u017ce kursy i licencje na operatora drona.\" \/>\n<meta property=\"og:url\" content=\"https:\/\/ironsky.pl\/sklep\/produkt\/obudowa-aluminiowa-telesin-gopro-hero-12-11-10-9-uchwyt-pionowy\/\" \/>\n<meta property=\"og:site_name\" content=\"IRONSKY.PL Sklep z Dronami\" \/>\n<meta property=\"article:modified_time\" content=\"2026-04-15T08:18:16+00:00\" \/>\n<meta property=\"og:image\" content=\"https:\/\/ironsky.pl\/sklep\/wp-content\/uploads\/2026\/04\/28019_7.jpg\" \/>\n\t<meta property=\"og:image:width\" content=\"800\" \/>\n\t<meta property=\"og:image:height\" content=\"800\" \/>\n\t<meta property=\"og:image:type\" content=\"image\/jpeg\" \/>\n<meta name=\"twitter:card\" content=\"summary_large_image\" \/>\n<meta name=\"twitter:label1\" content=\"Szacowany czas czytania\" \/>\n\t<meta name=\"twitter:data1\" content=\"2 minuty\" \/>\n<script type=\"application\/ld+json\" class=\"yoast-schema-graph\">{\"@context\":\"https:\/\/schema.org\",\"@graph\":[{\"@type\":\"WebPage\",\"@id\":\"https:\/\/ironsky.pl\/sklep\/produkt\/obudowa-aluminiowa-telesin-gopro-hero-12-11-10-9-uchwyt-pionowy\/\",\"url\":\"https:\/\/ironsky.pl\/sklep\/produkt\/obudowa-aluminiowa-telesin-gopro-hero-12-11-10-9-uchwyt-pionowy\/\",\"name\":\"Obudowa aluminiowa TELESIN GoPro Hero 12\/11\/10\/9 uchwyt pionowy - IRONSKY.PL Sklep z Dronami\",\"isPartOf\":{\"@id\":\"https:\/\/ironsky.pl\/sklep\/#website\"},\"primaryImageOfPage\":{\"@id\":\"https:\/\/ironsky.pl\/sklep\/produkt\/obudowa-aluminiowa-telesin-gopro-hero-12-11-10-9-uchwyt-pionowy\/#primaryimage\"},\"image\":{\"@id\":\"https:\/\/ironsky.pl\/sklep\/produkt\/obudowa-aluminiowa-telesin-gopro-hero-12-11-10-9-uchwyt-pionowy\/#primaryimage\"},\"thumbnailUrl\":\"https:\/\/ironsky.pl\/sklep\/wp-content\/uploads\/2026\/04\/28019_7.jpg\",\"datePublished\":\"2026-04-15T08:17:52+00:00\",\"dateModified\":\"2026-04-15T08:18:16+00:00\",\"description\":\"Obudowa aluminiowa TELESIN GoPro Hero 12\/11\/10\/9 uchwyt pionowy - \u2705 sklep z dronami i fachowym doradztwem. \u2705 Tutaj kupisz produkty DJI, Yuneec, Parrot, Syma i wiele innych, a tak\u017ce kursy i licencje na operatora drona.\",\"breadcrumb\":{\"@id\":\"https:\/\/ironsky.pl\/sklep\/produkt\/obudowa-aluminiowa-telesin-gopro-hero-12-11-10-9-uchwyt-pionowy\/#breadcrumb\"},\"inLanguage\":\"pl-PL\",\"potentialAction\":[{\"@type\":\"ReadAction\",\"target\":[\"https:\/\/ironsky.pl\/sklep\/produkt\/obudowa-aluminiowa-telesin-gopro-hero-12-11-10-9-uchwyt-pionowy\/\"]}]},{\"@type\":\"ImageObject\",\"inLanguage\":\"pl-PL\",\"@id\":\"https:\/\/ironsky.pl\/sklep\/produkt\/obudowa-aluminiowa-telesin-gopro-hero-12-11-10-9-uchwyt-pionowy\/#primaryimage\",\"url\":\"https:\/\/ironsky.pl\/sklep\/wp-content\/uploads\/2026\/04\/28019_7.jpg\",\"contentUrl\":\"https:\/\/ironsky.pl\/sklep\/wp-content\/uploads\/2026\/04\/28019_7.jpg\",\"width\":800,\"height\":800},{\"@type\":\"BreadcrumbList\",\"@id\":\"https:\/\/ironsky.pl\/sklep\/produkt\/obudowa-aluminiowa-telesin-gopro-hero-12-11-10-9-uchwyt-pionowy\/#breadcrumb\",\"itemListElement\":[{\"@type\":\"ListItem\",\"position\":1,\"name\":\"Strona g\u0142\u00f3wna\",\"item\":\"https:\/\/ironsky.pl\/sklep\/\"},{\"@type\":\"ListItem\",\"position\":2,\"name\":\"Wszystkie produkty\",\"item\":\"https:\/\/ironsky.pl\/sklep\/produkty\/\"},{\"@type\":\"ListItem\",\"position\":3,\"name\":\"Obudowa aluminiowa TELESIN GoPro Hero 12\/11\/10\/9 uchwyt pionowy\"}]},{\"@type\":\"WebSite\",\"@id\":\"https:\/\/ironsky.pl\/sklep\/#website\",\"url\":\"https:\/\/ironsky.pl\/sklep\/\",\"name\":\"IRONSKY.PL Sklep z Dronami\",\"description\":\"IRONSKY.PL Sklep z Dronami\",\"potentialAction\":[{\"@type\":\"SearchAction\",\"target\":{\"@type\":\"EntryPoint\",\"urlTemplate\":\"https:\/\/ironsky.pl\/sklep\/?s={search_term_string}\"},\"query-input\":{\"@type\":\"PropertyValueSpecification\",\"valueRequired\":true,\"valueName\":\"search_term_string\"}}],\"inLanguage\":\"pl-PL\"}]}<\/script>\n<!-- \/ Yoast SEO plugin. -->","yoast_head_json":{"title":"Obudowa aluminiowa TELESIN GoPro Hero 12\/11\/10\/9 uchwyt pionowy - IRONSKY.PL Sklep z Dronami","description":"Obudowa aluminiowa TELESIN GoPro Hero 12\/11\/10\/9 uchwyt pionowy - \u2705 sklep z dronami i fachowym doradztwem. \u2705 Tutaj kupisz produkty DJI, Yuneec, Parrot, Syma i wiele innych, a tak\u017ce kursy i licencje na operatora drona.","robots":{"index":"index","follow":"follow","max-snippet":"max-snippet:-1","max-image-preview":"max-image-preview:large","max-video-preview":"max-video-preview:-1"},"canonical":"https:\/\/ironsky.pl\/sklep\/produkt\/obudowa-aluminiowa-telesin-gopro-hero-12-11-10-9-uchwyt-pionowy\/","og_locale":"pl_PL","og_type":"article","og_title":"Obudowa aluminiowa TELESIN GoPro Hero 12\/11\/10\/9 uchwyt pionowy - IRONSKY.PL Sklep z Dronami","og_description":"Obudowa aluminiowa TELESIN GoPro Hero 12\/11\/10\/9 uchwyt pionowy - \u2705 sklep z dronami i fachowym doradztwem. \u2705 Tutaj kupisz produkty DJI, Yuneec, Parrot, Syma i wiele innych, a tak\u017ce kursy i licencje na operatora drona.","og_url":"https:\/\/ironsky.pl\/sklep\/produkt\/obudowa-aluminiowa-telesin-gopro-hero-12-11-10-9-uchwyt-pionowy\/","og_site_name":"IRONSKY.PL Sklep z Dronami","article_modified_time":"2026-04-15T08:18:16+00:00","og_image":[{"width":800,"height":800,"url":"https:\/\/ironsky.pl\/sklep\/wp-content\/uploads\/2026\/04\/28019_7.jpg","type":"image\/jpeg"}],"twitter_card":"summary_large_image","twitter_misc":{"Szacowany czas czytania":"2 minuty"},"schema":{"@context":"https:\/\/schema.org","@graph":[{"@type":"WebPage","@id":"https:\/\/ironsky.pl\/sklep\/produkt\/obudowa-aluminiowa-telesin-gopro-hero-12-11-10-9-uchwyt-pionowy\/","url":"https:\/\/ironsky.pl\/sklep\/produkt\/obudowa-aluminiowa-telesin-gopro-hero-12-11-10-9-uchwyt-pionowy\/","name":"Obudowa aluminiowa TELESIN GoPro Hero 12\/11\/10\/9 uchwyt pionowy - IRONSKY.PL Sklep z Dronami","isPartOf":{"@id":"https:\/\/ironsky.pl\/sklep\/#website"},"primaryImageOfPage":{"@id":"https:\/\/ironsky.pl\/sklep\/produkt\/obudowa-aluminiowa-telesin-gopro-hero-12-11-10-9-uchwyt-pionowy\/#primaryimage"},"image":{"@id":"https:\/\/ironsky.pl\/sklep\/produkt\/obudowa-aluminiowa-telesin-gopro-hero-12-11-10-9-uchwyt-pionowy\/#primaryimage"},"thumbnailUrl":"https:\/\/ironsky.pl\/sklep\/wp-content\/uploads\/2026\/04\/28019_7.jpg","datePublished":"2026-04-15T08:17:52+00:00","dateModified":"2026-04-15T08:18:16+00:00","description":"Obudowa aluminiowa TELESIN GoPro Hero 12\/11\/10\/9 uchwyt pionowy - \u2705 sklep z dronami i fachowym doradztwem. \u2705 Tutaj kupisz produkty DJI, Yuneec, Parrot, Syma i wiele innych, a tak\u017ce kursy i licencje na operatora drona.","breadcrumb":{"@id":"https:\/\/ironsky.pl\/sklep\/produkt\/obudowa-aluminiowa-telesin-gopro-hero-12-11-10-9-uchwyt-pionowy\/#breadcrumb"},"inLanguage":"pl-PL","potentialAction":[{"@type":"ReadAction","target":["https:\/\/ironsky.pl\/sklep\/produkt\/obudowa-aluminiowa-telesin-gopro-hero-12-11-10-9-uchwyt-pionowy\/"]}]},{"@type":"ImageObject","inLanguage":"pl-PL","@id":"https:\/\/ironsky.pl\/sklep\/produkt\/obudowa-aluminiowa-telesin-gopro-hero-12-11-10-9-uchwyt-pionowy\/#primaryimage","url":"https:\/\/ironsky.pl\/sklep\/wp-content\/uploads\/2026\/04\/28019_7.jpg","contentUrl":"https:\/\/ironsky.pl\/sklep\/wp-content\/uploads\/2026\/04\/28019_7.jpg","width":800,"height":800},{"@type":"BreadcrumbList","@id":"https:\/\/ironsky.pl\/sklep\/produkt\/obudowa-aluminiowa-telesin-gopro-hero-12-11-10-9-uchwyt-pionowy\/#breadcrumb","itemListElement":[{"@type":"ListItem","position":1,"name":"Strona g\u0142\u00f3wna","item":"https:\/\/ironsky.pl\/sklep\/"},{"@type":"ListItem","position":2,"name":"Wszystkie produkty","item":"https:\/\/ironsky.pl\/sklep\/produkty\/"},{"@type":"ListItem","position":3,"name":"Obudowa aluminiowa TELESIN GoPro Hero 12\/11\/10\/9 uchwyt pionowy"}]},{"@type":"WebSite","@id":"https:\/\/ironsky.pl\/sklep\/#website","url":"https:\/\/ironsky.pl\/sklep\/","name":"IRONSKY.PL Sklep z Dronami","description":"IRONSKY.PL Sklep z Dronami","potentialAction":[{"@type":"SearchAction","target":{"@type":"EntryPoint","urlTemplate":"https:\/\/ironsky.pl\/sklep\/?s={search_term_string}"},"query-input":{"@type":"PropertyValueSpecification","valueRequired":true,"valueName":"search_term_string"}}],"inLanguage":"pl-PL"}]}},"_links":{"self":[{"href":"https:\/\/ironsky.pl\/sklep\/wp-json\/wp\/v2\/product\/56755","targetHints":{"allow":["GET"]}}],"collection":[{"href":"https:\/\/ironsky.pl\/sklep\/wp-json\/wp\/v2\/product"}],"about":[{"href":"https:\/\/ironsky.pl\/sklep\/wp-json\/wp\/v2\/types\/product"}],"replies":[{"embeddable":true,"href":"https:\/\/ironsky.pl\/sklep\/wp-json\/wp\/v2\/comments?post=56755"}],"wp:featuredmedia":[{"embeddable":true,"href":"https:\/\/ironsky.pl\/sklep\/wp-json\/wp\/v2\/media\/56756"}],"wp:attachment":[{"href":"https:\/\/ironsky.pl\/sklep\/wp-json\/wp\/v2\/media?parent=56755"}],"wp:term":[{"taxonomy":"product_brand","embeddable":true,"href":"https:\/\/ironsky.pl\/sklep\/wp-json\/wp\/v2\/product_brand?post=56755"},{"taxonomy":"product_cat","embeddable":true,"href":"https:\/\/ironsky.pl\/sklep\/wp-json\/wp\/v2\/product_cat?post=56755"},{"taxonomy":"product_tag","embeddable":true,"href":"https:\/\/ironsky.pl\/sklep\/wp-json\/wp\/v2\/product_tag?post=56755"}],"curies":[{"name":"wp","href":"https:\/\/api.w.org\/{rel}","templated":true}]}}