{"id":56737,"date":"2026-04-15T10:17:52","date_gmt":"2026-04-15T08:17:52","guid":{"rendered":"https:\/\/ironsky.pl\/sklep\/produkt\/mocowanie-telesin-z-przyssawka-do-kamer-sportowych\/"},"modified":"2026-04-15T10:18:05","modified_gmt":"2026-04-15T08:18:05","slug":"mocowanie-telesin-z-przyssawka-do-kamer-sportowych","status":"publish","type":"product","link":"https:\/\/ironsky.pl\/sklep\/produkt\/mocowanie-telesin-z-przyssawka-do-kamer-sportowych\/","title":{"rendered":"Mocowanie TELESIN z przyssawk\u0105 do kamer sportowych"},"content":{"rendered":"<h3 style=\"text-align: center;\">Mocowanie z przyssawk\u0105 Telesin do telefon\u00f3w i kamer sportowych<\/h3>\n<p>Za pomoc\u0105 mocowania z przyssawk\u0105 Telesin TE-SUC-012 stabilnie przymocujesz swoj\u0105 kamer\u0119 sportow\u0105 lub telefon do wybranej p\u0142askiej powierzchni. Akcesorium jest bardzo lekkie, a zarazem wytrzyma\u0142e. Oferuje tak\u017ce 2 przeguby kulowe, dzi\u0119ki kt\u00f3rym mo\u017cesz swobodnie regulowa\u0107 jego po\u0142o\u017cenie. Mocowanie jest kompatybilne z wi\u0119kszo\u015bci\u0105 kamer sportowych i smartfon\u00f3w, a jego maksymalny ud\u017awig wynosi 10 kg.<\/p>\n<p><img decoding=\"async\" src=\"https:\/\/b2b.innpro.pl\/data\/include\/cms\/Telesin\/TE-SUC-012\/7.jpg\" border=\"0\" alt=\"\" width=\"1100\" height=\"700\" \/><\/p>\n<p>\u00a0<\/p>\n<h3 style=\"text-align: center;\">Mo\u017cliwo\u015b\u0107 regulacji<\/h3>\n<p>Dostosuj po\u0142o\u017cenie uchwytu do swoich potrzeb. Akcesorium zosta\u0142o wyposa\u017cone w 2 przeguby kulowe, dzi\u0119ki kt\u00f3rym mo\u017cesz swobodnie regulowa\u0107 jego nachylenie oraz obr\u00f3t w zakresie 360\u00b0. Teraz bez trudu uzyskasz odpowiedni k\u0105t nagrywania lub ustawisz smartfona w taki spos\u00f3b, aby wygodnie z niego korzysta\u0107!<\/p>\n<p><img decoding=\"async\" src=\"https:\/\/b2b.innpro.pl\/data\/include\/cms\/Telesin\/TE-SUC-012\/1.jpg\" border=\"0\" alt=\"\" width=\"1100\" height=\"700\" \/><\/p>\n<p>\u00a0<\/p>\n<h3 style=\"text-align: center;\">Wyj\u0105tkowa stabilno\u015b\u0107<\/h3>\n<p>Uchwyt zosta\u0142 wyposa\u017cony w specjalnie zaprojektowan\u0105 przyssawk\u0119, kt\u00f3ra zapewnia stabilne, niezawodne mocowanie. Nie obawiaj si\u0119, \u017ce zamontowana na nim kamera upadnie i zostanie uszkodzona! Akcesorium jest te\u017c bardzo proste w monta\u017cu i wyr\u00f3\u017cnia si\u0119 ud\u017awigiem do 10 kg. Bez problemu sprosta niemal ka\u017cdemu wyzwaniu!<\/p>\n<p><img decoding=\"async\" src=\"https:\/\/b2b.innpro.pl\/data\/include\/cms\/Telesin\/TE-SUC-012\/4.jpg\" border=\"0\" alt=\"\" width=\"1100\" height=\"700\" \/><\/p>\n<p>\u00a0<\/p>\n<h3 style=\"text-align: center;\">Szeroka kompatybilno\u015b\u0107<\/h3>\n<p>Niewa\u017cne, z jakich urz\u0105dze\u0144 korzystasz \u2013 z uchwytem Telesin bez trudu przygotujesz swoje najlepsze uj\u0119cie! Akcesorium jest kompatybilne z wieloma kamerami sportowymi i smartfonami. Dzi\u0119ki temu doskonale sprawdzi si\u0119 w wielu sytuacjach! Uwaga: w wypadku niekt\u00f3rych kamer konieczne b\u0119dzie u\u017cycie dodatkowej ramki, kt\u00f3r\u0105 nale\u017cy dokupi\u0107 oddzielnie.<\/p>\n<p><img decoding=\"async\" src=\"https:\/\/b2b.innpro.pl\/data\/include\/cms\/Telesin\/TE-SUC-012\/8.jpg\" border=\"0\" alt=\"\" width=\"1100\" height=\"700\" \/><\/p>\n<p>\u00a0<\/p>\n<h3 style=\"text-align: center;\">Wiele zastosowa\u0144<\/h3>\n<p>To praktyczne akcesorium doskonale sprawdzi si\u0119 w wielu r\u00f3\u017cnych zastosowaniach. Za jego pomoc\u0105 mo\u017cesz na przyk\u0142ad przymocowa\u0107 kamer\u0119 do samochodu i nagra\u0107 swoj\u0105 podr\u00f3\u017c z niecodziennej perspektywy. Uchwyt u\u0142atwi Ci r\u00f3wnie\u017c korzystanie z nawigacji. Chcesz wygodnie obejrze\u0107 film na smartfonie lub wzi\u0105\u0107 udzia\u0142 w wideokonferencji? U\u017cyj uchwytu, aby stabilnie przymocowa\u0107 urz\u0105dzenie do biurka!<\/p>\n<p><img decoding=\"async\" src=\"https:\/\/b2b.innpro.pl\/data\/include\/cms\/Telesin\/TE-SUC-012\/10.jpg\" border=\"0\" alt=\"\" width=\"1100\" height=\"700\" \/><\/p>\n<p>\u00a0<\/p>\n<h3 style=\"text-align: center;\">Lekkie i wytrzyma\u0142e<\/h3>\n<p>Do wykonania akcesorium zastosowano wysokiej jako\u015bci materia\u0142y, co przek\u0142ada si\u0119 na jego wytrzyma\u0142o\u015b\u0107 i odporno\u015b\u0107 na uszkodzenia. Mocowanie jest przy tym wyj\u0105tkowo lekkie i por\u0119czne. Co wi\u0119cej, dzi\u0119ki sk\u0142adanej konstrukcji mo\u017cesz mie\u0107 je zawsze pod r\u0119k\u0105. Zabierz je na kolejn\u0105 wycieczk\u0119 i stw\u00f3rz mn\u00f3stwo oryginalnych uj\u0119\u0107!<\/p>\n<p><img decoding=\"async\" src=\"https:\/\/b2b.innpro.pl\/data\/include\/cms\/Telesin\/TE-SUC-012\/5.jpg\" border=\"0\" alt=\"\" width=\"1100\" height=\"700\" \/><\/p>\n<p>\u00a0<\/p>\n<h3>W zestawie<\/h3>\n<ul>\n<li>Mocowanie z przyssawk\u0105<\/li>\n<li>Instrukcja obs\u0142ugi<\/li>\n<li>\u015aciereczka do czyszczenia<\/li>\n<li>Adapter 1\/4\u2033<\/li>\n<li>Uchwyt na telefon<\/li>\n<li>D\u0142uga \u015bruba<\/li>\n<\/ul>\n<div class=\"table-wrapper\">\n<table>\n<tbody>\n<tr>\n<th>Producent<\/th>\n<td>Telesin<\/td>\n<\/tr>\n<tr>\n<th>Nazwa<\/th>\n<td>General suction clip mount<\/td>\n<\/tr>\n<tr>\n<th>Model<\/th>\n<td>TE-SUC-012<\/td>\n<\/tr>\n<tr>\n<th>Ud\u017awig<\/th>\n<td>Do 10 kg<\/td>\n<\/tr>\n<tr>\n<th>Materia\u0142<\/th>\n<td>Nylon + w\u0142\u00f3kno, stal nierdzewna<\/td>\n<\/tr>\n<tr>\n<th>\u015arednica przyssawki<\/th>\n<td>82,5 mm<\/td>\n<\/tr>\n<\/tbody>\n<\/table>\n<\/div>\n<style type=\"text\/css\"><!--\n.table-wrapper{width:100%;overflow-x:auto}.table-wrapper>table{border-spacing:0}.table-wrapper>table>tbody>tr>td,.table-wrapper>table>tbody>tr>th{padding:10px 35px;text-align:left}.table-wrapper>table>tbody>tr>th{vertical-align:top}.table-wrapper>table>tbody>tr:nth-child(even){background-color:#f7f7f7}\n--><\/style>\n","protected":false},"excerpt":{"rendered":"<p>Mocowanie z przyssawk\u0105 Telesin do telefon\u00f3w i kamer sportowych Za pomoc\u0105 mocowania z przyssawk\u0105 Telesin TE-SUC-012 stabilnie przymocujesz swoj\u0105 kamer\u0119<\/p>\n","protected":false},"featured_media":56738,"comment_status":"closed","ping_status":"open","template":"","meta":{"_acf_changed":false},"product_brand":[],"product_cat":[1128,6178,6176,6177,6181,1138],"product_tag":[],"class_list":{"0":"post-56737","1":"product","2":"type-product","3":"status-publish","4":"has-post-thumbnail","6":"product_cat-foto-wideo","7":"product_cat-mocowania","8":"product_cat-selfie-stiki","9":"product_cat-statywy-selfie-stiki","10":"product_cat-szelki-mocowania-i-uchwyty","11":"product_cat-wysiegniki","12":"pa_producent-telesin","14":"first","15":"outofstock","16":"taxable","17":"shipping-taxable","18":"purchasable","19":"product-type-simple"},"acf":[],"yoast_head":"<!-- This site is optimized with the Yoast SEO plugin v27.2 - https:\/\/yoast.com\/product\/yoast-seo-wordpress\/ -->\n<title>Mocowanie TELESIN z przyssawk\u0105 do kamer sportowych - IRONSKY.PL Sklep z Dronami<\/title>\n<meta name=\"description\" content=\"Mocowanie TELESIN z przyssawk\u0105 do kamer sportowych - \u2705 sklep z dronami i fachowym doradztwem. \u2705 Tutaj kupisz produkty DJI, Yuneec, Parrot, Syma i wiele innych, a tak\u017ce kursy i licencje na operatora drona.\" \/>\n<meta name=\"robots\" content=\"index, follow, max-snippet:-1, max-image-preview:large, max-video-preview:-1\" \/>\n<link rel=\"canonical\" href=\"https:\/\/ironsky.pl\/sklep\/produkt\/mocowanie-telesin-z-przyssawka-do-kamer-sportowych\/\" \/>\n<meta property=\"og:locale\" content=\"pl_PL\" \/>\n<meta property=\"og:type\" content=\"article\" \/>\n<meta property=\"og:title\" content=\"Mocowanie TELESIN z przyssawk\u0105 do kamer sportowych - IRONSKY.PL Sklep z Dronami\" \/>\n<meta property=\"og:description\" content=\"Mocowanie TELESIN z przyssawk\u0105 do kamer sportowych - \u2705 sklep z dronami i fachowym doradztwem. \u2705 Tutaj kupisz produkty DJI, Yuneec, Parrot, Syma i wiele innych, a tak\u017ce kursy i licencje na operatora drona.\" \/>\n<meta property=\"og:url\" content=\"https:\/\/ironsky.pl\/sklep\/produkt\/mocowanie-telesin-z-przyssawka-do-kamer-sportowych\/\" \/>\n<meta property=\"og:site_name\" content=\"IRONSKY.PL Sklep z Dronami\" \/>\n<meta property=\"article:modified_time\" content=\"2026-04-15T08:18:05+00:00\" \/>\n<meta property=\"og:image\" content=\"https:\/\/ironsky.pl\/sklep\/wp-content\/uploads\/2026\/04\/27989_1.jpg\" \/>\n\t<meta property=\"og:image:width\" content=\"800\" \/>\n\t<meta property=\"og:image:height\" content=\"800\" \/>\n\t<meta property=\"og:image:type\" content=\"image\/jpeg\" \/>\n<meta name=\"twitter:card\" content=\"summary_large_image\" \/>\n<meta name=\"twitter:label1\" content=\"Szacowany czas czytania\" \/>\n\t<meta name=\"twitter:data1\" content=\"2 minuty\" \/>\n<script type=\"application\/ld+json\" class=\"yoast-schema-graph\">{\"@context\":\"https:\/\/schema.org\",\"@graph\":[{\"@type\":\"WebPage\",\"@id\":\"https:\/\/ironsky.pl\/sklep\/produkt\/mocowanie-telesin-z-przyssawka-do-kamer-sportowych\/\",\"url\":\"https:\/\/ironsky.pl\/sklep\/produkt\/mocowanie-telesin-z-przyssawka-do-kamer-sportowych\/\",\"name\":\"Mocowanie TELESIN z przyssawk\u0105 do kamer sportowych - IRONSKY.PL Sklep z Dronami\",\"isPartOf\":{\"@id\":\"https:\/\/ironsky.pl\/sklep\/#website\"},\"primaryImageOfPage\":{\"@id\":\"https:\/\/ironsky.pl\/sklep\/produkt\/mocowanie-telesin-z-przyssawka-do-kamer-sportowych\/#primaryimage\"},\"image\":{\"@id\":\"https:\/\/ironsky.pl\/sklep\/produkt\/mocowanie-telesin-z-przyssawka-do-kamer-sportowych\/#primaryimage\"},\"thumbnailUrl\":\"https:\/\/ironsky.pl\/sklep\/wp-content\/uploads\/2026\/04\/27989_1.jpg\",\"datePublished\":\"2026-04-15T08:17:52+00:00\",\"dateModified\":\"2026-04-15T08:18:05+00:00\",\"description\":\"Mocowanie TELESIN z przyssawk\u0105 do kamer sportowych - \u2705 sklep z dronami i fachowym doradztwem. \u2705 Tutaj kupisz produkty DJI, Yuneec, Parrot, Syma i wiele innych, a tak\u017ce kursy i licencje na operatora drona.\",\"breadcrumb\":{\"@id\":\"https:\/\/ironsky.pl\/sklep\/produkt\/mocowanie-telesin-z-przyssawka-do-kamer-sportowych\/#breadcrumb\"},\"inLanguage\":\"pl-PL\",\"potentialAction\":[{\"@type\":\"ReadAction\",\"target\":[\"https:\/\/ironsky.pl\/sklep\/produkt\/mocowanie-telesin-z-przyssawka-do-kamer-sportowych\/\"]}]},{\"@type\":\"ImageObject\",\"inLanguage\":\"pl-PL\",\"@id\":\"https:\/\/ironsky.pl\/sklep\/produkt\/mocowanie-telesin-z-przyssawka-do-kamer-sportowych\/#primaryimage\",\"url\":\"https:\/\/ironsky.pl\/sklep\/wp-content\/uploads\/2026\/04\/27989_1.jpg\",\"contentUrl\":\"https:\/\/ironsky.pl\/sklep\/wp-content\/uploads\/2026\/04\/27989_1.jpg\",\"width\":800,\"height\":800},{\"@type\":\"BreadcrumbList\",\"@id\":\"https:\/\/ironsky.pl\/sklep\/produkt\/mocowanie-telesin-z-przyssawka-do-kamer-sportowych\/#breadcrumb\",\"itemListElement\":[{\"@type\":\"ListItem\",\"position\":1,\"name\":\"Strona g\u0142\u00f3wna\",\"item\":\"https:\/\/ironsky.pl\/sklep\/\"},{\"@type\":\"ListItem\",\"position\":2,\"name\":\"Wszystkie produkty\",\"item\":\"https:\/\/ironsky.pl\/sklep\/produkty\/\"},{\"@type\":\"ListItem\",\"position\":3,\"name\":\"Mocowanie TELESIN z przyssawk\u0105 do kamer sportowych\"}]},{\"@type\":\"WebSite\",\"@id\":\"https:\/\/ironsky.pl\/sklep\/#website\",\"url\":\"https:\/\/ironsky.pl\/sklep\/\",\"name\":\"IRONSKY.PL Sklep z Dronami\",\"description\":\"IRONSKY.PL Sklep z Dronami\",\"potentialAction\":[{\"@type\":\"SearchAction\",\"target\":{\"@type\":\"EntryPoint\",\"urlTemplate\":\"https:\/\/ironsky.pl\/sklep\/?s={search_term_string}\"},\"query-input\":{\"@type\":\"PropertyValueSpecification\",\"valueRequired\":true,\"valueName\":\"search_term_string\"}}],\"inLanguage\":\"pl-PL\"}]}<\/script>\n<!-- \/ Yoast SEO plugin. -->","yoast_head_json":{"title":"Mocowanie TELESIN z przyssawk\u0105 do kamer sportowych - IRONSKY.PL Sklep z Dronami","description":"Mocowanie TELESIN z przyssawk\u0105 do kamer sportowych - \u2705 sklep z dronami i fachowym doradztwem. \u2705 Tutaj kupisz produkty DJI, Yuneec, Parrot, Syma i wiele innych, a tak\u017ce kursy i licencje na operatora drona.","robots":{"index":"index","follow":"follow","max-snippet":"max-snippet:-1","max-image-preview":"max-image-preview:large","max-video-preview":"max-video-preview:-1"},"canonical":"https:\/\/ironsky.pl\/sklep\/produkt\/mocowanie-telesin-z-przyssawka-do-kamer-sportowych\/","og_locale":"pl_PL","og_type":"article","og_title":"Mocowanie TELESIN z przyssawk\u0105 do kamer sportowych - IRONSKY.PL Sklep z Dronami","og_description":"Mocowanie TELESIN z przyssawk\u0105 do kamer sportowych - \u2705 sklep z dronami i fachowym doradztwem. \u2705 Tutaj kupisz produkty DJI, Yuneec, Parrot, Syma i wiele innych, a tak\u017ce kursy i licencje na operatora drona.","og_url":"https:\/\/ironsky.pl\/sklep\/produkt\/mocowanie-telesin-z-przyssawka-do-kamer-sportowych\/","og_site_name":"IRONSKY.PL Sklep z Dronami","article_modified_time":"2026-04-15T08:18:05+00:00","og_image":[{"width":800,"height":800,"url":"https:\/\/ironsky.pl\/sklep\/wp-content\/uploads\/2026\/04\/27989_1.jpg","type":"image\/jpeg"}],"twitter_card":"summary_large_image","twitter_misc":{"Szacowany czas czytania":"2 minuty"},"schema":{"@context":"https:\/\/schema.org","@graph":[{"@type":"WebPage","@id":"https:\/\/ironsky.pl\/sklep\/produkt\/mocowanie-telesin-z-przyssawka-do-kamer-sportowych\/","url":"https:\/\/ironsky.pl\/sklep\/produkt\/mocowanie-telesin-z-przyssawka-do-kamer-sportowych\/","name":"Mocowanie TELESIN z przyssawk\u0105 do kamer sportowych - IRONSKY.PL Sklep z Dronami","isPartOf":{"@id":"https:\/\/ironsky.pl\/sklep\/#website"},"primaryImageOfPage":{"@id":"https:\/\/ironsky.pl\/sklep\/produkt\/mocowanie-telesin-z-przyssawka-do-kamer-sportowych\/#primaryimage"},"image":{"@id":"https:\/\/ironsky.pl\/sklep\/produkt\/mocowanie-telesin-z-przyssawka-do-kamer-sportowych\/#primaryimage"},"thumbnailUrl":"https:\/\/ironsky.pl\/sklep\/wp-content\/uploads\/2026\/04\/27989_1.jpg","datePublished":"2026-04-15T08:17:52+00:00","dateModified":"2026-04-15T08:18:05+00:00","description":"Mocowanie TELESIN z przyssawk\u0105 do kamer sportowych - \u2705 sklep z dronami i fachowym doradztwem. \u2705 Tutaj kupisz produkty DJI, Yuneec, Parrot, Syma i wiele innych, a tak\u017ce kursy i licencje na operatora drona.","breadcrumb":{"@id":"https:\/\/ironsky.pl\/sklep\/produkt\/mocowanie-telesin-z-przyssawka-do-kamer-sportowych\/#breadcrumb"},"inLanguage":"pl-PL","potentialAction":[{"@type":"ReadAction","target":["https:\/\/ironsky.pl\/sklep\/produkt\/mocowanie-telesin-z-przyssawka-do-kamer-sportowych\/"]}]},{"@type":"ImageObject","inLanguage":"pl-PL","@id":"https:\/\/ironsky.pl\/sklep\/produkt\/mocowanie-telesin-z-przyssawka-do-kamer-sportowych\/#primaryimage","url":"https:\/\/ironsky.pl\/sklep\/wp-content\/uploads\/2026\/04\/27989_1.jpg","contentUrl":"https:\/\/ironsky.pl\/sklep\/wp-content\/uploads\/2026\/04\/27989_1.jpg","width":800,"height":800},{"@type":"BreadcrumbList","@id":"https:\/\/ironsky.pl\/sklep\/produkt\/mocowanie-telesin-z-przyssawka-do-kamer-sportowych\/#breadcrumb","itemListElement":[{"@type":"ListItem","position":1,"name":"Strona g\u0142\u00f3wna","item":"https:\/\/ironsky.pl\/sklep\/"},{"@type":"ListItem","position":2,"name":"Wszystkie produkty","item":"https:\/\/ironsky.pl\/sklep\/produkty\/"},{"@type":"ListItem","position":3,"name":"Mocowanie TELESIN z przyssawk\u0105 do kamer sportowych"}]},{"@type":"WebSite","@id":"https:\/\/ironsky.pl\/sklep\/#website","url":"https:\/\/ironsky.pl\/sklep\/","name":"IRONSKY.PL Sklep z Dronami","description":"IRONSKY.PL Sklep z Dronami","potentialAction":[{"@type":"SearchAction","target":{"@type":"EntryPoint","urlTemplate":"https:\/\/ironsky.pl\/sklep\/?s={search_term_string}"},"query-input":{"@type":"PropertyValueSpecification","valueRequired":true,"valueName":"search_term_string"}}],"inLanguage":"pl-PL"}]}},"_links":{"self":[{"href":"https:\/\/ironsky.pl\/sklep\/wp-json\/wp\/v2\/product\/56737","targetHints":{"allow":["GET"]}}],"collection":[{"href":"https:\/\/ironsky.pl\/sklep\/wp-json\/wp\/v2\/product"}],"about":[{"href":"https:\/\/ironsky.pl\/sklep\/wp-json\/wp\/v2\/types\/product"}],"replies":[{"embeddable":true,"href":"https:\/\/ironsky.pl\/sklep\/wp-json\/wp\/v2\/comments?post=56737"}],"wp:featuredmedia":[{"embeddable":true,"href":"https:\/\/ironsky.pl\/sklep\/wp-json\/wp\/v2\/media\/56738"}],"wp:attachment":[{"href":"https:\/\/ironsky.pl\/sklep\/wp-json\/wp\/v2\/media?parent=56737"}],"wp:term":[{"taxonomy":"product_brand","embeddable":true,"href":"https:\/\/ironsky.pl\/sklep\/wp-json\/wp\/v2\/product_brand?post=56737"},{"taxonomy":"product_cat","embeddable":true,"href":"https:\/\/ironsky.pl\/sklep\/wp-json\/wp\/v2\/product_cat?post=56737"},{"taxonomy":"product_tag","embeddable":true,"href":"https:\/\/ironsky.pl\/sklep\/wp-json\/wp\/v2\/product_tag?post=56737"}],"curies":[{"name":"wp","href":"https:\/\/api.w.org\/{rel}","templated":true}]}}