{"id":56732,"date":"2026-04-15T10:17:52","date_gmt":"2026-04-15T08:17:52","guid":{"rendered":"https:\/\/ironsky.pl\/sklep\/produkt\/selfie-stick-telesin-wypornosciowy-36-62cm\/"},"modified":"2026-04-15T10:18:01","modified_gmt":"2026-04-15T08:18:01","slug":"selfie-stick-telesin-wypornosciowy-36-62cm","status":"publish","type":"product","link":"https:\/\/ironsky.pl\/sklep\/produkt\/selfie-stick-telesin-wypornosciowy-36-62cm\/","title":{"rendered":"Selfie stick TELESIN wyporno\u015bciowy 36-62cm"},"content":{"rendered":"<h3 style=\"text-align: center;\">Selfie-stick wyporno\u015bciowy Telesin do kamer sportowych (GP-MNP-T01)<\/h3>\n<p>Uchwy\u0107 pi\u0119kno wodnego \u015bwiata. Selfie stick wyporno\u015bciowy Telesin GP-MNP-T01 unosi si\u0119 na wodzie, a dzi\u0119ki kolorowym, jaskrawym elementom jest \u0142atwy do zauwa\u017cenia. Mo\u017cesz te\u017c regulowa\u0107 jego d\u0142ugo\u015b\u0107 w zakresie 36-62 cm. Produkt ma tak\u017ce od\u0142\u0105czane mocowanie na pilota Wi-Fi (brak pilota w zestawie) oraz specjalny pasek, za pomoc\u0105 kt\u00f3rego przymocujesz je sobie do nadgarstka. Akcesorium jest kompatybilne z wi\u0119kszo\u015bci\u0105 kamer sportowych.<\/p>\n<p><img decoding=\"async\" src=\"https:\/\/b2b.innpro.pl\/data\/include\/cms\/Telesin\/GP-MNP-T01\/6.jpg\" border=\"0\" alt=\"\" width=\"1100\" height=\"700\" \/><\/p>\n<p>\u00a0<\/p>\n<h3 style=\"text-align: center;\">Tw\u00f3rz zachwycaj\u0105ce uj\u0119cia<\/h3>\n<p>Lubisz sporty wodne? A mo\u017ce uwielbiasz nurkowa\u0107? Uchwy\u0107 swoje przygody na fantastycznych uj\u0119ciach! Wystarczy, \u017ce przymocujesz swoj\u0105 kamer\u0119 sportow\u0105 do uchwytu wyporno\u015bciowego Telesin, kt\u00f3ry unosi si\u0119 na wodzie i jest bardzo \u0142atwy do zauwa\u017cenia. Istnieje r\u00f3wnie\u017c mo\u017cliwo\u015b\u0107 regulacji jego d\u0142ugo\u015bci w zakresie 36-62 cm. Dzi\u0119ki temu z \u0142atwo\u015bci\u0105 dostosujesz go do swoich potrzeb i stworzysz idealne uj\u0119cie!<\/p>\n<p><img decoding=\"async\" src=\"https:\/\/b2b.innpro.pl\/data\/include\/cms\/Telesin\/GP-MNP-T01\/4.jpg\" border=\"0\" alt=\"\" width=\"1100\" height=\"700\" \/><\/p>\n<p>\u00a0<\/p>\n<h3 style=\"text-align: center;\">Dopracowany w ka\u017cdym szczeg\u00f3le<\/h3>\n<p>Do wykonania selfie sticka wykorzystano wysokiej jako\u015bci materia\u0142y, co zapewnia mu wyj\u0105tkow\u0105 wytrzyma\u0142o\u015b\u0107 i odporno\u015b\u0107 na uszkodzenia. Produkt jest te\u017c bardzo szczelny \u2013 nie obawiaj si\u0119, \u017ce dostanie si\u0119 do niego woda. Do dyspozycji masz tak\u017ce otw\u00f3r 1\/4\u2033, kt\u00f3ry umo\u017cliwia monta\u017c dodatkowych akcesori\u00f3w, na przyk\u0142ad statywu. Na uwag\u0119 zas\u0142uguje r\u00f3wnie\u017c antypo\u015blizgowy uchwyt, kt\u00f3ry \u015bwietnie le\u017cy w d\u0142oni i gwarantuje pewny chwyt.<\/p>\n<p><img decoding=\"async\" src=\"https:\/\/b2b.innpro.pl\/data\/include\/cms\/Telesin\/GP-MNP-T01\/3.jpg\" border=\"0\" alt=\"\" width=\"1100\" height=\"700\" \/><\/p>\n<p>\u00a0<\/p>\n<h3>W zestawie<\/h3>\n<ul>\n<li>Selfie stick wyporno\u015bciowy<\/li>\n<li>\u015aruba skrzyde\u0142kowa<\/li>\n<li>Pasek na nadgarstek<\/li>\n<li>Od\u0142\u0105czany uchwyt na pilota Wi-Fi<\/li>\n<\/ul>\n<div class=\"table-wrapper\">\n<table>\n<tbody>\n<tr>\n<th>Producent<\/th>\n<td>Telesin<\/td>\n<\/tr>\n<tr>\n<th>Model<\/th>\n<td>GP-MNP-T01<\/td>\n<\/tr>\n<tr>\n<th>Materia\u0142<\/th>\n<td>Plastik<\/td>\n<\/tr>\n<tr>\n<th>D\u0142ugo\u015b\u0107 po roz\u0142o\u017ceniu<\/th>\n<td>62 cm<\/td>\n<\/tr>\n<tr>\n<th>D\u0142ugo\u015b\u0107 po z\u0142o\u017ceniu<\/th>\n<td>36 cm<\/td>\n<\/tr>\n<tr>\n<th>Waga<\/th>\n<td>200 g<\/td>\n<\/tr>\n<tr>\n<th>Maksymalny ud\u017awig<\/th>\n<td>1 kg<\/td>\n<\/tr>\n<\/tbody>\n<\/table>\n<\/div>\n<style type=\"text\/css\"><!--\n.table-wrapper{width:100%;overflow-x:auto}.table-wrapper>table{border-spacing:0}.table-wrapper>table>tbody>tr>td,.table-wrapper>table>tbody>tr>th{padding:10px 35px;text-align:left}.table-wrapper>table>tbody>tr>th{vertical-align:top}.table-wrapper>table>tbody>tr:nth-child(even){background-color:#f7f7f7}\n--><\/style>\n","protected":false},"excerpt":{"rendered":"<p>Selfie-stick wyporno\u015bciowy Telesin do kamer sportowych (GP-MNP-T01) Uchwy\u0107 pi\u0119kno wodnego \u015bwiata. Selfie stick wyporno\u015bciowy Telesin GP-MNP-T01 unosi si\u0119 na wodzie,<\/p>\n","protected":false},"featured_media":56733,"comment_status":"closed","ping_status":"open","template":"","meta":{"_acf_changed":false},"product_brand":[],"product_cat":[1128,6178,6176,6177,1138,6179],"product_tag":[],"class_list":{"0":"post-56732","1":"product","2":"type-product","3":"status-publish","4":"has-post-thumbnail","6":"product_cat-foto-wideo","7":"product_cat-mocowania","8":"product_cat-selfie-stiki","9":"product_cat-statywy-selfie-stiki","10":"product_cat-wysiegniki","11":"product_cat-wysiegniki-i-uchwyty-selfie","12":"pa_okres-gwarancji-5754","13":"pa_producent-telesin","15":"first","16":"outofstock","17":"taxable","18":"shipping-taxable","19":"purchasable","20":"product-type-simple"},"acf":[],"yoast_head":"<!-- This site is optimized with the Yoast SEO plugin v27.2 - https:\/\/yoast.com\/product\/yoast-seo-wordpress\/ -->\n<title>Selfie stick TELESIN wyporno\u015bciowy 36-62cm - IRONSKY.PL Sklep z Dronami<\/title>\n<meta name=\"description\" content=\"Selfie stick TELESIN wyporno\u015bciowy 36-62cm - \u2705 sklep z dronami i fachowym doradztwem. \u2705 Tutaj kupisz produkty DJI, Yuneec, Parrot, Syma i wiele innych, a tak\u017ce kursy i licencje na operatora drona.\" \/>\n<meta name=\"robots\" content=\"index, follow, max-snippet:-1, max-image-preview:large, max-video-preview:-1\" \/>\n<link rel=\"canonical\" href=\"https:\/\/ironsky.pl\/sklep\/produkt\/selfie-stick-telesin-wypornosciowy-36-62cm\/\" \/>\n<meta property=\"og:locale\" content=\"pl_PL\" \/>\n<meta property=\"og:type\" content=\"article\" \/>\n<meta property=\"og:title\" content=\"Selfie stick TELESIN wyporno\u015bciowy 36-62cm - IRONSKY.PL Sklep z Dronami\" \/>\n<meta property=\"og:description\" content=\"Selfie stick TELESIN wyporno\u015bciowy 36-62cm - \u2705 sklep z dronami i fachowym doradztwem. \u2705 Tutaj kupisz produkty DJI, Yuneec, Parrot, Syma i wiele innych, a tak\u017ce kursy i licencje na operatora drona.\" \/>\n<meta property=\"og:url\" content=\"https:\/\/ironsky.pl\/sklep\/produkt\/selfie-stick-telesin-wypornosciowy-36-62cm\/\" \/>\n<meta property=\"og:site_name\" content=\"IRONSKY.PL Sklep z Dronami\" \/>\n<meta property=\"article:modified_time\" content=\"2026-04-15T08:18:01+00:00\" \/>\n<meta property=\"og:image\" content=\"https:\/\/ironsky.pl\/sklep\/wp-content\/uploads\/2026\/04\/27988_1.jpg\" \/>\n\t<meta property=\"og:image:width\" content=\"800\" \/>\n\t<meta property=\"og:image:height\" content=\"801\" \/>\n\t<meta property=\"og:image:type\" content=\"image\/jpeg\" \/>\n<meta name=\"twitter:card\" content=\"summary_large_image\" \/>\n<meta name=\"twitter:label1\" content=\"Szacowany czas czytania\" \/>\n\t<meta name=\"twitter:data1\" content=\"1 minuta\" \/>\n<script type=\"application\/ld+json\" class=\"yoast-schema-graph\">{\"@context\":\"https:\/\/schema.org\",\"@graph\":[{\"@type\":\"WebPage\",\"@id\":\"https:\/\/ironsky.pl\/sklep\/produkt\/selfie-stick-telesin-wypornosciowy-36-62cm\/\",\"url\":\"https:\/\/ironsky.pl\/sklep\/produkt\/selfie-stick-telesin-wypornosciowy-36-62cm\/\",\"name\":\"Selfie stick TELESIN wyporno\u015bciowy 36-62cm - IRONSKY.PL Sklep z Dronami\",\"isPartOf\":{\"@id\":\"https:\/\/ironsky.pl\/sklep\/#website\"},\"primaryImageOfPage\":{\"@id\":\"https:\/\/ironsky.pl\/sklep\/produkt\/selfie-stick-telesin-wypornosciowy-36-62cm\/#primaryimage\"},\"image\":{\"@id\":\"https:\/\/ironsky.pl\/sklep\/produkt\/selfie-stick-telesin-wypornosciowy-36-62cm\/#primaryimage\"},\"thumbnailUrl\":\"https:\/\/ironsky.pl\/sklep\/wp-content\/uploads\/2026\/04\/27988_1.jpg\",\"datePublished\":\"2026-04-15T08:17:52+00:00\",\"dateModified\":\"2026-04-15T08:18:01+00:00\",\"description\":\"Selfie stick TELESIN wyporno\u015bciowy 36-62cm - \u2705 sklep z dronami i fachowym doradztwem. \u2705 Tutaj kupisz produkty DJI, Yuneec, Parrot, Syma i wiele innych, a tak\u017ce kursy i licencje na operatora drona.\",\"breadcrumb\":{\"@id\":\"https:\/\/ironsky.pl\/sklep\/produkt\/selfie-stick-telesin-wypornosciowy-36-62cm\/#breadcrumb\"},\"inLanguage\":\"pl-PL\",\"potentialAction\":[{\"@type\":\"ReadAction\",\"target\":[\"https:\/\/ironsky.pl\/sklep\/produkt\/selfie-stick-telesin-wypornosciowy-36-62cm\/\"]}]},{\"@type\":\"ImageObject\",\"inLanguage\":\"pl-PL\",\"@id\":\"https:\/\/ironsky.pl\/sklep\/produkt\/selfie-stick-telesin-wypornosciowy-36-62cm\/#primaryimage\",\"url\":\"https:\/\/ironsky.pl\/sklep\/wp-content\/uploads\/2026\/04\/27988_1.jpg\",\"contentUrl\":\"https:\/\/ironsky.pl\/sklep\/wp-content\/uploads\/2026\/04\/27988_1.jpg\",\"width\":800,\"height\":801},{\"@type\":\"BreadcrumbList\",\"@id\":\"https:\/\/ironsky.pl\/sklep\/produkt\/selfie-stick-telesin-wypornosciowy-36-62cm\/#breadcrumb\",\"itemListElement\":[{\"@type\":\"ListItem\",\"position\":1,\"name\":\"Strona g\u0142\u00f3wna\",\"item\":\"https:\/\/ironsky.pl\/sklep\/\"},{\"@type\":\"ListItem\",\"position\":2,\"name\":\"Wszystkie produkty\",\"item\":\"https:\/\/ironsky.pl\/sklep\/produkty\/\"},{\"@type\":\"ListItem\",\"position\":3,\"name\":\"Selfie stick TELESIN wyporno\u015bciowy 36-62cm\"}]},{\"@type\":\"WebSite\",\"@id\":\"https:\/\/ironsky.pl\/sklep\/#website\",\"url\":\"https:\/\/ironsky.pl\/sklep\/\",\"name\":\"IRONSKY.PL Sklep z Dronami\",\"description\":\"IRONSKY.PL Sklep z Dronami\",\"potentialAction\":[{\"@type\":\"SearchAction\",\"target\":{\"@type\":\"EntryPoint\",\"urlTemplate\":\"https:\/\/ironsky.pl\/sklep\/?s={search_term_string}\"},\"query-input\":{\"@type\":\"PropertyValueSpecification\",\"valueRequired\":true,\"valueName\":\"search_term_string\"}}],\"inLanguage\":\"pl-PL\"}]}<\/script>\n<!-- \/ Yoast SEO plugin. -->","yoast_head_json":{"title":"Selfie stick TELESIN wyporno\u015bciowy 36-62cm - IRONSKY.PL Sklep z Dronami","description":"Selfie stick TELESIN wyporno\u015bciowy 36-62cm - \u2705 sklep z dronami i fachowym doradztwem. \u2705 Tutaj kupisz produkty DJI, Yuneec, Parrot, Syma i wiele innych, a tak\u017ce kursy i licencje na operatora drona.","robots":{"index":"index","follow":"follow","max-snippet":"max-snippet:-1","max-image-preview":"max-image-preview:large","max-video-preview":"max-video-preview:-1"},"canonical":"https:\/\/ironsky.pl\/sklep\/produkt\/selfie-stick-telesin-wypornosciowy-36-62cm\/","og_locale":"pl_PL","og_type":"article","og_title":"Selfie stick TELESIN wyporno\u015bciowy 36-62cm - IRONSKY.PL Sklep z Dronami","og_description":"Selfie stick TELESIN wyporno\u015bciowy 36-62cm - \u2705 sklep z dronami i fachowym doradztwem. \u2705 Tutaj kupisz produkty DJI, Yuneec, Parrot, Syma i wiele innych, a tak\u017ce kursy i licencje na operatora drona.","og_url":"https:\/\/ironsky.pl\/sklep\/produkt\/selfie-stick-telesin-wypornosciowy-36-62cm\/","og_site_name":"IRONSKY.PL Sklep z Dronami","article_modified_time":"2026-04-15T08:18:01+00:00","og_image":[{"width":800,"height":801,"url":"https:\/\/ironsky.pl\/sklep\/wp-content\/uploads\/2026\/04\/27988_1.jpg","type":"image\/jpeg"}],"twitter_card":"summary_large_image","twitter_misc":{"Szacowany czas czytania":"1 minuta"},"schema":{"@context":"https:\/\/schema.org","@graph":[{"@type":"WebPage","@id":"https:\/\/ironsky.pl\/sklep\/produkt\/selfie-stick-telesin-wypornosciowy-36-62cm\/","url":"https:\/\/ironsky.pl\/sklep\/produkt\/selfie-stick-telesin-wypornosciowy-36-62cm\/","name":"Selfie stick TELESIN wyporno\u015bciowy 36-62cm - IRONSKY.PL Sklep z Dronami","isPartOf":{"@id":"https:\/\/ironsky.pl\/sklep\/#website"},"primaryImageOfPage":{"@id":"https:\/\/ironsky.pl\/sklep\/produkt\/selfie-stick-telesin-wypornosciowy-36-62cm\/#primaryimage"},"image":{"@id":"https:\/\/ironsky.pl\/sklep\/produkt\/selfie-stick-telesin-wypornosciowy-36-62cm\/#primaryimage"},"thumbnailUrl":"https:\/\/ironsky.pl\/sklep\/wp-content\/uploads\/2026\/04\/27988_1.jpg","datePublished":"2026-04-15T08:17:52+00:00","dateModified":"2026-04-15T08:18:01+00:00","description":"Selfie stick TELESIN wyporno\u015bciowy 36-62cm - \u2705 sklep z dronami i fachowym doradztwem. \u2705 Tutaj kupisz produkty DJI, Yuneec, Parrot, Syma i wiele innych, a tak\u017ce kursy i licencje na operatora drona.","breadcrumb":{"@id":"https:\/\/ironsky.pl\/sklep\/produkt\/selfie-stick-telesin-wypornosciowy-36-62cm\/#breadcrumb"},"inLanguage":"pl-PL","potentialAction":[{"@type":"ReadAction","target":["https:\/\/ironsky.pl\/sklep\/produkt\/selfie-stick-telesin-wypornosciowy-36-62cm\/"]}]},{"@type":"ImageObject","inLanguage":"pl-PL","@id":"https:\/\/ironsky.pl\/sklep\/produkt\/selfie-stick-telesin-wypornosciowy-36-62cm\/#primaryimage","url":"https:\/\/ironsky.pl\/sklep\/wp-content\/uploads\/2026\/04\/27988_1.jpg","contentUrl":"https:\/\/ironsky.pl\/sklep\/wp-content\/uploads\/2026\/04\/27988_1.jpg","width":800,"height":801},{"@type":"BreadcrumbList","@id":"https:\/\/ironsky.pl\/sklep\/produkt\/selfie-stick-telesin-wypornosciowy-36-62cm\/#breadcrumb","itemListElement":[{"@type":"ListItem","position":1,"name":"Strona g\u0142\u00f3wna","item":"https:\/\/ironsky.pl\/sklep\/"},{"@type":"ListItem","position":2,"name":"Wszystkie produkty","item":"https:\/\/ironsky.pl\/sklep\/produkty\/"},{"@type":"ListItem","position":3,"name":"Selfie stick TELESIN wyporno\u015bciowy 36-62cm"}]},{"@type":"WebSite","@id":"https:\/\/ironsky.pl\/sklep\/#website","url":"https:\/\/ironsky.pl\/sklep\/","name":"IRONSKY.PL Sklep z Dronami","description":"IRONSKY.PL Sklep z Dronami","potentialAction":[{"@type":"SearchAction","target":{"@type":"EntryPoint","urlTemplate":"https:\/\/ironsky.pl\/sklep\/?s={search_term_string}"},"query-input":{"@type":"PropertyValueSpecification","valueRequired":true,"valueName":"search_term_string"}}],"inLanguage":"pl-PL"}]}},"_links":{"self":[{"href":"https:\/\/ironsky.pl\/sklep\/wp-json\/wp\/v2\/product\/56732","targetHints":{"allow":["GET"]}}],"collection":[{"href":"https:\/\/ironsky.pl\/sklep\/wp-json\/wp\/v2\/product"}],"about":[{"href":"https:\/\/ironsky.pl\/sklep\/wp-json\/wp\/v2\/types\/product"}],"replies":[{"embeddable":true,"href":"https:\/\/ironsky.pl\/sklep\/wp-json\/wp\/v2\/comments?post=56732"}],"wp:featuredmedia":[{"embeddable":true,"href":"https:\/\/ironsky.pl\/sklep\/wp-json\/wp\/v2\/media\/56733"}],"wp:attachment":[{"href":"https:\/\/ironsky.pl\/sklep\/wp-json\/wp\/v2\/media?parent=56732"}],"wp:term":[{"taxonomy":"product_brand","embeddable":true,"href":"https:\/\/ironsky.pl\/sklep\/wp-json\/wp\/v2\/product_brand?post=56732"},{"taxonomy":"product_cat","embeddable":true,"href":"https:\/\/ironsky.pl\/sklep\/wp-json\/wp\/v2\/product_cat?post=56732"},{"taxonomy":"product_tag","embeddable":true,"href":"https:\/\/ironsky.pl\/sklep\/wp-json\/wp\/v2\/product_tag?post=56732"}],"curies":[{"name":"wp","href":"https:\/\/api.w.org\/{rel}","templated":true}]}}