{"id":56729,"date":"2026-04-15T10:17:52","date_gmt":"2026-04-15T08:17:52","guid":{"rendered":"https:\/\/ironsky.pl\/sklep\/produkt\/szmatka-ochronna-pgytech-p-cb-104\/"},"modified":"2026-04-15T10:17:58","modified_gmt":"2026-04-15T08:17:58","slug":"szmatka-ochronna-pgytech-p-cb-104","status":"publish","type":"product","link":"https:\/\/ironsky.pl\/sklep\/produkt\/szmatka-ochronna-pgytech-p-cb-104\/","title":{"rendered":"Szmatka ochronna PGYTECH P-CB-104"},"content":{"rendered":"<h3>Ochronny futera\u0142\/ pokrowiec PGYTECH\u00a0<\/h3>\n<p>Zwi\u0119ksz bezpiecze\u0144stwo Twojego sprz\u0119tu podczas transportu. Szmatka ochronna od PGYTECH dodatkowo chroni urz\u0105dzenia przed zarysowaniem oraz uszkodzeniem. Mo\u017cesz wykorzysta\u0107 j\u0105 do zabezpieczenia swojego aparatu, obiektyw\u00f3w, filtr\u00f3w czy iPada. Doskonale sprawdzi si\u0119 r\u00f3wnie\u017c do czyszczenia wy\u015bwietlacza \u2013 z \u0142atwo\u015bci\u0105 usunie kurz oraz plamy bez pozostawiania smug. Zosta\u0142a wykonana z trwa\u0142ego materia\u0142u polimerowego i przetworzona za pomoc\u0105 nanotechnologii, dzi\u0119ki czemu nie musisz obawia\u0107 si\u0119 jej uszkodzenia podczas prania w pralce. Na uwag\u0119 zas\u0142uguje r\u00f3wnie\u017c unikatowy design, kt\u00f3ry przyci\u0105ga wzrok.<\/p>\n<p><img decoding=\"async\" src=\"https:\/\/b2b.innpro.pl\/data\/include\/cms\/PGYTECH\/P-CB-104\/1.jpg\"><\/p>\n<div class=\"table-wrapper\">\n<table>\n<tbody>\n<tr>\n<th>Producent<\/th>\n<td>PGY<\/td>\n<\/tr>\n<tr>\n<th>Model<\/th>\n<td>P-CB-104<\/td>\n<\/tr>\n<tr>\n<th>Wz\u00f3r<\/th>\n<td>Artist<\/td>\n<\/tr>\n<tr>\n<th>Wymiary<\/th>\n<td>450 x 450 mm<\/td>\n<\/tr>\n<tr>\n<th>Materia\u0142<\/th>\n<td>Poliester<\/td>\n<\/tr>\n<tr>\n<th>Waga<\/th>\n<td>115 g<\/td>\n<\/tr>\n<\/tbody>\n<\/table>\n<\/div>\n","protected":false},"excerpt":{"rendered":"<p>Ochronny futera\u0142\/ pokrowiec PGYTECH\u00a0 Zwi\u0119ksz bezpiecze\u0144stwo Twojego sprz\u0119tu podczas transportu. Szmatka ochronna od PGYTECH dodatkowo chroni urz\u0105dzenia przed zarysowaniem oraz<\/p>\n","protected":false},"featured_media":56730,"comment_status":"closed","ping_status":"open","template":"","meta":{"_acf_changed":false},"product_brand":[],"product_cat":[1128,6173,6172],"product_tag":[],"class_list":{"0":"post-56729","1":"product","2":"type-product","3":"status-publish","4":"has-post-thumbnail","6":"product_cat-foto-wideo","7":"product_cat-futeraly-i-etui","8":"product_cat-przechowywanie-i-transport","9":"pa_okres-gwarancji-5754","10":"pa_producent-pgytech","12":"first","13":"outofstock","14":"taxable","15":"shipping-taxable","16":"purchasable","17":"product-type-simple"},"acf":[],"yoast_head":"<!-- This site is optimized with the Yoast SEO plugin v27.2 - https:\/\/yoast.com\/product\/yoast-seo-wordpress\/ -->\n<title>Szmatka ochronna PGYTECH P-CB-104 - IRONSKY.PL Sklep z Dronami<\/title>\n<meta name=\"description\" content=\"Szmatka ochronna PGYTECH P-CB-104 - \u2705 sklep z dronami i fachowym doradztwem. \u2705 Tutaj kupisz produkty DJI, Yuneec, Parrot, Syma i wiele innych, a tak\u017ce kursy i licencje na operatora drona.\" \/>\n<meta name=\"robots\" content=\"index, follow, max-snippet:-1, max-image-preview:large, max-video-preview:-1\" \/>\n<link rel=\"canonical\" href=\"https:\/\/ironsky.pl\/sklep\/produkt\/szmatka-ochronna-pgytech-p-cb-104\/\" \/>\n<meta property=\"og:locale\" content=\"pl_PL\" \/>\n<meta property=\"og:type\" content=\"article\" \/>\n<meta property=\"og:title\" content=\"Szmatka ochronna PGYTECH P-CB-104 - IRONSKY.PL Sklep z Dronami\" \/>\n<meta property=\"og:description\" content=\"Szmatka ochronna PGYTECH P-CB-104 - \u2705 sklep z dronami i fachowym doradztwem. \u2705 Tutaj kupisz produkty DJI, Yuneec, Parrot, Syma i wiele innych, a tak\u017ce kursy i licencje na operatora drona.\" \/>\n<meta property=\"og:url\" content=\"https:\/\/ironsky.pl\/sklep\/produkt\/szmatka-ochronna-pgytech-p-cb-104\/\" \/>\n<meta property=\"og:site_name\" content=\"IRONSKY.PL Sklep z Dronami\" \/>\n<meta property=\"article:modified_time\" content=\"2026-04-15T08:17:58+00:00\" \/>\n<meta property=\"og:image\" content=\"https:\/\/ironsky.pl\/sklep\/wp-content\/uploads\/2026\/04\/27940_1.jpg\" \/>\n\t<meta property=\"og:image:width\" content=\"800\" \/>\n\t<meta property=\"og:image:height\" content=\"800\" \/>\n\t<meta property=\"og:image:type\" content=\"image\/jpeg\" \/>\n<meta name=\"twitter:card\" content=\"summary_large_image\" \/>\n<meta name=\"twitter:label1\" content=\"Szacowany czas czytania\" \/>\n\t<meta name=\"twitter:data1\" content=\"1 minuta\" \/>\n<script type=\"application\/ld+json\" class=\"yoast-schema-graph\">{\"@context\":\"https:\/\/schema.org\",\"@graph\":[{\"@type\":\"WebPage\",\"@id\":\"https:\/\/ironsky.pl\/sklep\/produkt\/szmatka-ochronna-pgytech-p-cb-104\/\",\"url\":\"https:\/\/ironsky.pl\/sklep\/produkt\/szmatka-ochronna-pgytech-p-cb-104\/\",\"name\":\"Szmatka ochronna PGYTECH P-CB-104 - IRONSKY.PL Sklep z Dronami\",\"isPartOf\":{\"@id\":\"https:\/\/ironsky.pl\/sklep\/#website\"},\"primaryImageOfPage\":{\"@id\":\"https:\/\/ironsky.pl\/sklep\/produkt\/szmatka-ochronna-pgytech-p-cb-104\/#primaryimage\"},\"image\":{\"@id\":\"https:\/\/ironsky.pl\/sklep\/produkt\/szmatka-ochronna-pgytech-p-cb-104\/#primaryimage\"},\"thumbnailUrl\":\"https:\/\/ironsky.pl\/sklep\/wp-content\/uploads\/2026\/04\/27940_1.jpg\",\"datePublished\":\"2026-04-15T08:17:52+00:00\",\"dateModified\":\"2026-04-15T08:17:58+00:00\",\"description\":\"Szmatka ochronna PGYTECH P-CB-104 - \u2705 sklep z dronami i fachowym doradztwem. \u2705 Tutaj kupisz produkty DJI, Yuneec, Parrot, Syma i wiele innych, a tak\u017ce kursy i licencje na operatora drona.\",\"breadcrumb\":{\"@id\":\"https:\/\/ironsky.pl\/sklep\/produkt\/szmatka-ochronna-pgytech-p-cb-104\/#breadcrumb\"},\"inLanguage\":\"pl-PL\",\"potentialAction\":[{\"@type\":\"ReadAction\",\"target\":[\"https:\/\/ironsky.pl\/sklep\/produkt\/szmatka-ochronna-pgytech-p-cb-104\/\"]}]},{\"@type\":\"ImageObject\",\"inLanguage\":\"pl-PL\",\"@id\":\"https:\/\/ironsky.pl\/sklep\/produkt\/szmatka-ochronna-pgytech-p-cb-104\/#primaryimage\",\"url\":\"https:\/\/ironsky.pl\/sklep\/wp-content\/uploads\/2026\/04\/27940_1.jpg\",\"contentUrl\":\"https:\/\/ironsky.pl\/sklep\/wp-content\/uploads\/2026\/04\/27940_1.jpg\",\"width\":800,\"height\":800},{\"@type\":\"BreadcrumbList\",\"@id\":\"https:\/\/ironsky.pl\/sklep\/produkt\/szmatka-ochronna-pgytech-p-cb-104\/#breadcrumb\",\"itemListElement\":[{\"@type\":\"ListItem\",\"position\":1,\"name\":\"Strona g\u0142\u00f3wna\",\"item\":\"https:\/\/ironsky.pl\/sklep\/\"},{\"@type\":\"ListItem\",\"position\":2,\"name\":\"Wszystkie produkty\",\"item\":\"https:\/\/ironsky.pl\/sklep\/produkty\/\"},{\"@type\":\"ListItem\",\"position\":3,\"name\":\"Szmatka ochronna PGYTECH P-CB-104\"}]},{\"@type\":\"WebSite\",\"@id\":\"https:\/\/ironsky.pl\/sklep\/#website\",\"url\":\"https:\/\/ironsky.pl\/sklep\/\",\"name\":\"IRONSKY.PL Sklep z Dronami\",\"description\":\"IRONSKY.PL Sklep z Dronami\",\"potentialAction\":[{\"@type\":\"SearchAction\",\"target\":{\"@type\":\"EntryPoint\",\"urlTemplate\":\"https:\/\/ironsky.pl\/sklep\/?s={search_term_string}\"},\"query-input\":{\"@type\":\"PropertyValueSpecification\",\"valueRequired\":true,\"valueName\":\"search_term_string\"}}],\"inLanguage\":\"pl-PL\"}]}<\/script>\n<!-- \/ Yoast SEO plugin. -->","yoast_head_json":{"title":"Szmatka ochronna PGYTECH P-CB-104 - IRONSKY.PL Sklep z Dronami","description":"Szmatka ochronna PGYTECH P-CB-104 - \u2705 sklep z dronami i fachowym doradztwem. \u2705 Tutaj kupisz produkty DJI, Yuneec, Parrot, Syma i wiele innych, a tak\u017ce kursy i licencje na operatora drona.","robots":{"index":"index","follow":"follow","max-snippet":"max-snippet:-1","max-image-preview":"max-image-preview:large","max-video-preview":"max-video-preview:-1"},"canonical":"https:\/\/ironsky.pl\/sklep\/produkt\/szmatka-ochronna-pgytech-p-cb-104\/","og_locale":"pl_PL","og_type":"article","og_title":"Szmatka ochronna PGYTECH P-CB-104 - IRONSKY.PL Sklep z Dronami","og_description":"Szmatka ochronna PGYTECH P-CB-104 - \u2705 sklep z dronami i fachowym doradztwem. \u2705 Tutaj kupisz produkty DJI, Yuneec, Parrot, Syma i wiele innych, a tak\u017ce kursy i licencje na operatora drona.","og_url":"https:\/\/ironsky.pl\/sklep\/produkt\/szmatka-ochronna-pgytech-p-cb-104\/","og_site_name":"IRONSKY.PL Sklep z Dronami","article_modified_time":"2026-04-15T08:17:58+00:00","og_image":[{"width":800,"height":800,"url":"https:\/\/ironsky.pl\/sklep\/wp-content\/uploads\/2026\/04\/27940_1.jpg","type":"image\/jpeg"}],"twitter_card":"summary_large_image","twitter_misc":{"Szacowany czas czytania":"1 minuta"},"schema":{"@context":"https:\/\/schema.org","@graph":[{"@type":"WebPage","@id":"https:\/\/ironsky.pl\/sklep\/produkt\/szmatka-ochronna-pgytech-p-cb-104\/","url":"https:\/\/ironsky.pl\/sklep\/produkt\/szmatka-ochronna-pgytech-p-cb-104\/","name":"Szmatka ochronna PGYTECH P-CB-104 - IRONSKY.PL Sklep z Dronami","isPartOf":{"@id":"https:\/\/ironsky.pl\/sklep\/#website"},"primaryImageOfPage":{"@id":"https:\/\/ironsky.pl\/sklep\/produkt\/szmatka-ochronna-pgytech-p-cb-104\/#primaryimage"},"image":{"@id":"https:\/\/ironsky.pl\/sklep\/produkt\/szmatka-ochronna-pgytech-p-cb-104\/#primaryimage"},"thumbnailUrl":"https:\/\/ironsky.pl\/sklep\/wp-content\/uploads\/2026\/04\/27940_1.jpg","datePublished":"2026-04-15T08:17:52+00:00","dateModified":"2026-04-15T08:17:58+00:00","description":"Szmatka ochronna PGYTECH P-CB-104 - \u2705 sklep z dronami i fachowym doradztwem. \u2705 Tutaj kupisz produkty DJI, Yuneec, Parrot, Syma i wiele innych, a tak\u017ce kursy i licencje na operatora drona.","breadcrumb":{"@id":"https:\/\/ironsky.pl\/sklep\/produkt\/szmatka-ochronna-pgytech-p-cb-104\/#breadcrumb"},"inLanguage":"pl-PL","potentialAction":[{"@type":"ReadAction","target":["https:\/\/ironsky.pl\/sklep\/produkt\/szmatka-ochronna-pgytech-p-cb-104\/"]}]},{"@type":"ImageObject","inLanguage":"pl-PL","@id":"https:\/\/ironsky.pl\/sklep\/produkt\/szmatka-ochronna-pgytech-p-cb-104\/#primaryimage","url":"https:\/\/ironsky.pl\/sklep\/wp-content\/uploads\/2026\/04\/27940_1.jpg","contentUrl":"https:\/\/ironsky.pl\/sklep\/wp-content\/uploads\/2026\/04\/27940_1.jpg","width":800,"height":800},{"@type":"BreadcrumbList","@id":"https:\/\/ironsky.pl\/sklep\/produkt\/szmatka-ochronna-pgytech-p-cb-104\/#breadcrumb","itemListElement":[{"@type":"ListItem","position":1,"name":"Strona g\u0142\u00f3wna","item":"https:\/\/ironsky.pl\/sklep\/"},{"@type":"ListItem","position":2,"name":"Wszystkie produkty","item":"https:\/\/ironsky.pl\/sklep\/produkty\/"},{"@type":"ListItem","position":3,"name":"Szmatka ochronna PGYTECH P-CB-104"}]},{"@type":"WebSite","@id":"https:\/\/ironsky.pl\/sklep\/#website","url":"https:\/\/ironsky.pl\/sklep\/","name":"IRONSKY.PL Sklep z Dronami","description":"IRONSKY.PL Sklep z Dronami","potentialAction":[{"@type":"SearchAction","target":{"@type":"EntryPoint","urlTemplate":"https:\/\/ironsky.pl\/sklep\/?s={search_term_string}"},"query-input":{"@type":"PropertyValueSpecification","valueRequired":true,"valueName":"search_term_string"}}],"inLanguage":"pl-PL"}]}},"_links":{"self":[{"href":"https:\/\/ironsky.pl\/sklep\/wp-json\/wp\/v2\/product\/56729","targetHints":{"allow":["GET"]}}],"collection":[{"href":"https:\/\/ironsky.pl\/sklep\/wp-json\/wp\/v2\/product"}],"about":[{"href":"https:\/\/ironsky.pl\/sklep\/wp-json\/wp\/v2\/types\/product"}],"replies":[{"embeddable":true,"href":"https:\/\/ironsky.pl\/sklep\/wp-json\/wp\/v2\/comments?post=56729"}],"wp:featuredmedia":[{"embeddable":true,"href":"https:\/\/ironsky.pl\/sklep\/wp-json\/wp\/v2\/media\/56730"}],"wp:attachment":[{"href":"https:\/\/ironsky.pl\/sklep\/wp-json\/wp\/v2\/media?parent=56729"}],"wp:term":[{"taxonomy":"product_brand","embeddable":true,"href":"https:\/\/ironsky.pl\/sklep\/wp-json\/wp\/v2\/product_brand?post=56729"},{"taxonomy":"product_cat","embeddable":true,"href":"https:\/\/ironsky.pl\/sklep\/wp-json\/wp\/v2\/product_cat?post=56729"},{"taxonomy":"product_tag","embeddable":true,"href":"https:\/\/ironsky.pl\/sklep\/wp-json\/wp\/v2\/product_tag?post=56729"}],"curies":[{"name":"wp","href":"https:\/\/api.w.org\/{rel}","templated":true}]}}