{"id":56727,"date":"2026-04-15T10:17:52","date_gmt":"2026-04-15T08:17:52","guid":{"rendered":"https:\/\/ironsky.pl\/sklep\/produkt\/etui-na-akcesoria-pgytech-czarne-2\/"},"modified":"2026-04-15T10:17:57","modified_gmt":"2026-04-15T08:17:57","slug":"etui-na-akcesoria-pgytech-czarne-2","status":"publish","type":"product","link":"https:\/\/ironsky.pl\/sklep\/produkt\/etui-na-akcesoria-pgytech-czarne-2\/","title":{"rendered":"Etui na akcesoria PGYTECH (czarne)"},"content":{"rendered":"<h3>Etui na akcesoria PGYTECH (czarne)<\/h3>\n<p>Zadbaj o porz\u0105dek i zyskaj mo\u017cliwo\u015b\u0107 wygodnego przechowywania swoich akcesori\u00f3w fotograficznych i nie tylko. Etui PGYTECH P-CB-090 zosta\u0142o wyposa\u017cone w mn\u00f3stwo kieszeni i przegr\u00f3dek, kt\u00f3re pozwol\u0105 Ci optymalnie zorganizowa\u0107 przestrze\u0144 i u\u0142atwi\u0105 lokalizacj\u0119 potrzebnych Ci przedmiot\u00f3w. Produkt jest wyj\u0105tkowo lekki i przeno\u015bny, a do jego wykonania zastosowano trwa\u0142e, wodoodporne materia\u0142y.<\/p>\n<p><img decoding=\"async\" src=\"https:\/\/b2b.innpro.pl\/data\/include\/cms\/PGYTECH\/P-CB-090\/1.jpg\"\/><\/p>\n<h3>Mn\u00f3stwo kieszeni i przegr\u00f3dek<\/h3>\n<p>U\u0142atw sobie przechowywanie swoich akcesori\u00f3w, odpowiednio je zorganizuj i miej pewno\u015b\u0107, \u017ce zawsze bez problemu znajdziesz to, co b\u0119dzie Ci potrzebne. Etui PGYTECH zosta\u0142o wyposa\u017cone w wiele przegr\u00f3dek i kieszeni, w kt\u00f3rych mo\u017cesz schowa\u0107 na przyk\u0142ad karty pami\u0119ci, mysz komputerow\u0105, powerbank, zegarek i niezb\u0119dne kable. Do dyspozycji masz tak\u017ce oddzielne miejsce na d\u0142ugopis i karty bankowe, a tak\u017ce ukryt\u0105 kieszonk\u0119 na AirTag.<\/p>\n<p><img decoding=\"async\" src=\"https:\/\/b2b.innpro.pl\/data\/include\/cms\/PGYTECH\/P-CB-090\/4.jpg\"\/><\/p>\n<h3>Wytrzyma\u0142a konstrukcja<\/h3>\n<p>Etui zosta\u0142o wykonane z wysokiej klasy materia\u0142\u00f3w, co oznacza, \u017ce jest bardzo wytrzyma\u0142e i odporne na uszkodzenia. Nie obawiaj si\u0119, \u017ce szybko si\u0119 zniszczy \u2013 b\u0119dzie \u015bwietnie Ci s\u0142u\u017cy\u0107 przez d\u0142ugi czas. Niestraszne mu tak\u017ce przypadkowe zachlapanie czy deszcz. Na uwag\u0119 zas\u0142uguje r\u00f3wnie\u017c doskona\u0142ej jako\u015bci zamek b\u0142yskawiczny, kt\u00f3ry jest niezwykle trwa\u0142y i umo\u017cliwia p\u0142ynne otwieranie lub zamykanie etui.<\/p>\n<p><img decoding=\"async\" src=\"https:\/\/b2b.innpro.pl\/data\/include\/cms\/PGYTECH\/P-CB-090\/2.jpg\"\/><\/p>\n<h3>Wygodne u\u017cytkowanie<\/h3>\n<p>Ciesz si\u0119 wygodnym dost\u0119pem do swoich akcesori\u00f3w. Je\u015bli chcesz, mo\u017cesz otworzy\u0107 etui ca\u0142kowicie lub tylko do po\u0142owy, aby m\u00f3c bez trudu trzyma\u0107 je jedn\u0105 r\u0119k\u0105. Jego przenoszenie u\u0142atwi Ci specjalny uchwyt. Co wi\u0119cej, po bokach modelu P-CB-090 znajdziesz specjalne mocowania, kt\u00f3re umo\u017cliwiaj\u0105 przypi\u0119cie dodatkowego paska na rami\u0119. W ten spos\u00f3b zmienisz etui w praktyczn\u0105 torb\u0119!<\/p>\n<p><img decoding=\"async\" src=\"https:\/\/b2b.innpro.pl\/data\/include\/cms\/PGYTECH\/P-CB-090\/6.jpg\"\/><br \/>\n<iframe allow=\"accelerometer; autoplay; clipboard-write; encrypted-media; gyroscope; picture-in-picture\" allowfullscreen=\"\" frameborder=\"0\" height=\"720px\" src=\"https:\/\/www.youtube.com\/embed\/OLFo_vKg5Bo?playlist=OLFo_vKg5Bo&amp;loop=1\" width=\"100%\"><\/iframe><\/p>\n<h3>W zestawie<\/h3>\n<ul>\n<li>Etui<\/li>\n<li>Karta Tag<\/li>\n<li>Karta promocyjna<\/li>\n<li>Naklejka z logo marki<\/li>\n<\/ul>\n<div class=\"table-wrapper\">\n<table>\n<tbody>\n<tr>\n<th>Producent<\/th>\n<td>PGYTECH<\/td>\n<\/tr>\n<tr>\n<th>Nazwa<\/th>\n<td>PGYTECH Tech\u00a0Organizer<\/td>\n<\/tr>\n<tr>\n<th>Model<\/th>\n<td>P-CB-090<\/td>\n<\/tr>\n<tr>\n<th>Kolor<\/th>\n<td>Czarny<\/td>\n<\/tr>\n<tr>\n<th>Materia\u0142<\/th>\n<td>Poliester<\/td>\n<\/tr>\n<tr>\n<th>Wymiary<\/th>\n<td>240 x 140 x 110 mm<\/td>\n<\/tr>\n<tr>\n<th>Waga<\/th>\n<td>340 g<\/td>\n<\/tr>\n<\/tbody>\n<\/table>\n<\/div>\n","protected":false},"excerpt":{"rendered":"<p>Etui na akcesoria PGYTECH (czarne) Zadbaj o porz\u0105dek i zyskaj mo\u017cliwo\u015b\u0107 wygodnego przechowywania swoich akcesori\u00f3w fotograficznych i nie tylko. Etui<\/p>\n","protected":false},"featured_media":56728,"comment_status":"closed","ping_status":"open","template":"","meta":{"_acf_changed":false},"product_brand":[],"product_cat":[1128,6173,6172],"product_tag":[],"class_list":{"0":"post-56727","1":"product","2":"type-product","3":"status-publish","4":"has-post-thumbnail","6":"product_cat-foto-wideo","7":"product_cat-futeraly-i-etui","8":"product_cat-przechowywanie-i-transport","9":"pa_okres-gwarancji-5754","10":"pa_producent-pgytech","12":"first","13":"outofstock","14":"taxable","15":"shipping-taxable","16":"purchasable","17":"product-type-simple"},"acf":[],"yoast_head":"<!-- This site is optimized with the Yoast SEO plugin v27.2 - https:\/\/yoast.com\/product\/yoast-seo-wordpress\/ -->\n<title>Etui na akcesoria PGYTECH (czarne) - IRONSKY.PL Sklep z Dronami<\/title>\n<meta name=\"description\" content=\"Etui na akcesoria PGYTECH (czarne) - \u2705 sklep z dronami i fachowym doradztwem. \u2705 Tutaj kupisz produkty DJI, Yuneec, Parrot, Syma i wiele innych, a tak\u017ce kursy i licencje na operatora drona.\" \/>\n<meta name=\"robots\" content=\"index, follow, max-snippet:-1, max-image-preview:large, max-video-preview:-1\" \/>\n<link rel=\"canonical\" href=\"https:\/\/ironsky.pl\/sklep\/produkt\/etui-na-akcesoria-pgytech-czarne-2\/\" \/>\n<meta property=\"og:locale\" content=\"pl_PL\" \/>\n<meta property=\"og:type\" content=\"article\" \/>\n<meta property=\"og:title\" content=\"Etui na akcesoria PGYTECH (czarne) - IRONSKY.PL Sklep z Dronami\" \/>\n<meta property=\"og:description\" content=\"Etui na akcesoria PGYTECH (czarne) - \u2705 sklep z dronami i fachowym doradztwem. \u2705 Tutaj kupisz produkty DJI, Yuneec, Parrot, Syma i wiele innych, a tak\u017ce kursy i licencje na operatora drona.\" \/>\n<meta property=\"og:url\" content=\"https:\/\/ironsky.pl\/sklep\/produkt\/etui-na-akcesoria-pgytech-czarne-2\/\" \/>\n<meta property=\"og:site_name\" content=\"IRONSKY.PL Sklep z Dronami\" \/>\n<meta property=\"article:modified_time\" content=\"2026-04-15T08:17:57+00:00\" \/>\n<meta property=\"og:image\" content=\"https:\/\/ironsky.pl\/sklep\/wp-content\/uploads\/2026\/04\/27926_1.jpg\" \/>\n\t<meta property=\"og:image:width\" content=\"800\" \/>\n\t<meta property=\"og:image:height\" content=\"800\" \/>\n\t<meta property=\"og:image:type\" content=\"image\/jpeg\" \/>\n<meta name=\"twitter:card\" content=\"summary_large_image\" \/>\n<meta name=\"twitter:label1\" content=\"Szacowany czas czytania\" \/>\n\t<meta name=\"twitter:data1\" content=\"2 minuty\" \/>\n<script type=\"application\/ld+json\" class=\"yoast-schema-graph\">{\"@context\":\"https:\/\/schema.org\",\"@graph\":[{\"@type\":\"WebPage\",\"@id\":\"https:\/\/ironsky.pl\/sklep\/produkt\/etui-na-akcesoria-pgytech-czarne-2\/\",\"url\":\"https:\/\/ironsky.pl\/sklep\/produkt\/etui-na-akcesoria-pgytech-czarne-2\/\",\"name\":\"Etui na akcesoria PGYTECH (czarne) - IRONSKY.PL Sklep z Dronami\",\"isPartOf\":{\"@id\":\"https:\/\/ironsky.pl\/sklep\/#website\"},\"primaryImageOfPage\":{\"@id\":\"https:\/\/ironsky.pl\/sklep\/produkt\/etui-na-akcesoria-pgytech-czarne-2\/#primaryimage\"},\"image\":{\"@id\":\"https:\/\/ironsky.pl\/sklep\/produkt\/etui-na-akcesoria-pgytech-czarne-2\/#primaryimage\"},\"thumbnailUrl\":\"https:\/\/ironsky.pl\/sklep\/wp-content\/uploads\/2026\/04\/27926_1.jpg\",\"datePublished\":\"2026-04-15T08:17:52+00:00\",\"dateModified\":\"2026-04-15T08:17:57+00:00\",\"description\":\"Etui na akcesoria PGYTECH (czarne) - \u2705 sklep z dronami i fachowym doradztwem. \u2705 Tutaj kupisz produkty DJI, Yuneec, Parrot, Syma i wiele innych, a tak\u017ce kursy i licencje na operatora drona.\",\"breadcrumb\":{\"@id\":\"https:\/\/ironsky.pl\/sklep\/produkt\/etui-na-akcesoria-pgytech-czarne-2\/#breadcrumb\"},\"inLanguage\":\"pl-PL\",\"potentialAction\":[{\"@type\":\"ReadAction\",\"target\":[\"https:\/\/ironsky.pl\/sklep\/produkt\/etui-na-akcesoria-pgytech-czarne-2\/\"]}]},{\"@type\":\"ImageObject\",\"inLanguage\":\"pl-PL\",\"@id\":\"https:\/\/ironsky.pl\/sklep\/produkt\/etui-na-akcesoria-pgytech-czarne-2\/#primaryimage\",\"url\":\"https:\/\/ironsky.pl\/sklep\/wp-content\/uploads\/2026\/04\/27926_1.jpg\",\"contentUrl\":\"https:\/\/ironsky.pl\/sklep\/wp-content\/uploads\/2026\/04\/27926_1.jpg\",\"width\":800,\"height\":800},{\"@type\":\"BreadcrumbList\",\"@id\":\"https:\/\/ironsky.pl\/sklep\/produkt\/etui-na-akcesoria-pgytech-czarne-2\/#breadcrumb\",\"itemListElement\":[{\"@type\":\"ListItem\",\"position\":1,\"name\":\"Strona g\u0142\u00f3wna\",\"item\":\"https:\/\/ironsky.pl\/sklep\/\"},{\"@type\":\"ListItem\",\"position\":2,\"name\":\"Wszystkie produkty\",\"item\":\"https:\/\/ironsky.pl\/sklep\/produkty\/\"},{\"@type\":\"ListItem\",\"position\":3,\"name\":\"Etui na akcesoria PGYTECH (czarne)\"}]},{\"@type\":\"WebSite\",\"@id\":\"https:\/\/ironsky.pl\/sklep\/#website\",\"url\":\"https:\/\/ironsky.pl\/sklep\/\",\"name\":\"IRONSKY.PL Sklep z Dronami\",\"description\":\"IRONSKY.PL Sklep z Dronami\",\"potentialAction\":[{\"@type\":\"SearchAction\",\"target\":{\"@type\":\"EntryPoint\",\"urlTemplate\":\"https:\/\/ironsky.pl\/sklep\/?s={search_term_string}\"},\"query-input\":{\"@type\":\"PropertyValueSpecification\",\"valueRequired\":true,\"valueName\":\"search_term_string\"}}],\"inLanguage\":\"pl-PL\"}]}<\/script>\n<!-- \/ Yoast SEO plugin. -->","yoast_head_json":{"title":"Etui na akcesoria PGYTECH (czarne) - IRONSKY.PL Sklep z Dronami","description":"Etui na akcesoria PGYTECH (czarne) - \u2705 sklep z dronami i fachowym doradztwem. \u2705 Tutaj kupisz produkty DJI, Yuneec, Parrot, Syma i wiele innych, a tak\u017ce kursy i licencje na operatora drona.","robots":{"index":"index","follow":"follow","max-snippet":"max-snippet:-1","max-image-preview":"max-image-preview:large","max-video-preview":"max-video-preview:-1"},"canonical":"https:\/\/ironsky.pl\/sklep\/produkt\/etui-na-akcesoria-pgytech-czarne-2\/","og_locale":"pl_PL","og_type":"article","og_title":"Etui na akcesoria PGYTECH (czarne) - IRONSKY.PL Sklep z Dronami","og_description":"Etui na akcesoria PGYTECH (czarne) - \u2705 sklep z dronami i fachowym doradztwem. \u2705 Tutaj kupisz produkty DJI, Yuneec, Parrot, Syma i wiele innych, a tak\u017ce kursy i licencje na operatora drona.","og_url":"https:\/\/ironsky.pl\/sklep\/produkt\/etui-na-akcesoria-pgytech-czarne-2\/","og_site_name":"IRONSKY.PL Sklep z Dronami","article_modified_time":"2026-04-15T08:17:57+00:00","og_image":[{"width":800,"height":800,"url":"https:\/\/ironsky.pl\/sklep\/wp-content\/uploads\/2026\/04\/27926_1.jpg","type":"image\/jpeg"}],"twitter_card":"summary_large_image","twitter_misc":{"Szacowany czas czytania":"2 minuty"},"schema":{"@context":"https:\/\/schema.org","@graph":[{"@type":"WebPage","@id":"https:\/\/ironsky.pl\/sklep\/produkt\/etui-na-akcesoria-pgytech-czarne-2\/","url":"https:\/\/ironsky.pl\/sklep\/produkt\/etui-na-akcesoria-pgytech-czarne-2\/","name":"Etui na akcesoria PGYTECH (czarne) - IRONSKY.PL Sklep z Dronami","isPartOf":{"@id":"https:\/\/ironsky.pl\/sklep\/#website"},"primaryImageOfPage":{"@id":"https:\/\/ironsky.pl\/sklep\/produkt\/etui-na-akcesoria-pgytech-czarne-2\/#primaryimage"},"image":{"@id":"https:\/\/ironsky.pl\/sklep\/produkt\/etui-na-akcesoria-pgytech-czarne-2\/#primaryimage"},"thumbnailUrl":"https:\/\/ironsky.pl\/sklep\/wp-content\/uploads\/2026\/04\/27926_1.jpg","datePublished":"2026-04-15T08:17:52+00:00","dateModified":"2026-04-15T08:17:57+00:00","description":"Etui na akcesoria PGYTECH (czarne) - \u2705 sklep z dronami i fachowym doradztwem. \u2705 Tutaj kupisz produkty DJI, Yuneec, Parrot, Syma i wiele innych, a tak\u017ce kursy i licencje na operatora drona.","breadcrumb":{"@id":"https:\/\/ironsky.pl\/sklep\/produkt\/etui-na-akcesoria-pgytech-czarne-2\/#breadcrumb"},"inLanguage":"pl-PL","potentialAction":[{"@type":"ReadAction","target":["https:\/\/ironsky.pl\/sklep\/produkt\/etui-na-akcesoria-pgytech-czarne-2\/"]}]},{"@type":"ImageObject","inLanguage":"pl-PL","@id":"https:\/\/ironsky.pl\/sklep\/produkt\/etui-na-akcesoria-pgytech-czarne-2\/#primaryimage","url":"https:\/\/ironsky.pl\/sklep\/wp-content\/uploads\/2026\/04\/27926_1.jpg","contentUrl":"https:\/\/ironsky.pl\/sklep\/wp-content\/uploads\/2026\/04\/27926_1.jpg","width":800,"height":800},{"@type":"BreadcrumbList","@id":"https:\/\/ironsky.pl\/sklep\/produkt\/etui-na-akcesoria-pgytech-czarne-2\/#breadcrumb","itemListElement":[{"@type":"ListItem","position":1,"name":"Strona g\u0142\u00f3wna","item":"https:\/\/ironsky.pl\/sklep\/"},{"@type":"ListItem","position":2,"name":"Wszystkie produkty","item":"https:\/\/ironsky.pl\/sklep\/produkty\/"},{"@type":"ListItem","position":3,"name":"Etui na akcesoria PGYTECH (czarne)"}]},{"@type":"WebSite","@id":"https:\/\/ironsky.pl\/sklep\/#website","url":"https:\/\/ironsky.pl\/sklep\/","name":"IRONSKY.PL Sklep z Dronami","description":"IRONSKY.PL Sklep z Dronami","potentialAction":[{"@type":"SearchAction","target":{"@type":"EntryPoint","urlTemplate":"https:\/\/ironsky.pl\/sklep\/?s={search_term_string}"},"query-input":{"@type":"PropertyValueSpecification","valueRequired":true,"valueName":"search_term_string"}}],"inLanguage":"pl-PL"}]}},"_links":{"self":[{"href":"https:\/\/ironsky.pl\/sklep\/wp-json\/wp\/v2\/product\/56727","targetHints":{"allow":["GET"]}}],"collection":[{"href":"https:\/\/ironsky.pl\/sklep\/wp-json\/wp\/v2\/product"}],"about":[{"href":"https:\/\/ironsky.pl\/sklep\/wp-json\/wp\/v2\/types\/product"}],"replies":[{"embeddable":true,"href":"https:\/\/ironsky.pl\/sklep\/wp-json\/wp\/v2\/comments?post=56727"}],"wp:featuredmedia":[{"embeddable":true,"href":"https:\/\/ironsky.pl\/sklep\/wp-json\/wp\/v2\/media\/56728"}],"wp:attachment":[{"href":"https:\/\/ironsky.pl\/sklep\/wp-json\/wp\/v2\/media?parent=56727"}],"wp:term":[{"taxonomy":"product_brand","embeddable":true,"href":"https:\/\/ironsky.pl\/sklep\/wp-json\/wp\/v2\/product_brand?post=56727"},{"taxonomy":"product_cat","embeddable":true,"href":"https:\/\/ironsky.pl\/sklep\/wp-json\/wp\/v2\/product_cat?post=56727"},{"taxonomy":"product_tag","embeddable":true,"href":"https:\/\/ironsky.pl\/sklep\/wp-json\/wp\/v2\/product_tag?post=56727"}],"curies":[{"name":"wp","href":"https:\/\/api.w.org\/{rel}","templated":true}]}}