{"id":56724,"date":"2026-04-15T10:17:52","date_gmt":"2026-04-15T08:17:52","guid":{"rendered":"https:\/\/ironsky.pl\/sklep\/produkt\/zestaw-filtrow-pgytech-do-dji-mavic-3-classic-cplnd-pl-8-16-32-64\/"},"modified":"2026-04-15T10:17:55","modified_gmt":"2026-04-15T08:17:55","slug":"zestaw-filtrow-pgytech-do-dji-mavic-3-classic-cplnd-pl-8-16-32-64","status":"publish","type":"product","link":"https:\/\/ironsky.pl\/sklep\/produkt\/zestaw-filtrow-pgytech-do-dji-mavic-3-classic-cplnd-pl-8-16-32-64\/","title":{"rendered":"Zestaw filtr\u00f3w PGYTECH do DJI Mavic 3 Classic CPL+ND-PL 8\/16\/32\/64"},"content":{"rendered":"<h3>Zestaw 5 filtr\u00f3w PGYTECH CPL+ ND-PL (ND-PL 8\/16\/32\/64) do DJI Mavic 3 Classic<\/h3>\n<p>Je\u015bli profesjonalnie latasz dronami i cenisz sobie zdj\u0119cia w wysokiej jako\u015bci, na pewno spodoba Ci si\u0119 zestaw filtr\u00f3w od PGYTECH, kt\u00f3re umo\u017cliwi\u0105 uzyskanie fantastycznych uj\u0119\u0107 w niemal ka\u017cdych warunkach o\u015bwietleniowych. Akcesoria wyr\u00f3\u017cniaj\u0105 si\u0119 niebywa\u0142\u0105 trwa\u0142o\u015bci\u0105, co zawdzi\u0119czaj\u0105 wysokiej jako\u015bci materia\u0142om. Specjalna pow\u0142oka oleofobowa i hydrofobowa pomo\u017ce utrzyma\u0107 obiektyw w czysto\u015bci, a zaskakuj\u0105co niska waga nie zaburzy idealnej r\u00f3wnowagi Twojego drona.<\/p>\n<p>\n<img decoding=\"async\" src=\"https:\/\/assets.innpro.pl\/8861\/10412\/3.jpg\" border=\"0\" \/>\n<\/p>\n<h3>Filtr CPL redukuj\u0105cy odblaski<\/h3>\n<p>Koniec z niechcianymi odblaskami. Za pomoc\u0105 filtra CPL skutecznie zredukujesz odbijaj\u0105ce si\u0119 od niemetalowych powierzchni \u015bwiat\u0142o, co pomo\u017ce uzyska\u0107 zachwycaj\u0105ce efekty. Akcesorium sprawdzi si\u0119 \u015bwietnie, gdy robisz zdj\u0119cia na przyk\u0142ad nad wod\u0105 &#8211; tafla odbije mniej \u015bwiat\u0142a, dzi\u0119ki czemu zobaczysz co znajduje si\u0119 pod ni\u0105. Twoje zdj\u0119cia zyskaj\u0105 idealne nasycenie barw i doskona\u0142\u0105 czysto\u015b\u0107 obrazu. Wystarczy ma\u0142y obr\u00f3t, by zmieni\u0107 kierunek polaryzacji.<\/p>\n<p>\n<img decoding=\"async\" src=\"https:\/\/assets.innpro.pl\/8861\/10412\/2.jpg\" border=\"0\" \/>\n<\/p>\n<h3>Hybrydowe filtry ND-PL<\/h3>\n<p>Te filtry nie tylko pomog\u0105 zredukowa\u0107 niechciane odblaski i zwi\u0119kszy\u0107 nasycenie kolor\u00f3w, ale tak\u017ce pozwol\u0105 uzyska\u0107 wi\u0119ksz\u0105 ostro\u015b\u0107 obrazu, dzi\u0119ki czemu zdj\u0119cia b\u0119d\u0105 jeszcze \u017cywsze. Filtry ND-PL wyd\u0142u\u017caj\u0105 czas otwarcia migawki i zapobiegaj\u0105 prze\u015bwietleniu zdj\u0119cia, co pomo\u017ce stworzy\u0107 bardziej kinowe efekty w czasie nagrania lub wykona\u0107 zdj\u0119cia z d\u0142ugim czasem na\u015bwietlania. Lekki obr\u00f3t pomo\u017ce zmieni\u0107 efekt polaryzacji.<\/p>\n<p>\n<img decoding=\"async\" src=\"https:\/\/assets.innpro.pl\/8861\/10412\/4.jpg\" border=\"0\" \/>\n<\/p>\n<h3>Przemy\u015blana konstrukcja<\/h3>\n<p>Obramowanie filtr\u00f3w zosta\u0142o wykonane z aluminium CNC, dzi\u0119ki czemu s\u0105 one wysoce odporne na zniszczenia, a jednocze\u015bnie tak lekkie, \u017ce nie zaburzaj\u0105 idealnej r\u00f3wnowagi drona. Dodatkowo profesjonalne szk\u0142o optyczne zastosowane w filtrach by\u0142o wielokrotnie polerowane i szlifowane, dzi\u0119ki czemu uda\u0142o si\u0119 skutecznie obni\u017cy\u0107 wsp\u00f3\u0142czynnik za\u0142amania \u015bwiat\u0142a, dlatego kolorystyka Twoich zdj\u0119\u0107 nie b\u0119dzie odbiega\u0107 od rzeczywisto\u015bci.<\/p>\n<p>\n<img decoding=\"async\" src=\"https:\/\/assets.innpro.pl\/8861\/10412\/7.jpg\" border=\"0\" \/>\n<\/p>\n<h3>Dodatkowe udogodnienia<\/h3>\n<p>Wszystkie filtry wyr\u00f3\u017cniaj\u0105 si\u0119 du\u017c\u0105 odporno\u015bci\u0105 na zadrapania i zyska\u0142y specjaln\u0105 pow\u0142ok\u0119, kt\u00f3ra z obu stron zabezpiecza obiektyw przed wod\u0105 i t\u0142ustymi plamami. Wszystko to sprawia, \u017ce \u0142atwo b\u0119dzie Ci utrzyma\u0107 je w czysto\u015bci i z powodzeniem pos\u0142u\u017c\u0105 Ci przez d\u0142ugi czas.<\/p>\n<p>\n<img decoding=\"async\" src=\"https:\/\/assets.innpro.pl\/8861\/10412\/1.jpg\" border=\"0\" \/>\n<\/p>\n<h3>W zestawie:<\/h3>\n<ul class=\"list-disc pl-5\">\n<li>Filtr CPL<\/li>\n<li>Filtr ND-PL 8<\/li>\n<li>Filtr ND-PL 16<\/li>\n<li>Filtr ND-PL 32<\/li>\n<li>Filtr ND-PL 64<\/li>\n<li>\u015aciereczka do czyszczenia<\/li>\n<li>Instrukcja obs\u0142ugi<\/li>\n<\/ul>\n<div class=\"table-wrapper\">\n<p>\u00a0<\/p>\n<h3><\/h3>\n<table>\n<tbody>\n<tr>\n<th>Producent <\/th>\n<td>PGYTECH<\/td>\n<\/tr>\n<tr>\n<th>Model<\/th>\n<td>P-39A-014<\/td>\n<\/tr>\n<tr>\n<th>Kompatybilno\u015b\u0107 <\/th>\n<td>DJI Mavic 3<\/td>\n<\/tr>\n<tr>\n<th>Materia\u0142 <\/th>\n<td>Aluminium, szk\u0142o optyczne<\/td>\n<\/tr>\n<tr>\n<th>Wymiary <\/th>\n<td>\u03c637.24 mm x 4.9 mm<\/td>\n<\/tr>\n<tr>\n<th>Waga <\/th>\n<td>5.7 g x 5<\/td>\n<\/tr>\n<\/tbody>\n<\/table>\n<\/div>\n","protected":false},"excerpt":{"rendered":"<p>Zestaw 5 filtr\u00f3w PGYTECH CPL+ ND-PL (ND-PL 8\/16\/32\/64) do DJI Mavic 3 Classic Je\u015bli profesjonalnie latasz dronami i cenisz sobie<\/p>\n","protected":false},"featured_media":56725,"comment_status":"closed","ping_status":"open","template":"","meta":{"_acf_changed":false},"product_brand":[],"product_cat":[6167,1088,6200],"product_tag":[],"class_list":{"0":"post-56724","1":"product","2":"type-product","3":"status-publish","4":"has-post-thumbnail","6":"product_cat-akcesoria-do-dronow","7":"product_cat-drony","8":"product_cat-filtry-do-dronow-akcesoria-do-dronow","9":"pa_okres-gwarancji-5754","10":"pa_producent-pgytech","12":"first","13":"outofstock","14":"taxable","15":"shipping-taxable","16":"purchasable","17":"product-type-simple"},"acf":[],"yoast_head":"<!-- This site is optimized with the Yoast SEO plugin v27.2 - https:\/\/yoast.com\/product\/yoast-seo-wordpress\/ -->\n<title>Zestaw filtr\u00f3w PGYTECH do DJI Mavic 3 Classic CPL+ND-PL 8\/16\/32\/64 - IRONSKY.PL Sklep z Dronami<\/title>\n<meta name=\"description\" content=\"Zestaw filtr\u00f3w PGYTECH do DJI Mavic 3 Classic CPL+ND-PL 8\/16\/32\/64 - \u2705 sklep z dronami i fachowym doradztwem. \u2705 Tutaj kupisz produkty DJI, Yuneec, Parrot, Syma i wiele innych, a tak\u017ce kursy i licencje na operatora drona.\" \/>\n<meta name=\"robots\" content=\"index, follow, max-snippet:-1, max-image-preview:large, max-video-preview:-1\" \/>\n<link rel=\"canonical\" href=\"https:\/\/ironsky.pl\/sklep\/produkt\/zestaw-filtrow-pgytech-do-dji-mavic-3-classic-cplnd-pl-8-16-32-64\/\" \/>\n<meta property=\"og:locale\" content=\"pl_PL\" \/>\n<meta property=\"og:type\" content=\"article\" \/>\n<meta property=\"og:title\" content=\"Zestaw filtr\u00f3w PGYTECH do DJI Mavic 3 Classic CPL+ND-PL 8\/16\/32\/64 - IRONSKY.PL Sklep z Dronami\" \/>\n<meta property=\"og:description\" content=\"Zestaw filtr\u00f3w PGYTECH do DJI Mavic 3 Classic CPL+ND-PL 8\/16\/32\/64 - \u2705 sklep z dronami i fachowym doradztwem. \u2705 Tutaj kupisz produkty DJI, Yuneec, Parrot, Syma i wiele innych, a tak\u017ce kursy i licencje na operatora drona.\" \/>\n<meta property=\"og:url\" content=\"https:\/\/ironsky.pl\/sklep\/produkt\/zestaw-filtrow-pgytech-do-dji-mavic-3-classic-cplnd-pl-8-16-32-64\/\" \/>\n<meta property=\"og:site_name\" content=\"IRONSKY.PL Sklep z Dronami\" \/>\n<meta property=\"article:modified_time\" content=\"2026-04-15T08:17:55+00:00\" \/>\n<meta property=\"og:image\" content=\"https:\/\/ironsky.pl\/sklep\/wp-content\/uploads\/2026\/04\/27898_1.jpg\" \/>\n\t<meta property=\"og:image:width\" content=\"800\" \/>\n\t<meta property=\"og:image:height\" content=\"800\" \/>\n\t<meta property=\"og:image:type\" content=\"image\/jpeg\" \/>\n<meta name=\"twitter:card\" content=\"summary_large_image\" \/>\n<meta name=\"twitter:label1\" content=\"Szacowany czas czytania\" \/>\n\t<meta name=\"twitter:data1\" content=\"2 minuty\" \/>\n<script type=\"application\/ld+json\" class=\"yoast-schema-graph\">{\"@context\":\"https:\/\/schema.org\",\"@graph\":[{\"@type\":\"WebPage\",\"@id\":\"https:\/\/ironsky.pl\/sklep\/produkt\/zestaw-filtrow-pgytech-do-dji-mavic-3-classic-cplnd-pl-8-16-32-64\/\",\"url\":\"https:\/\/ironsky.pl\/sklep\/produkt\/zestaw-filtrow-pgytech-do-dji-mavic-3-classic-cplnd-pl-8-16-32-64\/\",\"name\":\"Zestaw filtr\u00f3w PGYTECH do DJI Mavic 3 Classic CPL+ND-PL 8\/16\/32\/64 - IRONSKY.PL Sklep z Dronami\",\"isPartOf\":{\"@id\":\"https:\/\/ironsky.pl\/sklep\/#website\"},\"primaryImageOfPage\":{\"@id\":\"https:\/\/ironsky.pl\/sklep\/produkt\/zestaw-filtrow-pgytech-do-dji-mavic-3-classic-cplnd-pl-8-16-32-64\/#primaryimage\"},\"image\":{\"@id\":\"https:\/\/ironsky.pl\/sklep\/produkt\/zestaw-filtrow-pgytech-do-dji-mavic-3-classic-cplnd-pl-8-16-32-64\/#primaryimage\"},\"thumbnailUrl\":\"https:\/\/ironsky.pl\/sklep\/wp-content\/uploads\/2026\/04\/27898_1.jpg\",\"datePublished\":\"2026-04-15T08:17:52+00:00\",\"dateModified\":\"2026-04-15T08:17:55+00:00\",\"description\":\"Zestaw filtr\u00f3w PGYTECH do DJI Mavic 3 Classic CPL+ND-PL 8\/16\/32\/64 - \u2705 sklep z dronami i fachowym doradztwem. \u2705 Tutaj kupisz produkty DJI, Yuneec, Parrot, Syma i wiele innych, a tak\u017ce kursy i licencje na operatora drona.\",\"breadcrumb\":{\"@id\":\"https:\/\/ironsky.pl\/sklep\/produkt\/zestaw-filtrow-pgytech-do-dji-mavic-3-classic-cplnd-pl-8-16-32-64\/#breadcrumb\"},\"inLanguage\":\"pl-PL\",\"potentialAction\":[{\"@type\":\"ReadAction\",\"target\":[\"https:\/\/ironsky.pl\/sklep\/produkt\/zestaw-filtrow-pgytech-do-dji-mavic-3-classic-cplnd-pl-8-16-32-64\/\"]}]},{\"@type\":\"ImageObject\",\"inLanguage\":\"pl-PL\",\"@id\":\"https:\/\/ironsky.pl\/sklep\/produkt\/zestaw-filtrow-pgytech-do-dji-mavic-3-classic-cplnd-pl-8-16-32-64\/#primaryimage\",\"url\":\"https:\/\/ironsky.pl\/sklep\/wp-content\/uploads\/2026\/04\/27898_1.jpg\",\"contentUrl\":\"https:\/\/ironsky.pl\/sklep\/wp-content\/uploads\/2026\/04\/27898_1.jpg\",\"width\":800,\"height\":800},{\"@type\":\"BreadcrumbList\",\"@id\":\"https:\/\/ironsky.pl\/sklep\/produkt\/zestaw-filtrow-pgytech-do-dji-mavic-3-classic-cplnd-pl-8-16-32-64\/#breadcrumb\",\"itemListElement\":[{\"@type\":\"ListItem\",\"position\":1,\"name\":\"Strona g\u0142\u00f3wna\",\"item\":\"https:\/\/ironsky.pl\/sklep\/\"},{\"@type\":\"ListItem\",\"position\":2,\"name\":\"Wszystkie produkty\",\"item\":\"https:\/\/ironsky.pl\/sklep\/produkty\/\"},{\"@type\":\"ListItem\",\"position\":3,\"name\":\"Zestaw filtr\u00f3w PGYTECH do DJI Mavic 3 Classic CPL+ND-PL 8\/16\/32\/64\"}]},{\"@type\":\"WebSite\",\"@id\":\"https:\/\/ironsky.pl\/sklep\/#website\",\"url\":\"https:\/\/ironsky.pl\/sklep\/\",\"name\":\"IRONSKY.PL Sklep z Dronami\",\"description\":\"IRONSKY.PL Sklep z Dronami\",\"potentialAction\":[{\"@type\":\"SearchAction\",\"target\":{\"@type\":\"EntryPoint\",\"urlTemplate\":\"https:\/\/ironsky.pl\/sklep\/?s={search_term_string}\"},\"query-input\":{\"@type\":\"PropertyValueSpecification\",\"valueRequired\":true,\"valueName\":\"search_term_string\"}}],\"inLanguage\":\"pl-PL\"}]}<\/script>\n<!-- \/ Yoast SEO plugin. -->","yoast_head_json":{"title":"Zestaw filtr\u00f3w PGYTECH do DJI Mavic 3 Classic CPL+ND-PL 8\/16\/32\/64 - IRONSKY.PL Sklep z Dronami","description":"Zestaw filtr\u00f3w PGYTECH do DJI Mavic 3 Classic CPL+ND-PL 8\/16\/32\/64 - \u2705 sklep z dronami i fachowym doradztwem. \u2705 Tutaj kupisz produkty DJI, Yuneec, Parrot, Syma i wiele innych, a tak\u017ce kursy i licencje na operatora drona.","robots":{"index":"index","follow":"follow","max-snippet":"max-snippet:-1","max-image-preview":"max-image-preview:large","max-video-preview":"max-video-preview:-1"},"canonical":"https:\/\/ironsky.pl\/sklep\/produkt\/zestaw-filtrow-pgytech-do-dji-mavic-3-classic-cplnd-pl-8-16-32-64\/","og_locale":"pl_PL","og_type":"article","og_title":"Zestaw filtr\u00f3w PGYTECH do DJI Mavic 3 Classic CPL+ND-PL 8\/16\/32\/64 - IRONSKY.PL Sklep z Dronami","og_description":"Zestaw filtr\u00f3w PGYTECH do DJI Mavic 3 Classic CPL+ND-PL 8\/16\/32\/64 - \u2705 sklep z dronami i fachowym doradztwem. \u2705 Tutaj kupisz produkty DJI, Yuneec, Parrot, Syma i wiele innych, a tak\u017ce kursy i licencje na operatora drona.","og_url":"https:\/\/ironsky.pl\/sklep\/produkt\/zestaw-filtrow-pgytech-do-dji-mavic-3-classic-cplnd-pl-8-16-32-64\/","og_site_name":"IRONSKY.PL Sklep z Dronami","article_modified_time":"2026-04-15T08:17:55+00:00","og_image":[{"width":800,"height":800,"url":"https:\/\/ironsky.pl\/sklep\/wp-content\/uploads\/2026\/04\/27898_1.jpg","type":"image\/jpeg"}],"twitter_card":"summary_large_image","twitter_misc":{"Szacowany czas czytania":"2 minuty"},"schema":{"@context":"https:\/\/schema.org","@graph":[{"@type":"WebPage","@id":"https:\/\/ironsky.pl\/sklep\/produkt\/zestaw-filtrow-pgytech-do-dji-mavic-3-classic-cplnd-pl-8-16-32-64\/","url":"https:\/\/ironsky.pl\/sklep\/produkt\/zestaw-filtrow-pgytech-do-dji-mavic-3-classic-cplnd-pl-8-16-32-64\/","name":"Zestaw filtr\u00f3w PGYTECH do DJI Mavic 3 Classic CPL+ND-PL 8\/16\/32\/64 - IRONSKY.PL Sklep z Dronami","isPartOf":{"@id":"https:\/\/ironsky.pl\/sklep\/#website"},"primaryImageOfPage":{"@id":"https:\/\/ironsky.pl\/sklep\/produkt\/zestaw-filtrow-pgytech-do-dji-mavic-3-classic-cplnd-pl-8-16-32-64\/#primaryimage"},"image":{"@id":"https:\/\/ironsky.pl\/sklep\/produkt\/zestaw-filtrow-pgytech-do-dji-mavic-3-classic-cplnd-pl-8-16-32-64\/#primaryimage"},"thumbnailUrl":"https:\/\/ironsky.pl\/sklep\/wp-content\/uploads\/2026\/04\/27898_1.jpg","datePublished":"2026-04-15T08:17:52+00:00","dateModified":"2026-04-15T08:17:55+00:00","description":"Zestaw filtr\u00f3w PGYTECH do DJI Mavic 3 Classic CPL+ND-PL 8\/16\/32\/64 - \u2705 sklep z dronami i fachowym doradztwem. \u2705 Tutaj kupisz produkty DJI, Yuneec, Parrot, Syma i wiele innych, a tak\u017ce kursy i licencje na operatora drona.","breadcrumb":{"@id":"https:\/\/ironsky.pl\/sklep\/produkt\/zestaw-filtrow-pgytech-do-dji-mavic-3-classic-cplnd-pl-8-16-32-64\/#breadcrumb"},"inLanguage":"pl-PL","potentialAction":[{"@type":"ReadAction","target":["https:\/\/ironsky.pl\/sklep\/produkt\/zestaw-filtrow-pgytech-do-dji-mavic-3-classic-cplnd-pl-8-16-32-64\/"]}]},{"@type":"ImageObject","inLanguage":"pl-PL","@id":"https:\/\/ironsky.pl\/sklep\/produkt\/zestaw-filtrow-pgytech-do-dji-mavic-3-classic-cplnd-pl-8-16-32-64\/#primaryimage","url":"https:\/\/ironsky.pl\/sklep\/wp-content\/uploads\/2026\/04\/27898_1.jpg","contentUrl":"https:\/\/ironsky.pl\/sklep\/wp-content\/uploads\/2026\/04\/27898_1.jpg","width":800,"height":800},{"@type":"BreadcrumbList","@id":"https:\/\/ironsky.pl\/sklep\/produkt\/zestaw-filtrow-pgytech-do-dji-mavic-3-classic-cplnd-pl-8-16-32-64\/#breadcrumb","itemListElement":[{"@type":"ListItem","position":1,"name":"Strona g\u0142\u00f3wna","item":"https:\/\/ironsky.pl\/sklep\/"},{"@type":"ListItem","position":2,"name":"Wszystkie produkty","item":"https:\/\/ironsky.pl\/sklep\/produkty\/"},{"@type":"ListItem","position":3,"name":"Zestaw filtr\u00f3w PGYTECH do DJI Mavic 3 Classic CPL+ND-PL 8\/16\/32\/64"}]},{"@type":"WebSite","@id":"https:\/\/ironsky.pl\/sklep\/#website","url":"https:\/\/ironsky.pl\/sklep\/","name":"IRONSKY.PL Sklep z Dronami","description":"IRONSKY.PL Sklep z Dronami","potentialAction":[{"@type":"SearchAction","target":{"@type":"EntryPoint","urlTemplate":"https:\/\/ironsky.pl\/sklep\/?s={search_term_string}"},"query-input":{"@type":"PropertyValueSpecification","valueRequired":true,"valueName":"search_term_string"}}],"inLanguage":"pl-PL"}]}},"_links":{"self":[{"href":"https:\/\/ironsky.pl\/sklep\/wp-json\/wp\/v2\/product\/56724","targetHints":{"allow":["GET"]}}],"collection":[{"href":"https:\/\/ironsky.pl\/sklep\/wp-json\/wp\/v2\/product"}],"about":[{"href":"https:\/\/ironsky.pl\/sklep\/wp-json\/wp\/v2\/types\/product"}],"replies":[{"embeddable":true,"href":"https:\/\/ironsky.pl\/sklep\/wp-json\/wp\/v2\/comments?post=56724"}],"wp:featuredmedia":[{"embeddable":true,"href":"https:\/\/ironsky.pl\/sklep\/wp-json\/wp\/v2\/media\/56725"}],"wp:attachment":[{"href":"https:\/\/ironsky.pl\/sklep\/wp-json\/wp\/v2\/media?parent=56724"}],"wp:term":[{"taxonomy":"product_brand","embeddable":true,"href":"https:\/\/ironsky.pl\/sklep\/wp-json\/wp\/v2\/product_brand?post=56724"},{"taxonomy":"product_cat","embeddable":true,"href":"https:\/\/ironsky.pl\/sklep\/wp-json\/wp\/v2\/product_cat?post=56724"},{"taxonomy":"product_tag","embeddable":true,"href":"https:\/\/ironsky.pl\/sklep\/wp-json\/wp\/v2\/product_tag?post=56724"}],"curies":[{"name":"wp","href":"https:\/\/api.w.org\/{rel}","templated":true}]}}