{"id":56722,"date":"2026-04-15T10:17:52","date_gmt":"2026-04-15T08:17:52","guid":{"rendered":"https:\/\/ironsky.pl\/sklep\/produkt\/filtr-pgytech-vnd-6-9-stopni-do-mavic-3-classic\/"},"modified":"2026-04-15T10:50:45","modified_gmt":"2026-04-15T08:50:45","slug":"filtr-pgytech-vnd-6-9-stopni-do-mavic-3-classic","status":"publish","type":"product","link":"https:\/\/ironsky.pl\/sklep\/produkt\/filtr-pgytech-vnd-6-9-stopni-do-mavic-3-classic\/","title":{"rendered":"Filtr PGYTECH VND 6-9 stopni do Mavic 3 Classic"},"content":{"rendered":"<h3>Filtr PGYTECH VND 6-9 stopni do DJI Mavic 3 Classic<\/h3>\n<p>Je\u015bli profesjonalnie zajmujesz si\u0119 dronami, filtr VND z pewno\u015bci\u0105 Ci si\u0119 spodoba. Z jego u\u017cyciem mo\u017cesz uzyska\u0107 perfekcyjne uj\u0119cia w r\u00f3\u017cnych warunkach o\u015bwietleniowych i doskona\u0142\u0105 jako\u015b\u0107 obrazu. Umo\u017cliwi kontrol\u0119 czasu otwarcia migawki, a tak\u017ce odpowiednio zredukuje ilo\u015b\u0107 wpadaj\u0105cego do soczewki \u015bwiat\u0142a, co sprawi, \u017ce otrzymasz idealn\u0105 ekspozycj\u0119 i zwi\u0119kszone rozmycie ruchu. Wyr\u00f3\u017cnia si\u0119 wysok\u0105 skuteczno\u015bci\u0105, kt\u00f3ra por\u00f3wnywalna jest z dzia\u0142aniem a\u017c czterech filtr\u00f3w ND.<\/p>\n<p><img decoding=\"async\" src=\"https:\/\/b2b.innpro.pl\/data\/include\/cms\/PGYTECH\/P-39A-013\/6.jpg\"><\/p>\n<h3>D\u0142uga ekspozycja<\/h3>\n<p>Filtr sprawdzi si\u0119 \u015bwietnie w bardzo jasnych warunkach &#8211; pomo\u017ce ograniczy\u0107 ilo\u015b\u0107 wpadaj\u0105cego \u015bwiat\u0142a i uzyska\u0107 d\u0142ug\u0105 ekspozycj\u0119. Wystarczy lekki obr\u00f3t, by dostosowa\u0107 go do panuj\u0105cych warunk\u00f3w, poniewa\u017c wykorzystuje on dzia\u0142anie a\u017c czterech filtr\u00f3w ND &#8211; 64\/128\/256\/512. Co wi\u0119cej, akcesorium doskonale radzi sobie z redukowaniem refleks\u00f3w. Wymiana filtr\u00f3w nie musi by\u0107 ju\u017c konieczno\u015bci\u0105. Nie pozw\u00f3l, by omin\u0119\u0142a Ci\u0119 okazja do wykonania idealnego uj\u0119cia!<\/p>\n<p><img decoding=\"async\" src=\"https:\/\/b2b.innpro.pl\/data\/include\/cms\/PGYTECH\/P-39A-013\/4.jpg \"><\/p>\n<h3>Przemy\u015blana konstrukcja<\/h3>\n<p>Filtr od PGYTech zosta\u0142 zaprojektowany tak, by nie zaburzy\u0107 idealnej r\u00f3wnowagi Twojego drona. Wyr\u00f3\u017cnia si\u0119 niezwyk\u0142\u0105 lekko\u015bci\u0105, kt\u00f3r\u0105 zawdzi\u0119cza aluminium CNC, a mimo to jest wyj\u0105tkowo odporny na korozje i zarysowania. Co wi\u0119cej, filtr z obu stron zosta\u0142 pokryty warstw\u0105 oleofobow\u0105 i hydrofobow\u0105, dzi\u0119ki czemu utrzymanie go w czysto\u015bci nie b\u0119dzie stanowi\u0142o problemu.<\/p>\n<p><img decoding=\"async\" src=\"https:\/\/b2b.innpro.pl\/data\/include\/cms\/PGYTECH\/P-39A-013\/2.jpg\"><\/p>\n<h3>Doskona\u0142a jako\u015b\u0107 obrazu<\/h3>\n<p>Za fantastyczn\u0105 jako\u015b\u0107 zdj\u0119\u0107 odpowiada profesjonalne japo\u0144skie szk\u0142o optyczne AGC, kt\u00f3re by\u0142o wielokrotnie szlifowane i polerowane, by utrzyma\u0107 niski wsp\u00f3\u0142czynnik za\u0142amania \u015bwiat\u0142a, dzi\u0119ki czemu zyskujesz idealne odwzorowanie kolor\u00f3w na swoich zdj\u0119ciach.<\/p>\n<p><img decoding=\"async\" src=\"https:\/\/b2b.innpro.pl\/data\/include\/cms\/PGYTECH\/P-39A-013\/5.jpg\"><\/p>\n<h3>Zawarto\u015b\u0107 zestawu:<\/h3>\n<ul>\n<li>Filtr VND (6-9 stopni)<\/li>\n<li>Szmatka do czyszczenia<\/li>\n<li>Instrukcja obs\u0142ugi<\/li>\n<\/ul>\n<div class=\"table-wrapper\">\n<table>\n<tbody>\n<tr>\n<th>Producent<\/th>\n<td>PGYTECH<\/td>\n<\/tr>\n<tr>\n<th>Model<\/th>\n<td>P-39A-013<\/td>\n<\/tr>\n<tr>\n<th>Kompatybilno\u015b\u0107<\/th>\n<td>DJI Mavic 3 Classic<\/td>\n<\/tr>\n<tr>\n<th>Materia\u0142<\/th>\n<td>Aluminium, szk\u0142o optyczne<\/td>\n<\/tr>\n<tr>\n<th>Wymiary<\/th>\n<td>\u03c639.2mm x 5.9mm<\/td>\n<\/tr>\n<tr>\n<th>Waga<\/th>\n<td>8.6g&#8221;<\/td>\n<\/tr>\n<\/tbody>\n<\/table>\n<\/div>\n","protected":false},"excerpt":{"rendered":"<p>Filtr PGYTECH VND 6-9 stopni do DJI Mavic 3 Classic Je\u015bli profesjonalnie zajmujesz si\u0119 dronami, filtr VND z pewno\u015bci\u0105 Ci<\/p>\n","protected":false},"featured_media":56723,"comment_status":"closed","ping_status":"open","template":"","meta":{"_acf_changed":false},"product_brand":[],"product_cat":[6167,1088,6200],"product_tag":[],"class_list":{"0":"post-56722","1":"product","2":"type-product","3":"status-publish","4":"has-post-thumbnail","6":"product_cat-akcesoria-do-dronow","7":"product_cat-drony","8":"product_cat-filtry-do-dronow-akcesoria-do-dronow","9":"pa_okres-gwarancji-5754","10":"pa_producent-pgytech","12":"first","13":"outofstock","14":"taxable","15":"shipping-taxable","16":"purchasable","17":"product-type-simple"},"acf":[],"yoast_head":"<!-- This site is optimized with the Yoast SEO plugin v27.2 - https:\/\/yoast.com\/product\/yoast-seo-wordpress\/ -->\n<title>Filtr PGYTECH VND 6-9 stopni do Mavic 3 Classic - IRONSKY.PL Sklep z Dronami<\/title>\n<meta name=\"description\" content=\"Filtr PGYTECH VND 6-9 stopni do Mavic 3 Classic - \u2705 sklep z dronami i fachowym doradztwem. \u2705 Tutaj kupisz produkty DJI, Yuneec, Parrot, Syma i wiele innych, a tak\u017ce kursy i licencje na operatora drona.\" \/>\n<meta name=\"robots\" content=\"index, follow, max-snippet:-1, max-image-preview:large, max-video-preview:-1\" \/>\n<link rel=\"canonical\" href=\"https:\/\/ironsky.pl\/sklep\/produkt\/filtr-pgytech-vnd-6-9-stopni-do-mavic-3-classic\/\" \/>\n<meta property=\"og:locale\" content=\"pl_PL\" \/>\n<meta property=\"og:type\" content=\"article\" \/>\n<meta property=\"og:title\" content=\"Filtr PGYTECH VND 6-9 stopni do Mavic 3 Classic - IRONSKY.PL Sklep z Dronami\" \/>\n<meta property=\"og:description\" content=\"Filtr PGYTECH VND 6-9 stopni do Mavic 3 Classic - \u2705 sklep z dronami i fachowym doradztwem. \u2705 Tutaj kupisz produkty DJI, Yuneec, Parrot, Syma i wiele innych, a tak\u017ce kursy i licencje na operatora drona.\" \/>\n<meta property=\"og:url\" content=\"https:\/\/ironsky.pl\/sklep\/produkt\/filtr-pgytech-vnd-6-9-stopni-do-mavic-3-classic\/\" \/>\n<meta property=\"og:site_name\" content=\"IRONSKY.PL Sklep z Dronami\" \/>\n<meta property=\"article:modified_time\" content=\"2026-04-15T08:50:45+00:00\" \/>\n<meta property=\"og:image\" content=\"https:\/\/ironsky.pl\/sklep\/wp-content\/uploads\/2026\/04\/27897_1.webp\" \/>\n\t<meta property=\"og:image:width\" content=\"800\" \/>\n\t<meta property=\"og:image:height\" content=\"800\" \/>\n\t<meta property=\"og:image:type\" content=\"image\/webp\" \/>\n<meta name=\"twitter:card\" content=\"summary_large_image\" \/>\n<meta name=\"twitter:label1\" content=\"Szacowany czas czytania\" \/>\n\t<meta name=\"twitter:data1\" content=\"2 minuty\" \/>\n<script type=\"application\/ld+json\" class=\"yoast-schema-graph\">{\"@context\":\"https:\/\/schema.org\",\"@graph\":[{\"@type\":\"WebPage\",\"@id\":\"https:\/\/ironsky.pl\/sklep\/produkt\/filtr-pgytech-vnd-6-9-stopni-do-mavic-3-classic\/\",\"url\":\"https:\/\/ironsky.pl\/sklep\/produkt\/filtr-pgytech-vnd-6-9-stopni-do-mavic-3-classic\/\",\"name\":\"Filtr PGYTECH VND 6-9 stopni do Mavic 3 Classic - IRONSKY.PL Sklep z Dronami\",\"isPartOf\":{\"@id\":\"https:\/\/ironsky.pl\/sklep\/#website\"},\"primaryImageOfPage\":{\"@id\":\"https:\/\/ironsky.pl\/sklep\/produkt\/filtr-pgytech-vnd-6-9-stopni-do-mavic-3-classic\/#primaryimage\"},\"image\":{\"@id\":\"https:\/\/ironsky.pl\/sklep\/produkt\/filtr-pgytech-vnd-6-9-stopni-do-mavic-3-classic\/#primaryimage\"},\"thumbnailUrl\":\"https:\/\/ironsky.pl\/sklep\/wp-content\/uploads\/2026\/04\/27897_1.webp\",\"datePublished\":\"2026-04-15T08:17:52+00:00\",\"dateModified\":\"2026-04-15T08:50:45+00:00\",\"description\":\"Filtr PGYTECH VND 6-9 stopni do Mavic 3 Classic - \u2705 sklep z dronami i fachowym doradztwem. \u2705 Tutaj kupisz produkty DJI, Yuneec, Parrot, Syma i wiele innych, a tak\u017ce kursy i licencje na operatora drona.\",\"breadcrumb\":{\"@id\":\"https:\/\/ironsky.pl\/sklep\/produkt\/filtr-pgytech-vnd-6-9-stopni-do-mavic-3-classic\/#breadcrumb\"},\"inLanguage\":\"pl-PL\",\"potentialAction\":[{\"@type\":\"ReadAction\",\"target\":[\"https:\/\/ironsky.pl\/sklep\/produkt\/filtr-pgytech-vnd-6-9-stopni-do-mavic-3-classic\/\"]}]},{\"@type\":\"ImageObject\",\"inLanguage\":\"pl-PL\",\"@id\":\"https:\/\/ironsky.pl\/sklep\/produkt\/filtr-pgytech-vnd-6-9-stopni-do-mavic-3-classic\/#primaryimage\",\"url\":\"https:\/\/ironsky.pl\/sklep\/wp-content\/uploads\/2026\/04\/27897_1.webp\",\"contentUrl\":\"https:\/\/ironsky.pl\/sklep\/wp-content\/uploads\/2026\/04\/27897_1.webp\",\"width\":800,\"height\":800},{\"@type\":\"BreadcrumbList\",\"@id\":\"https:\/\/ironsky.pl\/sklep\/produkt\/filtr-pgytech-vnd-6-9-stopni-do-mavic-3-classic\/#breadcrumb\",\"itemListElement\":[{\"@type\":\"ListItem\",\"position\":1,\"name\":\"Strona g\u0142\u00f3wna\",\"item\":\"https:\/\/ironsky.pl\/sklep\/\"},{\"@type\":\"ListItem\",\"position\":2,\"name\":\"Wszystkie produkty\",\"item\":\"https:\/\/ironsky.pl\/sklep\/produkty\/\"},{\"@type\":\"ListItem\",\"position\":3,\"name\":\"Filtr PGYTECH VND 6-9 stopni do Mavic 3 Classic\"}]},{\"@type\":\"WebSite\",\"@id\":\"https:\/\/ironsky.pl\/sklep\/#website\",\"url\":\"https:\/\/ironsky.pl\/sklep\/\",\"name\":\"IRONSKY.PL Sklep z Dronami\",\"description\":\"IRONSKY.PL Sklep z Dronami\",\"potentialAction\":[{\"@type\":\"SearchAction\",\"target\":{\"@type\":\"EntryPoint\",\"urlTemplate\":\"https:\/\/ironsky.pl\/sklep\/?s={search_term_string}\"},\"query-input\":{\"@type\":\"PropertyValueSpecification\",\"valueRequired\":true,\"valueName\":\"search_term_string\"}}],\"inLanguage\":\"pl-PL\"}]}<\/script>\n<!-- \/ Yoast SEO plugin. -->","yoast_head_json":{"title":"Filtr PGYTECH VND 6-9 stopni do Mavic 3 Classic - IRONSKY.PL Sklep z Dronami","description":"Filtr PGYTECH VND 6-9 stopni do Mavic 3 Classic - \u2705 sklep z dronami i fachowym doradztwem. \u2705 Tutaj kupisz produkty DJI, Yuneec, Parrot, Syma i wiele innych, a tak\u017ce kursy i licencje na operatora drona.","robots":{"index":"index","follow":"follow","max-snippet":"max-snippet:-1","max-image-preview":"max-image-preview:large","max-video-preview":"max-video-preview:-1"},"canonical":"https:\/\/ironsky.pl\/sklep\/produkt\/filtr-pgytech-vnd-6-9-stopni-do-mavic-3-classic\/","og_locale":"pl_PL","og_type":"article","og_title":"Filtr PGYTECH VND 6-9 stopni do Mavic 3 Classic - IRONSKY.PL Sklep z Dronami","og_description":"Filtr PGYTECH VND 6-9 stopni do Mavic 3 Classic - \u2705 sklep z dronami i fachowym doradztwem. \u2705 Tutaj kupisz produkty DJI, Yuneec, Parrot, Syma i wiele innych, a tak\u017ce kursy i licencje na operatora drona.","og_url":"https:\/\/ironsky.pl\/sklep\/produkt\/filtr-pgytech-vnd-6-9-stopni-do-mavic-3-classic\/","og_site_name":"IRONSKY.PL Sklep z Dronami","article_modified_time":"2026-04-15T08:50:45+00:00","og_image":[{"width":800,"height":800,"url":"https:\/\/ironsky.pl\/sklep\/wp-content\/uploads\/2026\/04\/27897_1.webp","type":"image\/webp"}],"twitter_card":"summary_large_image","twitter_misc":{"Szacowany czas czytania":"2 minuty"},"schema":{"@context":"https:\/\/schema.org","@graph":[{"@type":"WebPage","@id":"https:\/\/ironsky.pl\/sklep\/produkt\/filtr-pgytech-vnd-6-9-stopni-do-mavic-3-classic\/","url":"https:\/\/ironsky.pl\/sklep\/produkt\/filtr-pgytech-vnd-6-9-stopni-do-mavic-3-classic\/","name":"Filtr PGYTECH VND 6-9 stopni do Mavic 3 Classic - IRONSKY.PL Sklep z Dronami","isPartOf":{"@id":"https:\/\/ironsky.pl\/sklep\/#website"},"primaryImageOfPage":{"@id":"https:\/\/ironsky.pl\/sklep\/produkt\/filtr-pgytech-vnd-6-9-stopni-do-mavic-3-classic\/#primaryimage"},"image":{"@id":"https:\/\/ironsky.pl\/sklep\/produkt\/filtr-pgytech-vnd-6-9-stopni-do-mavic-3-classic\/#primaryimage"},"thumbnailUrl":"https:\/\/ironsky.pl\/sklep\/wp-content\/uploads\/2026\/04\/27897_1.webp","datePublished":"2026-04-15T08:17:52+00:00","dateModified":"2026-04-15T08:50:45+00:00","description":"Filtr PGYTECH VND 6-9 stopni do Mavic 3 Classic - \u2705 sklep z dronami i fachowym doradztwem. \u2705 Tutaj kupisz produkty DJI, Yuneec, Parrot, Syma i wiele innych, a tak\u017ce kursy i licencje na operatora drona.","breadcrumb":{"@id":"https:\/\/ironsky.pl\/sklep\/produkt\/filtr-pgytech-vnd-6-9-stopni-do-mavic-3-classic\/#breadcrumb"},"inLanguage":"pl-PL","potentialAction":[{"@type":"ReadAction","target":["https:\/\/ironsky.pl\/sklep\/produkt\/filtr-pgytech-vnd-6-9-stopni-do-mavic-3-classic\/"]}]},{"@type":"ImageObject","inLanguage":"pl-PL","@id":"https:\/\/ironsky.pl\/sklep\/produkt\/filtr-pgytech-vnd-6-9-stopni-do-mavic-3-classic\/#primaryimage","url":"https:\/\/ironsky.pl\/sklep\/wp-content\/uploads\/2026\/04\/27897_1.webp","contentUrl":"https:\/\/ironsky.pl\/sklep\/wp-content\/uploads\/2026\/04\/27897_1.webp","width":800,"height":800},{"@type":"BreadcrumbList","@id":"https:\/\/ironsky.pl\/sklep\/produkt\/filtr-pgytech-vnd-6-9-stopni-do-mavic-3-classic\/#breadcrumb","itemListElement":[{"@type":"ListItem","position":1,"name":"Strona g\u0142\u00f3wna","item":"https:\/\/ironsky.pl\/sklep\/"},{"@type":"ListItem","position":2,"name":"Wszystkie produkty","item":"https:\/\/ironsky.pl\/sklep\/produkty\/"},{"@type":"ListItem","position":3,"name":"Filtr PGYTECH VND 6-9 stopni do Mavic 3 Classic"}]},{"@type":"WebSite","@id":"https:\/\/ironsky.pl\/sklep\/#website","url":"https:\/\/ironsky.pl\/sklep\/","name":"IRONSKY.PL Sklep z Dronami","description":"IRONSKY.PL Sklep z Dronami","potentialAction":[{"@type":"SearchAction","target":{"@type":"EntryPoint","urlTemplate":"https:\/\/ironsky.pl\/sklep\/?s={search_term_string}"},"query-input":{"@type":"PropertyValueSpecification","valueRequired":true,"valueName":"search_term_string"}}],"inLanguage":"pl-PL"}]}},"_links":{"self":[{"href":"https:\/\/ironsky.pl\/sklep\/wp-json\/wp\/v2\/product\/56722","targetHints":{"allow":["GET"]}}],"collection":[{"href":"https:\/\/ironsky.pl\/sklep\/wp-json\/wp\/v2\/product"}],"about":[{"href":"https:\/\/ironsky.pl\/sklep\/wp-json\/wp\/v2\/types\/product"}],"replies":[{"embeddable":true,"href":"https:\/\/ironsky.pl\/sklep\/wp-json\/wp\/v2\/comments?post=56722"}],"wp:featuredmedia":[{"embeddable":true,"href":"https:\/\/ironsky.pl\/sklep\/wp-json\/wp\/v2\/media\/56723"}],"wp:attachment":[{"href":"https:\/\/ironsky.pl\/sklep\/wp-json\/wp\/v2\/media?parent=56722"}],"wp:term":[{"taxonomy":"product_brand","embeddable":true,"href":"https:\/\/ironsky.pl\/sklep\/wp-json\/wp\/v2\/product_brand?post=56722"},{"taxonomy":"product_cat","embeddable":true,"href":"https:\/\/ironsky.pl\/sklep\/wp-json\/wp\/v2\/product_cat?post=56722"},{"taxonomy":"product_tag","embeddable":true,"href":"https:\/\/ironsky.pl\/sklep\/wp-json\/wp\/v2\/product_tag?post=56722"}],"curies":[{"name":"wp","href":"https:\/\/api.w.org\/{rel}","templated":true}]}}