{"id":56718,"date":"2026-04-15T10:17:20","date_gmt":"2026-04-15T08:17:20","guid":{"rendered":"https:\/\/ironsky.pl\/sklep\/produkt\/filtr-pgytech-cpl-do-mavic-3-classic\/"},"modified":"2026-04-15T10:50:44","modified_gmt":"2026-04-15T08:50:44","slug":"filtr-pgytech-cpl-do-mavic-3-classic","status":"publish","type":"product","link":"https:\/\/ironsky.pl\/sklep\/produkt\/filtr-pgytech-cpl-do-mavic-3-classic\/","title":{"rendered":"Filtr PGYTECH CPL do Mavic 3 Classic"},"content":{"rendered":"<h3>Filtr CPL PGYTECH do DJI Mavic 3 Classic<\/h3>\n<p>Wypr\u00f3buj filtr CPL marki PGYTECH, kt\u00f3ry eliminuje odblaski i zapewnia \u017cyw\u0105, naturaln\u0105, zachwycaj\u0105c\u0105 kolorystyk\u0119. Obracaj\u0105c go, mo\u017cesz zmieni\u0107 efekt polaryzacji. Produkt zosta\u0142 wykonany z wysokiej klasy, japo\u0144skiego szk\u0142a AGC oraz lotniczego aluminium, jest wi\u0119c niesamowicie lekki, a jednocze\u015bnie wytrzyma\u0142y. Specjalne pow\u0142oki ochronne zabezpieczaj\u0105 go przed brudem i uszkodzeniem. Filtr jest te\u017c prosty w monta\u017cu i wyr\u00f3\u017cnia si\u0119 idealnym dopasowaniem do DJI Mavic 3 Classic.<\/p>\n<p><img decoding=\"async\" src=\"https:\/\/b2b.innpro.pl\/data\/include\/cms\/PGYTECH\/P-39A-011\/6.jpg\"><\/p>\n<h3>Imponuj\u0105ca jako\u015b\u0107 obrazu<\/h3>\n<p>Tworzenie wspania\u0142ych fotografii powietrznych mo\u017ce by\u0107 prostsze, ni\u017c my\u015blisz. Wykonany z wielokrotnie szlifowanego i polerowanego szk\u0142a AGC filtr CPL redukuje odblaski z odbijaj\u0105cych \u015bwiat\u0142o powierzchni takich jak woda lub szklane szyby. Zwi\u0119ksza te\u017c nasycenie kolor\u00f3w i nadaje obrazom bardziej ekspresyjny, wyrazisty charakter. Przyda Ci si\u0119 na przyk\u0142ad do uchwycenia kontrastu mi\u0119dzy b\u0142\u0119kitnym niebem a bia\u0142ymi ob\u0142okami. Mo\u017cesz te\u017c obr\u00f3ci\u0107 filtr, aby zmieni\u0107 efekt polaryzacji.<\/p>\n<p><img decoding=\"async\" src=\"https:\/\/b2b.innpro.pl\/data\/include\/cms\/PGYTECH\/P-39A-011\/4.jpg\"><\/p>\n<h3>Zapomnij o problemach z czyszczeniem<\/h3>\n<p>Produkt jest zaskakuj\u0105co wytrzyma\u0142y i \u0142atwy w utrzymaniu. Zosta\u0142 pokryty 2-stronn\u0105, wielowarstwow\u0105 pow\u0142ok\u0105, kt\u00f3ra odpycha wod\u0119 i t\u0142uszcz, dzi\u0119ki czemu bez problemu zachowasz go w czysto\u015bci. Filtr jest te\u017c odporny na zarysowania. B\u0119dzie wi\u0119c doskonale Ci s\u0142u\u017cy\u0107 przez d\u0142ugi czas.<\/p>\n<p><img decoding=\"async\" src=\"https:\/\/b2b.innpro.pl\/data\/include\/cms\/PGYTECH\/P-39A-011\/5.jpg\"><\/p>\n<h3>Stworzony dla DJI Mavic 3 Classic<\/h3>\n<p>Obawiasz si\u0119, \u017ce akcesorium nadmiernie obci\u0105\u017cy drona i wp\u0142ynie na jako\u015b\u0107 lotu? Niepotrzebnie! Waga filtra wynosi zaledwie 5.7 g. Ramka wykonana z aluminium lotniczego CNC zapewnia mu niesamowit\u0105 lekko\u015b\u0107, a zarazem wytrzyma\u0142o\u015b\u0107. Wyr\u00f3\u017cnia si\u0119 te\u017c odporno\u015bci\u0105 na korozj\u0119. Produkt jest przy tym idealnie dopasowany do DJI Mavic 3 Classic. Nie zaburzy jego balansu i pozwoli Ci cieszy\u0107 si\u0119 p\u0142ynnym, ekscytuj\u0105cym lotem.<\/p>\n<p><img decoding=\"async\" src=\"https:\/\/b2b.innpro.pl\/data\/include\/cms\/PGYTECH\/P-39A-011\/2.jpg\"><\/p>\n<h3>W zestawie:<\/h3>\n<ul>\n<li>Filtr CPL x1<\/li>\n<li>\u015acierka do czyszczenia filtra x1<\/li>\n<li>Instrukcja obs\u0142ugi x1<\/li>\n<\/ul>\n<div class=\"table-wrapper\">\n<table>\n<tbody>\n<tr>\n<th>Producent<\/th>\n<td>PGYTECH<\/td>\n<\/tr>\n<tr>\n<th>Model<\/th>\n<td>P-39A-011<\/td>\n<\/tr>\n<tr>\n<th>Materia\u0142<\/th>\n<td>Aluminium, szk\u0142o optyczne<\/td>\n<\/tr>\n<tr>\n<th>Waga<\/th>\n<td>5.7 g<\/td>\n<\/tr>\n<tr>\n<th>Efekt filtra<\/th>\n<td>Blokada polaryzacji<\/td>\n<\/tr>\n<tr>\n<th>Wp\u0142yw na kolory<\/th>\n<td>Redukcja efektu zamglenia, zwi\u0119kszone nasycenie\/kontrast, zwi\u0119kszona przejrzysto\u015b\u0107<\/td>\n<\/tr>\n<tr>\n<th>Przeznaczenie<\/th>\n<td>DJI Mavic 3 Classic<\/td>\n<\/tr>\n<\/tbody>\n<\/table>\n<\/div>\n","protected":false},"excerpt":{"rendered":"<p>Filtr CPL PGYTECH do DJI Mavic 3 Classic Wypr\u00f3buj filtr CPL marki PGYTECH, kt\u00f3ry eliminuje odblaski i zapewnia \u017cyw\u0105, naturaln\u0105,<\/p>\n","protected":false},"featured_media":56719,"comment_status":"closed","ping_status":"open","template":"","meta":{"_acf_changed":false},"product_brand":[],"product_cat":[6167,1088,6200],"product_tag":[],"class_list":{"0":"post-56718","1":"product","2":"type-product","3":"status-publish","4":"has-post-thumbnail","6":"product_cat-akcesoria-do-dronow","7":"product_cat-drony","8":"product_cat-filtry-do-dronow-akcesoria-do-dronow","9":"pa_okres-gwarancji-5754","10":"pa_producent-pgytech","12":"first","13":"outofstock","14":"taxable","15":"shipping-taxable","16":"purchasable","17":"product-type-simple"},"acf":[],"yoast_head":"<!-- This site is optimized with the Yoast SEO plugin v27.2 - https:\/\/yoast.com\/product\/yoast-seo-wordpress\/ -->\n<title>Filtr PGYTECH CPL do Mavic 3 Classic - IRONSKY.PL Sklep z Dronami<\/title>\n<meta name=\"description\" content=\"Filtr PGYTECH CPL do Mavic 3 Classic - \u2705 sklep z dronami i fachowym doradztwem. \u2705 Tutaj kupisz produkty DJI, Yuneec, Parrot, Syma i wiele innych, a tak\u017ce kursy i licencje na operatora drona.\" \/>\n<meta name=\"robots\" content=\"index, follow, max-snippet:-1, max-image-preview:large, max-video-preview:-1\" \/>\n<link rel=\"canonical\" href=\"https:\/\/ironsky.pl\/sklep\/produkt\/filtr-pgytech-cpl-do-mavic-3-classic\/\" \/>\n<meta property=\"og:locale\" content=\"pl_PL\" \/>\n<meta property=\"og:type\" content=\"article\" \/>\n<meta property=\"og:title\" content=\"Filtr PGYTECH CPL do Mavic 3 Classic - IRONSKY.PL Sklep z Dronami\" \/>\n<meta property=\"og:description\" content=\"Filtr PGYTECH CPL do Mavic 3 Classic - \u2705 sklep z dronami i fachowym doradztwem. \u2705 Tutaj kupisz produkty DJI, Yuneec, Parrot, Syma i wiele innych, a tak\u017ce kursy i licencje na operatora drona.\" \/>\n<meta property=\"og:url\" content=\"https:\/\/ironsky.pl\/sklep\/produkt\/filtr-pgytech-cpl-do-mavic-3-classic\/\" \/>\n<meta property=\"og:site_name\" content=\"IRONSKY.PL Sklep z Dronami\" \/>\n<meta property=\"article:modified_time\" content=\"2026-04-15T08:50:44+00:00\" \/>\n<meta property=\"og:image\" content=\"https:\/\/ironsky.pl\/sklep\/wp-content\/uploads\/2026\/04\/27895_1.jpg\" \/>\n\t<meta property=\"og:image:width\" content=\"800\" \/>\n\t<meta property=\"og:image:height\" content=\"800\" \/>\n\t<meta property=\"og:image:type\" content=\"image\/jpeg\" \/>\n<meta name=\"twitter:card\" content=\"summary_large_image\" \/>\n<meta name=\"twitter:label1\" content=\"Szacowany czas czytania\" \/>\n\t<meta name=\"twitter:data1\" content=\"2 minuty\" \/>\n<script type=\"application\/ld+json\" class=\"yoast-schema-graph\">{\"@context\":\"https:\/\/schema.org\",\"@graph\":[{\"@type\":\"WebPage\",\"@id\":\"https:\/\/ironsky.pl\/sklep\/produkt\/filtr-pgytech-cpl-do-mavic-3-classic\/\",\"url\":\"https:\/\/ironsky.pl\/sklep\/produkt\/filtr-pgytech-cpl-do-mavic-3-classic\/\",\"name\":\"Filtr PGYTECH CPL do Mavic 3 Classic - IRONSKY.PL Sklep z Dronami\",\"isPartOf\":{\"@id\":\"https:\/\/ironsky.pl\/sklep\/#website\"},\"primaryImageOfPage\":{\"@id\":\"https:\/\/ironsky.pl\/sklep\/produkt\/filtr-pgytech-cpl-do-mavic-3-classic\/#primaryimage\"},\"image\":{\"@id\":\"https:\/\/ironsky.pl\/sklep\/produkt\/filtr-pgytech-cpl-do-mavic-3-classic\/#primaryimage\"},\"thumbnailUrl\":\"https:\/\/ironsky.pl\/sklep\/wp-content\/uploads\/2026\/04\/27895_1.jpg\",\"datePublished\":\"2026-04-15T08:17:20+00:00\",\"dateModified\":\"2026-04-15T08:50:44+00:00\",\"description\":\"Filtr PGYTECH CPL do Mavic 3 Classic - \u2705 sklep z dronami i fachowym doradztwem. \u2705 Tutaj kupisz produkty DJI, Yuneec, Parrot, Syma i wiele innych, a tak\u017ce kursy i licencje na operatora drona.\",\"breadcrumb\":{\"@id\":\"https:\/\/ironsky.pl\/sklep\/produkt\/filtr-pgytech-cpl-do-mavic-3-classic\/#breadcrumb\"},\"inLanguage\":\"pl-PL\",\"potentialAction\":[{\"@type\":\"ReadAction\",\"target\":[\"https:\/\/ironsky.pl\/sklep\/produkt\/filtr-pgytech-cpl-do-mavic-3-classic\/\"]}]},{\"@type\":\"ImageObject\",\"inLanguage\":\"pl-PL\",\"@id\":\"https:\/\/ironsky.pl\/sklep\/produkt\/filtr-pgytech-cpl-do-mavic-3-classic\/#primaryimage\",\"url\":\"https:\/\/ironsky.pl\/sklep\/wp-content\/uploads\/2026\/04\/27895_1.jpg\",\"contentUrl\":\"https:\/\/ironsky.pl\/sklep\/wp-content\/uploads\/2026\/04\/27895_1.jpg\",\"width\":800,\"height\":800},{\"@type\":\"BreadcrumbList\",\"@id\":\"https:\/\/ironsky.pl\/sklep\/produkt\/filtr-pgytech-cpl-do-mavic-3-classic\/#breadcrumb\",\"itemListElement\":[{\"@type\":\"ListItem\",\"position\":1,\"name\":\"Strona g\u0142\u00f3wna\",\"item\":\"https:\/\/ironsky.pl\/sklep\/\"},{\"@type\":\"ListItem\",\"position\":2,\"name\":\"Wszystkie produkty\",\"item\":\"https:\/\/ironsky.pl\/sklep\/produkty\/\"},{\"@type\":\"ListItem\",\"position\":3,\"name\":\"Filtr PGYTECH CPL do Mavic 3 Classic\"}]},{\"@type\":\"WebSite\",\"@id\":\"https:\/\/ironsky.pl\/sklep\/#website\",\"url\":\"https:\/\/ironsky.pl\/sklep\/\",\"name\":\"IRONSKY.PL Sklep z Dronami\",\"description\":\"IRONSKY.PL Sklep z Dronami\",\"potentialAction\":[{\"@type\":\"SearchAction\",\"target\":{\"@type\":\"EntryPoint\",\"urlTemplate\":\"https:\/\/ironsky.pl\/sklep\/?s={search_term_string}\"},\"query-input\":{\"@type\":\"PropertyValueSpecification\",\"valueRequired\":true,\"valueName\":\"search_term_string\"}}],\"inLanguage\":\"pl-PL\"}]}<\/script>\n<!-- \/ Yoast SEO plugin. -->","yoast_head_json":{"title":"Filtr PGYTECH CPL do Mavic 3 Classic - IRONSKY.PL Sklep z Dronami","description":"Filtr PGYTECH CPL do Mavic 3 Classic - \u2705 sklep z dronami i fachowym doradztwem. \u2705 Tutaj kupisz produkty DJI, Yuneec, Parrot, Syma i wiele innych, a tak\u017ce kursy i licencje na operatora drona.","robots":{"index":"index","follow":"follow","max-snippet":"max-snippet:-1","max-image-preview":"max-image-preview:large","max-video-preview":"max-video-preview:-1"},"canonical":"https:\/\/ironsky.pl\/sklep\/produkt\/filtr-pgytech-cpl-do-mavic-3-classic\/","og_locale":"pl_PL","og_type":"article","og_title":"Filtr PGYTECH CPL do Mavic 3 Classic - IRONSKY.PL Sklep z Dronami","og_description":"Filtr PGYTECH CPL do Mavic 3 Classic - \u2705 sklep z dronami i fachowym doradztwem. \u2705 Tutaj kupisz produkty DJI, Yuneec, Parrot, Syma i wiele innych, a tak\u017ce kursy i licencje na operatora drona.","og_url":"https:\/\/ironsky.pl\/sklep\/produkt\/filtr-pgytech-cpl-do-mavic-3-classic\/","og_site_name":"IRONSKY.PL Sklep z Dronami","article_modified_time":"2026-04-15T08:50:44+00:00","og_image":[{"width":800,"height":800,"url":"https:\/\/ironsky.pl\/sklep\/wp-content\/uploads\/2026\/04\/27895_1.jpg","type":"image\/jpeg"}],"twitter_card":"summary_large_image","twitter_misc":{"Szacowany czas czytania":"2 minuty"},"schema":{"@context":"https:\/\/schema.org","@graph":[{"@type":"WebPage","@id":"https:\/\/ironsky.pl\/sklep\/produkt\/filtr-pgytech-cpl-do-mavic-3-classic\/","url":"https:\/\/ironsky.pl\/sklep\/produkt\/filtr-pgytech-cpl-do-mavic-3-classic\/","name":"Filtr PGYTECH CPL do Mavic 3 Classic - IRONSKY.PL Sklep z Dronami","isPartOf":{"@id":"https:\/\/ironsky.pl\/sklep\/#website"},"primaryImageOfPage":{"@id":"https:\/\/ironsky.pl\/sklep\/produkt\/filtr-pgytech-cpl-do-mavic-3-classic\/#primaryimage"},"image":{"@id":"https:\/\/ironsky.pl\/sklep\/produkt\/filtr-pgytech-cpl-do-mavic-3-classic\/#primaryimage"},"thumbnailUrl":"https:\/\/ironsky.pl\/sklep\/wp-content\/uploads\/2026\/04\/27895_1.jpg","datePublished":"2026-04-15T08:17:20+00:00","dateModified":"2026-04-15T08:50:44+00:00","description":"Filtr PGYTECH CPL do Mavic 3 Classic - \u2705 sklep z dronami i fachowym doradztwem. \u2705 Tutaj kupisz produkty DJI, Yuneec, Parrot, Syma i wiele innych, a tak\u017ce kursy i licencje na operatora drona.","breadcrumb":{"@id":"https:\/\/ironsky.pl\/sklep\/produkt\/filtr-pgytech-cpl-do-mavic-3-classic\/#breadcrumb"},"inLanguage":"pl-PL","potentialAction":[{"@type":"ReadAction","target":["https:\/\/ironsky.pl\/sklep\/produkt\/filtr-pgytech-cpl-do-mavic-3-classic\/"]}]},{"@type":"ImageObject","inLanguage":"pl-PL","@id":"https:\/\/ironsky.pl\/sklep\/produkt\/filtr-pgytech-cpl-do-mavic-3-classic\/#primaryimage","url":"https:\/\/ironsky.pl\/sklep\/wp-content\/uploads\/2026\/04\/27895_1.jpg","contentUrl":"https:\/\/ironsky.pl\/sklep\/wp-content\/uploads\/2026\/04\/27895_1.jpg","width":800,"height":800},{"@type":"BreadcrumbList","@id":"https:\/\/ironsky.pl\/sklep\/produkt\/filtr-pgytech-cpl-do-mavic-3-classic\/#breadcrumb","itemListElement":[{"@type":"ListItem","position":1,"name":"Strona g\u0142\u00f3wna","item":"https:\/\/ironsky.pl\/sklep\/"},{"@type":"ListItem","position":2,"name":"Wszystkie produkty","item":"https:\/\/ironsky.pl\/sklep\/produkty\/"},{"@type":"ListItem","position":3,"name":"Filtr PGYTECH CPL do Mavic 3 Classic"}]},{"@type":"WebSite","@id":"https:\/\/ironsky.pl\/sklep\/#website","url":"https:\/\/ironsky.pl\/sklep\/","name":"IRONSKY.PL Sklep z Dronami","description":"IRONSKY.PL Sklep z Dronami","potentialAction":[{"@type":"SearchAction","target":{"@type":"EntryPoint","urlTemplate":"https:\/\/ironsky.pl\/sklep\/?s={search_term_string}"},"query-input":{"@type":"PropertyValueSpecification","valueRequired":true,"valueName":"search_term_string"}}],"inLanguage":"pl-PL"}]}},"_links":{"self":[{"href":"https:\/\/ironsky.pl\/sklep\/wp-json\/wp\/v2\/product\/56718","targetHints":{"allow":["GET"]}}],"collection":[{"href":"https:\/\/ironsky.pl\/sklep\/wp-json\/wp\/v2\/product"}],"about":[{"href":"https:\/\/ironsky.pl\/sklep\/wp-json\/wp\/v2\/types\/product"}],"replies":[{"embeddable":true,"href":"https:\/\/ironsky.pl\/sklep\/wp-json\/wp\/v2\/comments?post=56718"}],"wp:featuredmedia":[{"embeddable":true,"href":"https:\/\/ironsky.pl\/sklep\/wp-json\/wp\/v2\/media\/56719"}],"wp:attachment":[{"href":"https:\/\/ironsky.pl\/sklep\/wp-json\/wp\/v2\/media?parent=56718"}],"wp:term":[{"taxonomy":"product_brand","embeddable":true,"href":"https:\/\/ironsky.pl\/sklep\/wp-json\/wp\/v2\/product_brand?post=56718"},{"taxonomy":"product_cat","embeddable":true,"href":"https:\/\/ironsky.pl\/sklep\/wp-json\/wp\/v2\/product_cat?post=56718"},{"taxonomy":"product_tag","embeddable":true,"href":"https:\/\/ironsky.pl\/sklep\/wp-json\/wp\/v2\/product_tag?post=56718"}],"curies":[{"name":"wp","href":"https:\/\/api.w.org\/{rel}","templated":true}]}}