{"id":56716,"date":"2026-04-15T10:17:20","date_gmt":"2026-04-15T08:17:20","guid":{"rendered":"https:\/\/ironsky.pl\/sklep\/produkt\/uchwyt-na-telefon-pgytech-gwint-1-4-cold-shoe\/"},"modified":"2026-04-15T10:50:43","modified_gmt":"2026-04-15T08:50:43","slug":"uchwyt-na-telefon-pgytech-gwint-1-4-cold-shoe","status":"publish","type":"product","link":"https:\/\/ironsky.pl\/sklep\/produkt\/uchwyt-na-telefon-pgytech-gwint-1-4-cold-shoe\/","title":{"rendered":"Uchwyt na telefon PGYTECH gwint 1\/4&#8243; cold shoe"},"content":{"rendered":"<h3>Uchwyt na telefon PGYTECH z gwintem 1\/4 i stopk\u0105<\/h3>\n<p>Zwi\u0119ksz swoj\u0105 wygod\u0119 w czasie robienia zdj\u0119\u0107 i nagrywania filmik\u00f3w. Uchwyt na telefon PGYTECH kompatybilny jest ze smartfonami o szeroko\u015bci od 60 do 92 mm. Wyposa\u017cony zosta\u0142 w uniwersalny gwint 1\/4\u201d, dzi\u0119ki kt\u00f3remu jest szeroko kompatybilny. Mocowanie typu Cold Shoe na obu bokach uchwytu umo\u017cliwia monta\u017c dodatkowych akcesori\u00f3w. Co wi\u0119cej \u2013 produkt pozwala na regulacj\u0119 o nawet 110\u00b0, dzi\u0119ki czemu uzyskasz wymarzony k\u0105t nagrywania. <\/p>\n<p><img decoding=\"async\" src=\"https:\/\/b2b.innpro.pl\/data\/include\/cms\/PGYTECH\/P-CG-140\/5.jpg\"><\/p>\n<h3>Wiele mo\u017cliwo\u015bci<\/h3>\n<p>Uchwyt PGYTECH jest kompatybilny ze smartfonami o szeroko\u015bci od 60 do 92 mm. Chcesz stworzy\u0107 nagranie w trybie portretowym? A mo\u017ce zrobi\u0107 zachwycaj\u0105ce zdj\u0119cie krajobrazu? Z produktem PGYTECH wszystko jest mo\u017cliwe! Swobodnie reguluj k\u0105t pochylenia o nawet 110\u00b0 i osi\u0105gnij wymarzone rezultaty.<\/p>\n<p><img decoding=\"async\" src=\"https:\/\/b2b.innpro.pl\/data\/include\/cms\/PGYTECH\/P-CG-140\/7.jpg\"><\/p>\n<h3>Zamontuj praktyczne akcesoria<\/h3>\n<p>Mocowanie typu Cold Shoe znajduje si\u0119 po obu bokach uchwytu, dzi\u0119ki czemu mo\u017cesz swobodnie zamontowa\u0107 dodatkowe akcesoria, takie jak mikrofon czy o\u015bwietlenie. Poczuj si\u0119 jak profesjonalista i tw\u00f3rz wysokiej jako\u015bci tre\u015bci!<\/p>\n<p><img decoding=\"async\" src=\"https:\/\/b2b.innpro.pl\/data\/include\/cms\/PGYTECH\/P-CG-140\/6.jpg\"><\/p>\n<h3>Szeroka kompatybilno\u015b\u0107<\/h3>\n<p>Produkt PGYTECH wyr\u00f3\u017cnia si\u0119 szerok\u0105 kompatybilno\u015bci\u0105 dzi\u0119ki uniwersalnemu gwintowi 1\/4\u201c. Mo\u017cesz u\u017cytkowa\u0107 go ze smartfonami o szeroko\u015bci od 60 do 92 mm. Dzi\u0119ki temu nie musisz kupowa\u0107 nowego uchwytu w przypadku zmiany telefonu.<\/p>\n<p><img decoding=\"async\" src=\"https:\/\/b2b.innpro.pl\/data\/include\/cms\/PGYTECH\/P-CG-140\/3.jpg\"><\/p>\n<h3>W zestawie:<\/h3>\n<ul>\n<li>Uchwyt na telefon<\/li>\n<\/ul>\n<div class=\"table-wrapper\">\n<table>\n<tbody>\n<tr>\n<th>Producent<\/th>\n<td>PGYTECH<\/td>\n<\/tr>\n<tr>\n<th>Nazwa<\/th>\n<td>PGYTECH Cold Shoe Phone Colder<\/td>\n<\/tr>\n<tr>\n<th>Model<\/th>\n<td>P-CG-140<\/td>\n<\/tr>\n<tr>\n<th>Kompatybilno\u015b\u0107<\/th>\n<td>Telefony o szeroko\u015bci od 60 do 92 mm<\/td>\n<\/tr>\n<tr>\n<th>Zakres regulacji<\/th>\n<td>Do 110\u00b0<\/td>\n<\/tr>\n<tr>\n<th>Inne<\/th>\n<td>Mocowanie typu Cold Shoe, Gwint 1\/4\u201c<\/td>\n<\/tr>\n<\/tbody>\n<\/table>\n<\/div>\n","protected":false},"excerpt":{"rendered":"<p>Uchwyt na telefon PGYTECH z gwintem 1\/4 i stopk\u0105 Zwi\u0119ksz swoj\u0105 wygod\u0119 w czasie robienia zdj\u0119\u0107 i nagrywania filmik\u00f3w. Uchwyt<\/p>\n","protected":false},"featured_media":56717,"comment_status":"closed","ping_status":"open","template":"","meta":{"_acf_changed":false},"product_brand":[],"product_cat":[1128,6178,6176,6177,6181,1138],"product_tag":[],"class_list":{"0":"post-56716","1":"product","2":"type-product","3":"status-publish","4":"has-post-thumbnail","6":"product_cat-foto-wideo","7":"product_cat-mocowania","8":"product_cat-selfie-stiki","9":"product_cat-statywy-selfie-stiki","10":"product_cat-szelki-mocowania-i-uchwyty","11":"product_cat-wysiegniki","12":"pa_okres-gwarancji-5754","13":"pa_producent-pgytech","15":"first","16":"outofstock","17":"taxable","18":"shipping-taxable","19":"purchasable","20":"product-type-simple"},"acf":[],"yoast_head":"<!-- This site is optimized with the Yoast SEO plugin v27.2 - https:\/\/yoast.com\/product\/yoast-seo-wordpress\/ -->\n<title>Uchwyt na telefon PGYTECH gwint 1\/4&quot; cold shoe - IRONSKY.PL Sklep z Dronami<\/title>\n<meta name=\"description\" content=\"Uchwyt na telefon PGYTECH gwint 1\/4&quot; cold shoe - \u2705 sklep z dronami i fachowym doradztwem. \u2705 Tutaj kupisz produkty DJI, Yuneec, Parrot, Syma i wiele innych, a tak\u017ce kursy i licencje na operatora drona.\" \/>\n<meta name=\"robots\" content=\"index, follow, max-snippet:-1, max-image-preview:large, max-video-preview:-1\" \/>\n<link rel=\"canonical\" href=\"https:\/\/ironsky.pl\/sklep\/produkt\/uchwyt-na-telefon-pgytech-gwint-1-4-cold-shoe\/\" \/>\n<meta property=\"og:locale\" content=\"pl_PL\" \/>\n<meta property=\"og:type\" content=\"article\" \/>\n<meta property=\"og:title\" content=\"Uchwyt na telefon PGYTECH gwint 1\/4&quot; cold shoe - IRONSKY.PL Sklep z Dronami\" \/>\n<meta property=\"og:description\" content=\"Uchwyt na telefon PGYTECH gwint 1\/4&quot; cold shoe - \u2705 sklep z dronami i fachowym doradztwem. \u2705 Tutaj kupisz produkty DJI, Yuneec, Parrot, Syma i wiele innych, a tak\u017ce kursy i licencje na operatora drona.\" \/>\n<meta property=\"og:url\" content=\"https:\/\/ironsky.pl\/sklep\/produkt\/uchwyt-na-telefon-pgytech-gwint-1-4-cold-shoe\/\" \/>\n<meta property=\"og:site_name\" content=\"IRONSKY.PL Sklep z Dronami\" \/>\n<meta property=\"article:modified_time\" content=\"2026-04-15T08:50:43+00:00\" \/>\n<meta property=\"og:image\" content=\"https:\/\/ironsky.pl\/sklep\/wp-content\/uploads\/2026\/04\/27892_1.jpg\" \/>\n\t<meta property=\"og:image:width\" content=\"800\" \/>\n\t<meta property=\"og:image:height\" content=\"800\" \/>\n\t<meta property=\"og:image:type\" content=\"image\/jpeg\" \/>\n<meta name=\"twitter:card\" content=\"summary_large_image\" \/>\n<meta name=\"twitter:label1\" content=\"Szacowany czas czytania\" \/>\n\t<meta name=\"twitter:data1\" content=\"1 minuta\" \/>\n<script type=\"application\/ld+json\" class=\"yoast-schema-graph\">{\"@context\":\"https:\/\/schema.org\",\"@graph\":[{\"@type\":\"WebPage\",\"@id\":\"https:\/\/ironsky.pl\/sklep\/produkt\/uchwyt-na-telefon-pgytech-gwint-1-4-cold-shoe\/\",\"url\":\"https:\/\/ironsky.pl\/sklep\/produkt\/uchwyt-na-telefon-pgytech-gwint-1-4-cold-shoe\/\",\"name\":\"Uchwyt na telefon PGYTECH gwint 1\/4\\\" cold shoe - IRONSKY.PL Sklep z Dronami\",\"isPartOf\":{\"@id\":\"https:\/\/ironsky.pl\/sklep\/#website\"},\"primaryImageOfPage\":{\"@id\":\"https:\/\/ironsky.pl\/sklep\/produkt\/uchwyt-na-telefon-pgytech-gwint-1-4-cold-shoe\/#primaryimage\"},\"image\":{\"@id\":\"https:\/\/ironsky.pl\/sklep\/produkt\/uchwyt-na-telefon-pgytech-gwint-1-4-cold-shoe\/#primaryimage\"},\"thumbnailUrl\":\"https:\/\/ironsky.pl\/sklep\/wp-content\/uploads\/2026\/04\/27892_1.jpg\",\"datePublished\":\"2026-04-15T08:17:20+00:00\",\"dateModified\":\"2026-04-15T08:50:43+00:00\",\"description\":\"Uchwyt na telefon PGYTECH gwint 1\/4\\\" cold shoe - \u2705 sklep z dronami i fachowym doradztwem. \u2705 Tutaj kupisz produkty DJI, Yuneec, Parrot, Syma i wiele innych, a tak\u017ce kursy i licencje na operatora drona.\",\"breadcrumb\":{\"@id\":\"https:\/\/ironsky.pl\/sklep\/produkt\/uchwyt-na-telefon-pgytech-gwint-1-4-cold-shoe\/#breadcrumb\"},\"inLanguage\":\"pl-PL\",\"potentialAction\":[{\"@type\":\"ReadAction\",\"target\":[\"https:\/\/ironsky.pl\/sklep\/produkt\/uchwyt-na-telefon-pgytech-gwint-1-4-cold-shoe\/\"]}]},{\"@type\":\"ImageObject\",\"inLanguage\":\"pl-PL\",\"@id\":\"https:\/\/ironsky.pl\/sklep\/produkt\/uchwyt-na-telefon-pgytech-gwint-1-4-cold-shoe\/#primaryimage\",\"url\":\"https:\/\/ironsky.pl\/sklep\/wp-content\/uploads\/2026\/04\/27892_1.jpg\",\"contentUrl\":\"https:\/\/ironsky.pl\/sklep\/wp-content\/uploads\/2026\/04\/27892_1.jpg\",\"width\":800,\"height\":800},{\"@type\":\"BreadcrumbList\",\"@id\":\"https:\/\/ironsky.pl\/sklep\/produkt\/uchwyt-na-telefon-pgytech-gwint-1-4-cold-shoe\/#breadcrumb\",\"itemListElement\":[{\"@type\":\"ListItem\",\"position\":1,\"name\":\"Strona g\u0142\u00f3wna\",\"item\":\"https:\/\/ironsky.pl\/sklep\/\"},{\"@type\":\"ListItem\",\"position\":2,\"name\":\"Wszystkie produkty\",\"item\":\"https:\/\/ironsky.pl\/sklep\/produkty\/\"},{\"@type\":\"ListItem\",\"position\":3,\"name\":\"Uchwyt na telefon PGYTECH gwint 1\/4&#8243; cold shoe\"}]},{\"@type\":\"WebSite\",\"@id\":\"https:\/\/ironsky.pl\/sklep\/#website\",\"url\":\"https:\/\/ironsky.pl\/sklep\/\",\"name\":\"IRONSKY.PL Sklep z Dronami\",\"description\":\"IRONSKY.PL Sklep z Dronami\",\"potentialAction\":[{\"@type\":\"SearchAction\",\"target\":{\"@type\":\"EntryPoint\",\"urlTemplate\":\"https:\/\/ironsky.pl\/sklep\/?s={search_term_string}\"},\"query-input\":{\"@type\":\"PropertyValueSpecification\",\"valueRequired\":true,\"valueName\":\"search_term_string\"}}],\"inLanguage\":\"pl-PL\"}]}<\/script>\n<!-- \/ Yoast SEO plugin. -->","yoast_head_json":{"title":"Uchwyt na telefon PGYTECH gwint 1\/4\" cold shoe - IRONSKY.PL Sklep z Dronami","description":"Uchwyt na telefon PGYTECH gwint 1\/4\" cold shoe - \u2705 sklep z dronami i fachowym doradztwem. \u2705 Tutaj kupisz produkty DJI, Yuneec, Parrot, Syma i wiele innych, a tak\u017ce kursy i licencje na operatora drona.","robots":{"index":"index","follow":"follow","max-snippet":"max-snippet:-1","max-image-preview":"max-image-preview:large","max-video-preview":"max-video-preview:-1"},"canonical":"https:\/\/ironsky.pl\/sklep\/produkt\/uchwyt-na-telefon-pgytech-gwint-1-4-cold-shoe\/","og_locale":"pl_PL","og_type":"article","og_title":"Uchwyt na telefon PGYTECH gwint 1\/4\" cold shoe - IRONSKY.PL Sklep z Dronami","og_description":"Uchwyt na telefon PGYTECH gwint 1\/4\" cold shoe - \u2705 sklep z dronami i fachowym doradztwem. \u2705 Tutaj kupisz produkty DJI, Yuneec, Parrot, Syma i wiele innych, a tak\u017ce kursy i licencje na operatora drona.","og_url":"https:\/\/ironsky.pl\/sklep\/produkt\/uchwyt-na-telefon-pgytech-gwint-1-4-cold-shoe\/","og_site_name":"IRONSKY.PL Sklep z Dronami","article_modified_time":"2026-04-15T08:50:43+00:00","og_image":[{"width":800,"height":800,"url":"https:\/\/ironsky.pl\/sklep\/wp-content\/uploads\/2026\/04\/27892_1.jpg","type":"image\/jpeg"}],"twitter_card":"summary_large_image","twitter_misc":{"Szacowany czas czytania":"1 minuta"},"schema":{"@context":"https:\/\/schema.org","@graph":[{"@type":"WebPage","@id":"https:\/\/ironsky.pl\/sklep\/produkt\/uchwyt-na-telefon-pgytech-gwint-1-4-cold-shoe\/","url":"https:\/\/ironsky.pl\/sklep\/produkt\/uchwyt-na-telefon-pgytech-gwint-1-4-cold-shoe\/","name":"Uchwyt na telefon PGYTECH gwint 1\/4\" cold shoe - IRONSKY.PL Sklep z Dronami","isPartOf":{"@id":"https:\/\/ironsky.pl\/sklep\/#website"},"primaryImageOfPage":{"@id":"https:\/\/ironsky.pl\/sklep\/produkt\/uchwyt-na-telefon-pgytech-gwint-1-4-cold-shoe\/#primaryimage"},"image":{"@id":"https:\/\/ironsky.pl\/sklep\/produkt\/uchwyt-na-telefon-pgytech-gwint-1-4-cold-shoe\/#primaryimage"},"thumbnailUrl":"https:\/\/ironsky.pl\/sklep\/wp-content\/uploads\/2026\/04\/27892_1.jpg","datePublished":"2026-04-15T08:17:20+00:00","dateModified":"2026-04-15T08:50:43+00:00","description":"Uchwyt na telefon PGYTECH gwint 1\/4\" cold shoe - \u2705 sklep z dronami i fachowym doradztwem. \u2705 Tutaj kupisz produkty DJI, Yuneec, Parrot, Syma i wiele innych, a tak\u017ce kursy i licencje na operatora drona.","breadcrumb":{"@id":"https:\/\/ironsky.pl\/sklep\/produkt\/uchwyt-na-telefon-pgytech-gwint-1-4-cold-shoe\/#breadcrumb"},"inLanguage":"pl-PL","potentialAction":[{"@type":"ReadAction","target":["https:\/\/ironsky.pl\/sklep\/produkt\/uchwyt-na-telefon-pgytech-gwint-1-4-cold-shoe\/"]}]},{"@type":"ImageObject","inLanguage":"pl-PL","@id":"https:\/\/ironsky.pl\/sklep\/produkt\/uchwyt-na-telefon-pgytech-gwint-1-4-cold-shoe\/#primaryimage","url":"https:\/\/ironsky.pl\/sklep\/wp-content\/uploads\/2026\/04\/27892_1.jpg","contentUrl":"https:\/\/ironsky.pl\/sklep\/wp-content\/uploads\/2026\/04\/27892_1.jpg","width":800,"height":800},{"@type":"BreadcrumbList","@id":"https:\/\/ironsky.pl\/sklep\/produkt\/uchwyt-na-telefon-pgytech-gwint-1-4-cold-shoe\/#breadcrumb","itemListElement":[{"@type":"ListItem","position":1,"name":"Strona g\u0142\u00f3wna","item":"https:\/\/ironsky.pl\/sklep\/"},{"@type":"ListItem","position":2,"name":"Wszystkie produkty","item":"https:\/\/ironsky.pl\/sklep\/produkty\/"},{"@type":"ListItem","position":3,"name":"Uchwyt na telefon PGYTECH gwint 1\/4&#8243; cold shoe"}]},{"@type":"WebSite","@id":"https:\/\/ironsky.pl\/sklep\/#website","url":"https:\/\/ironsky.pl\/sklep\/","name":"IRONSKY.PL Sklep z Dronami","description":"IRONSKY.PL Sklep z Dronami","potentialAction":[{"@type":"SearchAction","target":{"@type":"EntryPoint","urlTemplate":"https:\/\/ironsky.pl\/sklep\/?s={search_term_string}"},"query-input":{"@type":"PropertyValueSpecification","valueRequired":true,"valueName":"search_term_string"}}],"inLanguage":"pl-PL"}]}},"_links":{"self":[{"href":"https:\/\/ironsky.pl\/sklep\/wp-json\/wp\/v2\/product\/56716","targetHints":{"allow":["GET"]}}],"collection":[{"href":"https:\/\/ironsky.pl\/sklep\/wp-json\/wp\/v2\/product"}],"about":[{"href":"https:\/\/ironsky.pl\/sklep\/wp-json\/wp\/v2\/types\/product"}],"replies":[{"embeddable":true,"href":"https:\/\/ironsky.pl\/sklep\/wp-json\/wp\/v2\/comments?post=56716"}],"wp:featuredmedia":[{"embeddable":true,"href":"https:\/\/ironsky.pl\/sklep\/wp-json\/wp\/v2\/media\/56717"}],"wp:attachment":[{"href":"https:\/\/ironsky.pl\/sklep\/wp-json\/wp\/v2\/media?parent=56716"}],"wp:term":[{"taxonomy":"product_brand","embeddable":true,"href":"https:\/\/ironsky.pl\/sklep\/wp-json\/wp\/v2\/product_brand?post=56716"},{"taxonomy":"product_cat","embeddable":true,"href":"https:\/\/ironsky.pl\/sklep\/wp-json\/wp\/v2\/product_cat?post=56716"},{"taxonomy":"product_tag","embeddable":true,"href":"https:\/\/ironsky.pl\/sklep\/wp-json\/wp\/v2\/product_tag?post=56716"}],"curies":[{"name":"wp","href":"https:\/\/api.w.org\/{rel}","templated":true}]}}