{"id":56672,"date":"2026-04-15T10:17:20","date_gmt":"2026-04-15T08:17:20","guid":{"rendered":"https:\/\/ironsky.pl\/sklep\/produkt\/stol-obrotowy-puluz-45cm-czarny\/"},"modified":"2026-04-15T10:17:26","modified_gmt":"2026-04-15T08:17:26","slug":"stol-obrotowy-puluz-45cm-czarny","status":"publish","type":"product","link":"https:\/\/ironsky.pl\/sklep\/produkt\/stol-obrotowy-puluz-45cm-czarny\/","title":{"rendered":"St\u00f3\u0142 obrotowy PULUZ 45cm (czarny)"},"content":{"rendered":"<h3>Puluz Obrotowa podstawka do zdj\u0119\u0107 45 cm (czarna)<\/h3>\n<p>Szukasz podstawki, kt\u00f3ra pozwoli Ci wyeksponowa\u0107 bi\u017cuteri\u0119, zegarki, torebki, a mo\u017ce kolekcj\u0119 modeli samochod\u00f3w? Obrotowa podstawka Puluz o \u015brednicy 45 cm \u015bwietnie sprawdzi si\u0119 zar\u00f3wno w domu, jak i na sklepowej wystawie czy studiu fotograficznym. Urz\u0105dzenie obraca si\u0119 o 360 stopni, a jego poziom g\u0142o\u015bno\u015bci nie przekracza 50 dB. Do\u0142\u0105czony do zestawu pilot pozwoli Ci wygodnie kontrolowa\u0107 podstawk\u0119. <\/p>\n<p><img decoding=\"async\" src=\"https:\/\/b2b.innpro.pl\/data\/include\/cms\/02Puluz\/PU3145EU\/3.jpg\"><\/p>\n<h3>Wygodna i prosta obs\u0142uga<\/h3>\n<p>Podstawka Puluz jest wyj\u0105tkowa prosta w obs\u0142udze. Posiada tylko jeden przycisk, za kt\u00f3rego pomoc\u0105 w\u0142\u0105czysz i wy\u0142\u0105czysz urz\u0105dzenie, a tak\u017ce zmienisz kierunek obrotu. Urz\u0105dzenie obraca si\u0119 o 360\u00b0, co pozwoli Ci w pe\u0142ni zaprezentowa\u0107 produkt, a pilot zdalnego sterowania umo\u017cliwi Ci kontrolowanie podstawki na odleg\u0142o\u015b\u0107. Dodatkowo wyposa\u017cono j\u0105 w antypo\u015blizgowe elementy, kt\u00f3re zapewniaj\u0105 niezawodn\u0105 stabilno\u015b\u0107 na niemal ka\u017cdej powierzchni.<\/p>\n<p><img decoding=\"async\" src=\"https:\/\/b2b.innpro.pl\/data\/include\/cms\/02Puluz\/PU3145EU\/1.jpg\"><\/p>\n<h3>Cicha praca<\/h3>\n<p>U\u0142atw sobie prac\u0119 z obrotow\u0105 podstawk\u0105 Puluz. Urz\u0105dzenie mo\u017ce ud\u017awign\u0105\u0107 nawet do 100 kg, co da Ci niemal nieograniczone mo\u017cliwo\u015bci. Nie musisz obawia\u0107 si\u0119 tego uci\u0105\u017cliwego szumu \u2013 poziom g\u0142o\u015bno\u015bci urz\u0105dzenia nie przekracza 50 dB. Mo\u017cesz wi\u0119c swobodnie nagrywa\u0107 filmiki i prezentowa\u0107 swoje przedmioty!<\/p>\n<p><img decoding=\"async\" src=\"https:\/\/b2b.innpro.pl\/data\/include\/cms\/02Puluz\/PU3145EU\/4.jpg\"><\/p>\n<h3>W zestawie<\/h3>\n<ul>\n<li>obrotowa podstawka do zdj\u0119\u0107<\/li>\n<li>pilot <\/li>\n<li>zasilacz<\/li>\n<\/ul>\n<div class=\"table-wrapper\">\n<table>\n<tbody>\n<tr>\n<th>Producent<\/th>\n<td>PULUZ<\/td>\n<\/tr>\n<tr>\n<th>Model<\/th>\n<td>PU3145EU<\/td>\n<\/tr>\n<tr>\n<th>Kolor <\/th>\n<td>Czarny<\/td>\n<\/tr>\n<tr>\n<th>Materia\u0142<\/th>\n<td>Plastik + ABS<\/td>\n<\/tr>\n<tr>\n<th>Maksymalny ud\u017awig<\/th>\n<td>100 kg<\/td>\n<\/tr>\n<tr>\n<th>Wymiary<\/th>\n<td>45 x 6 cm<\/td>\n<\/tr>\n<tr>\n<th>\u015arednica<\/th>\n<td>45 cm<\/td>\n<\/tr>\n<tr>\n<th>Wysoko\u015b\u0107<\/th>\n<td>6 cm<\/td>\n<\/tr>\n<tr>\n<th>Napi\u0119cie<\/th>\n<td>110-250V<\/td>\n<\/tr>\n<tr>\n<th>Pr\u0119dko\u015b\u0107<\/th>\n<td>1 obr\u00f3t \/ 22~45 sekund<\/td>\n<\/tr>\n<\/tbody>\n<\/table>\n<\/div>\n","protected":false},"excerpt":{"rendered":"<p>Puluz Obrotowa podstawka do zdj\u0119\u0107 45 cm (czarna) Szukasz podstawki, kt\u00f3ra pozwoli Ci wyeksponowa\u0107 bi\u017cuteri\u0119, zegarki, torebki, a mo\u017ce kolekcj\u0119<\/p>\n","protected":false},"featured_media":56673,"comment_status":"closed","ping_status":"open","template":"","meta":{"_acf_changed":false},"product_brand":[],"product_cat":[1128,6192,6182],"product_tag":[],"class_list":{"0":"post-56672","1":"product","2":"type-product","3":"status-publish","4":"has-post-thumbnail","6":"product_cat-foto-wideo","7":"product_cat-podstawki","8":"product_cat-studio-fotograficzne","9":"pa_okres-gwarancji-5754","10":"pa_producent-puluz","12":"first","13":"outofstock","14":"taxable","15":"shipping-taxable","16":"purchasable","17":"product-type-simple"},"acf":[],"yoast_head":"<!-- This site is optimized with the Yoast SEO plugin v27.2 - https:\/\/yoast.com\/product\/yoast-seo-wordpress\/ -->\n<title>St\u00f3\u0142 obrotowy PULUZ 45cm (czarny) - IRONSKY.PL Sklep z Dronami<\/title>\n<meta name=\"description\" content=\"St\u00f3\u0142 obrotowy PULUZ 45cm (czarny) - \u2705 sklep z dronami i fachowym doradztwem. \u2705 Tutaj kupisz produkty DJI, Yuneec, Parrot, Syma i wiele innych, a tak\u017ce kursy i licencje na operatora drona.\" \/>\n<meta name=\"robots\" content=\"index, follow, max-snippet:-1, max-image-preview:large, max-video-preview:-1\" \/>\n<link rel=\"canonical\" href=\"https:\/\/ironsky.pl\/sklep\/produkt\/stol-obrotowy-puluz-45cm-czarny\/\" \/>\n<meta property=\"og:locale\" content=\"pl_PL\" \/>\n<meta property=\"og:type\" content=\"article\" \/>\n<meta property=\"og:title\" content=\"St\u00f3\u0142 obrotowy PULUZ 45cm (czarny) - IRONSKY.PL Sklep z Dronami\" \/>\n<meta property=\"og:description\" content=\"St\u00f3\u0142 obrotowy PULUZ 45cm (czarny) - \u2705 sklep z dronami i fachowym doradztwem. \u2705 Tutaj kupisz produkty DJI, Yuneec, Parrot, Syma i wiele innych, a tak\u017ce kursy i licencje na operatora drona.\" \/>\n<meta property=\"og:url\" content=\"https:\/\/ironsky.pl\/sklep\/produkt\/stol-obrotowy-puluz-45cm-czarny\/\" \/>\n<meta property=\"og:site_name\" content=\"IRONSKY.PL Sklep z Dronami\" \/>\n<meta property=\"article:modified_time\" content=\"2026-04-15T08:17:26+00:00\" \/>\n<meta property=\"og:image\" content=\"https:\/\/ironsky.pl\/sklep\/wp-content\/uploads\/2026\/04\/27861_1.jpg\" \/>\n\t<meta property=\"og:image:width\" content=\"800\" \/>\n\t<meta property=\"og:image:height\" content=\"800\" \/>\n\t<meta property=\"og:image:type\" content=\"image\/jpeg\" \/>\n<meta name=\"twitter:card\" content=\"summary_large_image\" \/>\n<meta name=\"twitter:label1\" content=\"Szacowany czas czytania\" \/>\n\t<meta name=\"twitter:data1\" content=\"1 minuta\" \/>\n<script type=\"application\/ld+json\" class=\"yoast-schema-graph\">{\"@context\":\"https:\/\/schema.org\",\"@graph\":[{\"@type\":\"WebPage\",\"@id\":\"https:\/\/ironsky.pl\/sklep\/produkt\/stol-obrotowy-puluz-45cm-czarny\/\",\"url\":\"https:\/\/ironsky.pl\/sklep\/produkt\/stol-obrotowy-puluz-45cm-czarny\/\",\"name\":\"St\u00f3\u0142 obrotowy PULUZ 45cm (czarny) - IRONSKY.PL Sklep z Dronami\",\"isPartOf\":{\"@id\":\"https:\/\/ironsky.pl\/sklep\/#website\"},\"primaryImageOfPage\":{\"@id\":\"https:\/\/ironsky.pl\/sklep\/produkt\/stol-obrotowy-puluz-45cm-czarny\/#primaryimage\"},\"image\":{\"@id\":\"https:\/\/ironsky.pl\/sklep\/produkt\/stol-obrotowy-puluz-45cm-czarny\/#primaryimage\"},\"thumbnailUrl\":\"https:\/\/ironsky.pl\/sklep\/wp-content\/uploads\/2026\/04\/27861_1.jpg\",\"datePublished\":\"2026-04-15T08:17:20+00:00\",\"dateModified\":\"2026-04-15T08:17:26+00:00\",\"description\":\"St\u00f3\u0142 obrotowy PULUZ 45cm (czarny) - \u2705 sklep z dronami i fachowym doradztwem. \u2705 Tutaj kupisz produkty DJI, Yuneec, Parrot, Syma i wiele innych, a tak\u017ce kursy i licencje na operatora drona.\",\"breadcrumb\":{\"@id\":\"https:\/\/ironsky.pl\/sklep\/produkt\/stol-obrotowy-puluz-45cm-czarny\/#breadcrumb\"},\"inLanguage\":\"pl-PL\",\"potentialAction\":[{\"@type\":\"ReadAction\",\"target\":[\"https:\/\/ironsky.pl\/sklep\/produkt\/stol-obrotowy-puluz-45cm-czarny\/\"]}]},{\"@type\":\"ImageObject\",\"inLanguage\":\"pl-PL\",\"@id\":\"https:\/\/ironsky.pl\/sklep\/produkt\/stol-obrotowy-puluz-45cm-czarny\/#primaryimage\",\"url\":\"https:\/\/ironsky.pl\/sklep\/wp-content\/uploads\/2026\/04\/27861_1.jpg\",\"contentUrl\":\"https:\/\/ironsky.pl\/sklep\/wp-content\/uploads\/2026\/04\/27861_1.jpg\",\"width\":800,\"height\":800},{\"@type\":\"BreadcrumbList\",\"@id\":\"https:\/\/ironsky.pl\/sklep\/produkt\/stol-obrotowy-puluz-45cm-czarny\/#breadcrumb\",\"itemListElement\":[{\"@type\":\"ListItem\",\"position\":1,\"name\":\"Strona g\u0142\u00f3wna\",\"item\":\"https:\/\/ironsky.pl\/sklep\/\"},{\"@type\":\"ListItem\",\"position\":2,\"name\":\"Wszystkie produkty\",\"item\":\"https:\/\/ironsky.pl\/sklep\/produkty\/\"},{\"@type\":\"ListItem\",\"position\":3,\"name\":\"St\u00f3\u0142 obrotowy PULUZ 45cm (czarny)\"}]},{\"@type\":\"WebSite\",\"@id\":\"https:\/\/ironsky.pl\/sklep\/#website\",\"url\":\"https:\/\/ironsky.pl\/sklep\/\",\"name\":\"IRONSKY.PL Sklep z Dronami\",\"description\":\"IRONSKY.PL Sklep z Dronami\",\"potentialAction\":[{\"@type\":\"SearchAction\",\"target\":{\"@type\":\"EntryPoint\",\"urlTemplate\":\"https:\/\/ironsky.pl\/sklep\/?s={search_term_string}\"},\"query-input\":{\"@type\":\"PropertyValueSpecification\",\"valueRequired\":true,\"valueName\":\"search_term_string\"}}],\"inLanguage\":\"pl-PL\"}]}<\/script>\n<!-- \/ Yoast SEO plugin. -->","yoast_head_json":{"title":"St\u00f3\u0142 obrotowy PULUZ 45cm (czarny) - IRONSKY.PL Sklep z Dronami","description":"St\u00f3\u0142 obrotowy PULUZ 45cm (czarny) - \u2705 sklep z dronami i fachowym doradztwem. \u2705 Tutaj kupisz produkty DJI, Yuneec, Parrot, Syma i wiele innych, a tak\u017ce kursy i licencje na operatora drona.","robots":{"index":"index","follow":"follow","max-snippet":"max-snippet:-1","max-image-preview":"max-image-preview:large","max-video-preview":"max-video-preview:-1"},"canonical":"https:\/\/ironsky.pl\/sklep\/produkt\/stol-obrotowy-puluz-45cm-czarny\/","og_locale":"pl_PL","og_type":"article","og_title":"St\u00f3\u0142 obrotowy PULUZ 45cm (czarny) - IRONSKY.PL Sklep z Dronami","og_description":"St\u00f3\u0142 obrotowy PULUZ 45cm (czarny) - \u2705 sklep z dronami i fachowym doradztwem. \u2705 Tutaj kupisz produkty DJI, Yuneec, Parrot, Syma i wiele innych, a tak\u017ce kursy i licencje na operatora drona.","og_url":"https:\/\/ironsky.pl\/sklep\/produkt\/stol-obrotowy-puluz-45cm-czarny\/","og_site_name":"IRONSKY.PL Sklep z Dronami","article_modified_time":"2026-04-15T08:17:26+00:00","og_image":[{"width":800,"height":800,"url":"https:\/\/ironsky.pl\/sklep\/wp-content\/uploads\/2026\/04\/27861_1.jpg","type":"image\/jpeg"}],"twitter_card":"summary_large_image","twitter_misc":{"Szacowany czas czytania":"1 minuta"},"schema":{"@context":"https:\/\/schema.org","@graph":[{"@type":"WebPage","@id":"https:\/\/ironsky.pl\/sklep\/produkt\/stol-obrotowy-puluz-45cm-czarny\/","url":"https:\/\/ironsky.pl\/sklep\/produkt\/stol-obrotowy-puluz-45cm-czarny\/","name":"St\u00f3\u0142 obrotowy PULUZ 45cm (czarny) - IRONSKY.PL Sklep z Dronami","isPartOf":{"@id":"https:\/\/ironsky.pl\/sklep\/#website"},"primaryImageOfPage":{"@id":"https:\/\/ironsky.pl\/sklep\/produkt\/stol-obrotowy-puluz-45cm-czarny\/#primaryimage"},"image":{"@id":"https:\/\/ironsky.pl\/sklep\/produkt\/stol-obrotowy-puluz-45cm-czarny\/#primaryimage"},"thumbnailUrl":"https:\/\/ironsky.pl\/sklep\/wp-content\/uploads\/2026\/04\/27861_1.jpg","datePublished":"2026-04-15T08:17:20+00:00","dateModified":"2026-04-15T08:17:26+00:00","description":"St\u00f3\u0142 obrotowy PULUZ 45cm (czarny) - \u2705 sklep z dronami i fachowym doradztwem. \u2705 Tutaj kupisz produkty DJI, Yuneec, Parrot, Syma i wiele innych, a tak\u017ce kursy i licencje na operatora drona.","breadcrumb":{"@id":"https:\/\/ironsky.pl\/sklep\/produkt\/stol-obrotowy-puluz-45cm-czarny\/#breadcrumb"},"inLanguage":"pl-PL","potentialAction":[{"@type":"ReadAction","target":["https:\/\/ironsky.pl\/sklep\/produkt\/stol-obrotowy-puluz-45cm-czarny\/"]}]},{"@type":"ImageObject","inLanguage":"pl-PL","@id":"https:\/\/ironsky.pl\/sklep\/produkt\/stol-obrotowy-puluz-45cm-czarny\/#primaryimage","url":"https:\/\/ironsky.pl\/sklep\/wp-content\/uploads\/2026\/04\/27861_1.jpg","contentUrl":"https:\/\/ironsky.pl\/sklep\/wp-content\/uploads\/2026\/04\/27861_1.jpg","width":800,"height":800},{"@type":"BreadcrumbList","@id":"https:\/\/ironsky.pl\/sklep\/produkt\/stol-obrotowy-puluz-45cm-czarny\/#breadcrumb","itemListElement":[{"@type":"ListItem","position":1,"name":"Strona g\u0142\u00f3wna","item":"https:\/\/ironsky.pl\/sklep\/"},{"@type":"ListItem","position":2,"name":"Wszystkie produkty","item":"https:\/\/ironsky.pl\/sklep\/produkty\/"},{"@type":"ListItem","position":3,"name":"St\u00f3\u0142 obrotowy PULUZ 45cm (czarny)"}]},{"@type":"WebSite","@id":"https:\/\/ironsky.pl\/sklep\/#website","url":"https:\/\/ironsky.pl\/sklep\/","name":"IRONSKY.PL Sklep z Dronami","description":"IRONSKY.PL Sklep z Dronami","potentialAction":[{"@type":"SearchAction","target":{"@type":"EntryPoint","urlTemplate":"https:\/\/ironsky.pl\/sklep\/?s={search_term_string}"},"query-input":{"@type":"PropertyValueSpecification","valueRequired":true,"valueName":"search_term_string"}}],"inLanguage":"pl-PL"}]}},"_links":{"self":[{"href":"https:\/\/ironsky.pl\/sklep\/wp-json\/wp\/v2\/product\/56672","targetHints":{"allow":["GET"]}}],"collection":[{"href":"https:\/\/ironsky.pl\/sklep\/wp-json\/wp\/v2\/product"}],"about":[{"href":"https:\/\/ironsky.pl\/sklep\/wp-json\/wp\/v2\/types\/product"}],"replies":[{"embeddable":true,"href":"https:\/\/ironsky.pl\/sklep\/wp-json\/wp\/v2\/comments?post=56672"}],"wp:featuredmedia":[{"embeddable":true,"href":"https:\/\/ironsky.pl\/sklep\/wp-json\/wp\/v2\/media\/56673"}],"wp:attachment":[{"href":"https:\/\/ironsky.pl\/sklep\/wp-json\/wp\/v2\/media?parent=56672"}],"wp:term":[{"taxonomy":"product_brand","embeddable":true,"href":"https:\/\/ironsky.pl\/sklep\/wp-json\/wp\/v2\/product_brand?post=56672"},{"taxonomy":"product_cat","embeddable":true,"href":"https:\/\/ironsky.pl\/sklep\/wp-json\/wp\/v2\/product_cat?post=56672"},{"taxonomy":"product_tag","embeddable":true,"href":"https:\/\/ironsky.pl\/sklep\/wp-json\/wp\/v2\/product_tag?post=56672"}],"curies":[{"name":"wp","href":"https:\/\/api.w.org\/{rel}","templated":true}]}}