{"id":56669,"date":"2026-04-15T10:17:20","date_gmt":"2026-04-15T08:17:20","guid":{"rendered":"https:\/\/ironsky.pl\/sklep\/produkt\/lampka-nurkowa-puluz-ipx8-40m\/"},"modified":"2026-04-15T10:17:24","modified_gmt":"2026-04-15T08:17:24","slug":"lampka-nurkowa-puluz-ipx8-40m","status":"publish","type":"product","link":"https:\/\/ironsky.pl\/sklep\/produkt\/lampka-nurkowa-puluz-ipx8-40m\/","title":{"rendered":"Lampka nurkowa PULUZ IPX8 40m"},"content":{"rendered":"<h3>Wodoodporna lampka do nurkowania PULUZ do kamer sportowych<\/h3>\n<p>Tw\u00f3rz zapieraj\u0105ce dech w piersiach kadry pod wod\u0105. Lampka PULUZ wyr\u00f3\u017cnia si\u0119 wodoodporno\u015bci\u0105 IPX8, dzi\u0119ki czemu mo\u017cesz zabra\u0107 j\u0105 ze sob\u0105 pod wod\u0105 na a\u017c 40 metr\u00f3w. Jej maksymalny czas pracy wynosi 6 godzin, a magnetyczny kabel (w zestawie) pozwoli Ci szybko i wygodnie na\u0142adowa\u0107 lampk\u0119. Do zestawu do\u0142\u0105czono te\u017c zestaw kolorowych filtr\u00f3w. Jest wyj\u0105tkowo lekka i niewielka, dzi\u0119ki czemu mo\u017cesz mie\u0107 j\u0105 zawsze przy sobie. Uniwersalny gwint 1\/4 \u201c i zimna stopka u\u0142atwi\u0105 Ci jej monta\u017c. <\/p>\n<p><img decoding=\"async\" src=\"https:\/\/b2b.innpro.pl\/data\/include\/cms\/02Puluz\/PU631B\/4.jpg\"><\/p>\n<h3>Do 6 godzin pracy<\/h3>\n<p>Urz\u0105dzenie wyposa\u017cono w wytrzyma\u0142y akumulator o pojemno\u015bci 2500 mAh. Zapewnia on do nawet 6 godzin nieprzerwanej pracy. Mo\u017cesz wi\u0119c swobodnie z niego korzysta\u0107 na przyk\u0142ad podczas nurkowania na wakacjach. Jej \u0142adowanie nie zajmie Ci du\u017co czasu \u2013 po oko\u0142o 2.5 godzinach b\u0119dzie ponownie gotowa do dzia\u0142ania. Magnetyczny kabel, kt\u00f3ry znajdziesz w zestawie, u\u0142atwi Ci \u0142adowanie. <\/p>\n<p><img decoding=\"async\" src=\"https:\/\/b2b.innpro.pl\/data\/include\/cms\/02Puluz\/PU631B\/1.jpg\"><\/p>\n<h3>Zestaw filtr\u00f3w<\/h3>\n<p>Uzyskaj spektakularne efekty na swoich nagraniach! W sk\u0142ad zestawu wchodzi zestaw 8 wymiennych filtr\u00f3w o r\u00f3\u017cnych kolorach. Pomo\u017ce Ci on wykona\u0107 niesamowite, podwodne uj\u0119cia, kt\u00f3re z pewno\u015bci\u0105 zachwyc\u0105 ka\u017cdego. Dodatkowo poziom jasno\u015bci 650-750 lm oraz temperatura barw si\u0119gaj\u0105ca nawet 6500K pozwoli Ci stworzy\u0107 wyj\u0105tkowy klimat.<\/p>\n<p><img decoding=\"async\" src=\"https:\/\/b2b.innpro.pl\/data\/include\/cms\/02Puluz\/PU631B\/7.jpg\"><\/p>\n<h3>Przemy\u015blana konstrukcja<\/h3>\n<p>Lekka i kompaktowa konstrukcja urz\u0105dzenia u\u0142atwi Ci przechowywanie oraz transport \u2013 z powodzeniem schowasz j\u0105 lampk\u0119 do plecaka czy torby i zabierz ze sob\u0105 w niemal ka\u017cde miejsce. Do jej wykonania u\u017cyto wytrzyma\u0142ego tworzywa PC, kt\u00f3re charakteryzuje si\u0119 wysok\u0105 odporno\u015bci\u0105 oraz trwa\u0142o\u015bci\u0105. Uniwersalny gwint 1\/4 \u201c oraz zimna stopka pozwol\u0105 Ci bez problemu zamontowa\u0107 lampk\u0119 do statywu, selfie sticka czy aparatu. Posiada tak\u017ce certyfikat ochrony IPX8, dzi\u0119ki czemu mo\u017ce zabra\u0107 j\u0105 pod wod\u0119 do nawet 40 metr\u00f3w.<\/p>\n<p><img decoding=\"async\" src=\"https:\/\/b2b.innpro.pl\/data\/include\/cms\/02Puluz\/PU631B\/3.jpg\"><\/p>\n<h3>W zestawie<\/h3>\n<ul>\n<li>lampka PULUZ<\/li>\n<li>magnetyczny kabel \u0142adowania<\/li>\n<li>filtr 8 kolor\u00f3w (r\u00f3\u017cowy, fioletowy, niebieski, bia\u0142y, czerwony, zielony, pomara\u0144czowy, \u017c\u00f3\u0142ty)<\/li>\n<\/ul>\n<div class=\"table-wrapper\">\n<table>\n<tbody>\n<tr>\n<th>Producent<\/th>\n<td>Puluz<\/td>\n<\/tr>\n<tr>\n<th>Model<\/th>\n<td>PU631B<\/td>\n<\/tr>\n<tr>\n<th>Materia\u0142<\/th>\n<td>PC + szk\u0142o hartowane<\/td>\n<\/tr>\n<tr>\n<th>Wodoodporno\u015b\u0107<\/th>\n<td>IPX8 (do 40 metr\u00f3w pod wod\u0105)<\/td>\n<\/tr>\n<tr>\n<th>Ilo\u015b\u0107 koralik\u00f3w LED<\/th>\n<td>40<\/td>\n<\/tr>\n<tr>\n<th>Barwa \u015bwiat\u0142a<\/th>\n<td>6000-6500K<\/td>\n<\/tr>\n<tr>\n<th>Poziom jasno\u015bci<\/th>\n<td>650-750 lm<\/td>\n<\/tr>\n<tr>\n<th>Zasilanie<\/th>\n<td>5V\/2A<\/td>\n<\/tr>\n<tr>\n<th>Pojemno\u015b\u0107 akumulatora<\/th>\n<td>2500 mAh<\/td>\n<\/tr>\n<tr>\n<th>Czas \u0142adowania<\/th>\n<td>2.5 godziny<\/td>\n<\/tr>\n<tr>\n<th>Czas pracy<\/th>\n<td>od 2 do 6 godzin<\/td>\n<\/tr>\n<tr>\n<th>Wymiary<\/th>\n<td>6 x 3.5 x 8.8 cm<\/td>\n<\/tr>\n<\/tbody>\n<\/table>\n<\/div>\n","protected":false},"excerpt":{"rendered":"<p>Wodoodporna lampka do nurkowania PULUZ do kamer sportowych Tw\u00f3rz zapieraj\u0105ce dech w piersiach kadry pod wod\u0105. Lampka PULUZ wyr\u00f3\u017cnia si\u0119<\/p>\n","protected":false},"featured_media":56670,"comment_status":"closed","ping_status":"open","template":"","meta":{"_acf_changed":false},"product_brand":[],"product_cat":[1128,6186,6182],"product_tag":[],"class_list":{"0":"post-56669","1":"product","2":"type-product","3":"status-publish","4":"has-post-thumbnail","6":"product_cat-foto-wideo","7":"product_cat-lampy","8":"product_cat-studio-fotograficzne","9":"pa_okres-gwarancji-5754","10":"pa_producent-puluz","12":"first","13":"outofstock","14":"taxable","15":"shipping-taxable","16":"purchasable","17":"product-type-simple"},"acf":[],"yoast_head":"<!-- This site is optimized with the Yoast SEO plugin v27.2 - https:\/\/yoast.com\/product\/yoast-seo-wordpress\/ -->\n<title>Lampka nurkowa PULUZ IPX8 40m - IRONSKY.PL Sklep z Dronami<\/title>\n<meta name=\"description\" content=\"Lampka nurkowa PULUZ IPX8 40m - \u2705 sklep z dronami i fachowym doradztwem. \u2705 Tutaj kupisz produkty DJI, Yuneec, Parrot, Syma i wiele innych, a tak\u017ce kursy i licencje na operatora drona.\" \/>\n<meta name=\"robots\" content=\"index, follow, max-snippet:-1, max-image-preview:large, max-video-preview:-1\" \/>\n<link rel=\"canonical\" href=\"https:\/\/ironsky.pl\/sklep\/produkt\/lampka-nurkowa-puluz-ipx8-40m\/\" \/>\n<meta property=\"og:locale\" content=\"pl_PL\" \/>\n<meta property=\"og:type\" content=\"article\" \/>\n<meta property=\"og:title\" content=\"Lampka nurkowa PULUZ IPX8 40m - IRONSKY.PL Sklep z Dronami\" \/>\n<meta property=\"og:description\" content=\"Lampka nurkowa PULUZ IPX8 40m - \u2705 sklep z dronami i fachowym doradztwem. \u2705 Tutaj kupisz produkty DJI, Yuneec, Parrot, Syma i wiele innych, a tak\u017ce kursy i licencje na operatora drona.\" \/>\n<meta property=\"og:url\" content=\"https:\/\/ironsky.pl\/sklep\/produkt\/lampka-nurkowa-puluz-ipx8-40m\/\" \/>\n<meta property=\"og:site_name\" content=\"IRONSKY.PL Sklep z Dronami\" \/>\n<meta property=\"article:modified_time\" content=\"2026-04-15T08:17:24+00:00\" \/>\n<meta property=\"og:image\" content=\"https:\/\/ironsky.pl\/sklep\/wp-content\/uploads\/2026\/04\/27860_1.jpg\" \/>\n\t<meta property=\"og:image:width\" content=\"800\" \/>\n\t<meta property=\"og:image:height\" content=\"800\" \/>\n\t<meta property=\"og:image:type\" content=\"image\/jpeg\" \/>\n<meta name=\"twitter:card\" content=\"summary_large_image\" \/>\n<meta name=\"twitter:label1\" content=\"Szacowany czas czytania\" \/>\n\t<meta name=\"twitter:data1\" content=\"2 minuty\" \/>\n<script type=\"application\/ld+json\" class=\"yoast-schema-graph\">{\"@context\":\"https:\/\/schema.org\",\"@graph\":[{\"@type\":\"WebPage\",\"@id\":\"https:\/\/ironsky.pl\/sklep\/produkt\/lampka-nurkowa-puluz-ipx8-40m\/\",\"url\":\"https:\/\/ironsky.pl\/sklep\/produkt\/lampka-nurkowa-puluz-ipx8-40m\/\",\"name\":\"Lampka nurkowa PULUZ IPX8 40m - IRONSKY.PL Sklep z Dronami\",\"isPartOf\":{\"@id\":\"https:\/\/ironsky.pl\/sklep\/#website\"},\"primaryImageOfPage\":{\"@id\":\"https:\/\/ironsky.pl\/sklep\/produkt\/lampka-nurkowa-puluz-ipx8-40m\/#primaryimage\"},\"image\":{\"@id\":\"https:\/\/ironsky.pl\/sklep\/produkt\/lampka-nurkowa-puluz-ipx8-40m\/#primaryimage\"},\"thumbnailUrl\":\"https:\/\/ironsky.pl\/sklep\/wp-content\/uploads\/2026\/04\/27860_1.jpg\",\"datePublished\":\"2026-04-15T08:17:20+00:00\",\"dateModified\":\"2026-04-15T08:17:24+00:00\",\"description\":\"Lampka nurkowa PULUZ IPX8 40m - \u2705 sklep z dronami i fachowym doradztwem. \u2705 Tutaj kupisz produkty DJI, Yuneec, Parrot, Syma i wiele innych, a tak\u017ce kursy i licencje na operatora drona.\",\"breadcrumb\":{\"@id\":\"https:\/\/ironsky.pl\/sklep\/produkt\/lampka-nurkowa-puluz-ipx8-40m\/#breadcrumb\"},\"inLanguage\":\"pl-PL\",\"potentialAction\":[{\"@type\":\"ReadAction\",\"target\":[\"https:\/\/ironsky.pl\/sklep\/produkt\/lampka-nurkowa-puluz-ipx8-40m\/\"]}]},{\"@type\":\"ImageObject\",\"inLanguage\":\"pl-PL\",\"@id\":\"https:\/\/ironsky.pl\/sklep\/produkt\/lampka-nurkowa-puluz-ipx8-40m\/#primaryimage\",\"url\":\"https:\/\/ironsky.pl\/sklep\/wp-content\/uploads\/2026\/04\/27860_1.jpg\",\"contentUrl\":\"https:\/\/ironsky.pl\/sklep\/wp-content\/uploads\/2026\/04\/27860_1.jpg\",\"width\":800,\"height\":800},{\"@type\":\"BreadcrumbList\",\"@id\":\"https:\/\/ironsky.pl\/sklep\/produkt\/lampka-nurkowa-puluz-ipx8-40m\/#breadcrumb\",\"itemListElement\":[{\"@type\":\"ListItem\",\"position\":1,\"name\":\"Strona g\u0142\u00f3wna\",\"item\":\"https:\/\/ironsky.pl\/sklep\/\"},{\"@type\":\"ListItem\",\"position\":2,\"name\":\"Wszystkie produkty\",\"item\":\"https:\/\/ironsky.pl\/sklep\/produkty\/\"},{\"@type\":\"ListItem\",\"position\":3,\"name\":\"Lampka nurkowa PULUZ IPX8 40m\"}]},{\"@type\":\"WebSite\",\"@id\":\"https:\/\/ironsky.pl\/sklep\/#website\",\"url\":\"https:\/\/ironsky.pl\/sklep\/\",\"name\":\"IRONSKY.PL Sklep z Dronami\",\"description\":\"IRONSKY.PL Sklep z Dronami\",\"potentialAction\":[{\"@type\":\"SearchAction\",\"target\":{\"@type\":\"EntryPoint\",\"urlTemplate\":\"https:\/\/ironsky.pl\/sklep\/?s={search_term_string}\"},\"query-input\":{\"@type\":\"PropertyValueSpecification\",\"valueRequired\":true,\"valueName\":\"search_term_string\"}}],\"inLanguage\":\"pl-PL\"}]}<\/script>\n<!-- \/ Yoast SEO plugin. -->","yoast_head_json":{"title":"Lampka nurkowa PULUZ IPX8 40m - IRONSKY.PL Sklep z Dronami","description":"Lampka nurkowa PULUZ IPX8 40m - \u2705 sklep z dronami i fachowym doradztwem. \u2705 Tutaj kupisz produkty DJI, Yuneec, Parrot, Syma i wiele innych, a tak\u017ce kursy i licencje na operatora drona.","robots":{"index":"index","follow":"follow","max-snippet":"max-snippet:-1","max-image-preview":"max-image-preview:large","max-video-preview":"max-video-preview:-1"},"canonical":"https:\/\/ironsky.pl\/sklep\/produkt\/lampka-nurkowa-puluz-ipx8-40m\/","og_locale":"pl_PL","og_type":"article","og_title":"Lampka nurkowa PULUZ IPX8 40m - IRONSKY.PL Sklep z Dronami","og_description":"Lampka nurkowa PULUZ IPX8 40m - \u2705 sklep z dronami i fachowym doradztwem. \u2705 Tutaj kupisz produkty DJI, Yuneec, Parrot, Syma i wiele innych, a tak\u017ce kursy i licencje na operatora drona.","og_url":"https:\/\/ironsky.pl\/sklep\/produkt\/lampka-nurkowa-puluz-ipx8-40m\/","og_site_name":"IRONSKY.PL Sklep z Dronami","article_modified_time":"2026-04-15T08:17:24+00:00","og_image":[{"width":800,"height":800,"url":"https:\/\/ironsky.pl\/sklep\/wp-content\/uploads\/2026\/04\/27860_1.jpg","type":"image\/jpeg"}],"twitter_card":"summary_large_image","twitter_misc":{"Szacowany czas czytania":"2 minuty"},"schema":{"@context":"https:\/\/schema.org","@graph":[{"@type":"WebPage","@id":"https:\/\/ironsky.pl\/sklep\/produkt\/lampka-nurkowa-puluz-ipx8-40m\/","url":"https:\/\/ironsky.pl\/sklep\/produkt\/lampka-nurkowa-puluz-ipx8-40m\/","name":"Lampka nurkowa PULUZ IPX8 40m - IRONSKY.PL Sklep z Dronami","isPartOf":{"@id":"https:\/\/ironsky.pl\/sklep\/#website"},"primaryImageOfPage":{"@id":"https:\/\/ironsky.pl\/sklep\/produkt\/lampka-nurkowa-puluz-ipx8-40m\/#primaryimage"},"image":{"@id":"https:\/\/ironsky.pl\/sklep\/produkt\/lampka-nurkowa-puluz-ipx8-40m\/#primaryimage"},"thumbnailUrl":"https:\/\/ironsky.pl\/sklep\/wp-content\/uploads\/2026\/04\/27860_1.jpg","datePublished":"2026-04-15T08:17:20+00:00","dateModified":"2026-04-15T08:17:24+00:00","description":"Lampka nurkowa PULUZ IPX8 40m - \u2705 sklep z dronami i fachowym doradztwem. \u2705 Tutaj kupisz produkty DJI, Yuneec, Parrot, Syma i wiele innych, a tak\u017ce kursy i licencje na operatora drona.","breadcrumb":{"@id":"https:\/\/ironsky.pl\/sklep\/produkt\/lampka-nurkowa-puluz-ipx8-40m\/#breadcrumb"},"inLanguage":"pl-PL","potentialAction":[{"@type":"ReadAction","target":["https:\/\/ironsky.pl\/sklep\/produkt\/lampka-nurkowa-puluz-ipx8-40m\/"]}]},{"@type":"ImageObject","inLanguage":"pl-PL","@id":"https:\/\/ironsky.pl\/sklep\/produkt\/lampka-nurkowa-puluz-ipx8-40m\/#primaryimage","url":"https:\/\/ironsky.pl\/sklep\/wp-content\/uploads\/2026\/04\/27860_1.jpg","contentUrl":"https:\/\/ironsky.pl\/sklep\/wp-content\/uploads\/2026\/04\/27860_1.jpg","width":800,"height":800},{"@type":"BreadcrumbList","@id":"https:\/\/ironsky.pl\/sklep\/produkt\/lampka-nurkowa-puluz-ipx8-40m\/#breadcrumb","itemListElement":[{"@type":"ListItem","position":1,"name":"Strona g\u0142\u00f3wna","item":"https:\/\/ironsky.pl\/sklep\/"},{"@type":"ListItem","position":2,"name":"Wszystkie produkty","item":"https:\/\/ironsky.pl\/sklep\/produkty\/"},{"@type":"ListItem","position":3,"name":"Lampka nurkowa PULUZ IPX8 40m"}]},{"@type":"WebSite","@id":"https:\/\/ironsky.pl\/sklep\/#website","url":"https:\/\/ironsky.pl\/sklep\/","name":"IRONSKY.PL Sklep z Dronami","description":"IRONSKY.PL Sklep z Dronami","potentialAction":[{"@type":"SearchAction","target":{"@type":"EntryPoint","urlTemplate":"https:\/\/ironsky.pl\/sklep\/?s={search_term_string}"},"query-input":{"@type":"PropertyValueSpecification","valueRequired":true,"valueName":"search_term_string"}}],"inLanguage":"pl-PL"}]}},"_links":{"self":[{"href":"https:\/\/ironsky.pl\/sklep\/wp-json\/wp\/v2\/product\/56669","targetHints":{"allow":["GET"]}}],"collection":[{"href":"https:\/\/ironsky.pl\/sklep\/wp-json\/wp\/v2\/product"}],"about":[{"href":"https:\/\/ironsky.pl\/sklep\/wp-json\/wp\/v2\/types\/product"}],"replies":[{"embeddable":true,"href":"https:\/\/ironsky.pl\/sklep\/wp-json\/wp\/v2\/comments?post=56669"}],"wp:featuredmedia":[{"embeddable":true,"href":"https:\/\/ironsky.pl\/sklep\/wp-json\/wp\/v2\/media\/56670"}],"wp:attachment":[{"href":"https:\/\/ironsky.pl\/sklep\/wp-json\/wp\/v2\/media?parent=56669"}],"wp:term":[{"taxonomy":"product_brand","embeddable":true,"href":"https:\/\/ironsky.pl\/sklep\/wp-json\/wp\/v2\/product_brand?post=56669"},{"taxonomy":"product_cat","embeddable":true,"href":"https:\/\/ironsky.pl\/sklep\/wp-json\/wp\/v2\/product_cat?post=56669"},{"taxonomy":"product_tag","embeddable":true,"href":"https:\/\/ironsky.pl\/sklep\/wp-json\/wp\/v2\/product_tag?post=56669"}],"curies":[{"name":"wp","href":"https:\/\/api.w.org\/{rel}","templated":true}]}}