{"id":56666,"date":"2026-04-15T10:17:20","date_gmt":"2026-04-15T08:17:20","guid":{"rendered":"https:\/\/ironsky.pl\/sklep\/produkt\/uchwyt-biurkowy-puluz-z-zaciskiem-czarny\/"},"modified":"2026-04-15T10:17:23","modified_gmt":"2026-04-15T08:17:23","slug":"uchwyt-biurkowy-puluz-z-zaciskiem-czarny","status":"publish","type":"product","link":"https:\/\/ironsky.pl\/sklep\/produkt\/uchwyt-biurkowy-puluz-z-zaciskiem-czarny\/","title":{"rendered":"Uchwyt biurkowy PULUZ z zaciskiem (czarny)"},"content":{"rendered":"<h3>Statyw biurkowy Puluz z uchwytem na telefon\/tablet (czarny)<\/h3>\n<p>U\u0142atw sobie codzienne czynno\u015bci. Statyw biurkowy Puluz mo\u017cesz wygodnie dopasowywa\u0107 do swoich potrzeb, dzi\u0119ki regulacji o 180\u00b0 i 360\u00b0. Uchwyt jest kompatybilny z wieloma modelami telefon\u00f3w oraz tablet\u00f3w. Bez problemu zamontujesz go do blat\u00f3w o r\u00f3\u017cnej grubo\u015bci. Dzi\u0119ki zastosowaniu wytrzyma\u0142ych materia\u0142\u00f3w mo\u017cesz mie\u0107 pewno\u015b\u0107, \u017ce pos\u0142u\u017cy Ci przez d\u0142u\u017cszy czas. <\/p>\n<p><img decoding=\"async\" src=\"https:\/\/b2b.innpro.pl\/data\/include\/cms\/02Puluz\/PU535B\/7.jpg\"><\/p>\n<h3>Dopasowany do Twoich potrzeb<\/h3>\n<p>Produkt umo\u017cliwia regulacj\u0119 o 180\u00b0 oraz 360\u00b0, dzi\u0119ki czemu z \u0142atwo\u015bci\u0105 dopasujesz odpowiedni k\u0105t widzenia do swoich potrzeb. Mo\u017cesz r\u00f3wnie\u017c swobodnie dostosowywa\u0107 uchwyt do szeroko\u015bci swojego smartfona czy tabletu. Maksymalna rozpi\u0119to\u015b\u0107 zacisku wynosi a\u017c 7 cm, co pozwala na zamontowanie statywu do wi\u0119kszo\u015bci blat\u00f3w. Nie musisz te\u017c obawia\u0107 si\u0119 nag\u0142ego upadku Twojego sprz\u0119tu \u2013 stabilnie utrzymuje on urz\u0105dzenie w okre\u015blonej pozycji.<\/p>\n<p><img decoding=\"async\" src=\"https:\/\/b2b.innpro.pl\/data\/include\/cms\/02Puluz\/PU535B\/4.jpg\"><\/p>\n<h3>Szereg zastosowa\u0144<\/h3>\n<p>Statyw doskonale sprawdzi si\u0119 w wielu sytuacjach. Mo\u017cesz mi\u0119dzy innymi wygodnie ogl\u0105da\u0107 ulubione filmy czy seriale na swoim tablecie lub telefonie, nie obci\u0105\u017caj\u0105c swoich r\u0105k d\u0142ugotrwa\u0142ym trzymaniem urz\u0105dzenia. Wykorzystasz go r\u00f3wnie\u017c podczas gotowania potraw wed\u0142ug internetowego przepisu czy prowadzenia transmisji na \u017cywo w mediach spo\u0142eczno\u015bciowych. Twoje mo\u017cliwo\u015bci s\u0105 niemal nieograniczone!<\/p>\n<p><img decoding=\"async\" src=\"https:\/\/b2b.innpro.pl\/data\/include\/cms\/02Puluz\/PU535B\/3.jpg\"><\/p>\n<h3>W zestawie<\/h3>\n<ul>\n<li>statyw<\/li>\n<li>uchwyt na telefon\/tablet<\/li>\n<li>zacisk biurkowy<\/li>\n<\/ul>\n<div class=\"table-wrapper\">\n<table>\n<tbody>\n<tr>\n<th>Marka <\/th>\n<td>Puluz<\/td>\n<\/tr>\n<tr>\n<th>Model<\/th>\n<td>PU535B <\/td>\n<\/tr>\n<tr>\n<th>Kolor<\/th>\n<td>Czarny<\/td>\n<\/tr>\n<tr>\n<th>Obr\u00f3t 360\u00b0<\/th>\n<td>Tak<\/td>\n<\/tr>\n<tr>\n<th>Wymagane narz\u0119dzia do instalacji<\/th>\n<td>Nie<\/td>\n<\/tr>\n<\/tbody>\n<\/table>\n<\/div>\n","protected":false},"excerpt":{"rendered":"<p>Statyw biurkowy Puluz z uchwytem na telefon\/tablet (czarny) U\u0142atw sobie codzienne czynno\u015bci. Statyw biurkowy Puluz mo\u017cesz wygodnie dopasowywa\u0107 do swoich<\/p>\n","protected":false},"featured_media":56667,"comment_status":"closed","ping_status":"open","template":"","meta":{"_acf_changed":false},"product_brand":[],"product_cat":[1128,6178,6176,6190,6177,1138],"product_tag":[],"class_list":{"0":"post-56666","1":"product","2":"type-product","3":"status-publish","4":"has-post-thumbnail","6":"product_cat-foto-wideo","7":"product_cat-mocowania","8":"product_cat-selfie-stiki","9":"product_cat-statywy-mocowania","10":"product_cat-statywy-selfie-stiki","11":"product_cat-wysiegniki","12":"pa_okres-gwarancji-5754","13":"pa_producent-puluz","15":"first","16":"outofstock","17":"taxable","18":"shipping-taxable","19":"purchasable","20":"product-type-simple"},"acf":[],"yoast_head":"<!-- This site is optimized with the Yoast SEO plugin v27.2 - https:\/\/yoast.com\/product\/yoast-seo-wordpress\/ -->\n<title>Uchwyt biurkowy PULUZ z zaciskiem (czarny) - IRONSKY.PL Sklep z Dronami<\/title>\n<meta name=\"description\" content=\"Uchwyt biurkowy PULUZ z zaciskiem (czarny) - \u2705 sklep z dronami i fachowym doradztwem. \u2705 Tutaj kupisz produkty DJI, Yuneec, Parrot, Syma i wiele innych, a tak\u017ce kursy i licencje na operatora drona.\" \/>\n<meta name=\"robots\" content=\"index, follow, max-snippet:-1, max-image-preview:large, max-video-preview:-1\" \/>\n<link rel=\"canonical\" href=\"https:\/\/ironsky.pl\/sklep\/produkt\/uchwyt-biurkowy-puluz-z-zaciskiem-czarny\/\" \/>\n<meta property=\"og:locale\" content=\"pl_PL\" \/>\n<meta property=\"og:type\" content=\"article\" \/>\n<meta property=\"og:title\" content=\"Uchwyt biurkowy PULUZ z zaciskiem (czarny) - IRONSKY.PL Sklep z Dronami\" \/>\n<meta property=\"og:description\" content=\"Uchwyt biurkowy PULUZ z zaciskiem (czarny) - \u2705 sklep z dronami i fachowym doradztwem. \u2705 Tutaj kupisz produkty DJI, Yuneec, Parrot, Syma i wiele innych, a tak\u017ce kursy i licencje na operatora drona.\" \/>\n<meta property=\"og:url\" content=\"https:\/\/ironsky.pl\/sklep\/produkt\/uchwyt-biurkowy-puluz-z-zaciskiem-czarny\/\" \/>\n<meta property=\"og:site_name\" content=\"IRONSKY.PL Sklep z Dronami\" \/>\n<meta property=\"article:modified_time\" content=\"2026-04-15T08:17:23+00:00\" \/>\n<meta property=\"og:image\" content=\"https:\/\/ironsky.pl\/sklep\/wp-content\/uploads\/2026\/04\/27844_2.jpg\" \/>\n\t<meta property=\"og:image:width\" content=\"800\" \/>\n\t<meta property=\"og:image:height\" content=\"800\" \/>\n\t<meta property=\"og:image:type\" content=\"image\/jpeg\" \/>\n<meta name=\"twitter:card\" content=\"summary_large_image\" \/>\n<meta name=\"twitter:label1\" content=\"Szacowany czas czytania\" \/>\n\t<meta name=\"twitter:data1\" content=\"1 minuta\" \/>\n<script type=\"application\/ld+json\" class=\"yoast-schema-graph\">{\"@context\":\"https:\/\/schema.org\",\"@graph\":[{\"@type\":\"WebPage\",\"@id\":\"https:\/\/ironsky.pl\/sklep\/produkt\/uchwyt-biurkowy-puluz-z-zaciskiem-czarny\/\",\"url\":\"https:\/\/ironsky.pl\/sklep\/produkt\/uchwyt-biurkowy-puluz-z-zaciskiem-czarny\/\",\"name\":\"Uchwyt biurkowy PULUZ z zaciskiem (czarny) - IRONSKY.PL Sklep z Dronami\",\"isPartOf\":{\"@id\":\"https:\/\/ironsky.pl\/sklep\/#website\"},\"primaryImageOfPage\":{\"@id\":\"https:\/\/ironsky.pl\/sklep\/produkt\/uchwyt-biurkowy-puluz-z-zaciskiem-czarny\/#primaryimage\"},\"image\":{\"@id\":\"https:\/\/ironsky.pl\/sklep\/produkt\/uchwyt-biurkowy-puluz-z-zaciskiem-czarny\/#primaryimage\"},\"thumbnailUrl\":\"https:\/\/ironsky.pl\/sklep\/wp-content\/uploads\/2026\/04\/27844_2.jpg\",\"datePublished\":\"2026-04-15T08:17:20+00:00\",\"dateModified\":\"2026-04-15T08:17:23+00:00\",\"description\":\"Uchwyt biurkowy PULUZ z zaciskiem (czarny) - \u2705 sklep z dronami i fachowym doradztwem. \u2705 Tutaj kupisz produkty DJI, Yuneec, Parrot, Syma i wiele innych, a tak\u017ce kursy i licencje na operatora drona.\",\"breadcrumb\":{\"@id\":\"https:\/\/ironsky.pl\/sklep\/produkt\/uchwyt-biurkowy-puluz-z-zaciskiem-czarny\/#breadcrumb\"},\"inLanguage\":\"pl-PL\",\"potentialAction\":[{\"@type\":\"ReadAction\",\"target\":[\"https:\/\/ironsky.pl\/sklep\/produkt\/uchwyt-biurkowy-puluz-z-zaciskiem-czarny\/\"]}]},{\"@type\":\"ImageObject\",\"inLanguage\":\"pl-PL\",\"@id\":\"https:\/\/ironsky.pl\/sklep\/produkt\/uchwyt-biurkowy-puluz-z-zaciskiem-czarny\/#primaryimage\",\"url\":\"https:\/\/ironsky.pl\/sklep\/wp-content\/uploads\/2026\/04\/27844_2.jpg\",\"contentUrl\":\"https:\/\/ironsky.pl\/sklep\/wp-content\/uploads\/2026\/04\/27844_2.jpg\",\"width\":800,\"height\":800},{\"@type\":\"BreadcrumbList\",\"@id\":\"https:\/\/ironsky.pl\/sklep\/produkt\/uchwyt-biurkowy-puluz-z-zaciskiem-czarny\/#breadcrumb\",\"itemListElement\":[{\"@type\":\"ListItem\",\"position\":1,\"name\":\"Strona g\u0142\u00f3wna\",\"item\":\"https:\/\/ironsky.pl\/sklep\/\"},{\"@type\":\"ListItem\",\"position\":2,\"name\":\"Wszystkie produkty\",\"item\":\"https:\/\/ironsky.pl\/sklep\/produkty\/\"},{\"@type\":\"ListItem\",\"position\":3,\"name\":\"Uchwyt biurkowy PULUZ z zaciskiem (czarny)\"}]},{\"@type\":\"WebSite\",\"@id\":\"https:\/\/ironsky.pl\/sklep\/#website\",\"url\":\"https:\/\/ironsky.pl\/sklep\/\",\"name\":\"IRONSKY.PL Sklep z Dronami\",\"description\":\"IRONSKY.PL Sklep z Dronami\",\"potentialAction\":[{\"@type\":\"SearchAction\",\"target\":{\"@type\":\"EntryPoint\",\"urlTemplate\":\"https:\/\/ironsky.pl\/sklep\/?s={search_term_string}\"},\"query-input\":{\"@type\":\"PropertyValueSpecification\",\"valueRequired\":true,\"valueName\":\"search_term_string\"}}],\"inLanguage\":\"pl-PL\"}]}<\/script>\n<!-- \/ Yoast SEO plugin. -->","yoast_head_json":{"title":"Uchwyt biurkowy PULUZ z zaciskiem (czarny) - IRONSKY.PL Sklep z Dronami","description":"Uchwyt biurkowy PULUZ z zaciskiem (czarny) - \u2705 sklep z dronami i fachowym doradztwem. \u2705 Tutaj kupisz produkty DJI, Yuneec, Parrot, Syma i wiele innych, a tak\u017ce kursy i licencje na operatora drona.","robots":{"index":"index","follow":"follow","max-snippet":"max-snippet:-1","max-image-preview":"max-image-preview:large","max-video-preview":"max-video-preview:-1"},"canonical":"https:\/\/ironsky.pl\/sklep\/produkt\/uchwyt-biurkowy-puluz-z-zaciskiem-czarny\/","og_locale":"pl_PL","og_type":"article","og_title":"Uchwyt biurkowy PULUZ z zaciskiem (czarny) - IRONSKY.PL Sklep z Dronami","og_description":"Uchwyt biurkowy PULUZ z zaciskiem (czarny) - \u2705 sklep z dronami i fachowym doradztwem. \u2705 Tutaj kupisz produkty DJI, Yuneec, Parrot, Syma i wiele innych, a tak\u017ce kursy i licencje na operatora drona.","og_url":"https:\/\/ironsky.pl\/sklep\/produkt\/uchwyt-biurkowy-puluz-z-zaciskiem-czarny\/","og_site_name":"IRONSKY.PL Sklep z Dronami","article_modified_time":"2026-04-15T08:17:23+00:00","og_image":[{"width":800,"height":800,"url":"https:\/\/ironsky.pl\/sklep\/wp-content\/uploads\/2026\/04\/27844_2.jpg","type":"image\/jpeg"}],"twitter_card":"summary_large_image","twitter_misc":{"Szacowany czas czytania":"1 minuta"},"schema":{"@context":"https:\/\/schema.org","@graph":[{"@type":"WebPage","@id":"https:\/\/ironsky.pl\/sklep\/produkt\/uchwyt-biurkowy-puluz-z-zaciskiem-czarny\/","url":"https:\/\/ironsky.pl\/sklep\/produkt\/uchwyt-biurkowy-puluz-z-zaciskiem-czarny\/","name":"Uchwyt biurkowy PULUZ z zaciskiem (czarny) - IRONSKY.PL Sklep z Dronami","isPartOf":{"@id":"https:\/\/ironsky.pl\/sklep\/#website"},"primaryImageOfPage":{"@id":"https:\/\/ironsky.pl\/sklep\/produkt\/uchwyt-biurkowy-puluz-z-zaciskiem-czarny\/#primaryimage"},"image":{"@id":"https:\/\/ironsky.pl\/sklep\/produkt\/uchwyt-biurkowy-puluz-z-zaciskiem-czarny\/#primaryimage"},"thumbnailUrl":"https:\/\/ironsky.pl\/sklep\/wp-content\/uploads\/2026\/04\/27844_2.jpg","datePublished":"2026-04-15T08:17:20+00:00","dateModified":"2026-04-15T08:17:23+00:00","description":"Uchwyt biurkowy PULUZ z zaciskiem (czarny) - \u2705 sklep z dronami i fachowym doradztwem. \u2705 Tutaj kupisz produkty DJI, Yuneec, Parrot, Syma i wiele innych, a tak\u017ce kursy i licencje na operatora drona.","breadcrumb":{"@id":"https:\/\/ironsky.pl\/sklep\/produkt\/uchwyt-biurkowy-puluz-z-zaciskiem-czarny\/#breadcrumb"},"inLanguage":"pl-PL","potentialAction":[{"@type":"ReadAction","target":["https:\/\/ironsky.pl\/sklep\/produkt\/uchwyt-biurkowy-puluz-z-zaciskiem-czarny\/"]}]},{"@type":"ImageObject","inLanguage":"pl-PL","@id":"https:\/\/ironsky.pl\/sklep\/produkt\/uchwyt-biurkowy-puluz-z-zaciskiem-czarny\/#primaryimage","url":"https:\/\/ironsky.pl\/sklep\/wp-content\/uploads\/2026\/04\/27844_2.jpg","contentUrl":"https:\/\/ironsky.pl\/sklep\/wp-content\/uploads\/2026\/04\/27844_2.jpg","width":800,"height":800},{"@type":"BreadcrumbList","@id":"https:\/\/ironsky.pl\/sklep\/produkt\/uchwyt-biurkowy-puluz-z-zaciskiem-czarny\/#breadcrumb","itemListElement":[{"@type":"ListItem","position":1,"name":"Strona g\u0142\u00f3wna","item":"https:\/\/ironsky.pl\/sklep\/"},{"@type":"ListItem","position":2,"name":"Wszystkie produkty","item":"https:\/\/ironsky.pl\/sklep\/produkty\/"},{"@type":"ListItem","position":3,"name":"Uchwyt biurkowy PULUZ z zaciskiem (czarny)"}]},{"@type":"WebSite","@id":"https:\/\/ironsky.pl\/sklep\/#website","url":"https:\/\/ironsky.pl\/sklep\/","name":"IRONSKY.PL Sklep z Dronami","description":"IRONSKY.PL Sklep z Dronami","potentialAction":[{"@type":"SearchAction","target":{"@type":"EntryPoint","urlTemplate":"https:\/\/ironsky.pl\/sklep\/?s={search_term_string}"},"query-input":{"@type":"PropertyValueSpecification","valueRequired":true,"valueName":"search_term_string"}}],"inLanguage":"pl-PL"}]}},"_links":{"self":[{"href":"https:\/\/ironsky.pl\/sklep\/wp-json\/wp\/v2\/product\/56666","targetHints":{"allow":["GET"]}}],"collection":[{"href":"https:\/\/ironsky.pl\/sklep\/wp-json\/wp\/v2\/product"}],"about":[{"href":"https:\/\/ironsky.pl\/sklep\/wp-json\/wp\/v2\/types\/product"}],"replies":[{"embeddable":true,"href":"https:\/\/ironsky.pl\/sklep\/wp-json\/wp\/v2\/comments?post=56666"}],"wp:featuredmedia":[{"embeddable":true,"href":"https:\/\/ironsky.pl\/sklep\/wp-json\/wp\/v2\/media\/56667"}],"wp:attachment":[{"href":"https:\/\/ironsky.pl\/sklep\/wp-json\/wp\/v2\/media?parent=56666"}],"wp:term":[{"taxonomy":"product_brand","embeddable":true,"href":"https:\/\/ironsky.pl\/sklep\/wp-json\/wp\/v2\/product_brand?post=56666"},{"taxonomy":"product_cat","embeddable":true,"href":"https:\/\/ironsky.pl\/sklep\/wp-json\/wp\/v2\/product_cat?post=56666"},{"taxonomy":"product_tag","embeddable":true,"href":"https:\/\/ironsky.pl\/sklep\/wp-json\/wp\/v2\/product_tag?post=56666"}],"curies":[{"name":"wp","href":"https:\/\/api.w.org\/{rel}","templated":true}]}}