{"id":56664,"date":"2026-04-15T10:17:20","date_gmt":"2026-04-15T08:17:20","guid":{"rendered":"https:\/\/ironsky.pl\/sklep\/produkt\/lampa-solarna-superfire-ff7-b-28w-2400mah-2\/"},"modified":"2026-04-15T10:50:38","modified_gmt":"2026-04-15T08:50:38","slug":"lampa-solarna-superfire-ff7-b-28w-2400mah-2","status":"publish","type":"product","link":"https:\/\/ironsky.pl\/sklep\/produkt\/lampa-solarna-superfire-ff7-b-28w-2400mah-2\/","title":{"rendered":"Lampa solarna SUPERFIRE FF7-B 28W 2400mAh"},"content":{"rendered":"<h3>Lampa solarna Superfire FF7-B, 28W, 2400mAH<\/h3>\n<p>SuperFire FF7-B jest lamp\u0105 solarn\u0105, kt\u00f3ra dok\u0142adnie o\u015bwietli ka\u017cde miejsce, w kt\u00f3rym zdecydujesz si\u0119 j\u0105 umie\u015bci\u0107. Nadaje si\u0119 zar\u00f3wno do u\u017cytku przydomowego, jak i ulicznego. Wielokierunkowe i szerokok\u0105tne rozstawienie diod zapewnia komfortowe o\u015bwietlenie nawet w najciemniejsz\u0105 noc, a \u0142atwy monta\u017c pozwala zawiesi\u0107 j\u0105 na niemal ka\u017cdej \u015bcianie.<\/p>\n<p>\n<img decoding=\"async\" src=\"https:\/\/assets.innpro.pl\/14072\/17562\/6.jpg\" border=\"0\" alt=\"Czarna lampa z  panelem s\u0142onecznym i czujnikiem ruchu, zamontowana na uchwycie monta\u017cowym\" \/>\n<\/p>\n<h3>W\u0142\u0105cza si\u0119, gdy jeste\u015b blisko<\/h3>\n<p>FF7-B posiada niezwykle czu\u0142y detektor wykrywaj\u0105cy obecno\u015b\u0107 cz\u0142owieka, kt\u00f3ry mo\u017cesz wykorzysta\u0107 na trzy sposoby. W pierwszym trybie lampa w\u0142\u0105cza si\u0119, gdy wykryje ruch i ca\u0142kowicie wy\u0142\u0105cza po 20 sekundach, gdy oddalisz si\u0119 od pola dzia\u0142ania czujnika. W trybie drugim lampa w\u0142\u0105cza si\u0119 pod wp\u0142ywem ruchu i po 20 sekundach delikatnie przygasza \u015bwiat\u0142o, natomiast w trybie trzecim jest odwrotnie \u2014 delikatne \u015bwiat\u0142o wzmacnia si\u0119, kiedy detektor wykryje ruch.<\/p>\n<p>\n<img decoding=\"async\" src=\"https:\/\/assets.innpro.pl\/14072\/17562\/2.jpg\" border=\"0\" alt=\"Zbli\u017cenie na diody w reflektorze\" \/>\n<\/p>\n<h3>Ekologiczny strza\u0142 w dziesi\u0105tk\u0119<\/h3>\n<p>Przyjazne dla \u015brodowiska i energooszcz\u0119dne lampy SuperFire generuj\u0105 rocznie dok\u0142adnie zero op\u0142at za pr\u0105d. Dzi\u0119ki panelowi s\u0142onecznemu wykonanemu z polikrzemu FF7-B \u0142aduje si\u0119 za dnia, przetwarzaj\u0105c promienie s\u0142oneczne na energi\u0119 elektryczn\u0105, a Ty cieszysz si\u0119 o\u015bwietleniem wolnym od op\u0142at!<\/p>\n<p>\n<img decoding=\"async\" src=\"https:\/\/assets.innpro.pl\/14072\/17562\/3.jpg\" border=\"0\" alt=\"Lampa solarna w trybie \u0142adowania w dzie\u0144 i \u015bwiecenia w nocy, przedstawiona w podziale na dwie cz\u0119\u015bci\" \/>\n<\/p>\n<h3>Kontrola przy minimalnym wysi\u0142ku<\/h3>\n<p>Kolejn\u0105 zalet\u0105 lampy jest to, \u017ce nie musisz obs\u0142ugiwa\u0107 jej r\u0119cznie. Funkcja automatycznego sterowania \u015bwiat\u0142em sprawia, \u017ce lampa sama w\u0142\u0105cza si\u0119 po zmroku i wy\u0142\u0105cza, gdy robi si\u0119 jasno. Dodatkowo posiada \u0142atwy w obs\u0142udze pilot, dzi\u0119ki kt\u00f3remu w dogodnym momencie w\u0142\u0105czysz lub wy\u0142\u0105czysz \u015bwiat\u0142o, ustawisz interesuj\u0105cy Ci\u0119 tryb pracy, a tak\u017ce w razie potrzeby uruchomisz sygna\u0142 SOS.<\/p>\n<p>\n<img decoding=\"async\" src=\"https:\/\/assets.innpro.pl\/14072\/17562\/1.jpg\" border=\"0\" alt=\"Lampa solarna sterowana pilotem zdalnego sterowania z widocznymi przyciskami\" \/>\n<\/p>\n<h3>Trwa\u0142o\u015b\u0107 na lata<\/h3>\n<p>Na uwag\u0119 zas\u0142uguje \u017cywotno\u015b\u0107, jak\u0105 cechuje si\u0119 lampa. Niezwykle mocne i wydajne diody zapewniaj\u0105 jasne o\u015bwietlenie przy niewielkim zu\u017cyciu energii, dzi\u0119ki czemu pos\u0142u\u017cy przez d\u0142ugie lata tam, gdzie jej potrzebujesz. Obudowa FF7-B zosta\u0142a wykonana z plastiku ABS (Acrylonitrile Butadiene Styrene, wytrzyma\u0142e tworzywo sztuczne) o wysokim zag\u0119szczeniu. Zabezpiecza ona lamp\u0119 przed upadkami, sprawia, \u017ce jest odporna na wod\u0119 (IP54, Ingress Protection 54, ochrona przed ograniczonym py\u0142em i bryzgami wody) i temperatur\u0119 (-10~45\u00b0C), dlatego z powodzeniem mo\u017ce \u015bwieci\u0107 w ka\u017cdych warunkach pogodowych, co nie b\u0119dzie wp\u0142ywa\u0142o na poziom jej zu\u017cycia.<\/p>\n<p>\n<img decoding=\"async\" src=\"https:\/\/assets.innpro.pl\/14072\/17562\/4.jpg\" border=\"0\" alt=\"Lampa z widocznymi kroplami na obudowie o\u015bwietlaj\u0105ca przestrze\u0144 w nocy\" \/>\n<\/p>\n<div class=\"table-wrapper\">\n<p>\u00a0<\/p>\n<h3><\/h3>\n<table>\n<tbody>\n<tr>\n<th>Marka <\/th>\n<td>Superfire<\/td>\n<\/tr>\n<tr>\n<th>Model <\/th>\n<td>FF7-B<\/td>\n<\/tr>\n<tr>\n<th>Pojemno\u015b\u0107 akumulatora <\/th>\n<td>2400mAh (v.2 18650)<\/td>\n<\/tr>\n<tr>\n<th>Moc <\/th>\n<td>28W (0,2 W * 144 PCS)<\/td>\n<\/tr>\n<tr>\n<th>Napi\u0119cie <\/th>\n<td>DC 3,7V<\/td>\n<\/tr>\n<tr>\n<th>Czas pracy <\/th>\n<td>6-20 godzin<\/td>\n<\/tr>\n<tr>\n<th>Wska\u017anik wodoszczelno\u015bci <\/th>\n<td>IP54<\/td>\n<\/tr>\n<tr>\n<th>Moc panelu solarnego <\/th>\n<td>3W\/6V<\/td>\n<\/tr>\n<tr>\n<th>Wymiary <\/th>\n<td>130&#215;380 mm<\/td>\n<\/tr>\n<tr>\n<th>Waga <\/th>\n<td>415g<\/td>\n<\/tr>\n<tr>\n<th>Barwa \u015bwiat\u0142a <\/th>\n<td>zimna biel<\/td>\n<\/tr>\n<tr>\n<th>Funkcje <\/th>\n<td>Tryby o\u015bwietlenia, automatyczne sterowanie \u015bwiat\u0142em, sterowanie pilotem, detektor ruchu<\/td>\n<\/tr>\n<\/tbody>\n<\/table>\n<\/div>\n","protected":false},"excerpt":{"rendered":"<p>Lampa solarna Superfire FF7-B, 28W, 2400mAH SuperFire FF7-B jest lamp\u0105 solarn\u0105, kt\u00f3ra dok\u0142adnie o\u015bwietli ka\u017cde miejsce, w kt\u00f3rym zdecydujesz si\u0119<\/p>\n","protected":false},"featured_media":42352,"comment_status":"closed","ping_status":"open","template":"","meta":{"_acf_changed":false},"product_brand":[],"product_cat":[5956,5946,5937],"product_tag":[],"class_list":{"0":"post-56664","1":"product","2":"type-product","3":"status-publish","4":"has-post-thumbnail","6":"product_cat-lampy-zewnetrzne","7":"product_cat-oswietlenie","8":"product_cat-outdoor","9":"pa_okres-gwarancji-5754","10":"pa_producent-superfire","12":"first","13":"outofstock","14":"taxable","15":"shipping-taxable","16":"purchasable","17":"product-type-simple"},"acf":[],"yoast_head":"<!-- This site is optimized with the Yoast SEO plugin v27.2 - https:\/\/yoast.com\/product\/yoast-seo-wordpress\/ -->\n<title>Lampa solarna SUPERFIRE FF7-B 28W 2400mAh - IRONSKY.PL Sklep z Dronami<\/title>\n<meta name=\"description\" content=\"Lampa solarna SUPERFIRE FF7-B 28W 2400mAh - \u2705 sklep z dronami i fachowym doradztwem. \u2705 Tutaj kupisz produkty DJI, Yuneec, Parrot, Syma i wiele innych, a tak\u017ce kursy i licencje na operatora drona.\" \/>\n<meta name=\"robots\" content=\"index, follow, max-snippet:-1, max-image-preview:large, max-video-preview:-1\" \/>\n<link rel=\"canonical\" href=\"https:\/\/ironsky.pl\/sklep\/produkt\/lampa-solarna-superfire-ff7-b-28w-2400mah-2\/\" \/>\n<meta property=\"og:locale\" content=\"pl_PL\" \/>\n<meta property=\"og:type\" content=\"article\" \/>\n<meta property=\"og:title\" content=\"Lampa solarna SUPERFIRE FF7-B 28W 2400mAh - IRONSKY.PL Sklep z Dronami\" \/>\n<meta property=\"og:description\" content=\"Lampa solarna SUPERFIRE FF7-B 28W 2400mAh - \u2705 sklep z dronami i fachowym doradztwem. \u2705 Tutaj kupisz produkty DJI, Yuneec, Parrot, Syma i wiele innych, a tak\u017ce kursy i licencje na operatora drona.\" \/>\n<meta property=\"og:url\" content=\"https:\/\/ironsky.pl\/sklep\/produkt\/lampa-solarna-superfire-ff7-b-28w-2400mah-2\/\" \/>\n<meta property=\"og:site_name\" content=\"IRONSKY.PL Sklep z Dronami\" \/>\n<meta property=\"article:modified_time\" content=\"2026-04-15T08:50:38+00:00\" \/>\n<meta property=\"og:image\" content=\"https:\/\/ironsky.pl\/sklep\/wp-content\/uploads\/2025\/06\/27821_3.jpg\" \/>\n\t<meta property=\"og:image:width\" content=\"800\" \/>\n\t<meta property=\"og:image:height\" content=\"800\" \/>\n\t<meta property=\"og:image:type\" content=\"image\/jpeg\" \/>\n<meta name=\"twitter:card\" content=\"summary_large_image\" \/>\n<meta name=\"twitter:label1\" content=\"Szacowany czas czytania\" \/>\n\t<meta name=\"twitter:data1\" content=\"2 minuty\" \/>\n<script type=\"application\/ld+json\" class=\"yoast-schema-graph\">{\"@context\":\"https:\/\/schema.org\",\"@graph\":[{\"@type\":\"WebPage\",\"@id\":\"https:\/\/ironsky.pl\/sklep\/produkt\/lampa-solarna-superfire-ff7-b-28w-2400mah-2\/\",\"url\":\"https:\/\/ironsky.pl\/sklep\/produkt\/lampa-solarna-superfire-ff7-b-28w-2400mah-2\/\",\"name\":\"Lampa solarna SUPERFIRE FF7-B 28W 2400mAh - IRONSKY.PL Sklep z Dronami\",\"isPartOf\":{\"@id\":\"https:\/\/ironsky.pl\/sklep\/#website\"},\"primaryImageOfPage\":{\"@id\":\"https:\/\/ironsky.pl\/sklep\/produkt\/lampa-solarna-superfire-ff7-b-28w-2400mah-2\/#primaryimage\"},\"image\":{\"@id\":\"https:\/\/ironsky.pl\/sklep\/produkt\/lampa-solarna-superfire-ff7-b-28w-2400mah-2\/#primaryimage\"},\"thumbnailUrl\":\"https:\/\/ironsky.pl\/sklep\/wp-content\/uploads\/2025\/06\/27821_3.jpg\",\"datePublished\":\"2026-04-15T08:17:20+00:00\",\"dateModified\":\"2026-04-15T08:50:38+00:00\",\"description\":\"Lampa solarna SUPERFIRE FF7-B 28W 2400mAh - \u2705 sklep z dronami i fachowym doradztwem. \u2705 Tutaj kupisz produkty DJI, Yuneec, Parrot, Syma i wiele innych, a tak\u017ce kursy i licencje na operatora drona.\",\"breadcrumb\":{\"@id\":\"https:\/\/ironsky.pl\/sklep\/produkt\/lampa-solarna-superfire-ff7-b-28w-2400mah-2\/#breadcrumb\"},\"inLanguage\":\"pl-PL\",\"potentialAction\":[{\"@type\":\"ReadAction\",\"target\":[\"https:\/\/ironsky.pl\/sklep\/produkt\/lampa-solarna-superfire-ff7-b-28w-2400mah-2\/\"]}]},{\"@type\":\"ImageObject\",\"inLanguage\":\"pl-PL\",\"@id\":\"https:\/\/ironsky.pl\/sklep\/produkt\/lampa-solarna-superfire-ff7-b-28w-2400mah-2\/#primaryimage\",\"url\":\"https:\/\/ironsky.pl\/sklep\/wp-content\/uploads\/2025\/06\/27821_3.jpg\",\"contentUrl\":\"https:\/\/ironsky.pl\/sklep\/wp-content\/uploads\/2025\/06\/27821_3.jpg\",\"width\":800,\"height\":800},{\"@type\":\"BreadcrumbList\",\"@id\":\"https:\/\/ironsky.pl\/sklep\/produkt\/lampa-solarna-superfire-ff7-b-28w-2400mah-2\/#breadcrumb\",\"itemListElement\":[{\"@type\":\"ListItem\",\"position\":1,\"name\":\"Strona g\u0142\u00f3wna\",\"item\":\"https:\/\/ironsky.pl\/sklep\/\"},{\"@type\":\"ListItem\",\"position\":2,\"name\":\"Wszystkie produkty\",\"item\":\"https:\/\/ironsky.pl\/sklep\/produkty\/\"},{\"@type\":\"ListItem\",\"position\":3,\"name\":\"Lampa solarna SUPERFIRE FF7-B 28W 2400mAh\"}]},{\"@type\":\"WebSite\",\"@id\":\"https:\/\/ironsky.pl\/sklep\/#website\",\"url\":\"https:\/\/ironsky.pl\/sklep\/\",\"name\":\"IRONSKY.PL Sklep z Dronami\",\"description\":\"IRONSKY.PL Sklep z Dronami\",\"potentialAction\":[{\"@type\":\"SearchAction\",\"target\":{\"@type\":\"EntryPoint\",\"urlTemplate\":\"https:\/\/ironsky.pl\/sklep\/?s={search_term_string}\"},\"query-input\":{\"@type\":\"PropertyValueSpecification\",\"valueRequired\":true,\"valueName\":\"search_term_string\"}}],\"inLanguage\":\"pl-PL\"}]}<\/script>\n<!-- \/ Yoast SEO plugin. -->","yoast_head_json":{"title":"Lampa solarna SUPERFIRE FF7-B 28W 2400mAh - IRONSKY.PL Sklep z Dronami","description":"Lampa solarna SUPERFIRE FF7-B 28W 2400mAh - \u2705 sklep z dronami i fachowym doradztwem. \u2705 Tutaj kupisz produkty DJI, Yuneec, Parrot, Syma i wiele innych, a tak\u017ce kursy i licencje na operatora drona.","robots":{"index":"index","follow":"follow","max-snippet":"max-snippet:-1","max-image-preview":"max-image-preview:large","max-video-preview":"max-video-preview:-1"},"canonical":"https:\/\/ironsky.pl\/sklep\/produkt\/lampa-solarna-superfire-ff7-b-28w-2400mah-2\/","og_locale":"pl_PL","og_type":"article","og_title":"Lampa solarna SUPERFIRE FF7-B 28W 2400mAh - IRONSKY.PL Sklep z Dronami","og_description":"Lampa solarna SUPERFIRE FF7-B 28W 2400mAh - \u2705 sklep z dronami i fachowym doradztwem. \u2705 Tutaj kupisz produkty DJI, Yuneec, Parrot, Syma i wiele innych, a tak\u017ce kursy i licencje na operatora drona.","og_url":"https:\/\/ironsky.pl\/sklep\/produkt\/lampa-solarna-superfire-ff7-b-28w-2400mah-2\/","og_site_name":"IRONSKY.PL Sklep z Dronami","article_modified_time":"2026-04-15T08:50:38+00:00","og_image":[{"width":800,"height":800,"url":"https:\/\/ironsky.pl\/sklep\/wp-content\/uploads\/2025\/06\/27821_3.jpg","type":"image\/jpeg"}],"twitter_card":"summary_large_image","twitter_misc":{"Szacowany czas czytania":"2 minuty"},"schema":{"@context":"https:\/\/schema.org","@graph":[{"@type":"WebPage","@id":"https:\/\/ironsky.pl\/sklep\/produkt\/lampa-solarna-superfire-ff7-b-28w-2400mah-2\/","url":"https:\/\/ironsky.pl\/sklep\/produkt\/lampa-solarna-superfire-ff7-b-28w-2400mah-2\/","name":"Lampa solarna SUPERFIRE FF7-B 28W 2400mAh - IRONSKY.PL Sklep z Dronami","isPartOf":{"@id":"https:\/\/ironsky.pl\/sklep\/#website"},"primaryImageOfPage":{"@id":"https:\/\/ironsky.pl\/sklep\/produkt\/lampa-solarna-superfire-ff7-b-28w-2400mah-2\/#primaryimage"},"image":{"@id":"https:\/\/ironsky.pl\/sklep\/produkt\/lampa-solarna-superfire-ff7-b-28w-2400mah-2\/#primaryimage"},"thumbnailUrl":"https:\/\/ironsky.pl\/sklep\/wp-content\/uploads\/2025\/06\/27821_3.jpg","datePublished":"2026-04-15T08:17:20+00:00","dateModified":"2026-04-15T08:50:38+00:00","description":"Lampa solarna SUPERFIRE FF7-B 28W 2400mAh - \u2705 sklep z dronami i fachowym doradztwem. \u2705 Tutaj kupisz produkty DJI, Yuneec, Parrot, Syma i wiele innych, a tak\u017ce kursy i licencje na operatora drona.","breadcrumb":{"@id":"https:\/\/ironsky.pl\/sklep\/produkt\/lampa-solarna-superfire-ff7-b-28w-2400mah-2\/#breadcrumb"},"inLanguage":"pl-PL","potentialAction":[{"@type":"ReadAction","target":["https:\/\/ironsky.pl\/sklep\/produkt\/lampa-solarna-superfire-ff7-b-28w-2400mah-2\/"]}]},{"@type":"ImageObject","inLanguage":"pl-PL","@id":"https:\/\/ironsky.pl\/sklep\/produkt\/lampa-solarna-superfire-ff7-b-28w-2400mah-2\/#primaryimage","url":"https:\/\/ironsky.pl\/sklep\/wp-content\/uploads\/2025\/06\/27821_3.jpg","contentUrl":"https:\/\/ironsky.pl\/sklep\/wp-content\/uploads\/2025\/06\/27821_3.jpg","width":800,"height":800},{"@type":"BreadcrumbList","@id":"https:\/\/ironsky.pl\/sklep\/produkt\/lampa-solarna-superfire-ff7-b-28w-2400mah-2\/#breadcrumb","itemListElement":[{"@type":"ListItem","position":1,"name":"Strona g\u0142\u00f3wna","item":"https:\/\/ironsky.pl\/sklep\/"},{"@type":"ListItem","position":2,"name":"Wszystkie produkty","item":"https:\/\/ironsky.pl\/sklep\/produkty\/"},{"@type":"ListItem","position":3,"name":"Lampa solarna SUPERFIRE FF7-B 28W 2400mAh"}]},{"@type":"WebSite","@id":"https:\/\/ironsky.pl\/sklep\/#website","url":"https:\/\/ironsky.pl\/sklep\/","name":"IRONSKY.PL Sklep z Dronami","description":"IRONSKY.PL Sklep z Dronami","potentialAction":[{"@type":"SearchAction","target":{"@type":"EntryPoint","urlTemplate":"https:\/\/ironsky.pl\/sklep\/?s={search_term_string}"},"query-input":{"@type":"PropertyValueSpecification","valueRequired":true,"valueName":"search_term_string"}}],"inLanguage":"pl-PL"}]}},"_links":{"self":[{"href":"https:\/\/ironsky.pl\/sklep\/wp-json\/wp\/v2\/product\/56664","targetHints":{"allow":["GET"]}}],"collection":[{"href":"https:\/\/ironsky.pl\/sklep\/wp-json\/wp\/v2\/product"}],"about":[{"href":"https:\/\/ironsky.pl\/sklep\/wp-json\/wp\/v2\/types\/product"}],"replies":[{"embeddable":true,"href":"https:\/\/ironsky.pl\/sklep\/wp-json\/wp\/v2\/comments?post=56664"}],"wp:featuredmedia":[{"embeddable":true,"href":"https:\/\/ironsky.pl\/sklep\/wp-json\/wp\/v2\/media\/42352"}],"wp:attachment":[{"href":"https:\/\/ironsky.pl\/sklep\/wp-json\/wp\/v2\/media?parent=56664"}],"wp:term":[{"taxonomy":"product_brand","embeddable":true,"href":"https:\/\/ironsky.pl\/sklep\/wp-json\/wp\/v2\/product_brand?post=56664"},{"taxonomy":"product_cat","embeddable":true,"href":"https:\/\/ironsky.pl\/sklep\/wp-json\/wp\/v2\/product_cat?post=56664"},{"taxonomy":"product_tag","embeddable":true,"href":"https:\/\/ironsky.pl\/sklep\/wp-json\/wp\/v2\/product_tag?post=56664"}],"curies":[{"name":"wp","href":"https:\/\/api.w.org\/{rel}","templated":true}]}}