{"id":56663,"date":"2026-04-15T10:16:52","date_gmt":"2026-04-15T08:16:52","guid":{"rendered":"https:\/\/ironsky.pl\/sklep\/produkt\/lampa-kempingowa-superfire-t60-2-5w-1000mah\/"},"modified":"2026-04-15T10:50:38","modified_gmt":"2026-04-15T08:50:38","slug":"lampa-kempingowa-superfire-t60-2-5w-1000mah","status":"publish","type":"product","link":"https:\/\/ironsky.pl\/sklep\/produkt\/lampa-kempingowa-superfire-t60-2-5w-1000mah\/","title":{"rendered":"Lampa kempingowa SUPERFIRE T60 2.5W 1000mAh"},"content":{"rendered":"<h3>Lampa kempingowa Superfire T60, 2,5 W, 1000 mAh<\/h3>\n<p>T60 to lampa zasilana akumulatorem o pojemno\u015bci 1000 mAh. W pe\u0142ni na\u0142adowane urz\u0105dzenie oferuje czas pracy w granicach pi\u0119ciu godzin. Zapomnij o potykaniu si\u0119 o linki namiot\u00f3w. SuperFire zapewni o\u015bwietlenie, kiedy tego potrzebujesz.<\/p>\n<p><img decoding=\"async\" src=\"https:\/\/b2b.innpro.pl\/data\/include\/cms\/01Superfire\/T60\/6.jpg\"><\/p>\n<h3>Dodatkowe funkcje<\/h3>\n<p>SuperFire T60 oferuje mo\u017cliwo\u015b\u0107 regulacji o\u015bwietlenia. Tryb mocny przyda si\u0119, gdy potrzebujesz widzie\u0107 wi\u0119cej. Nieco s\u0142absze o\u015bwietlenie b\u0119dzie idealnym t\u0142em dla d\u0142ugich rozm\u00f3w do samego rana lub gdy wszyscy ju\u017c \u015bpi\u0105, a Ty ze swoim brzd\u0105cem szukasz \u015bcie\u017cki do toalety. W razie potrzeby mo\u017cesz uruchomi\u0107 tryb SOS, w kt\u00f3ry wyposa\u017cona jest lampa.<\/p>\n<p><img decoding=\"async\" src=\"https:\/\/b2b.innpro.pl\/data\/include\/cms\/01Superfire\/T60\/4.jpg\"><\/p>\n<h3>Solidna budowa<\/h3>\n<p>Warto zwr\u00f3ci\u0107 uwag\u0119 na wytrzyma\u0142\u0105 konstrukcj\u0119. Lampa wykonana jest z niezwykle wytrzyma\u0142ych materia\u0142\u00f3w. Co wi\u0119cej, charakteryzuje si\u0119 wodoszczelno\u015bci\u0105 na poziomie IP44, dzi\u0119ki czemu sprawdzi si\u0119 tak\u017ce w czasie letnich opad\u00f3w. Dla Twojej wygody urz\u0105dzenie posiada hak, dzi\u0119ki kt\u00f3remu zawiesisz j\u0105 w dowolnym miejscu, a tak\u017ce zabierzesz ze sob\u0105 w razie potrzeby.<\/p>\n<p><img decoding=\"async\" src=\"https:\/\/b2b.innpro.pl\/data\/include\/cms\/01Superfire\/T60\/7.jpg\"><\/p>\n<h3>Zawarto\u015b\u0107 zestawu:<\/h3>\n<ul>\n<li>Lampa, kabel USB,<\/li>\n<li>instrukcja obs\u0142ugi<\/li>\n<\/ul>\n<div class=\"table-wrapper\">\n<table>\n<tbody>\n<tr>\n<th>Producent<\/th>\n<td>SuperFire<\/td>\n<\/tr>\n<tr>\n<th>Model<\/th>\n<td>T60<\/td>\n<\/tr>\n<tr>\n<th>Moc<\/th>\n<td>2,5 W<\/td>\n<\/tr>\n<tr>\n<th>Pojemno\u015b\u0107 akumulatora<\/th>\n<td>Wbudowany akumulator 1000 mAh<\/td>\n<\/tr>\n<tr>\n<th>Czas dzia\u0142ania<\/th>\n<td>4,6 h<\/td>\n<\/tr>\n<tr>\n<th>Waga<\/th>\n<td>81 g<\/td>\n<\/tr>\n<tr>\n<th>Materia\u0142<\/th>\n<td>ABS<\/td>\n<\/tr>\n<tr>\n<th>Wodoodporno\u015b\u0107<\/th>\n<td>IP 44<\/td>\n<\/tr>\n<tr>\n<th>Wymiary<\/th>\n<td>70 x 50,2 mm<\/td>\n<\/tr>\n<tr>\n<th>Tryby dzia\u0142ania<\/th>\n<td>Mocne &#8211; S\u0142abe &#8211; Stroboskop &#8211; SOS &#8211; Off<\/td>\n<\/tr>\n<\/tbody>\n<\/table>\n<\/div>\n","protected":false},"excerpt":{"rendered":"<p>Lampa kempingowa Superfire T60, 2,5 W, 1000 mAh T60 to lampa zasilana akumulatorem o pojemno\u015bci 1000 mAh. W pe\u0142ni na\u0142adowane<\/p>\n","protected":false},"featured_media":42345,"comment_status":"closed","ping_status":"open","template":"","meta":{"_acf_changed":false},"product_brand":[],"product_cat":[5947,5946,5937],"product_tag":[],"class_list":{"0":"post-56663","1":"product","2":"type-product","3":"status-publish","4":"has-post-thumbnail","6":"product_cat-lampy-kempingowe","7":"product_cat-oswietlenie","8":"product_cat-outdoor","9":"pa_okres-gwarancji-5754","10":"pa_producent-superfire","12":"first","13":"outofstock","14":"taxable","15":"shipping-taxable","16":"purchasable","17":"product-type-simple"},"acf":[],"yoast_head":"<!-- This site is optimized with the Yoast SEO plugin v27.2 - https:\/\/yoast.com\/product\/yoast-seo-wordpress\/ -->\n<title>Lampa kempingowa SUPERFIRE T60 2.5W 1000mAh - IRONSKY.PL Sklep z Dronami<\/title>\n<meta name=\"description\" content=\"Lampa kempingowa SUPERFIRE T60 2.5W 1000mAh - \u2705 sklep z dronami i fachowym doradztwem. \u2705 Tutaj kupisz produkty DJI, Yuneec, Parrot, Syma i wiele innych, a tak\u017ce kursy i licencje na operatora drona.\" \/>\n<meta name=\"robots\" content=\"index, follow, max-snippet:-1, max-image-preview:large, max-video-preview:-1\" \/>\n<link rel=\"canonical\" href=\"https:\/\/ironsky.pl\/sklep\/produkt\/lampa-kempingowa-superfire-t60-2-5w-1000mah\/\" \/>\n<meta property=\"og:locale\" content=\"pl_PL\" \/>\n<meta property=\"og:type\" content=\"article\" \/>\n<meta property=\"og:title\" content=\"Lampa kempingowa SUPERFIRE T60 2.5W 1000mAh - IRONSKY.PL Sklep z Dronami\" \/>\n<meta property=\"og:description\" content=\"Lampa kempingowa SUPERFIRE T60 2.5W 1000mAh - \u2705 sklep z dronami i fachowym doradztwem. \u2705 Tutaj kupisz produkty DJI, Yuneec, Parrot, Syma i wiele innych, a tak\u017ce kursy i licencje na operatora drona.\" \/>\n<meta property=\"og:url\" content=\"https:\/\/ironsky.pl\/sklep\/produkt\/lampa-kempingowa-superfire-t60-2-5w-1000mah\/\" \/>\n<meta property=\"og:site_name\" content=\"IRONSKY.PL Sklep z Dronami\" \/>\n<meta property=\"article:modified_time\" content=\"2026-04-15T08:50:38+00:00\" \/>\n<meta property=\"og:image\" content=\"https:\/\/ironsky.pl\/sklep\/wp-content\/uploads\/2025\/06\/27811_2.jpg\" \/>\n\t<meta property=\"og:image:width\" content=\"800\" \/>\n\t<meta property=\"og:image:height\" content=\"800\" \/>\n\t<meta property=\"og:image:type\" content=\"image\/jpeg\" \/>\n<meta name=\"twitter:card\" content=\"summary_large_image\" \/>\n<meta name=\"twitter:label1\" content=\"Szacowany czas czytania\" \/>\n\t<meta name=\"twitter:data1\" content=\"1 minuta\" \/>\n<script type=\"application\/ld+json\" class=\"yoast-schema-graph\">{\"@context\":\"https:\/\/schema.org\",\"@graph\":[{\"@type\":\"WebPage\",\"@id\":\"https:\/\/ironsky.pl\/sklep\/produkt\/lampa-kempingowa-superfire-t60-2-5w-1000mah\/\",\"url\":\"https:\/\/ironsky.pl\/sklep\/produkt\/lampa-kempingowa-superfire-t60-2-5w-1000mah\/\",\"name\":\"Lampa kempingowa SUPERFIRE T60 2.5W 1000mAh - IRONSKY.PL Sklep z Dronami\",\"isPartOf\":{\"@id\":\"https:\/\/ironsky.pl\/sklep\/#website\"},\"primaryImageOfPage\":{\"@id\":\"https:\/\/ironsky.pl\/sklep\/produkt\/lampa-kempingowa-superfire-t60-2-5w-1000mah\/#primaryimage\"},\"image\":{\"@id\":\"https:\/\/ironsky.pl\/sklep\/produkt\/lampa-kempingowa-superfire-t60-2-5w-1000mah\/#primaryimage\"},\"thumbnailUrl\":\"https:\/\/ironsky.pl\/sklep\/wp-content\/uploads\/2025\/06\/27811_2.jpg\",\"datePublished\":\"2026-04-15T08:16:52+00:00\",\"dateModified\":\"2026-04-15T08:50:38+00:00\",\"description\":\"Lampa kempingowa SUPERFIRE T60 2.5W 1000mAh - \u2705 sklep z dronami i fachowym doradztwem. \u2705 Tutaj kupisz produkty DJI, Yuneec, Parrot, Syma i wiele innych, a tak\u017ce kursy i licencje na operatora drona.\",\"breadcrumb\":{\"@id\":\"https:\/\/ironsky.pl\/sklep\/produkt\/lampa-kempingowa-superfire-t60-2-5w-1000mah\/#breadcrumb\"},\"inLanguage\":\"pl-PL\",\"potentialAction\":[{\"@type\":\"ReadAction\",\"target\":[\"https:\/\/ironsky.pl\/sklep\/produkt\/lampa-kempingowa-superfire-t60-2-5w-1000mah\/\"]}]},{\"@type\":\"ImageObject\",\"inLanguage\":\"pl-PL\",\"@id\":\"https:\/\/ironsky.pl\/sklep\/produkt\/lampa-kempingowa-superfire-t60-2-5w-1000mah\/#primaryimage\",\"url\":\"https:\/\/ironsky.pl\/sklep\/wp-content\/uploads\/2025\/06\/27811_2.jpg\",\"contentUrl\":\"https:\/\/ironsky.pl\/sklep\/wp-content\/uploads\/2025\/06\/27811_2.jpg\",\"width\":800,\"height\":800},{\"@type\":\"BreadcrumbList\",\"@id\":\"https:\/\/ironsky.pl\/sklep\/produkt\/lampa-kempingowa-superfire-t60-2-5w-1000mah\/#breadcrumb\",\"itemListElement\":[{\"@type\":\"ListItem\",\"position\":1,\"name\":\"Strona g\u0142\u00f3wna\",\"item\":\"https:\/\/ironsky.pl\/sklep\/\"},{\"@type\":\"ListItem\",\"position\":2,\"name\":\"Wszystkie produkty\",\"item\":\"https:\/\/ironsky.pl\/sklep\/produkty\/\"},{\"@type\":\"ListItem\",\"position\":3,\"name\":\"Lampa kempingowa SUPERFIRE T60 2.5W 1000mAh\"}]},{\"@type\":\"WebSite\",\"@id\":\"https:\/\/ironsky.pl\/sklep\/#website\",\"url\":\"https:\/\/ironsky.pl\/sklep\/\",\"name\":\"IRONSKY.PL Sklep z Dronami\",\"description\":\"IRONSKY.PL Sklep z Dronami\",\"potentialAction\":[{\"@type\":\"SearchAction\",\"target\":{\"@type\":\"EntryPoint\",\"urlTemplate\":\"https:\/\/ironsky.pl\/sklep\/?s={search_term_string}\"},\"query-input\":{\"@type\":\"PropertyValueSpecification\",\"valueRequired\":true,\"valueName\":\"search_term_string\"}}],\"inLanguage\":\"pl-PL\"}]}<\/script>\n<!-- \/ Yoast SEO plugin. -->","yoast_head_json":{"title":"Lampa kempingowa SUPERFIRE T60 2.5W 1000mAh - IRONSKY.PL Sklep z Dronami","description":"Lampa kempingowa SUPERFIRE T60 2.5W 1000mAh - \u2705 sklep z dronami i fachowym doradztwem. \u2705 Tutaj kupisz produkty DJI, Yuneec, Parrot, Syma i wiele innych, a tak\u017ce kursy i licencje na operatora drona.","robots":{"index":"index","follow":"follow","max-snippet":"max-snippet:-1","max-image-preview":"max-image-preview:large","max-video-preview":"max-video-preview:-1"},"canonical":"https:\/\/ironsky.pl\/sklep\/produkt\/lampa-kempingowa-superfire-t60-2-5w-1000mah\/","og_locale":"pl_PL","og_type":"article","og_title":"Lampa kempingowa SUPERFIRE T60 2.5W 1000mAh - IRONSKY.PL Sklep z Dronami","og_description":"Lampa kempingowa SUPERFIRE T60 2.5W 1000mAh - \u2705 sklep z dronami i fachowym doradztwem. \u2705 Tutaj kupisz produkty DJI, Yuneec, Parrot, Syma i wiele innych, a tak\u017ce kursy i licencje na operatora drona.","og_url":"https:\/\/ironsky.pl\/sklep\/produkt\/lampa-kempingowa-superfire-t60-2-5w-1000mah\/","og_site_name":"IRONSKY.PL Sklep z Dronami","article_modified_time":"2026-04-15T08:50:38+00:00","og_image":[{"width":800,"height":800,"url":"https:\/\/ironsky.pl\/sklep\/wp-content\/uploads\/2025\/06\/27811_2.jpg","type":"image\/jpeg"}],"twitter_card":"summary_large_image","twitter_misc":{"Szacowany czas czytania":"1 minuta"},"schema":{"@context":"https:\/\/schema.org","@graph":[{"@type":"WebPage","@id":"https:\/\/ironsky.pl\/sklep\/produkt\/lampa-kempingowa-superfire-t60-2-5w-1000mah\/","url":"https:\/\/ironsky.pl\/sklep\/produkt\/lampa-kempingowa-superfire-t60-2-5w-1000mah\/","name":"Lampa kempingowa SUPERFIRE T60 2.5W 1000mAh - IRONSKY.PL Sklep z Dronami","isPartOf":{"@id":"https:\/\/ironsky.pl\/sklep\/#website"},"primaryImageOfPage":{"@id":"https:\/\/ironsky.pl\/sklep\/produkt\/lampa-kempingowa-superfire-t60-2-5w-1000mah\/#primaryimage"},"image":{"@id":"https:\/\/ironsky.pl\/sklep\/produkt\/lampa-kempingowa-superfire-t60-2-5w-1000mah\/#primaryimage"},"thumbnailUrl":"https:\/\/ironsky.pl\/sklep\/wp-content\/uploads\/2025\/06\/27811_2.jpg","datePublished":"2026-04-15T08:16:52+00:00","dateModified":"2026-04-15T08:50:38+00:00","description":"Lampa kempingowa SUPERFIRE T60 2.5W 1000mAh - \u2705 sklep z dronami i fachowym doradztwem. \u2705 Tutaj kupisz produkty DJI, Yuneec, Parrot, Syma i wiele innych, a tak\u017ce kursy i licencje na operatora drona.","breadcrumb":{"@id":"https:\/\/ironsky.pl\/sklep\/produkt\/lampa-kempingowa-superfire-t60-2-5w-1000mah\/#breadcrumb"},"inLanguage":"pl-PL","potentialAction":[{"@type":"ReadAction","target":["https:\/\/ironsky.pl\/sklep\/produkt\/lampa-kempingowa-superfire-t60-2-5w-1000mah\/"]}]},{"@type":"ImageObject","inLanguage":"pl-PL","@id":"https:\/\/ironsky.pl\/sklep\/produkt\/lampa-kempingowa-superfire-t60-2-5w-1000mah\/#primaryimage","url":"https:\/\/ironsky.pl\/sklep\/wp-content\/uploads\/2025\/06\/27811_2.jpg","contentUrl":"https:\/\/ironsky.pl\/sklep\/wp-content\/uploads\/2025\/06\/27811_2.jpg","width":800,"height":800},{"@type":"BreadcrumbList","@id":"https:\/\/ironsky.pl\/sklep\/produkt\/lampa-kempingowa-superfire-t60-2-5w-1000mah\/#breadcrumb","itemListElement":[{"@type":"ListItem","position":1,"name":"Strona g\u0142\u00f3wna","item":"https:\/\/ironsky.pl\/sklep\/"},{"@type":"ListItem","position":2,"name":"Wszystkie produkty","item":"https:\/\/ironsky.pl\/sklep\/produkty\/"},{"@type":"ListItem","position":3,"name":"Lampa kempingowa SUPERFIRE T60 2.5W 1000mAh"}]},{"@type":"WebSite","@id":"https:\/\/ironsky.pl\/sklep\/#website","url":"https:\/\/ironsky.pl\/sklep\/","name":"IRONSKY.PL Sklep z Dronami","description":"IRONSKY.PL Sklep z Dronami","potentialAction":[{"@type":"SearchAction","target":{"@type":"EntryPoint","urlTemplate":"https:\/\/ironsky.pl\/sklep\/?s={search_term_string}"},"query-input":{"@type":"PropertyValueSpecification","valueRequired":true,"valueName":"search_term_string"}}],"inLanguage":"pl-PL"}]}},"_links":{"self":[{"href":"https:\/\/ironsky.pl\/sklep\/wp-json\/wp\/v2\/product\/56663","targetHints":{"allow":["GET"]}}],"collection":[{"href":"https:\/\/ironsky.pl\/sklep\/wp-json\/wp\/v2\/product"}],"about":[{"href":"https:\/\/ironsky.pl\/sklep\/wp-json\/wp\/v2\/types\/product"}],"replies":[{"embeddable":true,"href":"https:\/\/ironsky.pl\/sklep\/wp-json\/wp\/v2\/comments?post=56663"}],"wp:featuredmedia":[{"embeddable":true,"href":"https:\/\/ironsky.pl\/sklep\/wp-json\/wp\/v2\/media\/42345"}],"wp:attachment":[{"href":"https:\/\/ironsky.pl\/sklep\/wp-json\/wp\/v2\/media?parent=56663"}],"wp:term":[{"taxonomy":"product_brand","embeddable":true,"href":"https:\/\/ironsky.pl\/sklep\/wp-json\/wp\/v2\/product_brand?post=56663"},{"taxonomy":"product_cat","embeddable":true,"href":"https:\/\/ironsky.pl\/sklep\/wp-json\/wp\/v2\/product_cat?post=56663"},{"taxonomy":"product_tag","embeddable":true,"href":"https:\/\/ironsky.pl\/sklep\/wp-json\/wp\/v2\/product_tag?post=56663"}],"curies":[{"name":"wp","href":"https:\/\/api.w.org\/{rel}","templated":true}]}}