{"id":56658,"date":"2026-04-15T10:16:52","date_gmt":"2026-04-15T08:16:52","guid":{"rendered":"https:\/\/ironsky.pl\/sklep\/produkt\/pas-piersiowy-puluz-z-selfie-stickiem-gwint-1-4\/"},"modified":"2026-04-15T10:17:16","modified_gmt":"2026-04-15T08:17:16","slug":"pas-piersiowy-puluz-z-selfie-stickiem-gwint-1-4","status":"publish","type":"product","link":"https:\/\/ironsky.pl\/sklep\/produkt\/pas-piersiowy-puluz-z-selfie-stickiem-gwint-1-4\/","title":{"rendered":"Pas piersiowy PULUZ z selfie stickiem gwint 1\/4"},"content":{"rendered":"<h3>Pas fotograficzny Puluz z selfie stickiem do kamer sportowych (DJI Action, GoPro, Insta360)<\/h3>\n<p>Tw\u00f3rz jeszcze lepsze filmy podczas biegania, jazdy na rowerze czy wspinaczki g\u00f3rskiej. Pas z selfie stickiem Puluz pozwoli Ci zyska\u0107 niecodzienn\u0105 perspektyw\u0119 oraz wykonywa\u0107 spektakularne uj\u0119cia bez konieczno\u015bci trzymania kamery w r\u0119kach. Selfie stick wyposa\u017cono w uniwersalny gwint 1\/4 \u201c, dzi\u0119ki czemu bez problemu przymocujesz do niego szereg popularnych kamer sportowych lub uchwyt do smartfona. Mo\u017cesz r\u00f3wnie\u017c swobodnie regulowa\u0107 d\u0142ugo\u015b\u0107 selfie sticka w zakresie 28-111 cm. Pas zosta\u0142 wykonany z wysokiej jako\u015bci materia\u0142\u00f3w, kt\u00f3re wyr\u00f3\u017cniaj\u0105 si\u0119 trwa\u0142o\u015bci\u0105, a ponadto zapewnia niezb\u0119dn\u0105 stabilno\u015b\u0107 \u2013 nie musisz obawia\u0107 si\u0119, \u017ce selfie stick spadnie, a kamera zostanie uszkodzona.<\/p>\n<p>\n<img decoding=\"async\" src=\"https:\/\/assets.innpro.pl\/14599\/18305\/9.jpg\" border=\"0\" alt=\"\" \/>\n<\/p>\n<h3>W zestawie<\/h3>\n<ul class=\"list-disc pl-5\">\n<li>pas fotograficzny<\/li>\n<li>selfie stick<\/li>\n<li>podstawa do monta\u017cu kamery<\/li>\n<li>d\u0142uga \u015bruba<\/li>\n<li>kr\u00f3tka \u015bruba<\/li>\n<\/ul>\n<div class=\"table-wrapper\">\n<p>\u00a0<\/p>\n<h3><\/h3>\n<table>\n<tbody>\n<tr>\n<th>Producent <\/th>\n<td>Puluz<\/td>\n<\/tr>\n<tr>\n<th>Model <\/th>\n<td>PU907<\/td>\n<\/tr>\n<tr>\n<th>Kolor <\/th>\n<td>Czarny<\/td>\n<\/tr>\n<tr>\n<th>Wymiary pasa <\/th>\n<td>20 x 100 x 11 cm<\/td>\n<\/tr>\n<tr>\n<th>Waga pasa <\/th>\n<td>400 g<\/td>\n<\/tr>\n<tr>\n<th>D\u0142ugo\u015b\u0107 selfie sticka <\/th>\n<td>Minimalna 28 cm; Maksymalna 111 cm<\/td>\n<\/tr>\n<tr>\n<th>Materia\u0142 pasa<\/th>\n<td>PC + EVA<\/td>\n<\/tr>\n<tr>\n<th>Kompatybilno\u015b\u0107<\/th>\n<td>DJI: Osmo Action 5 Pro, Osmo Action 3, Action 2, Osmo Action, Osmo Action \/ GoPro: HERO (2024), HERO13 Black, HERO12 Black, HERO12 Black, HERO11 Black Mini, HERO11 Black Mini, HERO11 Black, HERO11 Black, HERO10 Black, HERO10 Black, HERO9 Black, HERO9 Black, HERO8 Black, HERO8 Black MAX, MAX, HERO7 White, HERO7 White, HERO7 Black, HERO7 Black, HERO7 Silver, HERO7 Silver, NEW HERO, NEW HERO, Fusion, HERO6 Black, HERO6 Black, HERO5 Black, HERO5 Black, HERO5 Session, HERO5 Session, Hero Session, Hero Session, HERO4 Session, HERO4 Session, HERO4, HERO4, HERO3+, HERO3+, HERO3, HERO3, HERO2, HERO2, HERO, HERO \/ Insta360: X5, X4, X4, Ace, Ace Pro, Ace Pro, X3, X3, ONE RS 1-Inch 360 Edition, Insta360 ONE RS 4K Edition, Insta360 ONE RS 360 Edition, Insta360 ONE RS 1-INCH EDITION, ONE X2, ONE R ONE X, Air<\/td>\n<\/tr>\n<\/tbody>\n<\/table>\n<\/div>\n","protected":false},"excerpt":{"rendered":"<p>Pas fotograficzny Puluz z selfie stickiem do kamer sportowych (DJI Action, GoPro, Insta360) Tw\u00f3rz jeszcze lepsze filmy podczas biegania, jazdy<\/p>\n","protected":false},"featured_media":56659,"comment_status":"closed","ping_status":"open","template":"","meta":{"_acf_changed":false},"product_brand":[],"product_cat":[1128,6178,6176,6177,1138,6179],"product_tag":[],"class_list":{"0":"post-56658","1":"product","2":"type-product","3":"status-publish","4":"has-post-thumbnail","6":"product_cat-foto-wideo","7":"product_cat-mocowania","8":"product_cat-selfie-stiki","9":"product_cat-statywy-selfie-stiki","10":"product_cat-wysiegniki","11":"product_cat-wysiegniki-i-uchwyty-selfie","12":"pa_okres-gwarancji-5754","13":"pa_producent-puluz","15":"first","16":"outofstock","17":"taxable","18":"shipping-taxable","19":"purchasable","20":"product-type-simple"},"acf":[],"yoast_head":"<!-- This site is optimized with the Yoast SEO plugin v27.2 - https:\/\/yoast.com\/product\/yoast-seo-wordpress\/ -->\n<title>Pas piersiowy PULUZ z selfie stickiem gwint 1\/4 - IRONSKY.PL Sklep z Dronami<\/title>\n<meta name=\"description\" content=\"Pas piersiowy PULUZ z selfie stickiem gwint 1\/4 - \u2705 sklep z dronami i fachowym doradztwem. \u2705 Tutaj kupisz produkty DJI, Yuneec, Parrot, Syma i wiele innych, a tak\u017ce kursy i licencje na operatora drona.\" \/>\n<meta name=\"robots\" content=\"index, follow, max-snippet:-1, max-image-preview:large, max-video-preview:-1\" \/>\n<link rel=\"canonical\" href=\"https:\/\/ironsky.pl\/sklep\/produkt\/pas-piersiowy-puluz-z-selfie-stickiem-gwint-1-4\/\" \/>\n<meta property=\"og:locale\" content=\"pl_PL\" \/>\n<meta property=\"og:type\" content=\"article\" \/>\n<meta property=\"og:title\" content=\"Pas piersiowy PULUZ z selfie stickiem gwint 1\/4 - IRONSKY.PL Sklep z Dronami\" \/>\n<meta property=\"og:description\" content=\"Pas piersiowy PULUZ z selfie stickiem gwint 1\/4 - \u2705 sklep z dronami i fachowym doradztwem. \u2705 Tutaj kupisz produkty DJI, Yuneec, Parrot, Syma i wiele innych, a tak\u017ce kursy i licencje na operatora drona.\" \/>\n<meta property=\"og:url\" content=\"https:\/\/ironsky.pl\/sklep\/produkt\/pas-piersiowy-puluz-z-selfie-stickiem-gwint-1-4\/\" \/>\n<meta property=\"og:site_name\" content=\"IRONSKY.PL Sklep z Dronami\" \/>\n<meta property=\"article:modified_time\" content=\"2026-04-15T08:17:16+00:00\" \/>\n<meta property=\"og:image\" content=\"https:\/\/ironsky.pl\/sklep\/wp-content\/uploads\/2026\/04\/27779_1.jpg\" \/>\n\t<meta property=\"og:image:width\" content=\"800\" \/>\n\t<meta property=\"og:image:height\" content=\"800\" \/>\n\t<meta property=\"og:image:type\" content=\"image\/jpeg\" \/>\n<meta name=\"twitter:card\" content=\"summary_large_image\" \/>\n<meta name=\"twitter:label1\" content=\"Szacowany czas czytania\" \/>\n\t<meta name=\"twitter:data1\" content=\"1 minuta\" \/>\n<script type=\"application\/ld+json\" class=\"yoast-schema-graph\">{\"@context\":\"https:\/\/schema.org\",\"@graph\":[{\"@type\":\"WebPage\",\"@id\":\"https:\/\/ironsky.pl\/sklep\/produkt\/pas-piersiowy-puluz-z-selfie-stickiem-gwint-1-4\/\",\"url\":\"https:\/\/ironsky.pl\/sklep\/produkt\/pas-piersiowy-puluz-z-selfie-stickiem-gwint-1-4\/\",\"name\":\"Pas piersiowy PULUZ z selfie stickiem gwint 1\/4 - IRONSKY.PL Sklep z Dronami\",\"isPartOf\":{\"@id\":\"https:\/\/ironsky.pl\/sklep\/#website\"},\"primaryImageOfPage\":{\"@id\":\"https:\/\/ironsky.pl\/sklep\/produkt\/pas-piersiowy-puluz-z-selfie-stickiem-gwint-1-4\/#primaryimage\"},\"image\":{\"@id\":\"https:\/\/ironsky.pl\/sklep\/produkt\/pas-piersiowy-puluz-z-selfie-stickiem-gwint-1-4\/#primaryimage\"},\"thumbnailUrl\":\"https:\/\/ironsky.pl\/sklep\/wp-content\/uploads\/2026\/04\/27779_1.jpg\",\"datePublished\":\"2026-04-15T08:16:52+00:00\",\"dateModified\":\"2026-04-15T08:17:16+00:00\",\"description\":\"Pas piersiowy PULUZ z selfie stickiem gwint 1\/4 - \u2705 sklep z dronami i fachowym doradztwem. \u2705 Tutaj kupisz produkty DJI, Yuneec, Parrot, Syma i wiele innych, a tak\u017ce kursy i licencje na operatora drona.\",\"breadcrumb\":{\"@id\":\"https:\/\/ironsky.pl\/sklep\/produkt\/pas-piersiowy-puluz-z-selfie-stickiem-gwint-1-4\/#breadcrumb\"},\"inLanguage\":\"pl-PL\",\"potentialAction\":[{\"@type\":\"ReadAction\",\"target\":[\"https:\/\/ironsky.pl\/sklep\/produkt\/pas-piersiowy-puluz-z-selfie-stickiem-gwint-1-4\/\"]}]},{\"@type\":\"ImageObject\",\"inLanguage\":\"pl-PL\",\"@id\":\"https:\/\/ironsky.pl\/sklep\/produkt\/pas-piersiowy-puluz-z-selfie-stickiem-gwint-1-4\/#primaryimage\",\"url\":\"https:\/\/ironsky.pl\/sklep\/wp-content\/uploads\/2026\/04\/27779_1.jpg\",\"contentUrl\":\"https:\/\/ironsky.pl\/sklep\/wp-content\/uploads\/2026\/04\/27779_1.jpg\",\"width\":800,\"height\":800},{\"@type\":\"BreadcrumbList\",\"@id\":\"https:\/\/ironsky.pl\/sklep\/produkt\/pas-piersiowy-puluz-z-selfie-stickiem-gwint-1-4\/#breadcrumb\",\"itemListElement\":[{\"@type\":\"ListItem\",\"position\":1,\"name\":\"Strona g\u0142\u00f3wna\",\"item\":\"https:\/\/ironsky.pl\/sklep\/\"},{\"@type\":\"ListItem\",\"position\":2,\"name\":\"Wszystkie produkty\",\"item\":\"https:\/\/ironsky.pl\/sklep\/produkty\/\"},{\"@type\":\"ListItem\",\"position\":3,\"name\":\"Pas piersiowy PULUZ z selfie stickiem gwint 1\/4\"}]},{\"@type\":\"WebSite\",\"@id\":\"https:\/\/ironsky.pl\/sklep\/#website\",\"url\":\"https:\/\/ironsky.pl\/sklep\/\",\"name\":\"IRONSKY.PL Sklep z Dronami\",\"description\":\"IRONSKY.PL Sklep z Dronami\",\"potentialAction\":[{\"@type\":\"SearchAction\",\"target\":{\"@type\":\"EntryPoint\",\"urlTemplate\":\"https:\/\/ironsky.pl\/sklep\/?s={search_term_string}\"},\"query-input\":{\"@type\":\"PropertyValueSpecification\",\"valueRequired\":true,\"valueName\":\"search_term_string\"}}],\"inLanguage\":\"pl-PL\"}]}<\/script>\n<!-- \/ Yoast SEO plugin. -->","yoast_head_json":{"title":"Pas piersiowy PULUZ z selfie stickiem gwint 1\/4 - IRONSKY.PL Sklep z Dronami","description":"Pas piersiowy PULUZ z selfie stickiem gwint 1\/4 - \u2705 sklep z dronami i fachowym doradztwem. \u2705 Tutaj kupisz produkty DJI, Yuneec, Parrot, Syma i wiele innych, a tak\u017ce kursy i licencje na operatora drona.","robots":{"index":"index","follow":"follow","max-snippet":"max-snippet:-1","max-image-preview":"max-image-preview:large","max-video-preview":"max-video-preview:-1"},"canonical":"https:\/\/ironsky.pl\/sklep\/produkt\/pas-piersiowy-puluz-z-selfie-stickiem-gwint-1-4\/","og_locale":"pl_PL","og_type":"article","og_title":"Pas piersiowy PULUZ z selfie stickiem gwint 1\/4 - IRONSKY.PL Sklep z Dronami","og_description":"Pas piersiowy PULUZ z selfie stickiem gwint 1\/4 - \u2705 sklep z dronami i fachowym doradztwem. \u2705 Tutaj kupisz produkty DJI, Yuneec, Parrot, Syma i wiele innych, a tak\u017ce kursy i licencje na operatora drona.","og_url":"https:\/\/ironsky.pl\/sklep\/produkt\/pas-piersiowy-puluz-z-selfie-stickiem-gwint-1-4\/","og_site_name":"IRONSKY.PL Sklep z Dronami","article_modified_time":"2026-04-15T08:17:16+00:00","og_image":[{"width":800,"height":800,"url":"https:\/\/ironsky.pl\/sklep\/wp-content\/uploads\/2026\/04\/27779_1.jpg","type":"image\/jpeg"}],"twitter_card":"summary_large_image","twitter_misc":{"Szacowany czas czytania":"1 minuta"},"schema":{"@context":"https:\/\/schema.org","@graph":[{"@type":"WebPage","@id":"https:\/\/ironsky.pl\/sklep\/produkt\/pas-piersiowy-puluz-z-selfie-stickiem-gwint-1-4\/","url":"https:\/\/ironsky.pl\/sklep\/produkt\/pas-piersiowy-puluz-z-selfie-stickiem-gwint-1-4\/","name":"Pas piersiowy PULUZ z selfie stickiem gwint 1\/4 - IRONSKY.PL Sklep z Dronami","isPartOf":{"@id":"https:\/\/ironsky.pl\/sklep\/#website"},"primaryImageOfPage":{"@id":"https:\/\/ironsky.pl\/sklep\/produkt\/pas-piersiowy-puluz-z-selfie-stickiem-gwint-1-4\/#primaryimage"},"image":{"@id":"https:\/\/ironsky.pl\/sklep\/produkt\/pas-piersiowy-puluz-z-selfie-stickiem-gwint-1-4\/#primaryimage"},"thumbnailUrl":"https:\/\/ironsky.pl\/sklep\/wp-content\/uploads\/2026\/04\/27779_1.jpg","datePublished":"2026-04-15T08:16:52+00:00","dateModified":"2026-04-15T08:17:16+00:00","description":"Pas piersiowy PULUZ z selfie stickiem gwint 1\/4 - \u2705 sklep z dronami i fachowym doradztwem. \u2705 Tutaj kupisz produkty DJI, Yuneec, Parrot, Syma i wiele innych, a tak\u017ce kursy i licencje na operatora drona.","breadcrumb":{"@id":"https:\/\/ironsky.pl\/sklep\/produkt\/pas-piersiowy-puluz-z-selfie-stickiem-gwint-1-4\/#breadcrumb"},"inLanguage":"pl-PL","potentialAction":[{"@type":"ReadAction","target":["https:\/\/ironsky.pl\/sklep\/produkt\/pas-piersiowy-puluz-z-selfie-stickiem-gwint-1-4\/"]}]},{"@type":"ImageObject","inLanguage":"pl-PL","@id":"https:\/\/ironsky.pl\/sklep\/produkt\/pas-piersiowy-puluz-z-selfie-stickiem-gwint-1-4\/#primaryimage","url":"https:\/\/ironsky.pl\/sklep\/wp-content\/uploads\/2026\/04\/27779_1.jpg","contentUrl":"https:\/\/ironsky.pl\/sklep\/wp-content\/uploads\/2026\/04\/27779_1.jpg","width":800,"height":800},{"@type":"BreadcrumbList","@id":"https:\/\/ironsky.pl\/sklep\/produkt\/pas-piersiowy-puluz-z-selfie-stickiem-gwint-1-4\/#breadcrumb","itemListElement":[{"@type":"ListItem","position":1,"name":"Strona g\u0142\u00f3wna","item":"https:\/\/ironsky.pl\/sklep\/"},{"@type":"ListItem","position":2,"name":"Wszystkie produkty","item":"https:\/\/ironsky.pl\/sklep\/produkty\/"},{"@type":"ListItem","position":3,"name":"Pas piersiowy PULUZ z selfie stickiem gwint 1\/4"}]},{"@type":"WebSite","@id":"https:\/\/ironsky.pl\/sklep\/#website","url":"https:\/\/ironsky.pl\/sklep\/","name":"IRONSKY.PL Sklep z Dronami","description":"IRONSKY.PL Sklep z Dronami","potentialAction":[{"@type":"SearchAction","target":{"@type":"EntryPoint","urlTemplate":"https:\/\/ironsky.pl\/sklep\/?s={search_term_string}"},"query-input":{"@type":"PropertyValueSpecification","valueRequired":true,"valueName":"search_term_string"}}],"inLanguage":"pl-PL"}]}},"_links":{"self":[{"href":"https:\/\/ironsky.pl\/sklep\/wp-json\/wp\/v2\/product\/56658","targetHints":{"allow":["GET"]}}],"collection":[{"href":"https:\/\/ironsky.pl\/sklep\/wp-json\/wp\/v2\/product"}],"about":[{"href":"https:\/\/ironsky.pl\/sklep\/wp-json\/wp\/v2\/types\/product"}],"replies":[{"embeddable":true,"href":"https:\/\/ironsky.pl\/sklep\/wp-json\/wp\/v2\/comments?post=56658"}],"wp:featuredmedia":[{"embeddable":true,"href":"https:\/\/ironsky.pl\/sklep\/wp-json\/wp\/v2\/media\/56659"}],"wp:attachment":[{"href":"https:\/\/ironsky.pl\/sklep\/wp-json\/wp\/v2\/media?parent=56658"}],"wp:term":[{"taxonomy":"product_brand","embeddable":true,"href":"https:\/\/ironsky.pl\/sklep\/wp-json\/wp\/v2\/product_brand?post=56658"},{"taxonomy":"product_cat","embeddable":true,"href":"https:\/\/ironsky.pl\/sklep\/wp-json\/wp\/v2\/product_cat?post=56658"},{"taxonomy":"product_tag","embeddable":true,"href":"https:\/\/ironsky.pl\/sklep\/wp-json\/wp\/v2\/product_tag?post=56658"}],"curies":[{"name":"wp","href":"https:\/\/api.w.org\/{rel}","templated":true}]}}