{"id":56653,"date":"2026-04-15T10:16:52","date_gmt":"2026-04-15T08:16:52","guid":{"rendered":"https:\/\/ironsky.pl\/sklep\/produkt\/podstawka-obrotowa-puluz-30cm-czarna\/"},"modified":"2026-04-15T10:50:36","modified_gmt":"2026-04-15T08:50:36","slug":"podstawka-obrotowa-puluz-30cm-czarna","status":"publish","type":"product","link":"https:\/\/ironsky.pl\/sklep\/produkt\/podstawka-obrotowa-puluz-30cm-czarna\/","title":{"rendered":"Podstawka obrotowa PULUZ 30cm (czarna)"},"content":{"rendered":"<h3>Obrotowa podstawka do zdj\u0119\u0107 Puluz (30 cm, czarna)<\/h3>\n<p>Potrzebujesz podstawki, kt\u00f3ra pozwoli Ci profesjonalnie zaprezentowa\u0107 bi\u017cuteri\u0119, zegarki, torebki, czy te\u017c kolekcj\u0119 figurek? Obrotowa podstawka Puluz o \u015brednicy 30 cm doskonale sprawdzi si\u0119 zar\u00f3wno w domu, jak i w sklepie czy studiu fotograficznym. Urz\u0105dzenie obraca si\u0119 o 360\u00b0 i wyposa\u017cone zosta\u0142o w jeden przycisk, kt\u00f3ry umo\u017cliwia wygodn\u0105 obs\u0142ug\u0119.\u00a0Do zestawu do\u0142\u0105czono kabel\u00a0micro\u00a0USB, kt\u00f3ry umo\u017cliwi Ci pod\u0142\u0105czenie podstawki do kompatybilnego urz\u0105dzenia.<\/p>\n<p><img decoding=\"async\" src=\"https:\/\/b2b.innpro.pl\/data\/include\/cms\/02Puluz\/PU3049B\/5.jpg\"><\/p>\n<h3>Ma\u0142y wysi\u0142ek, du\u017cy efekt<\/h3>\n<p>Je\u017celi zale\u017cy Ci na tym, aby jak najlepiej wyeksponowa\u0107 wybrane przedmioty, zdecyduj si\u0119 na obrotow\u0105 podstawk\u0119 Puluz! Dzi\u0119ki wbudowanemu przyciskowi z \u0142atwo\u015bci\u0105 w\u0142\u0105czysz\/wy\u0142\u0105czysz urz\u0105dzenie, a tak\u017ce wybierzesz kierunek obrot\u00f3w. Antypo\u015blizgowa, gumowa podk\u0142adka sprawia, \u017ce mo\u017cesz bez obaw postawi\u0107 produkt na g\u0142adkiej powierzchni.<\/p>\n<p><img decoding=\"async\" src=\"https:\/\/b2b.innpro.pl\/data\/include\/cms\/02Puluz\/PU3049B\/4.jpg\"><\/p>\n<h3>Zadbaj o profesjonalizm<\/h3>\n<p>Fotografuj i nagrywaj zaprezentowane na podstawce przedmioty bez przeszk\u00f3d! Urz\u0105dzenie mo\u017ce ud\u017awign\u0105\u0107 ci\u0119\u017car si\u0119gaj\u0105cy nawet 10 kg, dlatego nie musisz si\u0119 ogranicza\u0107. Co wi\u0119cej, produkt Puluz pracuje niezwykle cicho (50-60 dB), dzi\u0119ki czemu niepo\u017c\u0105dany ha\u0142as nie przeszkodzi Ci w nagrywaniu filmik\u00f3w.<\/p>\n<p><img decoding=\"async\" src=\"https:\/\/b2b.innpro.pl\/data\/include\/cms\/02Puluz\/PU3049B\/3.jpg\"><\/p>\n<h3>Dodatkowe atuty<\/h3>\n<p>Dzi\u0119ki temu, \u017ce obrotowa podstawka Puluz posiada port USB, mo\u017cesz bez przeszk\u00f3d pod\u0142\u0105czy\u0107 j\u0105 do komputera stacjonarnego, laptopa, czy te\u017c \u0142adowarki i\u00a0i cieszy\u0107 si\u0119 efektami jej pracy.<\/p>\n<p><img decoding=\"async\" src=\"https:\/\/b2b.innpro.pl\/data\/include\/cms\/02Puluz\/PU3049B\/7.jpg\"><\/p>\n<h3>W zestawie:<\/h3>\n<ul>\n<li>Obrotowa podstawka do zdj\u0119\u0107 x1<\/li>\n<li>Kabel micro USB x1<\/li>\n<\/ul>\n<div class=\"table-wrapper\">\n<table>\n<tbody>\n<tr>\n<th>Producent<\/th>\n<td>Puluz<\/td>\n<\/tr>\n<tr>\n<th>Model<\/th>\n<td>PU3049B<\/td>\n<\/tr>\n<tr>\n<th>Materia\u0142<\/th>\n<td>ABS + PC<\/td>\n<\/tr>\n<tr>\n<th>Napi\u0119cie<\/th>\n<td>DC 5V<\/td>\n<\/tr>\n<tr>\n<th>Pr\u0119dko\u015b\u0107<\/th>\n<td>1 obr\u00f3t \/ 35 sekund<\/td>\n<\/tr>\n<tr>\n<th>\u015arednica<\/th>\n<td>30 cm<\/td>\n<\/tr>\n<tr>\n<th>Wysoko\u015b\u0107<\/th>\n<td>5,8 cm<\/td>\n<\/tr>\n<tr>\n<th>Waga<\/th>\n<td>1232 g<\/td>\n<\/tr>\n<tr>\n<th>Ud\u017awig<\/th>\n<td>5-10 kg<\/td>\n<\/tr>\n<tr>\n<th>Kolor<\/th>\n<td>Czarny<\/td>\n<\/tr>\n<\/tbody>\n<\/table>\n<\/div>\n","protected":false},"excerpt":{"rendered":"<p>Obrotowa podstawka do zdj\u0119\u0107 Puluz (30 cm, czarna) Potrzebujesz podstawki, kt\u00f3ra pozwoli Ci profesjonalnie zaprezentowa\u0107 bi\u017cuteri\u0119, zegarki, torebki, czy te\u017c<\/p>\n","protected":false},"featured_media":56654,"comment_status":"closed","ping_status":"open","template":"","meta":{"_acf_changed":false},"product_brand":[],"product_cat":[1128,6192,6182],"product_tag":[],"class_list":{"0":"post-56653","1":"product","2":"type-product","3":"status-publish","4":"has-post-thumbnail","6":"product_cat-foto-wideo","7":"product_cat-podstawki","8":"product_cat-studio-fotograficzne","9":"pa_okres-gwarancji-5754","10":"pa_producent-puluz","12":"first","13":"outofstock","14":"taxable","15":"shipping-taxable","16":"purchasable","17":"product-type-simple"},"acf":[],"yoast_head":"<!-- This site is optimized with the Yoast SEO plugin v27.2 - https:\/\/yoast.com\/product\/yoast-seo-wordpress\/ -->\n<title>Podstawka obrotowa PULUZ 30cm (czarna) - IRONSKY.PL Sklep z Dronami<\/title>\n<meta name=\"description\" content=\"Podstawka obrotowa PULUZ 30cm (czarna) - \u2705 sklep z dronami i fachowym doradztwem. \u2705 Tutaj kupisz produkty DJI, Yuneec, Parrot, Syma i wiele innych, a tak\u017ce kursy i licencje na operatora drona.\" \/>\n<meta name=\"robots\" content=\"index, follow, max-snippet:-1, max-image-preview:large, max-video-preview:-1\" \/>\n<link rel=\"canonical\" href=\"https:\/\/ironsky.pl\/sklep\/produkt\/podstawka-obrotowa-puluz-30cm-czarna\/\" \/>\n<meta property=\"og:locale\" content=\"pl_PL\" \/>\n<meta property=\"og:type\" content=\"article\" \/>\n<meta property=\"og:title\" content=\"Podstawka obrotowa PULUZ 30cm (czarna) - IRONSKY.PL Sklep z Dronami\" \/>\n<meta property=\"og:description\" content=\"Podstawka obrotowa PULUZ 30cm (czarna) - \u2705 sklep z dronami i fachowym doradztwem. \u2705 Tutaj kupisz produkty DJI, Yuneec, Parrot, Syma i wiele innych, a tak\u017ce kursy i licencje na operatora drona.\" \/>\n<meta property=\"og:url\" content=\"https:\/\/ironsky.pl\/sklep\/produkt\/podstawka-obrotowa-puluz-30cm-czarna\/\" \/>\n<meta property=\"og:site_name\" content=\"IRONSKY.PL Sklep z Dronami\" \/>\n<meta property=\"article:modified_time\" content=\"2026-04-15T08:50:36+00:00\" \/>\n<meta property=\"og:image\" content=\"https:\/\/ironsky.pl\/sklep\/wp-content\/uploads\/2026\/04\/27777_1.jpg\" \/>\n\t<meta property=\"og:image:width\" content=\"800\" \/>\n\t<meta property=\"og:image:height\" content=\"800\" \/>\n\t<meta property=\"og:image:type\" content=\"image\/jpeg\" \/>\n<meta name=\"twitter:card\" content=\"summary_large_image\" \/>\n<meta name=\"twitter:label1\" content=\"Szacowany czas czytania\" \/>\n\t<meta name=\"twitter:data1\" content=\"1 minuta\" \/>\n<script type=\"application\/ld+json\" class=\"yoast-schema-graph\">{\"@context\":\"https:\/\/schema.org\",\"@graph\":[{\"@type\":\"WebPage\",\"@id\":\"https:\/\/ironsky.pl\/sklep\/produkt\/podstawka-obrotowa-puluz-30cm-czarna\/\",\"url\":\"https:\/\/ironsky.pl\/sklep\/produkt\/podstawka-obrotowa-puluz-30cm-czarna\/\",\"name\":\"Podstawka obrotowa PULUZ 30cm (czarna) - IRONSKY.PL Sklep z Dronami\",\"isPartOf\":{\"@id\":\"https:\/\/ironsky.pl\/sklep\/#website\"},\"primaryImageOfPage\":{\"@id\":\"https:\/\/ironsky.pl\/sklep\/produkt\/podstawka-obrotowa-puluz-30cm-czarna\/#primaryimage\"},\"image\":{\"@id\":\"https:\/\/ironsky.pl\/sklep\/produkt\/podstawka-obrotowa-puluz-30cm-czarna\/#primaryimage\"},\"thumbnailUrl\":\"https:\/\/ironsky.pl\/sklep\/wp-content\/uploads\/2026\/04\/27777_1.jpg\",\"datePublished\":\"2026-04-15T08:16:52+00:00\",\"dateModified\":\"2026-04-15T08:50:36+00:00\",\"description\":\"Podstawka obrotowa PULUZ 30cm (czarna) - \u2705 sklep z dronami i fachowym doradztwem. \u2705 Tutaj kupisz produkty DJI, Yuneec, Parrot, Syma i wiele innych, a tak\u017ce kursy i licencje na operatora drona.\",\"breadcrumb\":{\"@id\":\"https:\/\/ironsky.pl\/sklep\/produkt\/podstawka-obrotowa-puluz-30cm-czarna\/#breadcrumb\"},\"inLanguage\":\"pl-PL\",\"potentialAction\":[{\"@type\":\"ReadAction\",\"target\":[\"https:\/\/ironsky.pl\/sklep\/produkt\/podstawka-obrotowa-puluz-30cm-czarna\/\"]}]},{\"@type\":\"ImageObject\",\"inLanguage\":\"pl-PL\",\"@id\":\"https:\/\/ironsky.pl\/sklep\/produkt\/podstawka-obrotowa-puluz-30cm-czarna\/#primaryimage\",\"url\":\"https:\/\/ironsky.pl\/sklep\/wp-content\/uploads\/2026\/04\/27777_1.jpg\",\"contentUrl\":\"https:\/\/ironsky.pl\/sklep\/wp-content\/uploads\/2026\/04\/27777_1.jpg\",\"width\":800,\"height\":800},{\"@type\":\"BreadcrumbList\",\"@id\":\"https:\/\/ironsky.pl\/sklep\/produkt\/podstawka-obrotowa-puluz-30cm-czarna\/#breadcrumb\",\"itemListElement\":[{\"@type\":\"ListItem\",\"position\":1,\"name\":\"Strona g\u0142\u00f3wna\",\"item\":\"https:\/\/ironsky.pl\/sklep\/\"},{\"@type\":\"ListItem\",\"position\":2,\"name\":\"Wszystkie produkty\",\"item\":\"https:\/\/ironsky.pl\/sklep\/produkty\/\"},{\"@type\":\"ListItem\",\"position\":3,\"name\":\"Podstawka obrotowa PULUZ 30cm (czarna)\"}]},{\"@type\":\"WebSite\",\"@id\":\"https:\/\/ironsky.pl\/sklep\/#website\",\"url\":\"https:\/\/ironsky.pl\/sklep\/\",\"name\":\"IRONSKY.PL Sklep z Dronami\",\"description\":\"IRONSKY.PL Sklep z Dronami\",\"potentialAction\":[{\"@type\":\"SearchAction\",\"target\":{\"@type\":\"EntryPoint\",\"urlTemplate\":\"https:\/\/ironsky.pl\/sklep\/?s={search_term_string}\"},\"query-input\":{\"@type\":\"PropertyValueSpecification\",\"valueRequired\":true,\"valueName\":\"search_term_string\"}}],\"inLanguage\":\"pl-PL\"}]}<\/script>\n<!-- \/ Yoast SEO plugin. -->","yoast_head_json":{"title":"Podstawka obrotowa PULUZ 30cm (czarna) - IRONSKY.PL Sklep z Dronami","description":"Podstawka obrotowa PULUZ 30cm (czarna) - \u2705 sklep z dronami i fachowym doradztwem. \u2705 Tutaj kupisz produkty DJI, Yuneec, Parrot, Syma i wiele innych, a tak\u017ce kursy i licencje na operatora drona.","robots":{"index":"index","follow":"follow","max-snippet":"max-snippet:-1","max-image-preview":"max-image-preview:large","max-video-preview":"max-video-preview:-1"},"canonical":"https:\/\/ironsky.pl\/sklep\/produkt\/podstawka-obrotowa-puluz-30cm-czarna\/","og_locale":"pl_PL","og_type":"article","og_title":"Podstawka obrotowa PULUZ 30cm (czarna) - IRONSKY.PL Sklep z Dronami","og_description":"Podstawka obrotowa PULUZ 30cm (czarna) - \u2705 sklep z dronami i fachowym doradztwem. \u2705 Tutaj kupisz produkty DJI, Yuneec, Parrot, Syma i wiele innych, a tak\u017ce kursy i licencje na operatora drona.","og_url":"https:\/\/ironsky.pl\/sklep\/produkt\/podstawka-obrotowa-puluz-30cm-czarna\/","og_site_name":"IRONSKY.PL Sklep z Dronami","article_modified_time":"2026-04-15T08:50:36+00:00","og_image":[{"width":800,"height":800,"url":"https:\/\/ironsky.pl\/sklep\/wp-content\/uploads\/2026\/04\/27777_1.jpg","type":"image\/jpeg"}],"twitter_card":"summary_large_image","twitter_misc":{"Szacowany czas czytania":"1 minuta"},"schema":{"@context":"https:\/\/schema.org","@graph":[{"@type":"WebPage","@id":"https:\/\/ironsky.pl\/sklep\/produkt\/podstawka-obrotowa-puluz-30cm-czarna\/","url":"https:\/\/ironsky.pl\/sklep\/produkt\/podstawka-obrotowa-puluz-30cm-czarna\/","name":"Podstawka obrotowa PULUZ 30cm (czarna) - IRONSKY.PL Sklep z Dronami","isPartOf":{"@id":"https:\/\/ironsky.pl\/sklep\/#website"},"primaryImageOfPage":{"@id":"https:\/\/ironsky.pl\/sklep\/produkt\/podstawka-obrotowa-puluz-30cm-czarna\/#primaryimage"},"image":{"@id":"https:\/\/ironsky.pl\/sklep\/produkt\/podstawka-obrotowa-puluz-30cm-czarna\/#primaryimage"},"thumbnailUrl":"https:\/\/ironsky.pl\/sklep\/wp-content\/uploads\/2026\/04\/27777_1.jpg","datePublished":"2026-04-15T08:16:52+00:00","dateModified":"2026-04-15T08:50:36+00:00","description":"Podstawka obrotowa PULUZ 30cm (czarna) - \u2705 sklep z dronami i fachowym doradztwem. \u2705 Tutaj kupisz produkty DJI, Yuneec, Parrot, Syma i wiele innych, a tak\u017ce kursy i licencje na operatora drona.","breadcrumb":{"@id":"https:\/\/ironsky.pl\/sklep\/produkt\/podstawka-obrotowa-puluz-30cm-czarna\/#breadcrumb"},"inLanguage":"pl-PL","potentialAction":[{"@type":"ReadAction","target":["https:\/\/ironsky.pl\/sklep\/produkt\/podstawka-obrotowa-puluz-30cm-czarna\/"]}]},{"@type":"ImageObject","inLanguage":"pl-PL","@id":"https:\/\/ironsky.pl\/sklep\/produkt\/podstawka-obrotowa-puluz-30cm-czarna\/#primaryimage","url":"https:\/\/ironsky.pl\/sklep\/wp-content\/uploads\/2026\/04\/27777_1.jpg","contentUrl":"https:\/\/ironsky.pl\/sklep\/wp-content\/uploads\/2026\/04\/27777_1.jpg","width":800,"height":800},{"@type":"BreadcrumbList","@id":"https:\/\/ironsky.pl\/sklep\/produkt\/podstawka-obrotowa-puluz-30cm-czarna\/#breadcrumb","itemListElement":[{"@type":"ListItem","position":1,"name":"Strona g\u0142\u00f3wna","item":"https:\/\/ironsky.pl\/sklep\/"},{"@type":"ListItem","position":2,"name":"Wszystkie produkty","item":"https:\/\/ironsky.pl\/sklep\/produkty\/"},{"@type":"ListItem","position":3,"name":"Podstawka obrotowa PULUZ 30cm (czarna)"}]},{"@type":"WebSite","@id":"https:\/\/ironsky.pl\/sklep\/#website","url":"https:\/\/ironsky.pl\/sklep\/","name":"IRONSKY.PL Sklep z Dronami","description":"IRONSKY.PL Sklep z Dronami","potentialAction":[{"@type":"SearchAction","target":{"@type":"EntryPoint","urlTemplate":"https:\/\/ironsky.pl\/sklep\/?s={search_term_string}"},"query-input":{"@type":"PropertyValueSpecification","valueRequired":true,"valueName":"search_term_string"}}],"inLanguage":"pl-PL"}]}},"_links":{"self":[{"href":"https:\/\/ironsky.pl\/sklep\/wp-json\/wp\/v2\/product\/56653","targetHints":{"allow":["GET"]}}],"collection":[{"href":"https:\/\/ironsky.pl\/sklep\/wp-json\/wp\/v2\/product"}],"about":[{"href":"https:\/\/ironsky.pl\/sklep\/wp-json\/wp\/v2\/types\/product"}],"replies":[{"embeddable":true,"href":"https:\/\/ironsky.pl\/sklep\/wp-json\/wp\/v2\/comments?post=56653"}],"wp:featuredmedia":[{"embeddable":true,"href":"https:\/\/ironsky.pl\/sklep\/wp-json\/wp\/v2\/media\/56654"}],"wp:attachment":[{"href":"https:\/\/ironsky.pl\/sklep\/wp-json\/wp\/v2\/media?parent=56653"}],"wp:term":[{"taxonomy":"product_brand","embeddable":true,"href":"https:\/\/ironsky.pl\/sklep\/wp-json\/wp\/v2\/product_brand?post=56653"},{"taxonomy":"product_cat","embeddable":true,"href":"https:\/\/ironsky.pl\/sklep\/wp-json\/wp\/v2\/product_cat?post=56653"},{"taxonomy":"product_tag","embeddable":true,"href":"https:\/\/ironsky.pl\/sklep\/wp-json\/wp\/v2\/product_tag?post=56653"}],"curies":[{"name":"wp","href":"https:\/\/api.w.org\/{rel}","templated":true}]}}