{"id":56641,"date":"2026-04-15T10:16:52","date_gmt":"2026-04-15T08:16:52","guid":{"rendered":"https:\/\/ironsky.pl\/sklep\/produkt\/uchwyt-przyssawkowy-dji-osmo-action-przegub-kulowy\/"},"modified":"2026-04-15T10:17:06","modified_gmt":"2026-04-15T08:17:06","slug":"uchwyt-przyssawkowy-dji-osmo-action-przegub-kulowy","status":"publish","type":"product","link":"https:\/\/ironsky.pl\/sklep\/produkt\/uchwyt-przyssawkowy-dji-osmo-action-przegub-kulowy\/","title":{"rendered":"Uchwyt przyssawkowy DJI Osmo Action przegub kulowy"},"content":{"rendered":"<h3 style=\"text-align: center;\">Osmo Action mocowanie przyssawki<\/h3>\n<p>Przymocuj swoj\u0105 kamer\u0119 do roweru, motocykla lub samochodu i tw\u00f3rz oryginalne uj\u0119cia z niecodziennej perspektywy. Mocowanie przyssawki przeznaczone dla DJI Osmo Action, DJI Action 2 lub DJI Osmo Action 3 wyr\u00f3\u017cnia si\u0119 du\u017c\u0105 si\u0142\u0105 ssania, dzi\u0119ki czemu mo\u017ce zapewni\u0107 Twojemu urz\u0105dzeniu niezb\u0119dn\u0105 stabilno\u015b\u0107. Jest przy tym bardzo proste w monta\u017cu i wytrzyma\u0142e. Oferuje tak\u017ce specjalny przegub kulowy, kt\u00f3ry pozwala obraca\u0107 przymocowan\u0105 do niego kamer\u0119 o 360\u00b0. W efekcie uzyskasz wi\u0119cej ciekawych k\u0105t\u00f3w widzenia! Nie musisz te\u017c obawia\u0107 si\u0119 uszkodzenia powierzchni pojazdu.<\/p>\n<p><img decoding=\"async\" src=\"https:\/\/b2b.innpro.pl\/data\/include\/cms\/12DJI\/Osmo-Action-Suction-Cup-Mount\/1.jpg\" border=\"0\" alt=\"\" width=\"1100\" height=\"700\" \/><\/p>\n<p>\u00a0<\/p>\n<h3 style=\"text-align: center;\">Zadbaj o bezpiecze\u0144stwo<\/h3>\n<p>Pami\u0119taj, aby u\u017cywa\u0107 akcesorium tylko na g\u0142adkich, p\u0142askich, nieporowatych powierzchniach. Nie nale\u017cy te\u017c nara\u017ca\u0107 go na uderzenia. Je\u015bli przymocujesz je do samochodu, motocykla lub innego pojazdu, poruszaj si\u0119 tylko po r\u00f3wnych drogach i nie przekraczaj pr\u0119dko\u015bci 80 km\/h. Zaleca si\u0119 tak\u017ce korzystanie z dodatkowej linki bezpiecze\u0144stwa, aby unikn\u0105\u0107 upadku kamery i jej zgubienia.<\/p>\n<p><img decoding=\"async\" src=\"https:\/\/b2b.innpro.pl\/data\/include\/cms\/12DJI\/Osmo-Action-Suction-Cup-Mount\/4.jpg\" border=\"0\" alt=\"\" width=\"1100\" height=\"700\" \/><\/p>\n<p>\u00a0<\/p>\n<h3>W zestawie<\/h3>\n<ul>\n<li>Mocowanie przyssawki<\/li>\n<li>\u015aruba blokuj\u0105ca<\/li>\n<\/ul>\n<h3>Specyfikacja<\/h3>\n<div class=\"table-wrapper\">\n<table>\n<tbody>\n<tr>\n<th>Producent<\/th>\n<td>DJI<\/td>\n<\/tr>\n<tr>\n<th>Nazwa<\/th>\n<td>Osmo Action Suction Cup Mount<\/td>\n<\/tr>\n<tr>\n<th>Wymiary<\/th>\n<td>137,1 x 93,5 x 85 mm<\/td>\n<\/tr>\n<tr>\n<th>Waga<\/th>\n<td>148 g<\/td>\n<\/tr>\n<tr>\n<th>Wymiary \u015bruby<\/th>\n<td>55,6 x 23 x 13,3 mm<\/td>\n<\/tr>\n<tr>\n<th>Waga \u015bruby<\/th>\n<td>11,2 g<\/td>\n<\/tr>\n<tr>\n<th>Kompatybilno\u015b\u0107<\/th>\n<td>DJI Osmo Action 3, DJI Action 2, DJI Osmo Action<\/td>\n<\/tr>\n<\/tbody>\n<\/table>\n<\/div>\n<style type=\"text\/css\"><!--\n.table-wrapper{width:100%;overflow-x:auto}.table-wrapper>table{border-spacing:0}.table-wrapper>table>tbody>tr>td,.table-wrapper>table>tbody>tr>th{padding:10px 35px;text-align:left}.table-wrapper>table>tbody>tr>th{vertical-align:top}.table-wrapper>table>tbody>tr:nth-child(even){background-color:#f7f7f7}\n--><\/style>\n","protected":false},"excerpt":{"rendered":"<p>Osmo Action mocowanie przyssawki Przymocuj swoj\u0105 kamer\u0119 do roweru, motocykla lub samochodu i tw\u00f3rz oryginalne uj\u0119cia z niecodziennej perspektywy. Mocowanie<\/p>\n","protected":false},"featured_media":56642,"comment_status":"closed","ping_status":"open","template":"","meta":{"_acf_changed":false},"product_brand":[],"product_cat":[1130,1137,1128],"product_tag":[],"class_list":{"0":"post-56641","1":"product","2":"type-product","3":"status-publish","4":"has-post-thumbnail","6":"product_cat-akcesoria-foto","7":"product_cat-do-kamer-sportowych","8":"product_cat-foto-wideo","9":"pa_producent-dji","11":"first","12":"outofstock","13":"taxable","14":"shipping-taxable","15":"purchasable","16":"product-type-simple"},"acf":[],"yoast_head":"<!-- This site is optimized with the Yoast SEO plugin v27.2 - https:\/\/yoast.com\/product\/yoast-seo-wordpress\/ -->\n<title>Uchwyt przyssawkowy DJI Osmo Action przegub kulowy - IRONSKY.PL Sklep z Dronami<\/title>\n<meta name=\"description\" content=\"Uchwyt przyssawkowy DJI Osmo Action przegub kulowy - \u2705 sklep z dronami i fachowym doradztwem. \u2705 Tutaj kupisz produkty DJI, Yuneec, Parrot, Syma i wiele innych, a tak\u017ce kursy i licencje na operatora drona.\" \/>\n<meta name=\"robots\" content=\"index, follow, max-snippet:-1, max-image-preview:large, max-video-preview:-1\" \/>\n<link rel=\"canonical\" href=\"https:\/\/ironsky.pl\/sklep\/produkt\/uchwyt-przyssawkowy-dji-osmo-action-przegub-kulowy\/\" \/>\n<meta property=\"og:locale\" content=\"pl_PL\" \/>\n<meta property=\"og:type\" content=\"article\" \/>\n<meta property=\"og:title\" content=\"Uchwyt przyssawkowy DJI Osmo Action przegub kulowy - IRONSKY.PL Sklep z Dronami\" \/>\n<meta property=\"og:description\" content=\"Uchwyt przyssawkowy DJI Osmo Action przegub kulowy - \u2705 sklep z dronami i fachowym doradztwem. \u2705 Tutaj kupisz produkty DJI, Yuneec, Parrot, Syma i wiele innych, a tak\u017ce kursy i licencje na operatora drona.\" \/>\n<meta property=\"og:url\" content=\"https:\/\/ironsky.pl\/sklep\/produkt\/uchwyt-przyssawkowy-dji-osmo-action-przegub-kulowy\/\" \/>\n<meta property=\"og:site_name\" content=\"IRONSKY.PL Sklep z Dronami\" \/>\n<meta property=\"article:modified_time\" content=\"2026-04-15T08:17:06+00:00\" \/>\n<meta property=\"og:image\" content=\"https:\/\/ironsky.pl\/sklep\/wp-content\/uploads\/2026\/04\/27712_3.jpg\" \/>\n\t<meta property=\"og:image:width\" content=\"800\" \/>\n\t<meta property=\"og:image:height\" content=\"800\" \/>\n\t<meta property=\"og:image:type\" content=\"image\/jpeg\" \/>\n<meta name=\"twitter:card\" content=\"summary_large_image\" \/>\n<meta name=\"twitter:label1\" content=\"Szacowany czas czytania\" \/>\n\t<meta name=\"twitter:data1\" content=\"1 minuta\" \/>\n<script type=\"application\/ld+json\" class=\"yoast-schema-graph\">{\"@context\":\"https:\/\/schema.org\",\"@graph\":[{\"@type\":\"WebPage\",\"@id\":\"https:\/\/ironsky.pl\/sklep\/produkt\/uchwyt-przyssawkowy-dji-osmo-action-przegub-kulowy\/\",\"url\":\"https:\/\/ironsky.pl\/sklep\/produkt\/uchwyt-przyssawkowy-dji-osmo-action-przegub-kulowy\/\",\"name\":\"Uchwyt przyssawkowy DJI Osmo Action przegub kulowy - IRONSKY.PL Sklep z Dronami\",\"isPartOf\":{\"@id\":\"https:\/\/ironsky.pl\/sklep\/#website\"},\"primaryImageOfPage\":{\"@id\":\"https:\/\/ironsky.pl\/sklep\/produkt\/uchwyt-przyssawkowy-dji-osmo-action-przegub-kulowy\/#primaryimage\"},\"image\":{\"@id\":\"https:\/\/ironsky.pl\/sklep\/produkt\/uchwyt-przyssawkowy-dji-osmo-action-przegub-kulowy\/#primaryimage\"},\"thumbnailUrl\":\"https:\/\/ironsky.pl\/sklep\/wp-content\/uploads\/2026\/04\/27712_3.jpg\",\"datePublished\":\"2026-04-15T08:16:52+00:00\",\"dateModified\":\"2026-04-15T08:17:06+00:00\",\"description\":\"Uchwyt przyssawkowy DJI Osmo Action przegub kulowy - \u2705 sklep z dronami i fachowym doradztwem. \u2705 Tutaj kupisz produkty DJI, Yuneec, Parrot, Syma i wiele innych, a tak\u017ce kursy i licencje na operatora drona.\",\"breadcrumb\":{\"@id\":\"https:\/\/ironsky.pl\/sklep\/produkt\/uchwyt-przyssawkowy-dji-osmo-action-przegub-kulowy\/#breadcrumb\"},\"inLanguage\":\"pl-PL\",\"potentialAction\":[{\"@type\":\"ReadAction\",\"target\":[\"https:\/\/ironsky.pl\/sklep\/produkt\/uchwyt-przyssawkowy-dji-osmo-action-przegub-kulowy\/\"]}]},{\"@type\":\"ImageObject\",\"inLanguage\":\"pl-PL\",\"@id\":\"https:\/\/ironsky.pl\/sklep\/produkt\/uchwyt-przyssawkowy-dji-osmo-action-przegub-kulowy\/#primaryimage\",\"url\":\"https:\/\/ironsky.pl\/sklep\/wp-content\/uploads\/2026\/04\/27712_3.jpg\",\"contentUrl\":\"https:\/\/ironsky.pl\/sklep\/wp-content\/uploads\/2026\/04\/27712_3.jpg\",\"width\":800,\"height\":800},{\"@type\":\"BreadcrumbList\",\"@id\":\"https:\/\/ironsky.pl\/sklep\/produkt\/uchwyt-przyssawkowy-dji-osmo-action-przegub-kulowy\/#breadcrumb\",\"itemListElement\":[{\"@type\":\"ListItem\",\"position\":1,\"name\":\"Strona g\u0142\u00f3wna\",\"item\":\"https:\/\/ironsky.pl\/sklep\/\"},{\"@type\":\"ListItem\",\"position\":2,\"name\":\"Wszystkie produkty\",\"item\":\"https:\/\/ironsky.pl\/sklep\/produkty\/\"},{\"@type\":\"ListItem\",\"position\":3,\"name\":\"Uchwyt przyssawkowy DJI Osmo Action przegub kulowy\"}]},{\"@type\":\"WebSite\",\"@id\":\"https:\/\/ironsky.pl\/sklep\/#website\",\"url\":\"https:\/\/ironsky.pl\/sklep\/\",\"name\":\"IRONSKY.PL Sklep z Dronami\",\"description\":\"IRONSKY.PL Sklep z Dronami\",\"potentialAction\":[{\"@type\":\"SearchAction\",\"target\":{\"@type\":\"EntryPoint\",\"urlTemplate\":\"https:\/\/ironsky.pl\/sklep\/?s={search_term_string}\"},\"query-input\":{\"@type\":\"PropertyValueSpecification\",\"valueRequired\":true,\"valueName\":\"search_term_string\"}}],\"inLanguage\":\"pl-PL\"}]}<\/script>\n<!-- \/ Yoast SEO plugin. -->","yoast_head_json":{"title":"Uchwyt przyssawkowy DJI Osmo Action przegub kulowy - IRONSKY.PL Sklep z Dronami","description":"Uchwyt przyssawkowy DJI Osmo Action przegub kulowy - \u2705 sklep z dronami i fachowym doradztwem. \u2705 Tutaj kupisz produkty DJI, Yuneec, Parrot, Syma i wiele innych, a tak\u017ce kursy i licencje na operatora drona.","robots":{"index":"index","follow":"follow","max-snippet":"max-snippet:-1","max-image-preview":"max-image-preview:large","max-video-preview":"max-video-preview:-1"},"canonical":"https:\/\/ironsky.pl\/sklep\/produkt\/uchwyt-przyssawkowy-dji-osmo-action-przegub-kulowy\/","og_locale":"pl_PL","og_type":"article","og_title":"Uchwyt przyssawkowy DJI Osmo Action przegub kulowy - IRONSKY.PL Sklep z Dronami","og_description":"Uchwyt przyssawkowy DJI Osmo Action przegub kulowy - \u2705 sklep z dronami i fachowym doradztwem. \u2705 Tutaj kupisz produkty DJI, Yuneec, Parrot, Syma i wiele innych, a tak\u017ce kursy i licencje na operatora drona.","og_url":"https:\/\/ironsky.pl\/sklep\/produkt\/uchwyt-przyssawkowy-dji-osmo-action-przegub-kulowy\/","og_site_name":"IRONSKY.PL Sklep z Dronami","article_modified_time":"2026-04-15T08:17:06+00:00","og_image":[{"width":800,"height":800,"url":"https:\/\/ironsky.pl\/sklep\/wp-content\/uploads\/2026\/04\/27712_3.jpg","type":"image\/jpeg"}],"twitter_card":"summary_large_image","twitter_misc":{"Szacowany czas czytania":"1 minuta"},"schema":{"@context":"https:\/\/schema.org","@graph":[{"@type":"WebPage","@id":"https:\/\/ironsky.pl\/sklep\/produkt\/uchwyt-przyssawkowy-dji-osmo-action-przegub-kulowy\/","url":"https:\/\/ironsky.pl\/sklep\/produkt\/uchwyt-przyssawkowy-dji-osmo-action-przegub-kulowy\/","name":"Uchwyt przyssawkowy DJI Osmo Action przegub kulowy - IRONSKY.PL Sklep z Dronami","isPartOf":{"@id":"https:\/\/ironsky.pl\/sklep\/#website"},"primaryImageOfPage":{"@id":"https:\/\/ironsky.pl\/sklep\/produkt\/uchwyt-przyssawkowy-dji-osmo-action-przegub-kulowy\/#primaryimage"},"image":{"@id":"https:\/\/ironsky.pl\/sklep\/produkt\/uchwyt-przyssawkowy-dji-osmo-action-przegub-kulowy\/#primaryimage"},"thumbnailUrl":"https:\/\/ironsky.pl\/sklep\/wp-content\/uploads\/2026\/04\/27712_3.jpg","datePublished":"2026-04-15T08:16:52+00:00","dateModified":"2026-04-15T08:17:06+00:00","description":"Uchwyt przyssawkowy DJI Osmo Action przegub kulowy - \u2705 sklep z dronami i fachowym doradztwem. \u2705 Tutaj kupisz produkty DJI, Yuneec, Parrot, Syma i wiele innych, a tak\u017ce kursy i licencje na operatora drona.","breadcrumb":{"@id":"https:\/\/ironsky.pl\/sklep\/produkt\/uchwyt-przyssawkowy-dji-osmo-action-przegub-kulowy\/#breadcrumb"},"inLanguage":"pl-PL","potentialAction":[{"@type":"ReadAction","target":["https:\/\/ironsky.pl\/sklep\/produkt\/uchwyt-przyssawkowy-dji-osmo-action-przegub-kulowy\/"]}]},{"@type":"ImageObject","inLanguage":"pl-PL","@id":"https:\/\/ironsky.pl\/sklep\/produkt\/uchwyt-przyssawkowy-dji-osmo-action-przegub-kulowy\/#primaryimage","url":"https:\/\/ironsky.pl\/sklep\/wp-content\/uploads\/2026\/04\/27712_3.jpg","contentUrl":"https:\/\/ironsky.pl\/sklep\/wp-content\/uploads\/2026\/04\/27712_3.jpg","width":800,"height":800},{"@type":"BreadcrumbList","@id":"https:\/\/ironsky.pl\/sklep\/produkt\/uchwyt-przyssawkowy-dji-osmo-action-przegub-kulowy\/#breadcrumb","itemListElement":[{"@type":"ListItem","position":1,"name":"Strona g\u0142\u00f3wna","item":"https:\/\/ironsky.pl\/sklep\/"},{"@type":"ListItem","position":2,"name":"Wszystkie produkty","item":"https:\/\/ironsky.pl\/sklep\/produkty\/"},{"@type":"ListItem","position":3,"name":"Uchwyt przyssawkowy DJI Osmo Action przegub kulowy"}]},{"@type":"WebSite","@id":"https:\/\/ironsky.pl\/sklep\/#website","url":"https:\/\/ironsky.pl\/sklep\/","name":"IRONSKY.PL Sklep z Dronami","description":"IRONSKY.PL Sklep z Dronami","potentialAction":[{"@type":"SearchAction","target":{"@type":"EntryPoint","urlTemplate":"https:\/\/ironsky.pl\/sklep\/?s={search_term_string}"},"query-input":{"@type":"PropertyValueSpecification","valueRequired":true,"valueName":"search_term_string"}}],"inLanguage":"pl-PL"}]}},"_links":{"self":[{"href":"https:\/\/ironsky.pl\/sklep\/wp-json\/wp\/v2\/product\/56641","targetHints":{"allow":["GET"]}}],"collection":[{"href":"https:\/\/ironsky.pl\/sklep\/wp-json\/wp\/v2\/product"}],"about":[{"href":"https:\/\/ironsky.pl\/sklep\/wp-json\/wp\/v2\/types\/product"}],"replies":[{"embeddable":true,"href":"https:\/\/ironsky.pl\/sklep\/wp-json\/wp\/v2\/comments?post=56641"}],"wp:featuredmedia":[{"embeddable":true,"href":"https:\/\/ironsky.pl\/sklep\/wp-json\/wp\/v2\/media\/56642"}],"wp:attachment":[{"href":"https:\/\/ironsky.pl\/sklep\/wp-json\/wp\/v2\/media?parent=56641"}],"wp:term":[{"taxonomy":"product_brand","embeddable":true,"href":"https:\/\/ironsky.pl\/sklep\/wp-json\/wp\/v2\/product_brand?post=56641"},{"taxonomy":"product_cat","embeddable":true,"href":"https:\/\/ironsky.pl\/sklep\/wp-json\/wp\/v2\/product_cat?post=56641"},{"taxonomy":"product_tag","embeddable":true,"href":"https:\/\/ironsky.pl\/sklep\/wp-json\/wp\/v2\/product_tag?post=56641"}],"curies":[{"name":"wp","href":"https:\/\/api.w.org\/{rel}","templated":true}]}}