{"id":56638,"date":"2026-04-15T10:16:52","date_gmt":"2026-04-15T08:16:52","guid":{"rendered":"https:\/\/ironsky.pl\/sklep\/produkt\/zestaw-akcesoriow-rowerowych-dji-do-osmo-action\/"},"modified":"2026-04-15T10:17:05","modified_gmt":"2026-04-15T08:17:05","slug":"zestaw-akcesoriow-rowerowych-dji-do-osmo-action","status":"publish","type":"product","link":"https:\/\/ironsky.pl\/sklep\/produkt\/zestaw-akcesoriow-rowerowych-dji-do-osmo-action\/","title":{"rendered":"Zestaw akcesori\u00f3w rowerowych DJI do Osmo Action"},"content":{"rendered":"<h3 style=\"text-align: center;\">Osmo Action zestaw akcesori\u00f3w rowerowych<\/h3>\n<p>Uchwy\u0107 swoj\u0105 kolejn\u0105 wycieczk\u0119 rowerow\u0105 z niecodziennej perspektywy. W sk\u0142ad zestawu wchodzi mocowanie na kierownic\u0119 oraz mocowanie na klatk\u0119 piersiow\u0105, mo\u017cesz wi\u0119c stabilnie zamontowa\u0107 swoj\u0105 kamer\u0119 DJI Osmo Action, DJI Action 2 lub DJI Osmo Action 3 w wybranym miejscu i bez wysi\u0142ku przygotowa\u0107 zapieraj\u0105cy dech w piersiach film. Skup si\u0119 na rado\u015bci p\u0142yn\u0105cej z jazdy i stw\u00f3rz mn\u00f3stwo oryginalnych, dynamicznych uj\u0119\u0107! Akcesoria s\u0105 bardzo proste w monta\u017cu i wyr\u00f3\u017cniaj\u0105 si\u0119 wysok\u0105 wytrzyma\u0142o\u015bci\u0105.<\/p>\n<p><img decoding=\"async\" src=\"https:\/\/b2b.innpro.pl\/data\/include\/cms\/12DJI\/Osmo-Action-Biking-Accessory-Kit\/1.jpg\" border=\"0\" alt=\"\" width=\"1100\" height=\"700\" \/><\/p>\n<p>\u00a0<\/p>\n<h3>W zestawie<\/h3>\n<ul>\n<li>Mocowanie na klatk\u0119 piersiow\u0105<\/li>\n<li>Mocowanie na kierownic\u0119<\/li>\n<li>\u015aruba blokuj\u0105ca x2<\/li>\n<\/ul>\n<h3>Specyfikacja<\/h3>\n<div class=\"table-wrapper\">\n<table>\n<tbody>\n<tr>\n<th>Producent<\/th>\n<td>DJI<\/td>\n<\/tr>\n<tr>\n<th>Wymiary mocowania na kierownic\u0119<\/th>\n<td>182,31 x 72,96 x 25,60 mm<\/td>\n<\/tr>\n<tr>\n<th>Waga mocowania na kierownic\u0119<\/th>\n<td>149 g<\/td>\n<\/tr>\n<tr>\n<th>Wymiary mocowania na klatk\u0119 piersiow\u0105<\/th>\n<td>340 x 230 x 74 mm<\/td>\n<\/tr>\n<tr>\n<th>Waga mocowania na klatk\u0119 piersiow\u0105<\/th>\n<td>216 g<\/td>\n<\/tr>\n<tr>\n<th>Wymiary \u015bruby<\/th>\n<td>55,6 x 23 x 13,3 mm<\/td>\n<\/tr>\n<tr>\n<th>Waga \u015bruby<\/th>\n<td>11,2 g<\/td>\n<\/tr>\n<tr>\n<th>Kompatybilno\u015b\u0107<\/th>\n<td>DJI Osmo Action 3, DJI Action 2, DJI Osmo Action<\/td>\n<\/tr>\n<\/tbody>\n<\/table>\n<\/div>\n<style type=\"text\/css\"><!--\n.table-wrapper{width:100%;overflow-x:auto}.table-wrapper>table{border-spacing:0}.table-wrapper>table>tbody>tr>td,.table-wrapper>table>tbody>tr>th{padding:10px 35px;text-align:left}.table-wrapper>table>tbody>tr>th{vertical-align:top}.table-wrapper>table>tbody>tr:nth-child(even){background-color:#f7f7f7}\n--><\/style>\n","protected":false},"excerpt":{"rendered":"<p>Osmo Action zestaw akcesori\u00f3w rowerowych Uchwy\u0107 swoj\u0105 kolejn\u0105 wycieczk\u0119 rowerow\u0105 z niecodziennej perspektywy. W sk\u0142ad zestawu wchodzi mocowanie na kierownic\u0119<\/p>\n","protected":false},"featured_media":56639,"comment_status":"closed","ping_status":"open","template":"","meta":{"_acf_changed":false},"product_brand":[],"product_cat":[1130,1137,1128],"product_tag":[],"class_list":{"0":"post-56638","1":"product","2":"type-product","3":"status-publish","4":"has-post-thumbnail","6":"product_cat-akcesoria-foto","7":"product_cat-do-kamer-sportowych","8":"product_cat-foto-wideo","9":"pa_producent-dji","11":"first","12":"outofstock","13":"taxable","14":"shipping-taxable","15":"purchasable","16":"product-type-simple"},"acf":[],"yoast_head":"<!-- This site is optimized with the Yoast SEO plugin v27.2 - https:\/\/yoast.com\/product\/yoast-seo-wordpress\/ -->\n<title>Zestaw akcesori\u00f3w rowerowych DJI do Osmo Action - IRONSKY.PL Sklep z Dronami<\/title>\n<meta name=\"description\" content=\"Zestaw akcesori\u00f3w rowerowych DJI do Osmo Action - \u2705 sklep z dronami i fachowym doradztwem. \u2705 Tutaj kupisz produkty DJI, Yuneec, Parrot, Syma i wiele innych, a tak\u017ce kursy i licencje na operatora drona.\" \/>\n<meta name=\"robots\" content=\"index, follow, max-snippet:-1, max-image-preview:large, max-video-preview:-1\" \/>\n<link rel=\"canonical\" href=\"https:\/\/ironsky.pl\/sklep\/produkt\/zestaw-akcesoriow-rowerowych-dji-do-osmo-action\/\" \/>\n<meta property=\"og:locale\" content=\"pl_PL\" \/>\n<meta property=\"og:type\" content=\"article\" \/>\n<meta property=\"og:title\" content=\"Zestaw akcesori\u00f3w rowerowych DJI do Osmo Action - IRONSKY.PL Sklep z Dronami\" \/>\n<meta property=\"og:description\" content=\"Zestaw akcesori\u00f3w rowerowych DJI do Osmo Action - \u2705 sklep z dronami i fachowym doradztwem. \u2705 Tutaj kupisz produkty DJI, Yuneec, Parrot, Syma i wiele innych, a tak\u017ce kursy i licencje na operatora drona.\" \/>\n<meta property=\"og:url\" content=\"https:\/\/ironsky.pl\/sklep\/produkt\/zestaw-akcesoriow-rowerowych-dji-do-osmo-action\/\" \/>\n<meta property=\"og:site_name\" content=\"IRONSKY.PL Sklep z Dronami\" \/>\n<meta property=\"article:modified_time\" content=\"2026-04-15T08:17:05+00:00\" \/>\n<meta property=\"og:image\" content=\"https:\/\/ironsky.pl\/sklep\/wp-content\/uploads\/2026\/04\/27710_2.jpg\" \/>\n\t<meta property=\"og:image:width\" content=\"800\" \/>\n\t<meta property=\"og:image:height\" content=\"800\" \/>\n\t<meta property=\"og:image:type\" content=\"image\/jpeg\" \/>\n<meta name=\"twitter:card\" content=\"summary_large_image\" \/>\n<meta name=\"twitter:label1\" content=\"Szacowany czas czytania\" \/>\n\t<meta name=\"twitter:data1\" content=\"1 minuta\" \/>\n<script type=\"application\/ld+json\" class=\"yoast-schema-graph\">{\"@context\":\"https:\/\/schema.org\",\"@graph\":[{\"@type\":\"WebPage\",\"@id\":\"https:\/\/ironsky.pl\/sklep\/produkt\/zestaw-akcesoriow-rowerowych-dji-do-osmo-action\/\",\"url\":\"https:\/\/ironsky.pl\/sklep\/produkt\/zestaw-akcesoriow-rowerowych-dji-do-osmo-action\/\",\"name\":\"Zestaw akcesori\u00f3w rowerowych DJI do Osmo Action - IRONSKY.PL Sklep z Dronami\",\"isPartOf\":{\"@id\":\"https:\/\/ironsky.pl\/sklep\/#website\"},\"primaryImageOfPage\":{\"@id\":\"https:\/\/ironsky.pl\/sklep\/produkt\/zestaw-akcesoriow-rowerowych-dji-do-osmo-action\/#primaryimage\"},\"image\":{\"@id\":\"https:\/\/ironsky.pl\/sklep\/produkt\/zestaw-akcesoriow-rowerowych-dji-do-osmo-action\/#primaryimage\"},\"thumbnailUrl\":\"https:\/\/ironsky.pl\/sklep\/wp-content\/uploads\/2026\/04\/27710_2.jpg\",\"datePublished\":\"2026-04-15T08:16:52+00:00\",\"dateModified\":\"2026-04-15T08:17:05+00:00\",\"description\":\"Zestaw akcesori\u00f3w rowerowych DJI do Osmo Action - \u2705 sklep z dronami i fachowym doradztwem. \u2705 Tutaj kupisz produkty DJI, Yuneec, Parrot, Syma i wiele innych, a tak\u017ce kursy i licencje na operatora drona.\",\"breadcrumb\":{\"@id\":\"https:\/\/ironsky.pl\/sklep\/produkt\/zestaw-akcesoriow-rowerowych-dji-do-osmo-action\/#breadcrumb\"},\"inLanguage\":\"pl-PL\",\"potentialAction\":[{\"@type\":\"ReadAction\",\"target\":[\"https:\/\/ironsky.pl\/sklep\/produkt\/zestaw-akcesoriow-rowerowych-dji-do-osmo-action\/\"]}]},{\"@type\":\"ImageObject\",\"inLanguage\":\"pl-PL\",\"@id\":\"https:\/\/ironsky.pl\/sklep\/produkt\/zestaw-akcesoriow-rowerowych-dji-do-osmo-action\/#primaryimage\",\"url\":\"https:\/\/ironsky.pl\/sklep\/wp-content\/uploads\/2026\/04\/27710_2.jpg\",\"contentUrl\":\"https:\/\/ironsky.pl\/sklep\/wp-content\/uploads\/2026\/04\/27710_2.jpg\",\"width\":800,\"height\":800},{\"@type\":\"BreadcrumbList\",\"@id\":\"https:\/\/ironsky.pl\/sklep\/produkt\/zestaw-akcesoriow-rowerowych-dji-do-osmo-action\/#breadcrumb\",\"itemListElement\":[{\"@type\":\"ListItem\",\"position\":1,\"name\":\"Strona g\u0142\u00f3wna\",\"item\":\"https:\/\/ironsky.pl\/sklep\/\"},{\"@type\":\"ListItem\",\"position\":2,\"name\":\"Wszystkie produkty\",\"item\":\"https:\/\/ironsky.pl\/sklep\/produkty\/\"},{\"@type\":\"ListItem\",\"position\":3,\"name\":\"Zestaw akcesori\u00f3w rowerowych DJI do Osmo Action\"}]},{\"@type\":\"WebSite\",\"@id\":\"https:\/\/ironsky.pl\/sklep\/#website\",\"url\":\"https:\/\/ironsky.pl\/sklep\/\",\"name\":\"IRONSKY.PL Sklep z Dronami\",\"description\":\"IRONSKY.PL Sklep z Dronami\",\"potentialAction\":[{\"@type\":\"SearchAction\",\"target\":{\"@type\":\"EntryPoint\",\"urlTemplate\":\"https:\/\/ironsky.pl\/sklep\/?s={search_term_string}\"},\"query-input\":{\"@type\":\"PropertyValueSpecification\",\"valueRequired\":true,\"valueName\":\"search_term_string\"}}],\"inLanguage\":\"pl-PL\"}]}<\/script>\n<!-- \/ Yoast SEO plugin. -->","yoast_head_json":{"title":"Zestaw akcesori\u00f3w rowerowych DJI do Osmo Action - IRONSKY.PL Sklep z Dronami","description":"Zestaw akcesori\u00f3w rowerowych DJI do Osmo Action - \u2705 sklep z dronami i fachowym doradztwem. \u2705 Tutaj kupisz produkty DJI, Yuneec, Parrot, Syma i wiele innych, a tak\u017ce kursy i licencje na operatora drona.","robots":{"index":"index","follow":"follow","max-snippet":"max-snippet:-1","max-image-preview":"max-image-preview:large","max-video-preview":"max-video-preview:-1"},"canonical":"https:\/\/ironsky.pl\/sklep\/produkt\/zestaw-akcesoriow-rowerowych-dji-do-osmo-action\/","og_locale":"pl_PL","og_type":"article","og_title":"Zestaw akcesori\u00f3w rowerowych DJI do Osmo Action - IRONSKY.PL Sklep z Dronami","og_description":"Zestaw akcesori\u00f3w rowerowych DJI do Osmo Action - \u2705 sklep z dronami i fachowym doradztwem. \u2705 Tutaj kupisz produkty DJI, Yuneec, Parrot, Syma i wiele innych, a tak\u017ce kursy i licencje na operatora drona.","og_url":"https:\/\/ironsky.pl\/sklep\/produkt\/zestaw-akcesoriow-rowerowych-dji-do-osmo-action\/","og_site_name":"IRONSKY.PL Sklep z Dronami","article_modified_time":"2026-04-15T08:17:05+00:00","og_image":[{"width":800,"height":800,"url":"https:\/\/ironsky.pl\/sklep\/wp-content\/uploads\/2026\/04\/27710_2.jpg","type":"image\/jpeg"}],"twitter_card":"summary_large_image","twitter_misc":{"Szacowany czas czytania":"1 minuta"},"schema":{"@context":"https:\/\/schema.org","@graph":[{"@type":"WebPage","@id":"https:\/\/ironsky.pl\/sklep\/produkt\/zestaw-akcesoriow-rowerowych-dji-do-osmo-action\/","url":"https:\/\/ironsky.pl\/sklep\/produkt\/zestaw-akcesoriow-rowerowych-dji-do-osmo-action\/","name":"Zestaw akcesori\u00f3w rowerowych DJI do Osmo Action - IRONSKY.PL Sklep z Dronami","isPartOf":{"@id":"https:\/\/ironsky.pl\/sklep\/#website"},"primaryImageOfPage":{"@id":"https:\/\/ironsky.pl\/sklep\/produkt\/zestaw-akcesoriow-rowerowych-dji-do-osmo-action\/#primaryimage"},"image":{"@id":"https:\/\/ironsky.pl\/sklep\/produkt\/zestaw-akcesoriow-rowerowych-dji-do-osmo-action\/#primaryimage"},"thumbnailUrl":"https:\/\/ironsky.pl\/sklep\/wp-content\/uploads\/2026\/04\/27710_2.jpg","datePublished":"2026-04-15T08:16:52+00:00","dateModified":"2026-04-15T08:17:05+00:00","description":"Zestaw akcesori\u00f3w rowerowych DJI do Osmo Action - \u2705 sklep z dronami i fachowym doradztwem. \u2705 Tutaj kupisz produkty DJI, Yuneec, Parrot, Syma i wiele innych, a tak\u017ce kursy i licencje na operatora drona.","breadcrumb":{"@id":"https:\/\/ironsky.pl\/sklep\/produkt\/zestaw-akcesoriow-rowerowych-dji-do-osmo-action\/#breadcrumb"},"inLanguage":"pl-PL","potentialAction":[{"@type":"ReadAction","target":["https:\/\/ironsky.pl\/sklep\/produkt\/zestaw-akcesoriow-rowerowych-dji-do-osmo-action\/"]}]},{"@type":"ImageObject","inLanguage":"pl-PL","@id":"https:\/\/ironsky.pl\/sklep\/produkt\/zestaw-akcesoriow-rowerowych-dji-do-osmo-action\/#primaryimage","url":"https:\/\/ironsky.pl\/sklep\/wp-content\/uploads\/2026\/04\/27710_2.jpg","contentUrl":"https:\/\/ironsky.pl\/sklep\/wp-content\/uploads\/2026\/04\/27710_2.jpg","width":800,"height":800},{"@type":"BreadcrumbList","@id":"https:\/\/ironsky.pl\/sklep\/produkt\/zestaw-akcesoriow-rowerowych-dji-do-osmo-action\/#breadcrumb","itemListElement":[{"@type":"ListItem","position":1,"name":"Strona g\u0142\u00f3wna","item":"https:\/\/ironsky.pl\/sklep\/"},{"@type":"ListItem","position":2,"name":"Wszystkie produkty","item":"https:\/\/ironsky.pl\/sklep\/produkty\/"},{"@type":"ListItem","position":3,"name":"Zestaw akcesori\u00f3w rowerowych DJI do Osmo Action"}]},{"@type":"WebSite","@id":"https:\/\/ironsky.pl\/sklep\/#website","url":"https:\/\/ironsky.pl\/sklep\/","name":"IRONSKY.PL Sklep z Dronami","description":"IRONSKY.PL Sklep z Dronami","potentialAction":[{"@type":"SearchAction","target":{"@type":"EntryPoint","urlTemplate":"https:\/\/ironsky.pl\/sklep\/?s={search_term_string}"},"query-input":{"@type":"PropertyValueSpecification","valueRequired":true,"valueName":"search_term_string"}}],"inLanguage":"pl-PL"}]}},"_links":{"self":[{"href":"https:\/\/ironsky.pl\/sklep\/wp-json\/wp\/v2\/product\/56638","targetHints":{"allow":["GET"]}}],"collection":[{"href":"https:\/\/ironsky.pl\/sklep\/wp-json\/wp\/v2\/product"}],"about":[{"href":"https:\/\/ironsky.pl\/sklep\/wp-json\/wp\/v2\/types\/product"}],"replies":[{"embeddable":true,"href":"https:\/\/ironsky.pl\/sklep\/wp-json\/wp\/v2\/comments?post=56638"}],"wp:featuredmedia":[{"embeddable":true,"href":"https:\/\/ironsky.pl\/sklep\/wp-json\/wp\/v2\/media\/56639"}],"wp:attachment":[{"href":"https:\/\/ironsky.pl\/sklep\/wp-json\/wp\/v2\/media?parent=56638"}],"wp:term":[{"taxonomy":"product_brand","embeddable":true,"href":"https:\/\/ironsky.pl\/sklep\/wp-json\/wp\/v2\/product_brand?post=56638"},{"taxonomy":"product_cat","embeddable":true,"href":"https:\/\/ironsky.pl\/sklep\/wp-json\/wp\/v2\/product_cat?post=56638"},{"taxonomy":"product_tag","embeddable":true,"href":"https:\/\/ironsky.pl\/sklep\/wp-json\/wp\/v2\/product_tag?post=56638"}],"curies":[{"name":"wp","href":"https:\/\/api.w.org\/{rel}","templated":true}]}}