{"id":56624,"date":"2026-04-15T10:16:52","date_gmt":"2026-04-15T08:16:52","guid":{"rendered":"https:\/\/ironsky.pl\/sklep\/produkt\/ladowarka-skyrc-t1000-maestro-2\/"},"modified":"2026-04-15T10:16:56","modified_gmt":"2026-04-15T08:16:56","slug":"ladowarka-skyrc-t1000-maestro-2","status":"publish","type":"product","link":"https:\/\/ironsky.pl\/sklep\/produkt\/ladowarka-skyrc-t1000-maestro-2\/","title":{"rendered":"\u0141adowarka SKYRC T1000 Maestro"},"content":{"rendered":"<h3>\u0141adowarka SkyRC T1000 Maestro<\/h3>\n<p>SkyRC T1000 Maestro to nowa, niesamowicie wydajna \u0142adowarka do modeli RC, kt\u00f3ra wyr\u00f3\u017cnia si\u0119 moc\u0105 do 450 W (AC) lub nawet 1000 W (DC). Wykorzystuje zaawansowany rdze\u0144 Arm Cortex-M4 i zosta\u0142a wyposa\u017cona w kolorowy wy\u015bwietlacz, kt\u00f3ry dostarczy Ci najwa\u017cniejszych informacji dotycz\u0105cych jej pracy. Pozwala korzysta\u0107 z 2 port\u00f3w jednocze\u015bnie, a jej transport nie sprawi Ci problemu. Dost\u0119pne jest r\u00f3wnie\u017c specjalne oprogramowanie Charger Master, kt\u00f3re zapewnia jeszcze wi\u0119cej mo\u017cliwo\u015bci.<\/p>\n<p><img decoding=\"async\" src=\"https:\/\/b2b.innpro.pl\/data\/include\/cms\/SkyRC\/T1000\/10.jpg\"><\/p>\n<h3>Niezawodne dzia\u0142anie<\/h3>\n<p>Przekraczaj granice z \u0142adowark\u0105 SkyRC T1000 i zyskaj wi\u0119cej mo\u017cliwo\u015bci podczas kolejnego wy\u015bcigu RC. Produkt obs\u0142uguje zaawansowan\u0105 technologi\u0119 DSP i ma wbudowany nowoczesny rdze\u0144 Arm Cortex-M4, kt\u00f3ry korzysta te\u017c z koprocesora (FPU). Dzi\u0119ki temu mo\u017ce zapewni\u0107 niesamowit\u0105 szybko\u015b\u0107, wydajno\u015b\u0107 i niezawodno\u015b\u0107! Postaw na sprawdzone rozwi\u0105zania i wybierz \u0142adowark\u0119, kt\u00f3ra sprawdzi si\u0119 niemal w ka\u017cdej sytuacji.<\/p>\n<p><img decoding=\"async\" src=\"https:\/\/b2b.innpro.pl\/data\/include\/cms\/SkyRC\/T1000\/3.jpg\"><\/p>\n<h3>Jeszcze szybsze \u0142adowanie<\/h3>\n<p>Ciesz si\u0119 jeszcze szybszym \u0142adowaniem. \u0141adowarka zosta\u0142a wyposa\u017cona w 2 porty, kt\u00f3re pozwol\u0105 Ci w kr\u00f3tkim czasie na\u0142adowa\u0107 2 akumulatory jednocze\u015bnie. Mo\u017cesz te\u017c wybiera\u0107 mi\u0119dzy wej\u015bciem AC a DC. W trybie AC moc \u0142adowania si\u0119ga 450 W, a w trybie DC wynosi nawet 1000 W! Dzi\u0119ki temu na\u0142adujesz swoje akumulatory do 9 razy szybciej (w trybie AC) lub do 20 razy szybciej (w trybie DC) ni\u017c przy u\u017cyciu standardowych \u0142adowarek.<\/p>\n<p><img decoding=\"async\" src=\"https:\/\/b2b.innpro.pl\/data\/include\/cms\/SkyRC\/T1000\/7.jpg\"><\/p>\n<h3>Inteligentne rozdzielanie energii<\/h3>\n<p>Gdy b\u0119dziesz korzysta\u0107 tylko z jednego portu, \u0142adowarka skieruje do niego ca\u0142\u0105 swoj\u0105 moc i zapewni nat\u0119\u017cenie do 20 A. W przypadku u\u017cycia obu gniazd, parametry pr\u0105du \u0142adowania b\u0119d\u0105 dynamicznie i inteligentnie dzielone mi\u0119dzy ka\u017cde z nich. Dzi\u0119ki temu mo\u017cesz cieszy\u0107 si\u0119 optymaln\u0105 wydajno\u015bci\u0105 w wi\u0119kszo\u015bci sytuacji! Co wi\u0119cej, gdy jeden port zako\u0144czy prac\u0119, drugi zacznie \u0142adowa\u0107 z pe\u0142n\u0105 moc\u0105. Podczas korzystania z 2 gniazd jednocze\u015bnie ca\u0142kowite nat\u0119\u017cenie pr\u0105du wynosi do 35 A.<\/p>\n<p><img decoding=\"async\" src=\"https:\/\/b2b.innpro.pl\/data\/include\/cms\/SkyRC\/T1000\/2.jpg\"><\/p>\n<h3>Zasilacz cyfrowy<\/h3>\n<p>Model T1000 nie tylko sprawdzi si\u0119 w roli \u0142adowarki, ale te\u017c mo\u017ce pe\u0142ni\u0107 funkcj\u0119 zasilacza cyfrowego. Wystarczy kilka klikni\u0119\u0107 w jego menu! Produkt oferuje napi\u0119cie 5-27 V z przyrostem 0,1 V oraz regulowane nat\u0119\u017cenie 1-15 A. Zosta\u0142 r\u00f3wnie\u017c wyposa\u017cony w ochron\u0119 przed zwarciem, przeci\u0105\u017ceniem i odwr\u00f3con\u0105 polaryzacj\u0105. Dzi\u0119ki temu zapewnia niezr\u00f3wnan\u0105 wydajno\u015b\u0107 i bezpiecze\u0144stwo!<\/p>\n<p><img decoding=\"async\" src=\"https:\/\/b2b.innpro.pl\/data\/include\/cms\/SkyRC\/T1000\/6.jpg\"><\/p>\n<h3>Dodatkowe mo\u017cliwo\u015bci<\/h3>\n<p>Zale\u017cy Ci na dodatkowych mo\u017cliwo\u015bciach? Wypr\u00f3buj dost\u0119pne w oddzielnej sprzeda\u017cy urz\u0105dzenia, kt\u00f3re wsp\u00f3\u0142pracuj\u0105 z \u0142adowark\u0105. Przyk\u0142adowo, roz\u0142adowywarka BD350 zapewnia maksymalne nat\u0119\u017cenie 40 A. W po\u0142\u0105czeniu z T1000 Maestro umo\u017cliwia tak\u017ce sprawdzanie kondycji akumulatora za pomoc\u0105 oprogramowania Charger Master. Dost\u0119pny jest r\u00f3wnie\u017c hub \u0142adowania, kt\u00f3ry wytrzymuje obci\u0105\u017cenie do 150 W i oferuje a\u017c 4 porty (3x USB-C, 1x USB-A).<\/p>\n<p><img decoding=\"async\" src=\"https:\/\/b2b.innpro.pl\/data\/include\/cms\/SkyRC\/T1000\/4.jpg\"><\/p>\n<h3>Przyjazny interfejs u\u017cytkownika<\/h3>\n<p>\u0141adowarka zosta\u0142a wyposa\u017cona w czytelny ekran TN LCD 2,8\u2033 z przejrzystym interfejsem ColorX. Zapewnia rozdzielczo\u015b\u0107 240&#215;320 i wy\u015bwietla obraz w 262 144 kolorach. Na uwag\u0119 zas\u0142uguje tak\u017ce kontrast 250:1. Responsywne menu Web2.0 oraz specjalnie zaprojektowane ikony sprawiaj\u0105, \u017ce obs\u0142uga urz\u0105dzenia staje si\u0119 znacznie prostsza i przyjemniejsza! Co wi\u0119cej, interfejs oferuje 4 j\u0119zyki do wyboru \u2013 angielski, holenderski, chi\u0144ski oraz japo\u0144ski.<\/p>\n<p><img decoding=\"async\" src=\"https:\/\/b2b.innpro.pl\/data\/include\/cms\/SkyRC\/T1000\/1.jpg\"><\/p>\n<h3>Sprawdzi si\u0119 podczas podr\u00f3\u017cy<\/h3>\n<p>Zabierz \u0142adowark\u0119 na kolejne wydarzenie RC i nie rezygnuj z mo\u017cliwo\u015bci szybkiego \u0142adowania akumulator\u00f3w podczas wyjazdu. Model T1000 Maestro jest kompatybilny z napi\u0119ciem 100-240 V, co oznacza, \u017ce mo\u017cesz bez przeszk\u00f3d korzysta\u0107 z niego w wielu krajach na ca\u0142ym \u015bwiecie. Produkt zosta\u0142 te\u017c wyposa\u017cony w specjalny uchwyt, kt\u00f3ry znacznie u\u0142atwia jego przenoszenie.<\/p>\n<p><img decoding=\"async\" src=\"https:\/\/b2b.innpro.pl\/data\/include\/cms\/SkyRC\/T1000\/5.jpg\"><\/p>\n<h3>Wypr\u00f3buj oprogramowanie Charger Master<\/h3>\n<p>Zyskaj wygodny dost\u0119p do najwa\u017cniejszych informacji \u2013 wystarczy skorzysta\u0107 z oprogramowania Charger Master. Po prostu pod\u0142\u0105cz \u0142adowark\u0119 T1000 do komputera za pomoc\u0105 kabla USB-C! Kiedy to zrobisz, mo\u017cesz na przyk\u0142ad pobra\u0107 aktualizacje OTA i zsynchronizowa\u0107 najnowsz\u0105 wersj\u0119 oprogramowania z chmur\u0105 w czasie rzeczywistym. Istnieje r\u00f3wnie\u017c mo\u017cliwo\u015b\u0107 wy\u015bwietlenia wykresu danych \u0142adowania \/ roz\u0142adowywania.<\/p>\n<p><img decoding=\"async\" src=\"https:\/\/b2b.innpro.pl\/data\/include\/cms\/SkyRC\/T1000\/8.jpg\"><\/p>\n<h3>W zestawie<\/h3>\n<ul>\n<li>\u0141adowarka T1000<\/li>\n<li>Kabel zasilaj\u0105cy AC<\/li>\n<li>Instrukcja obs\u0142ugi<\/li>\n<\/ul>\n<div class=\"table-wrapper\">\n<table>\n<tbody>\n<tr>\n<th>Producent<\/th>\n<td>SkyRC<\/td>\n<\/tr>\n<tr>\n<th>Model<\/th>\n<td>T1000<\/td>\n<\/tr>\n<tr>\n<th>Napi\u0119cie wej\u015bciowe<\/th>\n<td>AC: 100-240 V (50 \/ 60 Hz);<br \/>DC: 10-30 V;<\/td>\n<\/tr>\n<tr>\n<th>Nat\u0119\u017cenie wej\u015bciowe<\/th>\n<td>35 A maks.<\/td>\n<\/tr>\n<tr>\n<th>Moc \u0142adowania<\/th>\n<td>AC: 450 W maks.;<br \/>DC: 1000 W maks.;<\/td>\n<\/tr>\n<tr>\n<th>Moc roz\u0142adowywania<\/th>\n<td>Port g\u0142\u00f3wny: 10 W;<br \/>Port balansera: 37 W maks.;<br \/>Roz\u0142adowywanie zewn\u0119trzne: 350 W maks.;<\/td>\n<\/tr>\n<tr>\n<th>Nat\u0119\u017cenie \u0142adowania<\/th>\n<td>LiPo \/ LiFe \/ LiIon \/ LiHV \/ NiMH \/ NiCd \/ Pb: 0,1-20,0 A;<br \/>\u0141adowanie r\u00f3wnoleg\u0142e: 20,0-35,0 A;<\/td>\n<\/tr>\n<tr>\n<th>Nat\u0119\u017cenie roz\u0142adowywania<\/th>\n<td>LiPo \/ LiFe \/ LiIon \/ LiHV \/ NiMH \/ NiCd \/ Pb: 0,1-2,0 A;<br \/>Roz\u0142adowywanie zewn\u0119trzne: 0,1-40,0 A;*<\/p>\n<p>*Do dzia\u0142ania tej funkcji niezb\u0119dna jest roz\u0142adowywarka BD350, kt\u00f3r\u0105 nale\u017cy dokupi\u0107 oddzielnie.<\/td>\n<\/tr>\n<tr>\n<th>Nat\u0119\u017cenie balansera<\/th>\n<td>LiPo \/ LiFe \/ LiIon \/ LiHV: 1,5 A maks.<\/td>\n<\/tr>\n<tr>\n<th>Typ akumulatora<\/th>\n<td>LiPo \/ LiFe \/ LiIon \/ LiHV: 1-6S;<br \/>NiMH \/ NiCd: 4-15S;<br \/>Pb: 3S \/ 6S \/ 12S;<\/td>\n<\/tr>\n<tr>\n<th>Napi\u0119cie wyj\u015bciowe DC<\/th>\n<td>5-27 V<\/td>\n<\/tr>\n<tr>\n<th>Nat\u0119\u017cenie wyj\u015bciowe DC<\/th>\n<td>1,0-15,0 A<\/td>\n<\/tr>\n<tr>\n<th>Wymiary<\/th>\n<td>190,3 x 153,5 x 100 mm<\/td>\n<\/tr>\n<tr>\n<th>Waga<\/th>\n<td>1370 g<\/td>\n<\/tr>\n<\/tbody>\n<\/table>\n<\/div>\n","protected":false},"excerpt":{"rendered":"<p>\u0141adowarka SkyRC T1000 Maestro SkyRC T1000 Maestro to nowa, niesamowicie wydajna \u0142adowarka do modeli RC, kt\u00f3ra wyr\u00f3\u017cnia si\u0119 moc\u0105 do<\/p>\n","protected":false},"featured_media":56625,"comment_status":"closed","ping_status":"open","template":"","meta":{"_acf_changed":false},"product_brand":[],"product_cat":[1173,1174,1169],"product_tag":[],"class_list":{"0":"post-56624","1":"product","2":"type-product","3":"status-publish","4":"has-post-thumbnail","6":"product_cat-ladowanie","7":"product_cat-ladowarki","8":"product_cat-modele-rc","9":"pa_okres-gwarancji-5754","10":"pa_producent-skyrc","12":"first","13":"outofstock","14":"taxable","15":"shipping-taxable","16":"purchasable","17":"product-type-simple"},"acf":[],"yoast_head":"<!-- This site is optimized with the Yoast SEO plugin v27.2 - https:\/\/yoast.com\/product\/yoast-seo-wordpress\/ -->\n<title>\u0141adowarka SKYRC T1000 Maestro - IRONSKY.PL Sklep z Dronami<\/title>\n<meta name=\"description\" content=\"\u0141adowarka SKYRC T1000 Maestro - \u2705 sklep z dronami i fachowym doradztwem. \u2705 Tutaj kupisz produkty DJI, Yuneec, Parrot, Syma i wiele innych, a tak\u017ce kursy i licencje na operatora drona.\" \/>\n<meta name=\"robots\" content=\"index, follow, max-snippet:-1, max-image-preview:large, max-video-preview:-1\" \/>\n<link rel=\"canonical\" href=\"https:\/\/ironsky.pl\/sklep\/produkt\/ladowarka-skyrc-t1000-maestro-2\/\" \/>\n<meta property=\"og:locale\" content=\"pl_PL\" \/>\n<meta property=\"og:type\" content=\"article\" \/>\n<meta property=\"og:title\" content=\"\u0141adowarka SKYRC T1000 Maestro - IRONSKY.PL Sklep z Dronami\" \/>\n<meta property=\"og:description\" content=\"\u0141adowarka SKYRC T1000 Maestro - \u2705 sklep z dronami i fachowym doradztwem. \u2705 Tutaj kupisz produkty DJI, Yuneec, Parrot, Syma i wiele innych, a tak\u017ce kursy i licencje na operatora drona.\" \/>\n<meta property=\"og:url\" content=\"https:\/\/ironsky.pl\/sklep\/produkt\/ladowarka-skyrc-t1000-maestro-2\/\" \/>\n<meta property=\"og:site_name\" content=\"IRONSKY.PL Sklep z Dronami\" \/>\n<meta property=\"article:modified_time\" content=\"2026-04-15T08:16:56+00:00\" \/>\n<meta property=\"og:image\" content=\"https:\/\/ironsky.pl\/sklep\/wp-content\/uploads\/2026\/04\/27633_1.jpg\" \/>\n\t<meta property=\"og:image:width\" content=\"800\" \/>\n\t<meta property=\"og:image:height\" content=\"800\" \/>\n\t<meta property=\"og:image:type\" content=\"image\/jpeg\" \/>\n<meta name=\"twitter:card\" content=\"summary_large_image\" \/>\n<meta name=\"twitter:label1\" content=\"Szacowany czas czytania\" \/>\n\t<meta name=\"twitter:data1\" content=\"4 minuty\" \/>\n<script type=\"application\/ld+json\" class=\"yoast-schema-graph\">{\"@context\":\"https:\/\/schema.org\",\"@graph\":[{\"@type\":\"WebPage\",\"@id\":\"https:\/\/ironsky.pl\/sklep\/produkt\/ladowarka-skyrc-t1000-maestro-2\/\",\"url\":\"https:\/\/ironsky.pl\/sklep\/produkt\/ladowarka-skyrc-t1000-maestro-2\/\",\"name\":\"\u0141adowarka SKYRC T1000 Maestro - IRONSKY.PL Sklep z Dronami\",\"isPartOf\":{\"@id\":\"https:\/\/ironsky.pl\/sklep\/#website\"},\"primaryImageOfPage\":{\"@id\":\"https:\/\/ironsky.pl\/sklep\/produkt\/ladowarka-skyrc-t1000-maestro-2\/#primaryimage\"},\"image\":{\"@id\":\"https:\/\/ironsky.pl\/sklep\/produkt\/ladowarka-skyrc-t1000-maestro-2\/#primaryimage\"},\"thumbnailUrl\":\"https:\/\/ironsky.pl\/sklep\/wp-content\/uploads\/2026\/04\/27633_1.jpg\",\"datePublished\":\"2026-04-15T08:16:52+00:00\",\"dateModified\":\"2026-04-15T08:16:56+00:00\",\"description\":\"\u0141adowarka SKYRC T1000 Maestro - \u2705 sklep z dronami i fachowym doradztwem. \u2705 Tutaj kupisz produkty DJI, Yuneec, Parrot, Syma i wiele innych, a tak\u017ce kursy i licencje na operatora drona.\",\"breadcrumb\":{\"@id\":\"https:\/\/ironsky.pl\/sklep\/produkt\/ladowarka-skyrc-t1000-maestro-2\/#breadcrumb\"},\"inLanguage\":\"pl-PL\",\"potentialAction\":[{\"@type\":\"ReadAction\",\"target\":[\"https:\/\/ironsky.pl\/sklep\/produkt\/ladowarka-skyrc-t1000-maestro-2\/\"]}]},{\"@type\":\"ImageObject\",\"inLanguage\":\"pl-PL\",\"@id\":\"https:\/\/ironsky.pl\/sklep\/produkt\/ladowarka-skyrc-t1000-maestro-2\/#primaryimage\",\"url\":\"https:\/\/ironsky.pl\/sklep\/wp-content\/uploads\/2026\/04\/27633_1.jpg\",\"contentUrl\":\"https:\/\/ironsky.pl\/sklep\/wp-content\/uploads\/2026\/04\/27633_1.jpg\",\"width\":800,\"height\":800},{\"@type\":\"BreadcrumbList\",\"@id\":\"https:\/\/ironsky.pl\/sklep\/produkt\/ladowarka-skyrc-t1000-maestro-2\/#breadcrumb\",\"itemListElement\":[{\"@type\":\"ListItem\",\"position\":1,\"name\":\"Strona g\u0142\u00f3wna\",\"item\":\"https:\/\/ironsky.pl\/sklep\/\"},{\"@type\":\"ListItem\",\"position\":2,\"name\":\"Wszystkie produkty\",\"item\":\"https:\/\/ironsky.pl\/sklep\/produkty\/\"},{\"@type\":\"ListItem\",\"position\":3,\"name\":\"\u0141adowarka SKYRC T1000 Maestro\"}]},{\"@type\":\"WebSite\",\"@id\":\"https:\/\/ironsky.pl\/sklep\/#website\",\"url\":\"https:\/\/ironsky.pl\/sklep\/\",\"name\":\"IRONSKY.PL Sklep z Dronami\",\"description\":\"IRONSKY.PL Sklep z Dronami\",\"potentialAction\":[{\"@type\":\"SearchAction\",\"target\":{\"@type\":\"EntryPoint\",\"urlTemplate\":\"https:\/\/ironsky.pl\/sklep\/?s={search_term_string}\"},\"query-input\":{\"@type\":\"PropertyValueSpecification\",\"valueRequired\":true,\"valueName\":\"search_term_string\"}}],\"inLanguage\":\"pl-PL\"}]}<\/script>\n<!-- \/ Yoast SEO plugin. -->","yoast_head_json":{"title":"\u0141adowarka SKYRC T1000 Maestro - IRONSKY.PL Sklep z Dronami","description":"\u0141adowarka SKYRC T1000 Maestro - \u2705 sklep z dronami i fachowym doradztwem. \u2705 Tutaj kupisz produkty DJI, Yuneec, Parrot, Syma i wiele innych, a tak\u017ce kursy i licencje na operatora drona.","robots":{"index":"index","follow":"follow","max-snippet":"max-snippet:-1","max-image-preview":"max-image-preview:large","max-video-preview":"max-video-preview:-1"},"canonical":"https:\/\/ironsky.pl\/sklep\/produkt\/ladowarka-skyrc-t1000-maestro-2\/","og_locale":"pl_PL","og_type":"article","og_title":"\u0141adowarka SKYRC T1000 Maestro - IRONSKY.PL Sklep z Dronami","og_description":"\u0141adowarka SKYRC T1000 Maestro - \u2705 sklep z dronami i fachowym doradztwem. \u2705 Tutaj kupisz produkty DJI, Yuneec, Parrot, Syma i wiele innych, a tak\u017ce kursy i licencje na operatora drona.","og_url":"https:\/\/ironsky.pl\/sklep\/produkt\/ladowarka-skyrc-t1000-maestro-2\/","og_site_name":"IRONSKY.PL Sklep z Dronami","article_modified_time":"2026-04-15T08:16:56+00:00","og_image":[{"width":800,"height":800,"url":"https:\/\/ironsky.pl\/sklep\/wp-content\/uploads\/2026\/04\/27633_1.jpg","type":"image\/jpeg"}],"twitter_card":"summary_large_image","twitter_misc":{"Szacowany czas czytania":"4 minuty"},"schema":{"@context":"https:\/\/schema.org","@graph":[{"@type":"WebPage","@id":"https:\/\/ironsky.pl\/sklep\/produkt\/ladowarka-skyrc-t1000-maestro-2\/","url":"https:\/\/ironsky.pl\/sklep\/produkt\/ladowarka-skyrc-t1000-maestro-2\/","name":"\u0141adowarka SKYRC T1000 Maestro - IRONSKY.PL Sklep z Dronami","isPartOf":{"@id":"https:\/\/ironsky.pl\/sklep\/#website"},"primaryImageOfPage":{"@id":"https:\/\/ironsky.pl\/sklep\/produkt\/ladowarka-skyrc-t1000-maestro-2\/#primaryimage"},"image":{"@id":"https:\/\/ironsky.pl\/sklep\/produkt\/ladowarka-skyrc-t1000-maestro-2\/#primaryimage"},"thumbnailUrl":"https:\/\/ironsky.pl\/sklep\/wp-content\/uploads\/2026\/04\/27633_1.jpg","datePublished":"2026-04-15T08:16:52+00:00","dateModified":"2026-04-15T08:16:56+00:00","description":"\u0141adowarka SKYRC T1000 Maestro - \u2705 sklep z dronami i fachowym doradztwem. \u2705 Tutaj kupisz produkty DJI, Yuneec, Parrot, Syma i wiele innych, a tak\u017ce kursy i licencje na operatora drona.","breadcrumb":{"@id":"https:\/\/ironsky.pl\/sklep\/produkt\/ladowarka-skyrc-t1000-maestro-2\/#breadcrumb"},"inLanguage":"pl-PL","potentialAction":[{"@type":"ReadAction","target":["https:\/\/ironsky.pl\/sklep\/produkt\/ladowarka-skyrc-t1000-maestro-2\/"]}]},{"@type":"ImageObject","inLanguage":"pl-PL","@id":"https:\/\/ironsky.pl\/sklep\/produkt\/ladowarka-skyrc-t1000-maestro-2\/#primaryimage","url":"https:\/\/ironsky.pl\/sklep\/wp-content\/uploads\/2026\/04\/27633_1.jpg","contentUrl":"https:\/\/ironsky.pl\/sklep\/wp-content\/uploads\/2026\/04\/27633_1.jpg","width":800,"height":800},{"@type":"BreadcrumbList","@id":"https:\/\/ironsky.pl\/sklep\/produkt\/ladowarka-skyrc-t1000-maestro-2\/#breadcrumb","itemListElement":[{"@type":"ListItem","position":1,"name":"Strona g\u0142\u00f3wna","item":"https:\/\/ironsky.pl\/sklep\/"},{"@type":"ListItem","position":2,"name":"Wszystkie produkty","item":"https:\/\/ironsky.pl\/sklep\/produkty\/"},{"@type":"ListItem","position":3,"name":"\u0141adowarka SKYRC T1000 Maestro"}]},{"@type":"WebSite","@id":"https:\/\/ironsky.pl\/sklep\/#website","url":"https:\/\/ironsky.pl\/sklep\/","name":"IRONSKY.PL Sklep z Dronami","description":"IRONSKY.PL Sklep z Dronami","potentialAction":[{"@type":"SearchAction","target":{"@type":"EntryPoint","urlTemplate":"https:\/\/ironsky.pl\/sklep\/?s={search_term_string}"},"query-input":{"@type":"PropertyValueSpecification","valueRequired":true,"valueName":"search_term_string"}}],"inLanguage":"pl-PL"}]}},"_links":{"self":[{"href":"https:\/\/ironsky.pl\/sklep\/wp-json\/wp\/v2\/product\/56624","targetHints":{"allow":["GET"]}}],"collection":[{"href":"https:\/\/ironsky.pl\/sklep\/wp-json\/wp\/v2\/product"}],"about":[{"href":"https:\/\/ironsky.pl\/sklep\/wp-json\/wp\/v2\/types\/product"}],"replies":[{"embeddable":true,"href":"https:\/\/ironsky.pl\/sklep\/wp-json\/wp\/v2\/comments?post=56624"}],"wp:featuredmedia":[{"embeddable":true,"href":"https:\/\/ironsky.pl\/sklep\/wp-json\/wp\/v2\/media\/56625"}],"wp:attachment":[{"href":"https:\/\/ironsky.pl\/sklep\/wp-json\/wp\/v2\/media?parent=56624"}],"wp:term":[{"taxonomy":"product_brand","embeddable":true,"href":"https:\/\/ironsky.pl\/sklep\/wp-json\/wp\/v2\/product_brand?post=56624"},{"taxonomy":"product_cat","embeddable":true,"href":"https:\/\/ironsky.pl\/sklep\/wp-json\/wp\/v2\/product_cat?post=56624"},{"taxonomy":"product_tag","embeddable":true,"href":"https:\/\/ironsky.pl\/sklep\/wp-json\/wp\/v2\/product_tag?post=56624"}],"curies":[{"name":"wp","href":"https:\/\/api.w.org\/{rel}","templated":true}]}}