{"id":56618,"date":"2026-04-15T10:16:11","date_gmt":"2026-04-15T08:16:11","guid":{"rendered":"https:\/\/ironsky.pl\/sklep\/produkt\/plan-ochrony-dji-care-refresh-rs-3-plan-dwuletni\/"},"modified":"2026-04-15T10:16:51","modified_gmt":"2026-04-15T08:16:51","slug":"plan-ochrony-dji-care-refresh-rs-3-plan-dwuletni","status":"publish","type":"product","link":"https:\/\/ironsky.pl\/sklep\/produkt\/plan-ochrony-dji-care-refresh-rs-3-plan-dwuletni\/","title":{"rendered":"Plan ochrony DJI Care Refresh RS 3 (plan dwuletni)"},"content":{"rendered":"<h3>Ochrona serwisowa z DJI Care Refresh<\/h3>\n<p>DJI Care Refresh to ochrona serwisowa Twojego urz\u0105dzenia, kt\u00f3ra zapewni Ci, za niewielk\u0105 dodatkow\u0105 op\u0142at\u0105, cztery wymiany uszkodzonego sprz\u0119tu w ci\u0105gu dw\u00f3ch lat. Obejmuje uszkodzenia powsta\u0142e mi\u0119dzy innymi w wyniku kolizji lub kontaktu produktu z wod\u0105. Uszkodzony sprz\u0119t zostanie w\u00f3wczas wymieniony na nowy lub r\u00f3wnowa\u017cny nowemu. DJI Care Refresh mo\u017cna aktywowa\u0107 jednorazowo do 30 dni od aktywacji (pierwszego uruchomienia) urz\u0105dzenia. Istnieje r\u00f3wnie\u017c mo\u017cliwo\u015b\u0107 przed\u0142u\u017cenia ochrony na kolejny rok (\u0142\u0105cznie 3 lata) \u2013 wystarczy wykupi\u0107 dodatkowy roczny plan. Co wi\u0119cej, w okresie wa\u017cno\u015bci us\u0142ugi obowi\u0105zuje oficjalna gwarancja producenta.<\/p>\n<p><img decoding=\"async\" src=\"https:\/\/b2b.innpro.pl\/data\/include\/cms\/12DJI\/DJI-Care-Refresh-DJI-RS-3\/7.jpg?v=1692011955163\" border=\"0\" alt=\"12DJI\/DJI-Care-Refresh-Action-2-2-letnia-ochrona\/5\" width=\"1000\" height=\"637\" \/><\/p>\n<h3>DJI\u00a0RS 3<\/h3>\n<p>Dla urz\u0105dze\u0144 z serii DJI\u00a0RS 3 koszt ka\u017cdej wymiany w ramach DJI Care Refresh wynosi\u00a0225 PLN.*<\/p>\n<p>*W przypadku zg\u0142oszenia bezpo\u015brednio u producenta, kwota wymiany mo\u017ce ulec zmianie w zale\u017cno\u015bci od aktualnego kursu walut.<\/p>\n<p><img decoding=\"async\" src=\"https:\/\/b2b.innpro.pl\/data\/include\/cms\/12DJI\/DJI-Care-Refresh-DJI-RS-3\/1.jpg?v=1692011955163\" border=\"0\" alt=\"12DJI\/DJI-Care-Refresh-Action-2-2-letnia-ochrona\/2\" width=\"1000\" height=\"637\" \/><\/p>\n<h3>Rozszerzona gwarancja<\/h3>\n<p>U\u017cytkownicy urz\u0105dze\u0144 takich jak DJI Mavic 3 Pro, DJI Mavic 3 Pro Cine, DJI Mini 2 SE, DJI RS 3 Mini, DJI Mini 3, DJI Mavic 3 Classic, Osmo Mobile 6, Osmo Mobile SE, Osmo Action 3, DJI Avata, DJI RS 3, DJI RS 3 Pro, DJI Mini 3 Pro, DJI Mavic 3, DJI Mavic 3 Cine oraz DJI Action 2 mog\u0105 te\u017c uzyska\u0107 dodatkowe benefity. Je\u015bli w okresie wa\u017cno\u015bci us\u0142ugi Care Refresh ani razu nie skorzystasz z mo\u017cliwo\u015bci wymiany, w ramach nagrody otrzymasz przed\u0142u\u017cenie gwarancji na dodatkowy rok.<\/p>\n<p><img decoding=\"async\" src=\"https:\/\/b2b.innpro.pl\/data\/include\/cms\/12DJI\/DJI-Care-Refresh-DJI-RS-3\/5.jpg?v=1692011955163\" border=\"0\" alt=\"12DJI\/DJI-Care-Refresh-Action-2-2-letnia-ochrona\/6\" width=\"1000\" height=\"637\" \/><\/p>\n<h3>Jak aktywowa\u0107 DJI Care Refresh<\/h3>\n<p>1. Kod nale\u017cy aktywowa\u0107 pod adresem: https:\/\/support.dji.com\/care\/active.<br \/>2. W trakcie procesu aktywacji nale\u017cy poda\u0107 kod Care Refresh, numer seryjny urz\u0105dzenia (znajduje si\u0119 on bezpo\u015brednio na produkcie) oraz dane osoby aktywuj\u0105cej Pakiet (imi\u0119 i nazwisko, adres e-mail).<br \/>3. Us\u0142uga DJI Care Refresh zostanie aktywowana i automatycznie przypisana do odpowiedniego regionu. Potwierdzenie aktywacji DJI Care Refresh otrzymasz drog\u0105 mailow\u0105. Tw\u00f3j sprz\u0119t jest ju\u017c bezpieczny!<\/p>\n<p><img decoding=\"async\" src=\"https:\/\/b2b.innpro.pl\/data\/include\/cms\/12DJI\/DJI-Care-Refresh-DJI-RS-3\/2.jpg?v=1692011955163\" border=\"0\" alt=\"12DJI\/DJI-Care-Refresh-Action-2-2-letnia-ochrona\/7\" width=\"1000\" height=\"637\" \/><\/p>\n<h3>Gdy zdarzy si\u0119 wypadek<\/h3>\n<p>1. U\u017cytkownik zg\u0142asza usterk\u0119 i wysy\u0142a sprz\u0119t do niemieckiego serwisu DJI z adnotacj\u0105, \u017ce ma wykupion\u0105 us\u0142ug\u0119 DJI Care Refresh.<br \/>2. U\u017cytkownik dostaje wycen\u0119 naprawy i na tej podstawie decyduje, czy chce dokona\u0107 naprawy\/wymiany odp\u0142atnie, czy przez DJI Care Refresh.<br \/>3. Po wybraniu opcji DJI Care Refresh u\u017cytkownik uiszcza op\u0142at\u0119 za wymian\u0119 i otrzymuje inny egzemplarz.<br \/>4. Wymieniony produkt zostaje priorytetowo dostarczony do u\u017cytkownika z darmow\u0105 wysy\u0142k\u0105.<\/p>\n<p><img decoding=\"async\" src=\"https:\/\/b2b.innpro.pl\/data\/include\/cms\/12DJI\/DJI-Care-Refresh-DJI-RS-3\/6.jpg?v=1692011955163\" border=\"0\" alt=\"12DJI\/DJI-Care-Refresh-Action-2-2-letnia-ochrona\/4\" width=\"1000\" height=\"637\" \/><\/p>\n<h3>DJI Care Refresh nie obejmuje<\/h3>\n<p>1) Zaginionego b\u0105d\u017a cz\u0119\u015bciowo zaginionego sprz\u0119tu.<br \/>2) Skradzionego lub porzuconego produktu.<br \/>3) Dodatkowych akcesori\u00f3w.<br \/>4) Celowej utraty produktu.<br \/>5) Uszkodze\u0144 obudowy, kt\u00f3re nie wp\u0142ywaj\u0105 na dzia\u0142anie produktu.<br \/>6) Bezpo\u015brednich lub niebezpo\u015brednich uszkodze\u0144 spowodowanych dzia\u0142aniem si\u0142 wy\u017cszych.<br \/>7) Usterek powsta\u0142ych poza okresem wa\u017cno\u015bci DJI Care Refresh.<br \/>8) Dodatkowych op\u0142at zwi\u0105zanych z ulepszaniem modelu, poprawianiem jego osi\u0105g\u00f3w.<br \/>9) Usterek wynikaj\u0105cych z przeprowadzania modyfikacji, kt\u00f3re nie s\u0105 zgodne z zaleceniami znajduj\u0105cymi si\u0119 w podr\u0119czniku u\u017cytkownika b\u0105d\u017a z u\u017cywania niekompatybilnych akumulator\u00f3w i \u0142adowarki.<br \/>10) Usterek wynikaj\u0105cych z korzystania z nieautoryzowanych akcesori\u00f3w, akumulator\u00f3w b\u0105d\u017a oprogramowania.<\/p>\n<h3>Mo\u017cliwo\u015b\u0107 przed\u0142u\u017cenia ochrony*<\/h3>\n<p><span style=\"background-color: transparent; color: #000000;\">U\u017cytkownicy maj\u0105 tak\u017ce mo\u017cliwo\u015b\u0107 przed\u0142u\u017cenia ochrony do maksymalnie 3 lat. Aby to zrobi\u0107, wystarczy wykupi\u0107 dodatkowy roczny plan.<\/span><\/p>\n<ul>\n<li><span style=\"background-color: transparent;\">Je\u015bli masz plan roczny DJI Care Refresh, mo\u017cesz przed\u0142u\u017cy\u0107 ochron\u0119 2 razy, dokupuj\u0105c 2 kolejne plany roczne: <\/span><strong style=\"background-color: transparent;\">plan roczny + plan roczny + plan roczny<\/strong><span style=\"background-color: transparent;\">.<\/span><\/li>\n<li><span style=\"background-color: transparent;\">Je\u015bli masz plan 2-letni, mo\u017cesz przed\u0142u\u017cy\u0107 ochron\u0119 tylko raz, dokupuj\u0105c jeden plan roczny: <\/span><strong style=\"background-color: transparent;\">plan 2-letni + plan roczny<\/strong><span style=\"background-color: transparent;\">.<\/span><\/li>\n<\/ul>\n<p><span style=\"background-color: transparent; color: #000000;\">Uwaga: nie jest mo\u017cliwe przed\u0142u\u017cenie ochrony poprzez wykupienie dodatkowego planu 2-letniego.<\/span><\/p>\n<p><span style=\"background-color: transparent; color: #000000;\">Aby przed\u0142u\u017cenie ochrony by\u0142o mo\u017cliwe, spe\u0142nione musz\u0105 by\u0107 okre\u015blone warunki:<\/span><\/p>\n<ul>\n<li><span style=\"background-color: transparent;\">Zakup us\u0142ugi DJI Care Refresh w jednym z nast\u0119puj\u0105cych wariant\u00f3w: plan roczny DJI Care Refresh \/ plan 2-letni DJI Care Refresh \/ plan roczny DJI Care Refresh i DJI Care Refresh + \/ plan roczny DJI Care Refresh oraz dodatkowy plan roczny (odnowienie).<\/span><\/li>\n<li><span style=\"background-color: transparent;\">Okres wa\u017cno\u015bci zakupionej us\u0142ugi DJI Care Refresh jeszcze nie up\u0142yn\u0105\u0142 lub up\u0142yn\u0105\u0142 w ci\u0105gu 15 dni.<\/span><\/li>\n<\/ul>\n<p>\u00a0<\/p>\n<p><span style=\"background-color: transparent;\">*<\/span>Wi\u0119cej na temat DJI Care Refresh znajdziesz w <a href=\"https:\/\/s3.eu-central-1.amazonaws.com\/files.innpro.pl\/DJI\/DJI-CARE.pdf\" target=\"_blank\" rel=\"noopener noreferrer\">tym<\/a> dokumencie.<\/p>\n","protected":false},"excerpt":{"rendered":"<p>Ochrona serwisowa z DJI Care Refresh DJI Care Refresh to ochrona serwisowa Twojego urz\u0105dzenia, kt\u00f3ra zapewni Ci, za niewielk\u0105 dodatkow\u0105<\/p>\n","protected":false},"featured_media":0,"comment_status":"closed","ping_status":"open","template":"","meta":{"_acf_changed":false},"product_brand":[],"product_cat":[6166,1088],"product_tag":[],"class_list":{"0":"post-56618","1":"product","2":"type-product","3":"status-publish","5":"product_cat-dji-care-refresh","6":"product_cat-drony","7":"pa_producent-dji","9":"first","10":"outofstock","11":"taxable","12":"shipping-taxable","13":"purchasable","14":"product-type-simple"},"acf":[],"yoast_head":"<!-- This site is optimized with the Yoast SEO plugin v27.2 - https:\/\/yoast.com\/product\/yoast-seo-wordpress\/ -->\n<title>Plan ochrony DJI Care Refresh RS 3 (plan dwuletni) - IRONSKY.PL Sklep z Dronami<\/title>\n<meta name=\"description\" content=\"Plan ochrony DJI Care Refresh RS 3 (plan dwuletni) - \u2705 sklep z dronami i fachowym doradztwem. \u2705 Tutaj kupisz produkty DJI, Yuneec, Parrot, Syma i wiele innych, a tak\u017ce kursy i licencje na operatora drona.\" \/>\n<meta name=\"robots\" content=\"index, follow, max-snippet:-1, max-image-preview:large, max-video-preview:-1\" \/>\n<link rel=\"canonical\" href=\"https:\/\/ironsky.pl\/sklep\/produkt\/plan-ochrony-dji-care-refresh-rs-3-plan-dwuletni\/\" \/>\n<meta property=\"og:locale\" content=\"pl_PL\" \/>\n<meta property=\"og:type\" content=\"article\" \/>\n<meta property=\"og:title\" content=\"Plan ochrony DJI Care Refresh RS 3 (plan dwuletni) - IRONSKY.PL Sklep z Dronami\" \/>\n<meta property=\"og:description\" content=\"Plan ochrony DJI Care Refresh RS 3 (plan dwuletni) - \u2705 sklep z dronami i fachowym doradztwem. \u2705 Tutaj kupisz produkty DJI, Yuneec, Parrot, Syma i wiele innych, a tak\u017ce kursy i licencje na operatora drona.\" \/>\n<meta property=\"og:url\" content=\"https:\/\/ironsky.pl\/sklep\/produkt\/plan-ochrony-dji-care-refresh-rs-3-plan-dwuletni\/\" \/>\n<meta property=\"og:site_name\" content=\"IRONSKY.PL Sklep z Dronami\" \/>\n<meta property=\"article:modified_time\" content=\"2026-04-15T08:16:51+00:00\" \/>\n<meta property=\"og:image\" content=\"https:\/\/b2b.innpro.pl\/data\/include\/cms\/12DJI\/DJI-Care-Refresh-DJI-RS-3\/7.jpg?v=1692011955163\" \/>\n<meta name=\"twitter:card\" content=\"summary_large_image\" \/>\n<meta name=\"twitter:label1\" content=\"Szacowany czas czytania\" \/>\n\t<meta name=\"twitter:data1\" content=\"3 minuty\" \/>\n<script type=\"application\/ld+json\" class=\"yoast-schema-graph\">{\"@context\":\"https:\/\/schema.org\",\"@graph\":[{\"@type\":\"WebPage\",\"@id\":\"https:\/\/ironsky.pl\/sklep\/produkt\/plan-ochrony-dji-care-refresh-rs-3-plan-dwuletni\/\",\"url\":\"https:\/\/ironsky.pl\/sklep\/produkt\/plan-ochrony-dji-care-refresh-rs-3-plan-dwuletni\/\",\"name\":\"Plan ochrony DJI Care Refresh RS 3 (plan dwuletni) - IRONSKY.PL Sklep z Dronami\",\"isPartOf\":{\"@id\":\"https:\/\/ironsky.pl\/sklep\/#website\"},\"primaryImageOfPage\":{\"@id\":\"https:\/\/ironsky.pl\/sklep\/produkt\/plan-ochrony-dji-care-refresh-rs-3-plan-dwuletni\/#primaryimage\"},\"image\":{\"@id\":\"https:\/\/ironsky.pl\/sklep\/produkt\/plan-ochrony-dji-care-refresh-rs-3-plan-dwuletni\/#primaryimage\"},\"thumbnailUrl\":\"https:\/\/b2b.innpro.pl\/data\/include\/cms\/12DJI\/DJI-Care-Refresh-DJI-RS-3\/7.jpg?v=1692011955163\",\"datePublished\":\"2026-04-15T08:16:11+00:00\",\"dateModified\":\"2026-04-15T08:16:51+00:00\",\"description\":\"Plan ochrony DJI Care Refresh RS 3 (plan dwuletni) - \u2705 sklep z dronami i fachowym doradztwem. \u2705 Tutaj kupisz produkty DJI, Yuneec, Parrot, Syma i wiele innych, a tak\u017ce kursy i licencje na operatora drona.\",\"breadcrumb\":{\"@id\":\"https:\/\/ironsky.pl\/sklep\/produkt\/plan-ochrony-dji-care-refresh-rs-3-plan-dwuletni\/#breadcrumb\"},\"inLanguage\":\"pl-PL\",\"potentialAction\":[{\"@type\":\"ReadAction\",\"target\":[\"https:\/\/ironsky.pl\/sklep\/produkt\/plan-ochrony-dji-care-refresh-rs-3-plan-dwuletni\/\"]}]},{\"@type\":\"ImageObject\",\"inLanguage\":\"pl-PL\",\"@id\":\"https:\/\/ironsky.pl\/sklep\/produkt\/plan-ochrony-dji-care-refresh-rs-3-plan-dwuletni\/#primaryimage\",\"url\":\"https:\/\/b2b.innpro.pl\/data\/include\/cms\/12DJI\/DJI-Care-Refresh-DJI-RS-3\/7.jpg?v=1692011955163\",\"contentUrl\":\"https:\/\/b2b.innpro.pl\/data\/include\/cms\/12DJI\/DJI-Care-Refresh-DJI-RS-3\/7.jpg?v=1692011955163\"},{\"@type\":\"BreadcrumbList\",\"@id\":\"https:\/\/ironsky.pl\/sklep\/produkt\/plan-ochrony-dji-care-refresh-rs-3-plan-dwuletni\/#breadcrumb\",\"itemListElement\":[{\"@type\":\"ListItem\",\"position\":1,\"name\":\"Strona g\u0142\u00f3wna\",\"item\":\"https:\/\/ironsky.pl\/sklep\/\"},{\"@type\":\"ListItem\",\"position\":2,\"name\":\"Wszystkie produkty\",\"item\":\"https:\/\/ironsky.pl\/sklep\/produkty\/\"},{\"@type\":\"ListItem\",\"position\":3,\"name\":\"Plan ochrony DJI Care Refresh RS 3 (plan dwuletni)\"}]},{\"@type\":\"WebSite\",\"@id\":\"https:\/\/ironsky.pl\/sklep\/#website\",\"url\":\"https:\/\/ironsky.pl\/sklep\/\",\"name\":\"IRONSKY.PL Sklep z Dronami\",\"description\":\"IRONSKY.PL Sklep z Dronami\",\"potentialAction\":[{\"@type\":\"SearchAction\",\"target\":{\"@type\":\"EntryPoint\",\"urlTemplate\":\"https:\/\/ironsky.pl\/sklep\/?s={search_term_string}\"},\"query-input\":{\"@type\":\"PropertyValueSpecification\",\"valueRequired\":true,\"valueName\":\"search_term_string\"}}],\"inLanguage\":\"pl-PL\"}]}<\/script>\n<!-- \/ Yoast SEO plugin. -->","yoast_head_json":{"title":"Plan ochrony DJI Care Refresh RS 3 (plan dwuletni) - IRONSKY.PL Sklep z Dronami","description":"Plan ochrony DJI Care Refresh RS 3 (plan dwuletni) - \u2705 sklep z dronami i fachowym doradztwem. \u2705 Tutaj kupisz produkty DJI, Yuneec, Parrot, Syma i wiele innych, a tak\u017ce kursy i licencje na operatora drona.","robots":{"index":"index","follow":"follow","max-snippet":"max-snippet:-1","max-image-preview":"max-image-preview:large","max-video-preview":"max-video-preview:-1"},"canonical":"https:\/\/ironsky.pl\/sklep\/produkt\/plan-ochrony-dji-care-refresh-rs-3-plan-dwuletni\/","og_locale":"pl_PL","og_type":"article","og_title":"Plan ochrony DJI Care Refresh RS 3 (plan dwuletni) - IRONSKY.PL Sklep z Dronami","og_description":"Plan ochrony DJI Care Refresh RS 3 (plan dwuletni) - \u2705 sklep z dronami i fachowym doradztwem. \u2705 Tutaj kupisz produkty DJI, Yuneec, Parrot, Syma i wiele innych, a tak\u017ce kursy i licencje na operatora drona.","og_url":"https:\/\/ironsky.pl\/sklep\/produkt\/plan-ochrony-dji-care-refresh-rs-3-plan-dwuletni\/","og_site_name":"IRONSKY.PL Sklep z Dronami","article_modified_time":"2026-04-15T08:16:51+00:00","og_image":[{"url":"https:\/\/b2b.innpro.pl\/data\/include\/cms\/12DJI\/DJI-Care-Refresh-DJI-RS-3\/7.jpg?v=1692011955163","type":"","width":"","height":""}],"twitter_card":"summary_large_image","twitter_misc":{"Szacowany czas czytania":"3 minuty"},"schema":{"@context":"https:\/\/schema.org","@graph":[{"@type":"WebPage","@id":"https:\/\/ironsky.pl\/sklep\/produkt\/plan-ochrony-dji-care-refresh-rs-3-plan-dwuletni\/","url":"https:\/\/ironsky.pl\/sklep\/produkt\/plan-ochrony-dji-care-refresh-rs-3-plan-dwuletni\/","name":"Plan ochrony DJI Care Refresh RS 3 (plan dwuletni) - IRONSKY.PL Sklep z Dronami","isPartOf":{"@id":"https:\/\/ironsky.pl\/sklep\/#website"},"primaryImageOfPage":{"@id":"https:\/\/ironsky.pl\/sklep\/produkt\/plan-ochrony-dji-care-refresh-rs-3-plan-dwuletni\/#primaryimage"},"image":{"@id":"https:\/\/ironsky.pl\/sklep\/produkt\/plan-ochrony-dji-care-refresh-rs-3-plan-dwuletni\/#primaryimage"},"thumbnailUrl":"https:\/\/b2b.innpro.pl\/data\/include\/cms\/12DJI\/DJI-Care-Refresh-DJI-RS-3\/7.jpg?v=1692011955163","datePublished":"2026-04-15T08:16:11+00:00","dateModified":"2026-04-15T08:16:51+00:00","description":"Plan ochrony DJI Care Refresh RS 3 (plan dwuletni) - \u2705 sklep z dronami i fachowym doradztwem. \u2705 Tutaj kupisz produkty DJI, Yuneec, Parrot, Syma i wiele innych, a tak\u017ce kursy i licencje na operatora drona.","breadcrumb":{"@id":"https:\/\/ironsky.pl\/sklep\/produkt\/plan-ochrony-dji-care-refresh-rs-3-plan-dwuletni\/#breadcrumb"},"inLanguage":"pl-PL","potentialAction":[{"@type":"ReadAction","target":["https:\/\/ironsky.pl\/sklep\/produkt\/plan-ochrony-dji-care-refresh-rs-3-plan-dwuletni\/"]}]},{"@type":"ImageObject","inLanguage":"pl-PL","@id":"https:\/\/ironsky.pl\/sklep\/produkt\/plan-ochrony-dji-care-refresh-rs-3-plan-dwuletni\/#primaryimage","url":"https:\/\/b2b.innpro.pl\/data\/include\/cms\/12DJI\/DJI-Care-Refresh-DJI-RS-3\/7.jpg?v=1692011955163","contentUrl":"https:\/\/b2b.innpro.pl\/data\/include\/cms\/12DJI\/DJI-Care-Refresh-DJI-RS-3\/7.jpg?v=1692011955163"},{"@type":"BreadcrumbList","@id":"https:\/\/ironsky.pl\/sklep\/produkt\/plan-ochrony-dji-care-refresh-rs-3-plan-dwuletni\/#breadcrumb","itemListElement":[{"@type":"ListItem","position":1,"name":"Strona g\u0142\u00f3wna","item":"https:\/\/ironsky.pl\/sklep\/"},{"@type":"ListItem","position":2,"name":"Wszystkie produkty","item":"https:\/\/ironsky.pl\/sklep\/produkty\/"},{"@type":"ListItem","position":3,"name":"Plan ochrony DJI Care Refresh RS 3 (plan dwuletni)"}]},{"@type":"WebSite","@id":"https:\/\/ironsky.pl\/sklep\/#website","url":"https:\/\/ironsky.pl\/sklep\/","name":"IRONSKY.PL Sklep z Dronami","description":"IRONSKY.PL Sklep z Dronami","potentialAction":[{"@type":"SearchAction","target":{"@type":"EntryPoint","urlTemplate":"https:\/\/ironsky.pl\/sklep\/?s={search_term_string}"},"query-input":{"@type":"PropertyValueSpecification","valueRequired":true,"valueName":"search_term_string"}}],"inLanguage":"pl-PL"}]}},"_links":{"self":[{"href":"https:\/\/ironsky.pl\/sklep\/wp-json\/wp\/v2\/product\/56618","targetHints":{"allow":["GET"]}}],"collection":[{"href":"https:\/\/ironsky.pl\/sklep\/wp-json\/wp\/v2\/product"}],"about":[{"href":"https:\/\/ironsky.pl\/sklep\/wp-json\/wp\/v2\/types\/product"}],"replies":[{"embeddable":true,"href":"https:\/\/ironsky.pl\/sklep\/wp-json\/wp\/v2\/comments?post=56618"}],"wp:attachment":[{"href":"https:\/\/ironsky.pl\/sklep\/wp-json\/wp\/v2\/media?parent=56618"}],"wp:term":[{"taxonomy":"product_brand","embeddable":true,"href":"https:\/\/ironsky.pl\/sklep\/wp-json\/wp\/v2\/product_brand?post=56618"},{"taxonomy":"product_cat","embeddable":true,"href":"https:\/\/ironsky.pl\/sklep\/wp-json\/wp\/v2\/product_cat?post=56618"},{"taxonomy":"product_tag","embeddable":true,"href":"https:\/\/ironsky.pl\/sklep\/wp-json\/wp\/v2\/product_tag?post=56618"}],"curies":[{"name":"wp","href":"https:\/\/api.w.org\/{rel}","templated":true}]}}