{"id":56592,"date":"2026-04-15T10:16:11","date_gmt":"2026-04-15T08:16:11","guid":{"rendered":"https:\/\/ironsky.pl\/sklep\/produkt\/powerbank-baseus-qpow-pro-20000mah-20w-z-kablem-lightning-czarny\/"},"modified":"2026-04-15T10:50:23","modified_gmt":"2026-04-15T08:50:23","slug":"powerbank-baseus-qpow-pro-20000mah-20w-z-kablem-lightning-czarny","status":"publish","type":"product","link":"https:\/\/ironsky.pl\/sklep\/produkt\/powerbank-baseus-qpow-pro-20000mah-20w-z-kablem-lightning-czarny\/","title":{"rendered":"Powerbank BASEUS Qpow Pro 20000mAh 20W z kablem Lightning (czarny)"},"content":{"rendered":"<h3>Powerbank Baseus Qpow PRO z kablem Lightning, portami USB-C i USB, 20000mAh, 20W (czarny)<\/h3>\n<p>Postaw na pojemny powerbank marki Baseus i \u0142aduj swoje urz\u0105dzenia szybko i bezpiecznie. Baseus Qpow Pro ma wbudowany kabel Lightning i oferuje 2 porty: USB-C oraz USB. Obs\u0142uguje te\u017c wiele protoko\u0142\u00f3w szybkiego \u0142adowania. Pozwala odnawia\u0107 energi\u0119 3 urz\u0105dze\u0144 jednocze\u015bnie. Jego moc wyj\u015bciowa si\u0119ga 20 W, a pojemno\u015b\u0107 wynosi 20 000 mAh. Dzi\u0119ki temu, \u017ce jest por\u0119czny i lekki,\u00a0jego transport nie stanowi problemu. Produkt wyr\u00f3\u017cnia si\u0119 te\u017c szerok\u0105 kompatybilno\u015bci\u0105 i wielopoziomow\u0105 ochron\u0105.<\/p>\n<p><img decoding=\"async\" src=\"https:\/\/b2b.innpro.pl\/data\/include\/cms\/-Baseus\/PPQD060201\/7.jpg\" border=\"0\" \/><\/p>\n<h3>Szybkie \u0142adowanie<\/h3>\n<p>Powerbank Baseus Qpow Pro z wbudowanym kablem Lightning posiada porty USB-C i USB, dzi\u0119ki czemu\u00a0umo\u017cliwia \u0142adowanie nawet 3 urz\u0105dze\u0144 jednocze\u015bnie. Obs\u0142uguje te\u017c protoko\u0142y szybkiego \u0142adowania SCP, FCP, QC i PD, a w zaledwie 30 minut na\u0142aduje Apple 13 do poziomu 50 %.<\/p>\n<p><img decoding=\"async\" src=\"https:\/\/b2b.innpro.pl\/data\/include\/cms\/-Baseus\/PPQD060201\/5.jpg\" border=\"0\" \/><\/p>\n<h3>Imponuj\u0105ca pojemno\u015b\u0107<\/h3>\n<p>Qpow Pro wyr\u00f3\u017cnia si\u0119 pojemno\u015bci\u0105 na poziomie 20 000 mAh i jest w stanie \u0142adowa\u0107 wybrane urz\u0105dzenia nawet kilka razy. Mo\u017cesz wi\u0119c odnowi\u0107 energi\u0119 Apple 13 ok. 4 razy, Apple 12 Pro ok. 4.3 raza, a Mi10 Pro oko\u0142o 3 razy. Zapomnij o d\u0142ugim czekaniu, a\u017c Twoje urz\u0105dzenia b\u0119d\u0105 gotowe do pracy!<\/p>\n<p><img decoding=\"async\" src=\"https:\/\/b2b.innpro.pl\/data\/include\/cms\/-Baseus\/PPQD060201\/3.jpg\" border=\"0\" \/><\/p>\n<h3>Wysoki poziom ochrony<\/h3>\n<p>Powerbank posiada szereg zabezpiecze\u0144, kt\u00f3re gwarantuj\u0105 bezpiecze\u0144stwo \u0142adowanych urz\u0105dze\u0144. Baseus Qpow Pro zabezpiecza m.in. przed pr\u0105dem przet\u0119\u017ceniowym, przepi\u0119ciami, prze\u0142adowaniem, dzia\u0142aniem wysokiej temperatury czy polem elektromagnetycznym. Na uwag\u0119 zas\u0142uguj\u0105 tak\u017ce wysokiej jako\u015bci materia\u0142y i solidna obudowa.<\/p>\n<p><img decoding=\"async\" src=\"https:\/\/b2b.innpro.pl\/data\/include\/cms\/-Baseus\/PPQD060201\/4.jpg\" border=\"0\" \/><\/p>\n<h3>Kompaktowy i por\u0119czny<\/h3>\n<p>Przemy\u015blana konstrukcja powerbanku przek\u0142ada si\u0119 na wysoki komfort u\u017cytkowania. Czytelny wy\u015bwietlacz dostarcza informacji o stanie akumulatora, a dzi\u0119ki niskiej wadze produkt nie sprawia problemu podczas transportu. Praktyczny zaczep pozwala schowa\u0107 ko\u0144c\u00f3wk\u0119 wbudowanego kabla, dzi\u0119ki czemu nie musisz obawia\u0107 si\u0119 jego uszkodzenia.<\/p>\n<p><img decoding=\"async\" src=\"https:\/\/b2b.innpro.pl\/data\/include\/cms\/-Baseus\/PPQD060201\/1.jpg\" border=\"0\" \/><\/p>\n<div class=\"table-wrapper\">\n<table>\n<tbody>\n<tr>\n<th>Producent<\/th>\n<td>Baseus<\/td>\n<\/tr>\n<tr>\n<th>Model<\/th>\n<td>PPQD060201<\/td>\n<\/tr>\n<tr>\n<th>Akumulator<\/th>\n<td>Litowo-polimerowy<\/td>\n<\/tr>\n<tr>\n<th>Materia\u0142<\/th>\n<td>ABS + PC<\/td>\n<\/tr>\n<tr>\n<th>Pojemno\u015b\u0107<\/th>\n<td>20 000 mAh \/ 3.8 V (76 Wh)<\/td>\n<\/tr>\n<tr>\n<th>Pojemno\u015b\u0107 znamionowa<\/th>\n<td>12 000 mAh (5 V \/ 2.4 A)<\/td>\n<\/tr>\n<tr>\n<th>Wsp\u00f3\u0142czynnik konwersji energii<\/th>\n<td>\u226575%<\/td>\n<\/tr>\n<tr>\n<th>Wej\u015bcie Lightning<\/th>\n<td>5 V \/ 2 A<\/td>\n<\/tr>\n<tr>\n<th>Wej\u015bcie USB-C<\/th>\n<td>5 V \/ 3 A, 9 V \/ 2 A, 12 V \/ 1.5 A<\/td>\n<\/tr>\n<tr>\n<th>Wyj\u015bcie USB-C<\/th>\n<td>5 V \/ 2.4 A, 9 V \/ 2.22 A, 12 V \/ 1.5 A<\/td>\n<\/tr>\n<tr>\n<th>Wyj\u015bcie USB<\/th>\n<td>4.5 V \/ 5 A (SCP), 5 V \/ 4.5 A (SCP), 5 V \/ 2.4 A, 9 V \/ 2 A, 12 V \/ 1.5 A<\/td>\n<\/tr>\n<tr>\n<th>Ca\u0142kowity pr\u0105d wyj\u015bciowy<\/th>\n<td>5 V \/ 2.4 A<\/td>\n<\/tr>\n<tr>\n<th>Wymiary<\/th>\n<td>123 x 74.6 x 32.8 mm<\/td>\n<\/tr>\n<tr>\n<th>Waga<\/th>\n<td>Ok. 360 g<\/td>\n<\/tr>\n<tr>\n<th>D\u0142ugo\u015b\u0107 kabla<\/th>\n<td>Ok. 19 cm<\/td>\n<\/tr>\n<tr>\n<th>Materia\u0142 kabla<\/th>\n<td>TPE<\/td>\n<\/tr>\n<tr>\n<th>Kolor<\/th>\n<td>Czarny<\/td>\n<\/tr>\n<\/tbody>\n<\/table>\n<\/div>\n","protected":false},"excerpt":{"rendered":"<p>Powerbank Baseus Qpow PRO z kablem Lightning, portami USB-C i USB, 20000mAh, 20W (czarny) Postaw na pojemny powerbank marki Baseus<\/p>\n","protected":false},"featured_media":38815,"comment_status":"closed","ping_status":"open","template":"","meta":{"_acf_changed":false},"product_brand":[],"product_cat":[1108,1113],"product_tag":[],"class_list":{"0":"post-56592","1":"product","2":"type-product","3":"status-publish","4":"has-post-thumbnail","6":"product_cat-energia","7":"product_cat-powerbanki","8":"pa_okres-gwarancji-5754","9":"pa_producent-baseus","11":"first","12":"outofstock","13":"taxable","14":"shipping-taxable","15":"purchasable","16":"product-type-simple"},"acf":[],"yoast_head":"<!-- This site is optimized with the Yoast SEO plugin v27.2 - https:\/\/yoast.com\/product\/yoast-seo-wordpress\/ -->\n<title>Powerbank BASEUS Qpow Pro 20000mAh 20W z kablem Lightning (czarny) - IRONSKY.PL Sklep z Dronami<\/title>\n<meta name=\"description\" content=\"Powerbank BASEUS Qpow Pro 20000mAh 20W z kablem Lightning (czarny) - \u2705 sklep z dronami i fachowym doradztwem. \u2705 Tutaj kupisz produkty DJI, Yuneec, Parrot, Syma i wiele innych, a tak\u017ce kursy i licencje na operatora drona.\" \/>\n<meta name=\"robots\" content=\"index, follow, max-snippet:-1, max-image-preview:large, max-video-preview:-1\" \/>\n<link rel=\"canonical\" href=\"https:\/\/ironsky.pl\/sklep\/produkt\/powerbank-baseus-qpow-pro-20000mah-20w-z-kablem-lightning-czarny\/\" \/>\n<meta property=\"og:locale\" content=\"pl_PL\" \/>\n<meta property=\"og:type\" content=\"article\" \/>\n<meta property=\"og:title\" content=\"Powerbank BASEUS Qpow Pro 20000mAh 20W z kablem Lightning (czarny) - IRONSKY.PL Sklep z Dronami\" \/>\n<meta property=\"og:description\" content=\"Powerbank BASEUS Qpow Pro 20000mAh 20W z kablem Lightning (czarny) - \u2705 sklep z dronami i fachowym doradztwem. \u2705 Tutaj kupisz produkty DJI, Yuneec, Parrot, Syma i wiele innych, a tak\u017ce kursy i licencje na operatora drona.\" \/>\n<meta property=\"og:url\" content=\"https:\/\/ironsky.pl\/sklep\/produkt\/powerbank-baseus-qpow-pro-20000mah-20w-z-kablem-lightning-czarny\/\" \/>\n<meta property=\"og:site_name\" content=\"IRONSKY.PL Sklep z Dronami\" \/>\n<meta property=\"article:modified_time\" content=\"2026-04-15T08:50:23+00:00\" \/>\n<meta property=\"og:image\" content=\"https:\/\/ironsky.pl\/sklep\/wp-content\/uploads\/2025\/03\/27297_1.webp\" \/>\n\t<meta property=\"og:image:width\" content=\"800\" \/>\n\t<meta property=\"og:image:height\" content=\"800\" \/>\n\t<meta property=\"og:image:type\" content=\"image\/webp\" \/>\n<meta name=\"twitter:card\" content=\"summary_large_image\" \/>\n<meta name=\"twitter:label1\" content=\"Szacowany czas czytania\" \/>\n\t<meta name=\"twitter:data1\" content=\"2 minuty\" \/>\n<script type=\"application\/ld+json\" class=\"yoast-schema-graph\">{\"@context\":\"https:\/\/schema.org\",\"@graph\":[{\"@type\":\"WebPage\",\"@id\":\"https:\/\/ironsky.pl\/sklep\/produkt\/powerbank-baseus-qpow-pro-20000mah-20w-z-kablem-lightning-czarny\/\",\"url\":\"https:\/\/ironsky.pl\/sklep\/produkt\/powerbank-baseus-qpow-pro-20000mah-20w-z-kablem-lightning-czarny\/\",\"name\":\"Powerbank BASEUS Qpow Pro 20000mAh 20W z kablem Lightning (czarny) - IRONSKY.PL Sklep z Dronami\",\"isPartOf\":{\"@id\":\"https:\/\/ironsky.pl\/sklep\/#website\"},\"primaryImageOfPage\":{\"@id\":\"https:\/\/ironsky.pl\/sklep\/produkt\/powerbank-baseus-qpow-pro-20000mah-20w-z-kablem-lightning-czarny\/#primaryimage\"},\"image\":{\"@id\":\"https:\/\/ironsky.pl\/sklep\/produkt\/powerbank-baseus-qpow-pro-20000mah-20w-z-kablem-lightning-czarny\/#primaryimage\"},\"thumbnailUrl\":\"https:\/\/ironsky.pl\/sklep\/wp-content\/uploads\/2025\/03\/27297_1.webp\",\"datePublished\":\"2026-04-15T08:16:11+00:00\",\"dateModified\":\"2026-04-15T08:50:23+00:00\",\"description\":\"Powerbank BASEUS Qpow Pro 20000mAh 20W z kablem Lightning (czarny) - \u2705 sklep z dronami i fachowym doradztwem. \u2705 Tutaj kupisz produkty DJI, Yuneec, Parrot, Syma i wiele innych, a tak\u017ce kursy i licencje na operatora drona.\",\"breadcrumb\":{\"@id\":\"https:\/\/ironsky.pl\/sklep\/produkt\/powerbank-baseus-qpow-pro-20000mah-20w-z-kablem-lightning-czarny\/#breadcrumb\"},\"inLanguage\":\"pl-PL\",\"potentialAction\":[{\"@type\":\"ReadAction\",\"target\":[\"https:\/\/ironsky.pl\/sklep\/produkt\/powerbank-baseus-qpow-pro-20000mah-20w-z-kablem-lightning-czarny\/\"]}]},{\"@type\":\"ImageObject\",\"inLanguage\":\"pl-PL\",\"@id\":\"https:\/\/ironsky.pl\/sklep\/produkt\/powerbank-baseus-qpow-pro-20000mah-20w-z-kablem-lightning-czarny\/#primaryimage\",\"url\":\"https:\/\/ironsky.pl\/sklep\/wp-content\/uploads\/2025\/03\/27297_1.webp\",\"contentUrl\":\"https:\/\/ironsky.pl\/sklep\/wp-content\/uploads\/2025\/03\/27297_1.webp\",\"width\":800,\"height\":800},{\"@type\":\"BreadcrumbList\",\"@id\":\"https:\/\/ironsky.pl\/sklep\/produkt\/powerbank-baseus-qpow-pro-20000mah-20w-z-kablem-lightning-czarny\/#breadcrumb\",\"itemListElement\":[{\"@type\":\"ListItem\",\"position\":1,\"name\":\"Strona g\u0142\u00f3wna\",\"item\":\"https:\/\/ironsky.pl\/sklep\/\"},{\"@type\":\"ListItem\",\"position\":2,\"name\":\"Wszystkie produkty\",\"item\":\"https:\/\/ironsky.pl\/sklep\/produkty\/\"},{\"@type\":\"ListItem\",\"position\":3,\"name\":\"Powerbank BASEUS Qpow Pro 20000mAh 20W z kablem Lightning (czarny)\"}]},{\"@type\":\"WebSite\",\"@id\":\"https:\/\/ironsky.pl\/sklep\/#website\",\"url\":\"https:\/\/ironsky.pl\/sklep\/\",\"name\":\"IRONSKY.PL Sklep z Dronami\",\"description\":\"IRONSKY.PL Sklep z Dronami\",\"potentialAction\":[{\"@type\":\"SearchAction\",\"target\":{\"@type\":\"EntryPoint\",\"urlTemplate\":\"https:\/\/ironsky.pl\/sklep\/?s={search_term_string}\"},\"query-input\":{\"@type\":\"PropertyValueSpecification\",\"valueRequired\":true,\"valueName\":\"search_term_string\"}}],\"inLanguage\":\"pl-PL\"}]}<\/script>\n<!-- \/ Yoast SEO plugin. -->","yoast_head_json":{"title":"Powerbank BASEUS Qpow Pro 20000mAh 20W z kablem Lightning (czarny) - IRONSKY.PL Sklep z Dronami","description":"Powerbank BASEUS Qpow Pro 20000mAh 20W z kablem Lightning (czarny) - \u2705 sklep z dronami i fachowym doradztwem. \u2705 Tutaj kupisz produkty DJI, Yuneec, Parrot, Syma i wiele innych, a tak\u017ce kursy i licencje na operatora drona.","robots":{"index":"index","follow":"follow","max-snippet":"max-snippet:-1","max-image-preview":"max-image-preview:large","max-video-preview":"max-video-preview:-1"},"canonical":"https:\/\/ironsky.pl\/sklep\/produkt\/powerbank-baseus-qpow-pro-20000mah-20w-z-kablem-lightning-czarny\/","og_locale":"pl_PL","og_type":"article","og_title":"Powerbank BASEUS Qpow Pro 20000mAh 20W z kablem Lightning (czarny) - IRONSKY.PL Sklep z Dronami","og_description":"Powerbank BASEUS Qpow Pro 20000mAh 20W z kablem Lightning (czarny) - \u2705 sklep z dronami i fachowym doradztwem. \u2705 Tutaj kupisz produkty DJI, Yuneec, Parrot, Syma i wiele innych, a tak\u017ce kursy i licencje na operatora drona.","og_url":"https:\/\/ironsky.pl\/sklep\/produkt\/powerbank-baseus-qpow-pro-20000mah-20w-z-kablem-lightning-czarny\/","og_site_name":"IRONSKY.PL Sklep z Dronami","article_modified_time":"2026-04-15T08:50:23+00:00","og_image":[{"width":800,"height":800,"url":"https:\/\/ironsky.pl\/sklep\/wp-content\/uploads\/2025\/03\/27297_1.webp","type":"image\/webp"}],"twitter_card":"summary_large_image","twitter_misc":{"Szacowany czas czytania":"2 minuty"},"schema":{"@context":"https:\/\/schema.org","@graph":[{"@type":"WebPage","@id":"https:\/\/ironsky.pl\/sklep\/produkt\/powerbank-baseus-qpow-pro-20000mah-20w-z-kablem-lightning-czarny\/","url":"https:\/\/ironsky.pl\/sklep\/produkt\/powerbank-baseus-qpow-pro-20000mah-20w-z-kablem-lightning-czarny\/","name":"Powerbank BASEUS Qpow Pro 20000mAh 20W z kablem Lightning (czarny) - IRONSKY.PL Sklep z Dronami","isPartOf":{"@id":"https:\/\/ironsky.pl\/sklep\/#website"},"primaryImageOfPage":{"@id":"https:\/\/ironsky.pl\/sklep\/produkt\/powerbank-baseus-qpow-pro-20000mah-20w-z-kablem-lightning-czarny\/#primaryimage"},"image":{"@id":"https:\/\/ironsky.pl\/sklep\/produkt\/powerbank-baseus-qpow-pro-20000mah-20w-z-kablem-lightning-czarny\/#primaryimage"},"thumbnailUrl":"https:\/\/ironsky.pl\/sklep\/wp-content\/uploads\/2025\/03\/27297_1.webp","datePublished":"2026-04-15T08:16:11+00:00","dateModified":"2026-04-15T08:50:23+00:00","description":"Powerbank BASEUS Qpow Pro 20000mAh 20W z kablem Lightning (czarny) - \u2705 sklep z dronami i fachowym doradztwem. \u2705 Tutaj kupisz produkty DJI, Yuneec, Parrot, Syma i wiele innych, a tak\u017ce kursy i licencje na operatora drona.","breadcrumb":{"@id":"https:\/\/ironsky.pl\/sklep\/produkt\/powerbank-baseus-qpow-pro-20000mah-20w-z-kablem-lightning-czarny\/#breadcrumb"},"inLanguage":"pl-PL","potentialAction":[{"@type":"ReadAction","target":["https:\/\/ironsky.pl\/sklep\/produkt\/powerbank-baseus-qpow-pro-20000mah-20w-z-kablem-lightning-czarny\/"]}]},{"@type":"ImageObject","inLanguage":"pl-PL","@id":"https:\/\/ironsky.pl\/sklep\/produkt\/powerbank-baseus-qpow-pro-20000mah-20w-z-kablem-lightning-czarny\/#primaryimage","url":"https:\/\/ironsky.pl\/sklep\/wp-content\/uploads\/2025\/03\/27297_1.webp","contentUrl":"https:\/\/ironsky.pl\/sklep\/wp-content\/uploads\/2025\/03\/27297_1.webp","width":800,"height":800},{"@type":"BreadcrumbList","@id":"https:\/\/ironsky.pl\/sklep\/produkt\/powerbank-baseus-qpow-pro-20000mah-20w-z-kablem-lightning-czarny\/#breadcrumb","itemListElement":[{"@type":"ListItem","position":1,"name":"Strona g\u0142\u00f3wna","item":"https:\/\/ironsky.pl\/sklep\/"},{"@type":"ListItem","position":2,"name":"Wszystkie produkty","item":"https:\/\/ironsky.pl\/sklep\/produkty\/"},{"@type":"ListItem","position":3,"name":"Powerbank BASEUS Qpow Pro 20000mAh 20W z kablem Lightning (czarny)"}]},{"@type":"WebSite","@id":"https:\/\/ironsky.pl\/sklep\/#website","url":"https:\/\/ironsky.pl\/sklep\/","name":"IRONSKY.PL Sklep z Dronami","description":"IRONSKY.PL Sklep z Dronami","potentialAction":[{"@type":"SearchAction","target":{"@type":"EntryPoint","urlTemplate":"https:\/\/ironsky.pl\/sklep\/?s={search_term_string}"},"query-input":{"@type":"PropertyValueSpecification","valueRequired":true,"valueName":"search_term_string"}}],"inLanguage":"pl-PL"}]}},"_links":{"self":[{"href":"https:\/\/ironsky.pl\/sklep\/wp-json\/wp\/v2\/product\/56592","targetHints":{"allow":["GET"]}}],"collection":[{"href":"https:\/\/ironsky.pl\/sklep\/wp-json\/wp\/v2\/product"}],"about":[{"href":"https:\/\/ironsky.pl\/sklep\/wp-json\/wp\/v2\/types\/product"}],"replies":[{"embeddable":true,"href":"https:\/\/ironsky.pl\/sklep\/wp-json\/wp\/v2\/comments?post=56592"}],"wp:featuredmedia":[{"embeddable":true,"href":"https:\/\/ironsky.pl\/sklep\/wp-json\/wp\/v2\/media\/38815"}],"wp:attachment":[{"href":"https:\/\/ironsky.pl\/sklep\/wp-json\/wp\/v2\/media?parent=56592"}],"wp:term":[{"taxonomy":"product_brand","embeddable":true,"href":"https:\/\/ironsky.pl\/sklep\/wp-json\/wp\/v2\/product_brand?post=56592"},{"taxonomy":"product_cat","embeddable":true,"href":"https:\/\/ironsky.pl\/sklep\/wp-json\/wp\/v2\/product_cat?post=56592"},{"taxonomy":"product_tag","embeddable":true,"href":"https:\/\/ironsky.pl\/sklep\/wp-json\/wp\/v2\/product_tag?post=56592"}],"curies":[{"name":"wp","href":"https:\/\/api.w.org\/{rel}","templated":true}]}}