{"id":56572,"date":"2026-04-15T10:16:11","date_gmt":"2026-04-15T08:16:11","guid":{"rendered":"https:\/\/ironsky.pl\/sklep\/produkt\/powerbank-baseus-bipow-10000mah-20w-2xusb-usb-c-bialy\/"},"modified":"2026-04-15T10:50:22","modified_gmt":"2026-04-15T08:50:22","slug":"powerbank-baseus-bipow-10000mah-20w-2xusb-usb-c-bialy","status":"publish","type":"product","link":"https:\/\/ironsky.pl\/sklep\/produkt\/powerbank-baseus-bipow-10000mah-20w-2xusb-usb-c-bialy\/","title":{"rendered":"Powerbank BASEUS Bipow 10000mAh 20W 2xUSB USB-C (bia\u0142y)"},"content":{"rendered":"<h3>Powerbank Baseus Bipow<\/h3>\n<p>Zale\u017cy Ci na mo\u017cliwo\u015bci szybkiego \u0142adowania swoich sprz\u0119t\u00f3w niemal w ka\u017cdym miejscu na \u015bwiecie? Wypr\u00f3buj powerbank Baseus Bipow o pojemno\u015bci 10 000 mAh! Mo\u017cesz pod\u0142\u0105czy\u0107 do niego kilka urz\u0105dze\u0144 jednocze\u015bnie i nie obawia\u0107 si\u0119 o ich bezpiecze\u0144stwo &#8211; z\u0142o\u017cony system ochrony skutecznie zapobiega ich uszkodzeniu. Wbudowany ekran LED u\u0142atwia obs\u0142ug\u0119 produktu, a kompaktowy rozmiar, lekka waga i zgodno\u015b\u0107 z mi\u0119dzynarodowymi standardami transportu lotniczego pozwalaj\u0105 zabra\u0107 go ze sob\u0105 niemal wsz\u0119dzie.<\/p>\n<p><img decoding=\"async\" src=\"https:\/\/b2b.innpro.pl\/data\/include\/cms\/-Baseus\/PPBD050502\/5.jpg\"><\/p>\n<h3>Szybkie \u0142adowanie Twoich sprz\u0119t\u00f3w<\/h3>\n<p>Powerbank obs\u0142uguje kilka protoko\u0142\u00f3w szybkiego \u0142adowania. Jest kompatybilny mi\u0119dzy innymi z FCP, QC i AFC. Doskonale nadaje si\u0119 zatem do zasilania smartfon\u00f3w Huawei, Xiaomi czy Samsung. Umo\u017cliwia te\u017c na przyk\u0142ad szybkie \u0142adowanie iPhone\u2019a 12 z moc\u0105 20 W &#8211; przywr\u00f3cenie mu 50% energii zajmie tylko oko\u0142o 30 minut! Twoje urz\u0105dzenia mog\u0105 wi\u0119c b\u0142yskawicznie by\u0107 zn\u00f3w gotowe do pracy. A co z samym powerbankiem? Aby na\u0142adowa\u0107 go ca\u0142kowicie z moc\u0105 18 W, wystarczy 6-7 godzin.<\/p>\n<p><img decoding=\"async\" src=\"https:\/\/b2b.innpro.pl\/data\/include\/cms\/-Baseus\/PPBD050502\/1.jpg\"><\/p>\n<h3>Pod\u0142\u0105cz kilka urz\u0105dze\u0144 jednocze\u015bnie<\/h3>\n<p>Urz\u0105dzenie zosta\u0142o wyposa\u017cone w kilka gniazd, dzi\u0119ki kt\u00f3rym w tym samym czasie mo\u017cesz pod\u0142\u0105czy\u0107 do niego wi\u0119cej ni\u017c jedno urz\u0105dzenie. Produkt oferuje 2 porty USB-A oraz port USB-C. Co to oznacza w praktyce? Za pomoc\u0105 powerbanku mo\u017cesz na przyk\u0142ad zasila\u0107 sw\u00f3j tablet i 2 smartfony jednocze\u015bnie &#8211; ju\u017c nie musisz czeka\u0107, a\u017c pierwsze urz\u0105dzenie zostanie na\u0142adowane, zanim pod\u0142\u0105czysz kolejne!<\/p>\n<p><img decoding=\"async\" src=\"https:\/\/b2b.innpro.pl\/data\/include\/cms\/-Baseus\/PPBD050502\/2.jpg\"><\/p>\n<h3>Nie obawiaj si\u0119 o bezpiecze\u0144stwo<\/h3>\n<p>Wysokiej klasy akumulator polimerowo-jonowy gwarantuje nie tylko szybkie, ale te\u017c bezpieczne \u0142adowanie. Baseus oferuje ochron\u0119 mi\u0119dzy innymi przed przepi\u0119ciem, pr\u0105dem przet\u0119\u017ceniowym, prze\u0142adowaniem i zwarciem. Powerbank zosta\u0142 te\u017c wyposa\u017cony w czujniki temperatury NTC, kt\u00f3re zapobiegaj\u0105 przegrzaniu. Produkt inteligentnie wykrywa pod\u0142\u0105czone urz\u0105dzenia i dostosowuje do nich nat\u0119\u017cenie \u0142adowania, chroni\u0105c je przed uszkodzeniem.<\/p>\n<p><img decoding=\"async\" src=\"https:\/\/b2b.innpro.pl\/data\/include\/cms\/-Baseus\/PPBD050502\/4.jpg\"><\/p>\n<h3>Zaprojektowany dla Twojej wygody<\/h3>\n<p>Utrzymanie powerbanku w doskona\u0142ym stanie nie sprawi Ci najmniejszego nawet problemu. Jego obudowa wyr\u00f3\u017cnia si\u0119 przyjemn\u0105 w dotyku tekstur\u0105, kt\u00f3ra jest odporna na pot i odciski palc\u00f3w &#8211; z \u0142atwo\u015bci\u0105 zachowasz j\u0105 w czysto\u015bci. Dzi\u0119ki niej mo\u017cesz wygodnie korzysta\u0107 z urz\u0105dzenia r\u00f3wnie\u017c latem. Produkt zosta\u0142 wyposa\u017cony w czytelny ekran LED, na kt\u00f3rym w czasie rzeczywistym wy\u015bwietlany jest aktualny poziom na\u0142adowania akumulatora.<\/p>\n<p><img decoding=\"async\" src=\"https:\/\/b2b.innpro.pl\/data\/include\/cms\/-Baseus\/PPBD050502\/7.jpg\"><\/p>\n<h3>Wymarzony towarzysz podr\u00f3\u017cy<\/h3>\n<p>Spraw sobie niezawodne \u017ar\u00f3d\u0142o zasilania, kt\u00f3re mo\u017ce Ci towarzyszy\u0107 niemal wsz\u0119dzie. Powerbank Baseus jest lekki i por\u0119czny &#8211; jego transport nie sprawi Ci \u017cadnego problemu. Mo\u017cesz nawet wnie\u015b\u0107 to praktyczne urz\u0105dzenie na pok\u0142ad samolotu &#8211; spe\u0142nia wszystkie niezb\u0119dne wymogi. Baseus daje Ci mo\u017cliwo\u015b\u0107 wygodnego \u0142adowania Twoich sprz\u0119t\u00f3w wsz\u0119dzie, gdzie potrzebujesz.<\/p>\n<p><img decoding=\"async\" src=\"https:\/\/b2b.innpro.pl\/data\/include\/cms\/-Baseus\/PPBD050502\/9.jpg\"><\/p>\n<h3>Wykorzystasz go na mn\u00f3stwo sposob\u00f3w<\/h3>\n<p>Powerbank nie musi s\u0142u\u017cy\u0107 tylko do \u0142adowania telefonu! Urz\u0105dzenie marki Baseus nadaje si\u0119 do wielu r\u00f3\u017cnych zastosowa\u0144. Zale\u017cy Ci na odrobinie och\u0142ody w upalny, letni dzie\u0144? Pod\u0142\u0105cz sw\u00f3j przeno\u015bny wentylator i ciesz si\u0119 przyjemnym powiewem! Nast\u0105pi\u0142a awaria pr\u0105du, Tw\u00f3j laptop zaraz si\u0119 roz\u0142aduje, a Ty musisz sko\u0144czy\u0107 wa\u017cny projekt? Powerbank przychodzi z pomoc\u0105! Jego d\u0142ugi czas pracy i przeno\u015bna konstrukcja z pewno\u015bci\u0105 spe\u0142ni\u0105 Twoje oczekiwania.<\/p>\n<p><img decoding=\"async\" src=\"https:\/\/b2b.innpro.pl\/data\/include\/cms\/-Baseus\/PPBD050502\/3.jpg\"><\/p>\n<div class=\"table-wrapper\">\n<table>\n<tbody>\n<tr>\n<th>Producent<\/th>\n<td>Baseus<\/td>\n<\/tr>\n<tr>\n<th>Nazwa<\/th>\n<td>Bipow Digital Display Powerbank<\/td>\n<\/tr>\n<tr>\n<th>Model<\/th>\n<td>PPBD050502<\/td>\n<\/tr>\n<tr>\n<th>Wymiary<\/th>\n<td>68,8x153x29,5 mm<\/td>\n<\/tr>\n<tr>\n<th>Kolor<\/th>\n<td>Bia\u0142y<\/td>\n<\/tr>\n<tr>\n<th>Rodzaj akumulatora<\/th>\n<td>Polimerowo-litowy<\/td>\n<\/tr>\n<tr>\n<th>Pojemno\u015b\u0107<\/th>\n<td>10 000 mAh<\/td>\n<\/tr>\n<tr>\n<th>Sprawno\u015b\u0107 energetyczna<\/th>\n<td>\u226575%<\/td>\n<\/tr>\n<tr>\n<th>Wej\u015bcie micro USB<\/th>\n<td>5 V\/2 A, 9 V\/2 A<\/td>\n<\/tr>\n<tr>\n<th>Wej\u015bcie USB-C<\/th>\n<td>5 V\/3 A, 9 V\/2 A<\/td>\n<\/tr>\n<tr>\n<th>Wyj\u015bcie USB-C<\/th>\n<td>5 V\/3 A, 9 V\/2,22 A, 12 V\/1,5 A<\/td>\n<\/tr>\n<tr>\n<th>Wyj\u015bcie USB1\/USB2<\/th>\n<td>5 V\/3 A, 9 V\/2 A, 12 V\/1,5 A<\/td>\n<\/tr>\n<tr>\n<th>\u0141\u0105czny pr\u0105d wyj\u015bciowy<\/th>\n<td>5 V\/3 A maks.<\/td>\n<\/tr>\n<\/tbody>\n<\/table>\n<\/div>\n","protected":false},"excerpt":{"rendered":"<p>Powerbank Baseus Bipow Zale\u017cy Ci na mo\u017cliwo\u015bci szybkiego \u0142adowania swoich sprz\u0119t\u00f3w niemal w ka\u017cdym miejscu na \u015bwiecie? Wypr\u00f3buj powerbank Baseus<\/p>\n","protected":false},"featured_media":56573,"comment_status":"closed","ping_status":"open","template":"","meta":{"_acf_changed":false},"product_brand":[],"product_cat":[1108,1113],"product_tag":[],"class_list":{"0":"post-56572","1":"product","2":"type-product","3":"status-publish","4":"has-post-thumbnail","6":"product_cat-energia","7":"product_cat-powerbanki","8":"pa_okres-gwarancji-5754","9":"pa_producent-baseus","11":"first","12":"outofstock","13":"taxable","14":"shipping-taxable","15":"purchasable","16":"product-type-simple"},"acf":[],"yoast_head":"<!-- This site is optimized with the Yoast SEO plugin v27.2 - https:\/\/yoast.com\/product\/yoast-seo-wordpress\/ -->\n<title>Powerbank BASEUS Bipow 10000mAh 20W 2xUSB USB-C (bia\u0142y) - IRONSKY.PL Sklep z Dronami<\/title>\n<meta name=\"description\" content=\"Powerbank BASEUS Bipow 10000mAh 20W 2xUSB USB-C (bia\u0142y) - \u2705 sklep z dronami i fachowym doradztwem. \u2705 Tutaj kupisz produkty DJI, Yuneec, Parrot, Syma i wiele innych, a tak\u017ce kursy i licencje na operatora drona.\" \/>\n<meta name=\"robots\" content=\"index, follow, max-snippet:-1, max-image-preview:large, max-video-preview:-1\" \/>\n<link rel=\"canonical\" href=\"https:\/\/ironsky.pl\/sklep\/produkt\/powerbank-baseus-bipow-10000mah-20w-2xusb-usb-c-bialy\/\" \/>\n<meta property=\"og:locale\" content=\"pl_PL\" \/>\n<meta property=\"og:type\" content=\"article\" \/>\n<meta property=\"og:title\" content=\"Powerbank BASEUS Bipow 10000mAh 20W 2xUSB USB-C (bia\u0142y) - IRONSKY.PL Sklep z Dronami\" \/>\n<meta property=\"og:description\" content=\"Powerbank BASEUS Bipow 10000mAh 20W 2xUSB USB-C (bia\u0142y) - \u2705 sklep z dronami i fachowym doradztwem. \u2705 Tutaj kupisz produkty DJI, Yuneec, Parrot, Syma i wiele innych, a tak\u017ce kursy i licencje na operatora drona.\" \/>\n<meta property=\"og:url\" content=\"https:\/\/ironsky.pl\/sklep\/produkt\/powerbank-baseus-bipow-10000mah-20w-2xusb-usb-c-bialy\/\" \/>\n<meta property=\"og:site_name\" content=\"IRONSKY.PL Sklep z Dronami\" \/>\n<meta property=\"article:modified_time\" content=\"2026-04-15T08:50:22+00:00\" \/>\n<meta property=\"og:image\" content=\"https:\/\/ironsky.pl\/sklep\/wp-content\/uploads\/2026\/04\/27280_8.jpg\" \/>\n\t<meta property=\"og:image:width\" content=\"800\" \/>\n\t<meta property=\"og:image:height\" content=\"800\" \/>\n\t<meta property=\"og:image:type\" content=\"image\/jpeg\" \/>\n<meta name=\"twitter:card\" content=\"summary_large_image\" \/>\n<meta name=\"twitter:label1\" content=\"Szacowany czas czytania\" \/>\n\t<meta name=\"twitter:data1\" content=\"3 minuty\" \/>\n<script type=\"application\/ld+json\" class=\"yoast-schema-graph\">{\"@context\":\"https:\/\/schema.org\",\"@graph\":[{\"@type\":\"WebPage\",\"@id\":\"https:\/\/ironsky.pl\/sklep\/produkt\/powerbank-baseus-bipow-10000mah-20w-2xusb-usb-c-bialy\/\",\"url\":\"https:\/\/ironsky.pl\/sklep\/produkt\/powerbank-baseus-bipow-10000mah-20w-2xusb-usb-c-bialy\/\",\"name\":\"Powerbank BASEUS Bipow 10000mAh 20W 2xUSB USB-C (bia\u0142y) - IRONSKY.PL Sklep z Dronami\",\"isPartOf\":{\"@id\":\"https:\/\/ironsky.pl\/sklep\/#website\"},\"primaryImageOfPage\":{\"@id\":\"https:\/\/ironsky.pl\/sklep\/produkt\/powerbank-baseus-bipow-10000mah-20w-2xusb-usb-c-bialy\/#primaryimage\"},\"image\":{\"@id\":\"https:\/\/ironsky.pl\/sklep\/produkt\/powerbank-baseus-bipow-10000mah-20w-2xusb-usb-c-bialy\/#primaryimage\"},\"thumbnailUrl\":\"https:\/\/ironsky.pl\/sklep\/wp-content\/uploads\/2026\/04\/27280_8.jpg\",\"datePublished\":\"2026-04-15T08:16:11+00:00\",\"dateModified\":\"2026-04-15T08:50:22+00:00\",\"description\":\"Powerbank BASEUS Bipow 10000mAh 20W 2xUSB USB-C (bia\u0142y) - \u2705 sklep z dronami i fachowym doradztwem. \u2705 Tutaj kupisz produkty DJI, Yuneec, Parrot, Syma i wiele innych, a tak\u017ce kursy i licencje na operatora drona.\",\"breadcrumb\":{\"@id\":\"https:\/\/ironsky.pl\/sklep\/produkt\/powerbank-baseus-bipow-10000mah-20w-2xusb-usb-c-bialy\/#breadcrumb\"},\"inLanguage\":\"pl-PL\",\"potentialAction\":[{\"@type\":\"ReadAction\",\"target\":[\"https:\/\/ironsky.pl\/sklep\/produkt\/powerbank-baseus-bipow-10000mah-20w-2xusb-usb-c-bialy\/\"]}]},{\"@type\":\"ImageObject\",\"inLanguage\":\"pl-PL\",\"@id\":\"https:\/\/ironsky.pl\/sklep\/produkt\/powerbank-baseus-bipow-10000mah-20w-2xusb-usb-c-bialy\/#primaryimage\",\"url\":\"https:\/\/ironsky.pl\/sklep\/wp-content\/uploads\/2026\/04\/27280_8.jpg\",\"contentUrl\":\"https:\/\/ironsky.pl\/sklep\/wp-content\/uploads\/2026\/04\/27280_8.jpg\",\"width\":800,\"height\":800},{\"@type\":\"BreadcrumbList\",\"@id\":\"https:\/\/ironsky.pl\/sklep\/produkt\/powerbank-baseus-bipow-10000mah-20w-2xusb-usb-c-bialy\/#breadcrumb\",\"itemListElement\":[{\"@type\":\"ListItem\",\"position\":1,\"name\":\"Strona g\u0142\u00f3wna\",\"item\":\"https:\/\/ironsky.pl\/sklep\/\"},{\"@type\":\"ListItem\",\"position\":2,\"name\":\"Wszystkie produkty\",\"item\":\"https:\/\/ironsky.pl\/sklep\/produkty\/\"},{\"@type\":\"ListItem\",\"position\":3,\"name\":\"Powerbank BASEUS Bipow 10000mAh 20W 2xUSB USB-C (bia\u0142y)\"}]},{\"@type\":\"WebSite\",\"@id\":\"https:\/\/ironsky.pl\/sklep\/#website\",\"url\":\"https:\/\/ironsky.pl\/sklep\/\",\"name\":\"IRONSKY.PL Sklep z Dronami\",\"description\":\"IRONSKY.PL Sklep z Dronami\",\"potentialAction\":[{\"@type\":\"SearchAction\",\"target\":{\"@type\":\"EntryPoint\",\"urlTemplate\":\"https:\/\/ironsky.pl\/sklep\/?s={search_term_string}\"},\"query-input\":{\"@type\":\"PropertyValueSpecification\",\"valueRequired\":true,\"valueName\":\"search_term_string\"}}],\"inLanguage\":\"pl-PL\"}]}<\/script>\n<!-- \/ Yoast SEO plugin. -->","yoast_head_json":{"title":"Powerbank BASEUS Bipow 10000mAh 20W 2xUSB USB-C (bia\u0142y) - IRONSKY.PL Sklep z Dronami","description":"Powerbank BASEUS Bipow 10000mAh 20W 2xUSB USB-C (bia\u0142y) - \u2705 sklep z dronami i fachowym doradztwem. \u2705 Tutaj kupisz produkty DJI, Yuneec, Parrot, Syma i wiele innych, a tak\u017ce kursy i licencje na operatora drona.","robots":{"index":"index","follow":"follow","max-snippet":"max-snippet:-1","max-image-preview":"max-image-preview:large","max-video-preview":"max-video-preview:-1"},"canonical":"https:\/\/ironsky.pl\/sklep\/produkt\/powerbank-baseus-bipow-10000mah-20w-2xusb-usb-c-bialy\/","og_locale":"pl_PL","og_type":"article","og_title":"Powerbank BASEUS Bipow 10000mAh 20W 2xUSB USB-C (bia\u0142y) - IRONSKY.PL Sklep z Dronami","og_description":"Powerbank BASEUS Bipow 10000mAh 20W 2xUSB USB-C (bia\u0142y) - \u2705 sklep z dronami i fachowym doradztwem. \u2705 Tutaj kupisz produkty DJI, Yuneec, Parrot, Syma i wiele innych, a tak\u017ce kursy i licencje na operatora drona.","og_url":"https:\/\/ironsky.pl\/sklep\/produkt\/powerbank-baseus-bipow-10000mah-20w-2xusb-usb-c-bialy\/","og_site_name":"IRONSKY.PL Sklep z Dronami","article_modified_time":"2026-04-15T08:50:22+00:00","og_image":[{"width":800,"height":800,"url":"https:\/\/ironsky.pl\/sklep\/wp-content\/uploads\/2026\/04\/27280_8.jpg","type":"image\/jpeg"}],"twitter_card":"summary_large_image","twitter_misc":{"Szacowany czas czytania":"3 minuty"},"schema":{"@context":"https:\/\/schema.org","@graph":[{"@type":"WebPage","@id":"https:\/\/ironsky.pl\/sklep\/produkt\/powerbank-baseus-bipow-10000mah-20w-2xusb-usb-c-bialy\/","url":"https:\/\/ironsky.pl\/sklep\/produkt\/powerbank-baseus-bipow-10000mah-20w-2xusb-usb-c-bialy\/","name":"Powerbank BASEUS Bipow 10000mAh 20W 2xUSB USB-C (bia\u0142y) - IRONSKY.PL Sklep z Dronami","isPartOf":{"@id":"https:\/\/ironsky.pl\/sklep\/#website"},"primaryImageOfPage":{"@id":"https:\/\/ironsky.pl\/sklep\/produkt\/powerbank-baseus-bipow-10000mah-20w-2xusb-usb-c-bialy\/#primaryimage"},"image":{"@id":"https:\/\/ironsky.pl\/sklep\/produkt\/powerbank-baseus-bipow-10000mah-20w-2xusb-usb-c-bialy\/#primaryimage"},"thumbnailUrl":"https:\/\/ironsky.pl\/sklep\/wp-content\/uploads\/2026\/04\/27280_8.jpg","datePublished":"2026-04-15T08:16:11+00:00","dateModified":"2026-04-15T08:50:22+00:00","description":"Powerbank BASEUS Bipow 10000mAh 20W 2xUSB USB-C (bia\u0142y) - \u2705 sklep z dronami i fachowym doradztwem. \u2705 Tutaj kupisz produkty DJI, Yuneec, Parrot, Syma i wiele innych, a tak\u017ce kursy i licencje na operatora drona.","breadcrumb":{"@id":"https:\/\/ironsky.pl\/sklep\/produkt\/powerbank-baseus-bipow-10000mah-20w-2xusb-usb-c-bialy\/#breadcrumb"},"inLanguage":"pl-PL","potentialAction":[{"@type":"ReadAction","target":["https:\/\/ironsky.pl\/sklep\/produkt\/powerbank-baseus-bipow-10000mah-20w-2xusb-usb-c-bialy\/"]}]},{"@type":"ImageObject","inLanguage":"pl-PL","@id":"https:\/\/ironsky.pl\/sklep\/produkt\/powerbank-baseus-bipow-10000mah-20w-2xusb-usb-c-bialy\/#primaryimage","url":"https:\/\/ironsky.pl\/sklep\/wp-content\/uploads\/2026\/04\/27280_8.jpg","contentUrl":"https:\/\/ironsky.pl\/sklep\/wp-content\/uploads\/2026\/04\/27280_8.jpg","width":800,"height":800},{"@type":"BreadcrumbList","@id":"https:\/\/ironsky.pl\/sklep\/produkt\/powerbank-baseus-bipow-10000mah-20w-2xusb-usb-c-bialy\/#breadcrumb","itemListElement":[{"@type":"ListItem","position":1,"name":"Strona g\u0142\u00f3wna","item":"https:\/\/ironsky.pl\/sklep\/"},{"@type":"ListItem","position":2,"name":"Wszystkie produkty","item":"https:\/\/ironsky.pl\/sklep\/produkty\/"},{"@type":"ListItem","position":3,"name":"Powerbank BASEUS Bipow 10000mAh 20W 2xUSB USB-C (bia\u0142y)"}]},{"@type":"WebSite","@id":"https:\/\/ironsky.pl\/sklep\/#website","url":"https:\/\/ironsky.pl\/sklep\/","name":"IRONSKY.PL Sklep z Dronami","description":"IRONSKY.PL Sklep z Dronami","potentialAction":[{"@type":"SearchAction","target":{"@type":"EntryPoint","urlTemplate":"https:\/\/ironsky.pl\/sklep\/?s={search_term_string}"},"query-input":{"@type":"PropertyValueSpecification","valueRequired":true,"valueName":"search_term_string"}}],"inLanguage":"pl-PL"}]}},"_links":{"self":[{"href":"https:\/\/ironsky.pl\/sklep\/wp-json\/wp\/v2\/product\/56572","targetHints":{"allow":["GET"]}}],"collection":[{"href":"https:\/\/ironsky.pl\/sklep\/wp-json\/wp\/v2\/product"}],"about":[{"href":"https:\/\/ironsky.pl\/sklep\/wp-json\/wp\/v2\/types\/product"}],"replies":[{"embeddable":true,"href":"https:\/\/ironsky.pl\/sklep\/wp-json\/wp\/v2\/comments?post=56572"}],"wp:featuredmedia":[{"embeddable":true,"href":"https:\/\/ironsky.pl\/sklep\/wp-json\/wp\/v2\/media\/56573"}],"wp:attachment":[{"href":"https:\/\/ironsky.pl\/sklep\/wp-json\/wp\/v2\/media?parent=56572"}],"wp:term":[{"taxonomy":"product_brand","embeddable":true,"href":"https:\/\/ironsky.pl\/sklep\/wp-json\/wp\/v2\/product_brand?post=56572"},{"taxonomy":"product_cat","embeddable":true,"href":"https:\/\/ironsky.pl\/sklep\/wp-json\/wp\/v2\/product_cat?post=56572"},{"taxonomy":"product_tag","embeddable":true,"href":"https:\/\/ironsky.pl\/sklep\/wp-json\/wp\/v2\/product_tag?post=56572"}],"curies":[{"name":"wp","href":"https:\/\/api.w.org\/{rel}","templated":true}]}}