{"id":56564,"date":"2026-04-15T10:16:11","date_gmt":"2026-04-15T08:16:11","guid":{"rendered":"https:\/\/ironsky.pl\/sklep\/produkt\/powerbank-baseus-adaman-metal-10000mah-22-5w-czarny\/"},"modified":"2026-04-15T10:16:22","modified_gmt":"2026-04-15T08:16:22","slug":"powerbank-baseus-adaman-metal-10000mah-22-5w-czarny","status":"publish","type":"product","link":"https:\/\/ironsky.pl\/sklep\/produkt\/powerbank-baseus-adaman-metal-10000mah-22-5w-czarny\/","title":{"rendered":"Powerbank BASEUS Adaman Metal 10000mAh 22.5W (czarny)"},"content":{"rendered":"<h3>Powerbank Baseus Adaman<\/h3>\n<p>Teraz mo\u017cesz wygodnie \u0142adowa\u0107 swoje urz\u0105dzenia, gdziekolwiek si\u0119 znajdziesz. Powerbank Baseus Adaman o pojemno\u015bci 10 000 mAh obs\u0142uguje r\u00f3\u017cne protoko\u0142y szybkiego \u0142adowania i pracuje z moc\u0105 do 22,5 W. Zosta\u0142 wyposa\u017cony w cyfrowy wy\u015bwietlacz i jest na tyle lekki i kompaktowy, \u017ce mo\u017ce Ci towarzyszy\u0107 niemal wsz\u0119dzie &#8211; nawet na pok\u0142adzie samolotu.<\/p>\n<p><img decoding=\"async\" src=\"https:\/\/b2b.innpro.pl\/data\/include\/cms\/-Baseus\/PPAD000-001-101\/6.jpg?v=1641550580105\"><\/p>\n<h3>Szybkie \u0142adowanie<\/h3>\n<p>Przekonaj si\u0119, jak szybko Twoje urz\u0105dzenia mog\u0105 by\u0107 ponownie gotowe do pracy. Powerbank obs\u0142uguje takie protoko\u0142y szybkiego \u0142adowania jak Huawei 5A SCP, PD 20 W, PD 18 W, PD3.0 20 W QC 3.0, FCP i AFC. To oznacza, \u017ce w oko\u0142o 30 minut mo\u017ce na\u0142adowa\u0107 Huawei P30 do 60%, a iPhone\u2019a 13 do 50%. Umo\u017cliwia te\u017c zwyk\u0142e \u0142adowanie starszych urz\u0105dze\u0144 w kr\u00f3tkim czasie.<\/p>\n<p><img decoding=\"async\" src=\"https:\/\/b2b.innpro.pl\/data\/include\/cms\/-Baseus\/PPAD000-001-101\/1.jpg?v=1641550580105\"><\/p>\n<h3>Du\u017ca pojemno\u015b\u0107<\/h3>\n<p>Pojemno\u015b\u0107 urz\u0105dzenia wynosi 10 000 mAh. To oznacza, \u017ce za jego pomoc\u0105 mo\u017cesz na\u0142adowa\u0107 iPhone\u2019a 13 oko\u0142o 2 razy, iPhone\u2019a 12 oko\u0142o 2,1 raza, a Huawei Mate 40 oko\u0142o 1,5 raza. Przywr\u00f3cenie powerbankowi pe\u0142nej mocy nie trwa d\u0142ugo. Produkt obs\u0142uguje 2-kierunkowe szybkie \u0142adowanie PD 3.0 + QC 3.0, dzi\u0119ki czemu na\u0142adujesz go do 100% ju\u017c w oko\u0142o 2 godziny.<\/p>\n<p><img decoding=\"async\" src=\"https:\/\/b2b.innpro.pl\/data\/include\/cms\/-Baseus\/PPAD000-001-101\/2.jpg?v=1641550580105\"><\/p>\n<h3>Szeroka kompatybilno\u015b\u0107<\/h3>\n<p>Powerbank umo\u017cliwia \u0142adowanie wielu r\u00f3\u017cnych urz\u0105dze\u0144 takich jak na przyk\u0142ad smartfony Samsung, Xiaomi, Huawei czy iPhone. Zosta\u0142 te\u017c wyposa\u017cony w kilka port\u00f3w. Ma wbudowane 2 porty wyj\u015bcia USB, port wej\u015bcia Lightning, port wyj\u015bcia micro USB oraz port wej\u015bcia \/ wyj\u015bcia USB-C.<\/p>\n<p><img decoding=\"async\" src=\"https:\/\/b2b.innpro.pl\/data\/include\/cms\/-Baseus\/PPAD000-001-101\/5.jpg?v=1641550580105\"><\/p>\n<h3>Wbudowany wy\u015bwietlacz<\/h3>\n<p>Niewielki, cyfrowy wy\u015bwietlacz LED u\u0142atwia korzystanie z urz\u0105dzenia i zapewnia wygodny dost\u0119p do kilku wa\u017cnych informacji. Za jego pomoc\u0105 mo\u017cesz szybko sprawdzi\u0107 procentowy poziom na\u0142adowania akumulatora, a tak\u017ce napi\u0119cie i nat\u0119\u017cenie \u0142adowania w czasie rzeczywistym.<\/p>\n<p><img decoding=\"async\" src=\"https:\/\/b2b.innpro.pl\/data\/include\/cms\/-Baseus\/PPAD000-001-101\/11.jpg?v=1641550580105\"><\/p>\n<h3>Bezpiecze\u0144stwo u\u017cytkowania<\/h3>\n<p>Metalowa obudowa sprawia, \u017ce produkt nie tylko prezentuje si\u0119 niezwykle elegancko, ale te\u017c jest wyj\u0105tkowo wytrzyma\u0142y. Powerbank zosta\u0142 zabezpieczony mi\u0119dzy innymi przed prze\u0142adowaniem, przepi\u0119ciem, pr\u0105dem przet\u0119\u017ceniowym i zwarciem. Automatycznie dostosowuje te\u017c nat\u0119\u017cenie do \u0142adowanego urz\u0105dzenia, aby chroni\u0107 je przed przegrzaniem. Co wi\u0119cej, opracowana przez Baseus technologia BPS zapewnia jeszcze wi\u0119ksze bezpiecze\u0144stwo u\u017cytkowania.<\/p>\n<p><img decoding=\"async\" src=\"https:\/\/b2b.innpro.pl\/data\/include\/cms\/-Baseus\/PPAD000-001-101\/3.jpg?v=1641550580105\"><\/p>\n<h3>Lekki i por\u0119czny<\/h3>\n<p>Mimo ogromnych mo\u017cliwo\u015bci powerbank jest naprawd\u0119 niewielki i lekki. Jego grubo\u015b\u0107 nie przekracza 14 mm &#8211; bez problemu zmie\u015bcisz go w torebce lub nawet w kieszeni. Spe\u0142nia te\u017c mi\u0119dzynarodowe standardy lotnicze, co oznacza, \u017ce mo\u017cesz zabra\u0107 go na pok\u0142ad samolotu. Niewa\u017cne, dok\u0105d si\u0119 udasz &#8211; powerbank Baseus Adaman dostarczy energii Twoim urz\u0105dzeniom niemal w ka\u017cdym miejscu.<\/p>\n<p><img decoding=\"async\" src=\"https:\/\/b2b.innpro.pl\/data\/include\/cms\/-Baseus\/PPAD000-001-101\/4.jpg?v=1641550580105\"><\/p>\n<div class=\"table-wrapper\">\n<table>\n<tbody>\n<tr>\n<th>Producent<\/th>\n<td>Baseus<\/td>\n<\/tr>\n<tr>\n<th>Model<\/th>\n<td>PPAD070001<\/td>\n<\/tr>\n<tr>\n<th>Pojemno\u015b\u0107<\/th>\n<td>10 000 mAh \/ 3,7 V \/ 37 Wh<\/td>\n<\/tr>\n<tr>\n<th>Pojemno\u015b\u0107 znamionowa<\/th>\n<td>5800 mAh (5 V \/ 3 A)<\/td>\n<\/tr>\n<tr>\n<th>Wsp\u00f3\u0142czynnik konwersji energii<\/th>\n<td>\u226575%<\/td>\n<\/tr>\n<tr>\n<th>Wej\u015bcie Lightning<\/th>\n<td>5 V \/ 2 A, 9 V \/ 2 A<\/td>\n<\/tr>\n<tr>\n<th>Wej\u015bcie micro USB<\/th>\n<td>5 V \/ 2 A, 9 V \/ 2 A<\/td>\n<\/tr>\n<tr>\n<th>Wej\u015bcie USB-C<\/th>\n<td>5 V \/ 3 A, 5,5 V \/ 3 A (SCP), 9 V \/ 2 A<\/td>\n<\/tr>\n<tr>\n<th>Wyj\u015bcie USB1<\/th>\n<td>4,5 V \/ 5 A (SCP), 5 V \/ 4,5 A (SCP), 5 V \/ 3 A, 9 V \/ 2 A, 12 V \/ 1,5 A<\/td>\n<\/tr>\n<tr>\n<th>Wej\u015bcie USB2<\/th>\n<td>4,5 V \/ 5 A (SCP), 5 V \/ 4,5 A (SCP), 5 V \/ 3 A, 9 V \/ 2 A, 12 V \/ 1,5 A<\/td>\n<\/tr>\n<tr>\n<th>Wyj\u015bcie USB-C<\/th>\n<td>5 V \/ 3 A, 9 V \/ 2,22 A, 12 V \/ 1,5 A<\/td>\n<\/tr>\n<tr>\n<th>Wyj\u015bcie USB-C + USB1<\/th>\n<td>5 V \/ 3 A<\/td>\n<\/tr>\n<tr>\n<th>Wyj\u015bcie USB-C + USB2<\/th>\n<td>5 V \/ 3 A<\/td>\n<\/tr>\n<tr>\n<th>Wyj\u015bcie USB1 + USB2<\/th>\n<td>5 V \/ 3 A<\/td>\n<\/tr>\n<tr>\n<th>Ca\u0142kowity pr\u0105d wyj\u015bciowy USB1 + USB-C + USB2<\/th>\n<td>5 V \/ 3 A<\/td>\n<\/tr>\n<tr>\n<th>Wymiary<\/th>\n<td>155,2 x 65 x 16 mm<\/td>\n<\/tr>\n<tr>\n<th>Waga<\/th>\n<td>Ok. 286 g<\/td>\n<\/tr>\n<\/tbody>\n<\/table>\n<\/div>\n","protected":false},"excerpt":{"rendered":"<p>Powerbank Baseus Adaman Teraz mo\u017cesz wygodnie \u0142adowa\u0107 swoje urz\u0105dzenia, gdziekolwiek si\u0119 znajdziesz. Powerbank Baseus Adaman o pojemno\u015bci 10 000 mAh<\/p>\n","protected":false},"featured_media":56565,"comment_status":"closed","ping_status":"open","template":"","meta":{"_acf_changed":false},"product_brand":[],"product_cat":[1108,1113],"product_tag":[],"class_list":{"0":"post-56564","1":"product","2":"type-product","3":"status-publish","4":"has-post-thumbnail","6":"product_cat-energia","7":"product_cat-powerbanki","8":"pa_okres-gwarancji-5754","9":"pa_producent-baseus","11":"first","12":"outofstock","13":"taxable","14":"shipping-taxable","15":"purchasable","16":"product-type-simple"},"acf":[],"yoast_head":"<!-- This site is optimized with the Yoast SEO plugin v27.2 - https:\/\/yoast.com\/product\/yoast-seo-wordpress\/ -->\n<title>Powerbank BASEUS Adaman Metal 10000mAh 22.5W (czarny) - IRONSKY.PL Sklep z Dronami<\/title>\n<meta name=\"description\" content=\"Powerbank BASEUS Adaman Metal 10000mAh 22.5W (czarny) - \u2705 sklep z dronami i fachowym doradztwem. \u2705 Tutaj kupisz produkty DJI, Yuneec, Parrot, Syma i wiele innych, a tak\u017ce kursy i licencje na operatora drona.\" \/>\n<meta name=\"robots\" content=\"index, follow, max-snippet:-1, max-image-preview:large, max-video-preview:-1\" \/>\n<link rel=\"canonical\" href=\"https:\/\/ironsky.pl\/sklep\/produkt\/powerbank-baseus-adaman-metal-10000mah-22-5w-czarny\/\" \/>\n<meta property=\"og:locale\" content=\"pl_PL\" \/>\n<meta property=\"og:type\" content=\"article\" \/>\n<meta property=\"og:title\" content=\"Powerbank BASEUS Adaman Metal 10000mAh 22.5W (czarny) - IRONSKY.PL Sklep z Dronami\" \/>\n<meta property=\"og:description\" content=\"Powerbank BASEUS Adaman Metal 10000mAh 22.5W (czarny) - \u2705 sklep z dronami i fachowym doradztwem. \u2705 Tutaj kupisz produkty DJI, Yuneec, Parrot, Syma i wiele innych, a tak\u017ce kursy i licencje na operatora drona.\" \/>\n<meta property=\"og:url\" content=\"https:\/\/ironsky.pl\/sklep\/produkt\/powerbank-baseus-adaman-metal-10000mah-22-5w-czarny\/\" \/>\n<meta property=\"og:site_name\" content=\"IRONSKY.PL Sklep z Dronami\" \/>\n<meta property=\"article:modified_time\" content=\"2026-04-15T08:16:22+00:00\" \/>\n<meta property=\"og:image\" content=\"https:\/\/ironsky.pl\/sklep\/wp-content\/uploads\/2026\/04\/27272_6.jpg\" \/>\n\t<meta property=\"og:image:width\" content=\"800\" \/>\n\t<meta property=\"og:image:height\" content=\"800\" \/>\n\t<meta property=\"og:image:type\" content=\"image\/jpeg\" \/>\n<meta name=\"twitter:card\" content=\"summary_large_image\" \/>\n<meta name=\"twitter:label1\" content=\"Szacowany czas czytania\" \/>\n\t<meta name=\"twitter:data1\" content=\"3 minuty\" \/>\n<script type=\"application\/ld+json\" class=\"yoast-schema-graph\">{\"@context\":\"https:\/\/schema.org\",\"@graph\":[{\"@type\":\"WebPage\",\"@id\":\"https:\/\/ironsky.pl\/sklep\/produkt\/powerbank-baseus-adaman-metal-10000mah-22-5w-czarny\/\",\"url\":\"https:\/\/ironsky.pl\/sklep\/produkt\/powerbank-baseus-adaman-metal-10000mah-22-5w-czarny\/\",\"name\":\"Powerbank BASEUS Adaman Metal 10000mAh 22.5W (czarny) - IRONSKY.PL Sklep z Dronami\",\"isPartOf\":{\"@id\":\"https:\/\/ironsky.pl\/sklep\/#website\"},\"primaryImageOfPage\":{\"@id\":\"https:\/\/ironsky.pl\/sklep\/produkt\/powerbank-baseus-adaman-metal-10000mah-22-5w-czarny\/#primaryimage\"},\"image\":{\"@id\":\"https:\/\/ironsky.pl\/sklep\/produkt\/powerbank-baseus-adaman-metal-10000mah-22-5w-czarny\/#primaryimage\"},\"thumbnailUrl\":\"https:\/\/ironsky.pl\/sklep\/wp-content\/uploads\/2026\/04\/27272_6.jpg\",\"datePublished\":\"2026-04-15T08:16:11+00:00\",\"dateModified\":\"2026-04-15T08:16:22+00:00\",\"description\":\"Powerbank BASEUS Adaman Metal 10000mAh 22.5W (czarny) - \u2705 sklep z dronami i fachowym doradztwem. \u2705 Tutaj kupisz produkty DJI, Yuneec, Parrot, Syma i wiele innych, a tak\u017ce kursy i licencje na operatora drona.\",\"breadcrumb\":{\"@id\":\"https:\/\/ironsky.pl\/sklep\/produkt\/powerbank-baseus-adaman-metal-10000mah-22-5w-czarny\/#breadcrumb\"},\"inLanguage\":\"pl-PL\",\"potentialAction\":[{\"@type\":\"ReadAction\",\"target\":[\"https:\/\/ironsky.pl\/sklep\/produkt\/powerbank-baseus-adaman-metal-10000mah-22-5w-czarny\/\"]}]},{\"@type\":\"ImageObject\",\"inLanguage\":\"pl-PL\",\"@id\":\"https:\/\/ironsky.pl\/sklep\/produkt\/powerbank-baseus-adaman-metal-10000mah-22-5w-czarny\/#primaryimage\",\"url\":\"https:\/\/ironsky.pl\/sklep\/wp-content\/uploads\/2026\/04\/27272_6.jpg\",\"contentUrl\":\"https:\/\/ironsky.pl\/sklep\/wp-content\/uploads\/2026\/04\/27272_6.jpg\",\"width\":800,\"height\":800},{\"@type\":\"BreadcrumbList\",\"@id\":\"https:\/\/ironsky.pl\/sklep\/produkt\/powerbank-baseus-adaman-metal-10000mah-22-5w-czarny\/#breadcrumb\",\"itemListElement\":[{\"@type\":\"ListItem\",\"position\":1,\"name\":\"Strona g\u0142\u00f3wna\",\"item\":\"https:\/\/ironsky.pl\/sklep\/\"},{\"@type\":\"ListItem\",\"position\":2,\"name\":\"Wszystkie produkty\",\"item\":\"https:\/\/ironsky.pl\/sklep\/produkty\/\"},{\"@type\":\"ListItem\",\"position\":3,\"name\":\"Powerbank BASEUS Adaman Metal 10000mAh 22.5W (czarny)\"}]},{\"@type\":\"WebSite\",\"@id\":\"https:\/\/ironsky.pl\/sklep\/#website\",\"url\":\"https:\/\/ironsky.pl\/sklep\/\",\"name\":\"IRONSKY.PL Sklep z Dronami\",\"description\":\"IRONSKY.PL Sklep z Dronami\",\"potentialAction\":[{\"@type\":\"SearchAction\",\"target\":{\"@type\":\"EntryPoint\",\"urlTemplate\":\"https:\/\/ironsky.pl\/sklep\/?s={search_term_string}\"},\"query-input\":{\"@type\":\"PropertyValueSpecification\",\"valueRequired\":true,\"valueName\":\"search_term_string\"}}],\"inLanguage\":\"pl-PL\"}]}<\/script>\n<!-- \/ Yoast SEO plugin. -->","yoast_head_json":{"title":"Powerbank BASEUS Adaman Metal 10000mAh 22.5W (czarny) - IRONSKY.PL Sklep z Dronami","description":"Powerbank BASEUS Adaman Metal 10000mAh 22.5W (czarny) - \u2705 sklep z dronami i fachowym doradztwem. \u2705 Tutaj kupisz produkty DJI, Yuneec, Parrot, Syma i wiele innych, a tak\u017ce kursy i licencje na operatora drona.","robots":{"index":"index","follow":"follow","max-snippet":"max-snippet:-1","max-image-preview":"max-image-preview:large","max-video-preview":"max-video-preview:-1"},"canonical":"https:\/\/ironsky.pl\/sklep\/produkt\/powerbank-baseus-adaman-metal-10000mah-22-5w-czarny\/","og_locale":"pl_PL","og_type":"article","og_title":"Powerbank BASEUS Adaman Metal 10000mAh 22.5W (czarny) - IRONSKY.PL Sklep z Dronami","og_description":"Powerbank BASEUS Adaman Metal 10000mAh 22.5W (czarny) - \u2705 sklep z dronami i fachowym doradztwem. \u2705 Tutaj kupisz produkty DJI, Yuneec, Parrot, Syma i wiele innych, a tak\u017ce kursy i licencje na operatora drona.","og_url":"https:\/\/ironsky.pl\/sklep\/produkt\/powerbank-baseus-adaman-metal-10000mah-22-5w-czarny\/","og_site_name":"IRONSKY.PL Sklep z Dronami","article_modified_time":"2026-04-15T08:16:22+00:00","og_image":[{"width":800,"height":800,"url":"https:\/\/ironsky.pl\/sklep\/wp-content\/uploads\/2026\/04\/27272_6.jpg","type":"image\/jpeg"}],"twitter_card":"summary_large_image","twitter_misc":{"Szacowany czas czytania":"3 minuty"},"schema":{"@context":"https:\/\/schema.org","@graph":[{"@type":"WebPage","@id":"https:\/\/ironsky.pl\/sklep\/produkt\/powerbank-baseus-adaman-metal-10000mah-22-5w-czarny\/","url":"https:\/\/ironsky.pl\/sklep\/produkt\/powerbank-baseus-adaman-metal-10000mah-22-5w-czarny\/","name":"Powerbank BASEUS Adaman Metal 10000mAh 22.5W (czarny) - IRONSKY.PL Sklep z Dronami","isPartOf":{"@id":"https:\/\/ironsky.pl\/sklep\/#website"},"primaryImageOfPage":{"@id":"https:\/\/ironsky.pl\/sklep\/produkt\/powerbank-baseus-adaman-metal-10000mah-22-5w-czarny\/#primaryimage"},"image":{"@id":"https:\/\/ironsky.pl\/sklep\/produkt\/powerbank-baseus-adaman-metal-10000mah-22-5w-czarny\/#primaryimage"},"thumbnailUrl":"https:\/\/ironsky.pl\/sklep\/wp-content\/uploads\/2026\/04\/27272_6.jpg","datePublished":"2026-04-15T08:16:11+00:00","dateModified":"2026-04-15T08:16:22+00:00","description":"Powerbank BASEUS Adaman Metal 10000mAh 22.5W (czarny) - \u2705 sklep z dronami i fachowym doradztwem. \u2705 Tutaj kupisz produkty DJI, Yuneec, Parrot, Syma i wiele innych, a tak\u017ce kursy i licencje na operatora drona.","breadcrumb":{"@id":"https:\/\/ironsky.pl\/sklep\/produkt\/powerbank-baseus-adaman-metal-10000mah-22-5w-czarny\/#breadcrumb"},"inLanguage":"pl-PL","potentialAction":[{"@type":"ReadAction","target":["https:\/\/ironsky.pl\/sklep\/produkt\/powerbank-baseus-adaman-metal-10000mah-22-5w-czarny\/"]}]},{"@type":"ImageObject","inLanguage":"pl-PL","@id":"https:\/\/ironsky.pl\/sklep\/produkt\/powerbank-baseus-adaman-metal-10000mah-22-5w-czarny\/#primaryimage","url":"https:\/\/ironsky.pl\/sklep\/wp-content\/uploads\/2026\/04\/27272_6.jpg","contentUrl":"https:\/\/ironsky.pl\/sklep\/wp-content\/uploads\/2026\/04\/27272_6.jpg","width":800,"height":800},{"@type":"BreadcrumbList","@id":"https:\/\/ironsky.pl\/sklep\/produkt\/powerbank-baseus-adaman-metal-10000mah-22-5w-czarny\/#breadcrumb","itemListElement":[{"@type":"ListItem","position":1,"name":"Strona g\u0142\u00f3wna","item":"https:\/\/ironsky.pl\/sklep\/"},{"@type":"ListItem","position":2,"name":"Wszystkie produkty","item":"https:\/\/ironsky.pl\/sklep\/produkty\/"},{"@type":"ListItem","position":3,"name":"Powerbank BASEUS Adaman Metal 10000mAh 22.5W (czarny)"}]},{"@type":"WebSite","@id":"https:\/\/ironsky.pl\/sklep\/#website","url":"https:\/\/ironsky.pl\/sklep\/","name":"IRONSKY.PL Sklep z Dronami","description":"IRONSKY.PL Sklep z Dronami","potentialAction":[{"@type":"SearchAction","target":{"@type":"EntryPoint","urlTemplate":"https:\/\/ironsky.pl\/sklep\/?s={search_term_string}"},"query-input":{"@type":"PropertyValueSpecification","valueRequired":true,"valueName":"search_term_string"}}],"inLanguage":"pl-PL"}]}},"_links":{"self":[{"href":"https:\/\/ironsky.pl\/sklep\/wp-json\/wp\/v2\/product\/56564","targetHints":{"allow":["GET"]}}],"collection":[{"href":"https:\/\/ironsky.pl\/sklep\/wp-json\/wp\/v2\/product"}],"about":[{"href":"https:\/\/ironsky.pl\/sklep\/wp-json\/wp\/v2\/types\/product"}],"replies":[{"embeddable":true,"href":"https:\/\/ironsky.pl\/sklep\/wp-json\/wp\/v2\/comments?post=56564"}],"wp:featuredmedia":[{"embeddable":true,"href":"https:\/\/ironsky.pl\/sklep\/wp-json\/wp\/v2\/media\/56565"}],"wp:attachment":[{"href":"https:\/\/ironsky.pl\/sklep\/wp-json\/wp\/v2\/media?parent=56564"}],"wp:term":[{"taxonomy":"product_brand","embeddable":true,"href":"https:\/\/ironsky.pl\/sklep\/wp-json\/wp\/v2\/product_brand?post=56564"},{"taxonomy":"product_cat","embeddable":true,"href":"https:\/\/ironsky.pl\/sklep\/wp-json\/wp\/v2\/product_cat?post=56564"},{"taxonomy":"product_tag","embeddable":true,"href":"https:\/\/ironsky.pl\/sklep\/wp-json\/wp\/v2\/product_tag?post=56564"}],"curies":[{"name":"wp","href":"https:\/\/api.w.org\/{rel}","templated":true}]}}