{"id":56562,"date":"2026-04-15T10:16:11","date_gmt":"2026-04-15T08:16:11","guid":{"rendered":"https:\/\/ironsky.pl\/sklep\/produkt\/pilot-zdalnego-sterowania-pgytech-mantis-rc-m1\/"},"modified":"2026-04-15T10:16:20","modified_gmt":"2026-04-15T08:16:20","slug":"pilot-zdalnego-sterowania-pgytech-mantis-rc-m1","status":"publish","type":"product","link":"https:\/\/ironsky.pl\/sklep\/produkt\/pilot-zdalnego-sterowania-pgytech-mantis-rc-m1\/","title":{"rendered":"Pilot zdalnego sterowania PGYTECH Mantis RC M1"},"content":{"rendered":"<h3>Pilot zdalnego sterowania PGYTECH Mantis RC M1 do aparat\u00f3w cyfrowych, GoPro oraz statywu PGYTECH MantisPod 2.0<\/h3>\n<p>Pozw\u00f3l sobie na wygod\u0119 w trakcie nagrywania filmik\u00f3w i robienia zdj\u0119\u0107. Pilot zdalnego sterowania PGYTECH Mantis RC M1 wyposa\u017cono w praktyczne przyciski, kt\u00f3re umo\u017cliwiaj\u0105 dost\u0119p do przydatnych funkcji i pozwalaj\u0105 zarz\u0105dza\u0107 prac\u0105 sprz\u0119tu z odleg\u0142o\u015bci do 10 m. Produkt jest szeroko kompatybilny z urz\u0105dzeniami Sony, Canon, GoPro i ze statywami MantisPod 2.0. Dzi\u0119ki wydajnemu akumulatorowi jego czas pracy si\u0119ga a\u017c 11 godzin.<\/p>\n<p><img decoding=\"async\" src=\"https:\/\/b2b.innpro.pl\/data\/include\/cms\/PGYTECH\/P-CG-082\/1.jpg\"><\/p>\n<h3>Zwi\u0119ksz swoje mo\u017cliwo\u015bci<\/h3>\n<p>Zarz\u0105dzaj prac\u0105 swojego sprz\u0119tu z odleg\u0142o\u015bci do 10 m. Pilot zdalnego sterowania umo\u017cliwia zbli\u017cenie i oddalenie obrazu, a tak\u017ce zrobienie zdj\u0119cia i rozpocz\u0119cie nagrywania. Co wi\u0119cej, posiada tak\u017ce wska\u017aniki, kt\u00f3re zapewniaj\u0105 dost\u0119p do istotnych informacji, takich jak status po\u0142\u0105czenia ze sprz\u0119tem i poziom na\u0142adowania akumulatora. RC M1 pracuje z napi\u0119ciem wynosz\u0105cym 3.7 V.<\/p>\n<p><img decoding=\"async\" src=\"https:\/\/b2b.innpro.pl\/data\/include\/cms\/PGYTECH\/P-CG-082\/5.jpg\"><\/p>\n<h3>Staranno\u015b\u0107 wykonania<\/h3>\n<p>Model RC M1 wyposa\u017cono w akumulator o pojemno\u015bci 60 mAh, dzi\u0119ki czemu jedno \u0142adowanie wystarczy, aby m\u00f3c u\u017cytkowa\u0107 produkt przez a\u017c 11 godzin. Czas potrzebny na odnowienie energii pilota wynosi mniej ni\u017c 80 minut. RC M1 posiada port USB-C, dzi\u0119ki kt\u00f3remu mo\u017cesz wygodnie go na\u0142adowa\u0107. Pilot mo\u017ce pracowa\u0107 nawet w ekstremalnych warunkach atmosferycznych (od-10\u2103 do 45\u2103). Wykonany zosta\u0142 z wytrzyma\u0142ych materia\u0142\u00f3w, takich jak PC i ABS.<\/p>\n<p><img decoding=\"async\" src=\"https:\/\/b2b.innpro.pl\/data\/include\/cms\/PGYTECH\/P-CG-082\/2.jpg\"><\/p>\n<h3>Szeroka kompatybilno\u015b\u0107<\/h3>\n<p>Pilot zdalnego sterowania Mantis RC M1 jest szeroko kompatybilny z wieloma popularnymi urz\u0105dzeniami. B\u0119dzie przydatny dla u\u017cytkownik\u00f3w aparat\u00f3w i kamer marek Sony, Canon i GoPro. \u015awietnie sprawdzi si\u0119 r\u00f3wnie\u017c w przypadku statyw\u00f3w MantisPod 2.0. Zdecyduj si\u0119 bezprzewodowe rozwi\u0105zanie zaproponowane przez PGYTECH i komfortowo tw\u00f3rz wyj\u0105tkowe tre\u015bci!<\/p>\n<p><img decoding=\"async\" src=\"https:\/\/b2b.innpro.pl\/data\/include\/cms\/PGYTECH\/P-CG-082\/4.jpg\"><\/p>\n<div class=\"table-wrapper\">\n<table>\n<tbody>\n<tr>\n<th>Producent<\/th>\n<td>PGYTECH<\/td>\n<\/tr>\n<tr>\n<th>Model<\/th>\n<td>P-CG-082<\/td>\n<\/tr>\n<tr>\n<th>Kompatybilno\u015b\u0107<\/th>\n<td>Sony\uff1aAlpha 1, Alpha 7C, Alpha 7R IV, Alpha 7R III, Alpha 7S III, Alpha 9, Alpha 6600, Alpha 6100, Alpha 7 III (A7M3), Alpha 7 IV(A7M4), Alpha 6400, ZV-1, DSC-RX0M2, DSC-RX100M7, FX3, ZV-E10 <br \/>Canon\uff1aEOS M6 Mark II, EOS M50, EOS M50 Mark II, EOS M200, PowerShot G5 X Mark II, PowerShot G7 X Mark III, EOS R, EOS R5, EOS R6\uff0cEOS R7\uff0cEOS RP <br \/>GoPro: 5\/6\/7\/8\/9\/10\/11 <br \/>Statywy MantisPod 2.0<\/td>\n<\/tr>\n<tr>\n<th>Zasi\u0119g pracy<\/th>\n<td>do 10 m<\/td>\n<\/tr>\n<tr>\n<th>Pojemno\u015b\u0107 akumulatora<\/th>\n<td>60 mAh<\/td>\n<\/tr>\n<tr>\n<th>Napi\u0119cie<\/th>\n<td>3.7 V<\/td>\n<\/tr>\n<tr>\n<th>Port<\/th>\n<td>USB-C<\/td>\n<\/tr>\n<tr>\n<th>Czas \u0142adowania<\/th>\n<td>Mniej ni\u017c 80 minut<\/td>\n<\/tr>\n<tr>\n<th>Czas pracy<\/th>\n<td>11 godzin<\/td>\n<\/tr>\n<tr>\n<th>Temperatura robocza<\/th>\n<td>od -10\u2103 do 45\u2103<\/td>\n<\/tr>\n<tr>\n<th>Materia\u0142y<\/th>\n<td>PC + ABS<\/td>\n<\/tr>\n<tr>\n<th>Waga<\/th>\n<td>10 g<\/td>\n<\/tr>\n<\/tbody>\n<\/table>\n<\/div>\n","protected":false},"excerpt":{"rendered":"<p>Pilot zdalnego sterowania PGYTECH Mantis RC M1 do aparat\u00f3w cyfrowych, GoPro oraz statywu PGYTECH MantisPod 2.0 Pozw\u00f3l sobie na wygod\u0119<\/p>\n","protected":false},"featured_media":56563,"comment_status":"closed","ping_status":"open","template":"","meta":{"_acf_changed":false},"product_brand":[],"product_cat":[1128,6178,6176,6177,1138,6179],"product_tag":[],"class_list":{"0":"post-56562","1":"product","2":"type-product","3":"status-publish","4":"has-post-thumbnail","6":"product_cat-foto-wideo","7":"product_cat-mocowania","8":"product_cat-selfie-stiki","9":"product_cat-statywy-selfie-stiki","10":"product_cat-wysiegniki","11":"product_cat-wysiegniki-i-uchwyty-selfie","12":"pa_okres-gwarancji-5754","13":"pa_producent-pgytech","15":"first","16":"outofstock","17":"taxable","18":"shipping-taxable","19":"purchasable","20":"product-type-simple"},"acf":[],"yoast_head":"<!-- This site is optimized with the Yoast SEO plugin v27.2 - https:\/\/yoast.com\/product\/yoast-seo-wordpress\/ -->\n<title>Pilot zdalnego sterowania PGYTECH Mantis RC M1 - IRONSKY.PL Sklep z Dronami<\/title>\n<meta name=\"description\" content=\"Pilot zdalnego sterowania PGYTECH Mantis RC M1 - \u2705 sklep z dronami i fachowym doradztwem. \u2705 Tutaj kupisz produkty DJI, Yuneec, Parrot, Syma i wiele innych, a tak\u017ce kursy i licencje na operatora drona.\" \/>\n<meta name=\"robots\" content=\"index, follow, max-snippet:-1, max-image-preview:large, max-video-preview:-1\" \/>\n<link rel=\"canonical\" href=\"https:\/\/ironsky.pl\/sklep\/produkt\/pilot-zdalnego-sterowania-pgytech-mantis-rc-m1\/\" \/>\n<meta property=\"og:locale\" content=\"pl_PL\" \/>\n<meta property=\"og:type\" content=\"article\" \/>\n<meta property=\"og:title\" content=\"Pilot zdalnego sterowania PGYTECH Mantis RC M1 - IRONSKY.PL Sklep z Dronami\" \/>\n<meta property=\"og:description\" content=\"Pilot zdalnego sterowania PGYTECH Mantis RC M1 - \u2705 sklep z dronami i fachowym doradztwem. \u2705 Tutaj kupisz produkty DJI, Yuneec, Parrot, Syma i wiele innych, a tak\u017ce kursy i licencje na operatora drona.\" \/>\n<meta property=\"og:url\" content=\"https:\/\/ironsky.pl\/sklep\/produkt\/pilot-zdalnego-sterowania-pgytech-mantis-rc-m1\/\" \/>\n<meta property=\"og:site_name\" content=\"IRONSKY.PL Sklep z Dronami\" \/>\n<meta property=\"article:modified_time\" content=\"2026-04-15T08:16:20+00:00\" \/>\n<meta property=\"og:image\" content=\"https:\/\/ironsky.pl\/sklep\/wp-content\/uploads\/2026\/04\/27264_1.jpg\" \/>\n\t<meta property=\"og:image:width\" content=\"800\" \/>\n\t<meta property=\"og:image:height\" content=\"800\" \/>\n\t<meta property=\"og:image:type\" content=\"image\/jpeg\" \/>\n<meta name=\"twitter:card\" content=\"summary_large_image\" \/>\n<meta name=\"twitter:label1\" content=\"Szacowany czas czytania\" \/>\n\t<meta name=\"twitter:data1\" content=\"2 minuty\" \/>\n<script type=\"application\/ld+json\" class=\"yoast-schema-graph\">{\"@context\":\"https:\/\/schema.org\",\"@graph\":[{\"@type\":\"WebPage\",\"@id\":\"https:\/\/ironsky.pl\/sklep\/produkt\/pilot-zdalnego-sterowania-pgytech-mantis-rc-m1\/\",\"url\":\"https:\/\/ironsky.pl\/sklep\/produkt\/pilot-zdalnego-sterowania-pgytech-mantis-rc-m1\/\",\"name\":\"Pilot zdalnego sterowania PGYTECH Mantis RC M1 - IRONSKY.PL Sklep z Dronami\",\"isPartOf\":{\"@id\":\"https:\/\/ironsky.pl\/sklep\/#website\"},\"primaryImageOfPage\":{\"@id\":\"https:\/\/ironsky.pl\/sklep\/produkt\/pilot-zdalnego-sterowania-pgytech-mantis-rc-m1\/#primaryimage\"},\"image\":{\"@id\":\"https:\/\/ironsky.pl\/sklep\/produkt\/pilot-zdalnego-sterowania-pgytech-mantis-rc-m1\/#primaryimage\"},\"thumbnailUrl\":\"https:\/\/ironsky.pl\/sklep\/wp-content\/uploads\/2026\/04\/27264_1.jpg\",\"datePublished\":\"2026-04-15T08:16:11+00:00\",\"dateModified\":\"2026-04-15T08:16:20+00:00\",\"description\":\"Pilot zdalnego sterowania PGYTECH Mantis RC M1 - \u2705 sklep z dronami i fachowym doradztwem. \u2705 Tutaj kupisz produkty DJI, Yuneec, Parrot, Syma i wiele innych, a tak\u017ce kursy i licencje na operatora drona.\",\"breadcrumb\":{\"@id\":\"https:\/\/ironsky.pl\/sklep\/produkt\/pilot-zdalnego-sterowania-pgytech-mantis-rc-m1\/#breadcrumb\"},\"inLanguage\":\"pl-PL\",\"potentialAction\":[{\"@type\":\"ReadAction\",\"target\":[\"https:\/\/ironsky.pl\/sklep\/produkt\/pilot-zdalnego-sterowania-pgytech-mantis-rc-m1\/\"]}]},{\"@type\":\"ImageObject\",\"inLanguage\":\"pl-PL\",\"@id\":\"https:\/\/ironsky.pl\/sklep\/produkt\/pilot-zdalnego-sterowania-pgytech-mantis-rc-m1\/#primaryimage\",\"url\":\"https:\/\/ironsky.pl\/sklep\/wp-content\/uploads\/2026\/04\/27264_1.jpg\",\"contentUrl\":\"https:\/\/ironsky.pl\/sklep\/wp-content\/uploads\/2026\/04\/27264_1.jpg\",\"width\":800,\"height\":800},{\"@type\":\"BreadcrumbList\",\"@id\":\"https:\/\/ironsky.pl\/sklep\/produkt\/pilot-zdalnego-sterowania-pgytech-mantis-rc-m1\/#breadcrumb\",\"itemListElement\":[{\"@type\":\"ListItem\",\"position\":1,\"name\":\"Strona g\u0142\u00f3wna\",\"item\":\"https:\/\/ironsky.pl\/sklep\/\"},{\"@type\":\"ListItem\",\"position\":2,\"name\":\"Wszystkie produkty\",\"item\":\"https:\/\/ironsky.pl\/sklep\/produkty\/\"},{\"@type\":\"ListItem\",\"position\":3,\"name\":\"Pilot zdalnego sterowania PGYTECH Mantis RC M1\"}]},{\"@type\":\"WebSite\",\"@id\":\"https:\/\/ironsky.pl\/sklep\/#website\",\"url\":\"https:\/\/ironsky.pl\/sklep\/\",\"name\":\"IRONSKY.PL Sklep z Dronami\",\"description\":\"IRONSKY.PL Sklep z Dronami\",\"potentialAction\":[{\"@type\":\"SearchAction\",\"target\":{\"@type\":\"EntryPoint\",\"urlTemplate\":\"https:\/\/ironsky.pl\/sklep\/?s={search_term_string}\"},\"query-input\":{\"@type\":\"PropertyValueSpecification\",\"valueRequired\":true,\"valueName\":\"search_term_string\"}}],\"inLanguage\":\"pl-PL\"}]}<\/script>\n<!-- \/ Yoast SEO plugin. -->","yoast_head_json":{"title":"Pilot zdalnego sterowania PGYTECH Mantis RC M1 - IRONSKY.PL Sklep z Dronami","description":"Pilot zdalnego sterowania PGYTECH Mantis RC M1 - \u2705 sklep z dronami i fachowym doradztwem. \u2705 Tutaj kupisz produkty DJI, Yuneec, Parrot, Syma i wiele innych, a tak\u017ce kursy i licencje na operatora drona.","robots":{"index":"index","follow":"follow","max-snippet":"max-snippet:-1","max-image-preview":"max-image-preview:large","max-video-preview":"max-video-preview:-1"},"canonical":"https:\/\/ironsky.pl\/sklep\/produkt\/pilot-zdalnego-sterowania-pgytech-mantis-rc-m1\/","og_locale":"pl_PL","og_type":"article","og_title":"Pilot zdalnego sterowania PGYTECH Mantis RC M1 - IRONSKY.PL Sklep z Dronami","og_description":"Pilot zdalnego sterowania PGYTECH Mantis RC M1 - \u2705 sklep z dronami i fachowym doradztwem. \u2705 Tutaj kupisz produkty DJI, Yuneec, Parrot, Syma i wiele innych, a tak\u017ce kursy i licencje na operatora drona.","og_url":"https:\/\/ironsky.pl\/sklep\/produkt\/pilot-zdalnego-sterowania-pgytech-mantis-rc-m1\/","og_site_name":"IRONSKY.PL Sklep z Dronami","article_modified_time":"2026-04-15T08:16:20+00:00","og_image":[{"width":800,"height":800,"url":"https:\/\/ironsky.pl\/sklep\/wp-content\/uploads\/2026\/04\/27264_1.jpg","type":"image\/jpeg"}],"twitter_card":"summary_large_image","twitter_misc":{"Szacowany czas czytania":"2 minuty"},"schema":{"@context":"https:\/\/schema.org","@graph":[{"@type":"WebPage","@id":"https:\/\/ironsky.pl\/sklep\/produkt\/pilot-zdalnego-sterowania-pgytech-mantis-rc-m1\/","url":"https:\/\/ironsky.pl\/sklep\/produkt\/pilot-zdalnego-sterowania-pgytech-mantis-rc-m1\/","name":"Pilot zdalnego sterowania PGYTECH Mantis RC M1 - IRONSKY.PL Sklep z Dronami","isPartOf":{"@id":"https:\/\/ironsky.pl\/sklep\/#website"},"primaryImageOfPage":{"@id":"https:\/\/ironsky.pl\/sklep\/produkt\/pilot-zdalnego-sterowania-pgytech-mantis-rc-m1\/#primaryimage"},"image":{"@id":"https:\/\/ironsky.pl\/sklep\/produkt\/pilot-zdalnego-sterowania-pgytech-mantis-rc-m1\/#primaryimage"},"thumbnailUrl":"https:\/\/ironsky.pl\/sklep\/wp-content\/uploads\/2026\/04\/27264_1.jpg","datePublished":"2026-04-15T08:16:11+00:00","dateModified":"2026-04-15T08:16:20+00:00","description":"Pilot zdalnego sterowania PGYTECH Mantis RC M1 - \u2705 sklep z dronami i fachowym doradztwem. \u2705 Tutaj kupisz produkty DJI, Yuneec, Parrot, Syma i wiele innych, a tak\u017ce kursy i licencje na operatora drona.","breadcrumb":{"@id":"https:\/\/ironsky.pl\/sklep\/produkt\/pilot-zdalnego-sterowania-pgytech-mantis-rc-m1\/#breadcrumb"},"inLanguage":"pl-PL","potentialAction":[{"@type":"ReadAction","target":["https:\/\/ironsky.pl\/sklep\/produkt\/pilot-zdalnego-sterowania-pgytech-mantis-rc-m1\/"]}]},{"@type":"ImageObject","inLanguage":"pl-PL","@id":"https:\/\/ironsky.pl\/sklep\/produkt\/pilot-zdalnego-sterowania-pgytech-mantis-rc-m1\/#primaryimage","url":"https:\/\/ironsky.pl\/sklep\/wp-content\/uploads\/2026\/04\/27264_1.jpg","contentUrl":"https:\/\/ironsky.pl\/sklep\/wp-content\/uploads\/2026\/04\/27264_1.jpg","width":800,"height":800},{"@type":"BreadcrumbList","@id":"https:\/\/ironsky.pl\/sklep\/produkt\/pilot-zdalnego-sterowania-pgytech-mantis-rc-m1\/#breadcrumb","itemListElement":[{"@type":"ListItem","position":1,"name":"Strona g\u0142\u00f3wna","item":"https:\/\/ironsky.pl\/sklep\/"},{"@type":"ListItem","position":2,"name":"Wszystkie produkty","item":"https:\/\/ironsky.pl\/sklep\/produkty\/"},{"@type":"ListItem","position":3,"name":"Pilot zdalnego sterowania PGYTECH Mantis RC M1"}]},{"@type":"WebSite","@id":"https:\/\/ironsky.pl\/sklep\/#website","url":"https:\/\/ironsky.pl\/sklep\/","name":"IRONSKY.PL Sklep z Dronami","description":"IRONSKY.PL Sklep z Dronami","potentialAction":[{"@type":"SearchAction","target":{"@type":"EntryPoint","urlTemplate":"https:\/\/ironsky.pl\/sklep\/?s={search_term_string}"},"query-input":{"@type":"PropertyValueSpecification","valueRequired":true,"valueName":"search_term_string"}}],"inLanguage":"pl-PL"}]}},"_links":{"self":[{"href":"https:\/\/ironsky.pl\/sklep\/wp-json\/wp\/v2\/product\/56562","targetHints":{"allow":["GET"]}}],"collection":[{"href":"https:\/\/ironsky.pl\/sklep\/wp-json\/wp\/v2\/product"}],"about":[{"href":"https:\/\/ironsky.pl\/sklep\/wp-json\/wp\/v2\/types\/product"}],"replies":[{"embeddable":true,"href":"https:\/\/ironsky.pl\/sklep\/wp-json\/wp\/v2\/comments?post=56562"}],"wp:featuredmedia":[{"embeddable":true,"href":"https:\/\/ironsky.pl\/sklep\/wp-json\/wp\/v2\/media\/56563"}],"wp:attachment":[{"href":"https:\/\/ironsky.pl\/sklep\/wp-json\/wp\/v2\/media?parent=56562"}],"wp:term":[{"taxonomy":"product_brand","embeddable":true,"href":"https:\/\/ironsky.pl\/sklep\/wp-json\/wp\/v2\/product_brand?post=56562"},{"taxonomy":"product_cat","embeddable":true,"href":"https:\/\/ironsky.pl\/sklep\/wp-json\/wp\/v2\/product_cat?post=56562"},{"taxonomy":"product_tag","embeddable":true,"href":"https:\/\/ironsky.pl\/sklep\/wp-json\/wp\/v2\/product_tag?post=56562"}],"curies":[{"name":"wp","href":"https:\/\/api.w.org\/{rel}","templated":true}]}}