{"id":56556,"date":"2026-04-15T10:16:11","date_gmt":"2026-04-15T08:16:11","guid":{"rendered":"https:\/\/ironsky.pl\/sklep\/produkt\/filtr-uv-pgytech-do-dji-avata-2\/"},"modified":"2026-04-15T10:50:20","modified_gmt":"2026-04-15T08:50:20","slug":"filtr-uv-pgytech-do-dji-avata-2","status":"publish","type":"product","link":"https:\/\/ironsky.pl\/sklep\/produkt\/filtr-uv-pgytech-do-dji-avata-2\/","title":{"rendered":"Filtr UV PGYTECH do DJI Avata"},"content":{"rendered":"<h3>Filtr UV PGYTECH do DJI Avata<\/h3>\n<p>Filtr UV PGYTECH jest dedykowany dla DJI Avata i blokuje niebieskie \u015bwiat\u0142o. Zosta\u0142 wykonany z aluminium lotniczego i hartowanego szk\u0142a, co przek\u0142ada si\u0119 na lekk\u0105 wag\u0119 i wytrzyma\u0142o\u015b\u0107. Jego monta\u017c zajmie Ci zaledwie chwil\u0119, a specjalne pow\u0142oki ochronne zabezpieczaj\u0105 przed uszkodzeniem i odpychaj\u0105 ciecze.<\/p>\n<p><img decoding=\"async\" src=\"https:\/\/b2b.innpro.pl\/data\/include\/cms\/PGYTECH\/P-36B-010\/3.jpg\"><\/p>\n<h3>Wysoka jako\u015b\u0107 obrazu<\/h3>\n<p>Filtr UV zapobiega przedostawaniu si\u0119 promieni UV do obiektywu. Blokuje te\u017c niebieskie \u015bwiat\u0142o, dzi\u0119ki czemu z \u0142atwo\u015bci\u0105 wyeliminujesz ze swoich zdj\u0119\u0107 niepo\u017c\u0105dane, b\u0142\u0119kitne lub bia\u0142awe odcienie. Produkt \u015bwietnie sprawdzi si\u0119 zatem na przyk\u0142ad podczas fotografowania otwartych przestrzeni takich jak morza lub rozleg\u0142e pola. Filtr pozwoli Ci tak\u017ce unikn\u0105\u0107 niepo\u017c\u0105danych odblask\u00f3w, zachowuj\u0105c przy tym \u017cyw\u0105, naturaln\u0105 kolorystyk\u0119.<\/p>\n<p><img decoding=\"async\" src=\"https:\/\/b2b.innpro.pl\/data\/include\/cms\/PGYTECH\/P-36B-010\/2.jpg\"><\/p>\n<h3>Solidna konstrukcja<\/h3>\n<p>Filtr PGYTECH pokryto wielowarstwow\u0105 pow\u0142ok\u0105, kt\u00f3ra odpycha wod\u0119 i t\u0142uszcz, co u\u0142atwi zachowanie go w czysto\u015bci. Co wi\u0119cej, jest odporny na zarysowania, dzi\u0119ki czemu d\u0142ugo Ci pos\u0142u\u017cy.<\/p>\n<p><img decoding=\"async\" src=\"https:\/\/b2b.innpro.pl\/data\/include\/cms\/PGYTECH\/P-36B-010\/1.jpg\"><\/p>\n<h3>Zaprojektowany dla DJI Avata<\/h3>\n<p>Filtr wa\u017cy zaledwie 1.35 g, a jego ramka zosta\u0142a wykonana z lotniczego aluminium CNC, co w rezultacie nie b\u0119dzie wp\u0142ywa\u0107 na lot drona. Co wi\u0119cej, jest odporny na korozj\u0119 i jest doskonale dopasowany do DJI Avata.<\/p>\n<p><img decoding=\"async\" src=\"https:\/\/b2b.innpro.pl\/data\/include\/cms\/PGYTECH\/P-36B-010\/6.jpg\"><\/p>\n<div class=\"table-wrapper\">\n<table>\n<tbody>\n<tr>\n<th>Producent<\/th>\n<td>PGYTECH<\/td>\n<\/tr>\n<tr>\n<th>Model<\/th>\n<td>P-36B-010<\/td>\n<\/tr>\n<tr>\n<th>Typ<\/th>\n<td>UV<\/td>\n<\/tr>\n<tr>\n<th>Kompatybilno\u015b\u0107<\/th>\n<td>DJI Avata<\/td>\n<\/tr>\n<tr>\n<th>Materia\u0142<\/th>\n<td>aluminium, szk\u0142o optyczne<\/td>\n<\/tr>\n<tr>\n<th>Waga<\/th>\n<td>1.35 g<\/td>\n<\/tr>\n<tr>\n<th>Wymiary<\/th>\n<td>\u03c622 x 3.6 mm<\/td>\n<\/tr>\n<tr>\n<th>Efekt filtra<\/th>\n<td>Ochrona obiektywu\/blokada \u015bwiat\u0142a UV<\/td>\n<\/tr>\n<tr>\n<th>Wp\u0142yw na kolory<\/th>\n<td>Neutralny\/p\u0142aski<\/td>\n<\/tr>\n<\/tbody>\n<\/table>\n<\/div>\n","protected":false},"excerpt":{"rendered":"<p>Filtr UV PGYTECH do DJI Avata Filtr UV PGYTECH jest dedykowany dla DJI Avata i blokuje niebieskie \u015bwiat\u0142o. Zosta\u0142 wykonany<\/p>\n","protected":false},"featured_media":56557,"comment_status":"closed","ping_status":"open","template":"","meta":{"_acf_changed":false},"product_brand":[],"product_cat":[6167,1088,6200],"product_tag":[],"class_list":{"0":"post-56556","1":"product","2":"type-product","3":"status-publish","4":"has-post-thumbnail","6":"product_cat-akcesoria-do-dronow","7":"product_cat-drony","8":"product_cat-filtry-do-dronow-akcesoria-do-dronow","9":"pa_okres-gwarancji-5754","10":"pa_producent-pgytech","12":"first","13":"outofstock","14":"taxable","15":"shipping-taxable","16":"purchasable","17":"product-type-simple"},"acf":[],"yoast_head":"<!-- This site is optimized with the Yoast SEO plugin v27.2 - https:\/\/yoast.com\/product\/yoast-seo-wordpress\/ -->\n<title>Filtr UV PGYTECH do DJI Avata - IRONSKY.PL Sklep z Dronami<\/title>\n<meta name=\"description\" content=\"Filtr UV PGYTECH do DJI Avata - \u2705 sklep z dronami i fachowym doradztwem. \u2705 Tutaj kupisz produkty DJI, Yuneec, Parrot, Syma i wiele innych, a tak\u017ce kursy i licencje na operatora drona.\" \/>\n<meta name=\"robots\" content=\"index, follow, max-snippet:-1, max-image-preview:large, max-video-preview:-1\" \/>\n<link rel=\"canonical\" href=\"https:\/\/ironsky.pl\/sklep\/produkt\/filtr-uv-pgytech-do-dji-avata-2\/\" \/>\n<meta property=\"og:locale\" content=\"pl_PL\" \/>\n<meta property=\"og:type\" content=\"article\" \/>\n<meta property=\"og:title\" content=\"Filtr UV PGYTECH do DJI Avata - IRONSKY.PL Sklep z Dronami\" \/>\n<meta property=\"og:description\" content=\"Filtr UV PGYTECH do DJI Avata - \u2705 sklep z dronami i fachowym doradztwem. \u2705 Tutaj kupisz produkty DJI, Yuneec, Parrot, Syma i wiele innych, a tak\u017ce kursy i licencje na operatora drona.\" \/>\n<meta property=\"og:url\" content=\"https:\/\/ironsky.pl\/sklep\/produkt\/filtr-uv-pgytech-do-dji-avata-2\/\" \/>\n<meta property=\"og:site_name\" content=\"IRONSKY.PL Sklep z Dronami\" \/>\n<meta property=\"article:modified_time\" content=\"2026-04-15T08:50:20+00:00\" \/>\n<meta property=\"og:image\" content=\"https:\/\/ironsky.pl\/sklep\/wp-content\/uploads\/2026\/04\/27227_1.jpg\" \/>\n\t<meta property=\"og:image:width\" content=\"800\" \/>\n\t<meta property=\"og:image:height\" content=\"800\" \/>\n\t<meta property=\"og:image:type\" content=\"image\/jpeg\" \/>\n<meta name=\"twitter:card\" content=\"summary_large_image\" \/>\n<meta name=\"twitter:label1\" content=\"Szacowany czas czytania\" \/>\n\t<meta name=\"twitter:data1\" content=\"1 minuta\" \/>\n<script type=\"application\/ld+json\" class=\"yoast-schema-graph\">{\"@context\":\"https:\/\/schema.org\",\"@graph\":[{\"@type\":\"WebPage\",\"@id\":\"https:\/\/ironsky.pl\/sklep\/produkt\/filtr-uv-pgytech-do-dji-avata-2\/\",\"url\":\"https:\/\/ironsky.pl\/sklep\/produkt\/filtr-uv-pgytech-do-dji-avata-2\/\",\"name\":\"Filtr UV PGYTECH do DJI Avata - IRONSKY.PL Sklep z Dronami\",\"isPartOf\":{\"@id\":\"https:\/\/ironsky.pl\/sklep\/#website\"},\"primaryImageOfPage\":{\"@id\":\"https:\/\/ironsky.pl\/sklep\/produkt\/filtr-uv-pgytech-do-dji-avata-2\/#primaryimage\"},\"image\":{\"@id\":\"https:\/\/ironsky.pl\/sklep\/produkt\/filtr-uv-pgytech-do-dji-avata-2\/#primaryimage\"},\"thumbnailUrl\":\"https:\/\/ironsky.pl\/sklep\/wp-content\/uploads\/2026\/04\/27227_1.jpg\",\"datePublished\":\"2026-04-15T08:16:11+00:00\",\"dateModified\":\"2026-04-15T08:50:20+00:00\",\"description\":\"Filtr UV PGYTECH do DJI Avata - \u2705 sklep z dronami i fachowym doradztwem. \u2705 Tutaj kupisz produkty DJI, Yuneec, Parrot, Syma i wiele innych, a tak\u017ce kursy i licencje na operatora drona.\",\"breadcrumb\":{\"@id\":\"https:\/\/ironsky.pl\/sklep\/produkt\/filtr-uv-pgytech-do-dji-avata-2\/#breadcrumb\"},\"inLanguage\":\"pl-PL\",\"potentialAction\":[{\"@type\":\"ReadAction\",\"target\":[\"https:\/\/ironsky.pl\/sklep\/produkt\/filtr-uv-pgytech-do-dji-avata-2\/\"]}]},{\"@type\":\"ImageObject\",\"inLanguage\":\"pl-PL\",\"@id\":\"https:\/\/ironsky.pl\/sklep\/produkt\/filtr-uv-pgytech-do-dji-avata-2\/#primaryimage\",\"url\":\"https:\/\/ironsky.pl\/sklep\/wp-content\/uploads\/2026\/04\/27227_1.jpg\",\"contentUrl\":\"https:\/\/ironsky.pl\/sklep\/wp-content\/uploads\/2026\/04\/27227_1.jpg\",\"width\":800,\"height\":800},{\"@type\":\"BreadcrumbList\",\"@id\":\"https:\/\/ironsky.pl\/sklep\/produkt\/filtr-uv-pgytech-do-dji-avata-2\/#breadcrumb\",\"itemListElement\":[{\"@type\":\"ListItem\",\"position\":1,\"name\":\"Strona g\u0142\u00f3wna\",\"item\":\"https:\/\/ironsky.pl\/sklep\/\"},{\"@type\":\"ListItem\",\"position\":2,\"name\":\"Wszystkie produkty\",\"item\":\"https:\/\/ironsky.pl\/sklep\/produkty\/\"},{\"@type\":\"ListItem\",\"position\":3,\"name\":\"Filtr UV PGYTECH do DJI Avata\"}]},{\"@type\":\"WebSite\",\"@id\":\"https:\/\/ironsky.pl\/sklep\/#website\",\"url\":\"https:\/\/ironsky.pl\/sklep\/\",\"name\":\"IRONSKY.PL Sklep z Dronami\",\"description\":\"IRONSKY.PL Sklep z Dronami\",\"potentialAction\":[{\"@type\":\"SearchAction\",\"target\":{\"@type\":\"EntryPoint\",\"urlTemplate\":\"https:\/\/ironsky.pl\/sklep\/?s={search_term_string}\"},\"query-input\":{\"@type\":\"PropertyValueSpecification\",\"valueRequired\":true,\"valueName\":\"search_term_string\"}}],\"inLanguage\":\"pl-PL\"}]}<\/script>\n<!-- \/ Yoast SEO plugin. -->","yoast_head_json":{"title":"Filtr UV PGYTECH do DJI Avata - IRONSKY.PL Sklep z Dronami","description":"Filtr UV PGYTECH do DJI Avata - \u2705 sklep z dronami i fachowym doradztwem. \u2705 Tutaj kupisz produkty DJI, Yuneec, Parrot, Syma i wiele innych, a tak\u017ce kursy i licencje na operatora drona.","robots":{"index":"index","follow":"follow","max-snippet":"max-snippet:-1","max-image-preview":"max-image-preview:large","max-video-preview":"max-video-preview:-1"},"canonical":"https:\/\/ironsky.pl\/sklep\/produkt\/filtr-uv-pgytech-do-dji-avata-2\/","og_locale":"pl_PL","og_type":"article","og_title":"Filtr UV PGYTECH do DJI Avata - IRONSKY.PL Sklep z Dronami","og_description":"Filtr UV PGYTECH do DJI Avata - \u2705 sklep z dronami i fachowym doradztwem. \u2705 Tutaj kupisz produkty DJI, Yuneec, Parrot, Syma i wiele innych, a tak\u017ce kursy i licencje na operatora drona.","og_url":"https:\/\/ironsky.pl\/sklep\/produkt\/filtr-uv-pgytech-do-dji-avata-2\/","og_site_name":"IRONSKY.PL Sklep z Dronami","article_modified_time":"2026-04-15T08:50:20+00:00","og_image":[{"width":800,"height":800,"url":"https:\/\/ironsky.pl\/sklep\/wp-content\/uploads\/2026\/04\/27227_1.jpg","type":"image\/jpeg"}],"twitter_card":"summary_large_image","twitter_misc":{"Szacowany czas czytania":"1 minuta"},"schema":{"@context":"https:\/\/schema.org","@graph":[{"@type":"WebPage","@id":"https:\/\/ironsky.pl\/sklep\/produkt\/filtr-uv-pgytech-do-dji-avata-2\/","url":"https:\/\/ironsky.pl\/sklep\/produkt\/filtr-uv-pgytech-do-dji-avata-2\/","name":"Filtr UV PGYTECH do DJI Avata - IRONSKY.PL Sklep z Dronami","isPartOf":{"@id":"https:\/\/ironsky.pl\/sklep\/#website"},"primaryImageOfPage":{"@id":"https:\/\/ironsky.pl\/sklep\/produkt\/filtr-uv-pgytech-do-dji-avata-2\/#primaryimage"},"image":{"@id":"https:\/\/ironsky.pl\/sklep\/produkt\/filtr-uv-pgytech-do-dji-avata-2\/#primaryimage"},"thumbnailUrl":"https:\/\/ironsky.pl\/sklep\/wp-content\/uploads\/2026\/04\/27227_1.jpg","datePublished":"2026-04-15T08:16:11+00:00","dateModified":"2026-04-15T08:50:20+00:00","description":"Filtr UV PGYTECH do DJI Avata - \u2705 sklep z dronami i fachowym doradztwem. \u2705 Tutaj kupisz produkty DJI, Yuneec, Parrot, Syma i wiele innych, a tak\u017ce kursy i licencje na operatora drona.","breadcrumb":{"@id":"https:\/\/ironsky.pl\/sklep\/produkt\/filtr-uv-pgytech-do-dji-avata-2\/#breadcrumb"},"inLanguage":"pl-PL","potentialAction":[{"@type":"ReadAction","target":["https:\/\/ironsky.pl\/sklep\/produkt\/filtr-uv-pgytech-do-dji-avata-2\/"]}]},{"@type":"ImageObject","inLanguage":"pl-PL","@id":"https:\/\/ironsky.pl\/sklep\/produkt\/filtr-uv-pgytech-do-dji-avata-2\/#primaryimage","url":"https:\/\/ironsky.pl\/sklep\/wp-content\/uploads\/2026\/04\/27227_1.jpg","contentUrl":"https:\/\/ironsky.pl\/sklep\/wp-content\/uploads\/2026\/04\/27227_1.jpg","width":800,"height":800},{"@type":"BreadcrumbList","@id":"https:\/\/ironsky.pl\/sklep\/produkt\/filtr-uv-pgytech-do-dji-avata-2\/#breadcrumb","itemListElement":[{"@type":"ListItem","position":1,"name":"Strona g\u0142\u00f3wna","item":"https:\/\/ironsky.pl\/sklep\/"},{"@type":"ListItem","position":2,"name":"Wszystkie produkty","item":"https:\/\/ironsky.pl\/sklep\/produkty\/"},{"@type":"ListItem","position":3,"name":"Filtr UV PGYTECH do DJI Avata"}]},{"@type":"WebSite","@id":"https:\/\/ironsky.pl\/sklep\/#website","url":"https:\/\/ironsky.pl\/sklep\/","name":"IRONSKY.PL Sklep z Dronami","description":"IRONSKY.PL Sklep z Dronami","potentialAction":[{"@type":"SearchAction","target":{"@type":"EntryPoint","urlTemplate":"https:\/\/ironsky.pl\/sklep\/?s={search_term_string}"},"query-input":{"@type":"PropertyValueSpecification","valueRequired":true,"valueName":"search_term_string"}}],"inLanguage":"pl-PL"}]}},"_links":{"self":[{"href":"https:\/\/ironsky.pl\/sklep\/wp-json\/wp\/v2\/product\/56556","targetHints":{"allow":["GET"]}}],"collection":[{"href":"https:\/\/ironsky.pl\/sklep\/wp-json\/wp\/v2\/product"}],"about":[{"href":"https:\/\/ironsky.pl\/sklep\/wp-json\/wp\/v2\/types\/product"}],"replies":[{"embeddable":true,"href":"https:\/\/ironsky.pl\/sklep\/wp-json\/wp\/v2\/comments?post=56556"}],"wp:featuredmedia":[{"embeddable":true,"href":"https:\/\/ironsky.pl\/sklep\/wp-json\/wp\/v2\/media\/56557"}],"wp:attachment":[{"href":"https:\/\/ironsky.pl\/sklep\/wp-json\/wp\/v2\/media?parent=56556"}],"wp:term":[{"taxonomy":"product_brand","embeddable":true,"href":"https:\/\/ironsky.pl\/sklep\/wp-json\/wp\/v2\/product_brand?post=56556"},{"taxonomy":"product_cat","embeddable":true,"href":"https:\/\/ironsky.pl\/sklep\/wp-json\/wp\/v2\/product_cat?post=56556"},{"taxonomy":"product_tag","embeddable":true,"href":"https:\/\/ironsky.pl\/sklep\/wp-json\/wp\/v2\/product_tag?post=56556"}],"curies":[{"name":"wp","href":"https:\/\/api.w.org\/{rel}","templated":true}]}}