{"id":56554,"date":"2026-04-15T10:16:11","date_gmt":"2026-04-15T08:16:11","guid":{"rendered":"https:\/\/ironsky.pl\/sklep\/produkt\/torba-transportowa-pgytech-do-dji-rs-3\/"},"modified":"2026-04-15T10:16:14","modified_gmt":"2026-04-15T08:16:14","slug":"torba-transportowa-pgytech-do-dji-rs-3","status":"publish","type":"product","link":"https:\/\/ironsky.pl\/sklep\/produkt\/torba-transportowa-pgytech-do-dji-rs-3\/","title":{"rendered":"Torba transportowa PGYTECH do DJI RS 3"},"content":{"rendered":"<h3>Torba PGYTECH do DJI RS 3<\/h3>\n<p>Zadbaj o bezpiecze\u0144stwo DJI RS 3 i jego akcesori\u00f3w. Torba PGYTECH wyr\u00f3\u017cnia si\u0119 solidn\u0105, odporn\u0105 na wod\u0119 i uszkodzenia konstrukcj\u0105, chroni\u0105c sprz\u0119t przed uszkodzeniem. Co wi\u0119cej, jest lekka i por\u0119czna, a dzi\u0119ki dedykowanym przegr\u00f3dkom zachowasz porz\u0105dek.<\/p>\n<p><img decoding=\"async\" src=\"https:\/\/b2b.innpro.pl\/data\/include\/cms\/PGYTECH\/P-RS3-100\/7.jpg\"><\/p>\n<h3>Dedykowana DJI RS 3<\/h3>\n<p>PGYTECH P-RS3-100 mimo niewielkiej konstrukcji pomie\u015bci gimbal RS 3, uchwyt BG21, tripod, p\u0142ytk\u0119 monta\u017cow\u0105, kabel, tablet itp. Natomiast do mniejszych kieszeni schowasz filtry czy karty pami\u0119ci. Co wi\u0119cej, wg\u0142\u0119bienia z tworzywa EVA s\u0105 dopasowane do wielko\u015bci akcesori\u00f3w, co pozwoli zachowa\u0107 porz\u0105dek. <\/p>\n<p><img decoding=\"async\" src=\"https:\/\/b2b.innpro.pl\/data\/include\/cms\/PGYTECH\/P-RS3-100\/1.jpg\"><\/p>\n<h3>Wytrzyma\u0142a<\/h3>\n<p>Torba P-RS3-100 powsta\u0142a z takich materia\u0142\u00f3w jak nylon i EVA, dzi\u0119ki czemu jest odporna na deformacj\u0119 i uszkodzenia. Co wi\u0119cej, cechuje si\u0119 wodoodporno\u015bci\u0105 na poziomie IP44. Szczelny zamek chroni przed dostaniem si\u0119 do \u015brodka wody lub kurzu, a ergonomiczny uchwyt u\u0142atwia przenoszenie.<\/p>\n<p><img decoding=\"async\" src=\"https:\/\/b2b.innpro.pl\/data\/include\/cms\/PGYTECH\/P-RS3-100\/6.jpg\"><\/p>\n<div class=\"table-wrapper\">\n<table>\n<tbody>\n<tr>\n<th>Producent<\/th>\n<td>PGYTECH<\/td>\n<\/tr>\n<tr>\n<th>Model<\/th>\n<td>P-RS3-100<\/td>\n<\/tr>\n<tr>\n<th>Kolor<\/th>\n<td>czarny<\/td>\n<\/tr>\n<tr>\n<th>Materia\u0142<\/th>\n<td>Nylon + EVA<\/td>\n<\/tr>\n<tr>\n<th>Wodoodporno\u015b\u0107<\/th>\n<td>IP44<\/td>\n<\/tr>\n<tr>\n<th>Waga<\/th>\n<td>780 g<\/td>\n<\/tr>\n<tr>\n<th>Wymiary<\/th>\n<td>340 x 260 x 110 mm<\/td>\n<\/tr>\n<\/tbody>\n<\/table>\n<\/div>\n","protected":false},"excerpt":{"rendered":"<p>Torba PGYTECH do DJI RS 3 Zadbaj o bezpiecze\u0144stwo DJI RS 3 i jego akcesori\u00f3w. Torba PGYTECH wyr\u00f3\u017cnia si\u0119 solidn\u0105,<\/p>\n","protected":false},"featured_media":56555,"comment_status":"closed","ping_status":"open","template":"","meta":{"_acf_changed":false},"product_brand":[],"product_cat":[1128,6172,6205],"product_tag":[],"class_list":{"0":"post-56554","1":"product","2":"type-product","3":"status-publish","4":"has-post-thumbnail","6":"product_cat-foto-wideo","7":"product_cat-przechowywanie-i-transport","8":"product_cat-torby","9":"pa_okres-gwarancji-5754","10":"pa_producent-pgytech","12":"first","13":"outofstock","14":"taxable","15":"shipping-taxable","16":"purchasable","17":"product-type-simple"},"acf":[],"yoast_head":"<!-- This site is optimized with the Yoast SEO plugin v27.2 - https:\/\/yoast.com\/product\/yoast-seo-wordpress\/ -->\n<title>Torba transportowa PGYTECH do DJI RS 3 - IRONSKY.PL Sklep z Dronami<\/title>\n<meta name=\"description\" content=\"Torba transportowa PGYTECH do DJI RS 3 - \u2705 sklep z dronami i fachowym doradztwem. \u2705 Tutaj kupisz produkty DJI, Yuneec, Parrot, Syma i wiele innych, a tak\u017ce kursy i licencje na operatora drona.\" \/>\n<meta name=\"robots\" content=\"index, follow, max-snippet:-1, max-image-preview:large, max-video-preview:-1\" \/>\n<link rel=\"canonical\" href=\"https:\/\/ironsky.pl\/sklep\/produkt\/torba-transportowa-pgytech-do-dji-rs-3\/\" \/>\n<meta property=\"og:locale\" content=\"pl_PL\" \/>\n<meta property=\"og:type\" content=\"article\" \/>\n<meta property=\"og:title\" content=\"Torba transportowa PGYTECH do DJI RS 3 - IRONSKY.PL Sklep z Dronami\" \/>\n<meta property=\"og:description\" content=\"Torba transportowa PGYTECH do DJI RS 3 - \u2705 sklep z dronami i fachowym doradztwem. \u2705 Tutaj kupisz produkty DJI, Yuneec, Parrot, Syma i wiele innych, a tak\u017ce kursy i licencje na operatora drona.\" \/>\n<meta property=\"og:url\" content=\"https:\/\/ironsky.pl\/sklep\/produkt\/torba-transportowa-pgytech-do-dji-rs-3\/\" \/>\n<meta property=\"og:site_name\" content=\"IRONSKY.PL Sklep z Dronami\" \/>\n<meta property=\"article:modified_time\" content=\"2026-04-15T08:16:14+00:00\" \/>\n<meta property=\"og:image\" content=\"https:\/\/ironsky.pl\/sklep\/wp-content\/uploads\/2026\/04\/27223_1.jpg\" \/>\n\t<meta property=\"og:image:width\" content=\"800\" \/>\n\t<meta property=\"og:image:height\" content=\"800\" \/>\n\t<meta property=\"og:image:type\" content=\"image\/jpeg\" \/>\n<meta name=\"twitter:card\" content=\"summary_large_image\" \/>\n<meta name=\"twitter:label1\" content=\"Szacowany czas czytania\" \/>\n\t<meta name=\"twitter:data1\" content=\"1 minuta\" \/>\n<script type=\"application\/ld+json\" class=\"yoast-schema-graph\">{\"@context\":\"https:\/\/schema.org\",\"@graph\":[{\"@type\":\"WebPage\",\"@id\":\"https:\/\/ironsky.pl\/sklep\/produkt\/torba-transportowa-pgytech-do-dji-rs-3\/\",\"url\":\"https:\/\/ironsky.pl\/sklep\/produkt\/torba-transportowa-pgytech-do-dji-rs-3\/\",\"name\":\"Torba transportowa PGYTECH do DJI RS 3 - IRONSKY.PL Sklep z Dronami\",\"isPartOf\":{\"@id\":\"https:\/\/ironsky.pl\/sklep\/#website\"},\"primaryImageOfPage\":{\"@id\":\"https:\/\/ironsky.pl\/sklep\/produkt\/torba-transportowa-pgytech-do-dji-rs-3\/#primaryimage\"},\"image\":{\"@id\":\"https:\/\/ironsky.pl\/sklep\/produkt\/torba-transportowa-pgytech-do-dji-rs-3\/#primaryimage\"},\"thumbnailUrl\":\"https:\/\/ironsky.pl\/sklep\/wp-content\/uploads\/2026\/04\/27223_1.jpg\",\"datePublished\":\"2026-04-15T08:16:11+00:00\",\"dateModified\":\"2026-04-15T08:16:14+00:00\",\"description\":\"Torba transportowa PGYTECH do DJI RS 3 - \u2705 sklep z dronami i fachowym doradztwem. \u2705 Tutaj kupisz produkty DJI, Yuneec, Parrot, Syma i wiele innych, a tak\u017ce kursy i licencje na operatora drona.\",\"breadcrumb\":{\"@id\":\"https:\/\/ironsky.pl\/sklep\/produkt\/torba-transportowa-pgytech-do-dji-rs-3\/#breadcrumb\"},\"inLanguage\":\"pl-PL\",\"potentialAction\":[{\"@type\":\"ReadAction\",\"target\":[\"https:\/\/ironsky.pl\/sklep\/produkt\/torba-transportowa-pgytech-do-dji-rs-3\/\"]}]},{\"@type\":\"ImageObject\",\"inLanguage\":\"pl-PL\",\"@id\":\"https:\/\/ironsky.pl\/sklep\/produkt\/torba-transportowa-pgytech-do-dji-rs-3\/#primaryimage\",\"url\":\"https:\/\/ironsky.pl\/sklep\/wp-content\/uploads\/2026\/04\/27223_1.jpg\",\"contentUrl\":\"https:\/\/ironsky.pl\/sklep\/wp-content\/uploads\/2026\/04\/27223_1.jpg\",\"width\":800,\"height\":800},{\"@type\":\"BreadcrumbList\",\"@id\":\"https:\/\/ironsky.pl\/sklep\/produkt\/torba-transportowa-pgytech-do-dji-rs-3\/#breadcrumb\",\"itemListElement\":[{\"@type\":\"ListItem\",\"position\":1,\"name\":\"Strona g\u0142\u00f3wna\",\"item\":\"https:\/\/ironsky.pl\/sklep\/\"},{\"@type\":\"ListItem\",\"position\":2,\"name\":\"Wszystkie produkty\",\"item\":\"https:\/\/ironsky.pl\/sklep\/produkty\/\"},{\"@type\":\"ListItem\",\"position\":3,\"name\":\"Torba transportowa PGYTECH do DJI RS 3\"}]},{\"@type\":\"WebSite\",\"@id\":\"https:\/\/ironsky.pl\/sklep\/#website\",\"url\":\"https:\/\/ironsky.pl\/sklep\/\",\"name\":\"IRONSKY.PL Sklep z Dronami\",\"description\":\"IRONSKY.PL Sklep z Dronami\",\"potentialAction\":[{\"@type\":\"SearchAction\",\"target\":{\"@type\":\"EntryPoint\",\"urlTemplate\":\"https:\/\/ironsky.pl\/sklep\/?s={search_term_string}\"},\"query-input\":{\"@type\":\"PropertyValueSpecification\",\"valueRequired\":true,\"valueName\":\"search_term_string\"}}],\"inLanguage\":\"pl-PL\"}]}<\/script>\n<!-- \/ Yoast SEO plugin. -->","yoast_head_json":{"title":"Torba transportowa PGYTECH do DJI RS 3 - IRONSKY.PL Sklep z Dronami","description":"Torba transportowa PGYTECH do DJI RS 3 - \u2705 sklep z dronami i fachowym doradztwem. \u2705 Tutaj kupisz produkty DJI, Yuneec, Parrot, Syma i wiele innych, a tak\u017ce kursy i licencje na operatora drona.","robots":{"index":"index","follow":"follow","max-snippet":"max-snippet:-1","max-image-preview":"max-image-preview:large","max-video-preview":"max-video-preview:-1"},"canonical":"https:\/\/ironsky.pl\/sklep\/produkt\/torba-transportowa-pgytech-do-dji-rs-3\/","og_locale":"pl_PL","og_type":"article","og_title":"Torba transportowa PGYTECH do DJI RS 3 - IRONSKY.PL Sklep z Dronami","og_description":"Torba transportowa PGYTECH do DJI RS 3 - \u2705 sklep z dronami i fachowym doradztwem. \u2705 Tutaj kupisz produkty DJI, Yuneec, Parrot, Syma i wiele innych, a tak\u017ce kursy i licencje na operatora drona.","og_url":"https:\/\/ironsky.pl\/sklep\/produkt\/torba-transportowa-pgytech-do-dji-rs-3\/","og_site_name":"IRONSKY.PL Sklep z Dronami","article_modified_time":"2026-04-15T08:16:14+00:00","og_image":[{"width":800,"height":800,"url":"https:\/\/ironsky.pl\/sklep\/wp-content\/uploads\/2026\/04\/27223_1.jpg","type":"image\/jpeg"}],"twitter_card":"summary_large_image","twitter_misc":{"Szacowany czas czytania":"1 minuta"},"schema":{"@context":"https:\/\/schema.org","@graph":[{"@type":"WebPage","@id":"https:\/\/ironsky.pl\/sklep\/produkt\/torba-transportowa-pgytech-do-dji-rs-3\/","url":"https:\/\/ironsky.pl\/sklep\/produkt\/torba-transportowa-pgytech-do-dji-rs-3\/","name":"Torba transportowa PGYTECH do DJI RS 3 - IRONSKY.PL Sklep z Dronami","isPartOf":{"@id":"https:\/\/ironsky.pl\/sklep\/#website"},"primaryImageOfPage":{"@id":"https:\/\/ironsky.pl\/sklep\/produkt\/torba-transportowa-pgytech-do-dji-rs-3\/#primaryimage"},"image":{"@id":"https:\/\/ironsky.pl\/sklep\/produkt\/torba-transportowa-pgytech-do-dji-rs-3\/#primaryimage"},"thumbnailUrl":"https:\/\/ironsky.pl\/sklep\/wp-content\/uploads\/2026\/04\/27223_1.jpg","datePublished":"2026-04-15T08:16:11+00:00","dateModified":"2026-04-15T08:16:14+00:00","description":"Torba transportowa PGYTECH do DJI RS 3 - \u2705 sklep z dronami i fachowym doradztwem. \u2705 Tutaj kupisz produkty DJI, Yuneec, Parrot, Syma i wiele innych, a tak\u017ce kursy i licencje na operatora drona.","breadcrumb":{"@id":"https:\/\/ironsky.pl\/sklep\/produkt\/torba-transportowa-pgytech-do-dji-rs-3\/#breadcrumb"},"inLanguage":"pl-PL","potentialAction":[{"@type":"ReadAction","target":["https:\/\/ironsky.pl\/sklep\/produkt\/torba-transportowa-pgytech-do-dji-rs-3\/"]}]},{"@type":"ImageObject","inLanguage":"pl-PL","@id":"https:\/\/ironsky.pl\/sklep\/produkt\/torba-transportowa-pgytech-do-dji-rs-3\/#primaryimage","url":"https:\/\/ironsky.pl\/sklep\/wp-content\/uploads\/2026\/04\/27223_1.jpg","contentUrl":"https:\/\/ironsky.pl\/sklep\/wp-content\/uploads\/2026\/04\/27223_1.jpg","width":800,"height":800},{"@type":"BreadcrumbList","@id":"https:\/\/ironsky.pl\/sklep\/produkt\/torba-transportowa-pgytech-do-dji-rs-3\/#breadcrumb","itemListElement":[{"@type":"ListItem","position":1,"name":"Strona g\u0142\u00f3wna","item":"https:\/\/ironsky.pl\/sklep\/"},{"@type":"ListItem","position":2,"name":"Wszystkie produkty","item":"https:\/\/ironsky.pl\/sklep\/produkty\/"},{"@type":"ListItem","position":3,"name":"Torba transportowa PGYTECH do DJI RS 3"}]},{"@type":"WebSite","@id":"https:\/\/ironsky.pl\/sklep\/#website","url":"https:\/\/ironsky.pl\/sklep\/","name":"IRONSKY.PL Sklep z Dronami","description":"IRONSKY.PL Sklep z Dronami","potentialAction":[{"@type":"SearchAction","target":{"@type":"EntryPoint","urlTemplate":"https:\/\/ironsky.pl\/sklep\/?s={search_term_string}"},"query-input":{"@type":"PropertyValueSpecification","valueRequired":true,"valueName":"search_term_string"}}],"inLanguage":"pl-PL"}]}},"_links":{"self":[{"href":"https:\/\/ironsky.pl\/sklep\/wp-json\/wp\/v2\/product\/56554","targetHints":{"allow":["GET"]}}],"collection":[{"href":"https:\/\/ironsky.pl\/sklep\/wp-json\/wp\/v2\/product"}],"about":[{"href":"https:\/\/ironsky.pl\/sklep\/wp-json\/wp\/v2\/types\/product"}],"replies":[{"embeddable":true,"href":"https:\/\/ironsky.pl\/sklep\/wp-json\/wp\/v2\/comments?post=56554"}],"wp:featuredmedia":[{"embeddable":true,"href":"https:\/\/ironsky.pl\/sklep\/wp-json\/wp\/v2\/media\/56555"}],"wp:attachment":[{"href":"https:\/\/ironsky.pl\/sklep\/wp-json\/wp\/v2\/media?parent=56554"}],"wp:term":[{"taxonomy":"product_brand","embeddable":true,"href":"https:\/\/ironsky.pl\/sklep\/wp-json\/wp\/v2\/product_brand?post=56554"},{"taxonomy":"product_cat","embeddable":true,"href":"https:\/\/ironsky.pl\/sklep\/wp-json\/wp\/v2\/product_cat?post=56554"},{"taxonomy":"product_tag","embeddable":true,"href":"https:\/\/ironsky.pl\/sklep\/wp-json\/wp\/v2\/product_tag?post=56554"}],"curies":[{"name":"wp","href":"https:\/\/api.w.org\/{rel}","templated":true}]}}