{"id":56537,"date":"2026-04-15T10:15:15","date_gmt":"2026-04-15T08:15:15","guid":{"rendered":"https:\/\/ironsky.pl\/sklep\/produkt\/stacja-zasilania-ecoflow-river-2-pro-768wh\/"},"modified":"2026-04-15T10:50:15","modified_gmt":"2026-04-15T08:50:15","slug":"stacja-zasilania-ecoflow-river-2-pro-768wh","status":"publish","type":"product","link":"https:\/\/ironsky.pl\/sklep\/produkt\/stacja-zasilania-ecoflow-river-2-pro-768wh\/","title":{"rendered":"Stacja zasilania ECOFLOW RIVER 2 Pro 768Wh"},"content":{"rendered":"<h3>Przeno\u015bna stacja zasilania EcoFlow RIVER 2 Pro<\/h3>\n<p>Zapewnij swoim urz\u0105dzeniom niezawodne \u017ar\u00f3d\u0142o zasilania. Przeno\u015bna stacja EcoFlow RIVER 2 Pro cechuje si\u0119 pojemno\u015bci\u0105 768 Wh i moc\u0105 wyj\u015bciow\u0105 do 800 W. Co wi\u0119cej, dzi\u0119ki technologii X-Boost poradzi sobie tak\u017ce ze sprz\u0119tami o mocy do 1600 W. To oznacza, \u017ce mo\u017ce zasila\u0107 nawet 80% powszechnie u\u017cywanych urz\u0105dze\u0144 domowych! Stacja obs\u0142uguje te\u017c szybkie \u0142adowanie &#8211; do 100% na\u0142adujesz j\u0105 ju\u017c w oko\u0142o 70 minut. Produkt wyr\u00f3\u017cnia si\u0119 tak\u017ce przeno\u015bn\u0105 konstrukcj\u0105. Dost\u0119pna jest r\u00f3wnie\u017c dedykowana aplikacja EcoFlow.<\/p>\n<p><img decoding=\"async\" src=\"https:\/\/b2b.innpro.pl\/data\/include\/cms\/12EcoFlow\/River-2-Pro\/9.jpg\"><\/p>\n<h3>Zasili nawet 80% niezb\u0119dnych urz\u0105dze\u0144<\/h3>\n<p>Wybierz stacj\u0119 zasilania, kt\u00f3ra sprawdzi si\u0119 w ka\u017cdej sytuacji. EcoFlow RIVER 2 Pro wyr\u00f3\u017cnia si\u0119 moc\u0105 wyj\u015bciow\u0105 do 800 W (gniazdko AC). Do dyspozycji masz r\u00f3wnie\u017c technologi\u0119 X-Boost, dzi\u0119ki kt\u00f3rej produkt mo\u017ce obs\u0142u\u017cy\u0107 sprz\u0119t o mocy do 1600 W. Suszarka, mikrofal\u00f3wka, a mo\u017ce czajnik? RIVER 2 Pro dostarczy energii nawet 80% popularnych urz\u0105dze\u0144 domowych!<\/p>\n<p><img decoding=\"async\" src=\"https:\/\/b2b.innpro.pl\/data\/include\/cms\/12EcoFlow\/River-2-Pro\/6.jpg\"><\/p>\n<h3>Od 0% do 100% w 70 minut<\/h3>\n<p>Koniec z przed\u0142u\u017caj\u0105cym si\u0119 oczekiwaniem, a\u017c stacja b\u0119dzie zn\u00f3w gotowa do pracy. RIVER 2 Pro obs\u0142uguje szybkie \u0142adowanie. Po prostu pod\u0142\u0105cz j\u0105 do gniazdka AC, a po oko\u0142o 70 minutach b\u0119dzie ju\u017c ca\u0142kowicie na\u0142adowana! Organizujesz wypraw\u0119 kamperem? A mo\u017ce wybierasz si\u0119 na wycieczk\u0119 pod namiot? Pod\u0142\u0105cz swoj\u0105 stacj\u0119 do pr\u0105du i zabierz si\u0119 za pakowanie &#8211; zanim sko\u0144czysz, RIVER 2 Pro b\u0119dzie ju\u017c na\u0142adowana!<\/p>\n<p><img decoding=\"async\" src=\"https:\/\/b2b.innpro.pl\/data\/include\/cms\/12EcoFlow\/River-2-Pro\/3.jpg\"><\/p>\n<h3>Akumulator, na kt\u00f3rym mo\u017cesz polega\u0107<\/h3>\n<p>Ciesz si\u0119 imponuj\u0105c\u0105 \u017cywotno\u015bci\u0105 swojej stacji. RIVER 2 Pro zosta\u0142a wyposa\u017cona w wydajny akumulator LFP, kt\u00f3ry b\u0119dzie \u015bwietnie Ci s\u0142u\u017cy\u0142 przez d\u0142ugi czas. Umo\u017cliwia ca\u0142kowite na\u0142adowanie i roz\u0142adowanie urz\u0105dzenia nawet 3000 razy, co przek\u0142ada si\u0119 na oko\u0142o 10 lat u\u017cytkowania. Co wi\u0119cej, dzi\u0119ki ogniwom LFP sprz\u0119ty z serii RIVER 2 pracuj\u0105 bezpieczniej i wydajniej &#8211; nawet przy wysokich temperaturach. Na uwag\u0119 zas\u0142uguje te\u017c system BMS, kt\u00f3ry gwarantuje niezawodne dzia\u0142anie akumulatora.<\/p>\n<p><img decoding=\"async\" src=\"https:\/\/b2b.innpro.pl\/data\/include\/cms\/12EcoFlow\/River-2-Pro\/7.jpg\"><\/p>\n<h3>Na\u0142adujesz j\u0105 na 4 sposoby<\/h3>\n<p>Stacja zasilania RIVER 2 Pro doskonale sprawdzi si\u0119 w r\u00f3\u017cnych scenariuszach &#8211; w domu, podczas podr\u00f3\u017cy czy pod namiotem. Mo\u017cesz \u0142adowa\u0107 j\u0105 na 4 sposoby &#8211; na przyk\u0142ad za pomoc\u0105 gniazdka AC lub \u0142adowarki samochodowej. Istnieje te\u017c mo\u017cliwo\u015b\u0107 wykorzystania ekologicznej energii s\u0142onecznej &#8211; przy u\u017cyciu paneli fotowoltaicznych na\u0142adujesz urz\u0105dzenie w oko\u0142o 3 godziny. To jednak nie koniec &#8211; RIVER 2 Pro obs\u0142uguje r\u00f3wnie\u017c nowy spos\u00f3b \u0142adowania przez USB-C.<\/p>\n<p><img decoding=\"async\" src=\"https:\/\/b2b.innpro.pl\/data\/include\/cms\/12EcoFlow\/River-2-Pro\/8.jpg\"><\/p>\n<h3>Zabierz j\u0105, gdzie chcesz<\/h3>\n<p>Piknik na pla\u017cy, grill z przyjaci\u00f3\u0142mi, a mo\u017ce weekend pod namiotem? RIVER 2 Pro mo\u017ce Ci towarzyszy\u0107 niemal wsz\u0119dzie! Mimo pot\u0119\u017cnych mo\u017cliwo\u015bci, nowa stacja EcoFlow jest zaskakuj\u0105co lekka &#8211; wa\u017cy tylko oko\u0142o 7,8 kg. Jest te\u017c na tyle niewielka, \u017ce bez trudu zmie\u015bcisz j\u0105 w kamperze czy baga\u017cniku samochodu. Dodatkowo ma praktyczny uchwyt, kt\u00f3ry znacznie u\u0142atwia jej transport. Zabierz j\u0105 tam, gdzie b\u0119dzie Ci potrzebna i ciesz si\u0119 bezproblemowym dost\u0119pem do pr\u0105du.<\/p>\n<p><img decoding=\"async\" src=\"https:\/\/b2b.innpro.pl\/data\/include\/cms\/12EcoFlow\/River-2-Pro\/11.jpg\"><\/p>\n<h3>Funkcja EPS<\/h3>\n<p>Przygotuj si\u0119 na nieprzewidziane okoliczno\u015bci i zadbaj o niezawodne \u017ar\u00f3d\u0142o zasilania dla swoich urz\u0105dze\u0144. Stacja EcoFlow RIVER 2 Pro mo\u017ce pe\u0142ni\u0107 funkcj\u0119 EPS. To oznacza, \u017ce je\u015bli nagle zabraknie pr\u0105du, w ci\u0105gu oko\u0142o 30 ms zacznie dostarcza\u0107 energi\u0119 wybranym sprz\u0119tom. Sprawdzi si\u0119 na przyk\u0142ad jako zasilanie awaryjne akwarium, lampy, lod\u00f3wki czy aparatu CPAP.<\/p>\n<p><img decoding=\"async\" src=\"https:\/\/b2b.innpro.pl\/data\/include\/cms\/12EcoFlow\/River-2-Pro\/2.jpg\"><\/p>\n<h3>Wypr\u00f3buj aplikacj\u0119 EcoFlow<\/h3>\n<p>Ciesz si\u0119 wygodn\u0105, zdaln\u0105 kontrol\u0105 swojej stacji. Wystarczy, \u017ce sparujesz j\u0105 z aplikacj\u0105 EcoFlow, kt\u00f3r\u0105 mo\u017cesz pobra\u0107 ze sklepu Google Play lub App Store. Kiedy to zrobisz, zyskasz mo\u017cliwo\u015b\u0107 sprawdzania poziom\u00f3w na\u0142adowania, regulacji pr\u0119dko\u015bci \u0142adowania i dostosowywania ustawie\u0144. Teraz wszystkie najwa\u017cniejsze funkcje masz na wyci\u0105gni\u0119cie r\u0119ki! Stacja RIVER 2 Pro \u0142\u0105czy si\u0119 z telefonem przez Bluetooth lub Wi-Fi.<\/p>\n<p><img decoding=\"async\" src=\"https:\/\/b2b.innpro.pl\/data\/include\/cms\/12EcoFlow\/River-2-Pro\/5.jpg\"><\/p>\n<h3>W zestawie<\/h3>\n<ul>\n<li>Stacja zasilania RIVER 2 Pro<\/li>\n<li>Kabel do \u0142adowania AC<\/li>\n<li>Kabel do \u0142adowania za pomoc\u0105 \u0142adowarki samochodowej<\/li>\n<li>Przew\u00f3d po\u0142\u0105czeniowy DC5521<\/li>\n<li>Przewodnik Szybki Start<\/li>\n<\/ul>\n<div class=\"table-wrapper\">\n<table>\n<tbody>\n<tr>\n<th>Producent<\/th>\n<td>EcoFlow<\/td>\n<\/tr>\n<tr>\n<th>Model<\/th>\n<td>RIVER 2 Pro<\/td>\n<\/tr>\n<tr>\n<th>Pojemno\u015b\u0107<\/th>\n<td>768 Wh<\/td>\n<\/tr>\n<tr>\n<th>Waga<\/th>\n<td>Ok. 7,8 kg<\/td>\n<\/tr>\n<tr>\n<th>Wymiary<\/th>\n<td>Ok. 270 x 260 x 226 mm<\/td>\n<\/tr>\n<tr>\n<th>Wej\u015bcie AC<\/th>\n<td>220-240 V~ 50\/60 Hz, 10 A maks.<\/td>\n<\/tr>\n<tr>\n<th>Wej\u015bcie DC<\/th>\n<td>11-50 V 13 A, 220 W maks.<\/td>\n<\/tr>\n<tr>\n<th>Wej\u015bcie \/ wyj\u015bcie USB-C<\/th>\n<td>5 \/ 9 \/ 12 \/ 15 \/ 20 V 5 A, 100 W maks.<\/td>\n<\/tr>\n<tr>\n<th>Wyj\u015bcie USB-A<\/th>\n<td>5 V 2,4 A 12 W maks. (na ka\u017cdy port, \u0142\u0105cznie 24 W)<\/td>\n<\/tr>\n<tr>\n<th>Wyj\u015bcie DC<\/th>\n<td>12,6 V 10 A \/ 3 A \/ 3 A, 126 W maks.<\/td>\n<\/tr>\n<tr>\n<th>Wyj\u015bcie AC<\/th>\n<td>Czysta fala sinusoidalna, \u0142\u0105cznie 800 W (przep\u0142yw 1600 W), 230 V~ 50\/60 Hz<\/td>\n<\/tr>\n<tr>\n<th>Ogniwo akumulatora<\/th>\n<td>LFP<\/td>\n<\/tr>\n<tr>\n<th>\u017bywotno\u015b\u0107<\/th>\n<td>80% pojemno\u015bci po 3000 cykli \u0142adowania<\/td>\n<\/tr>\n<tr>\n<th>Temperatura roz\u0142adowania<\/th>\n<td>Od -10\u00b0C do 45\u00b0C<\/td>\n<\/tr>\n<tr>\n<th>Temperatura \u0142adowania<\/th>\n<td>Od 0\u00b0C do 45\u00b0C<\/td>\n<\/tr>\n<tr>\n<th>Optymalna temperatura pracy<\/th>\n<td>Od 20\u00b0C do 30\u00b0C<\/td>\n<\/tr>\n<tr>\n<th>Temperatura przechowywania<\/th>\n<td>Od -10\u00b0C do 45\u00b0C (optymalnie od 20\u00b0C do 30\u00b0C)<\/td>\n<\/tr>\n<tr>\n<th>Aplikacja<\/th>\n<td>EcoFlow<\/td>\n<\/tr>\n<tr>\n<th>\u0141\u0105czno\u015b\u0107<\/th>\n<td>Wi-Fi, Bluetooth<\/td>\n<\/tr>\n<\/tbody>\n<\/table>\n<\/div>\n","protected":false},"excerpt":{"rendered":"<p>Przeno\u015bna stacja zasilania EcoFlow RIVER 2 Pro Zapewnij swoim urz\u0105dzeniom niezawodne \u017ar\u00f3d\u0142o zasilania. Przeno\u015bna stacja EcoFlow RIVER 2 Pro cechuje<\/p>\n","protected":false},"featured_media":56538,"comment_status":"closed","ping_status":"open","template":"","meta":{"_acf_changed":false},"product_brand":[],"product_cat":[1108,1111,6199],"product_tag":[],"class_list":{"0":"post-56537","1":"product","2":"type-product","3":"status-publish","4":"has-post-thumbnail","6":"product_cat-energia","7":"product_cat-stacje-zasilania","8":"product_cat-stacje-zasilania-stacje-zasilania","9":"pa_60-m-5771","10":"pa_producent-ecoflow","12":"first","13":"outofstock","14":"taxable","15":"shipping-taxable","16":"purchasable","17":"product-type-simple"},"acf":[],"yoast_head":"<!-- This site is optimized with the Yoast SEO plugin v27.2 - https:\/\/yoast.com\/product\/yoast-seo-wordpress\/ -->\n<title>Stacja zasilania ECOFLOW RIVER 2 Pro 768Wh - IRONSKY.PL Sklep z Dronami<\/title>\n<meta name=\"description\" content=\"Stacja zasilania ECOFLOW RIVER 2 Pro 768Wh - \u2705 sklep z dronami i fachowym doradztwem. \u2705 Tutaj kupisz produkty DJI, Yuneec, Parrot, Syma i wiele innych, a tak\u017ce kursy i licencje na operatora drona.\" \/>\n<meta name=\"robots\" content=\"index, follow, max-snippet:-1, max-image-preview:large, max-video-preview:-1\" \/>\n<link rel=\"canonical\" href=\"https:\/\/ironsky.pl\/sklep\/produkt\/stacja-zasilania-ecoflow-river-2-pro-768wh\/\" \/>\n<meta property=\"og:locale\" content=\"pl_PL\" \/>\n<meta property=\"og:type\" content=\"article\" \/>\n<meta property=\"og:title\" content=\"Stacja zasilania ECOFLOW RIVER 2 Pro 768Wh - IRONSKY.PL Sklep z Dronami\" \/>\n<meta property=\"og:description\" content=\"Stacja zasilania ECOFLOW RIVER 2 Pro 768Wh - \u2705 sklep z dronami i fachowym doradztwem. \u2705 Tutaj kupisz produkty DJI, Yuneec, Parrot, Syma i wiele innych, a tak\u017ce kursy i licencje na operatora drona.\" \/>\n<meta property=\"og:url\" content=\"https:\/\/ironsky.pl\/sklep\/produkt\/stacja-zasilania-ecoflow-river-2-pro-768wh\/\" \/>\n<meta property=\"og:site_name\" content=\"IRONSKY.PL Sklep z Dronami\" \/>\n<meta property=\"article:modified_time\" content=\"2026-04-15T08:50:15+00:00\" \/>\n<meta property=\"og:image\" content=\"https:\/\/ironsky.pl\/sklep\/wp-content\/uploads\/2026\/04\/26848_1.jpg\" \/>\n\t<meta property=\"og:image:width\" content=\"800\" \/>\n\t<meta property=\"og:image:height\" content=\"800\" \/>\n\t<meta property=\"og:image:type\" content=\"image\/jpeg\" \/>\n<meta name=\"twitter:card\" content=\"summary_large_image\" \/>\n<meta name=\"twitter:label1\" content=\"Szacowany czas czytania\" \/>\n\t<meta name=\"twitter:data1\" content=\"4 minuty\" \/>\n<script type=\"application\/ld+json\" class=\"yoast-schema-graph\">{\"@context\":\"https:\/\/schema.org\",\"@graph\":[{\"@type\":\"WebPage\",\"@id\":\"https:\/\/ironsky.pl\/sklep\/produkt\/stacja-zasilania-ecoflow-river-2-pro-768wh\/\",\"url\":\"https:\/\/ironsky.pl\/sklep\/produkt\/stacja-zasilania-ecoflow-river-2-pro-768wh\/\",\"name\":\"Stacja zasilania ECOFLOW RIVER 2 Pro 768Wh - IRONSKY.PL Sklep z Dronami\",\"isPartOf\":{\"@id\":\"https:\/\/ironsky.pl\/sklep\/#website\"},\"primaryImageOfPage\":{\"@id\":\"https:\/\/ironsky.pl\/sklep\/produkt\/stacja-zasilania-ecoflow-river-2-pro-768wh\/#primaryimage\"},\"image\":{\"@id\":\"https:\/\/ironsky.pl\/sklep\/produkt\/stacja-zasilania-ecoflow-river-2-pro-768wh\/#primaryimage\"},\"thumbnailUrl\":\"https:\/\/ironsky.pl\/sklep\/wp-content\/uploads\/2026\/04\/26848_1.jpg\",\"datePublished\":\"2026-04-15T08:15:15+00:00\",\"dateModified\":\"2026-04-15T08:50:15+00:00\",\"description\":\"Stacja zasilania ECOFLOW RIVER 2 Pro 768Wh - \u2705 sklep z dronami i fachowym doradztwem. \u2705 Tutaj kupisz produkty DJI, Yuneec, Parrot, Syma i wiele innych, a tak\u017ce kursy i licencje na operatora drona.\",\"breadcrumb\":{\"@id\":\"https:\/\/ironsky.pl\/sklep\/produkt\/stacja-zasilania-ecoflow-river-2-pro-768wh\/#breadcrumb\"},\"inLanguage\":\"pl-PL\",\"potentialAction\":[{\"@type\":\"ReadAction\",\"target\":[\"https:\/\/ironsky.pl\/sklep\/produkt\/stacja-zasilania-ecoflow-river-2-pro-768wh\/\"]}]},{\"@type\":\"ImageObject\",\"inLanguage\":\"pl-PL\",\"@id\":\"https:\/\/ironsky.pl\/sklep\/produkt\/stacja-zasilania-ecoflow-river-2-pro-768wh\/#primaryimage\",\"url\":\"https:\/\/ironsky.pl\/sklep\/wp-content\/uploads\/2026\/04\/26848_1.jpg\",\"contentUrl\":\"https:\/\/ironsky.pl\/sklep\/wp-content\/uploads\/2026\/04\/26848_1.jpg\",\"width\":800,\"height\":800},{\"@type\":\"BreadcrumbList\",\"@id\":\"https:\/\/ironsky.pl\/sklep\/produkt\/stacja-zasilania-ecoflow-river-2-pro-768wh\/#breadcrumb\",\"itemListElement\":[{\"@type\":\"ListItem\",\"position\":1,\"name\":\"Strona g\u0142\u00f3wna\",\"item\":\"https:\/\/ironsky.pl\/sklep\/\"},{\"@type\":\"ListItem\",\"position\":2,\"name\":\"Wszystkie produkty\",\"item\":\"https:\/\/ironsky.pl\/sklep\/produkty\/\"},{\"@type\":\"ListItem\",\"position\":3,\"name\":\"Stacja zasilania ECOFLOW RIVER 2 Pro 768Wh\"}]},{\"@type\":\"WebSite\",\"@id\":\"https:\/\/ironsky.pl\/sklep\/#website\",\"url\":\"https:\/\/ironsky.pl\/sklep\/\",\"name\":\"IRONSKY.PL Sklep z Dronami\",\"description\":\"IRONSKY.PL Sklep z Dronami\",\"potentialAction\":[{\"@type\":\"SearchAction\",\"target\":{\"@type\":\"EntryPoint\",\"urlTemplate\":\"https:\/\/ironsky.pl\/sklep\/?s={search_term_string}\"},\"query-input\":{\"@type\":\"PropertyValueSpecification\",\"valueRequired\":true,\"valueName\":\"search_term_string\"}}],\"inLanguage\":\"pl-PL\"}]}<\/script>\n<!-- \/ Yoast SEO plugin. -->","yoast_head_json":{"title":"Stacja zasilania ECOFLOW RIVER 2 Pro 768Wh - IRONSKY.PL Sklep z Dronami","description":"Stacja zasilania ECOFLOW RIVER 2 Pro 768Wh - \u2705 sklep z dronami i fachowym doradztwem. \u2705 Tutaj kupisz produkty DJI, Yuneec, Parrot, Syma i wiele innych, a tak\u017ce kursy i licencje na operatora drona.","robots":{"index":"index","follow":"follow","max-snippet":"max-snippet:-1","max-image-preview":"max-image-preview:large","max-video-preview":"max-video-preview:-1"},"canonical":"https:\/\/ironsky.pl\/sklep\/produkt\/stacja-zasilania-ecoflow-river-2-pro-768wh\/","og_locale":"pl_PL","og_type":"article","og_title":"Stacja zasilania ECOFLOW RIVER 2 Pro 768Wh - IRONSKY.PL Sklep z Dronami","og_description":"Stacja zasilania ECOFLOW RIVER 2 Pro 768Wh - \u2705 sklep z dronami i fachowym doradztwem. \u2705 Tutaj kupisz produkty DJI, Yuneec, Parrot, Syma i wiele innych, a tak\u017ce kursy i licencje na operatora drona.","og_url":"https:\/\/ironsky.pl\/sklep\/produkt\/stacja-zasilania-ecoflow-river-2-pro-768wh\/","og_site_name":"IRONSKY.PL Sklep z Dronami","article_modified_time":"2026-04-15T08:50:15+00:00","og_image":[{"width":800,"height":800,"url":"https:\/\/ironsky.pl\/sklep\/wp-content\/uploads\/2026\/04\/26848_1.jpg","type":"image\/jpeg"}],"twitter_card":"summary_large_image","twitter_misc":{"Szacowany czas czytania":"4 minuty"},"schema":{"@context":"https:\/\/schema.org","@graph":[{"@type":"WebPage","@id":"https:\/\/ironsky.pl\/sklep\/produkt\/stacja-zasilania-ecoflow-river-2-pro-768wh\/","url":"https:\/\/ironsky.pl\/sklep\/produkt\/stacja-zasilania-ecoflow-river-2-pro-768wh\/","name":"Stacja zasilania ECOFLOW RIVER 2 Pro 768Wh - IRONSKY.PL Sklep z Dronami","isPartOf":{"@id":"https:\/\/ironsky.pl\/sklep\/#website"},"primaryImageOfPage":{"@id":"https:\/\/ironsky.pl\/sklep\/produkt\/stacja-zasilania-ecoflow-river-2-pro-768wh\/#primaryimage"},"image":{"@id":"https:\/\/ironsky.pl\/sklep\/produkt\/stacja-zasilania-ecoflow-river-2-pro-768wh\/#primaryimage"},"thumbnailUrl":"https:\/\/ironsky.pl\/sklep\/wp-content\/uploads\/2026\/04\/26848_1.jpg","datePublished":"2026-04-15T08:15:15+00:00","dateModified":"2026-04-15T08:50:15+00:00","description":"Stacja zasilania ECOFLOW RIVER 2 Pro 768Wh - \u2705 sklep z dronami i fachowym doradztwem. \u2705 Tutaj kupisz produkty DJI, Yuneec, Parrot, Syma i wiele innych, a tak\u017ce kursy i licencje na operatora drona.","breadcrumb":{"@id":"https:\/\/ironsky.pl\/sklep\/produkt\/stacja-zasilania-ecoflow-river-2-pro-768wh\/#breadcrumb"},"inLanguage":"pl-PL","potentialAction":[{"@type":"ReadAction","target":["https:\/\/ironsky.pl\/sklep\/produkt\/stacja-zasilania-ecoflow-river-2-pro-768wh\/"]}]},{"@type":"ImageObject","inLanguage":"pl-PL","@id":"https:\/\/ironsky.pl\/sklep\/produkt\/stacja-zasilania-ecoflow-river-2-pro-768wh\/#primaryimage","url":"https:\/\/ironsky.pl\/sklep\/wp-content\/uploads\/2026\/04\/26848_1.jpg","contentUrl":"https:\/\/ironsky.pl\/sklep\/wp-content\/uploads\/2026\/04\/26848_1.jpg","width":800,"height":800},{"@type":"BreadcrumbList","@id":"https:\/\/ironsky.pl\/sklep\/produkt\/stacja-zasilania-ecoflow-river-2-pro-768wh\/#breadcrumb","itemListElement":[{"@type":"ListItem","position":1,"name":"Strona g\u0142\u00f3wna","item":"https:\/\/ironsky.pl\/sklep\/"},{"@type":"ListItem","position":2,"name":"Wszystkie produkty","item":"https:\/\/ironsky.pl\/sklep\/produkty\/"},{"@type":"ListItem","position":3,"name":"Stacja zasilania ECOFLOW RIVER 2 Pro 768Wh"}]},{"@type":"WebSite","@id":"https:\/\/ironsky.pl\/sklep\/#website","url":"https:\/\/ironsky.pl\/sklep\/","name":"IRONSKY.PL Sklep z Dronami","description":"IRONSKY.PL Sklep z Dronami","potentialAction":[{"@type":"SearchAction","target":{"@type":"EntryPoint","urlTemplate":"https:\/\/ironsky.pl\/sklep\/?s={search_term_string}"},"query-input":{"@type":"PropertyValueSpecification","valueRequired":true,"valueName":"search_term_string"}}],"inLanguage":"pl-PL"}]}},"_links":{"self":[{"href":"https:\/\/ironsky.pl\/sklep\/wp-json\/wp\/v2\/product\/56537","targetHints":{"allow":["GET"]}}],"collection":[{"href":"https:\/\/ironsky.pl\/sklep\/wp-json\/wp\/v2\/product"}],"about":[{"href":"https:\/\/ironsky.pl\/sklep\/wp-json\/wp\/v2\/types\/product"}],"replies":[{"embeddable":true,"href":"https:\/\/ironsky.pl\/sklep\/wp-json\/wp\/v2\/comments?post=56537"}],"wp:featuredmedia":[{"embeddable":true,"href":"https:\/\/ironsky.pl\/sklep\/wp-json\/wp\/v2\/media\/56538"}],"wp:attachment":[{"href":"https:\/\/ironsky.pl\/sklep\/wp-json\/wp\/v2\/media?parent=56537"}],"wp:term":[{"taxonomy":"product_brand","embeddable":true,"href":"https:\/\/ironsky.pl\/sklep\/wp-json\/wp\/v2\/product_brand?post=56537"},{"taxonomy":"product_cat","embeddable":true,"href":"https:\/\/ironsky.pl\/sklep\/wp-json\/wp\/v2\/product_cat?post=56537"},{"taxonomy":"product_tag","embeddable":true,"href":"https:\/\/ironsky.pl\/sklep\/wp-json\/wp\/v2\/product_tag?post=56537"}],"curies":[{"name":"wp","href":"https:\/\/api.w.org\/{rel}","templated":true}]}}