{"id":56527,"date":"2026-04-15T10:15:15","date_gmt":"2026-04-15T08:15:15","guid":{"rendered":"https:\/\/ironsky.pl\/sklep\/produkt\/przenosna-stacja-zasilania-ecoflow-river-2-max-2\/"},"modified":"2026-04-15T10:50:14","modified_gmt":"2026-04-15T08:50:14","slug":"przenosna-stacja-zasilania-ecoflow-river-2-max-2","status":"publish","type":"product","link":"https:\/\/ironsky.pl\/sklep\/produkt\/przenosna-stacja-zasilania-ecoflow-river-2-max-2\/","title":{"rendered":"Przeno\u015bna stacja zasilania EcoFlow RIVER 2 Max"},"content":{"rendered":"<h3>Przeno\u015bna stacja zasilania EcoFlow RIVER 2 Max<\/h3>\n<p>Stacja EcoFlow RIVER 2 Max mo\u017ce stanowi\u0107 doskona\u0142e \u017ar\u00f3d\u0142o zasilania dla Twoich urz\u0105dze\u0144. Jej pojemno\u015b\u0107 wynosi 512 Wh, a moc wyj\u015bciowa si\u0119ga 500 W. Ponadto dzi\u0119ki technologii X-Boost sprawdzi si\u0119 r\u00f3wnie\u017c w po\u0142\u0105czeniu ze sprz\u0119tem do 1000 W. Na uwag\u0119 zas\u0142uguje tak\u017ce szybkie \u0142adowanie &#8211; aby na\u0142adowa\u0107 produkt do 100%, wystarczy oko\u0142o 60 minut. Stacja jest te\u017c stosunkowo lekka &#8211; wa\u017cy tylko oko\u0142o 6 kg. Do dyspozycji masz r\u00f3wnie\u017c aplikacj\u0119 EcoFlow, kt\u00f3ra znacznie u\u0142atwia jej obs\u0142ug\u0119.<\/p>\n<p>\n<img decoding=\"async\" src=\"https:\/\/assets.innpro.pl\/13136\/22093\/11.jpg\" border=\"0\" alt=\"\" \/>\n<\/p>\n<h3>Zasili nawet 80% podstawowych urz\u0105dze\u0144<\/h3>\n<p>Warunki polowe? A mo\u017ce niespodziewana awaria zasilania? Z RIVER 2 Max nie musisz si\u0119 niczego obawia\u0107! Stacja wyr\u00f3\u017cnia si\u0119 moc\u0105 wyj\u015bciow\u0105 na poziomie 500 W (gniazdko AC), co oznacza, \u017ce bez problemu dostarczy energi\u0119 wybranym sprz\u0119tom. Zale\u017cy Ci na wi\u0119kszych mo\u017cliwo\u015bciach? Skorzystaj z trybu X-Boost, kt\u00f3ry umo\u017cliwia obs\u0142ug\u0119 urz\u0105dze\u0144 do 1000 W! Wszystko to sprawia, \u017ce RIVER 2 Max mo\u017ce zasila\u0107 nawet 80% powszechnie u\u017cywanych sprz\u0119t\u00f3w domowych takich jak odkurzacz czy opiekacz do kanapek.<\/p>\n<p>\n<img decoding=\"async\" src=\"https:\/\/assets.innpro.pl\/13136\/22093\/7.jpg\" border=\"0\" alt=\"\" \/>\n<\/p>\n<h3>Od 0% do 100% w godzin\u0119<\/h3>\n<p>RIVER 2 Max \u0142aduje si\u0119 nawet 5x szybciej ni\u017c inne urz\u0105dzenia tego typu dost\u0119pne na rynku. Aby na\u0142adowa\u0107 j\u0105 do 100% za pomoc\u0105 gniazdka AC, wystarczy oko\u0142o 60 minut. Dzi\u0119ki temu zaoszcz\u0119dzisz czas! Przyk\u0142adowo, je\u015bli wybierasz si\u0119 w podr\u00f3\u017c, mo\u017cesz pod\u0142\u0105czy\u0107 stacj\u0119 do \u0142adowania i zabra\u0107 si\u0119 za pakowanie baga\u017cu. Kiedy sko\u0144czysz, RIVER 2 Max zn\u00f3w b\u0119dzie w pe\u0142ni gotowa do pracy!<\/p>\n<p>\n<img decoding=\"async\" src=\"https:\/\/assets.innpro.pl\/13136\/22093\/4.jpg\" border=\"0\" alt=\"\" \/>\n<\/p>\n<h3>Na\u0142adujesz j\u0105 na 4 sposoby<\/h3>\n<p>Co jeszcze sprawia, \u017ce stacja RIVER 2 Max tak dobrze sprawdzi si\u0119 zar\u00f3wno w domu, jak i podczas podr\u00f3\u017cy? Produkt obs\u0142uguje 4 r\u00f3\u017cne sposoby \u0142adowania. Mo\u017cesz na przyk\u0142ad pod\u0142\u0105czy\u0107 go do gniazdka AC lub skorzysta\u0107 z \u0142adowarki samochodowej. Masz r\u00f3wnie\u017c mo\u017cliwo\u015b\u0107 na\u0142adowania stacji za pomoc\u0105 paneli s\u0142onecznych &#8211; w odpowiednich warunkach potrwa to tylko oko\u0142o 3 godzin. Dost\u0119pny jest tak\u017ce nowy spos\u00f3b \u0142adowania &#8211; przez USB-C.<\/p>\n<p>\n<img decoding=\"async\" src=\"https:\/\/assets.innpro.pl\/13136\/22093\/2.jpg\" border=\"0\" alt=\"\" \/>\n<\/p>\n<h3>Ulepszony akumulator<\/h3>\n<p>Wybierz stacj\u0119 zasilania, kt\u00f3ra b\u0119dzie \u015bwietnie Ci s\u0142u\u017cy\u0107 przez d\u0142ugi czas. RIVER 2 Max zosta\u0142a wyposa\u017cona w ulepszony akumulator LFP, kt\u00f3ry gwarantuje jej imponuj\u0105c\u0105 \u017cywotno\u015b\u0107. Pozwala na\u0142adowa\u0107 i roz\u0142adowa\u0107 urz\u0105dzenie oko\u0142o 3000 razy, co przek\u0142ada si\u0119 nawet na 10 lat u\u017cytkowania! Co wi\u0119cej, dzi\u0119ki ogniwom LFP stacja pracuje wydajniej i bezpieczniej &#8211; nawet przy wysokich temperaturach. RIVER 2 Max wykorzystuje te\u017c zaawansowany system BMS, kt\u00f3ry zapewnia niezawodne dzia\u0142anie akumulatora.<\/p>\n<p>\n<img decoding=\"async\" src=\"https:\/\/assets.innpro.pl\/13136\/22093\/6.jpg\" border=\"0\" alt=\"\" \/>\n<\/p>\n<h3>Funkcja EPS<\/h3>\n<p>Z EcoFlow RIVER 2 Max mo\u017cesz lepiej przygotowa\u0107 si\u0119 na nieprzewidziane okoliczno\u015bci. Stacja sprawdzi si\u0119 r\u00f3wnie\u017c w roli EPS &#8211; je\u017celi nast\u0105pi przerwa w dostawie pr\u0105du, w ci\u0105gu 30 ms zacznie zasila\u0107 wybrane urz\u0105dzenia. To doskona\u0142e rozwi\u0105zanie, je\u015bli zale\u017cy Ci na dzia\u0142aniu okre\u015blonych sprz\u0119t\u00f3w niezale\u017cnie od okoliczno\u015bci. RIVER 2 Max umo\u017cliwia na przyk\u0142ad awaryjne zasilanie akwarium, lampy czy aparatu CPAP.<\/p>\n<p>\n<img decoding=\"async\" src=\"https:\/\/assets.innpro.pl\/13136\/22093\/9.jpg\" border=\"0\" alt=\"\" \/>\n<\/p>\n<h3>Przeno\u015bna konstrukcja<\/h3>\n<p>Zabierz swoj\u0105 stacj\u0119 wsz\u0119dzie tam, gdzie b\u0119dzie Ci potrzebne niezawodne \u017ar\u00f3d\u0142o zasilania. RIVER 2 Max jest o 22% l\u017cejsza od urz\u0105dze\u0144 poprzedniej generacji &#8211; wa\u017cy tylko oko\u0142o 6 kg. Ma r\u00f3wnie\u017c praktyczny uchwyt, kt\u00f3ry u\u0142atwi Ci jej przenoszenie. Co wi\u0119cej, dzi\u0119ki stosunkowo niewielkim rozmiarom, bez problemu zmie\u015bcisz j\u0105 w baga\u017cniku lub kamperze. To doskona\u0142e rozwi\u0105zanie na grilla, piknik na pla\u017cy lub wycieczk\u0119 pod namiot!<\/p>\n<p>\n<img decoding=\"async\" src=\"https:\/\/assets.innpro.pl\/13136\/22093\/1.jpg\" border=\"0\" alt=\"\" \/>\n<\/p>\n<h3>Zdalne sterowanie z aplikacj\u0105<\/h3>\n<p>Zale\u017cy Ci na dodatkowych mo\u017cliwo\u015bciach? Pobierz aplikacj\u0119 EcoFlow, kt\u00f3ra umo\u017cliwia wygodne, zdalne sterowanie stacj\u0105. Znajdziesz j\u0105 na przyk\u0142ad w sklepie Google Play lub App Store. Za jej pomoc\u0105 mo\u017cesz mi\u0119dzy innymi szybko sprawdza\u0107 poziomy na\u0142adowania, zmienia\u0107 pr\u0119dko\u015bci \u0142adowania i dostosowywa\u0107 ustawienia. Wystarczy kilka klikni\u0119\u0107! Stacja RIVER 2 Max \u0142\u0105czy si\u0119 ze smartfonem przez Wi-Fi lub Bluetooth.<\/p>\n<p>\n<img decoding=\"async\" src=\"https:\/\/assets.innpro.pl\/13136\/22093\/8.jpg\" border=\"0\" alt=\"\" \/>\n<\/p>\n<h3>W zestawie<\/h3>\n<ul class=\"list-disc pl-5\">\n<li>Stacja zasilania RIVER 2 Max<\/li>\n<li>Kabel \u0142aduj\u0105cy AC <\/li>\n<li>Instrukcje obs\u0142ugi i karta gwarancyjna<\/li>\n<\/ul>\n<div class=\"table-wrapper\">\n<p>\u00a0<\/p>\n<h3><\/h3>\n<table>\n<tbody>\n<tr>\n<th>Producent <\/th>\n<td>EcoFlow<\/td>\n<\/tr>\n<tr>\n<th>Model <\/th>\n<td>RIVER 2 Max<\/td>\n<\/tr>\n<tr>\n<th>Pojemno\u015b\u0107 <\/th>\n<td>512 Wh<\/td>\n<\/tr>\n<tr>\n<th>Waga <\/th>\n<td>Ok. 6 kg<\/td>\n<\/tr>\n<tr>\n<th>Wymiary <\/th>\n<td>Ok. 270 x 260 x 196 mm<\/td>\n<\/tr>\n<tr>\n<th>Wej\u015bcie AC <\/th>\n<td>220-240 V~ 50\/60 Hz, 10 A maks.<\/td>\n<\/tr>\n<tr>\n<th>Wej\u015bcie DC <\/th>\n<td>11-50 V 13 A, 220 W maks.<\/td>\n<\/tr>\n<tr>\n<th>Wej\u015bcie \/ wyj\u015bcie USB-C <\/th>\n<td>5 \/ 9 \/ 12 \/ 15 \/ 20 V 5 A, 100 W maks.<\/td>\n<\/tr>\n<tr>\n<th>Wyj\u015bcie USB-A <\/th>\n<td>5 V 2,4 A 12 W maks. (na ka\u017cdy port, \u0142\u0105cznie 24 W)<\/td>\n<\/tr>\n<tr>\n<th>Wyj\u015bcie DC <\/th>\n<td>12,6 V 10 A \/ 3 A \/ 3 A, 126 W maks.<\/td>\n<\/tr>\n<tr>\n<th>Wyj\u015bcie AC <\/th>\n<td>Czysta fala sinusoidalna, \u0142\u0105cznie 500 W (przep\u0142yw 1000 W), 230 V~ 50\/60 Hz<\/td>\n<\/tr>\n<tr>\n<th>Ogniwo akumulatora <\/th>\n<td>LFP<\/td>\n<\/tr>\n<tr>\n<th>\u017bywotno\u015b\u0107 <\/th>\n<td>80% pojemno\u015bci po 3000 cykli \u0142adowania<\/td>\n<\/tr>\n<tr>\n<th>Temperatura roz\u0142adowania <\/th>\n<td>Od -10\u00b0C do 45\u00b0C<\/td>\n<\/tr>\n<tr>\n<th>Temperatura \u0142adowania <\/th>\n<td>Od 0\u00b0C do 45\u00b0C<\/td>\n<\/tr>\n<tr>\n<th>Optymalna temperatura pracy <\/th>\n<td>Od 20\u00b0C do 30\u00b0C<\/td>\n<\/tr>\n<tr>\n<th>Temperatura przechowywania <\/th>\n<td>Od -10\u00b0C do 45\u00b0C (optymalnie od 20\u00b0C do 30\u00b0C)<\/td>\n<\/tr>\n<tr>\n<th>Aplikacja <\/th>\n<td>EcoFlow<\/td>\n<\/tr>\n<tr>\n<th>\u0141\u0105czno\u015b\u0107 <\/th>\n<td>Wi-Fi, Bluetooth<\/td>\n<\/tr>\n<\/tbody>\n<\/table>\n<\/div>\n","protected":false},"excerpt":{"rendered":"<p>Przeno\u015bna stacja zasilania EcoFlow RIVER 2 Max Stacja EcoFlow RIVER 2 Max mo\u017ce stanowi\u0107 doskona\u0142e \u017ar\u00f3d\u0142o zasilania dla Twoich urz\u0105dze\u0144.<\/p>\n","protected":false},"featured_media":56528,"comment_status":"closed","ping_status":"open","template":"","meta":{"_acf_changed":false},"product_brand":[],"product_cat":[1108,1111,6199],"product_tag":[],"class_list":{"0":"post-56527","1":"product","2":"type-product","3":"status-publish","4":"has-post-thumbnail","6":"product_cat-energia","7":"product_cat-stacje-zasilania","8":"product_cat-stacje-zasilania-stacje-zasilania","9":"pa_60-m-5771","10":"pa_producent-ecoflow","12":"first","13":"outofstock","14":"taxable","15":"shipping-taxable","16":"purchasable","17":"product-type-simple"},"acf":[],"yoast_head":"<!-- This site is optimized with the Yoast SEO plugin v27.2 - https:\/\/yoast.com\/product\/yoast-seo-wordpress\/ -->\n<title>Przeno\u015bna stacja zasilania EcoFlow RIVER 2 Max - IRONSKY.PL Sklep z Dronami<\/title>\n<meta name=\"description\" content=\"Przeno\u015bna stacja zasilania EcoFlow RIVER 2 Max - \u2705 sklep z dronami i fachowym doradztwem. \u2705 Tutaj kupisz produkty DJI, Yuneec, Parrot, Syma i wiele innych, a tak\u017ce kursy i licencje na operatora drona.\" \/>\n<meta name=\"robots\" content=\"index, follow, max-snippet:-1, max-image-preview:large, max-video-preview:-1\" \/>\n<link rel=\"canonical\" href=\"https:\/\/ironsky.pl\/sklep\/produkt\/przenosna-stacja-zasilania-ecoflow-river-2-max-2\/\" \/>\n<meta property=\"og:locale\" content=\"pl_PL\" \/>\n<meta property=\"og:type\" content=\"article\" \/>\n<meta property=\"og:title\" content=\"Przeno\u015bna stacja zasilania EcoFlow RIVER 2 Max - IRONSKY.PL Sklep z Dronami\" \/>\n<meta property=\"og:description\" content=\"Przeno\u015bna stacja zasilania EcoFlow RIVER 2 Max - \u2705 sklep z dronami i fachowym doradztwem. \u2705 Tutaj kupisz produkty DJI, Yuneec, Parrot, Syma i wiele innych, a tak\u017ce kursy i licencje na operatora drona.\" \/>\n<meta property=\"og:url\" content=\"https:\/\/ironsky.pl\/sklep\/produkt\/przenosna-stacja-zasilania-ecoflow-river-2-max-2\/\" \/>\n<meta property=\"og:site_name\" content=\"IRONSKY.PL Sklep z Dronami\" \/>\n<meta property=\"article:modified_time\" content=\"2026-04-15T08:50:14+00:00\" \/>\n<meta property=\"og:image\" content=\"https:\/\/ironsky.pl\/sklep\/wp-content\/uploads\/2026\/04\/26847_1.jpg\" \/>\n\t<meta property=\"og:image:width\" content=\"800\" \/>\n\t<meta property=\"og:image:height\" content=\"800\" \/>\n\t<meta property=\"og:image:type\" content=\"image\/jpeg\" \/>\n<meta name=\"twitter:card\" content=\"summary_large_image\" \/>\n<meta name=\"twitter:label1\" content=\"Szacowany czas czytania\" \/>\n\t<meta name=\"twitter:data1\" content=\"4 minuty\" \/>\n<script type=\"application\/ld+json\" class=\"yoast-schema-graph\">{\"@context\":\"https:\/\/schema.org\",\"@graph\":[{\"@type\":\"WebPage\",\"@id\":\"https:\/\/ironsky.pl\/sklep\/produkt\/przenosna-stacja-zasilania-ecoflow-river-2-max-2\/\",\"url\":\"https:\/\/ironsky.pl\/sklep\/produkt\/przenosna-stacja-zasilania-ecoflow-river-2-max-2\/\",\"name\":\"Przeno\u015bna stacja zasilania EcoFlow RIVER 2 Max - IRONSKY.PL Sklep z Dronami\",\"isPartOf\":{\"@id\":\"https:\/\/ironsky.pl\/sklep\/#website\"},\"primaryImageOfPage\":{\"@id\":\"https:\/\/ironsky.pl\/sklep\/produkt\/przenosna-stacja-zasilania-ecoflow-river-2-max-2\/#primaryimage\"},\"image\":{\"@id\":\"https:\/\/ironsky.pl\/sklep\/produkt\/przenosna-stacja-zasilania-ecoflow-river-2-max-2\/#primaryimage\"},\"thumbnailUrl\":\"https:\/\/ironsky.pl\/sklep\/wp-content\/uploads\/2026\/04\/26847_1.jpg\",\"datePublished\":\"2026-04-15T08:15:15+00:00\",\"dateModified\":\"2026-04-15T08:50:14+00:00\",\"description\":\"Przeno\u015bna stacja zasilania EcoFlow RIVER 2 Max - \u2705 sklep z dronami i fachowym doradztwem. \u2705 Tutaj kupisz produkty DJI, Yuneec, Parrot, Syma i wiele innych, a tak\u017ce kursy i licencje na operatora drona.\",\"breadcrumb\":{\"@id\":\"https:\/\/ironsky.pl\/sklep\/produkt\/przenosna-stacja-zasilania-ecoflow-river-2-max-2\/#breadcrumb\"},\"inLanguage\":\"pl-PL\",\"potentialAction\":[{\"@type\":\"ReadAction\",\"target\":[\"https:\/\/ironsky.pl\/sklep\/produkt\/przenosna-stacja-zasilania-ecoflow-river-2-max-2\/\"]}]},{\"@type\":\"ImageObject\",\"inLanguage\":\"pl-PL\",\"@id\":\"https:\/\/ironsky.pl\/sklep\/produkt\/przenosna-stacja-zasilania-ecoflow-river-2-max-2\/#primaryimage\",\"url\":\"https:\/\/ironsky.pl\/sklep\/wp-content\/uploads\/2026\/04\/26847_1.jpg\",\"contentUrl\":\"https:\/\/ironsky.pl\/sklep\/wp-content\/uploads\/2026\/04\/26847_1.jpg\",\"width\":800,\"height\":800},{\"@type\":\"BreadcrumbList\",\"@id\":\"https:\/\/ironsky.pl\/sklep\/produkt\/przenosna-stacja-zasilania-ecoflow-river-2-max-2\/#breadcrumb\",\"itemListElement\":[{\"@type\":\"ListItem\",\"position\":1,\"name\":\"Strona g\u0142\u00f3wna\",\"item\":\"https:\/\/ironsky.pl\/sklep\/\"},{\"@type\":\"ListItem\",\"position\":2,\"name\":\"Wszystkie produkty\",\"item\":\"https:\/\/ironsky.pl\/sklep\/produkty\/\"},{\"@type\":\"ListItem\",\"position\":3,\"name\":\"Przeno\u015bna stacja zasilania EcoFlow RIVER 2 Max\"}]},{\"@type\":\"WebSite\",\"@id\":\"https:\/\/ironsky.pl\/sklep\/#website\",\"url\":\"https:\/\/ironsky.pl\/sklep\/\",\"name\":\"IRONSKY.PL Sklep z Dronami\",\"description\":\"IRONSKY.PL Sklep z Dronami\",\"potentialAction\":[{\"@type\":\"SearchAction\",\"target\":{\"@type\":\"EntryPoint\",\"urlTemplate\":\"https:\/\/ironsky.pl\/sklep\/?s={search_term_string}\"},\"query-input\":{\"@type\":\"PropertyValueSpecification\",\"valueRequired\":true,\"valueName\":\"search_term_string\"}}],\"inLanguage\":\"pl-PL\"}]}<\/script>\n<!-- \/ Yoast SEO plugin. -->","yoast_head_json":{"title":"Przeno\u015bna stacja zasilania EcoFlow RIVER 2 Max - IRONSKY.PL Sklep z Dronami","description":"Przeno\u015bna stacja zasilania EcoFlow RIVER 2 Max - \u2705 sklep z dronami i fachowym doradztwem. \u2705 Tutaj kupisz produkty DJI, Yuneec, Parrot, Syma i wiele innych, a tak\u017ce kursy i licencje na operatora drona.","robots":{"index":"index","follow":"follow","max-snippet":"max-snippet:-1","max-image-preview":"max-image-preview:large","max-video-preview":"max-video-preview:-1"},"canonical":"https:\/\/ironsky.pl\/sklep\/produkt\/przenosna-stacja-zasilania-ecoflow-river-2-max-2\/","og_locale":"pl_PL","og_type":"article","og_title":"Przeno\u015bna stacja zasilania EcoFlow RIVER 2 Max - IRONSKY.PL Sklep z Dronami","og_description":"Przeno\u015bna stacja zasilania EcoFlow RIVER 2 Max - \u2705 sklep z dronami i fachowym doradztwem. \u2705 Tutaj kupisz produkty DJI, Yuneec, Parrot, Syma i wiele innych, a tak\u017ce kursy i licencje na operatora drona.","og_url":"https:\/\/ironsky.pl\/sklep\/produkt\/przenosna-stacja-zasilania-ecoflow-river-2-max-2\/","og_site_name":"IRONSKY.PL Sklep z Dronami","article_modified_time":"2026-04-15T08:50:14+00:00","og_image":[{"width":800,"height":800,"url":"https:\/\/ironsky.pl\/sklep\/wp-content\/uploads\/2026\/04\/26847_1.jpg","type":"image\/jpeg"}],"twitter_card":"summary_large_image","twitter_misc":{"Szacowany czas czytania":"4 minuty"},"schema":{"@context":"https:\/\/schema.org","@graph":[{"@type":"WebPage","@id":"https:\/\/ironsky.pl\/sklep\/produkt\/przenosna-stacja-zasilania-ecoflow-river-2-max-2\/","url":"https:\/\/ironsky.pl\/sklep\/produkt\/przenosna-stacja-zasilania-ecoflow-river-2-max-2\/","name":"Przeno\u015bna stacja zasilania EcoFlow RIVER 2 Max - IRONSKY.PL Sklep z Dronami","isPartOf":{"@id":"https:\/\/ironsky.pl\/sklep\/#website"},"primaryImageOfPage":{"@id":"https:\/\/ironsky.pl\/sklep\/produkt\/przenosna-stacja-zasilania-ecoflow-river-2-max-2\/#primaryimage"},"image":{"@id":"https:\/\/ironsky.pl\/sklep\/produkt\/przenosna-stacja-zasilania-ecoflow-river-2-max-2\/#primaryimage"},"thumbnailUrl":"https:\/\/ironsky.pl\/sklep\/wp-content\/uploads\/2026\/04\/26847_1.jpg","datePublished":"2026-04-15T08:15:15+00:00","dateModified":"2026-04-15T08:50:14+00:00","description":"Przeno\u015bna stacja zasilania EcoFlow RIVER 2 Max - \u2705 sklep z dronami i fachowym doradztwem. \u2705 Tutaj kupisz produkty DJI, Yuneec, Parrot, Syma i wiele innych, a tak\u017ce kursy i licencje na operatora drona.","breadcrumb":{"@id":"https:\/\/ironsky.pl\/sklep\/produkt\/przenosna-stacja-zasilania-ecoflow-river-2-max-2\/#breadcrumb"},"inLanguage":"pl-PL","potentialAction":[{"@type":"ReadAction","target":["https:\/\/ironsky.pl\/sklep\/produkt\/przenosna-stacja-zasilania-ecoflow-river-2-max-2\/"]}]},{"@type":"ImageObject","inLanguage":"pl-PL","@id":"https:\/\/ironsky.pl\/sklep\/produkt\/przenosna-stacja-zasilania-ecoflow-river-2-max-2\/#primaryimage","url":"https:\/\/ironsky.pl\/sklep\/wp-content\/uploads\/2026\/04\/26847_1.jpg","contentUrl":"https:\/\/ironsky.pl\/sklep\/wp-content\/uploads\/2026\/04\/26847_1.jpg","width":800,"height":800},{"@type":"BreadcrumbList","@id":"https:\/\/ironsky.pl\/sklep\/produkt\/przenosna-stacja-zasilania-ecoflow-river-2-max-2\/#breadcrumb","itemListElement":[{"@type":"ListItem","position":1,"name":"Strona g\u0142\u00f3wna","item":"https:\/\/ironsky.pl\/sklep\/"},{"@type":"ListItem","position":2,"name":"Wszystkie produkty","item":"https:\/\/ironsky.pl\/sklep\/produkty\/"},{"@type":"ListItem","position":3,"name":"Przeno\u015bna stacja zasilania EcoFlow RIVER 2 Max"}]},{"@type":"WebSite","@id":"https:\/\/ironsky.pl\/sklep\/#website","url":"https:\/\/ironsky.pl\/sklep\/","name":"IRONSKY.PL Sklep z Dronami","description":"IRONSKY.PL Sklep z Dronami","potentialAction":[{"@type":"SearchAction","target":{"@type":"EntryPoint","urlTemplate":"https:\/\/ironsky.pl\/sklep\/?s={search_term_string}"},"query-input":{"@type":"PropertyValueSpecification","valueRequired":true,"valueName":"search_term_string"}}],"inLanguage":"pl-PL"}]}},"_links":{"self":[{"href":"https:\/\/ironsky.pl\/sklep\/wp-json\/wp\/v2\/product\/56527","targetHints":{"allow":["GET"]}}],"collection":[{"href":"https:\/\/ironsky.pl\/sklep\/wp-json\/wp\/v2\/product"}],"about":[{"href":"https:\/\/ironsky.pl\/sklep\/wp-json\/wp\/v2\/types\/product"}],"replies":[{"embeddable":true,"href":"https:\/\/ironsky.pl\/sklep\/wp-json\/wp\/v2\/comments?post=56527"}],"wp:featuredmedia":[{"embeddable":true,"href":"https:\/\/ironsky.pl\/sklep\/wp-json\/wp\/v2\/media\/56528"}],"wp:attachment":[{"href":"https:\/\/ironsky.pl\/sklep\/wp-json\/wp\/v2\/media?parent=56527"}],"wp:term":[{"taxonomy":"product_brand","embeddable":true,"href":"https:\/\/ironsky.pl\/sklep\/wp-json\/wp\/v2\/product_brand?post=56527"},{"taxonomy":"product_cat","embeddable":true,"href":"https:\/\/ironsky.pl\/sklep\/wp-json\/wp\/v2\/product_cat?post=56527"},{"taxonomy":"product_tag","embeddable":true,"href":"https:\/\/ironsky.pl\/sklep\/wp-json\/wp\/v2\/product_tag?post=56527"}],"curies":[{"name":"wp","href":"https:\/\/api.w.org\/{rel}","templated":true}]}}