{"id":56517,"date":"2026-04-15T10:15:15","date_gmt":"2026-04-15T08:15:15","guid":{"rendered":"https:\/\/ironsky.pl\/sklep\/produkt\/przenosna-stacja-zasilania-ecoflow-river-2-2\/"},"modified":"2026-04-15T10:15:50","modified_gmt":"2026-04-15T08:15:50","slug":"przenosna-stacja-zasilania-ecoflow-river-2-2","status":"publish","type":"product","link":"https:\/\/ironsky.pl\/sklep\/produkt\/przenosna-stacja-zasilania-ecoflow-river-2-2\/","title":{"rendered":"Przeno\u015bna stacja zasilania EcoFlow RIVER 2"},"content":{"rendered":"<h3>Przeno\u015bna stacja zasilania EcoFlow RIVER 2<\/h3>\n<p>Zadbaj o niezawodne \u017ar\u00f3d\u0142o zasilania dla swoich urz\u0105dze\u0144. Przeno\u015bna stacja EcoFlow RIVER 2 wyr\u00f3\u017cnia si\u0119 pojemno\u015bci\u0105 256 Wh i mo\u017ce dostarcza\u0107 energi\u0119 wi\u0119kszo\u015bci popularnych sprz\u0119t\u00f3w. Jej moc wyj\u015bciowa si\u0119ga 300 W, a dzi\u0119ki technologii X-Boost poradzi sobie nawet w wypadku 600 W. Produkt obs\u0142uguje te\u017c szybkie \u0142adowanie &#8211; aby na\u0142adowa\u0107 go do 100%, wystarczy oko\u0142o 60 minut! Co wi\u0119cej, stacja jest zaskakuj\u0105co lekka i przeno\u015bna, a jej wygodn\u0105 obs\u0142ug\u0119 umo\u017cliwia dedykowana aplikacja.<\/p>\n<p><img decoding=\"async\" src=\"https:\/\/b2b.innpro.pl\/data\/include\/cms\/12EcoFlow\/River-2\/6.jpg\"><\/p>\n<h3>Mo\u017ce zasila\u0107 wi\u0119kszo\u015b\u0107 popularnych urz\u0105dze\u0144<\/h3>\n<p>Niewa\u017cne, jakim urz\u0105dzeniom chcesz dostarcza\u0107 energi\u0119 &#8211; RIVER 2 Ci\u0119 nie zawiedzie! Moc wyj\u015bciowa stacji wynosi do 300 W (gniazdko AC). Mo\u017cesz te\u017c skorzysta\u0107 z technologii X-Boost, dzi\u0119ki kt\u00f3rej produkt poradzi sobie nawet ze sprz\u0119tem o mocy do 600 W. Wszystko to sprawia, \u017ce RIVER 2 pozwala zasila\u0107 wi\u0119kszo\u015b\u0107 powszechnie u\u017cywanych urz\u0105dze\u0144 takich jak laptop, lampa czy blender.<\/p>\n<p><img decoding=\"async\" src=\"https:\/\/b2b.innpro.pl\/data\/include\/cms\/12EcoFlow\/River-2\/3.jpg\"><\/p>\n<h3>Od 0% do 100% w godzin\u0119<\/h3>\n<p>Przekonaj si\u0119, jak szybko Twoja stacja mo\u017ce by\u0107 zn\u00f3w gotowa do pracy. RIVER 2 obs\u0142uguje szybkie \u0142adowanie &#8211; za pomoc\u0105 gniazdka AC do 100% na\u0142adujesz j\u0105 ju\u017c w oko\u0142o godzin\u0119! Wybierasz si\u0119 na wypraw\u0119 w teren? A mo\u017ce planujesz podr\u00f3\u017c kamperem? Pod\u0142\u0105cz stacj\u0119 do \u0142adowania i zajmij si\u0119 pakowaniem baga\u017cu. Zanim sko\u0144czysz, RIVER 2 b\u0119dzie w pe\u0142ni gotowa, aby Ci s\u0142u\u017cy\u0107!<\/p>\n<p><img decoding=\"async\" src=\"https:\/\/b2b.innpro.pl\/data\/include\/cms\/12EcoFlow\/River-2\/12.jpg\"><\/p>\n<h3>4 sposoby \u0142adowania<\/h3>\n<p>\u0141aduj swoj\u0105 stacj\u0119 tak, jak chcesz. RIVER 2 obs\u0142uguje a\u017c 4 sposoby \u0142adowania, dzi\u0119ki czemu \u015bwietnie sprawdzi si\u0119 w r\u00f3\u017cnych scenariuszach. Mo\u017cesz na przyk\u0142ad pod\u0142\u0105czy\u0107 j\u0105 do gniazdka AC lub u\u017cy\u0107 \u0142adowarki samochodowej. Istnieje te\u017c mo\u017cliwo\u015b\u0107 korzystania z og\u00f3lnodost\u0119pnej, ekologicznej energii s\u0142onecznej &#8211; za pomoc\u0105 paneli fotowoltaicznych na\u0142adujesz stacj\u0119 w oko\u0142o 3 godziny. RIVER 2 oferuje te\u017c zupe\u0142nie nowy spos\u00f3b \u0142adowania przez USB-C.<\/p>\n<p><img decoding=\"async\" src=\"https:\/\/b2b.innpro.pl\/data\/include\/cms\/12EcoFlow\/River-2\/2.jpg\"><\/p>\n<h3>Niezawodny akumulator<\/h3>\n<p>RIVER 2 to doskona\u0142a inwestycja na lata &#8211; b\u0119dzie \u015bwietnie Ci s\u0142u\u017cy\u0107 przez d\u0142ugi czas. Zosta\u0142a wyposa\u017cona w ulepszony akumulator LFP, kt\u00f3ry wyr\u00f3\u017cnia si\u0119 imponuj\u0105c\u0105 \u017cywotno\u015bci\u0105. Dzi\u0119ki niemu mo\u017cesz ca\u0142kowicie na\u0142adowa\u0107 i roz\u0142adowa\u0107 stacj\u0119 nawet 3000 razy! To przek\u0142ada si\u0119 na oko\u0142o 10 lat u\u017cytkowania. Ponadto zastosowanie ogniw LFP gwarantuje wydajn\u0105 i bezpieczn\u0105 prac\u0119 urz\u0105dzenia &#8211; nawet przy wysokich temperaturach. Za niezawodne dzia\u0142anie akumulatora odpowiada te\u017c zaawansowany system BMS.<\/p>\n<p><img decoding=\"async\" src=\"https:\/\/b2b.innpro.pl\/data\/include\/cms\/12EcoFlow\/River-2\/10.jpg\"><\/p>\n<h3>Zawsze pod r\u0119k\u0105<\/h3>\n<p>Wybierasz si\u0119 na piknik? Organizujesz grilla? A mo\u017ce planujesz wycieczk\u0119 pod namiot? Zabierz RIVER 2 ze sob\u0105 i ciesz si\u0119 wygodnym dost\u0119pem do pr\u0105du, gdziekolwiek si\u0119 znajdziesz! Nowa stacja EcoFlow jest a\u017c o 30% l\u017cejsza ni\u017c urz\u0105dzenia poprzedniej generacji &#8211; wa\u017cy zaledwie oko\u0142o 3,5 kg. Zosta\u0142a te\u017c wyposa\u017cona w praktyczny uchwyt, kt\u00f3ry znacznie u\u0142atwia jej przenoszenie.<\/p>\n<p><img decoding=\"async\" src=\"https:\/\/b2b.innpro.pl\/data\/include\/cms\/12EcoFlow\/River-2\/9.jpg\"><\/p>\n<h3>Funkcja EPS<\/h3>\n<p>Niekt\u00f3rych sytuacji nie da si\u0119 przewidzie\u0107, ale mo\u017cna si\u0119 na nie przygotowa\u0107. Stacja EcoFlow RIVER 2 przyda Ci si\u0119 r\u00f3wnie\u017c do zasilania awaryjnego &#8211; mo\u017ce pe\u0142ni\u0107 funkcj\u0119 EPS. To oznacza, \u017ce je\u015bli nast\u0105pi przerwa w dostawie pr\u0105du, produkt w oko\u0142o 30 ms zacznie dostarcza\u0107 energi\u0119 pod\u0142\u0105czonym sprz\u0119tom, na przyk\u0142ad aparatowi CPAP, lampie lub akwarium. Dzi\u0119ki temu masz pewno\u015b\u0107, \u017ce urz\u0105dzenia, na kt\u00f3rych pracy Ci zale\u017cy, b\u0119d\u0105 dzia\u0142a\u0107 niemal w ka\u017cdej sytuacji!<\/p>\n<p><img decoding=\"async\" src=\"https:\/\/b2b.innpro.pl\/data\/include\/cms\/12EcoFlow\/River-2\/4.jpg\"><\/p>\n<h3>Pe\u0142na kontrola z aplikacj\u0105 EcoFlow<\/h3>\n<p>Teraz mo\u017cesz wygodnie kontrolowa\u0107 swoj\u0105 stacj\u0119 zasilania na odleg\u0142o\u015b\u0107. Wystarczy skorzysta\u0107 z aplikacji EcoFlow, kt\u00f3r\u0105 znajdziesz na przyk\u0142ad w sklepie App Store lub Google Play. Za jej pomoc\u0105 w prosty spos\u00f3b sprawdzisz poziomy na\u0142adowania, dostosujesz ustawienia i zmienisz pr\u0119dko\u015bci \u0142adowania. RIVER 2 \u0142\u0105czy si\u0119 ze smartfonem przez Bluetooth lub Wi-Fi. Z EcoFlow wszystko, czego potrzebujesz, masz w zasi\u0119gu r\u0119ki!<\/p>\n<p><img decoding=\"async\" src=\"https:\/\/b2b.innpro.pl\/data\/include\/cms\/12EcoFlow\/River-2\/7.jpg\"><\/p>\n<h3>W zestawie<\/h3>\n<ul>\n<li>Stacja zasilania RIVER 2<\/li>\n<li>Kabel do \u0142adowania AC<\/li>\n<li>Kabel do \u0142adowania za pomoc\u0105 \u0142adowarki samochodowej<\/li>\n<li>Przewodnik Szybki Start<\/li>\n<\/ul>\n<div class=\"table-wrapper\">\n<table>\n<tbody>\n<tr>\n<th>Producent<\/th>\n<td>EcoFlow<\/td>\n<\/tr>\n<tr>\n<th>Model<\/th>\n<td>RIVER 2<\/td>\n<\/tr>\n<tr>\n<th>Pojemno\u015b\u0107<\/th>\n<td>256 Wh<\/td>\n<\/tr>\n<tr>\n<th>Waga<\/th>\n<td>Ok. 3,5 kg<\/td>\n<\/tr>\n<tr>\n<th>Wymiary<\/th>\n<td>Ok. 245 x 214 x 142 mm<\/td>\n<\/tr>\n<tr>\n<th>Wej\u015bcie AC<\/th>\n<td>220-240 V~ 50\/60 Hz, 8 A maks.<\/td>\n<\/tr>\n<tr>\n<th>Wej\u015bcie DC<\/th>\n<td>11-30 V 110 W, 8 A maks.<\/td>\n<\/tr>\n<tr>\n<th>Wej\u015bcie \/ wyj\u015bcie USB-C<\/th>\n<td>5 \/ 9 \/ 12 \/ 15 \/ 20 V 3 A, 60 W maks.<\/td>\n<\/tr>\n<tr>\n<th>Wyj\u015bcie USB-A<\/th>\n<td>5 V 2,4 A 12 W maks. (na ka\u017cdy port)<\/td>\n<\/tr>\n<tr>\n<th>Wyj\u015bcie DC<\/th>\n<td>12,6 V 8 A, 100 W maks.<\/td>\n<\/tr>\n<tr>\n<th>Wyj\u015bcie AC<\/th>\n<td>Czysta fala sinusoidalna, \u0142\u0105cznie 300 W (przep\u0142yw 600 W), 230 V~ 50\/60 Hz<\/td>\n<\/tr>\n<tr>\n<th>Ogniwo akumulatora<\/th>\n<td>LFP<\/td>\n<\/tr>\n<tr>\n<th>\u017bywotno\u015b\u0107<\/th>\n<td>80% pojemno\u015bci po 3000 cykli \u0142adowania<\/td>\n<\/tr>\n<tr>\n<th>Temperatura roz\u0142adowania<\/th>\n<td>Od -10\u00b0C do 45\u00b0C<\/td>\n<\/tr>\n<tr>\n<th>Temperatura \u0142adowania<\/th>\n<td>Od 0\u00b0C do 45\u00b0C<\/td>\n<\/tr>\n<tr>\n<th>Optymalna temperatura pracy<\/th>\n<td>Od 20\u00b0C do 30\u00b0C<\/td>\n<\/tr>\n<tr>\n<th>Temperatura przechowywania<\/th>\n<td>Od -10\u00b0C do 45\u00b0C (optymalnie od 20\u00b0C do 30\u00b0C)<\/td>\n<\/tr>\n<tr>\n<th>Aplikacja<\/th>\n<td>EcoFlow<\/td>\n<\/tr>\n<tr>\n<th>\u0141\u0105czno\u015b\u0107<\/th>\n<td>Wi-Fi, Bluetooth<\/td>\n<\/tr>\n<\/tbody>\n<\/table>\n<\/div>\n","protected":false},"excerpt":{"rendered":"<p>Przeno\u015bna stacja zasilania EcoFlow RIVER 2 Zadbaj o niezawodne \u017ar\u00f3d\u0142o zasilania dla swoich urz\u0105dze\u0144. Przeno\u015bna stacja EcoFlow RIVER 2 wyr\u00f3\u017cnia<\/p>\n","protected":false},"featured_media":56518,"comment_status":"closed","ping_status":"open","template":"","meta":{"_acf_changed":false},"product_brand":[],"product_cat":[1108,1111,6199],"product_tag":[],"class_list":{"0":"post-56517","1":"product","2":"type-product","3":"status-publish","4":"has-post-thumbnail","6":"product_cat-energia","7":"product_cat-stacje-zasilania","8":"product_cat-stacje-zasilania-stacje-zasilania","9":"pa_60-m-5771","10":"pa_producent-ecoflow","12":"first","13":"outofstock","14":"taxable","15":"shipping-taxable","16":"purchasable","17":"product-type-simple"},"acf":[],"yoast_head":"<!-- This site is optimized with the Yoast SEO plugin v27.2 - https:\/\/yoast.com\/product\/yoast-seo-wordpress\/ -->\n<title>Przeno\u015bna stacja zasilania EcoFlow RIVER 2 - IRONSKY.PL Sklep z Dronami<\/title>\n<meta name=\"description\" content=\"Przeno\u015bna stacja zasilania EcoFlow RIVER 2 - \u2705 sklep z dronami i fachowym doradztwem. \u2705 Tutaj kupisz produkty DJI, Yuneec, Parrot, Syma i wiele innych, a tak\u017ce kursy i licencje na operatora drona.\" \/>\n<meta name=\"robots\" content=\"index, follow, max-snippet:-1, max-image-preview:large, max-video-preview:-1\" \/>\n<link rel=\"canonical\" href=\"https:\/\/ironsky.pl\/sklep\/produkt\/przenosna-stacja-zasilania-ecoflow-river-2-2\/\" \/>\n<meta property=\"og:locale\" content=\"pl_PL\" \/>\n<meta property=\"og:type\" content=\"article\" \/>\n<meta property=\"og:title\" content=\"Przeno\u015bna stacja zasilania EcoFlow RIVER 2 - IRONSKY.PL Sklep z Dronami\" \/>\n<meta property=\"og:description\" content=\"Przeno\u015bna stacja zasilania EcoFlow RIVER 2 - \u2705 sklep z dronami i fachowym doradztwem. \u2705 Tutaj kupisz produkty DJI, Yuneec, Parrot, Syma i wiele innych, a tak\u017ce kursy i licencje na operatora drona.\" \/>\n<meta property=\"og:url\" content=\"https:\/\/ironsky.pl\/sklep\/produkt\/przenosna-stacja-zasilania-ecoflow-river-2-2\/\" \/>\n<meta property=\"og:site_name\" content=\"IRONSKY.PL Sklep z Dronami\" \/>\n<meta property=\"article:modified_time\" content=\"2026-04-15T08:15:50+00:00\" \/>\n<meta property=\"og:image\" content=\"https:\/\/ironsky.pl\/sklep\/wp-content\/uploads\/2026\/04\/26824_1.jpg\" \/>\n\t<meta property=\"og:image:width\" content=\"800\" \/>\n\t<meta property=\"og:image:height\" content=\"800\" \/>\n\t<meta property=\"og:image:type\" content=\"image\/jpeg\" \/>\n<meta name=\"twitter:card\" content=\"summary_large_image\" \/>\n<meta name=\"twitter:label1\" content=\"Szacowany czas czytania\" \/>\n\t<meta name=\"twitter:data1\" content=\"4 minuty\" \/>\n<script type=\"application\/ld+json\" class=\"yoast-schema-graph\">{\"@context\":\"https:\/\/schema.org\",\"@graph\":[{\"@type\":\"WebPage\",\"@id\":\"https:\/\/ironsky.pl\/sklep\/produkt\/przenosna-stacja-zasilania-ecoflow-river-2-2\/\",\"url\":\"https:\/\/ironsky.pl\/sklep\/produkt\/przenosna-stacja-zasilania-ecoflow-river-2-2\/\",\"name\":\"Przeno\u015bna stacja zasilania EcoFlow RIVER 2 - IRONSKY.PL Sklep z Dronami\",\"isPartOf\":{\"@id\":\"https:\/\/ironsky.pl\/sklep\/#website\"},\"primaryImageOfPage\":{\"@id\":\"https:\/\/ironsky.pl\/sklep\/produkt\/przenosna-stacja-zasilania-ecoflow-river-2-2\/#primaryimage\"},\"image\":{\"@id\":\"https:\/\/ironsky.pl\/sklep\/produkt\/przenosna-stacja-zasilania-ecoflow-river-2-2\/#primaryimage\"},\"thumbnailUrl\":\"https:\/\/ironsky.pl\/sklep\/wp-content\/uploads\/2026\/04\/26824_1.jpg\",\"datePublished\":\"2026-04-15T08:15:15+00:00\",\"dateModified\":\"2026-04-15T08:15:50+00:00\",\"description\":\"Przeno\u015bna stacja zasilania EcoFlow RIVER 2 - \u2705 sklep z dronami i fachowym doradztwem. \u2705 Tutaj kupisz produkty DJI, Yuneec, Parrot, Syma i wiele innych, a tak\u017ce kursy i licencje na operatora drona.\",\"breadcrumb\":{\"@id\":\"https:\/\/ironsky.pl\/sklep\/produkt\/przenosna-stacja-zasilania-ecoflow-river-2-2\/#breadcrumb\"},\"inLanguage\":\"pl-PL\",\"potentialAction\":[{\"@type\":\"ReadAction\",\"target\":[\"https:\/\/ironsky.pl\/sklep\/produkt\/przenosna-stacja-zasilania-ecoflow-river-2-2\/\"]}]},{\"@type\":\"ImageObject\",\"inLanguage\":\"pl-PL\",\"@id\":\"https:\/\/ironsky.pl\/sklep\/produkt\/przenosna-stacja-zasilania-ecoflow-river-2-2\/#primaryimage\",\"url\":\"https:\/\/ironsky.pl\/sklep\/wp-content\/uploads\/2026\/04\/26824_1.jpg\",\"contentUrl\":\"https:\/\/ironsky.pl\/sklep\/wp-content\/uploads\/2026\/04\/26824_1.jpg\",\"width\":800,\"height\":800},{\"@type\":\"BreadcrumbList\",\"@id\":\"https:\/\/ironsky.pl\/sklep\/produkt\/przenosna-stacja-zasilania-ecoflow-river-2-2\/#breadcrumb\",\"itemListElement\":[{\"@type\":\"ListItem\",\"position\":1,\"name\":\"Strona g\u0142\u00f3wna\",\"item\":\"https:\/\/ironsky.pl\/sklep\/\"},{\"@type\":\"ListItem\",\"position\":2,\"name\":\"Wszystkie produkty\",\"item\":\"https:\/\/ironsky.pl\/sklep\/produkty\/\"},{\"@type\":\"ListItem\",\"position\":3,\"name\":\"Przeno\u015bna stacja zasilania EcoFlow RIVER 2\"}]},{\"@type\":\"WebSite\",\"@id\":\"https:\/\/ironsky.pl\/sklep\/#website\",\"url\":\"https:\/\/ironsky.pl\/sklep\/\",\"name\":\"IRONSKY.PL Sklep z Dronami\",\"description\":\"IRONSKY.PL Sklep z Dronami\",\"potentialAction\":[{\"@type\":\"SearchAction\",\"target\":{\"@type\":\"EntryPoint\",\"urlTemplate\":\"https:\/\/ironsky.pl\/sklep\/?s={search_term_string}\"},\"query-input\":{\"@type\":\"PropertyValueSpecification\",\"valueRequired\":true,\"valueName\":\"search_term_string\"}}],\"inLanguage\":\"pl-PL\"}]}<\/script>\n<!-- \/ Yoast SEO plugin. -->","yoast_head_json":{"title":"Przeno\u015bna stacja zasilania EcoFlow RIVER 2 - IRONSKY.PL Sklep z Dronami","description":"Przeno\u015bna stacja zasilania EcoFlow RIVER 2 - \u2705 sklep z dronami i fachowym doradztwem. \u2705 Tutaj kupisz produkty DJI, Yuneec, Parrot, Syma i wiele innych, a tak\u017ce kursy i licencje na operatora drona.","robots":{"index":"index","follow":"follow","max-snippet":"max-snippet:-1","max-image-preview":"max-image-preview:large","max-video-preview":"max-video-preview:-1"},"canonical":"https:\/\/ironsky.pl\/sklep\/produkt\/przenosna-stacja-zasilania-ecoflow-river-2-2\/","og_locale":"pl_PL","og_type":"article","og_title":"Przeno\u015bna stacja zasilania EcoFlow RIVER 2 - IRONSKY.PL Sklep z Dronami","og_description":"Przeno\u015bna stacja zasilania EcoFlow RIVER 2 - \u2705 sklep z dronami i fachowym doradztwem. \u2705 Tutaj kupisz produkty DJI, Yuneec, Parrot, Syma i wiele innych, a tak\u017ce kursy i licencje na operatora drona.","og_url":"https:\/\/ironsky.pl\/sklep\/produkt\/przenosna-stacja-zasilania-ecoflow-river-2-2\/","og_site_name":"IRONSKY.PL Sklep z Dronami","article_modified_time":"2026-04-15T08:15:50+00:00","og_image":[{"width":800,"height":800,"url":"https:\/\/ironsky.pl\/sklep\/wp-content\/uploads\/2026\/04\/26824_1.jpg","type":"image\/jpeg"}],"twitter_card":"summary_large_image","twitter_misc":{"Szacowany czas czytania":"4 minuty"},"schema":{"@context":"https:\/\/schema.org","@graph":[{"@type":"WebPage","@id":"https:\/\/ironsky.pl\/sklep\/produkt\/przenosna-stacja-zasilania-ecoflow-river-2-2\/","url":"https:\/\/ironsky.pl\/sklep\/produkt\/przenosna-stacja-zasilania-ecoflow-river-2-2\/","name":"Przeno\u015bna stacja zasilania EcoFlow RIVER 2 - IRONSKY.PL Sklep z Dronami","isPartOf":{"@id":"https:\/\/ironsky.pl\/sklep\/#website"},"primaryImageOfPage":{"@id":"https:\/\/ironsky.pl\/sklep\/produkt\/przenosna-stacja-zasilania-ecoflow-river-2-2\/#primaryimage"},"image":{"@id":"https:\/\/ironsky.pl\/sklep\/produkt\/przenosna-stacja-zasilania-ecoflow-river-2-2\/#primaryimage"},"thumbnailUrl":"https:\/\/ironsky.pl\/sklep\/wp-content\/uploads\/2026\/04\/26824_1.jpg","datePublished":"2026-04-15T08:15:15+00:00","dateModified":"2026-04-15T08:15:50+00:00","description":"Przeno\u015bna stacja zasilania EcoFlow RIVER 2 - \u2705 sklep z dronami i fachowym doradztwem. \u2705 Tutaj kupisz produkty DJI, Yuneec, Parrot, Syma i wiele innych, a tak\u017ce kursy i licencje na operatora drona.","breadcrumb":{"@id":"https:\/\/ironsky.pl\/sklep\/produkt\/przenosna-stacja-zasilania-ecoflow-river-2-2\/#breadcrumb"},"inLanguage":"pl-PL","potentialAction":[{"@type":"ReadAction","target":["https:\/\/ironsky.pl\/sklep\/produkt\/przenosna-stacja-zasilania-ecoflow-river-2-2\/"]}]},{"@type":"ImageObject","inLanguage":"pl-PL","@id":"https:\/\/ironsky.pl\/sklep\/produkt\/przenosna-stacja-zasilania-ecoflow-river-2-2\/#primaryimage","url":"https:\/\/ironsky.pl\/sklep\/wp-content\/uploads\/2026\/04\/26824_1.jpg","contentUrl":"https:\/\/ironsky.pl\/sklep\/wp-content\/uploads\/2026\/04\/26824_1.jpg","width":800,"height":800},{"@type":"BreadcrumbList","@id":"https:\/\/ironsky.pl\/sklep\/produkt\/przenosna-stacja-zasilania-ecoflow-river-2-2\/#breadcrumb","itemListElement":[{"@type":"ListItem","position":1,"name":"Strona g\u0142\u00f3wna","item":"https:\/\/ironsky.pl\/sklep\/"},{"@type":"ListItem","position":2,"name":"Wszystkie produkty","item":"https:\/\/ironsky.pl\/sklep\/produkty\/"},{"@type":"ListItem","position":3,"name":"Przeno\u015bna stacja zasilania EcoFlow RIVER 2"}]},{"@type":"WebSite","@id":"https:\/\/ironsky.pl\/sklep\/#website","url":"https:\/\/ironsky.pl\/sklep\/","name":"IRONSKY.PL Sklep z Dronami","description":"IRONSKY.PL Sklep z Dronami","potentialAction":[{"@type":"SearchAction","target":{"@type":"EntryPoint","urlTemplate":"https:\/\/ironsky.pl\/sklep\/?s={search_term_string}"},"query-input":{"@type":"PropertyValueSpecification","valueRequired":true,"valueName":"search_term_string"}}],"inLanguage":"pl-PL"}]}},"_links":{"self":[{"href":"https:\/\/ironsky.pl\/sklep\/wp-json\/wp\/v2\/product\/56517","targetHints":{"allow":["GET"]}}],"collection":[{"href":"https:\/\/ironsky.pl\/sklep\/wp-json\/wp\/v2\/product"}],"about":[{"href":"https:\/\/ironsky.pl\/sklep\/wp-json\/wp\/v2\/types\/product"}],"replies":[{"embeddable":true,"href":"https:\/\/ironsky.pl\/sklep\/wp-json\/wp\/v2\/comments?post=56517"}],"wp:featuredmedia":[{"embeddable":true,"href":"https:\/\/ironsky.pl\/sklep\/wp-json\/wp\/v2\/media\/56518"}],"wp:attachment":[{"href":"https:\/\/ironsky.pl\/sklep\/wp-json\/wp\/v2\/media?parent=56517"}],"wp:term":[{"taxonomy":"product_brand","embeddable":true,"href":"https:\/\/ironsky.pl\/sklep\/wp-json\/wp\/v2\/product_brand?post=56517"},{"taxonomy":"product_cat","embeddable":true,"href":"https:\/\/ironsky.pl\/sklep\/wp-json\/wp\/v2\/product_cat?post=56517"},{"taxonomy":"product_tag","embeddable":true,"href":"https:\/\/ironsky.pl\/sklep\/wp-json\/wp\/v2\/product_tag?post=56517"}],"curies":[{"name":"wp","href":"https:\/\/api.w.org\/{rel}","templated":true}]}}