{"id":56487,"date":"2026-04-15T10:15:15","date_gmt":"2026-04-15T08:15:15","guid":{"rendered":"https:\/\/ironsky.pl\/sklep\/produkt\/powerbank-baseus-amblight-30000mah-65w-4xusb-usb-c-czarny\/"},"modified":"2026-04-15T10:15:34","modified_gmt":"2026-04-15T08:15:34","slug":"powerbank-baseus-amblight-30000mah-65w-4xusb-usb-c-czarny","status":"publish","type":"product","link":"https:\/\/ironsky.pl\/sklep\/produkt\/powerbank-baseus-amblight-30000mah-65w-4xusb-usb-c-czarny\/","title":{"rendered":"Powerbank BASEUS Amblight 30000mAh 65W 4xUSB USB-C (czarny)"},"content":{"rendered":"<h3>Powerbank Baseus Amblight, 30000mAh, 65W (czarny)<\/h3>\n<p>Za pomoc\u0105 powerbanka Baseus Amblight 30000 mAh szybko na\u0142adujesz takie urz\u0105dzenia jak smartfon czy laptop. Produkt wykorzystuje moc 65 W i wsp\u00f3\u0142pracuje z protoko\u0142ami szybkiego \u0142adowania PD, QC, SCP, itp. 5 r\u00f3\u017cnych port\u00f3w pozwala pod\u0142\u0105czy\u0107 do niego kilka urz\u0105dze\u0144 jednocze\u015bnie, a wy\u015bwietlacz LED dostarczy Ci najwa\u017cniejszych informacji dotycz\u0105cych pracy powerbanka.<\/p>\n<p><img decoding=\"async\" src=\"https:\/\/b2b.innpro.pl\/data\/include\/cms\/-Baseus\/PPLG000101\/1.jpg\" border=\"0\" \/><\/p>\n<h3>Szybko odnowi energi\u0119 urz\u0105dzenia<\/h3>\n<p>Powerbank Baseus Amblight umo\u017cliwia \u0142adowanie a\u017c 5 urz\u0105dze\u0144 jednocze\u015bnie, dzi\u0119ki czemu zaoszcz\u0119dzisz czas. Co wi\u0119cej, wsp\u00f3\u0142pracuje z takimi protoko\u0142ami szybkiego \u0142adowania jak PD3.0, QC3.0, FCP, SCP, itp. To oznacza, \u017ce b\u0142yskawicznie odnowisz energi\u0119 smartfon\u00f3w Apple, Huawei, Samsung, Xiaomi i wiele innych. W rezultacie Samsunga S20 Ultra na\u0142adujesz w ok. 60 min.<\/p>\n<p><img decoding=\"async\" src=\"https:\/\/b2b.innpro.pl\/data\/include\/cms\/-Baseus\/PPLG000101\/2.jpg\" border=\"0\" \/><\/p>\n<h3>Pojemno\u015b\u0107 30000 mAh<\/h3>\n<p>Nie obawiaj si\u0119 cz\u0119stego \u0142adowania Baseus Amblight. Powerbank posiada akumulator o pojemno\u015bci 30000 mAh, dzi\u0119ki czemu jego czas pracy si\u0119ga 7 dni. Co wi\u0119cej, do\u0142\u0105czony do zestawu kabel USB-C do USB-C pozwoli odnowi\u0107 energi\u0119 produktu \u2013 po ok. 3 h b\u0119dzie gotowa do dalszej pracy.<\/p>\n<p><img decoding=\"async\" src=\"https:\/\/b2b.innpro.pl\/data\/include\/cms\/-Baseus\/PPLG000101\/3.jpg\" border=\"0\" \/><\/p>\n<h3>Szereg zabezpiecze\u0144<\/h3>\n<p>Korzystanie z Baseus Amblight jest w pe\u0142ni bezpieczne.\u00a0Opr\u00f3cz tego zosta\u0142 wyposa\u017cony w szereg zabezpiecze\u0144: przed pr\u0105dem przet\u0119\u017ceniowym, spi\u0119ciem, zwarciem, przegrzaniem i prze\u0142adowaniem. Co wi\u0119cej, dostosowuje nat\u0119\u017cenie do \u0142adowanego urz\u0105dzenia, dzi\u0119ki czemu masz pewno\u015b\u0107, \u017ce nie zostanie uszkodzone.<\/p>\n<p><img decoding=\"async\" src=\"https:\/\/b2b.innpro.pl\/data\/include\/cms\/-Baseus\/PPLG000101\/8.jpg\" border=\"0\" \/><\/p>\n<h3>B\u0105d\u017a na bie\u017c\u0105co<\/h3>\n<p>Kolejn\u0105 zalet\u0105 powerbanka Baseus jest wbudowany wy\u015bwietlacz LED. Z jego poziomu odczytasz takie warto\u015bci jak nat\u0119\u017cenie, napi\u0119cie, czy poziom akumulatora w czasie rzeczywistym. Wystarczy, \u017ce rzucisz okiem!<\/p>\n<p><img decoding=\"async\" src=\"https:\/\/b2b.innpro.pl\/data\/include\/cms\/-Baseus\/PPLG000101\/5.jpg\" border=\"0\" \/><\/p>\n<h3>W zestawie<\/h3>\n<ul>\n<li>powerbank<\/li>\n<li>kabel USB-C do USB-C<\/li>\n<\/ul>\n<div class=\"table-wrapper\">\n<table>\n<tbody>\n<tr>\n<th>Producent<\/th>\n<td>Baseus<\/td>\n<\/tr>\n<tr>\n<th>Model<\/th>\n<td>PPLG000101<\/td>\n<\/tr>\n<tr>\n<th>Kolor<\/th>\n<td>czarny<\/td>\n<\/tr>\n<tr>\n<th>Pojemno\u015b\u0107<\/th>\n<td>30000 mAh<\/td>\n<\/tr>\n<tr>\n<th>Pojemno\u015b\u0107 znamionowa<\/th>\n<td>18000 mAh<\/td>\n<\/tr>\n<tr>\n<th>Wsp\u00f3\u0142czynnik konwersji energii<\/th>\n<td>75%<\/td>\n<\/tr>\n<tr>\n<th>Napi\u0119cie wej\u015bciowe<\/th>\n<td>\n<p>Lightning: 5V\/2.1A<\/p>\n<p>Micro USB: QC2.0, 5V\/2A, 9V\/2A, 12V\/1.5A, 18W maks.<\/p>\n<p>USB-C:\u00a0 PD3.0+QC2.0, 5V\/3A, 9V\/3A, 12V\/3A, 15V\/3A, 20V\/3A, 60W maks.<\/p>\n<\/td>\n<\/tr>\n<tr>\n<th>Napi\u0119cie wyj\u015bciowe<\/th>\n<td>\n<p>USB 1\/2\/3\/4: 5V\/3A 15W<\/p>\n<p>USB 4: QC3.9+SCP, 5V\/4.5A, 4.5V\/5A, 5V\/3A, 9V\/3A, 12V\/2.5A, 20V\/1.5A 30W<\/p>\n<p>USB-C: PD3.0+QC3.0, 5V\/4.5A, 4.5V\/5A, 5V\/3A, 9V\/3A, 12V\/2.5A, 20V\/1.5A 60W<\/p>\n<p>\u0141\u0105cznie: 5V\/6A<\/p>\n<\/td>\n<\/tr>\n<tr>\n<th>Moc wyj\u015bciowa<\/th>\n<td>\n<p>USB4 + USB-C: 18W + 45 W<\/p>\n<p>USB1 + USB2 + USB3 + USB4 + USB-C: 15W + 45 W<\/p>\n<p>USB1\/USB2\/USB3 + USB-C: 15W + 45 W<\/p>\n<\/td>\n<\/tr>\n<tr>\n<th>Wymiary<\/th>\n<td>145 x 65 x 38 mm<\/td>\n<\/tr>\n<tr>\n<th>Waga<\/th>\n<td>550g<\/td>\n<\/tr>\n<\/tbody>\n<\/table>\n<\/div>\n","protected":false},"excerpt":{"rendered":"<p>Powerbank Baseus Amblight, 30000mAh, 65W (czarny) Za pomoc\u0105 powerbanka Baseus Amblight 30000 mAh szybko na\u0142adujesz takie urz\u0105dzenia jak smartfon czy<\/p>\n","protected":false},"featured_media":56488,"comment_status":"closed","ping_status":"open","template":"","meta":{"_acf_changed":false},"product_brand":[],"product_cat":[1108,1113],"product_tag":[],"class_list":{"0":"post-56487","1":"product","2":"type-product","3":"status-publish","4":"has-post-thumbnail","6":"product_cat-energia","7":"product_cat-powerbanki","8":"pa_okres-gwarancji-5754","9":"pa_producent-baseus","11":"first","12":"outofstock","13":"taxable","14":"shipping-taxable","15":"purchasable","16":"product-type-simple"},"acf":[],"yoast_head":"<!-- This site is optimized with the Yoast SEO plugin v27.2 - https:\/\/yoast.com\/product\/yoast-seo-wordpress\/ -->\n<title>Powerbank BASEUS Amblight 30000mAh 65W 4xUSB USB-C (czarny) - IRONSKY.PL Sklep z Dronami<\/title>\n<meta name=\"description\" content=\"Powerbank BASEUS Amblight 30000mAh 65W 4xUSB USB-C (czarny) - \u2705 sklep z dronami i fachowym doradztwem. \u2705 Tutaj kupisz produkty DJI, Yuneec, Parrot, Syma i wiele innych, a tak\u017ce kursy i licencje na operatora drona.\" \/>\n<meta name=\"robots\" content=\"index, follow, max-snippet:-1, max-image-preview:large, max-video-preview:-1\" \/>\n<link rel=\"canonical\" href=\"https:\/\/ironsky.pl\/sklep\/produkt\/powerbank-baseus-amblight-30000mah-65w-4xusb-usb-c-czarny\/\" \/>\n<meta property=\"og:locale\" content=\"pl_PL\" \/>\n<meta property=\"og:type\" content=\"article\" \/>\n<meta property=\"og:title\" content=\"Powerbank BASEUS Amblight 30000mAh 65W 4xUSB USB-C (czarny) - IRONSKY.PL Sklep z Dronami\" \/>\n<meta property=\"og:description\" content=\"Powerbank BASEUS Amblight 30000mAh 65W 4xUSB USB-C (czarny) - \u2705 sklep z dronami i fachowym doradztwem. \u2705 Tutaj kupisz produkty DJI, Yuneec, Parrot, Syma i wiele innych, a tak\u017ce kursy i licencje na operatora drona.\" \/>\n<meta property=\"og:url\" content=\"https:\/\/ironsky.pl\/sklep\/produkt\/powerbank-baseus-amblight-30000mah-65w-4xusb-usb-c-czarny\/\" \/>\n<meta property=\"og:site_name\" content=\"IRONSKY.PL Sklep z Dronami\" \/>\n<meta property=\"article:modified_time\" content=\"2026-04-15T08:15:34+00:00\" \/>\n<meta property=\"og:image\" content=\"https:\/\/ironsky.pl\/sklep\/wp-content\/uploads\/2026\/04\/26447_7.webp\" \/>\n\t<meta property=\"og:image:width\" content=\"800\" \/>\n\t<meta property=\"og:image:height\" content=\"800\" \/>\n\t<meta property=\"og:image:type\" content=\"image\/webp\" \/>\n<meta name=\"twitter:card\" content=\"summary_large_image\" \/>\n<meta name=\"twitter:label1\" content=\"Szacowany czas czytania\" \/>\n\t<meta name=\"twitter:data1\" content=\"2 minuty\" \/>\n<script type=\"application\/ld+json\" class=\"yoast-schema-graph\">{\"@context\":\"https:\/\/schema.org\",\"@graph\":[{\"@type\":\"WebPage\",\"@id\":\"https:\/\/ironsky.pl\/sklep\/produkt\/powerbank-baseus-amblight-30000mah-65w-4xusb-usb-c-czarny\/\",\"url\":\"https:\/\/ironsky.pl\/sklep\/produkt\/powerbank-baseus-amblight-30000mah-65w-4xusb-usb-c-czarny\/\",\"name\":\"Powerbank BASEUS Amblight 30000mAh 65W 4xUSB USB-C (czarny) - IRONSKY.PL Sklep z Dronami\",\"isPartOf\":{\"@id\":\"https:\/\/ironsky.pl\/sklep\/#website\"},\"primaryImageOfPage\":{\"@id\":\"https:\/\/ironsky.pl\/sklep\/produkt\/powerbank-baseus-amblight-30000mah-65w-4xusb-usb-c-czarny\/#primaryimage\"},\"image\":{\"@id\":\"https:\/\/ironsky.pl\/sklep\/produkt\/powerbank-baseus-amblight-30000mah-65w-4xusb-usb-c-czarny\/#primaryimage\"},\"thumbnailUrl\":\"https:\/\/ironsky.pl\/sklep\/wp-content\/uploads\/2026\/04\/26447_7.webp\",\"datePublished\":\"2026-04-15T08:15:15+00:00\",\"dateModified\":\"2026-04-15T08:15:34+00:00\",\"description\":\"Powerbank BASEUS Amblight 30000mAh 65W 4xUSB USB-C (czarny) - \u2705 sklep z dronami i fachowym doradztwem. \u2705 Tutaj kupisz produkty DJI, Yuneec, Parrot, Syma i wiele innych, a tak\u017ce kursy i licencje na operatora drona.\",\"breadcrumb\":{\"@id\":\"https:\/\/ironsky.pl\/sklep\/produkt\/powerbank-baseus-amblight-30000mah-65w-4xusb-usb-c-czarny\/#breadcrumb\"},\"inLanguage\":\"pl-PL\",\"potentialAction\":[{\"@type\":\"ReadAction\",\"target\":[\"https:\/\/ironsky.pl\/sklep\/produkt\/powerbank-baseus-amblight-30000mah-65w-4xusb-usb-c-czarny\/\"]}]},{\"@type\":\"ImageObject\",\"inLanguage\":\"pl-PL\",\"@id\":\"https:\/\/ironsky.pl\/sklep\/produkt\/powerbank-baseus-amblight-30000mah-65w-4xusb-usb-c-czarny\/#primaryimage\",\"url\":\"https:\/\/ironsky.pl\/sklep\/wp-content\/uploads\/2026\/04\/26447_7.webp\",\"contentUrl\":\"https:\/\/ironsky.pl\/sklep\/wp-content\/uploads\/2026\/04\/26447_7.webp\",\"width\":800,\"height\":800},{\"@type\":\"BreadcrumbList\",\"@id\":\"https:\/\/ironsky.pl\/sklep\/produkt\/powerbank-baseus-amblight-30000mah-65w-4xusb-usb-c-czarny\/#breadcrumb\",\"itemListElement\":[{\"@type\":\"ListItem\",\"position\":1,\"name\":\"Strona g\u0142\u00f3wna\",\"item\":\"https:\/\/ironsky.pl\/sklep\/\"},{\"@type\":\"ListItem\",\"position\":2,\"name\":\"Wszystkie produkty\",\"item\":\"https:\/\/ironsky.pl\/sklep\/produkty\/\"},{\"@type\":\"ListItem\",\"position\":3,\"name\":\"Powerbank BASEUS Amblight 30000mAh 65W 4xUSB USB-C (czarny)\"}]},{\"@type\":\"WebSite\",\"@id\":\"https:\/\/ironsky.pl\/sklep\/#website\",\"url\":\"https:\/\/ironsky.pl\/sklep\/\",\"name\":\"IRONSKY.PL Sklep z Dronami\",\"description\":\"IRONSKY.PL Sklep z Dronami\",\"potentialAction\":[{\"@type\":\"SearchAction\",\"target\":{\"@type\":\"EntryPoint\",\"urlTemplate\":\"https:\/\/ironsky.pl\/sklep\/?s={search_term_string}\"},\"query-input\":{\"@type\":\"PropertyValueSpecification\",\"valueRequired\":true,\"valueName\":\"search_term_string\"}}],\"inLanguage\":\"pl-PL\"}]}<\/script>\n<!-- \/ Yoast SEO plugin. -->","yoast_head_json":{"title":"Powerbank BASEUS Amblight 30000mAh 65W 4xUSB USB-C (czarny) - IRONSKY.PL Sklep z Dronami","description":"Powerbank BASEUS Amblight 30000mAh 65W 4xUSB USB-C (czarny) - \u2705 sklep z dronami i fachowym doradztwem. \u2705 Tutaj kupisz produkty DJI, Yuneec, Parrot, Syma i wiele innych, a tak\u017ce kursy i licencje na operatora drona.","robots":{"index":"index","follow":"follow","max-snippet":"max-snippet:-1","max-image-preview":"max-image-preview:large","max-video-preview":"max-video-preview:-1"},"canonical":"https:\/\/ironsky.pl\/sklep\/produkt\/powerbank-baseus-amblight-30000mah-65w-4xusb-usb-c-czarny\/","og_locale":"pl_PL","og_type":"article","og_title":"Powerbank BASEUS Amblight 30000mAh 65W 4xUSB USB-C (czarny) - IRONSKY.PL Sklep z Dronami","og_description":"Powerbank BASEUS Amblight 30000mAh 65W 4xUSB USB-C (czarny) - \u2705 sklep z dronami i fachowym doradztwem. \u2705 Tutaj kupisz produkty DJI, Yuneec, Parrot, Syma i wiele innych, a tak\u017ce kursy i licencje na operatora drona.","og_url":"https:\/\/ironsky.pl\/sklep\/produkt\/powerbank-baseus-amblight-30000mah-65w-4xusb-usb-c-czarny\/","og_site_name":"IRONSKY.PL Sklep z Dronami","article_modified_time":"2026-04-15T08:15:34+00:00","og_image":[{"width":800,"height":800,"url":"https:\/\/ironsky.pl\/sklep\/wp-content\/uploads\/2026\/04\/26447_7.webp","type":"image\/webp"}],"twitter_card":"summary_large_image","twitter_misc":{"Szacowany czas czytania":"2 minuty"},"schema":{"@context":"https:\/\/schema.org","@graph":[{"@type":"WebPage","@id":"https:\/\/ironsky.pl\/sklep\/produkt\/powerbank-baseus-amblight-30000mah-65w-4xusb-usb-c-czarny\/","url":"https:\/\/ironsky.pl\/sklep\/produkt\/powerbank-baseus-amblight-30000mah-65w-4xusb-usb-c-czarny\/","name":"Powerbank BASEUS Amblight 30000mAh 65W 4xUSB USB-C (czarny) - IRONSKY.PL Sklep z Dronami","isPartOf":{"@id":"https:\/\/ironsky.pl\/sklep\/#website"},"primaryImageOfPage":{"@id":"https:\/\/ironsky.pl\/sklep\/produkt\/powerbank-baseus-amblight-30000mah-65w-4xusb-usb-c-czarny\/#primaryimage"},"image":{"@id":"https:\/\/ironsky.pl\/sklep\/produkt\/powerbank-baseus-amblight-30000mah-65w-4xusb-usb-c-czarny\/#primaryimage"},"thumbnailUrl":"https:\/\/ironsky.pl\/sklep\/wp-content\/uploads\/2026\/04\/26447_7.webp","datePublished":"2026-04-15T08:15:15+00:00","dateModified":"2026-04-15T08:15:34+00:00","description":"Powerbank BASEUS Amblight 30000mAh 65W 4xUSB USB-C (czarny) - \u2705 sklep z dronami i fachowym doradztwem. \u2705 Tutaj kupisz produkty DJI, Yuneec, Parrot, Syma i wiele innych, a tak\u017ce kursy i licencje na operatora drona.","breadcrumb":{"@id":"https:\/\/ironsky.pl\/sklep\/produkt\/powerbank-baseus-amblight-30000mah-65w-4xusb-usb-c-czarny\/#breadcrumb"},"inLanguage":"pl-PL","potentialAction":[{"@type":"ReadAction","target":["https:\/\/ironsky.pl\/sklep\/produkt\/powerbank-baseus-amblight-30000mah-65w-4xusb-usb-c-czarny\/"]}]},{"@type":"ImageObject","inLanguage":"pl-PL","@id":"https:\/\/ironsky.pl\/sklep\/produkt\/powerbank-baseus-amblight-30000mah-65w-4xusb-usb-c-czarny\/#primaryimage","url":"https:\/\/ironsky.pl\/sklep\/wp-content\/uploads\/2026\/04\/26447_7.webp","contentUrl":"https:\/\/ironsky.pl\/sklep\/wp-content\/uploads\/2026\/04\/26447_7.webp","width":800,"height":800},{"@type":"BreadcrumbList","@id":"https:\/\/ironsky.pl\/sklep\/produkt\/powerbank-baseus-amblight-30000mah-65w-4xusb-usb-c-czarny\/#breadcrumb","itemListElement":[{"@type":"ListItem","position":1,"name":"Strona g\u0142\u00f3wna","item":"https:\/\/ironsky.pl\/sklep\/"},{"@type":"ListItem","position":2,"name":"Wszystkie produkty","item":"https:\/\/ironsky.pl\/sklep\/produkty\/"},{"@type":"ListItem","position":3,"name":"Powerbank BASEUS Amblight 30000mAh 65W 4xUSB USB-C (czarny)"}]},{"@type":"WebSite","@id":"https:\/\/ironsky.pl\/sklep\/#website","url":"https:\/\/ironsky.pl\/sklep\/","name":"IRONSKY.PL Sklep z Dronami","description":"IRONSKY.PL Sklep z Dronami","potentialAction":[{"@type":"SearchAction","target":{"@type":"EntryPoint","urlTemplate":"https:\/\/ironsky.pl\/sklep\/?s={search_term_string}"},"query-input":{"@type":"PropertyValueSpecification","valueRequired":true,"valueName":"search_term_string"}}],"inLanguage":"pl-PL"}]}},"_links":{"self":[{"href":"https:\/\/ironsky.pl\/sklep\/wp-json\/wp\/v2\/product\/56487","targetHints":{"allow":["GET"]}}],"collection":[{"href":"https:\/\/ironsky.pl\/sklep\/wp-json\/wp\/v2\/product"}],"about":[{"href":"https:\/\/ironsky.pl\/sklep\/wp-json\/wp\/v2\/types\/product"}],"replies":[{"embeddable":true,"href":"https:\/\/ironsky.pl\/sklep\/wp-json\/wp\/v2\/comments?post=56487"}],"wp:featuredmedia":[{"embeddable":true,"href":"https:\/\/ironsky.pl\/sklep\/wp-json\/wp\/v2\/media\/56488"}],"wp:attachment":[{"href":"https:\/\/ironsky.pl\/sklep\/wp-json\/wp\/v2\/media?parent=56487"}],"wp:term":[{"taxonomy":"product_brand","embeddable":true,"href":"https:\/\/ironsky.pl\/sklep\/wp-json\/wp\/v2\/product_brand?post=56487"},{"taxonomy":"product_cat","embeddable":true,"href":"https:\/\/ironsky.pl\/sklep\/wp-json\/wp\/v2\/product_cat?post=56487"},{"taxonomy":"product_tag","embeddable":true,"href":"https:\/\/ironsky.pl\/sklep\/wp-json\/wp\/v2\/product_tag?post=56487"}],"curies":[{"name":"wp","href":"https:\/\/api.w.org\/{rel}","templated":true}]}}