{"id":56481,"date":"2026-04-15T10:15:15","date_gmt":"2026-04-15T08:15:15","guid":{"rendered":"https:\/\/ironsky.pl\/sklep\/produkt\/ladowarka-skyrc-t400q-2\/"},"modified":"2026-04-15T10:50:06","modified_gmt":"2026-04-15T08:50:06","slug":"ladowarka-skyrc-t400q-2","status":"publish","type":"product","link":"https:\/\/ironsky.pl\/sklep\/produkt\/ladowarka-skyrc-t400q-2\/","title":{"rendered":"\u0141adowarka SKYRC T400Q"},"content":{"rendered":"<h3>\u0141adowarka SkyRC T400Q<\/h3>\n<p>Czterokana\u0142owa \u0142adowarka SkyRC T400Q to obowi\u0105zkowy gad\u017cet ka\u017cdej osoby zajmuj\u0105cej si\u0119 modelarstwem! \u0141adowarka gwarantuje wygodne \u0142adowanie wielu urz\u0105dze\u0144 jednocze\u015bnie. Wyposa\u017cona zosta\u0142a w 4 porty, kt\u00f3re umo\u017cliwiaj\u0105 roz\u0142adowywanie i \u0142adowanie z maksymaln\u0105 moc\u0105 do 100 W oraz pr\u0105d \u0142adowania 12 A. Automatycznie dostosowuje nat\u0119\u017cenie \u0142adowania urz\u0105dze\u0144 i posiada praktyczny tryb \u0142adowania w niskich temperaturach. Jest niezwykle prosta w obs\u0142udze, a ergonomiczna konstrukcja pozwala bez problemu przetransportowa\u0107 j\u0105 w ka\u017cde miejsce!<\/p>\n<p><img decoding=\"async\" src=\"https:\/\/b2b.innpro.pl\/data\/include\/cms\/SkyRC\/T400Q\/1.jpg\"><\/p>\n<h3>Wysoka wydajno\u015b\u0107<\/h3>\n<p>T400Q posiada 4 niezale\u017cne wej\u015bcia \u0142adowania, kt\u00f3re bez problemu mo\u017cesz u\u017cywa\u0107 w jednym momencie! Dostarcza ona do 100 W mocy oraz 12 A na ka\u017cdy z obwod\u00f3w, dzi\u0119ki czemu w kr\u00f3tkim czasie na\u0142adujesz akumulator odbiornika czy litowe akumulatory 6S. Ponadto dzi\u0119ki poz\u0142acanym z\u0142\u0105czom spr\u0119\u017cynowym jest w stanie obs\u0142ugiwa\u0107 maksymalny pr\u0105d 60A przez d\u0142u\u017cszy czas, nie przekraczaj\u0105c 80\u00b0C.<\/p>\n<p><img decoding=\"async\" src=\"https:\/\/b2b.innpro.pl\/data\/include\/cms\/SkyRC\/T400Q\/3.jpg\"><\/p>\n<h3>Szeroka kompatybilno\u015b\u0107<\/h3>\n<p>\u0141adowarka SkyRc dostosowana jest do r\u00f3\u017cnorodnych akumulator\u00f3w. Jej algorytm \u0142adowania jest kompatybilny z wieloma popularnymi typami akumulator\u00f3w dost\u0119pnymi na rynku \u2013 LiPo, Lilon, LiHV, NiMH, NiCd oraz Pb. Dodatkowo wbudowany z\u0142\u0105cze XT60 skutecznie zapobiega odwr\u00f3conej biegunowo\u015bci, zapewniaj\u0105c niezawodn\u0105 prac\u0119.<\/p>\n<p><img decoding=\"async\" src=\"https:\/\/b2b.innpro.pl\/data\/include\/cms\/SkyRC\/T400Q\/2.jpg\"><\/p>\n<h3>Gotowa na zim\u0119<\/h3>\n<p>\u0141adowarka wyposa\u017cona zosta\u0142a w tryb \u0142adowania AGM i Pb, kt\u00f3ry bez problemu zasili energi\u0105 roz\u0142adowany akumulator (tryb Pb jest niedost\u0119pny w przypadku akumulator\u00f3w AGM). Ponadto posiada specjaln\u0105 funkcj\u0119 \u0142adowania w niskich temperaturach, dzi\u0119ki czemu nie musisz si\u0119 obawia\u0107 problem\u00f3w z akumulatorem Twojego modelu samochodu czy samolotu w ch\u0142odne dni!<\/p>\n<p><img decoding=\"async\" src=\"https:\/\/b2b.innpro.pl\/data\/include\/cms\/SkyRC\/T400Q\/5.jpg\"><\/p>\n<h3>Prosta w obs\u0142udze<\/h3>\n<p>\u0141adowarka jest wyj\u0105tkowo prosta w obs\u0142udze! Dzi\u0119ki intuicyjnym przyciskom oraz wy\u015bwietlaczowi LCD bez problemu poradzi sobie z ni\u0105 ka\u017cdy \u2013 nawet niedo\u015bwiadczeni u\u017cytkownicy. U\u017cywaj\u0105c klawiszy INC lub DEC z \u0142atwo\u015bci\u0105 dostosujesz warto\u015bci. Natomiast, aby rozpocz\u0105\u0107 \u0142adowanie, wystarczy wci\u015bni\u0119cie klawisza Enter. Ju\u017c po jednym u\u017cyciu b\u0119dziesz mia\u0142 obs\u0142ug\u0119 akumulatora w jednym palcu! Ponadto urz\u0105dzenie umo\u017cliwia regulacj\u0119 napi\u0119cia ko\u0144cowego (wy\u0142\u0105cznie dla zaawansowanych u\u017cytkownik\u00f3w).<\/p>\n<p><img decoding=\"async\" src=\"https:\/\/b2b.innpro.pl\/data\/include\/cms\/SkyRC\/T400Q\/6.jpg\"><\/p>\n<h3>Ergonomiczna konstrukcja<\/h3>\n<p>Minimalistyczny design po\u0142\u0105czony z funkcjonalno\u015bci\u0105. Kompaktowa konstrukcja \u0142adowarki sprawia, \u017ce nie zajmuje ona wiele miejsce. Dodatkowo urz\u0105dzenie wyposa\u017cone zosta\u0142o w praktyczny uchwyt, kt\u00f3ry umo\u017cliwia wygodny transport.<\/p>\n<p><img decoding=\"async\" src=\"https:\/\/b2b.innpro.pl\/data\/include\/cms\/SkyRC\/T400Q\/7.jpg\"><\/p>\n<h3>Bezpieczne u\u017cytkowanie<\/h3>\n<p>T400Q wyposa\u017cony zosta\u0142 w praktyczny tryb AUTO, kt\u00f3ry automatycznie dostosowuje nat\u0119\u017cenie pr\u0105du podczas \u0142adowania b\u0105d\u017a roz\u0142adowywania, kt\u00f3re mo\u017ce doprowadzi\u0107 do wybuch\u00f3w przez niew\u0142a\u015bciwe u\u017cytkowanie. W przypadku akumulator\u00f3w litowych pozwala to skutecznie zapobiec prze\u0142adowaniu. Co wi\u0119cej, urz\u0105dzenie mo\u017ce automatycznie od\u0142\u0105czy\u0107 obw\u00f3d, a tak\u017ce alarmowa\u0107 w przypadku wykrycia nieprawid\u0142owo\u015bci w dzia\u0142aniu. Wszystkie dost\u0119pne ustawienia bez problemu samodzielnie skonfigurujesz.<\/p>\n<p><img decoding=\"async\" src=\"https:\/\/b2b.innpro.pl\/data\/include\/cms\/SkyRC\/T400Q\/10.jpg\"><\/p>\n<div class=\"table-wrapper\">\n<table>\n<tbody>\n<tr>\n<th>Producent<\/th>\n<td>SkyRC<\/td>\n<\/tr>\n<tr>\n<th>Model<\/th>\n<td>T400Q<\/td>\n<\/tr>\n<tr>\n<th>Wymiary<\/th>\n<td>186 x 103 x 209 mm<\/td>\n<\/tr>\n<tr>\n<th>Waga<\/th>\n<td>1610g<\/td>\n<\/tr>\n<tr>\n<th>Materia\u0142 obudowy<\/th>\n<td>Tworzywa sztuczne<\/td>\n<\/tr>\n<tr>\n<th>Typ wy\u015bwietlacza<\/th>\n<td>2 x 16 LCD<\/td>\n<\/tr>\n<tr>\n<th>Pod\u015bwietlenie wy\u015bwietlacza<\/th>\n<td>Niebieskie<\/td>\n<\/tr>\n<tr>\n<th>Moc \u0142adowania<\/th>\n<td>100W x 4<\/td>\n<\/tr>\n<tr>\n<th>Moc roz\u0142adowania<\/th>\n<td>10W<\/td>\n<\/tr>\n<tr>\n<th>Napi\u0119cie wej\u015bciowe DC<\/th>\n<td>11-18V<\/td>\n<\/tr>\n<tr>\n<th>Napi\u0119cie wej\u015bciowe AC<\/th>\n<td>100-240V 50\/60HZ<\/td>\n<\/tr>\n<tr>\n<th>Typy baterii<\/th>\n<td>LiPo\/LiHV.LiFe\/Lilon: 1-6S, NiMH\/NiCd: 1-15S, Pb: 2-20V<\/td>\n<\/tr>\n<tr>\n<th>Zakres pojemno\u015bci akumulatora<\/th>\n<td>NiMH\/NiCd: 100-50000 mAh LiPo\/LiFe\/LiHV: 100-50000 mAh Pb: 100-50000 mAh<\/td>\n<\/tr>\n<tr>\n<th>Napi\u0119cie \u0142adowania<\/th>\n<td>NiMH\/NiCd: detekcja szczytu Delta, LiPo: 4.18-4.25 V\/S, LiFe: 3.58-3.7 V\/S, Lilon: 4.08-4.2 V\/S, LiHV: 4.25-4.35 V\/S, Pb: 1.8-2.0 V\/S<\/td>\n<\/tr>\n<tr>\n<th>Napi\u0119cie odci\u0119cia roz\u0142adowania<\/th>\n<td>NiMH\/NiCd: 0.1-1.1 V\/S, LiPo: 3.0-3.3 V\/S, LiFe: 2.6-2.0 V\/S, Lilon: 2.9-3.2 V\/S, LiHV: 3.1-3.4 V\/S<\/td>\n<\/tr>\n<tr>\n<th>Zakres napi\u0119cia \u0142adowania<\/th>\n<td>0.1-26.1 V\/ogniwo<\/td>\n<\/tr>\n<tr>\n<th>Pr\u0105d \u0142adowania<\/th>\n<td>0.1A &#8211; 12.0A<\/td>\n<\/tr>\n<tr>\n<th>Pr\u0105d roz\u0142adowania<\/th>\n<td>0.1A &#8211; 12.0A<\/td>\n<\/tr>\n<tr>\n<th>Pr\u0105d balansu<\/th>\n<td>500mA<\/td>\n<\/tr>\n<tr>\n<th>Czas bezpiecze\u0144stwa<\/th>\n<td>1 ~ 720 min &amp; wy\u0142\u0105czanie (domy\u015blnie: 120 min)<\/td>\n<\/tr>\n<tr>\n<th>Temperatura pracy<\/th>\n<td>0\u00b0C-40\u00b0C<\/td>\n<\/tr>\n<tr>\n<th>Wilgo\u0107 robocza<\/th>\n<td>0%-75%<\/td>\n<\/tr>\n<tr>\n<th>Temperatura przechowywania<\/th>\n<td>-10\u00b0C-70\u00b0C<\/td>\n<\/tr>\n<tr>\n<th>Wilgo\u0107 przechowywania<\/th>\n<td>0%-75%<\/td>\n<\/tr>\n<\/tbody>\n<\/table>\n<\/div>\n","protected":false},"excerpt":{"rendered":"<p>\u0141adowarka SkyRC T400Q Czterokana\u0142owa \u0142adowarka SkyRC T400Q to obowi\u0105zkowy gad\u017cet ka\u017cdej osoby zajmuj\u0105cej si\u0119 modelarstwem! \u0141adowarka gwarantuje wygodne \u0142adowanie wielu<\/p>\n","protected":false},"featured_media":56482,"comment_status":"closed","ping_status":"open","template":"","meta":{"_acf_changed":false},"product_brand":[],"product_cat":[1173,1174,1169],"product_tag":[],"class_list":{"0":"post-56481","1":"product","2":"type-product","3":"status-publish","4":"has-post-thumbnail","6":"product_cat-ladowanie","7":"product_cat-ladowarki","8":"product_cat-modele-rc","9":"pa_okres-gwarancji-5754","10":"pa_producent-skyrc","12":"first","13":"outofstock","14":"taxable","15":"shipping-taxable","16":"purchasable","17":"product-type-simple"},"acf":[],"yoast_head":"<!-- This site is optimized with the Yoast SEO plugin v27.2 - https:\/\/yoast.com\/product\/yoast-seo-wordpress\/ -->\n<title>\u0141adowarka SKYRC T400Q - IRONSKY.PL Sklep z Dronami<\/title>\n<meta name=\"description\" content=\"\u0141adowarka SKYRC T400Q - \u2705 sklep z dronami i fachowym doradztwem. \u2705 Tutaj kupisz produkty DJI, Yuneec, Parrot, Syma i wiele innych, a tak\u017ce kursy i licencje na operatora drona.\" \/>\n<meta name=\"robots\" content=\"index, follow, max-snippet:-1, max-image-preview:large, max-video-preview:-1\" \/>\n<link rel=\"canonical\" href=\"https:\/\/ironsky.pl\/sklep\/produkt\/ladowarka-skyrc-t400q-2\/\" \/>\n<meta property=\"og:locale\" content=\"pl_PL\" \/>\n<meta property=\"og:type\" content=\"article\" \/>\n<meta property=\"og:title\" content=\"\u0141adowarka SKYRC T400Q - IRONSKY.PL Sklep z Dronami\" \/>\n<meta property=\"og:description\" content=\"\u0141adowarka SKYRC T400Q - \u2705 sklep z dronami i fachowym doradztwem. \u2705 Tutaj kupisz produkty DJI, Yuneec, Parrot, Syma i wiele innych, a tak\u017ce kursy i licencje na operatora drona.\" \/>\n<meta property=\"og:url\" content=\"https:\/\/ironsky.pl\/sklep\/produkt\/ladowarka-skyrc-t400q-2\/\" \/>\n<meta property=\"og:site_name\" content=\"IRONSKY.PL Sklep z Dronami\" \/>\n<meta property=\"article:modified_time\" content=\"2026-04-15T08:50:06+00:00\" \/>\n<meta property=\"og:image\" content=\"https:\/\/ironsky.pl\/sklep\/wp-content\/uploads\/2026\/04\/26268_1.jpg\" \/>\n\t<meta property=\"og:image:width\" content=\"800\" \/>\n\t<meta property=\"og:image:height\" content=\"801\" \/>\n\t<meta property=\"og:image:type\" content=\"image\/jpeg\" \/>\n<meta name=\"twitter:card\" content=\"summary_large_image\" \/>\n<meta name=\"twitter:label1\" content=\"Szacowany czas czytania\" \/>\n\t<meta name=\"twitter:data1\" content=\"3 minuty\" \/>\n<script type=\"application\/ld+json\" class=\"yoast-schema-graph\">{\"@context\":\"https:\/\/schema.org\",\"@graph\":[{\"@type\":\"WebPage\",\"@id\":\"https:\/\/ironsky.pl\/sklep\/produkt\/ladowarka-skyrc-t400q-2\/\",\"url\":\"https:\/\/ironsky.pl\/sklep\/produkt\/ladowarka-skyrc-t400q-2\/\",\"name\":\"\u0141adowarka SKYRC T400Q - IRONSKY.PL Sklep z Dronami\",\"isPartOf\":{\"@id\":\"https:\/\/ironsky.pl\/sklep\/#website\"},\"primaryImageOfPage\":{\"@id\":\"https:\/\/ironsky.pl\/sklep\/produkt\/ladowarka-skyrc-t400q-2\/#primaryimage\"},\"image\":{\"@id\":\"https:\/\/ironsky.pl\/sklep\/produkt\/ladowarka-skyrc-t400q-2\/#primaryimage\"},\"thumbnailUrl\":\"https:\/\/ironsky.pl\/sklep\/wp-content\/uploads\/2026\/04\/26268_1.jpg\",\"datePublished\":\"2026-04-15T08:15:15+00:00\",\"dateModified\":\"2026-04-15T08:50:06+00:00\",\"description\":\"\u0141adowarka SKYRC T400Q - \u2705 sklep z dronami i fachowym doradztwem. \u2705 Tutaj kupisz produkty DJI, Yuneec, Parrot, Syma i wiele innych, a tak\u017ce kursy i licencje na operatora drona.\",\"breadcrumb\":{\"@id\":\"https:\/\/ironsky.pl\/sklep\/produkt\/ladowarka-skyrc-t400q-2\/#breadcrumb\"},\"inLanguage\":\"pl-PL\",\"potentialAction\":[{\"@type\":\"ReadAction\",\"target\":[\"https:\/\/ironsky.pl\/sklep\/produkt\/ladowarka-skyrc-t400q-2\/\"]}]},{\"@type\":\"ImageObject\",\"inLanguage\":\"pl-PL\",\"@id\":\"https:\/\/ironsky.pl\/sklep\/produkt\/ladowarka-skyrc-t400q-2\/#primaryimage\",\"url\":\"https:\/\/ironsky.pl\/sklep\/wp-content\/uploads\/2026\/04\/26268_1.jpg\",\"contentUrl\":\"https:\/\/ironsky.pl\/sklep\/wp-content\/uploads\/2026\/04\/26268_1.jpg\",\"width\":800,\"height\":801},{\"@type\":\"BreadcrumbList\",\"@id\":\"https:\/\/ironsky.pl\/sklep\/produkt\/ladowarka-skyrc-t400q-2\/#breadcrumb\",\"itemListElement\":[{\"@type\":\"ListItem\",\"position\":1,\"name\":\"Strona g\u0142\u00f3wna\",\"item\":\"https:\/\/ironsky.pl\/sklep\/\"},{\"@type\":\"ListItem\",\"position\":2,\"name\":\"Wszystkie produkty\",\"item\":\"https:\/\/ironsky.pl\/sklep\/produkty\/\"},{\"@type\":\"ListItem\",\"position\":3,\"name\":\"\u0141adowarka SKYRC T400Q\"}]},{\"@type\":\"WebSite\",\"@id\":\"https:\/\/ironsky.pl\/sklep\/#website\",\"url\":\"https:\/\/ironsky.pl\/sklep\/\",\"name\":\"IRONSKY.PL Sklep z Dronami\",\"description\":\"IRONSKY.PL Sklep z Dronami\",\"potentialAction\":[{\"@type\":\"SearchAction\",\"target\":{\"@type\":\"EntryPoint\",\"urlTemplate\":\"https:\/\/ironsky.pl\/sklep\/?s={search_term_string}\"},\"query-input\":{\"@type\":\"PropertyValueSpecification\",\"valueRequired\":true,\"valueName\":\"search_term_string\"}}],\"inLanguage\":\"pl-PL\"}]}<\/script>\n<!-- \/ Yoast SEO plugin. -->","yoast_head_json":{"title":"\u0141adowarka SKYRC T400Q - IRONSKY.PL Sklep z Dronami","description":"\u0141adowarka SKYRC T400Q - \u2705 sklep z dronami i fachowym doradztwem. \u2705 Tutaj kupisz produkty DJI, Yuneec, Parrot, Syma i wiele innych, a tak\u017ce kursy i licencje na operatora drona.","robots":{"index":"index","follow":"follow","max-snippet":"max-snippet:-1","max-image-preview":"max-image-preview:large","max-video-preview":"max-video-preview:-1"},"canonical":"https:\/\/ironsky.pl\/sklep\/produkt\/ladowarka-skyrc-t400q-2\/","og_locale":"pl_PL","og_type":"article","og_title":"\u0141adowarka SKYRC T400Q - IRONSKY.PL Sklep z Dronami","og_description":"\u0141adowarka SKYRC T400Q - \u2705 sklep z dronami i fachowym doradztwem. \u2705 Tutaj kupisz produkty DJI, Yuneec, Parrot, Syma i wiele innych, a tak\u017ce kursy i licencje na operatora drona.","og_url":"https:\/\/ironsky.pl\/sklep\/produkt\/ladowarka-skyrc-t400q-2\/","og_site_name":"IRONSKY.PL Sklep z Dronami","article_modified_time":"2026-04-15T08:50:06+00:00","og_image":[{"width":800,"height":801,"url":"https:\/\/ironsky.pl\/sklep\/wp-content\/uploads\/2026\/04\/26268_1.jpg","type":"image\/jpeg"}],"twitter_card":"summary_large_image","twitter_misc":{"Szacowany czas czytania":"3 minuty"},"schema":{"@context":"https:\/\/schema.org","@graph":[{"@type":"WebPage","@id":"https:\/\/ironsky.pl\/sklep\/produkt\/ladowarka-skyrc-t400q-2\/","url":"https:\/\/ironsky.pl\/sklep\/produkt\/ladowarka-skyrc-t400q-2\/","name":"\u0141adowarka SKYRC T400Q - IRONSKY.PL Sklep z Dronami","isPartOf":{"@id":"https:\/\/ironsky.pl\/sklep\/#website"},"primaryImageOfPage":{"@id":"https:\/\/ironsky.pl\/sklep\/produkt\/ladowarka-skyrc-t400q-2\/#primaryimage"},"image":{"@id":"https:\/\/ironsky.pl\/sklep\/produkt\/ladowarka-skyrc-t400q-2\/#primaryimage"},"thumbnailUrl":"https:\/\/ironsky.pl\/sklep\/wp-content\/uploads\/2026\/04\/26268_1.jpg","datePublished":"2026-04-15T08:15:15+00:00","dateModified":"2026-04-15T08:50:06+00:00","description":"\u0141adowarka SKYRC T400Q - \u2705 sklep z dronami i fachowym doradztwem. \u2705 Tutaj kupisz produkty DJI, Yuneec, Parrot, Syma i wiele innych, a tak\u017ce kursy i licencje na operatora drona.","breadcrumb":{"@id":"https:\/\/ironsky.pl\/sklep\/produkt\/ladowarka-skyrc-t400q-2\/#breadcrumb"},"inLanguage":"pl-PL","potentialAction":[{"@type":"ReadAction","target":["https:\/\/ironsky.pl\/sklep\/produkt\/ladowarka-skyrc-t400q-2\/"]}]},{"@type":"ImageObject","inLanguage":"pl-PL","@id":"https:\/\/ironsky.pl\/sklep\/produkt\/ladowarka-skyrc-t400q-2\/#primaryimage","url":"https:\/\/ironsky.pl\/sklep\/wp-content\/uploads\/2026\/04\/26268_1.jpg","contentUrl":"https:\/\/ironsky.pl\/sklep\/wp-content\/uploads\/2026\/04\/26268_1.jpg","width":800,"height":801},{"@type":"BreadcrumbList","@id":"https:\/\/ironsky.pl\/sklep\/produkt\/ladowarka-skyrc-t400q-2\/#breadcrumb","itemListElement":[{"@type":"ListItem","position":1,"name":"Strona g\u0142\u00f3wna","item":"https:\/\/ironsky.pl\/sklep\/"},{"@type":"ListItem","position":2,"name":"Wszystkie produkty","item":"https:\/\/ironsky.pl\/sklep\/produkty\/"},{"@type":"ListItem","position":3,"name":"\u0141adowarka SKYRC T400Q"}]},{"@type":"WebSite","@id":"https:\/\/ironsky.pl\/sklep\/#website","url":"https:\/\/ironsky.pl\/sklep\/","name":"IRONSKY.PL Sklep z Dronami","description":"IRONSKY.PL Sklep z Dronami","potentialAction":[{"@type":"SearchAction","target":{"@type":"EntryPoint","urlTemplate":"https:\/\/ironsky.pl\/sklep\/?s={search_term_string}"},"query-input":{"@type":"PropertyValueSpecification","valueRequired":true,"valueName":"search_term_string"}}],"inLanguage":"pl-PL"}]}},"_links":{"self":[{"href":"https:\/\/ironsky.pl\/sklep\/wp-json\/wp\/v2\/product\/56481","targetHints":{"allow":["GET"]}}],"collection":[{"href":"https:\/\/ironsky.pl\/sklep\/wp-json\/wp\/v2\/product"}],"about":[{"href":"https:\/\/ironsky.pl\/sklep\/wp-json\/wp\/v2\/types\/product"}],"replies":[{"embeddable":true,"href":"https:\/\/ironsky.pl\/sklep\/wp-json\/wp\/v2\/comments?post=56481"}],"wp:featuredmedia":[{"embeddable":true,"href":"https:\/\/ironsky.pl\/sklep\/wp-json\/wp\/v2\/media\/56482"}],"wp:attachment":[{"href":"https:\/\/ironsky.pl\/sklep\/wp-json\/wp\/v2\/media?parent=56481"}],"wp:term":[{"taxonomy":"product_brand","embeddable":true,"href":"https:\/\/ironsky.pl\/sklep\/wp-json\/wp\/v2\/product_brand?post=56481"},{"taxonomy":"product_cat","embeddable":true,"href":"https:\/\/ironsky.pl\/sklep\/wp-json\/wp\/v2\/product_cat?post=56481"},{"taxonomy":"product_tag","embeddable":true,"href":"https:\/\/ironsky.pl\/sklep\/wp-json\/wp\/v2\/product_tag?post=56481"}],"curies":[{"name":"wp","href":"https:\/\/api.w.org\/{rel}","templated":true}]}}