{"id":56466,"date":"2026-04-15T10:15:15","date_gmt":"2026-04-15T08:15:15","guid":{"rendered":"https:\/\/ironsky.pl\/sklep\/produkt\/glosnik-dji-mavic-3-enterprise-2\/"},"modified":"2026-04-15T10:49:03","modified_gmt":"2026-04-15T08:49:03","slug":"glosnik-dji-mavic-3-enterprise-2","status":"publish","type":"product","link":"https:\/\/ironsky.pl\/sklep\/produkt\/glosnik-dji-mavic-3-enterprise-2\/","title":{"rendered":"G\u0142o\u015bnik DJI Mavic 3 Enterprise"},"content":{"rendered":"<h3>G\u0142o\u015bnik\u00a0DJI Mavic 3 Enterprise<\/h3>\n<p>Przesy\u0142a d\u017awi\u0119k na du\u017ce odleg\u0142o\u015bci, aby zwi\u0119kszy\u0107 skuteczno\u015b\u0107 misji ratunkowych i innych dzia\u0142a\u0144 w sytuacjach kryzysowych. Mo\u017ce zapisa\u0107 kilka nagra\u0144 audio i obs\u0142uguje automatyczne odtwarzanie w p\u0119tli.<\/p>\n<p><img decoding=\"async\" style=\"display: block; margin-left: auto; margin-right: auto;\" src=\"\/data\/include\/cms\/enterprise\/mavic-3\/m3e-t-glosnik.jpg\" border=\"0\" width=\"1200\" height=\"800\" \/><img border=\"0\" \/><\/p>\n<h3>\u015arodki ostro\u017cno\u015bci<\/h3>\n<p>1. NIE u\u017cywaj g\u0142o\u015bnika zbyt blisko ludzi lub w obszarach miejskich, gdzie skupione s\u0105 struktury wra\u017cliwe na ha\u0142as, poniewa\u017c g\u0142o\u015bno\u015b\u0107 mo\u017ce prowadzi\u0107 do wypadk\u00f3w lub obra\u017ce\u0144.<\/p>\n<p>2. Zaleca si\u0119 u\u017cywanie aparatury DJI RC Pro Enterprise do odtwarzania d\u017awi\u0119ku lub importowanie \u017ar\u00f3d\u0142a d\u017awi\u0119ku dla uzyskania najlepszego efektu odtwarzania. Nie zaleca si\u0119 odtwarzania d\u017awi\u0119k\u00f3w o jednej cz\u0119stotliwo\u015bci, takich jak alarm, aby unikn\u0105\u0107 nieodwracalnego uszkodzenia g\u0142o\u015bnika.<\/p>\n<div class=\"table-wrapper\">\n<table>\n<tbody>\n<tr>\n<th>Wymiary<\/th>\n<td>114.1\u00d782.0\u00d754.7<\/td>\n<\/tr>\n<tr>\n<th>Masa<\/th>\n<td>85\u00b12 g<\/td>\n<\/tr>\n<tr>\n<th>Interfejs<\/th>\n<td>USB-C<\/td>\n<\/tr>\n<tr>\n<th>Moc znamionowa<\/th>\n<td>3 W<\/td>\n<\/tr>\n<tr>\n<th>Efektywny dystans nadawania<\/th>\n<td>100 m @ 70 dB*<\/td>\n<\/tr>\n<tr>\n<th>Maksymalne nat\u0119\u017cenie d\u017awi\u0119ku<\/th>\n<td>110 dB @ 1 m*<\/td>\n<\/tr>\n<tr>\n<th>Bitrate<\/th>\n<td>16 Kbps\/32 Kbps<\/td>\n<tr>\n<th>Temperatura pracy<\/th>\n<td>-10\u00b0 do 40\u00b0 C<\/td>\n<\/tr>\n<\/tbody>\n<\/table>\n<p>*Wszystkie dane zosta\u0142y zmierzone w \u015brodowisku eksperymentalnym i maj\u0105 charakter wy\u0142\u0105cznie referencyjny. Rzeczywista sytuacja mo\u017ce by\u0107 nieco inna ze wzgl\u0119du na r\u00f3\u017cne wersje oprogramowania, \u017ar\u00f3d\u0142a d\u017awi\u0119ku, rodzaje \u015brodowiska i inne warunki. Ostateczny wynik zale\u017cy od rzeczywistego zastosowania.\n<\/p><\/div>\n<style type=\"text\/css\"><!--\n.table-wrapper{width:100%;overflow-x:auto}.table-wrapper>table{border-spacing:0}.table-wrapper>table>tbody>tr>td,.table-wrapper>table>tbody>tr>th{padding:10px 35px;text-align:left}.table-wrapper>table>tbody>tr>th{vertical-align:top}.table-wrapper>table>tbody>tr:nth-child(even){background-color:#f7f7f7}\n--><\/style>\n<h3>Zawarto\u015b\u0107 zestawu:<\/h3>\n<ul>\n<li>1x\u00a0G\u0142o\u015bnik DJI Mavic 3 Enterprise<\/li>\n<\/ul>\n","protected":false},"excerpt":{"rendered":"<p>G\u0142o\u015bnik\u00a0DJI Mavic 3 Enterprise Przesy\u0142a d\u017awi\u0119k na du\u017ce odleg\u0142o\u015bci, aby zwi\u0119kszy\u0107 skuteczno\u015b\u0107 misji ratunkowych i innych dzia\u0142a\u0144 w sytuacjach kryzysowych.<\/p>\n","protected":false},"featured_media":56467,"comment_status":"closed","ping_status":"open","template":"","meta":{"_acf_changed":false},"product_brand":[],"product_cat":[6169,1088,1105],"product_tag":[],"class_list":{"0":"post-56466","1":"product","2":"type-product","3":"status-publish","4":"has-post-thumbnail","6":"product_cat-akcesoria-i-czesci","7":"product_cat-drony","8":"product_cat-przemyslowe","9":"pa_okres-gwarancji-5757","10":"pa_producent-dji-enterprise","12":"first","13":"instock","14":"taxable","15":"shipping-taxable","16":"purchasable","17":"product-type-simple"},"acf":[],"yoast_head":"<!-- This site is optimized with the Yoast SEO plugin v27.2 - https:\/\/yoast.com\/product\/yoast-seo-wordpress\/ -->\n<title>G\u0142o\u015bnik DJI Mavic 3 Enterprise - IRONSKY.PL Sklep z Dronami<\/title>\n<meta name=\"description\" content=\"G\u0142o\u015bnik DJI Mavic 3 Enterprise - \u2705 sklep z dronami i fachowym doradztwem. \u2705 Tutaj kupisz produkty DJI, Yuneec, Parrot, Syma i wiele innych, a tak\u017ce kursy i licencje na operatora drona.\" \/>\n<meta name=\"robots\" content=\"index, follow, max-snippet:-1, max-image-preview:large, max-video-preview:-1\" \/>\n<link rel=\"canonical\" href=\"https:\/\/ironsky.pl\/sklep\/produkt\/glosnik-dji-mavic-3-enterprise-2\/\" \/>\n<meta property=\"og:locale\" content=\"pl_PL\" \/>\n<meta property=\"og:type\" content=\"article\" \/>\n<meta property=\"og:title\" content=\"G\u0142o\u015bnik DJI Mavic 3 Enterprise - IRONSKY.PL Sklep z Dronami\" \/>\n<meta property=\"og:description\" content=\"G\u0142o\u015bnik DJI Mavic 3 Enterprise - \u2705 sklep z dronami i fachowym doradztwem. \u2705 Tutaj kupisz produkty DJI, Yuneec, Parrot, Syma i wiele innych, a tak\u017ce kursy i licencje na operatora drona.\" \/>\n<meta property=\"og:url\" content=\"https:\/\/ironsky.pl\/sklep\/produkt\/glosnik-dji-mavic-3-enterprise-2\/\" \/>\n<meta property=\"og:site_name\" content=\"IRONSKY.PL Sklep z Dronami\" \/>\n<meta property=\"article:modified_time\" content=\"2026-04-15T08:49:03+00:00\" \/>\n<meta property=\"og:image\" content=\"https:\/\/ironsky.pl\/sklep\/wp-content\/uploads\/2026\/04\/26172_1.jpg\" \/>\n\t<meta property=\"og:image:width\" content=\"800\" \/>\n\t<meta property=\"og:image:height\" content=\"800\" \/>\n\t<meta property=\"og:image:type\" content=\"image\/jpeg\" \/>\n<meta name=\"twitter:card\" content=\"summary_large_image\" \/>\n<meta name=\"twitter:label1\" content=\"Szacowany czas czytania\" \/>\n\t<meta name=\"twitter:data1\" content=\"1 minuta\" \/>\n<script type=\"application\/ld+json\" class=\"yoast-schema-graph\">{\"@context\":\"https:\/\/schema.org\",\"@graph\":[{\"@type\":\"WebPage\",\"@id\":\"https:\/\/ironsky.pl\/sklep\/produkt\/glosnik-dji-mavic-3-enterprise-2\/\",\"url\":\"https:\/\/ironsky.pl\/sklep\/produkt\/glosnik-dji-mavic-3-enterprise-2\/\",\"name\":\"G\u0142o\u015bnik DJI Mavic 3 Enterprise - IRONSKY.PL Sklep z Dronami\",\"isPartOf\":{\"@id\":\"https:\/\/ironsky.pl\/sklep\/#website\"},\"primaryImageOfPage\":{\"@id\":\"https:\/\/ironsky.pl\/sklep\/produkt\/glosnik-dji-mavic-3-enterprise-2\/#primaryimage\"},\"image\":{\"@id\":\"https:\/\/ironsky.pl\/sklep\/produkt\/glosnik-dji-mavic-3-enterprise-2\/#primaryimage\"},\"thumbnailUrl\":\"https:\/\/ironsky.pl\/sklep\/wp-content\/uploads\/2026\/04\/26172_1.jpg\",\"datePublished\":\"2026-04-15T08:15:15+00:00\",\"dateModified\":\"2026-04-15T08:49:03+00:00\",\"description\":\"G\u0142o\u015bnik DJI Mavic 3 Enterprise - \u2705 sklep z dronami i fachowym doradztwem. \u2705 Tutaj kupisz produkty DJI, Yuneec, Parrot, Syma i wiele innych, a tak\u017ce kursy i licencje na operatora drona.\",\"breadcrumb\":{\"@id\":\"https:\/\/ironsky.pl\/sklep\/produkt\/glosnik-dji-mavic-3-enterprise-2\/#breadcrumb\"},\"inLanguage\":\"pl-PL\",\"potentialAction\":[{\"@type\":\"ReadAction\",\"target\":[\"https:\/\/ironsky.pl\/sklep\/produkt\/glosnik-dji-mavic-3-enterprise-2\/\"]}]},{\"@type\":\"ImageObject\",\"inLanguage\":\"pl-PL\",\"@id\":\"https:\/\/ironsky.pl\/sklep\/produkt\/glosnik-dji-mavic-3-enterprise-2\/#primaryimage\",\"url\":\"https:\/\/ironsky.pl\/sklep\/wp-content\/uploads\/2026\/04\/26172_1.jpg\",\"contentUrl\":\"https:\/\/ironsky.pl\/sklep\/wp-content\/uploads\/2026\/04\/26172_1.jpg\",\"width\":800,\"height\":800},{\"@type\":\"BreadcrumbList\",\"@id\":\"https:\/\/ironsky.pl\/sklep\/produkt\/glosnik-dji-mavic-3-enterprise-2\/#breadcrumb\",\"itemListElement\":[{\"@type\":\"ListItem\",\"position\":1,\"name\":\"Strona g\u0142\u00f3wna\",\"item\":\"https:\/\/ironsky.pl\/sklep\/\"},{\"@type\":\"ListItem\",\"position\":2,\"name\":\"Wszystkie produkty\",\"item\":\"https:\/\/ironsky.pl\/sklep\/produkty\/\"},{\"@type\":\"ListItem\",\"position\":3,\"name\":\"G\u0142o\u015bnik DJI Mavic 3 Enterprise\"}]},{\"@type\":\"WebSite\",\"@id\":\"https:\/\/ironsky.pl\/sklep\/#website\",\"url\":\"https:\/\/ironsky.pl\/sklep\/\",\"name\":\"IRONSKY.PL Sklep z Dronami\",\"description\":\"IRONSKY.PL Sklep z Dronami\",\"potentialAction\":[{\"@type\":\"SearchAction\",\"target\":{\"@type\":\"EntryPoint\",\"urlTemplate\":\"https:\/\/ironsky.pl\/sklep\/?s={search_term_string}\"},\"query-input\":{\"@type\":\"PropertyValueSpecification\",\"valueRequired\":true,\"valueName\":\"search_term_string\"}}],\"inLanguage\":\"pl-PL\"}]}<\/script>\n<!-- \/ Yoast SEO plugin. -->","yoast_head_json":{"title":"G\u0142o\u015bnik DJI Mavic 3 Enterprise - IRONSKY.PL Sklep z Dronami","description":"G\u0142o\u015bnik DJI Mavic 3 Enterprise - \u2705 sklep z dronami i fachowym doradztwem. \u2705 Tutaj kupisz produkty DJI, Yuneec, Parrot, Syma i wiele innych, a tak\u017ce kursy i licencje na operatora drona.","robots":{"index":"index","follow":"follow","max-snippet":"max-snippet:-1","max-image-preview":"max-image-preview:large","max-video-preview":"max-video-preview:-1"},"canonical":"https:\/\/ironsky.pl\/sklep\/produkt\/glosnik-dji-mavic-3-enterprise-2\/","og_locale":"pl_PL","og_type":"article","og_title":"G\u0142o\u015bnik DJI Mavic 3 Enterprise - IRONSKY.PL Sklep z Dronami","og_description":"G\u0142o\u015bnik DJI Mavic 3 Enterprise - \u2705 sklep z dronami i fachowym doradztwem. \u2705 Tutaj kupisz produkty DJI, Yuneec, Parrot, Syma i wiele innych, a tak\u017ce kursy i licencje na operatora drona.","og_url":"https:\/\/ironsky.pl\/sklep\/produkt\/glosnik-dji-mavic-3-enterprise-2\/","og_site_name":"IRONSKY.PL Sklep z Dronami","article_modified_time":"2026-04-15T08:49:03+00:00","og_image":[{"width":800,"height":800,"url":"https:\/\/ironsky.pl\/sklep\/wp-content\/uploads\/2026\/04\/26172_1.jpg","type":"image\/jpeg"}],"twitter_card":"summary_large_image","twitter_misc":{"Szacowany czas czytania":"1 minuta"},"schema":{"@context":"https:\/\/schema.org","@graph":[{"@type":"WebPage","@id":"https:\/\/ironsky.pl\/sklep\/produkt\/glosnik-dji-mavic-3-enterprise-2\/","url":"https:\/\/ironsky.pl\/sklep\/produkt\/glosnik-dji-mavic-3-enterprise-2\/","name":"G\u0142o\u015bnik DJI Mavic 3 Enterprise - IRONSKY.PL Sklep z Dronami","isPartOf":{"@id":"https:\/\/ironsky.pl\/sklep\/#website"},"primaryImageOfPage":{"@id":"https:\/\/ironsky.pl\/sklep\/produkt\/glosnik-dji-mavic-3-enterprise-2\/#primaryimage"},"image":{"@id":"https:\/\/ironsky.pl\/sklep\/produkt\/glosnik-dji-mavic-3-enterprise-2\/#primaryimage"},"thumbnailUrl":"https:\/\/ironsky.pl\/sklep\/wp-content\/uploads\/2026\/04\/26172_1.jpg","datePublished":"2026-04-15T08:15:15+00:00","dateModified":"2026-04-15T08:49:03+00:00","description":"G\u0142o\u015bnik DJI Mavic 3 Enterprise - \u2705 sklep z dronami i fachowym doradztwem. \u2705 Tutaj kupisz produkty DJI, Yuneec, Parrot, Syma i wiele innych, a tak\u017ce kursy i licencje na operatora drona.","breadcrumb":{"@id":"https:\/\/ironsky.pl\/sklep\/produkt\/glosnik-dji-mavic-3-enterprise-2\/#breadcrumb"},"inLanguage":"pl-PL","potentialAction":[{"@type":"ReadAction","target":["https:\/\/ironsky.pl\/sklep\/produkt\/glosnik-dji-mavic-3-enterprise-2\/"]}]},{"@type":"ImageObject","inLanguage":"pl-PL","@id":"https:\/\/ironsky.pl\/sklep\/produkt\/glosnik-dji-mavic-3-enterprise-2\/#primaryimage","url":"https:\/\/ironsky.pl\/sklep\/wp-content\/uploads\/2026\/04\/26172_1.jpg","contentUrl":"https:\/\/ironsky.pl\/sklep\/wp-content\/uploads\/2026\/04\/26172_1.jpg","width":800,"height":800},{"@type":"BreadcrumbList","@id":"https:\/\/ironsky.pl\/sklep\/produkt\/glosnik-dji-mavic-3-enterprise-2\/#breadcrumb","itemListElement":[{"@type":"ListItem","position":1,"name":"Strona g\u0142\u00f3wna","item":"https:\/\/ironsky.pl\/sklep\/"},{"@type":"ListItem","position":2,"name":"Wszystkie produkty","item":"https:\/\/ironsky.pl\/sklep\/produkty\/"},{"@type":"ListItem","position":3,"name":"G\u0142o\u015bnik DJI Mavic 3 Enterprise"}]},{"@type":"WebSite","@id":"https:\/\/ironsky.pl\/sklep\/#website","url":"https:\/\/ironsky.pl\/sklep\/","name":"IRONSKY.PL Sklep z Dronami","description":"IRONSKY.PL Sklep z Dronami","potentialAction":[{"@type":"SearchAction","target":{"@type":"EntryPoint","urlTemplate":"https:\/\/ironsky.pl\/sklep\/?s={search_term_string}"},"query-input":{"@type":"PropertyValueSpecification","valueRequired":true,"valueName":"search_term_string"}}],"inLanguage":"pl-PL"}]}},"_links":{"self":[{"href":"https:\/\/ironsky.pl\/sklep\/wp-json\/wp\/v2\/product\/56466","targetHints":{"allow":["GET"]}}],"collection":[{"href":"https:\/\/ironsky.pl\/sklep\/wp-json\/wp\/v2\/product"}],"about":[{"href":"https:\/\/ironsky.pl\/sklep\/wp-json\/wp\/v2\/types\/product"}],"replies":[{"embeddable":true,"href":"https:\/\/ironsky.pl\/sklep\/wp-json\/wp\/v2\/comments?post=56466"}],"wp:featuredmedia":[{"embeddable":true,"href":"https:\/\/ironsky.pl\/sklep\/wp-json\/wp\/v2\/media\/56467"}],"wp:attachment":[{"href":"https:\/\/ironsky.pl\/sklep\/wp-json\/wp\/v2\/media?parent=56466"}],"wp:term":[{"taxonomy":"product_brand","embeddable":true,"href":"https:\/\/ironsky.pl\/sklep\/wp-json\/wp\/v2\/product_brand?post=56466"},{"taxonomy":"product_cat","embeddable":true,"href":"https:\/\/ironsky.pl\/sklep\/wp-json\/wp\/v2\/product_cat?post=56466"},{"taxonomy":"product_tag","embeddable":true,"href":"https:\/\/ironsky.pl\/sklep\/wp-json\/wp\/v2\/product_tag?post=56466"}],"curies":[{"name":"wp","href":"https:\/\/api.w.org\/{rel}","templated":true}]}}