{"id":56458,"date":"2026-04-15T10:15:15","date_gmt":"2026-04-15T08:15:15","guid":{"rendered":"https:\/\/ironsky.pl\/sklep\/produkt\/ladowarka-usb-c-100w-dji-mavic-3-enterprise-2\/"},"modified":"2026-04-15T10:49:01","modified_gmt":"2026-04-15T08:49:01","slug":"ladowarka-usb-c-100w-dji-mavic-3-enterprise-2","status":"publish","type":"product","link":"https:\/\/ironsky.pl\/sklep\/produkt\/ladowarka-usb-c-100w-dji-mavic-3-enterprise-2\/","title":{"rendered":"\u0141adowarka USB-C 100W DJI Mavic 3 Enterprise"},"content":{"rendered":"<h3>\u0141adowarka USB-C 100W DJI Mavic 3 Enterprise<\/h3>\n<p>DJI USB-C Power Adapter (100W) s\u0142u\u017cy do \u0142adowania drona DJI Mavic 3 serii Enterprise, aparatury DJI RC Pro Enterprise, RC Plus lub urz\u0105dze\u0144 mobilnych z portem USB-C poprzez pod\u0142\u0105czenie do gniazdka elektrycznego.<\/p>\n<p><img decoding=\"async\" src=\"https:\/\/b2b.innpro.pl\/data\/include\/cms\/enterprise\/mavic-3\/m3e-ladowarka-usb-c.jpg\" border=\"0\" width=\"1200\" height=\"800\" \/><\/p>\n<h3>\u015arodki ostro\u017cno\u015bci<\/h3>\n<ul>\n<li>NIE pr\u00f3buj dotyka\u0107 palcami metalowych pin\u00f3w na obudowie akumulatora.<\/li>\n<li>Wyczy\u015b\u0107 metalowe zaciski na obudowie baterii czyst\u0105, such\u0105 szmatk\u0105, je\u015bli pojawi si\u0119 na nich zauwa\u017calny osad.<\/li>\n<\/ul>\n<div class=\"table-wrapper\">\n<table>\n<tbody>\n<tr>\n<th>Wymiary<\/th>\n<td>73.5\u00d770\u00d732 mm<\/td>\n<\/tr>\n<tr>\n<th>Masa<\/th>\n<td>268\u00b15 g<\/td>\n<\/tr>\n<tr>\n<th>Napi\u0119cie wej\u015bciowe<\/th>\n<td>100-240 V AC, 50-60 Hz, 2.5 A<\/td>\n<\/tr>\n<tr>\n<th>Wyj\u015bcie maksymalne<\/th>\n<td>100 W<br \/>Gdy oba porty s\u0105 u\u017cywane, maksymalna moc wyj\u015bciowa ka\u017cdego interfejsu wynosi 82 W, a \u0142adowarka dynamicznie przydzieli moc wyj\u015bciow\u0105 dw\u00f3ch port\u00f3w w zale\u017cno\u015bci od obci\u0105\u017cenia moc\u0105.<\/td>\n<\/tr>\n<tr>\n<th>Moc wyj\u015bciowa<\/th>\n<td>100 W<\/td>\n<\/tr>\n<tr>\n<th>Temperatura pracy<\/th>\n<td>5\u00b0 do 40\u00b0<\/td>\n<\/tr>\n<tr>\n<th>Czas \u0142adowania*<\/th>\n<td>Podczas \u0142adowania nale\u017cy wy\u0142\u0105czy\u0107 drona DJI Mavic 3 Enterprise, pe\u0142ne na\u0142adowanie trwa 1 godzin\u0119 i 20 minut. Podczas \u0142adowania wy\u0142\u0105cznie aparatury DJI RC Pro Enterprise, pe\u0142ne \u0142adowanie trwa 1 godzin\u0119 i 30 minut.<br \/>* \u0141adowanie urz\u0105dze\u0144 b\u0119dzie trwa\u0142o d\u0142u\u017cej, je\u015bli zar\u00f3wno akumulator, jak i aparatura zdalnego sterowania lub inne urz\u0105dzenia s\u0105 \u0142adowane jednocze\u015bnie.<\/td>\n<\/tr>\n<tr>\n<th>Kompatybilno\u015b\u0107<\/th>\n<td>Dron DJI Mavic 3 Enterprise, Mavic 3 Thermal<\/td>\n<\/tr>\n<\/tbody>\n<\/table>\n<\/div>\n<style type=\"text\/css\"><!--\n.table-wrapper{width:100%;overflow-x:auto}.table-wrapper>table{border-spacing:0}.table-wrapper>table>tbody>tr>td,.table-wrapper>table>tbody>tr>th{padding:10px 35px;text-align:left}.table-wrapper>table>tbody>tr>th{vertical-align:top}.table-wrapper>table>tbody>tr:nth-child(even){background-color:#f7f7f7}\n--><\/style>\n<h3>Zawarto\u015b\u0107 zestawu:<\/h3>\n<ul>\n<li>1x \u0141adowarka USB-C 100W<\/li>\n<\/ul>\n","protected":false},"excerpt":{"rendered":"<p>\u0141adowarka USB-C 100W DJI Mavic 3 Enterprise DJI USB-C Power Adapter (100W) s\u0142u\u017cy do \u0142adowania drona DJI Mavic 3 serii<\/p>\n","protected":false},"featured_media":56459,"comment_status":"closed","ping_status":"open","template":"","meta":{"_acf_changed":false},"product_brand":[],"product_cat":[6169,1088,1105],"product_tag":[],"class_list":{"0":"post-56458","1":"product","2":"type-product","3":"status-publish","4":"has-post-thumbnail","6":"product_cat-akcesoria-i-czesci","7":"product_cat-drony","8":"product_cat-przemyslowe","9":"pa_okres-gwarancji-5757","10":"pa_producent-dji-enterprise","12":"first","13":"instock","14":"taxable","15":"shipping-taxable","16":"purchasable","17":"product-type-simple"},"acf":[],"yoast_head":"<!-- This site is optimized with the Yoast SEO plugin v27.2 - https:\/\/yoast.com\/product\/yoast-seo-wordpress\/ -->\n<title>\u0141adowarka USB-C 100W DJI Mavic 3 Enterprise - IRONSKY.PL Sklep z Dronami<\/title>\n<meta name=\"description\" content=\"\u0141adowarka USB-C 100W DJI Mavic 3 Enterprise - \u2705 sklep z dronami i fachowym doradztwem. \u2705 Tutaj kupisz produkty DJI, Yuneec, Parrot, Syma i wiele innych, a tak\u017ce kursy i licencje na operatora drona.\" \/>\n<meta name=\"robots\" content=\"index, follow, max-snippet:-1, max-image-preview:large, max-video-preview:-1\" \/>\n<link rel=\"canonical\" href=\"https:\/\/ironsky.pl\/sklep\/produkt\/ladowarka-usb-c-100w-dji-mavic-3-enterprise-2\/\" \/>\n<meta property=\"og:locale\" content=\"pl_PL\" \/>\n<meta property=\"og:type\" content=\"article\" \/>\n<meta property=\"og:title\" content=\"\u0141adowarka USB-C 100W DJI Mavic 3 Enterprise - IRONSKY.PL Sklep z Dronami\" \/>\n<meta property=\"og:description\" content=\"\u0141adowarka USB-C 100W DJI Mavic 3 Enterprise - \u2705 sklep z dronami i fachowym doradztwem. \u2705 Tutaj kupisz produkty DJI, Yuneec, Parrot, Syma i wiele innych, a tak\u017ce kursy i licencje na operatora drona.\" \/>\n<meta property=\"og:url\" content=\"https:\/\/ironsky.pl\/sklep\/produkt\/ladowarka-usb-c-100w-dji-mavic-3-enterprise-2\/\" \/>\n<meta property=\"og:site_name\" content=\"IRONSKY.PL Sklep z Dronami\" \/>\n<meta property=\"article:modified_time\" content=\"2026-04-15T08:49:01+00:00\" \/>\n<meta property=\"og:image\" content=\"https:\/\/ironsky.pl\/sklep\/wp-content\/uploads\/2026\/04\/26170_1.jpg\" \/>\n\t<meta property=\"og:image:width\" content=\"800\" \/>\n\t<meta property=\"og:image:height\" content=\"800\" \/>\n\t<meta property=\"og:image:type\" content=\"image\/jpeg\" \/>\n<meta name=\"twitter:card\" content=\"summary_large_image\" \/>\n<meta name=\"twitter:label1\" content=\"Szacowany czas czytania\" \/>\n\t<meta name=\"twitter:data1\" content=\"1 minuta\" \/>\n<script type=\"application\/ld+json\" class=\"yoast-schema-graph\">{\"@context\":\"https:\/\/schema.org\",\"@graph\":[{\"@type\":\"WebPage\",\"@id\":\"https:\/\/ironsky.pl\/sklep\/produkt\/ladowarka-usb-c-100w-dji-mavic-3-enterprise-2\/\",\"url\":\"https:\/\/ironsky.pl\/sklep\/produkt\/ladowarka-usb-c-100w-dji-mavic-3-enterprise-2\/\",\"name\":\"\u0141adowarka USB-C 100W DJI Mavic 3 Enterprise - IRONSKY.PL Sklep z Dronami\",\"isPartOf\":{\"@id\":\"https:\/\/ironsky.pl\/sklep\/#website\"},\"primaryImageOfPage\":{\"@id\":\"https:\/\/ironsky.pl\/sklep\/produkt\/ladowarka-usb-c-100w-dji-mavic-3-enterprise-2\/#primaryimage\"},\"image\":{\"@id\":\"https:\/\/ironsky.pl\/sklep\/produkt\/ladowarka-usb-c-100w-dji-mavic-3-enterprise-2\/#primaryimage\"},\"thumbnailUrl\":\"https:\/\/ironsky.pl\/sklep\/wp-content\/uploads\/2026\/04\/26170_1.jpg\",\"datePublished\":\"2026-04-15T08:15:15+00:00\",\"dateModified\":\"2026-04-15T08:49:01+00:00\",\"description\":\"\u0141adowarka USB-C 100W DJI Mavic 3 Enterprise - \u2705 sklep z dronami i fachowym doradztwem. \u2705 Tutaj kupisz produkty DJI, Yuneec, Parrot, Syma i wiele innych, a tak\u017ce kursy i licencje na operatora drona.\",\"breadcrumb\":{\"@id\":\"https:\/\/ironsky.pl\/sklep\/produkt\/ladowarka-usb-c-100w-dji-mavic-3-enterprise-2\/#breadcrumb\"},\"inLanguage\":\"pl-PL\",\"potentialAction\":[{\"@type\":\"ReadAction\",\"target\":[\"https:\/\/ironsky.pl\/sklep\/produkt\/ladowarka-usb-c-100w-dji-mavic-3-enterprise-2\/\"]}]},{\"@type\":\"ImageObject\",\"inLanguage\":\"pl-PL\",\"@id\":\"https:\/\/ironsky.pl\/sklep\/produkt\/ladowarka-usb-c-100w-dji-mavic-3-enterprise-2\/#primaryimage\",\"url\":\"https:\/\/ironsky.pl\/sklep\/wp-content\/uploads\/2026\/04\/26170_1.jpg\",\"contentUrl\":\"https:\/\/ironsky.pl\/sklep\/wp-content\/uploads\/2026\/04\/26170_1.jpg\",\"width\":800,\"height\":800},{\"@type\":\"BreadcrumbList\",\"@id\":\"https:\/\/ironsky.pl\/sklep\/produkt\/ladowarka-usb-c-100w-dji-mavic-3-enterprise-2\/#breadcrumb\",\"itemListElement\":[{\"@type\":\"ListItem\",\"position\":1,\"name\":\"Strona g\u0142\u00f3wna\",\"item\":\"https:\/\/ironsky.pl\/sklep\/\"},{\"@type\":\"ListItem\",\"position\":2,\"name\":\"Wszystkie produkty\",\"item\":\"https:\/\/ironsky.pl\/sklep\/produkty\/\"},{\"@type\":\"ListItem\",\"position\":3,\"name\":\"\u0141adowarka USB-C 100W DJI Mavic 3 Enterprise\"}]},{\"@type\":\"WebSite\",\"@id\":\"https:\/\/ironsky.pl\/sklep\/#website\",\"url\":\"https:\/\/ironsky.pl\/sklep\/\",\"name\":\"IRONSKY.PL Sklep z Dronami\",\"description\":\"IRONSKY.PL Sklep z Dronami\",\"potentialAction\":[{\"@type\":\"SearchAction\",\"target\":{\"@type\":\"EntryPoint\",\"urlTemplate\":\"https:\/\/ironsky.pl\/sklep\/?s={search_term_string}\"},\"query-input\":{\"@type\":\"PropertyValueSpecification\",\"valueRequired\":true,\"valueName\":\"search_term_string\"}}],\"inLanguage\":\"pl-PL\"}]}<\/script>\n<!-- \/ Yoast SEO plugin. -->","yoast_head_json":{"title":"\u0141adowarka USB-C 100W DJI Mavic 3 Enterprise - IRONSKY.PL Sklep z Dronami","description":"\u0141adowarka USB-C 100W DJI Mavic 3 Enterprise - \u2705 sklep z dronami i fachowym doradztwem. \u2705 Tutaj kupisz produkty DJI, Yuneec, Parrot, Syma i wiele innych, a tak\u017ce kursy i licencje na operatora drona.","robots":{"index":"index","follow":"follow","max-snippet":"max-snippet:-1","max-image-preview":"max-image-preview:large","max-video-preview":"max-video-preview:-1"},"canonical":"https:\/\/ironsky.pl\/sklep\/produkt\/ladowarka-usb-c-100w-dji-mavic-3-enterprise-2\/","og_locale":"pl_PL","og_type":"article","og_title":"\u0141adowarka USB-C 100W DJI Mavic 3 Enterprise - IRONSKY.PL Sklep z Dronami","og_description":"\u0141adowarka USB-C 100W DJI Mavic 3 Enterprise - \u2705 sklep z dronami i fachowym doradztwem. \u2705 Tutaj kupisz produkty DJI, Yuneec, Parrot, Syma i wiele innych, a tak\u017ce kursy i licencje na operatora drona.","og_url":"https:\/\/ironsky.pl\/sklep\/produkt\/ladowarka-usb-c-100w-dji-mavic-3-enterprise-2\/","og_site_name":"IRONSKY.PL Sklep z Dronami","article_modified_time":"2026-04-15T08:49:01+00:00","og_image":[{"width":800,"height":800,"url":"https:\/\/ironsky.pl\/sklep\/wp-content\/uploads\/2026\/04\/26170_1.jpg","type":"image\/jpeg"}],"twitter_card":"summary_large_image","twitter_misc":{"Szacowany czas czytania":"1 minuta"},"schema":{"@context":"https:\/\/schema.org","@graph":[{"@type":"WebPage","@id":"https:\/\/ironsky.pl\/sklep\/produkt\/ladowarka-usb-c-100w-dji-mavic-3-enterprise-2\/","url":"https:\/\/ironsky.pl\/sklep\/produkt\/ladowarka-usb-c-100w-dji-mavic-3-enterprise-2\/","name":"\u0141adowarka USB-C 100W DJI Mavic 3 Enterprise - IRONSKY.PL Sklep z Dronami","isPartOf":{"@id":"https:\/\/ironsky.pl\/sklep\/#website"},"primaryImageOfPage":{"@id":"https:\/\/ironsky.pl\/sklep\/produkt\/ladowarka-usb-c-100w-dji-mavic-3-enterprise-2\/#primaryimage"},"image":{"@id":"https:\/\/ironsky.pl\/sklep\/produkt\/ladowarka-usb-c-100w-dji-mavic-3-enterprise-2\/#primaryimage"},"thumbnailUrl":"https:\/\/ironsky.pl\/sklep\/wp-content\/uploads\/2026\/04\/26170_1.jpg","datePublished":"2026-04-15T08:15:15+00:00","dateModified":"2026-04-15T08:49:01+00:00","description":"\u0141adowarka USB-C 100W DJI Mavic 3 Enterprise - \u2705 sklep z dronami i fachowym doradztwem. \u2705 Tutaj kupisz produkty DJI, Yuneec, Parrot, Syma i wiele innych, a tak\u017ce kursy i licencje na operatora drona.","breadcrumb":{"@id":"https:\/\/ironsky.pl\/sklep\/produkt\/ladowarka-usb-c-100w-dji-mavic-3-enterprise-2\/#breadcrumb"},"inLanguage":"pl-PL","potentialAction":[{"@type":"ReadAction","target":["https:\/\/ironsky.pl\/sklep\/produkt\/ladowarka-usb-c-100w-dji-mavic-3-enterprise-2\/"]}]},{"@type":"ImageObject","inLanguage":"pl-PL","@id":"https:\/\/ironsky.pl\/sklep\/produkt\/ladowarka-usb-c-100w-dji-mavic-3-enterprise-2\/#primaryimage","url":"https:\/\/ironsky.pl\/sklep\/wp-content\/uploads\/2026\/04\/26170_1.jpg","contentUrl":"https:\/\/ironsky.pl\/sklep\/wp-content\/uploads\/2026\/04\/26170_1.jpg","width":800,"height":800},{"@type":"BreadcrumbList","@id":"https:\/\/ironsky.pl\/sklep\/produkt\/ladowarka-usb-c-100w-dji-mavic-3-enterprise-2\/#breadcrumb","itemListElement":[{"@type":"ListItem","position":1,"name":"Strona g\u0142\u00f3wna","item":"https:\/\/ironsky.pl\/sklep\/"},{"@type":"ListItem","position":2,"name":"Wszystkie produkty","item":"https:\/\/ironsky.pl\/sklep\/produkty\/"},{"@type":"ListItem","position":3,"name":"\u0141adowarka USB-C 100W DJI Mavic 3 Enterprise"}]},{"@type":"WebSite","@id":"https:\/\/ironsky.pl\/sklep\/#website","url":"https:\/\/ironsky.pl\/sklep\/","name":"IRONSKY.PL Sklep z Dronami","description":"IRONSKY.PL Sklep z Dronami","potentialAction":[{"@type":"SearchAction","target":{"@type":"EntryPoint","urlTemplate":"https:\/\/ironsky.pl\/sklep\/?s={search_term_string}"},"query-input":{"@type":"PropertyValueSpecification","valueRequired":true,"valueName":"search_term_string"}}],"inLanguage":"pl-PL"}]}},"_links":{"self":[{"href":"https:\/\/ironsky.pl\/sklep\/wp-json\/wp\/v2\/product\/56458","targetHints":{"allow":["GET"]}}],"collection":[{"href":"https:\/\/ironsky.pl\/sklep\/wp-json\/wp\/v2\/product"}],"about":[{"href":"https:\/\/ironsky.pl\/sklep\/wp-json\/wp\/v2\/types\/product"}],"replies":[{"embeddable":true,"href":"https:\/\/ironsky.pl\/sklep\/wp-json\/wp\/v2\/comments?post=56458"}],"wp:featuredmedia":[{"embeddable":true,"href":"https:\/\/ironsky.pl\/sklep\/wp-json\/wp\/v2\/media\/56459"}],"wp:attachment":[{"href":"https:\/\/ironsky.pl\/sklep\/wp-json\/wp\/v2\/media?parent=56458"}],"wp:term":[{"taxonomy":"product_brand","embeddable":true,"href":"https:\/\/ironsky.pl\/sklep\/wp-json\/wp\/v2\/product_brand?post=56458"},{"taxonomy":"product_cat","embeddable":true,"href":"https:\/\/ironsky.pl\/sklep\/wp-json\/wp\/v2\/product_cat?post=56458"},{"taxonomy":"product_tag","embeddable":true,"href":"https:\/\/ironsky.pl\/sklep\/wp-json\/wp\/v2\/product_tag?post=56458"}],"curies":[{"name":"wp","href":"https:\/\/api.w.org\/{rel}","templated":true}]}}