{"id":56446,"date":"2026-04-15T10:14:33","date_gmt":"2026-04-15T08:14:33","guid":{"rendered":"https:\/\/ironsky.pl\/sklep\/produkt\/gimbal-dji-osmo-mobile-se\/"},"modified":"2026-04-15T10:15:11","modified_gmt":"2026-04-15T08:15:11","slug":"gimbal-dji-osmo-mobile-se","status":"publish","type":"product","link":"https:\/\/ironsky.pl\/sklep\/produkt\/gimbal-dji-osmo-mobile-se\/","title":{"rendered":"Gimbal DJI Osmo Mobile SE"},"content":{"rendered":"<h3><img decoding=\"async\" src=\"https:\/\/b2b.innpro.pl\/data\/include\/cms\/12DJI\/DJI-OM-SE\/15.jpg?v=1663850174105\" border=\"0\" alt=\"\" width=\"1000\" height=\"637\" \/><\/h3>\n<h3><img decoding=\"async\" src=\"https:\/\/b2b.innpro.pl\/data\/include\/cms\/12DJI\/DJI-OM-SE\/14.jpg?v=1663850174105\" border=\"0\" alt=\"\" width=\"1000\" height=\"637\" \/><\/h3>\n<h3>DJI Osmo Mobile SE<\/h3>\n<p>Roz\u0142\u00f3\u017c gimbala i umie\u015b\u0107 na nim telefon, by od razu rozpocz\u0105\u0107 nagrywanie! Urz\u0105dzenie cechuje si\u0119 lekk\u0105, sk\u0142adan\u0105 konstrukcj\u0105 z mocowaniem magnetycznym oraz wykorzystaniem szeregu inteligentnych rozwi\u0105za\u0144. Wyr\u00f3\u017cnia si\u0119 r\u00f3wnie\u017c znakomit\u0105 stabilizacj\u0105. Postaw na DJI Osmo Mobile SE \u2013 postaw na prawdziw\u0105 jako\u015b\u0107!<\/p>\n<p><img decoding=\"async\" src=\"https:\/\/b2b.innpro.pl\/data\/include\/cms\/12DJI\/DJI-OM-SE\/1.jpg\" border=\"0\" alt=\"\" width=\"1100\" height=\"700\" \/><\/p>\n<h3>Przemy\u015blana konstrukcja<\/h3>\n<p>Lekka i sk\u0142adana konstrukcja urz\u0105dzenia sprzyja \u0142atwo\u015bci transportu i przechowywania \u2013 nawet w Twojej kieszeni. Co wi\u0119cej, nagrywanie rozpoczniesz praktycznie od razu po pod\u0142\u0105czeniu smartfona, dzi\u0119ki czemu nie ominiesz \u017cadnego wa\u017cnego momentu. Uchwyt mo\u017cna w prosty spos\u00f3b od\u0142\u0105czy\u0107 od stabilizatora \u2013 na przyk\u0142ad w razie potrzeby wykonania szybkiego telefonu.<\/p>\n<p><img decoding=\"async\" src=\"https:\/\/b2b.innpro.pl\/data\/include\/cms\/12DJI\/DJI-OM-SE\/2.jpg\" border=\"0\" alt=\"\" width=\"1100\" height=\"700\" \/><\/p>\n<h3>Skuteczna stabilizacja<\/h3>\n<p>DJI Osmo Mobile SE wyposa\u017cono w bezszczotkowy silnik o wysokim momencie obrotowym, co umo\u017cliwia mu na reakcj\u0119 na ka\u017cdy, nawet najmniejszy ruch. Wykorzystuje r\u00f3wnie\u017c specjalne algorytmy sterowania, by weryfikowa\u0107 pozycj\u0119 gimbala, eliminuj\u0105c wstrz\u0105sy kamery. Ciesz si\u0119 p\u0142ynnym, stabilnym obrazem i tw\u00f3rz dok\u0142adnie takie uj\u0119cia, jakie sobie wymarzysz!<\/p>\n<p><img decoding=\"async\" src=\"https:\/\/b2b.innpro.pl\/data\/include\/cms\/12DJI\/DJI-OM-SE\/3.jpg\" border=\"0\" alt=\"\" width=\"1100\" height=\"700\" \/><\/p>\n<h3>Wiele mo\u017cliwo\u015bci<\/h3>\n<p>Skorzystaj z tryb\u00f3w Timelapse, Motionlapse, Hyperlapse czy DynamicZoom, kontroluj\u0105c czas wedle uznania. Funkcja Gesture Control zapewnia mo\u017cliwo\u015b\u0107 sterowania dzia\u0142aniem gimbala za pomoc\u0105 prostych gest\u00f3w, a Story Mode przyznaje dost\u0119p do wielu gotowych szablon\u00f3w ruch\u00f3w kamery, przej\u015b\u0107 czy \u015bcie\u017cek d\u017awi\u0119kowych. R\u00f3\u017cne tryby Panoramy rozszerzaj\u0105 mo\u017cliwo\u015bci kreowania fantastycznych uj\u0119\u0107, a Quick Roll pozwala szybko zmienia\u0107 orientacj\u0119 nagrywania z poziomej na pionow\u0105. Co wi\u0119cej, ustawienie Tripod umo\u017cliwia rejestracj\u0119 obrazu pod sta\u0142ym, okre\u015blonym k\u0105tem. Gimbal oferuje 4 g\u0142\u00f3wne tryby pracy \u2013 Follow, Tilt Locked, FPV oraz SpinShot. Mo\u017cesz swobodnie prze\u0142\u0105cza\u0107 si\u0119 mi\u0119dzy nimi z u\u017cycie przycisku M.<\/p>\n<p><img decoding=\"async\" src=\"https:\/\/b2b.innpro.pl\/data\/include\/cms\/12DJI\/DJI-OM-SE\/4.jpg\" border=\"0\" alt=\"\" width=\"1100\" height=\"700\" \/><\/p>\n<h3>ActiveTrack 5.0<\/h3>\n<p>Udoskonalone algorytmy technologii ActiveTrack 5.0 gwarantuj\u0105 jeszcze skuteczniejsze pod\u0105\u017canie za wskazanym obiektem \u2013 nawet przy wi\u0119kszych odleg\u0142o\u015bciach. Umo\u017cliwia te\u017c b\u0142yskawiczne wznowienie \u015bledzenia, gdy cel na moment zniknie z pola widzenia, by chwil\u0119 p\u00f3\u017aniej pojawi\u0107 si\u0119 w kadrze. Wybierz innowacje, kt\u00f3re czerpi\u0105 ze sprawdzonych rozwi\u0105za\u0144!<\/p>\n<p><img decoding=\"async\" src=\"https:\/\/b2b.innpro.pl\/data\/include\/cms\/12DJI\/DJI-OM-SE\/5.jpg\" border=\"0\" alt=\"\" width=\"1100\" height=\"700\" \/><\/p>\n<h3>Pomo\u017ce Ci w obs\u0142udze<\/h3>\n<p>Nawet pocz\u0105tkuj\u0105cy u\u017cytkownik nie b\u0119dzie mia\u0142 problemu z obs\u0142ug\u0105 gimbala. Tryb ShotGuides oferuje szereg poradnik\u00f3w, kt\u00f3re w przyst\u0119pny spos\u00f3b naucz\u0105 Ci\u0119 kontroli nad urz\u0105dzeniem. Model Osmo Mobile SE wsp\u00f3\u0142pracuje z aplikacjami DJI Mimo oraz LightCut. Dzi\u0119ki temu mo\u017cesz szybko i wygodnie edytowa\u0107 swoje materia\u0142y z wykorzystaniem dost\u0119pnych szablon\u00f3w i algorytm\u00f3w AI.<\/p>\n<p><img decoding=\"async\" src=\"https:\/\/b2b.innpro.pl\/data\/include\/cms\/12DJI\/DJI-OM-SE\/6.jpg\" border=\"0\" alt=\"\" width=\"1100\" height=\"700\" \/><\/p>\n<h3>Dodatkowe akcesoria<\/h3>\n<p>W zestawie znajdziesz uchwyt magnetyczny, kt\u00f3ry zapewnia mo\u017cliwo\u015b\u0107 szybkiego monta\u017cu smartfona. Statyw wykorzystasz do ustawienia konstrukcji na p\u0142askiej powierzchni b\u0105d\u017a do przed\u0142u\u017cenia uchwytu stabilizatora. W oddzielnej sprzeda\u017cy znajdziesz r\u00f3wnie\u017c o\u015bwietlenie LED z klamr\u0105 magnetyczn\u0105 DJI, kt\u00f3re pozwala na regulacj\u0119 temperatury barwowej oraz poziomu jasno\u015bci. Z DJI Osmo Mobile SE otrzymasz pe\u0142n\u0105 swobod\u0119 i komfort u\u017cytkowania!<\/p>\n<p><img decoding=\"async\" src=\"https:\/\/b2b.innpro.pl\/data\/include\/cms\/12DJI\/DJI-OM-SE\/7.jpg\" border=\"0\" alt=\"\" width=\"1100\" height=\"700\" \/><\/p>\n<h3>W zestawie<\/h3>\n<ul>\n<li>Osmo Mobile SE x1<\/li>\n<li>Magnetyczny uchwyt na telefon DJI OM Magnetic Phone Clamp 3 x1<\/li>\n<li>Statyw z uchwytem x1<\/li>\n<li>Kabel zasilania x1<\/li>\n<li>Etui do przechowywania x1<\/li>\n<li>Dokumenty x1<\/li>\n<\/ul>\n<div class=\"table-wrapper\">\n<h1>Og\u00f3lne<\/h1>\n<table>\n<tbody>\n<tr>\n<th>Wymiary<\/th>\n<td>Po roz\u0142o\u017ceniu: 262,5 x 119,5 x 104 mm (D x S x W) <br \/>Po z\u0142o\u017ceniu: 167 x 108,5 x 46,5 mm (D x S x W)<\/td>\n<\/tr>\n<tr>\n<th>Waga<\/th>\n<td>Gimbal: ok. 352 g <br \/>Magnetyczny uchwyt na telefon: ok. 31 g<\/td>\n<\/tr>\n<tr>\n<th>Waga kompatybilnego telefonu<\/th>\n<td>170-290 g<\/td>\n<\/tr>\n<tr>\n<th>Grubo\u015b\u0107 kompatybilnego telefonu<\/th>\n<td>6,9-10 mm<\/td>\n<\/tr>\n<tr>\n<th>Szeroko\u015b\u0107 kompatybilnego telefonu<\/th>\n<td>67-84 mm<\/td>\n<\/tr>\n<\/tbody>\n<\/table>\n<p><\/br><\/p>\n<h1>Akumulator<\/h1>\n<table>\n<tbody>\n<tr>\n<th>Typ<\/th>\n<td>18650 Li-ion<\/td>\n<\/tr>\n<tr>\n<th>Pojemno\u015b\u0107<\/th>\n<td>2600 mAh<\/td>\n<\/tr>\n<tr>\n<th>Energia<\/th>\n<td>9,36 Wh<\/td>\n<\/tr>\n<tr>\n<th>Temperatura \u0142adowania<\/th>\n<td>5\u00b0C &#8211; 40\u00b0C (41\u00b0F &#8211; 104\u00b0F)<\/td>\n<\/tr>\n<tr>\n<th>Temperatura pracy<\/th>\n<td>0\u00b0C &#8211; 40\u00b0C (32\u00b0F &#8211; 104\u00b0F)<\/td>\n<\/tr>\n<tr>\n<th>Czas pracy<\/th>\n<td>Ok. 8 h (zmierzono w idealnych warunkach z ca\u0142kowicie wywa\u017conym gimbalem)<\/td>\n<\/tr>\n<tr>\n<th>Czas \u0142adowania<\/th>\n<td>Ok. 2 h 12 min (zmierzono podczas \u0142adowania za pomoc\u0105 \u0142adowarki USB-C o mocy 10 W)<\/td>\n<\/tr>\n<tr>\n<th>Port \u0142adowania gimbala<\/th>\n<td>USB-C<\/td>\n<\/tr>\n<\/tbody>\n<\/table>\n<p><\/br><\/p>\n<h1>Gimbal<\/h1>\n<table>\n<tbody>\n<tr>\n<th>Zakres mechaniczny<\/th>\n<td>Pan: -161,2\u00b0 do 171,95\u00b0 <br \/>Roll: -136,7\u00b0 do 198\u00b0 <br \/>Tilt: -106,54\u00b0 do 235,5\u00b0<\/td>\n<\/tr>\n<tr>\n<th>Maks. pr\u0119dko\u015b\u0107 kontroli<\/th>\n<td>120\u00b0\/s<\/td>\n<\/tr>\n<\/tbody>\n<\/table>\n<p><\/br><\/p>\n<h1>\u0141\u0105czno\u015b\u0107 bezprzewodowa<\/h1>\n<table>\n<tbody>\n<tr>\n<th>Bluetooth<\/th>\n<td>5.1<\/td>\n<\/tr>\n<\/tbody>\n<\/table>\n<p><\/br><\/p>\n<h1>Oprogramowanie<\/h1>\n<table>\n<tbody>\n<tr>\n<th>Aplikacja<\/th>\n<td>DJI Mimo<\/td>\n<\/tr>\n<\/tbody>\n<\/table>\n<p><\/br><\/p>\n<h1>Statyw z uchwytem<\/h1>\n<table>\n<tbody>\n<tr>\n<th>D\u0142ugo\u015b\u0107<\/th>\n<td>138 mm<\/td>\n<\/tr>\n<tr>\n<th>\u015arednica<\/th>\n<td>32 mm<\/td>\n<\/tr>\n<tr>\n<th>Waga<\/th>\n<td>Ok. 71 g<\/td>\n<\/tr>\n<\/tbody>\n<\/table>\n<\/div>\n","protected":false},"excerpt":{"rendered":"<p>DJI Osmo Mobile SE Roz\u0142\u00f3\u017c gimbala i umie\u015b\u0107 na nim telefon, by od razu rozpocz\u0105\u0107 nagrywanie! Urz\u0105dzenie cechuje si\u0119 lekk\u0105,<\/p>\n","protected":false},"featured_media":56447,"comment_status":"closed","ping_status":"open","template":"","meta":{"_acf_changed":false},"product_brand":[],"product_cat":[1128,1129],"product_tag":[],"class_list":{"0":"post-56446","1":"product","2":"type-product","3":"status-publish","4":"has-post-thumbnail","6":"product_cat-foto-wideo","7":"product_cat-gimbale-i-stabilizatory","8":"pa_okres-gwarancji-5757","9":"pa_producent-dji","11":"first","12":"outofstock","13":"taxable","14":"shipping-taxable","15":"purchasable","16":"product-type-simple"},"acf":[],"yoast_head":"<!-- This site is optimized with the Yoast SEO plugin v27.2 - https:\/\/yoast.com\/product\/yoast-seo-wordpress\/ -->\n<title>Gimbal DJI Osmo Mobile SE - IRONSKY.PL Sklep z Dronami<\/title>\n<meta name=\"description\" content=\"Gimbal DJI Osmo Mobile SE - \u2705 sklep z dronami i fachowym doradztwem. \u2705 Tutaj kupisz produkty DJI, Yuneec, Parrot, Syma i wiele innych, a tak\u017ce kursy i licencje na operatora drona.\" \/>\n<meta name=\"robots\" content=\"index, follow, max-snippet:-1, max-image-preview:large, max-video-preview:-1\" \/>\n<link rel=\"canonical\" href=\"https:\/\/ironsky.pl\/sklep\/produkt\/gimbal-dji-osmo-mobile-se\/\" \/>\n<meta property=\"og:locale\" content=\"pl_PL\" \/>\n<meta property=\"og:type\" content=\"article\" \/>\n<meta property=\"og:title\" content=\"Gimbal DJI Osmo Mobile SE - IRONSKY.PL Sklep z Dronami\" \/>\n<meta property=\"og:description\" content=\"Gimbal DJI Osmo Mobile SE - \u2705 sklep z dronami i fachowym doradztwem. \u2705 Tutaj kupisz produkty DJI, Yuneec, Parrot, Syma i wiele innych, a tak\u017ce kursy i licencje na operatora drona.\" \/>\n<meta property=\"og:url\" content=\"https:\/\/ironsky.pl\/sklep\/produkt\/gimbal-dji-osmo-mobile-se\/\" \/>\n<meta property=\"og:site_name\" content=\"IRONSKY.PL Sklep z Dronami\" \/>\n<meta property=\"article:modified_time\" content=\"2026-04-15T08:15:11+00:00\" \/>\n<meta property=\"og:image\" content=\"https:\/\/ironsky.pl\/sklep\/wp-content\/uploads\/2026\/04\/25937_1.jpg\" \/>\n\t<meta property=\"og:image:width\" content=\"800\" \/>\n\t<meta property=\"og:image:height\" content=\"800\" \/>\n\t<meta property=\"og:image:type\" content=\"image\/jpeg\" \/>\n<meta name=\"twitter:card\" content=\"summary_large_image\" \/>\n<meta name=\"twitter:label1\" content=\"Szacowany czas czytania\" \/>\n\t<meta name=\"twitter:data1\" content=\"3 minuty\" \/>\n<script type=\"application\/ld+json\" class=\"yoast-schema-graph\">{\"@context\":\"https:\/\/schema.org\",\"@graph\":[{\"@type\":\"WebPage\",\"@id\":\"https:\/\/ironsky.pl\/sklep\/produkt\/gimbal-dji-osmo-mobile-se\/\",\"url\":\"https:\/\/ironsky.pl\/sklep\/produkt\/gimbal-dji-osmo-mobile-se\/\",\"name\":\"Gimbal DJI Osmo Mobile SE - IRONSKY.PL Sklep z Dronami\",\"isPartOf\":{\"@id\":\"https:\/\/ironsky.pl\/sklep\/#website\"},\"primaryImageOfPage\":{\"@id\":\"https:\/\/ironsky.pl\/sklep\/produkt\/gimbal-dji-osmo-mobile-se\/#primaryimage\"},\"image\":{\"@id\":\"https:\/\/ironsky.pl\/sklep\/produkt\/gimbal-dji-osmo-mobile-se\/#primaryimage\"},\"thumbnailUrl\":\"https:\/\/ironsky.pl\/sklep\/wp-content\/uploads\/2026\/04\/25937_1.jpg\",\"datePublished\":\"2026-04-15T08:14:33+00:00\",\"dateModified\":\"2026-04-15T08:15:11+00:00\",\"description\":\"Gimbal DJI Osmo Mobile SE - \u2705 sklep z dronami i fachowym doradztwem. \u2705 Tutaj kupisz produkty DJI, Yuneec, Parrot, Syma i wiele innych, a tak\u017ce kursy i licencje na operatora drona.\",\"breadcrumb\":{\"@id\":\"https:\/\/ironsky.pl\/sklep\/produkt\/gimbal-dji-osmo-mobile-se\/#breadcrumb\"},\"inLanguage\":\"pl-PL\",\"potentialAction\":[{\"@type\":\"ReadAction\",\"target\":[\"https:\/\/ironsky.pl\/sklep\/produkt\/gimbal-dji-osmo-mobile-se\/\"]}]},{\"@type\":\"ImageObject\",\"inLanguage\":\"pl-PL\",\"@id\":\"https:\/\/ironsky.pl\/sklep\/produkt\/gimbal-dji-osmo-mobile-se\/#primaryimage\",\"url\":\"https:\/\/ironsky.pl\/sklep\/wp-content\/uploads\/2026\/04\/25937_1.jpg\",\"contentUrl\":\"https:\/\/ironsky.pl\/sklep\/wp-content\/uploads\/2026\/04\/25937_1.jpg\",\"width\":800,\"height\":800},{\"@type\":\"BreadcrumbList\",\"@id\":\"https:\/\/ironsky.pl\/sklep\/produkt\/gimbal-dji-osmo-mobile-se\/#breadcrumb\",\"itemListElement\":[{\"@type\":\"ListItem\",\"position\":1,\"name\":\"Strona g\u0142\u00f3wna\",\"item\":\"https:\/\/ironsky.pl\/sklep\/\"},{\"@type\":\"ListItem\",\"position\":2,\"name\":\"Wszystkie produkty\",\"item\":\"https:\/\/ironsky.pl\/sklep\/produkty\/\"},{\"@type\":\"ListItem\",\"position\":3,\"name\":\"Gimbal DJI Osmo Mobile SE\"}]},{\"@type\":\"WebSite\",\"@id\":\"https:\/\/ironsky.pl\/sklep\/#website\",\"url\":\"https:\/\/ironsky.pl\/sklep\/\",\"name\":\"IRONSKY.PL Sklep z Dronami\",\"description\":\"IRONSKY.PL Sklep z Dronami\",\"potentialAction\":[{\"@type\":\"SearchAction\",\"target\":{\"@type\":\"EntryPoint\",\"urlTemplate\":\"https:\/\/ironsky.pl\/sklep\/?s={search_term_string}\"},\"query-input\":{\"@type\":\"PropertyValueSpecification\",\"valueRequired\":true,\"valueName\":\"search_term_string\"}}],\"inLanguage\":\"pl-PL\"}]}<\/script>\n<!-- \/ Yoast SEO plugin. -->","yoast_head_json":{"title":"Gimbal DJI Osmo Mobile SE - IRONSKY.PL Sklep z Dronami","description":"Gimbal DJI Osmo Mobile SE - \u2705 sklep z dronami i fachowym doradztwem. \u2705 Tutaj kupisz produkty DJI, Yuneec, Parrot, Syma i wiele innych, a tak\u017ce kursy i licencje na operatora drona.","robots":{"index":"index","follow":"follow","max-snippet":"max-snippet:-1","max-image-preview":"max-image-preview:large","max-video-preview":"max-video-preview:-1"},"canonical":"https:\/\/ironsky.pl\/sklep\/produkt\/gimbal-dji-osmo-mobile-se\/","og_locale":"pl_PL","og_type":"article","og_title":"Gimbal DJI Osmo Mobile SE - IRONSKY.PL Sklep z Dronami","og_description":"Gimbal DJI Osmo Mobile SE - \u2705 sklep z dronami i fachowym doradztwem. \u2705 Tutaj kupisz produkty DJI, Yuneec, Parrot, Syma i wiele innych, a tak\u017ce kursy i licencje na operatora drona.","og_url":"https:\/\/ironsky.pl\/sklep\/produkt\/gimbal-dji-osmo-mobile-se\/","og_site_name":"IRONSKY.PL Sklep z Dronami","article_modified_time":"2026-04-15T08:15:11+00:00","og_image":[{"width":800,"height":800,"url":"https:\/\/ironsky.pl\/sklep\/wp-content\/uploads\/2026\/04\/25937_1.jpg","type":"image\/jpeg"}],"twitter_card":"summary_large_image","twitter_misc":{"Szacowany czas czytania":"3 minuty"},"schema":{"@context":"https:\/\/schema.org","@graph":[{"@type":"WebPage","@id":"https:\/\/ironsky.pl\/sklep\/produkt\/gimbal-dji-osmo-mobile-se\/","url":"https:\/\/ironsky.pl\/sklep\/produkt\/gimbal-dji-osmo-mobile-se\/","name":"Gimbal DJI Osmo Mobile SE - IRONSKY.PL Sklep z Dronami","isPartOf":{"@id":"https:\/\/ironsky.pl\/sklep\/#website"},"primaryImageOfPage":{"@id":"https:\/\/ironsky.pl\/sklep\/produkt\/gimbal-dji-osmo-mobile-se\/#primaryimage"},"image":{"@id":"https:\/\/ironsky.pl\/sklep\/produkt\/gimbal-dji-osmo-mobile-se\/#primaryimage"},"thumbnailUrl":"https:\/\/ironsky.pl\/sklep\/wp-content\/uploads\/2026\/04\/25937_1.jpg","datePublished":"2026-04-15T08:14:33+00:00","dateModified":"2026-04-15T08:15:11+00:00","description":"Gimbal DJI Osmo Mobile SE - \u2705 sklep z dronami i fachowym doradztwem. \u2705 Tutaj kupisz produkty DJI, Yuneec, Parrot, Syma i wiele innych, a tak\u017ce kursy i licencje na operatora drona.","breadcrumb":{"@id":"https:\/\/ironsky.pl\/sklep\/produkt\/gimbal-dji-osmo-mobile-se\/#breadcrumb"},"inLanguage":"pl-PL","potentialAction":[{"@type":"ReadAction","target":["https:\/\/ironsky.pl\/sklep\/produkt\/gimbal-dji-osmo-mobile-se\/"]}]},{"@type":"ImageObject","inLanguage":"pl-PL","@id":"https:\/\/ironsky.pl\/sklep\/produkt\/gimbal-dji-osmo-mobile-se\/#primaryimage","url":"https:\/\/ironsky.pl\/sklep\/wp-content\/uploads\/2026\/04\/25937_1.jpg","contentUrl":"https:\/\/ironsky.pl\/sklep\/wp-content\/uploads\/2026\/04\/25937_1.jpg","width":800,"height":800},{"@type":"BreadcrumbList","@id":"https:\/\/ironsky.pl\/sklep\/produkt\/gimbal-dji-osmo-mobile-se\/#breadcrumb","itemListElement":[{"@type":"ListItem","position":1,"name":"Strona g\u0142\u00f3wna","item":"https:\/\/ironsky.pl\/sklep\/"},{"@type":"ListItem","position":2,"name":"Wszystkie produkty","item":"https:\/\/ironsky.pl\/sklep\/produkty\/"},{"@type":"ListItem","position":3,"name":"Gimbal DJI Osmo Mobile SE"}]},{"@type":"WebSite","@id":"https:\/\/ironsky.pl\/sklep\/#website","url":"https:\/\/ironsky.pl\/sklep\/","name":"IRONSKY.PL Sklep z Dronami","description":"IRONSKY.PL Sklep z Dronami","potentialAction":[{"@type":"SearchAction","target":{"@type":"EntryPoint","urlTemplate":"https:\/\/ironsky.pl\/sklep\/?s={search_term_string}"},"query-input":{"@type":"PropertyValueSpecification","valueRequired":true,"valueName":"search_term_string"}}],"inLanguage":"pl-PL"}]}},"_links":{"self":[{"href":"https:\/\/ironsky.pl\/sklep\/wp-json\/wp\/v2\/product\/56446","targetHints":{"allow":["GET"]}}],"collection":[{"href":"https:\/\/ironsky.pl\/sklep\/wp-json\/wp\/v2\/product"}],"about":[{"href":"https:\/\/ironsky.pl\/sklep\/wp-json\/wp\/v2\/types\/product"}],"replies":[{"embeddable":true,"href":"https:\/\/ironsky.pl\/sklep\/wp-json\/wp\/v2\/comments?post=56446"}],"wp:featuredmedia":[{"embeddable":true,"href":"https:\/\/ironsky.pl\/sklep\/wp-json\/wp\/v2\/media\/56447"}],"wp:attachment":[{"href":"https:\/\/ironsky.pl\/sklep\/wp-json\/wp\/v2\/media?parent=56446"}],"wp:term":[{"taxonomy":"product_brand","embeddable":true,"href":"https:\/\/ironsky.pl\/sklep\/wp-json\/wp\/v2\/product_brand?post=56446"},{"taxonomy":"product_cat","embeddable":true,"href":"https:\/\/ironsky.pl\/sklep\/wp-json\/wp\/v2\/product_cat?post=56446"},{"taxonomy":"product_tag","embeddable":true,"href":"https:\/\/ironsky.pl\/sklep\/wp-json\/wp\/v2\/product_tag?post=56446"}],"curies":[{"name":"wp","href":"https:\/\/api.w.org\/{rel}","templated":true}]}}