{"id":56445,"date":"2026-04-15T10:14:33","date_gmt":"2026-04-15T08:14:33","guid":{"rendered":"https:\/\/ironsky.pl\/sklep\/produkt\/czytnik-kart-pamieci-baseus-lite-series-sd-tf-usb-ausb-c-szary\/"},"modified":"2026-04-15T10:49:00","modified_gmt":"2026-04-15T08:49:00","slug":"czytnik-kart-pamieci-baseus-lite-series-sd-tf-usb-ausb-c-szary","status":"publish","type":"product","link":"https:\/\/ironsky.pl\/sklep\/produkt\/czytnik-kart-pamieci-baseus-lite-series-sd-tf-usb-ausb-c-szary\/","title":{"rendered":"Czytnik kart pami\u0119ci BASEUS Lite Series SD\/TF USB-A+USB-C (szary)"},"content":{"rendered":"<h3>Czytnik kart pami\u0119ci Baseus SD\/TF, USB + USB-C (szary)<\/h3>\n<p>Zarz\u0105dzaj swoimi plikami w szybki i wygodny spos\u00f3b. Pomo\u017ce Ci w tym czytnik kart pami\u0119ci Baseus, kt\u00f3ry zosta\u0142 wyposa\u017cony w interfejs USB oraz USB-C i umo\u017cliwia obs\u0142ug\u0119 kart SD oraz TF. Akcesorium wyr\u00f3\u017cnia si\u0119 pr\u0119dko\u015bci\u0105 do 104 MB\/s, a obs\u0142ugiwana pojemno\u015b\u0107 to 2 TB. Jego atutem jest te\u017c solidna konstrukcja, kompaktowy rozmiar i szeroka kompatybilno\u015b\u0107 systemowa.<\/p>\n<p><img decoding=\"async\" src=\"https:\/\/b2b.innpro.pl\/data\/include\/cms\/-Baseus\/WKQX060113\/8.jpg\" border=\"0\" \/><\/p>\n<h3>Dobrze zaprojektowany<\/h3>\n<p>Czytnik umo\u017cliwia jednoczesn\u0105 obs\u0142ug\u0119 karty SD i TF, a praktyczny wska\u017anik \u015bwietlny informuje o jego statusie pracy. Akcesorium posiada r\u00f3wnie\u017c ochron\u0119 przed przepi\u0119ciami, a dzi\u0119ki interfejsom USB i USB-C mo\u017cesz korzysta\u0107 z niego w po\u0142\u0105czeniu z telefonem, tabletem czy komputerem. Czytnik jest kompatybilny z systemami Windows, iOS, Linux i Vista.<\/p>\n<p><img decoding=\"async\" src=\"https:\/\/b2b.innpro.pl\/data\/include\/cms\/-Baseus\/WKQX060113\/4.jpg\" border=\"0\" \/><\/p>\n<h3>Wygodna obs\u0142uga<\/h3>\n<p>Czytnik kart pami\u0119ci Baseus posiada interfejs USB3.0 i gwarantuje szybki transfer danych, dzi\u0119ki czemu w kr\u00f3tkim czasie prze\u015blesz potrzebne Ci pliki \u2014 maksymalna pr\u0119dko\u015b\u0107 wynosi nawet 104 MB\/s. Atutem jest te\u017c du\u017ca pojemno\u015b\u0107, bowiem czytnik obs\u0142uguje karty pami\u0119ci o maksymalnej pojemno\u015bci 2 TB.<\/p>\n<p><img decoding=\"async\" src=\"https:\/\/b2b.innpro.pl\/data\/include\/cms\/-Baseus\/WKQX060113\/3.jpg\" border=\"0\" \/><\/p>\n<h3>Wiele zastosowa\u0144<\/h3>\n<p>Funkcja plug&amp;play sprawia, \u017ce nie musisz traci\u0107 czasu na skomplikowane konfiguracje \u2014 po prostu pod\u0142\u0105cz czytnik do wybranego urz\u0105dzenia i zarz\u0105dzaj swoimi plikami. W ten spos\u00f3b umo\u017cliwisz sobie wygodne przesy\u0142anie zdj\u0119\u0107 z wakacji czy przeka\u017cesz niezb\u0119dne dokumenty w pracy. Atutem jest te\u017c specjalny wska\u017anik \u015bwietlny, kt\u00f3ry informuje o statusie pracy czytnika.<\/p>\n<p><img decoding=\"async\" src=\"https:\/\/b2b.innpro.pl\/data\/include\/cms\/-Baseus\/WKQX060113\/9.jpg\" border=\"0\" \/><\/p>\n<div class=\"table-wrapper\">\n<table>\n<tbody>\n<tr>\n<th>Producent<\/th>\n<td>Baseus<\/td>\n<\/tr>\n<tr>\n<th>Model<\/th>\n<td>WKQX060113<\/td>\n<\/tr>\n<tr>\n<th>Pr\u0119dko\u015b\u0107<\/th>\n<td>Do 104 MB\/s<\/td>\n<\/tr>\n<tr>\n<th>Obs\u0142ugiwane karty<\/th>\n<td>SD, TF<\/td>\n<\/tr>\n<tr>\n<th>Obs\u0142ugiwana pojemno\u015b\u0107<\/th>\n<td>2 TB<\/td>\n<\/tr>\n<tr>\n<th>Interfejs<\/th>\n<td>USB + USB-C<\/td>\n<\/tr>\n<tr>\n<th>Kompatybilne systemy<\/th>\n<td>Windows, iOS, Linux, Vista<\/td>\n<\/tr>\n<tr>\n<th>Wymiary<\/th>\n<td>76 x 11 x 22 mm<\/td>\n<\/tr>\n<tr>\n<th>Waga<\/th>\n<td>Ok. 16 g<\/td>\n<\/tr>\n<tr>\n<th>Kolor<\/th>\n<td>Szary<\/td>\n<\/tr>\n<\/tbody>\n<\/table>\n<\/div>\n","protected":false},"excerpt":{"rendered":"<p>Czytnik kart pami\u0119ci Baseus SD\/TF, USB + USB-C (szary) Zarz\u0105dzaj swoimi plikami w szybki i wygodny spos\u00f3b. Pomo\u017ce Ci w<\/p>\n","protected":false},"featured_media":42096,"comment_status":"closed","ping_status":"open","template":"","meta":{"_acf_changed":false},"product_brand":[],"product_cat":[5929,5943],"product_tag":[],"class_list":{"0":"post-56445","1":"product","2":"type-product","3":"status-publish","4":"has-post-thumbnail","6":"product_cat-akcesoria-it","7":"product_cat-czytniki-kart","8":"pa_okres-gwarancji-5754","9":"pa_producent-baseus","11":"first","12":"outofstock","13":"taxable","14":"shipping-taxable","15":"purchasable","16":"product-type-simple"},"acf":[],"yoast_head":"<!-- This site is optimized with the Yoast SEO plugin v27.2 - https:\/\/yoast.com\/product\/yoast-seo-wordpress\/ -->\n<title>Czytnik kart pami\u0119ci BASEUS Lite Series SD\/TF USB-A+USB-C (szary) - IRONSKY.PL Sklep z Dronami<\/title>\n<meta name=\"description\" content=\"Czytnik kart pami\u0119ci BASEUS Lite Series SD\/TF USB-A+USB-C (szary) - \u2705 sklep z dronami i fachowym doradztwem. \u2705 Tutaj kupisz produkty DJI, Yuneec, Parrot, Syma i wiele innych, a tak\u017ce kursy i licencje na operatora drona.\" \/>\n<meta name=\"robots\" content=\"index, follow, max-snippet:-1, max-image-preview:large, max-video-preview:-1\" \/>\n<link rel=\"canonical\" href=\"https:\/\/ironsky.pl\/sklep\/produkt\/czytnik-kart-pamieci-baseus-lite-series-sd-tf-usb-ausb-c-szary\/\" \/>\n<meta property=\"og:locale\" content=\"pl_PL\" \/>\n<meta property=\"og:type\" content=\"article\" \/>\n<meta property=\"og:title\" content=\"Czytnik kart pami\u0119ci BASEUS Lite Series SD\/TF USB-A+USB-C (szary) - IRONSKY.PL Sklep z Dronami\" \/>\n<meta property=\"og:description\" content=\"Czytnik kart pami\u0119ci BASEUS Lite Series SD\/TF USB-A+USB-C (szary) - \u2705 sklep z dronami i fachowym doradztwem. \u2705 Tutaj kupisz produkty DJI, Yuneec, Parrot, Syma i wiele innych, a tak\u017ce kursy i licencje na operatora drona.\" \/>\n<meta property=\"og:url\" content=\"https:\/\/ironsky.pl\/sklep\/produkt\/czytnik-kart-pamieci-baseus-lite-series-sd-tf-usb-ausb-c-szary\/\" \/>\n<meta property=\"og:site_name\" content=\"IRONSKY.PL Sklep z Dronami\" \/>\n<meta property=\"article:modified_time\" content=\"2026-04-15T08:49:00+00:00\" \/>\n<meta property=\"og:image\" content=\"https:\/\/ironsky.pl\/sklep\/wp-content\/uploads\/2025\/06\/25915_7.jpg\" \/>\n\t<meta property=\"og:image:width\" content=\"800\" \/>\n\t<meta property=\"og:image:height\" content=\"800\" \/>\n\t<meta property=\"og:image:type\" content=\"image\/jpeg\" \/>\n<meta name=\"twitter:card\" content=\"summary_large_image\" \/>\n<meta name=\"twitter:label1\" content=\"Szacowany czas czytania\" \/>\n\t<meta name=\"twitter:data1\" content=\"1 minuta\" \/>\n<script type=\"application\/ld+json\" class=\"yoast-schema-graph\">{\"@context\":\"https:\/\/schema.org\",\"@graph\":[{\"@type\":\"WebPage\",\"@id\":\"https:\/\/ironsky.pl\/sklep\/produkt\/czytnik-kart-pamieci-baseus-lite-series-sd-tf-usb-ausb-c-szary\/\",\"url\":\"https:\/\/ironsky.pl\/sklep\/produkt\/czytnik-kart-pamieci-baseus-lite-series-sd-tf-usb-ausb-c-szary\/\",\"name\":\"Czytnik kart pami\u0119ci BASEUS Lite Series SD\/TF USB-A+USB-C (szary) - IRONSKY.PL Sklep z Dronami\",\"isPartOf\":{\"@id\":\"https:\/\/ironsky.pl\/sklep\/#website\"},\"primaryImageOfPage\":{\"@id\":\"https:\/\/ironsky.pl\/sklep\/produkt\/czytnik-kart-pamieci-baseus-lite-series-sd-tf-usb-ausb-c-szary\/#primaryimage\"},\"image\":{\"@id\":\"https:\/\/ironsky.pl\/sklep\/produkt\/czytnik-kart-pamieci-baseus-lite-series-sd-tf-usb-ausb-c-szary\/#primaryimage\"},\"thumbnailUrl\":\"https:\/\/ironsky.pl\/sklep\/wp-content\/uploads\/2025\/06\/25915_7.jpg\",\"datePublished\":\"2026-04-15T08:14:33+00:00\",\"dateModified\":\"2026-04-15T08:49:00+00:00\",\"description\":\"Czytnik kart pami\u0119ci BASEUS Lite Series SD\/TF USB-A+USB-C (szary) - \u2705 sklep z dronami i fachowym doradztwem. \u2705 Tutaj kupisz produkty DJI, Yuneec, Parrot, Syma i wiele innych, a tak\u017ce kursy i licencje na operatora drona.\",\"breadcrumb\":{\"@id\":\"https:\/\/ironsky.pl\/sklep\/produkt\/czytnik-kart-pamieci-baseus-lite-series-sd-tf-usb-ausb-c-szary\/#breadcrumb\"},\"inLanguage\":\"pl-PL\",\"potentialAction\":[{\"@type\":\"ReadAction\",\"target\":[\"https:\/\/ironsky.pl\/sklep\/produkt\/czytnik-kart-pamieci-baseus-lite-series-sd-tf-usb-ausb-c-szary\/\"]}]},{\"@type\":\"ImageObject\",\"inLanguage\":\"pl-PL\",\"@id\":\"https:\/\/ironsky.pl\/sklep\/produkt\/czytnik-kart-pamieci-baseus-lite-series-sd-tf-usb-ausb-c-szary\/#primaryimage\",\"url\":\"https:\/\/ironsky.pl\/sklep\/wp-content\/uploads\/2025\/06\/25915_7.jpg\",\"contentUrl\":\"https:\/\/ironsky.pl\/sklep\/wp-content\/uploads\/2025\/06\/25915_7.jpg\",\"width\":800,\"height\":800},{\"@type\":\"BreadcrumbList\",\"@id\":\"https:\/\/ironsky.pl\/sklep\/produkt\/czytnik-kart-pamieci-baseus-lite-series-sd-tf-usb-ausb-c-szary\/#breadcrumb\",\"itemListElement\":[{\"@type\":\"ListItem\",\"position\":1,\"name\":\"Strona g\u0142\u00f3wna\",\"item\":\"https:\/\/ironsky.pl\/sklep\/\"},{\"@type\":\"ListItem\",\"position\":2,\"name\":\"Wszystkie produkty\",\"item\":\"https:\/\/ironsky.pl\/sklep\/produkty\/\"},{\"@type\":\"ListItem\",\"position\":3,\"name\":\"Czytnik kart pami\u0119ci BASEUS Lite Series SD\/TF USB-A+USB-C (szary)\"}]},{\"@type\":\"WebSite\",\"@id\":\"https:\/\/ironsky.pl\/sklep\/#website\",\"url\":\"https:\/\/ironsky.pl\/sklep\/\",\"name\":\"IRONSKY.PL Sklep z Dronami\",\"description\":\"IRONSKY.PL Sklep z Dronami\",\"potentialAction\":[{\"@type\":\"SearchAction\",\"target\":{\"@type\":\"EntryPoint\",\"urlTemplate\":\"https:\/\/ironsky.pl\/sklep\/?s={search_term_string}\"},\"query-input\":{\"@type\":\"PropertyValueSpecification\",\"valueRequired\":true,\"valueName\":\"search_term_string\"}}],\"inLanguage\":\"pl-PL\"}]}<\/script>\n<!-- \/ Yoast SEO plugin. -->","yoast_head_json":{"title":"Czytnik kart pami\u0119ci BASEUS Lite Series SD\/TF USB-A+USB-C (szary) - IRONSKY.PL Sklep z Dronami","description":"Czytnik kart pami\u0119ci BASEUS Lite Series SD\/TF USB-A+USB-C (szary) - \u2705 sklep z dronami i fachowym doradztwem. \u2705 Tutaj kupisz produkty DJI, Yuneec, Parrot, Syma i wiele innych, a tak\u017ce kursy i licencje na operatora drona.","robots":{"index":"index","follow":"follow","max-snippet":"max-snippet:-1","max-image-preview":"max-image-preview:large","max-video-preview":"max-video-preview:-1"},"canonical":"https:\/\/ironsky.pl\/sklep\/produkt\/czytnik-kart-pamieci-baseus-lite-series-sd-tf-usb-ausb-c-szary\/","og_locale":"pl_PL","og_type":"article","og_title":"Czytnik kart pami\u0119ci BASEUS Lite Series SD\/TF USB-A+USB-C (szary) - IRONSKY.PL Sklep z Dronami","og_description":"Czytnik kart pami\u0119ci BASEUS Lite Series SD\/TF USB-A+USB-C (szary) - \u2705 sklep z dronami i fachowym doradztwem. \u2705 Tutaj kupisz produkty DJI, Yuneec, Parrot, Syma i wiele innych, a tak\u017ce kursy i licencje na operatora drona.","og_url":"https:\/\/ironsky.pl\/sklep\/produkt\/czytnik-kart-pamieci-baseus-lite-series-sd-tf-usb-ausb-c-szary\/","og_site_name":"IRONSKY.PL Sklep z Dronami","article_modified_time":"2026-04-15T08:49:00+00:00","og_image":[{"width":800,"height":800,"url":"https:\/\/ironsky.pl\/sklep\/wp-content\/uploads\/2025\/06\/25915_7.jpg","type":"image\/jpeg"}],"twitter_card":"summary_large_image","twitter_misc":{"Szacowany czas czytania":"1 minuta"},"schema":{"@context":"https:\/\/schema.org","@graph":[{"@type":"WebPage","@id":"https:\/\/ironsky.pl\/sklep\/produkt\/czytnik-kart-pamieci-baseus-lite-series-sd-tf-usb-ausb-c-szary\/","url":"https:\/\/ironsky.pl\/sklep\/produkt\/czytnik-kart-pamieci-baseus-lite-series-sd-tf-usb-ausb-c-szary\/","name":"Czytnik kart pami\u0119ci BASEUS Lite Series SD\/TF USB-A+USB-C (szary) - IRONSKY.PL Sklep z Dronami","isPartOf":{"@id":"https:\/\/ironsky.pl\/sklep\/#website"},"primaryImageOfPage":{"@id":"https:\/\/ironsky.pl\/sklep\/produkt\/czytnik-kart-pamieci-baseus-lite-series-sd-tf-usb-ausb-c-szary\/#primaryimage"},"image":{"@id":"https:\/\/ironsky.pl\/sklep\/produkt\/czytnik-kart-pamieci-baseus-lite-series-sd-tf-usb-ausb-c-szary\/#primaryimage"},"thumbnailUrl":"https:\/\/ironsky.pl\/sklep\/wp-content\/uploads\/2025\/06\/25915_7.jpg","datePublished":"2026-04-15T08:14:33+00:00","dateModified":"2026-04-15T08:49:00+00:00","description":"Czytnik kart pami\u0119ci BASEUS Lite Series SD\/TF USB-A+USB-C (szary) - \u2705 sklep z dronami i fachowym doradztwem. \u2705 Tutaj kupisz produkty DJI, Yuneec, Parrot, Syma i wiele innych, a tak\u017ce kursy i licencje na operatora drona.","breadcrumb":{"@id":"https:\/\/ironsky.pl\/sklep\/produkt\/czytnik-kart-pamieci-baseus-lite-series-sd-tf-usb-ausb-c-szary\/#breadcrumb"},"inLanguage":"pl-PL","potentialAction":[{"@type":"ReadAction","target":["https:\/\/ironsky.pl\/sklep\/produkt\/czytnik-kart-pamieci-baseus-lite-series-sd-tf-usb-ausb-c-szary\/"]}]},{"@type":"ImageObject","inLanguage":"pl-PL","@id":"https:\/\/ironsky.pl\/sklep\/produkt\/czytnik-kart-pamieci-baseus-lite-series-sd-tf-usb-ausb-c-szary\/#primaryimage","url":"https:\/\/ironsky.pl\/sklep\/wp-content\/uploads\/2025\/06\/25915_7.jpg","contentUrl":"https:\/\/ironsky.pl\/sklep\/wp-content\/uploads\/2025\/06\/25915_7.jpg","width":800,"height":800},{"@type":"BreadcrumbList","@id":"https:\/\/ironsky.pl\/sklep\/produkt\/czytnik-kart-pamieci-baseus-lite-series-sd-tf-usb-ausb-c-szary\/#breadcrumb","itemListElement":[{"@type":"ListItem","position":1,"name":"Strona g\u0142\u00f3wna","item":"https:\/\/ironsky.pl\/sklep\/"},{"@type":"ListItem","position":2,"name":"Wszystkie produkty","item":"https:\/\/ironsky.pl\/sklep\/produkty\/"},{"@type":"ListItem","position":3,"name":"Czytnik kart pami\u0119ci BASEUS Lite Series SD\/TF USB-A+USB-C (szary)"}]},{"@type":"WebSite","@id":"https:\/\/ironsky.pl\/sklep\/#website","url":"https:\/\/ironsky.pl\/sklep\/","name":"IRONSKY.PL Sklep z Dronami","description":"IRONSKY.PL Sklep z Dronami","potentialAction":[{"@type":"SearchAction","target":{"@type":"EntryPoint","urlTemplate":"https:\/\/ironsky.pl\/sklep\/?s={search_term_string}"},"query-input":{"@type":"PropertyValueSpecification","valueRequired":true,"valueName":"search_term_string"}}],"inLanguage":"pl-PL"}]}},"_links":{"self":[{"href":"https:\/\/ironsky.pl\/sklep\/wp-json\/wp\/v2\/product\/56445","targetHints":{"allow":["GET"]}}],"collection":[{"href":"https:\/\/ironsky.pl\/sklep\/wp-json\/wp\/v2\/product"}],"about":[{"href":"https:\/\/ironsky.pl\/sklep\/wp-json\/wp\/v2\/types\/product"}],"replies":[{"embeddable":true,"href":"https:\/\/ironsky.pl\/sklep\/wp-json\/wp\/v2\/comments?post=56445"}],"wp:featuredmedia":[{"embeddable":true,"href":"https:\/\/ironsky.pl\/sklep\/wp-json\/wp\/v2\/media\/42096"}],"wp:attachment":[{"href":"https:\/\/ironsky.pl\/sklep\/wp-json\/wp\/v2\/media?parent=56445"}],"wp:term":[{"taxonomy":"product_brand","embeddable":true,"href":"https:\/\/ironsky.pl\/sklep\/wp-json\/wp\/v2\/product_brand?post=56445"},{"taxonomy":"product_cat","embeddable":true,"href":"https:\/\/ironsky.pl\/sklep\/wp-json\/wp\/v2\/product_cat?post=56445"},{"taxonomy":"product_tag","embeddable":true,"href":"https:\/\/ironsky.pl\/sklep\/wp-json\/wp\/v2\/product_tag?post=56445"}],"curies":[{"name":"wp","href":"https:\/\/api.w.org\/{rel}","templated":true}]}}