{"id":56404,"date":"2026-04-15T10:14:33","date_gmt":"2026-04-15T08:14:33","guid":{"rendered":"https:\/\/ironsky.pl\/sklep\/produkt\/zestaw-mocowania-przylepnego-dji-adhesive-base-kit-action-3\/"},"modified":"2026-04-15T10:14:39","modified_gmt":"2026-04-15T08:14:39","slug":"zestaw-mocowania-przylepnego-dji-adhesive-base-kit-action-3","status":"publish","type":"product","link":"https:\/\/ironsky.pl\/sklep\/produkt\/zestaw-mocowania-przylepnego-dji-adhesive-base-kit-action-3\/","title":{"rendered":"Zestaw mocowania przylepnego DJI Adhesive Base Kit Action 3"},"content":{"rendered":"<h3>Mocowanie Adhesive Base Kit DJI Osmo Action 3<\/h3>\n<p>W uchwycie Quick-Release Adapter Mount dodano klips pozycjonuj\u0105cy, kt\u00f3ry zwi\u0119ksza odporno\u015b\u0107 na uderzenia. Baza samoprzylepna charakteryzuje si\u0119 du\u017c\u0105 powierzchni\u0105 kleju o silnej sile \u0142\u0105czenia. Dzi\u0119ki du\u017cej powierzchni ta\u015bmy 3M na dole kamera mo\u017ce by\u0107 bezpiecznie przymocowana do desek surfingowych, snowboardowych i innego sprz\u0119tu sportowego, dzi\u0119ki czemu nadaje si\u0119 do wielu dynamicznych scenariuszy.<\/p>\n<p><img decoding=\"async\" src=\"https:\/\/b2b.innpro.pl\/data\/include\/cms\/12DJI\/DJI-Osmo-Action-3-Adhesive-Base-Kit\/2.jpg?v=1663239990215\"><\/p>\n<h3>W zestawie<\/h3>\n<ul>\n<li>Baza samoprzylepna Osmo Action 3<\/li>\n<li>\u015aruba zabezpieczaj\u0105ca Osmo Action 3<\/li>\n<li>Mocowanie Quick-Release Osmo Action 3<\/li>\n<\/ul>\n<div class=\"table-wrapper\">\n<table>\n<tbody>\n<tr>\n<th>Producent<\/th>\n<td>DJI<\/td>\n<\/tr>\n<tr>\n<th>Nazwa<\/th>\n<td>Mocowanie Adhesive Base Kit DJI Osmo Action 3<\/td>\n<\/tr>\n<tr>\n<th>Wymiary<\/th>\n<td>\n<p>mocowanie: 40.2\u00d721\u00d734.2 mm<\/p>\n<p>baza: 59.7 x 29.33 mm<\/p>\n<p>\u015bruba: 55.6 x 23 x 13.3 mm<\/p>\n<\/td>\n<\/tr>\n<tr>\n<th>Waga<\/th>\n<td>\n<p>mocowanie: 16 g<\/p>\n<p>baza: 20.7 g<\/p>\n<p>\u015bruba: 20.7 g<\/p>\n<\/td>\n<\/tr>\n<\/tbody>\n<\/table>\n<\/div>\n","protected":false},"excerpt":{"rendered":"<p>Mocowanie Adhesive Base Kit DJI Osmo Action 3 W uchwycie Quick-Release Adapter Mount dodano klips pozycjonuj\u0105cy, kt\u00f3ry zwi\u0119ksza odporno\u015b\u0107 na<\/p>\n","protected":false},"featured_media":56405,"comment_status":"closed","ping_status":"open","template":"","meta":{"_acf_changed":false},"product_brand":[],"product_cat":[1130,1137,1128],"product_tag":[],"class_list":{"0":"post-56404","1":"product","2":"type-product","3":"status-publish","4":"has-post-thumbnail","6":"product_cat-akcesoria-foto","7":"product_cat-do-kamer-sportowych","8":"product_cat-foto-wideo","9":"pa_okres-gwarancji-5754","10":"pa_producent-dji","12":"first","13":"outofstock","14":"taxable","15":"shipping-taxable","16":"purchasable","17":"product-type-simple"},"acf":[],"yoast_head":"<!-- This site is optimized with the Yoast SEO plugin v27.2 - https:\/\/yoast.com\/product\/yoast-seo-wordpress\/ -->\n<title>Zestaw mocowania przylepnego DJI Adhesive Base Kit Action 3 - IRONSKY.PL Sklep z Dronami<\/title>\n<meta name=\"description\" content=\"Zestaw mocowania przylepnego DJI Adhesive Base Kit Action 3 - \u2705 sklep z dronami i fachowym doradztwem. \u2705 Tutaj kupisz produkty DJI, Yuneec, Parrot, Syma i wiele innych, a tak\u017ce kursy i licencje na operatora drona.\" \/>\n<meta name=\"robots\" content=\"index, follow, max-snippet:-1, max-image-preview:large, max-video-preview:-1\" \/>\n<link rel=\"canonical\" href=\"https:\/\/ironsky.pl\/sklep\/produkt\/zestaw-mocowania-przylepnego-dji-adhesive-base-kit-action-3\/\" \/>\n<meta property=\"og:locale\" content=\"pl_PL\" \/>\n<meta property=\"og:type\" content=\"article\" \/>\n<meta property=\"og:title\" content=\"Zestaw mocowania przylepnego DJI Adhesive Base Kit Action 3 - IRONSKY.PL Sklep z Dronami\" \/>\n<meta property=\"og:description\" content=\"Zestaw mocowania przylepnego DJI Adhesive Base Kit Action 3 - \u2705 sklep z dronami i fachowym doradztwem. \u2705 Tutaj kupisz produkty DJI, Yuneec, Parrot, Syma i wiele innych, a tak\u017ce kursy i licencje na operatora drona.\" \/>\n<meta property=\"og:url\" content=\"https:\/\/ironsky.pl\/sklep\/produkt\/zestaw-mocowania-przylepnego-dji-adhesive-base-kit-action-3\/\" \/>\n<meta property=\"og:site_name\" content=\"IRONSKY.PL Sklep z Dronami\" \/>\n<meta property=\"article:modified_time\" content=\"2026-04-15T08:14:39+00:00\" \/>\n<meta property=\"og:image\" content=\"https:\/\/ironsky.pl\/sklep\/wp-content\/uploads\/2026\/04\/25872_3.jpg\" \/>\n\t<meta property=\"og:image:width\" content=\"800\" \/>\n\t<meta property=\"og:image:height\" content=\"800\" \/>\n\t<meta property=\"og:image:type\" content=\"image\/jpeg\" \/>\n<meta name=\"twitter:card\" content=\"summary_large_image\" \/>\n<meta name=\"twitter:label1\" content=\"Szacowany czas czytania\" \/>\n\t<meta name=\"twitter:data1\" content=\"1 minuta\" \/>\n<script type=\"application\/ld+json\" class=\"yoast-schema-graph\">{\"@context\":\"https:\/\/schema.org\",\"@graph\":[{\"@type\":\"WebPage\",\"@id\":\"https:\/\/ironsky.pl\/sklep\/produkt\/zestaw-mocowania-przylepnego-dji-adhesive-base-kit-action-3\/\",\"url\":\"https:\/\/ironsky.pl\/sklep\/produkt\/zestaw-mocowania-przylepnego-dji-adhesive-base-kit-action-3\/\",\"name\":\"Zestaw mocowania przylepnego DJI Adhesive Base Kit Action 3 - IRONSKY.PL Sklep z Dronami\",\"isPartOf\":{\"@id\":\"https:\/\/ironsky.pl\/sklep\/#website\"},\"primaryImageOfPage\":{\"@id\":\"https:\/\/ironsky.pl\/sklep\/produkt\/zestaw-mocowania-przylepnego-dji-adhesive-base-kit-action-3\/#primaryimage\"},\"image\":{\"@id\":\"https:\/\/ironsky.pl\/sklep\/produkt\/zestaw-mocowania-przylepnego-dji-adhesive-base-kit-action-3\/#primaryimage\"},\"thumbnailUrl\":\"https:\/\/ironsky.pl\/sklep\/wp-content\/uploads\/2026\/04\/25872_3.jpg\",\"datePublished\":\"2026-04-15T08:14:33+00:00\",\"dateModified\":\"2026-04-15T08:14:39+00:00\",\"description\":\"Zestaw mocowania przylepnego DJI Adhesive Base Kit Action 3 - \u2705 sklep z dronami i fachowym doradztwem. \u2705 Tutaj kupisz produkty DJI, Yuneec, Parrot, Syma i wiele innych, a tak\u017ce kursy i licencje na operatora drona.\",\"breadcrumb\":{\"@id\":\"https:\/\/ironsky.pl\/sklep\/produkt\/zestaw-mocowania-przylepnego-dji-adhesive-base-kit-action-3\/#breadcrumb\"},\"inLanguage\":\"pl-PL\",\"potentialAction\":[{\"@type\":\"ReadAction\",\"target\":[\"https:\/\/ironsky.pl\/sklep\/produkt\/zestaw-mocowania-przylepnego-dji-adhesive-base-kit-action-3\/\"]}]},{\"@type\":\"ImageObject\",\"inLanguage\":\"pl-PL\",\"@id\":\"https:\/\/ironsky.pl\/sklep\/produkt\/zestaw-mocowania-przylepnego-dji-adhesive-base-kit-action-3\/#primaryimage\",\"url\":\"https:\/\/ironsky.pl\/sklep\/wp-content\/uploads\/2026\/04\/25872_3.jpg\",\"contentUrl\":\"https:\/\/ironsky.pl\/sklep\/wp-content\/uploads\/2026\/04\/25872_3.jpg\",\"width\":800,\"height\":800},{\"@type\":\"BreadcrumbList\",\"@id\":\"https:\/\/ironsky.pl\/sklep\/produkt\/zestaw-mocowania-przylepnego-dji-adhesive-base-kit-action-3\/#breadcrumb\",\"itemListElement\":[{\"@type\":\"ListItem\",\"position\":1,\"name\":\"Strona g\u0142\u00f3wna\",\"item\":\"https:\/\/ironsky.pl\/sklep\/\"},{\"@type\":\"ListItem\",\"position\":2,\"name\":\"Wszystkie produkty\",\"item\":\"https:\/\/ironsky.pl\/sklep\/produkty\/\"},{\"@type\":\"ListItem\",\"position\":3,\"name\":\"Zestaw mocowania przylepnego DJI Adhesive Base Kit Action 3\"}]},{\"@type\":\"WebSite\",\"@id\":\"https:\/\/ironsky.pl\/sklep\/#website\",\"url\":\"https:\/\/ironsky.pl\/sklep\/\",\"name\":\"IRONSKY.PL Sklep z Dronami\",\"description\":\"IRONSKY.PL Sklep z Dronami\",\"potentialAction\":[{\"@type\":\"SearchAction\",\"target\":{\"@type\":\"EntryPoint\",\"urlTemplate\":\"https:\/\/ironsky.pl\/sklep\/?s={search_term_string}\"},\"query-input\":{\"@type\":\"PropertyValueSpecification\",\"valueRequired\":true,\"valueName\":\"search_term_string\"}}],\"inLanguage\":\"pl-PL\"}]}<\/script>\n<!-- \/ Yoast SEO plugin. -->","yoast_head_json":{"title":"Zestaw mocowania przylepnego DJI Adhesive Base Kit Action 3 - IRONSKY.PL Sklep z Dronami","description":"Zestaw mocowania przylepnego DJI Adhesive Base Kit Action 3 - \u2705 sklep z dronami i fachowym doradztwem. \u2705 Tutaj kupisz produkty DJI, Yuneec, Parrot, Syma i wiele innych, a tak\u017ce kursy i licencje na operatora drona.","robots":{"index":"index","follow":"follow","max-snippet":"max-snippet:-1","max-image-preview":"max-image-preview:large","max-video-preview":"max-video-preview:-1"},"canonical":"https:\/\/ironsky.pl\/sklep\/produkt\/zestaw-mocowania-przylepnego-dji-adhesive-base-kit-action-3\/","og_locale":"pl_PL","og_type":"article","og_title":"Zestaw mocowania przylepnego DJI Adhesive Base Kit Action 3 - IRONSKY.PL Sklep z Dronami","og_description":"Zestaw mocowania przylepnego DJI Adhesive Base Kit Action 3 - \u2705 sklep z dronami i fachowym doradztwem. \u2705 Tutaj kupisz produkty DJI, Yuneec, Parrot, Syma i wiele innych, a tak\u017ce kursy i licencje na operatora drona.","og_url":"https:\/\/ironsky.pl\/sklep\/produkt\/zestaw-mocowania-przylepnego-dji-adhesive-base-kit-action-3\/","og_site_name":"IRONSKY.PL Sklep z Dronami","article_modified_time":"2026-04-15T08:14:39+00:00","og_image":[{"width":800,"height":800,"url":"https:\/\/ironsky.pl\/sklep\/wp-content\/uploads\/2026\/04\/25872_3.jpg","type":"image\/jpeg"}],"twitter_card":"summary_large_image","twitter_misc":{"Szacowany czas czytania":"1 minuta"},"schema":{"@context":"https:\/\/schema.org","@graph":[{"@type":"WebPage","@id":"https:\/\/ironsky.pl\/sklep\/produkt\/zestaw-mocowania-przylepnego-dji-adhesive-base-kit-action-3\/","url":"https:\/\/ironsky.pl\/sklep\/produkt\/zestaw-mocowania-przylepnego-dji-adhesive-base-kit-action-3\/","name":"Zestaw mocowania przylepnego DJI Adhesive Base Kit Action 3 - IRONSKY.PL Sklep z Dronami","isPartOf":{"@id":"https:\/\/ironsky.pl\/sklep\/#website"},"primaryImageOfPage":{"@id":"https:\/\/ironsky.pl\/sklep\/produkt\/zestaw-mocowania-przylepnego-dji-adhesive-base-kit-action-3\/#primaryimage"},"image":{"@id":"https:\/\/ironsky.pl\/sklep\/produkt\/zestaw-mocowania-przylepnego-dji-adhesive-base-kit-action-3\/#primaryimage"},"thumbnailUrl":"https:\/\/ironsky.pl\/sklep\/wp-content\/uploads\/2026\/04\/25872_3.jpg","datePublished":"2026-04-15T08:14:33+00:00","dateModified":"2026-04-15T08:14:39+00:00","description":"Zestaw mocowania przylepnego DJI Adhesive Base Kit Action 3 - \u2705 sklep z dronami i fachowym doradztwem. \u2705 Tutaj kupisz produkty DJI, Yuneec, Parrot, Syma i wiele innych, a tak\u017ce kursy i licencje na operatora drona.","breadcrumb":{"@id":"https:\/\/ironsky.pl\/sklep\/produkt\/zestaw-mocowania-przylepnego-dji-adhesive-base-kit-action-3\/#breadcrumb"},"inLanguage":"pl-PL","potentialAction":[{"@type":"ReadAction","target":["https:\/\/ironsky.pl\/sklep\/produkt\/zestaw-mocowania-przylepnego-dji-adhesive-base-kit-action-3\/"]}]},{"@type":"ImageObject","inLanguage":"pl-PL","@id":"https:\/\/ironsky.pl\/sklep\/produkt\/zestaw-mocowania-przylepnego-dji-adhesive-base-kit-action-3\/#primaryimage","url":"https:\/\/ironsky.pl\/sklep\/wp-content\/uploads\/2026\/04\/25872_3.jpg","contentUrl":"https:\/\/ironsky.pl\/sklep\/wp-content\/uploads\/2026\/04\/25872_3.jpg","width":800,"height":800},{"@type":"BreadcrumbList","@id":"https:\/\/ironsky.pl\/sklep\/produkt\/zestaw-mocowania-przylepnego-dji-adhesive-base-kit-action-3\/#breadcrumb","itemListElement":[{"@type":"ListItem","position":1,"name":"Strona g\u0142\u00f3wna","item":"https:\/\/ironsky.pl\/sklep\/"},{"@type":"ListItem","position":2,"name":"Wszystkie produkty","item":"https:\/\/ironsky.pl\/sklep\/produkty\/"},{"@type":"ListItem","position":3,"name":"Zestaw mocowania przylepnego DJI Adhesive Base Kit Action 3"}]},{"@type":"WebSite","@id":"https:\/\/ironsky.pl\/sklep\/#website","url":"https:\/\/ironsky.pl\/sklep\/","name":"IRONSKY.PL Sklep z Dronami","description":"IRONSKY.PL Sklep z Dronami","potentialAction":[{"@type":"SearchAction","target":{"@type":"EntryPoint","urlTemplate":"https:\/\/ironsky.pl\/sklep\/?s={search_term_string}"},"query-input":{"@type":"PropertyValueSpecification","valueRequired":true,"valueName":"search_term_string"}}],"inLanguage":"pl-PL"}]}},"_links":{"self":[{"href":"https:\/\/ironsky.pl\/sklep\/wp-json\/wp\/v2\/product\/56404","targetHints":{"allow":["GET"]}}],"collection":[{"href":"https:\/\/ironsky.pl\/sklep\/wp-json\/wp\/v2\/product"}],"about":[{"href":"https:\/\/ironsky.pl\/sklep\/wp-json\/wp\/v2\/types\/product"}],"replies":[{"embeddable":true,"href":"https:\/\/ironsky.pl\/sklep\/wp-json\/wp\/v2\/comments?post=56404"}],"wp:featuredmedia":[{"embeddable":true,"href":"https:\/\/ironsky.pl\/sklep\/wp-json\/wp\/v2\/media\/56405"}],"wp:attachment":[{"href":"https:\/\/ironsky.pl\/sklep\/wp-json\/wp\/v2\/media?parent=56404"}],"wp:term":[{"taxonomy":"product_brand","embeddable":true,"href":"https:\/\/ironsky.pl\/sklep\/wp-json\/wp\/v2\/product_brand?post=56404"},{"taxonomy":"product_cat","embeddable":true,"href":"https:\/\/ironsky.pl\/sklep\/wp-json\/wp\/v2\/product_cat?post=56404"},{"taxonomy":"product_tag","embeddable":true,"href":"https:\/\/ironsky.pl\/sklep\/wp-json\/wp\/v2\/product_tag?post=56404"}],"curies":[{"name":"wp","href":"https:\/\/api.w.org\/{rel}","templated":true}]}}