{"id":56375,"date":"2026-04-15T10:13:53","date_gmt":"2026-04-15T08:13:53","guid":{"rendered":"https:\/\/ironsky.pl\/sklep\/produkt\/smycz-sunnylife-dji-rc-rc-pro-smart-controller\/"},"modified":"2026-04-15T10:48:50","modified_gmt":"2026-04-15T08:48:50","slug":"smycz-sunnylife-dji-rc-rc-pro-smart-controller","status":"publish","type":"product","link":"https:\/\/ironsky.pl\/sklep\/produkt\/smycz-sunnylife-dji-rc-rc-pro-smart-controller\/","title":{"rendered":"Smycz SUNNYLIFE DJI RC\/RC Pro\/Smart Controller"},"content":{"rendered":"<h3>Smycz Sunnylife do kontrolera DJI RC \/ RC Pro \/ Smart controller (GS394)<\/h3>\n<p>Zadbaj o jeszcze wi\u0119ksz\u0105 wygod\u0119 podczas pracy z kontrolerem. Smycz do kontrolera DJI RC \/ RC Pro \/ Smart controller, to doskona\u0142y wyb\u00f3r. Jest kompatybilna z wieloma kontrolerami, co sprawia, \u017ce produkt b\u0119dzie ponadczasowy i wielofunkcyjny. Wykonany z wysokiej jako\u015bci sk\u00f3ry pasek, jest bardzo przyjemny w dotyku. Wyr\u00f3\u017cnia si\u0119 wyj\u0105tkow\u0105 trwa\u0142o\u015bci\u0105. Smycz odci\u0105\u017cy nasze r\u0119ce &#8211; kontroler mo\u017cemy mie\u0107 ca\u0142y czas przy sobie, bez ci\u0105g\u0142ego my\u015blenia o nim. Zastosowane metalowe haki s\u0105 bardzo stabilne i wytrzyma\u0142e. Nie ma r\u00f3wnie\u017c konieczno\u015bci wykr\u0119cania ich podczas przechowywania kontrolera w torbie. Silikonowa uszczelka chroni sprz\u0119t przed porysowaniem. <\/p>\n<p><img decoding=\"async\" src=\"https:\/\/b2b.innpro.pl\/data\/include\/cms\/Sunnylife\/GS394\/1.jpg\"><\/p>\n<h3>W zestawie:<\/h3>\n<ul>\n<li>Smycz <\/li>\n<li>2 x Silikonowe uszczelki <\/li>\n<li>2 x metalowe haki <\/li>\n<\/ul>\n<div class=\"table-wrapper\">\n<table>\n<tbody>\n<tr>\n<th>Marka <\/th>\n<td>Sunnylife <\/td>\n<\/tr>\n<tr>\n<th>Model <\/th>\n<td>GS394<\/td>\n<\/tr>\n<tr>\n<th>D\u0142ugo\u015b\u0107 maksymalna <\/th>\n<td>80 cm <\/td>\n<\/tr>\n<tr>\n<th>D\u0142ugo\u015b\u0107 minimalna <\/th>\n<td>62.5 cm <\/td>\n<\/tr>\n<tr>\n<th>Kompatybilny<\/th>\n<td>DJI RC \/ RC Pro \/ Smart controller<\/td>\n<\/tr>\n<tr>\n<th>Materia\u0142<\/th>\n<td>PU <\/td>\n<\/tr>\n<\/tbody>\n<\/table>\n<\/div>\n","protected":false},"excerpt":{"rendered":"<p>Smycz Sunnylife do kontrolera DJI RC \/ RC Pro \/ Smart controller (GS394) Zadbaj o jeszcze wi\u0119ksz\u0105 wygod\u0119 podczas pracy<\/p>\n","protected":false},"featured_media":56376,"comment_status":"closed","ping_status":"open","template":"","meta":{"_acf_changed":false},"product_brand":[],"product_cat":[6167,6170,1088],"product_tag":[],"class_list":{"0":"post-56375","1":"product","2":"type-product","3":"status-publish","4":"has-post-thumbnail","6":"product_cat-akcesoria-do-dronow","7":"product_cat-dji-akcesoria-do-dronow","8":"product_cat-drony","9":"pa_okres-gwarancji-5754","10":"pa_producent-sunnylife","12":"first","13":"instock","14":"taxable","15":"shipping-taxable","16":"purchasable","17":"product-type-simple"},"acf":[],"yoast_head":"<!-- This site is optimized with the Yoast SEO plugin v27.2 - https:\/\/yoast.com\/product\/yoast-seo-wordpress\/ -->\n<title>Smycz SUNNYLIFE DJI RC\/RC Pro\/Smart Controller - IRONSKY.PL Sklep z Dronami<\/title>\n<meta name=\"description\" content=\"Smycz SUNNYLIFE DJI RC\/RC Pro\/Smart Controller - \u2705 sklep z dronami i fachowym doradztwem. \u2705 Tutaj kupisz produkty DJI, Yuneec, Parrot, Syma i wiele innych, a tak\u017ce kursy i licencje na operatora drona.\" \/>\n<meta name=\"robots\" content=\"index, follow, max-snippet:-1, max-image-preview:large, max-video-preview:-1\" \/>\n<link rel=\"canonical\" href=\"https:\/\/ironsky.pl\/sklep\/produkt\/smycz-sunnylife-dji-rc-rc-pro-smart-controller\/\" \/>\n<meta property=\"og:locale\" content=\"pl_PL\" \/>\n<meta property=\"og:type\" content=\"article\" \/>\n<meta property=\"og:title\" content=\"Smycz SUNNYLIFE DJI RC\/RC Pro\/Smart Controller - IRONSKY.PL Sklep z Dronami\" \/>\n<meta property=\"og:description\" content=\"Smycz SUNNYLIFE DJI RC\/RC Pro\/Smart Controller - \u2705 sklep z dronami i fachowym doradztwem. \u2705 Tutaj kupisz produkty DJI, Yuneec, Parrot, Syma i wiele innych, a tak\u017ce kursy i licencje na operatora drona.\" \/>\n<meta property=\"og:url\" content=\"https:\/\/ironsky.pl\/sklep\/produkt\/smycz-sunnylife-dji-rc-rc-pro-smart-controller\/\" \/>\n<meta property=\"og:site_name\" content=\"IRONSKY.PL Sklep z Dronami\" \/>\n<meta property=\"article:modified_time\" content=\"2026-04-15T08:48:50+00:00\" \/>\n<meta property=\"og:image\" content=\"https:\/\/ironsky.pl\/sklep\/wp-content\/uploads\/2026\/04\/25836_1.jpg\" \/>\n\t<meta property=\"og:image:width\" content=\"800\" \/>\n\t<meta property=\"og:image:height\" content=\"800\" \/>\n\t<meta property=\"og:image:type\" content=\"image\/jpeg\" \/>\n<meta name=\"twitter:card\" content=\"summary_large_image\" \/>\n<meta name=\"twitter:label1\" content=\"Szacowany czas czytania\" \/>\n\t<meta name=\"twitter:data1\" content=\"1 minuta\" \/>\n<script type=\"application\/ld+json\" class=\"yoast-schema-graph\">{\"@context\":\"https:\/\/schema.org\",\"@graph\":[{\"@type\":\"WebPage\",\"@id\":\"https:\/\/ironsky.pl\/sklep\/produkt\/smycz-sunnylife-dji-rc-rc-pro-smart-controller\/\",\"url\":\"https:\/\/ironsky.pl\/sklep\/produkt\/smycz-sunnylife-dji-rc-rc-pro-smart-controller\/\",\"name\":\"Smycz SUNNYLIFE DJI RC\/RC Pro\/Smart Controller - IRONSKY.PL Sklep z Dronami\",\"isPartOf\":{\"@id\":\"https:\/\/ironsky.pl\/sklep\/#website\"},\"primaryImageOfPage\":{\"@id\":\"https:\/\/ironsky.pl\/sklep\/produkt\/smycz-sunnylife-dji-rc-rc-pro-smart-controller\/#primaryimage\"},\"image\":{\"@id\":\"https:\/\/ironsky.pl\/sklep\/produkt\/smycz-sunnylife-dji-rc-rc-pro-smart-controller\/#primaryimage\"},\"thumbnailUrl\":\"https:\/\/ironsky.pl\/sklep\/wp-content\/uploads\/2026\/04\/25836_1.jpg\",\"datePublished\":\"2026-04-15T08:13:53+00:00\",\"dateModified\":\"2026-04-15T08:48:50+00:00\",\"description\":\"Smycz SUNNYLIFE DJI RC\/RC Pro\/Smart Controller - \u2705 sklep z dronami i fachowym doradztwem. \u2705 Tutaj kupisz produkty DJI, Yuneec, Parrot, Syma i wiele innych, a tak\u017ce kursy i licencje na operatora drona.\",\"breadcrumb\":{\"@id\":\"https:\/\/ironsky.pl\/sklep\/produkt\/smycz-sunnylife-dji-rc-rc-pro-smart-controller\/#breadcrumb\"},\"inLanguage\":\"pl-PL\",\"potentialAction\":[{\"@type\":\"ReadAction\",\"target\":[\"https:\/\/ironsky.pl\/sklep\/produkt\/smycz-sunnylife-dji-rc-rc-pro-smart-controller\/\"]}]},{\"@type\":\"ImageObject\",\"inLanguage\":\"pl-PL\",\"@id\":\"https:\/\/ironsky.pl\/sklep\/produkt\/smycz-sunnylife-dji-rc-rc-pro-smart-controller\/#primaryimage\",\"url\":\"https:\/\/ironsky.pl\/sklep\/wp-content\/uploads\/2026\/04\/25836_1.jpg\",\"contentUrl\":\"https:\/\/ironsky.pl\/sklep\/wp-content\/uploads\/2026\/04\/25836_1.jpg\",\"width\":800,\"height\":800},{\"@type\":\"BreadcrumbList\",\"@id\":\"https:\/\/ironsky.pl\/sklep\/produkt\/smycz-sunnylife-dji-rc-rc-pro-smart-controller\/#breadcrumb\",\"itemListElement\":[{\"@type\":\"ListItem\",\"position\":1,\"name\":\"Strona g\u0142\u00f3wna\",\"item\":\"https:\/\/ironsky.pl\/sklep\/\"},{\"@type\":\"ListItem\",\"position\":2,\"name\":\"Wszystkie produkty\",\"item\":\"https:\/\/ironsky.pl\/sklep\/produkty\/\"},{\"@type\":\"ListItem\",\"position\":3,\"name\":\"Smycz SUNNYLIFE DJI RC\/RC Pro\/Smart Controller\"}]},{\"@type\":\"WebSite\",\"@id\":\"https:\/\/ironsky.pl\/sklep\/#website\",\"url\":\"https:\/\/ironsky.pl\/sklep\/\",\"name\":\"IRONSKY.PL Sklep z Dronami\",\"description\":\"IRONSKY.PL Sklep z Dronami\",\"potentialAction\":[{\"@type\":\"SearchAction\",\"target\":{\"@type\":\"EntryPoint\",\"urlTemplate\":\"https:\/\/ironsky.pl\/sklep\/?s={search_term_string}\"},\"query-input\":{\"@type\":\"PropertyValueSpecification\",\"valueRequired\":true,\"valueName\":\"search_term_string\"}}],\"inLanguage\":\"pl-PL\"}]}<\/script>\n<!-- \/ Yoast SEO plugin. -->","yoast_head_json":{"title":"Smycz SUNNYLIFE DJI RC\/RC Pro\/Smart Controller - IRONSKY.PL Sklep z Dronami","description":"Smycz SUNNYLIFE DJI RC\/RC Pro\/Smart Controller - \u2705 sklep z dronami i fachowym doradztwem. \u2705 Tutaj kupisz produkty DJI, Yuneec, Parrot, Syma i wiele innych, a tak\u017ce kursy i licencje na operatora drona.","robots":{"index":"index","follow":"follow","max-snippet":"max-snippet:-1","max-image-preview":"max-image-preview:large","max-video-preview":"max-video-preview:-1"},"canonical":"https:\/\/ironsky.pl\/sklep\/produkt\/smycz-sunnylife-dji-rc-rc-pro-smart-controller\/","og_locale":"pl_PL","og_type":"article","og_title":"Smycz SUNNYLIFE DJI RC\/RC Pro\/Smart Controller - IRONSKY.PL Sklep z Dronami","og_description":"Smycz SUNNYLIFE DJI RC\/RC Pro\/Smart Controller - \u2705 sklep z dronami i fachowym doradztwem. \u2705 Tutaj kupisz produkty DJI, Yuneec, Parrot, Syma i wiele innych, a tak\u017ce kursy i licencje na operatora drona.","og_url":"https:\/\/ironsky.pl\/sklep\/produkt\/smycz-sunnylife-dji-rc-rc-pro-smart-controller\/","og_site_name":"IRONSKY.PL Sklep z Dronami","article_modified_time":"2026-04-15T08:48:50+00:00","og_image":[{"width":800,"height":800,"url":"https:\/\/ironsky.pl\/sklep\/wp-content\/uploads\/2026\/04\/25836_1.jpg","type":"image\/jpeg"}],"twitter_card":"summary_large_image","twitter_misc":{"Szacowany czas czytania":"1 minuta"},"schema":{"@context":"https:\/\/schema.org","@graph":[{"@type":"WebPage","@id":"https:\/\/ironsky.pl\/sklep\/produkt\/smycz-sunnylife-dji-rc-rc-pro-smart-controller\/","url":"https:\/\/ironsky.pl\/sklep\/produkt\/smycz-sunnylife-dji-rc-rc-pro-smart-controller\/","name":"Smycz SUNNYLIFE DJI RC\/RC Pro\/Smart Controller - IRONSKY.PL Sklep z Dronami","isPartOf":{"@id":"https:\/\/ironsky.pl\/sklep\/#website"},"primaryImageOfPage":{"@id":"https:\/\/ironsky.pl\/sklep\/produkt\/smycz-sunnylife-dji-rc-rc-pro-smart-controller\/#primaryimage"},"image":{"@id":"https:\/\/ironsky.pl\/sklep\/produkt\/smycz-sunnylife-dji-rc-rc-pro-smart-controller\/#primaryimage"},"thumbnailUrl":"https:\/\/ironsky.pl\/sklep\/wp-content\/uploads\/2026\/04\/25836_1.jpg","datePublished":"2026-04-15T08:13:53+00:00","dateModified":"2026-04-15T08:48:50+00:00","description":"Smycz SUNNYLIFE DJI RC\/RC Pro\/Smart Controller - \u2705 sklep z dronami i fachowym doradztwem. \u2705 Tutaj kupisz produkty DJI, Yuneec, Parrot, Syma i wiele innych, a tak\u017ce kursy i licencje na operatora drona.","breadcrumb":{"@id":"https:\/\/ironsky.pl\/sklep\/produkt\/smycz-sunnylife-dji-rc-rc-pro-smart-controller\/#breadcrumb"},"inLanguage":"pl-PL","potentialAction":[{"@type":"ReadAction","target":["https:\/\/ironsky.pl\/sklep\/produkt\/smycz-sunnylife-dji-rc-rc-pro-smart-controller\/"]}]},{"@type":"ImageObject","inLanguage":"pl-PL","@id":"https:\/\/ironsky.pl\/sklep\/produkt\/smycz-sunnylife-dji-rc-rc-pro-smart-controller\/#primaryimage","url":"https:\/\/ironsky.pl\/sklep\/wp-content\/uploads\/2026\/04\/25836_1.jpg","contentUrl":"https:\/\/ironsky.pl\/sklep\/wp-content\/uploads\/2026\/04\/25836_1.jpg","width":800,"height":800},{"@type":"BreadcrumbList","@id":"https:\/\/ironsky.pl\/sklep\/produkt\/smycz-sunnylife-dji-rc-rc-pro-smart-controller\/#breadcrumb","itemListElement":[{"@type":"ListItem","position":1,"name":"Strona g\u0142\u00f3wna","item":"https:\/\/ironsky.pl\/sklep\/"},{"@type":"ListItem","position":2,"name":"Wszystkie produkty","item":"https:\/\/ironsky.pl\/sklep\/produkty\/"},{"@type":"ListItem","position":3,"name":"Smycz SUNNYLIFE DJI RC\/RC Pro\/Smart Controller"}]},{"@type":"WebSite","@id":"https:\/\/ironsky.pl\/sklep\/#website","url":"https:\/\/ironsky.pl\/sklep\/","name":"IRONSKY.PL Sklep z Dronami","description":"IRONSKY.PL Sklep z Dronami","potentialAction":[{"@type":"SearchAction","target":{"@type":"EntryPoint","urlTemplate":"https:\/\/ironsky.pl\/sklep\/?s={search_term_string}"},"query-input":{"@type":"PropertyValueSpecification","valueRequired":true,"valueName":"search_term_string"}}],"inLanguage":"pl-PL"}]}},"_links":{"self":[{"href":"https:\/\/ironsky.pl\/sklep\/wp-json\/wp\/v2\/product\/56375","targetHints":{"allow":["GET"]}}],"collection":[{"href":"https:\/\/ironsky.pl\/sklep\/wp-json\/wp\/v2\/product"}],"about":[{"href":"https:\/\/ironsky.pl\/sklep\/wp-json\/wp\/v2\/types\/product"}],"replies":[{"embeddable":true,"href":"https:\/\/ironsky.pl\/sklep\/wp-json\/wp\/v2\/comments?post=56375"}],"wp:featuredmedia":[{"embeddable":true,"href":"https:\/\/ironsky.pl\/sklep\/wp-json\/wp\/v2\/media\/56376"}],"wp:attachment":[{"href":"https:\/\/ironsky.pl\/sklep\/wp-json\/wp\/v2\/media?parent=56375"}],"wp:term":[{"taxonomy":"product_brand","embeddable":true,"href":"https:\/\/ironsky.pl\/sklep\/wp-json\/wp\/v2\/product_brand?post=56375"},{"taxonomy":"product_cat","embeddable":true,"href":"https:\/\/ironsky.pl\/sklep\/wp-json\/wp\/v2\/product_cat?post=56375"},{"taxonomy":"product_tag","embeddable":true,"href":"https:\/\/ironsky.pl\/sklep\/wp-json\/wp\/v2\/product_tag?post=56375"}],"curies":[{"name":"wp","href":"https:\/\/api.w.org\/{rel}","templated":true}]}}