{"id":56354,"date":"2026-04-15T10:13:53","date_gmt":"2026-04-15T08:13:53","guid":{"rendered":"https:\/\/ironsky.pl\/sklep\/produkt\/zestaw-filtrow-sunnylife-uv-cpl-nd4-nd8-do-mini-3-pro\/"},"modified":"2026-04-15T10:48:47","modified_gmt":"2026-04-15T08:48:47","slug":"zestaw-filtrow-sunnylife-uv-cpl-nd4-nd8-do-mini-3-pro","status":"publish","type":"product","link":"https:\/\/ironsky.pl\/sklep\/produkt\/zestaw-filtrow-sunnylife-uv-cpl-nd4-nd8-do-mini-3-pro\/","title":{"rendered":"Zestaw filtr\u00f3w SUNNYLIFE UV\/CPL\/ND4\/ND8 do Mini 3 Pro"},"content":{"rendered":"<h3>Zestaw 4 filtr\u00f3w UV+CPL+ND4+ND8 Sunnylife do DJI Mini 3 Pro (MM3-FI418)<\/h3>\n<p>Zestaw zawiera 4 filtry UV+CPL+ND4+ND8, kt\u00f3re znajd\u0105 zastosowanie w r\u00f3\u017cnych warunkach. Kompatybilne z kamer\u0105 DJI Mini 3 Pro, pozwol\u0105 wykona\u0107 uj\u0119cia o pe\u0142nym przekroju barw i z odpowiedni\u0105 polaryzacj\u0105 \u015bwiat\u0142a. Tw\u00f3rz jeszcze bardziej zjawiskowe uj\u0119cia!<\/p>\n<p><img decoding=\"async\" src=\"https:\/\/b2b.innpro.pl\/data\/include\/cms\/Sunnylife\/MM3-FI418\/6.jpg\"><\/p>\n<h3>Wygodna obs\u0142uga <\/h3>\n<p>Filtry zosta\u0142y zaprojektowane w taki spos\u00f3b, aby zapewni\u0107 szybki i bezproblemowy monta\u017c. Ka\u017cdy z nich jest regulowany, co pozwala na osi\u0105gni\u0119cie po\u017c\u0105danego k\u0105ta polaryzacji. Nie musisz si\u0119 obawia\u0107 o uszkodzenie Twojego sprz\u0119tu. <\/p>\n<p><img decoding=\"async\" src=\"https:\/\/b2b.innpro.pl\/data\/include\/cms\/Sunnylife\/MM3-FI418\/4.jpg\"><\/p>\n<h3>Wyj\u0105tkowa ochrona <\/h3>\n<p>Wytrzyma\u0142a konstrukcja zapewnia bezpieczn\u0105 i wygodn\u0105 prac\u0119 niemal w ka\u017cdych warunkach. Filtry charakteryzuj\u0105 si\u0119 odporno\u015bci\u0105 na zarysowania, olej, czy wod\u0119. Dodatkow\u0105 ochron\u0119 zapewnia im specjalny case. <\/p>\n<p><img decoding=\"async\" src=\"https:\/\/b2b.innpro.pl\/data\/include\/cms\/Sunnylife\/MM3-FI418\/2.jpg \"><\/p>\n<h3>Lekka waga i profesjonale szk\u0142o <\/h3>\n<p>Wykorzystywane w produkcji optyczne szk\u0142a, sprawia, \u017ce jako\u015b\u0107 Twoich zdj\u0119\u0107 b\u0119dzie jeszcze lepsza. \u017bywe, nieprzek\u0142amane kolory &#8211; to wszystko zyskasz z UV+CPL+ND4+ND8! Filtry charakteryzuj\u0105 si\u0119 r\u00f3wnie\u017c lekk\u0105 wag\u0105, dlatego nie musisz obawia\u0107 si\u0119 o obci\u0105\u017cenie Twojego drona. <\/p>\n<p><img decoding=\"async\" src=\"https:\/\/b2b.innpro.pl\/data\/include\/cms\/Sunnylife\/MM3-FI418\/7.jpg\"><\/p>\n<h3>Filtr ND 4\/8<\/h3>\n<p>Filtry ND reguluj\u0105 ilo\u015b\u0107 wpadaj\u0105cego \u015bwiat\u0142a, co pozwala kamerze ustawi\u0107 odpowiedni\u0105 ekspozycj\u0119. Dodatkowo poprawiaj\u0105 kolor zdj\u0119\u0107, co czynie je bardziej \u017cywymi i transparentnymi. Wypr\u00f3buj r\u00f3wnie\u017c wolny czas na\u015bwietlania i przekonaj si\u0119 jak wspania\u0142e mog\u0105 by\u0107 tego efekty. Gdy pracujesz w pe\u0142nym s\u0142o\u0144cu, mo\u017cesz redukowa\u0107 czas na\u015bwietlania przy pomocy filtra ND &#8211; uzyskasz wtedy w\u0142a\u015bciwe rozmycie. <\/p>\n<p><img decoding=\"async\" src=\"https:\/\/b2b.innpro.pl\/data\/include\/cms\/Sunnylife\/MM3-FI418\/5.jpg\"><\/p>\n<h3>Filtr CPL <\/h3>\n<p>Zazwyczaj u\u017cywany, aby eliminowa\u0107 szkodliwe niemetaliczne \u015bwiat\u0142o odbijaj\u0105ce i aby zwi\u0119kszy\u0107 st\u0119\u017cenie koloru. Wzmacnia niebieskie niebo i  pod\u015bwietlenie chmur &#8211; spraw, aby Twoje zdj\u0119cia by\u0142y dok\u0142adniejsze i \u017cywsze. Najcz\u0119\u015bciej u\u017cywane do fotografii szk\u0142a, wody i podwodnych scenerii. <\/p>\n<p><img decoding=\"async\" src=\"https:\/\/b2b.innpro.pl\/data\/include\/cms\/Sunnylife\/MM3-FI418\/1.jpg\"><\/p>\n<h3>Filtr UV <\/h3>\n<p>Filtr pozwala zmniejszy\u0107 niebieski i niebiesko &#8211; szary odcie\u0144, spowodowany promieniowaniem ultra fioletowym. Zadba nie tylko o ochron\u0119 Twojego sprz\u0119tu, ale r\u00f3wnie\u017c \u015bwietnie sprawdzi si\u0119 na przyk\u0142ad podczas fotografowania otwartych przestrzeni takich jak morza lub rozleg\u0142e pola.<\/p>\n<p><img decoding=\"async\" src=\"https:\/\/b2b.innpro.pl\/data\/include\/cms\/Sunnylife\/MM3-FI418\/3.jpg\"><\/p>\n<div class=\"table-wrapper\">\n<table>\n<tbody>\n<tr>\n<th>Producent <\/th>\n<td>Sunnylife <\/td>\n<\/tr>\n<tr>\n<th>Waga <\/th>\n<td>oko\u0142o 0.9 g <\/td>\n<\/tr>\n<tr>\n<th>Kompatybilno\u015b\u0107 <\/th>\n<td>Mini 3 Pro <\/td>\n<\/tr>\n<tr>\n<th>Filtry <\/th>\n<td>UV+CPL+ND4+ND8<\/td>\n<\/tr>\n<tr>\n<th>Ilo\u015b\u0107 w zestawie <\/th>\n<td>4<\/td>\n<\/tr>\n<\/tbody>\n<\/table>\n<\/div>\n","protected":false},"excerpt":{"rendered":"<p>Zestaw 4 filtr\u00f3w UV+CPL+ND4+ND8 Sunnylife do DJI Mini 3 Pro (MM3-FI418) Zestaw zawiera 4 filtry UV+CPL+ND4+ND8, kt\u00f3re znajd\u0105 zastosowanie w<\/p>\n","protected":false},"featured_media":56355,"comment_status":"closed","ping_status":"open","template":"","meta":{"_acf_changed":false},"product_brand":[],"product_cat":[6167,1088,6200],"product_tag":[],"class_list":{"0":"post-56354","1":"product","2":"type-product","3":"status-publish","4":"has-post-thumbnail","6":"product_cat-akcesoria-do-dronow","7":"product_cat-drony","8":"product_cat-filtry-do-dronow-akcesoria-do-dronow","9":"pa_okres-gwarancji-5754","10":"pa_producent-sunnylife","12":"first","13":"outofstock","14":"taxable","15":"shipping-taxable","16":"purchasable","17":"product-type-simple"},"acf":[],"yoast_head":"<!-- This site is optimized with the Yoast SEO plugin v27.2 - https:\/\/yoast.com\/product\/yoast-seo-wordpress\/ -->\n<title>Zestaw filtr\u00f3w SUNNYLIFE UV\/CPL\/ND4\/ND8 do Mini 3 Pro - IRONSKY.PL Sklep z Dronami<\/title>\n<meta name=\"description\" content=\"Zestaw filtr\u00f3w SUNNYLIFE UV\/CPL\/ND4\/ND8 do Mini 3 Pro - \u2705 sklep z dronami i fachowym doradztwem. \u2705 Tutaj kupisz produkty DJI, Yuneec, Parrot, Syma i wiele innych, a tak\u017ce kursy i licencje na operatora drona.\" \/>\n<meta name=\"robots\" content=\"index, follow, max-snippet:-1, max-image-preview:large, max-video-preview:-1\" \/>\n<link rel=\"canonical\" href=\"https:\/\/ironsky.pl\/sklep\/produkt\/zestaw-filtrow-sunnylife-uv-cpl-nd4-nd8-do-mini-3-pro\/\" \/>\n<meta property=\"og:locale\" content=\"pl_PL\" \/>\n<meta property=\"og:type\" content=\"article\" \/>\n<meta property=\"og:title\" content=\"Zestaw filtr\u00f3w SUNNYLIFE UV\/CPL\/ND4\/ND8 do Mini 3 Pro - IRONSKY.PL Sklep z Dronami\" \/>\n<meta property=\"og:description\" content=\"Zestaw filtr\u00f3w SUNNYLIFE UV\/CPL\/ND4\/ND8 do Mini 3 Pro - \u2705 sklep z dronami i fachowym doradztwem. \u2705 Tutaj kupisz produkty DJI, Yuneec, Parrot, Syma i wiele innych, a tak\u017ce kursy i licencje na operatora drona.\" \/>\n<meta property=\"og:url\" content=\"https:\/\/ironsky.pl\/sklep\/produkt\/zestaw-filtrow-sunnylife-uv-cpl-nd4-nd8-do-mini-3-pro\/\" \/>\n<meta property=\"og:site_name\" content=\"IRONSKY.PL Sklep z Dronami\" \/>\n<meta property=\"article:modified_time\" content=\"2026-04-15T08:48:47+00:00\" \/>\n<meta property=\"og:image\" content=\"https:\/\/ironsky.pl\/sklep\/wp-content\/uploads\/2026\/04\/25811_1.webp\" \/>\n\t<meta property=\"og:image:width\" content=\"800\" \/>\n\t<meta property=\"og:image:height\" content=\"800\" \/>\n\t<meta property=\"og:image:type\" content=\"image\/webp\" \/>\n<meta name=\"twitter:card\" content=\"summary_large_image\" \/>\n<meta name=\"twitter:label1\" content=\"Szacowany czas czytania\" \/>\n\t<meta name=\"twitter:data1\" content=\"2 minuty\" \/>\n<script type=\"application\/ld+json\" class=\"yoast-schema-graph\">{\"@context\":\"https:\/\/schema.org\",\"@graph\":[{\"@type\":\"WebPage\",\"@id\":\"https:\/\/ironsky.pl\/sklep\/produkt\/zestaw-filtrow-sunnylife-uv-cpl-nd4-nd8-do-mini-3-pro\/\",\"url\":\"https:\/\/ironsky.pl\/sklep\/produkt\/zestaw-filtrow-sunnylife-uv-cpl-nd4-nd8-do-mini-3-pro\/\",\"name\":\"Zestaw filtr\u00f3w SUNNYLIFE UV\/CPL\/ND4\/ND8 do Mini 3 Pro - IRONSKY.PL Sklep z Dronami\",\"isPartOf\":{\"@id\":\"https:\/\/ironsky.pl\/sklep\/#website\"},\"primaryImageOfPage\":{\"@id\":\"https:\/\/ironsky.pl\/sklep\/produkt\/zestaw-filtrow-sunnylife-uv-cpl-nd4-nd8-do-mini-3-pro\/#primaryimage\"},\"image\":{\"@id\":\"https:\/\/ironsky.pl\/sklep\/produkt\/zestaw-filtrow-sunnylife-uv-cpl-nd4-nd8-do-mini-3-pro\/#primaryimage\"},\"thumbnailUrl\":\"https:\/\/ironsky.pl\/sklep\/wp-content\/uploads\/2026\/04\/25811_1.webp\",\"datePublished\":\"2026-04-15T08:13:53+00:00\",\"dateModified\":\"2026-04-15T08:48:47+00:00\",\"description\":\"Zestaw filtr\u00f3w SUNNYLIFE UV\/CPL\/ND4\/ND8 do Mini 3 Pro - \u2705 sklep z dronami i fachowym doradztwem. \u2705 Tutaj kupisz produkty DJI, Yuneec, Parrot, Syma i wiele innych, a tak\u017ce kursy i licencje na operatora drona.\",\"breadcrumb\":{\"@id\":\"https:\/\/ironsky.pl\/sklep\/produkt\/zestaw-filtrow-sunnylife-uv-cpl-nd4-nd8-do-mini-3-pro\/#breadcrumb\"},\"inLanguage\":\"pl-PL\",\"potentialAction\":[{\"@type\":\"ReadAction\",\"target\":[\"https:\/\/ironsky.pl\/sklep\/produkt\/zestaw-filtrow-sunnylife-uv-cpl-nd4-nd8-do-mini-3-pro\/\"]}]},{\"@type\":\"ImageObject\",\"inLanguage\":\"pl-PL\",\"@id\":\"https:\/\/ironsky.pl\/sklep\/produkt\/zestaw-filtrow-sunnylife-uv-cpl-nd4-nd8-do-mini-3-pro\/#primaryimage\",\"url\":\"https:\/\/ironsky.pl\/sklep\/wp-content\/uploads\/2026\/04\/25811_1.webp\",\"contentUrl\":\"https:\/\/ironsky.pl\/sklep\/wp-content\/uploads\/2026\/04\/25811_1.webp\",\"width\":800,\"height\":800},{\"@type\":\"BreadcrumbList\",\"@id\":\"https:\/\/ironsky.pl\/sklep\/produkt\/zestaw-filtrow-sunnylife-uv-cpl-nd4-nd8-do-mini-3-pro\/#breadcrumb\",\"itemListElement\":[{\"@type\":\"ListItem\",\"position\":1,\"name\":\"Strona g\u0142\u00f3wna\",\"item\":\"https:\/\/ironsky.pl\/sklep\/\"},{\"@type\":\"ListItem\",\"position\":2,\"name\":\"Wszystkie produkty\",\"item\":\"https:\/\/ironsky.pl\/sklep\/produkty\/\"},{\"@type\":\"ListItem\",\"position\":3,\"name\":\"Zestaw filtr\u00f3w SUNNYLIFE UV\/CPL\/ND4\/ND8 do Mini 3 Pro\"}]},{\"@type\":\"WebSite\",\"@id\":\"https:\/\/ironsky.pl\/sklep\/#website\",\"url\":\"https:\/\/ironsky.pl\/sklep\/\",\"name\":\"IRONSKY.PL Sklep z Dronami\",\"description\":\"IRONSKY.PL Sklep z Dronami\",\"potentialAction\":[{\"@type\":\"SearchAction\",\"target\":{\"@type\":\"EntryPoint\",\"urlTemplate\":\"https:\/\/ironsky.pl\/sklep\/?s={search_term_string}\"},\"query-input\":{\"@type\":\"PropertyValueSpecification\",\"valueRequired\":true,\"valueName\":\"search_term_string\"}}],\"inLanguage\":\"pl-PL\"}]}<\/script>\n<!-- \/ Yoast SEO plugin. -->","yoast_head_json":{"title":"Zestaw filtr\u00f3w SUNNYLIFE UV\/CPL\/ND4\/ND8 do Mini 3 Pro - IRONSKY.PL Sklep z Dronami","description":"Zestaw filtr\u00f3w SUNNYLIFE UV\/CPL\/ND4\/ND8 do Mini 3 Pro - \u2705 sklep z dronami i fachowym doradztwem. \u2705 Tutaj kupisz produkty DJI, Yuneec, Parrot, Syma i wiele innych, a tak\u017ce kursy i licencje na operatora drona.","robots":{"index":"index","follow":"follow","max-snippet":"max-snippet:-1","max-image-preview":"max-image-preview:large","max-video-preview":"max-video-preview:-1"},"canonical":"https:\/\/ironsky.pl\/sklep\/produkt\/zestaw-filtrow-sunnylife-uv-cpl-nd4-nd8-do-mini-3-pro\/","og_locale":"pl_PL","og_type":"article","og_title":"Zestaw filtr\u00f3w SUNNYLIFE UV\/CPL\/ND4\/ND8 do Mini 3 Pro - IRONSKY.PL Sklep z Dronami","og_description":"Zestaw filtr\u00f3w SUNNYLIFE UV\/CPL\/ND4\/ND8 do Mini 3 Pro - \u2705 sklep z dronami i fachowym doradztwem. \u2705 Tutaj kupisz produkty DJI, Yuneec, Parrot, Syma i wiele innych, a tak\u017ce kursy i licencje na operatora drona.","og_url":"https:\/\/ironsky.pl\/sklep\/produkt\/zestaw-filtrow-sunnylife-uv-cpl-nd4-nd8-do-mini-3-pro\/","og_site_name":"IRONSKY.PL Sklep z Dronami","article_modified_time":"2026-04-15T08:48:47+00:00","og_image":[{"width":800,"height":800,"url":"https:\/\/ironsky.pl\/sklep\/wp-content\/uploads\/2026\/04\/25811_1.webp","type":"image\/webp"}],"twitter_card":"summary_large_image","twitter_misc":{"Szacowany czas czytania":"2 minuty"},"schema":{"@context":"https:\/\/schema.org","@graph":[{"@type":"WebPage","@id":"https:\/\/ironsky.pl\/sklep\/produkt\/zestaw-filtrow-sunnylife-uv-cpl-nd4-nd8-do-mini-3-pro\/","url":"https:\/\/ironsky.pl\/sklep\/produkt\/zestaw-filtrow-sunnylife-uv-cpl-nd4-nd8-do-mini-3-pro\/","name":"Zestaw filtr\u00f3w SUNNYLIFE UV\/CPL\/ND4\/ND8 do Mini 3 Pro - IRONSKY.PL Sklep z Dronami","isPartOf":{"@id":"https:\/\/ironsky.pl\/sklep\/#website"},"primaryImageOfPage":{"@id":"https:\/\/ironsky.pl\/sklep\/produkt\/zestaw-filtrow-sunnylife-uv-cpl-nd4-nd8-do-mini-3-pro\/#primaryimage"},"image":{"@id":"https:\/\/ironsky.pl\/sklep\/produkt\/zestaw-filtrow-sunnylife-uv-cpl-nd4-nd8-do-mini-3-pro\/#primaryimage"},"thumbnailUrl":"https:\/\/ironsky.pl\/sklep\/wp-content\/uploads\/2026\/04\/25811_1.webp","datePublished":"2026-04-15T08:13:53+00:00","dateModified":"2026-04-15T08:48:47+00:00","description":"Zestaw filtr\u00f3w SUNNYLIFE UV\/CPL\/ND4\/ND8 do Mini 3 Pro - \u2705 sklep z dronami i fachowym doradztwem. \u2705 Tutaj kupisz produkty DJI, Yuneec, Parrot, Syma i wiele innych, a tak\u017ce kursy i licencje na operatora drona.","breadcrumb":{"@id":"https:\/\/ironsky.pl\/sklep\/produkt\/zestaw-filtrow-sunnylife-uv-cpl-nd4-nd8-do-mini-3-pro\/#breadcrumb"},"inLanguage":"pl-PL","potentialAction":[{"@type":"ReadAction","target":["https:\/\/ironsky.pl\/sklep\/produkt\/zestaw-filtrow-sunnylife-uv-cpl-nd4-nd8-do-mini-3-pro\/"]}]},{"@type":"ImageObject","inLanguage":"pl-PL","@id":"https:\/\/ironsky.pl\/sklep\/produkt\/zestaw-filtrow-sunnylife-uv-cpl-nd4-nd8-do-mini-3-pro\/#primaryimage","url":"https:\/\/ironsky.pl\/sklep\/wp-content\/uploads\/2026\/04\/25811_1.webp","contentUrl":"https:\/\/ironsky.pl\/sklep\/wp-content\/uploads\/2026\/04\/25811_1.webp","width":800,"height":800},{"@type":"BreadcrumbList","@id":"https:\/\/ironsky.pl\/sklep\/produkt\/zestaw-filtrow-sunnylife-uv-cpl-nd4-nd8-do-mini-3-pro\/#breadcrumb","itemListElement":[{"@type":"ListItem","position":1,"name":"Strona g\u0142\u00f3wna","item":"https:\/\/ironsky.pl\/sklep\/"},{"@type":"ListItem","position":2,"name":"Wszystkie produkty","item":"https:\/\/ironsky.pl\/sklep\/produkty\/"},{"@type":"ListItem","position":3,"name":"Zestaw filtr\u00f3w SUNNYLIFE UV\/CPL\/ND4\/ND8 do Mini 3 Pro"}]},{"@type":"WebSite","@id":"https:\/\/ironsky.pl\/sklep\/#website","url":"https:\/\/ironsky.pl\/sklep\/","name":"IRONSKY.PL Sklep z Dronami","description":"IRONSKY.PL Sklep z Dronami","potentialAction":[{"@type":"SearchAction","target":{"@type":"EntryPoint","urlTemplate":"https:\/\/ironsky.pl\/sklep\/?s={search_term_string}"},"query-input":{"@type":"PropertyValueSpecification","valueRequired":true,"valueName":"search_term_string"}}],"inLanguage":"pl-PL"}]}},"_links":{"self":[{"href":"https:\/\/ironsky.pl\/sklep\/wp-json\/wp\/v2\/product\/56354","targetHints":{"allow":["GET"]}}],"collection":[{"href":"https:\/\/ironsky.pl\/sklep\/wp-json\/wp\/v2\/product"}],"about":[{"href":"https:\/\/ironsky.pl\/sklep\/wp-json\/wp\/v2\/types\/product"}],"replies":[{"embeddable":true,"href":"https:\/\/ironsky.pl\/sklep\/wp-json\/wp\/v2\/comments?post=56354"}],"wp:featuredmedia":[{"embeddable":true,"href":"https:\/\/ironsky.pl\/sklep\/wp-json\/wp\/v2\/media\/56355"}],"wp:attachment":[{"href":"https:\/\/ironsky.pl\/sklep\/wp-json\/wp\/v2\/media?parent=56354"}],"wp:term":[{"taxonomy":"product_brand","embeddable":true,"href":"https:\/\/ironsky.pl\/sklep\/wp-json\/wp\/v2\/product_brand?post=56354"},{"taxonomy":"product_cat","embeddable":true,"href":"https:\/\/ironsky.pl\/sklep\/wp-json\/wp\/v2\/product_cat?post=56354"},{"taxonomy":"product_tag","embeddable":true,"href":"https:\/\/ironsky.pl\/sklep\/wp-json\/wp\/v2\/product_tag?post=56354"}],"curies":[{"name":"wp","href":"https:\/\/api.w.org\/{rel}","templated":true}]}}