{"id":56329,"date":"2026-04-15T10:13:22","date_gmt":"2026-04-15T08:13:22","guid":{"rendered":"https:\/\/ironsky.pl\/sklep\/produkt\/mata-ladowisko-sunnylife-ty-tjp08-55cm-heksagon\/"},"modified":"2026-04-15T10:48:43","modified_gmt":"2026-04-15T08:48:43","slug":"mata-ladowisko-sunnylife-ty-tjp08-55cm-heksagon","status":"publish","type":"product","link":"https:\/\/ironsky.pl\/sklep\/produkt\/mata-ladowisko-sunnylife-ty-tjp08-55cm-heksagon\/","title":{"rendered":"Mata l\u0105dowisko SUNNYLIFE TY-TJP08 55cm heksagon"},"content":{"rendered":"<h3>Mata\/l\u0105dowisko Sunnylife do dron\u00f3w 55 cm heksagon (TY-TJP08)<\/h3>\n<p>Dwustronna mata Sunnylife TY-TJP08 zwi\u0119kszy bezpiecze\u0144stwo i stabilno\u015b\u0107 podczas l\u0105dowania. Jest odporna na wod\u0119, przeno\u015bna i lekka. Do zestawu do\u0142\u0105czono te\u017c futera\u0142, kt\u00f3ry u\u0142atwi przechowywanie. Co wi\u0119cej, l\u0105dowisko pasuje do takich modeli dron\u00f3w jak DJI Mini SE\/FPV\/Air 2S\/ Mini 2\/Mavic 2\/Mavic Air 2\/Mavic Pro\/Phantom 4 Pro\/FIMI X8SE 2020. itp. <\/p>\n<p><img decoding=\"async\" src=\"https:\/\/b2b.innpro.pl\/data\/include\/cms\/Sunnylife\/TY-TJP08\/2.jpg\"><\/p>\n<h3>Bezpieczne l\u0105dowanie<\/h3>\n<p>Mata Sunnylife chroni drona i obiektyw przed uszkodzeniem podczas l\u0105dowania na nier\u00f3wnej powierzchni, na przyk\u0142ad, trawie, w lesie, czy pla\u017cy. Ponadto kszta\u0142t l\u0105dowiska przypomina plaster miodu, co zwi\u0119ksza odporno\u015b\u0107 na podmuchy wiatru i zapewnia stabilno\u015b\u0107. <\/p>\n<p><img decoding=\"async\" src=\"https:\/\/b2b.innpro.pl\/data\/include\/cms\/Sunnylife\/TY-TJP08\/6.jpg\"><\/p>\n<h3>Przemy\u015blana konstrukcja<\/h3>\n<p>Mata powsta\u0142a z odpornego na wod\u0119 tworzywa PU, dzi\u0119ki czemu mo\u017cesz z niej korzysta\u0107 niezale\u017cnie od warunk\u00f3w, a jej czyszczenie DJI-TJP05 nie sprawi Ci problemu. Dwustronna konstrukcja w kolorach \u017c\u00f3\u0142tym i pomara\u0144czowym pozwoli Ci dostosowa\u0107 jej po\u0142o\u017cenie w zale\u017cno\u015bci od koloru pod\u0142o\u017ca. Solidne wyko\u0144czenie zapobiega rozwarstwianiu si\u0119 maty na brzegach, a do\u0142\u0105czony do opakowania futera\u0142 u\u0142atwi przechowywanie i transport.<\/p>\n<p><img decoding=\"async\" src=\"https:\/\/b2b.innpro.pl\/data\/include\/cms\/Sunnylife\/TY-TJP08\/5.jpg\"><\/p>\n<h3>W zestawie<\/h3>\n<ul>\n<li>mata<\/li>\n<li>futera\u0142<\/li>\n<\/ul>\n<div class=\"table-wrapper\">\n<table>\n<tbody>\n<tr>\n<th>Producent<\/th>\n<td>Sunnylife<\/td>\n<\/tr>\n<tr>\n<th>Model<\/th>\n<td>TY-TJP08<\/td>\n<\/tr>\n<tr>\n<th>Wymiary<\/th>\n<td>z\u0142o\u017cona: 25 x 18.5 cm, roz\u0142o\u017cona: 55 x 50 cm<\/td>\n<\/tr>\n<tr>\n<th>Materia\u0142<\/th>\n<td>PU<\/td>\n<\/tr>\n<tr>\n<th>Waga<\/th>\n<td>345 g<\/td>\n<\/tr>\n<tr>\n<th>Kompatybilno\u015b\u0107<\/th>\n<td>DJI Mini SE\/FPV\/Air 2S\/ Mini 2\/Mavic 2\/Mavic Air 2\/Mavic Pro\/Phantom 4 Pro\/FIMI X8SE 2020, itp.<\/td>\n<\/tr>\n<\/tbody>\n<\/table>\n<\/div>\n","protected":false},"excerpt":{"rendered":"<p>Mata\/l\u0105dowisko Sunnylife do dron\u00f3w 55 cm heksagon (TY-TJP08) Dwustronna mata Sunnylife TY-TJP08 zwi\u0119kszy bezpiecze\u0144stwo i stabilno\u015b\u0107 podczas l\u0105dowania. Jest odporna<\/p>\n","protected":false},"featured_media":56330,"comment_status":"closed","ping_status":"open","template":"","meta":{"_acf_changed":false},"product_brand":[],"product_cat":[6167,1088,6168],"product_tag":[],"class_list":{"0":"post-56329","1":"product","2":"type-product","3":"status-publish","4":"has-post-thumbnail","6":"product_cat-akcesoria-do-dronow","7":"product_cat-drony","8":"product_cat-ladowiska","9":"pa_okres-gwarancji-5754","10":"pa_producent-sunnylife","12":"first","13":"instock","14":"taxable","15":"shipping-taxable","16":"purchasable","17":"product-type-simple"},"acf":[],"yoast_head":"<!-- This site is optimized with the Yoast SEO plugin v27.2 - https:\/\/yoast.com\/product\/yoast-seo-wordpress\/ -->\n<title>Mata l\u0105dowisko SUNNYLIFE TY-TJP08 55cm heksagon - IRONSKY.PL Sklep z Dronami<\/title>\n<meta name=\"description\" content=\"Mata l\u0105dowisko SUNNYLIFE TY-TJP08 55cm heksagon - \u2705 sklep z dronami i fachowym doradztwem. \u2705 Tutaj kupisz produkty DJI, Yuneec, Parrot, Syma i wiele innych, a tak\u017ce kursy i licencje na operatora drona.\" \/>\n<meta name=\"robots\" content=\"index, follow, max-snippet:-1, max-image-preview:large, max-video-preview:-1\" \/>\n<link rel=\"canonical\" href=\"https:\/\/ironsky.pl\/sklep\/produkt\/mata-ladowisko-sunnylife-ty-tjp08-55cm-heksagon\/\" \/>\n<meta property=\"og:locale\" content=\"pl_PL\" \/>\n<meta property=\"og:type\" content=\"article\" \/>\n<meta property=\"og:title\" content=\"Mata l\u0105dowisko SUNNYLIFE TY-TJP08 55cm heksagon - IRONSKY.PL Sklep z Dronami\" \/>\n<meta property=\"og:description\" content=\"Mata l\u0105dowisko SUNNYLIFE TY-TJP08 55cm heksagon - \u2705 sklep z dronami i fachowym doradztwem. \u2705 Tutaj kupisz produkty DJI, Yuneec, Parrot, Syma i wiele innych, a tak\u017ce kursy i licencje na operatora drona.\" \/>\n<meta property=\"og:url\" content=\"https:\/\/ironsky.pl\/sklep\/produkt\/mata-ladowisko-sunnylife-ty-tjp08-55cm-heksagon\/\" \/>\n<meta property=\"og:site_name\" content=\"IRONSKY.PL Sklep z Dronami\" \/>\n<meta property=\"article:modified_time\" content=\"2026-04-15T08:48:43+00:00\" \/>\n<meta property=\"og:image\" content=\"https:\/\/ironsky.pl\/sklep\/wp-content\/uploads\/2026\/04\/25706_1.webp\" \/>\n\t<meta property=\"og:image:width\" content=\"800\" \/>\n\t<meta property=\"og:image:height\" content=\"800\" \/>\n\t<meta property=\"og:image:type\" content=\"image\/webp\" \/>\n<meta name=\"twitter:card\" content=\"summary_large_image\" \/>\n<meta name=\"twitter:label1\" content=\"Szacowany czas czytania\" \/>\n\t<meta name=\"twitter:data1\" content=\"1 minuta\" \/>\n<script type=\"application\/ld+json\" class=\"yoast-schema-graph\">{\"@context\":\"https:\/\/schema.org\",\"@graph\":[{\"@type\":\"WebPage\",\"@id\":\"https:\/\/ironsky.pl\/sklep\/produkt\/mata-ladowisko-sunnylife-ty-tjp08-55cm-heksagon\/\",\"url\":\"https:\/\/ironsky.pl\/sklep\/produkt\/mata-ladowisko-sunnylife-ty-tjp08-55cm-heksagon\/\",\"name\":\"Mata l\u0105dowisko SUNNYLIFE TY-TJP08 55cm heksagon - IRONSKY.PL Sklep z Dronami\",\"isPartOf\":{\"@id\":\"https:\/\/ironsky.pl\/sklep\/#website\"},\"primaryImageOfPage\":{\"@id\":\"https:\/\/ironsky.pl\/sklep\/produkt\/mata-ladowisko-sunnylife-ty-tjp08-55cm-heksagon\/#primaryimage\"},\"image\":{\"@id\":\"https:\/\/ironsky.pl\/sklep\/produkt\/mata-ladowisko-sunnylife-ty-tjp08-55cm-heksagon\/#primaryimage\"},\"thumbnailUrl\":\"https:\/\/ironsky.pl\/sklep\/wp-content\/uploads\/2026\/04\/25706_1.webp\",\"datePublished\":\"2026-04-15T08:13:22+00:00\",\"dateModified\":\"2026-04-15T08:48:43+00:00\",\"description\":\"Mata l\u0105dowisko SUNNYLIFE TY-TJP08 55cm heksagon - \u2705 sklep z dronami i fachowym doradztwem. \u2705 Tutaj kupisz produkty DJI, Yuneec, Parrot, Syma i wiele innych, a tak\u017ce kursy i licencje na operatora drona.\",\"breadcrumb\":{\"@id\":\"https:\/\/ironsky.pl\/sklep\/produkt\/mata-ladowisko-sunnylife-ty-tjp08-55cm-heksagon\/#breadcrumb\"},\"inLanguage\":\"pl-PL\",\"potentialAction\":[{\"@type\":\"ReadAction\",\"target\":[\"https:\/\/ironsky.pl\/sklep\/produkt\/mata-ladowisko-sunnylife-ty-tjp08-55cm-heksagon\/\"]}]},{\"@type\":\"ImageObject\",\"inLanguage\":\"pl-PL\",\"@id\":\"https:\/\/ironsky.pl\/sklep\/produkt\/mata-ladowisko-sunnylife-ty-tjp08-55cm-heksagon\/#primaryimage\",\"url\":\"https:\/\/ironsky.pl\/sklep\/wp-content\/uploads\/2026\/04\/25706_1.webp\",\"contentUrl\":\"https:\/\/ironsky.pl\/sklep\/wp-content\/uploads\/2026\/04\/25706_1.webp\",\"width\":800,\"height\":800},{\"@type\":\"BreadcrumbList\",\"@id\":\"https:\/\/ironsky.pl\/sklep\/produkt\/mata-ladowisko-sunnylife-ty-tjp08-55cm-heksagon\/#breadcrumb\",\"itemListElement\":[{\"@type\":\"ListItem\",\"position\":1,\"name\":\"Strona g\u0142\u00f3wna\",\"item\":\"https:\/\/ironsky.pl\/sklep\/\"},{\"@type\":\"ListItem\",\"position\":2,\"name\":\"Wszystkie produkty\",\"item\":\"https:\/\/ironsky.pl\/sklep\/produkty\/\"},{\"@type\":\"ListItem\",\"position\":3,\"name\":\"Mata l\u0105dowisko SUNNYLIFE TY-TJP08 55cm heksagon\"}]},{\"@type\":\"WebSite\",\"@id\":\"https:\/\/ironsky.pl\/sklep\/#website\",\"url\":\"https:\/\/ironsky.pl\/sklep\/\",\"name\":\"IRONSKY.PL Sklep z Dronami\",\"description\":\"IRONSKY.PL Sklep z Dronami\",\"potentialAction\":[{\"@type\":\"SearchAction\",\"target\":{\"@type\":\"EntryPoint\",\"urlTemplate\":\"https:\/\/ironsky.pl\/sklep\/?s={search_term_string}\"},\"query-input\":{\"@type\":\"PropertyValueSpecification\",\"valueRequired\":true,\"valueName\":\"search_term_string\"}}],\"inLanguage\":\"pl-PL\"}]}<\/script>\n<!-- \/ Yoast SEO plugin. -->","yoast_head_json":{"title":"Mata l\u0105dowisko SUNNYLIFE TY-TJP08 55cm heksagon - IRONSKY.PL Sklep z Dronami","description":"Mata l\u0105dowisko SUNNYLIFE TY-TJP08 55cm heksagon - \u2705 sklep z dronami i fachowym doradztwem. \u2705 Tutaj kupisz produkty DJI, Yuneec, Parrot, Syma i wiele innych, a tak\u017ce kursy i licencje na operatora drona.","robots":{"index":"index","follow":"follow","max-snippet":"max-snippet:-1","max-image-preview":"max-image-preview:large","max-video-preview":"max-video-preview:-1"},"canonical":"https:\/\/ironsky.pl\/sklep\/produkt\/mata-ladowisko-sunnylife-ty-tjp08-55cm-heksagon\/","og_locale":"pl_PL","og_type":"article","og_title":"Mata l\u0105dowisko SUNNYLIFE TY-TJP08 55cm heksagon - IRONSKY.PL Sklep z Dronami","og_description":"Mata l\u0105dowisko SUNNYLIFE TY-TJP08 55cm heksagon - \u2705 sklep z dronami i fachowym doradztwem. \u2705 Tutaj kupisz produkty DJI, Yuneec, Parrot, Syma i wiele innych, a tak\u017ce kursy i licencje na operatora drona.","og_url":"https:\/\/ironsky.pl\/sklep\/produkt\/mata-ladowisko-sunnylife-ty-tjp08-55cm-heksagon\/","og_site_name":"IRONSKY.PL Sklep z Dronami","article_modified_time":"2026-04-15T08:48:43+00:00","og_image":[{"width":800,"height":800,"url":"https:\/\/ironsky.pl\/sklep\/wp-content\/uploads\/2026\/04\/25706_1.webp","type":"image\/webp"}],"twitter_card":"summary_large_image","twitter_misc":{"Szacowany czas czytania":"1 minuta"},"schema":{"@context":"https:\/\/schema.org","@graph":[{"@type":"WebPage","@id":"https:\/\/ironsky.pl\/sklep\/produkt\/mata-ladowisko-sunnylife-ty-tjp08-55cm-heksagon\/","url":"https:\/\/ironsky.pl\/sklep\/produkt\/mata-ladowisko-sunnylife-ty-tjp08-55cm-heksagon\/","name":"Mata l\u0105dowisko SUNNYLIFE TY-TJP08 55cm heksagon - IRONSKY.PL Sklep z Dronami","isPartOf":{"@id":"https:\/\/ironsky.pl\/sklep\/#website"},"primaryImageOfPage":{"@id":"https:\/\/ironsky.pl\/sklep\/produkt\/mata-ladowisko-sunnylife-ty-tjp08-55cm-heksagon\/#primaryimage"},"image":{"@id":"https:\/\/ironsky.pl\/sklep\/produkt\/mata-ladowisko-sunnylife-ty-tjp08-55cm-heksagon\/#primaryimage"},"thumbnailUrl":"https:\/\/ironsky.pl\/sklep\/wp-content\/uploads\/2026\/04\/25706_1.webp","datePublished":"2026-04-15T08:13:22+00:00","dateModified":"2026-04-15T08:48:43+00:00","description":"Mata l\u0105dowisko SUNNYLIFE TY-TJP08 55cm heksagon - \u2705 sklep z dronami i fachowym doradztwem. \u2705 Tutaj kupisz produkty DJI, Yuneec, Parrot, Syma i wiele innych, a tak\u017ce kursy i licencje na operatora drona.","breadcrumb":{"@id":"https:\/\/ironsky.pl\/sklep\/produkt\/mata-ladowisko-sunnylife-ty-tjp08-55cm-heksagon\/#breadcrumb"},"inLanguage":"pl-PL","potentialAction":[{"@type":"ReadAction","target":["https:\/\/ironsky.pl\/sklep\/produkt\/mata-ladowisko-sunnylife-ty-tjp08-55cm-heksagon\/"]}]},{"@type":"ImageObject","inLanguage":"pl-PL","@id":"https:\/\/ironsky.pl\/sklep\/produkt\/mata-ladowisko-sunnylife-ty-tjp08-55cm-heksagon\/#primaryimage","url":"https:\/\/ironsky.pl\/sklep\/wp-content\/uploads\/2026\/04\/25706_1.webp","contentUrl":"https:\/\/ironsky.pl\/sklep\/wp-content\/uploads\/2026\/04\/25706_1.webp","width":800,"height":800},{"@type":"BreadcrumbList","@id":"https:\/\/ironsky.pl\/sklep\/produkt\/mata-ladowisko-sunnylife-ty-tjp08-55cm-heksagon\/#breadcrumb","itemListElement":[{"@type":"ListItem","position":1,"name":"Strona g\u0142\u00f3wna","item":"https:\/\/ironsky.pl\/sklep\/"},{"@type":"ListItem","position":2,"name":"Wszystkie produkty","item":"https:\/\/ironsky.pl\/sklep\/produkty\/"},{"@type":"ListItem","position":3,"name":"Mata l\u0105dowisko SUNNYLIFE TY-TJP08 55cm heksagon"}]},{"@type":"WebSite","@id":"https:\/\/ironsky.pl\/sklep\/#website","url":"https:\/\/ironsky.pl\/sklep\/","name":"IRONSKY.PL Sklep z Dronami","description":"IRONSKY.PL Sklep z Dronami","potentialAction":[{"@type":"SearchAction","target":{"@type":"EntryPoint","urlTemplate":"https:\/\/ironsky.pl\/sklep\/?s={search_term_string}"},"query-input":{"@type":"PropertyValueSpecification","valueRequired":true,"valueName":"search_term_string"}}],"inLanguage":"pl-PL"}]}},"_links":{"self":[{"href":"https:\/\/ironsky.pl\/sklep\/wp-json\/wp\/v2\/product\/56329","targetHints":{"allow":["GET"]}}],"collection":[{"href":"https:\/\/ironsky.pl\/sklep\/wp-json\/wp\/v2\/product"}],"about":[{"href":"https:\/\/ironsky.pl\/sklep\/wp-json\/wp\/v2\/types\/product"}],"replies":[{"embeddable":true,"href":"https:\/\/ironsky.pl\/sklep\/wp-json\/wp\/v2\/comments?post=56329"}],"wp:featuredmedia":[{"embeddable":true,"href":"https:\/\/ironsky.pl\/sklep\/wp-json\/wp\/v2\/media\/56330"}],"wp:attachment":[{"href":"https:\/\/ironsky.pl\/sklep\/wp-json\/wp\/v2\/media?parent=56329"}],"wp:term":[{"taxonomy":"product_brand","embeddable":true,"href":"https:\/\/ironsky.pl\/sklep\/wp-json\/wp\/v2\/product_brand?post=56329"},{"taxonomy":"product_cat","embeddable":true,"href":"https:\/\/ironsky.pl\/sklep\/wp-json\/wp\/v2\/product_cat?post=56329"},{"taxonomy":"product_tag","embeddable":true,"href":"https:\/\/ironsky.pl\/sklep\/wp-json\/wp\/v2\/product_tag?post=56329"}],"curies":[{"name":"wp","href":"https:\/\/api.w.org\/{rel}","templated":true}]}}