{"id":56328,"date":"2026-04-15T10:13:22","date_gmt":"2026-04-15T08:13:22","guid":{"rendered":"https:\/\/ironsky.pl\/sklep\/produkt\/hub-usb-c-ugreen-cm475-5-portowy-szary\/"},"modified":"2026-04-15T10:48:43","modified_gmt":"2026-04-15T08:48:43","slug":"hub-usb-c-ugreen-cm475-5-portowy-szary","status":"publish","type":"product","link":"https:\/\/ironsky.pl\/sklep\/produkt\/hub-usb-c-ugreen-cm475-5-portowy-szary\/","title":{"rendered":"Hub USB-C UGREEN CM475 5-portowy (szary)"},"content":{"rendered":"<h3>Adapter UGREEN CM475 Hub USB-C do 3x USB 3.0, RJ45, USB-C PD (gwiezdna szaro\u015b\u0107)<\/h3>\n<p>Zwi\u0119ksz mo\u017cliwo\u015bci swojego laptopa. Adapter Ugreen posiada 3 porty USB oraz port RJ45, dzi\u0119ki czemu mo\u017cesz przes\u0142a\u0107 pliki z pr\u0119dko\u015bci\u0105 5 Gbps lub korzysta\u0107 z szybkiego po\u0142\u0105czenia internetowego \u2013 1000 Mbps.<\/p>\n<p><img decoding=\"async\" src=\"https:\/\/b2b.innpro.pl\/data\/include\/cms\/012UGREEN\/CM475-grey\/9.jpg\"><\/p>\n<h3>Szybki transfer danych, stabilne po\u0142\u0105czenie<\/h3>\n<p>Ju\u017c nie musisz czeka\u0107 w niesko\u0144czono\u015b\u0107, a\u017c Twoje pliki zostan\u0105 przes\u0142ane. CM475 posiada 3 porty USB 3.0, dzi\u0119ki czemu pr\u0119dko\u015b\u0107 transferu danych wynosi 5 Gbps. Natomiast port RJ45 sprawdzi si\u0119 w przypadku uszkodzonego interfejsu LAN lub jego braku czy s\u0142abego sygna\u0142u Wi-Fi. Dzi\u0119ki niemu mo\u017cesz cieszy\u0107 si\u0119 szybkim i stabilnym po\u0142\u0105czeniem internetowym (1000 Mbps).<\/p>\n<p><img decoding=\"async\" src=\"https:\/\/b2b.innpro.pl\/data\/include\/cms\/012UGREEN\/CM475-grey\/2.jpg\"><\/p>\n<h3>Wi\u0119cej mo\u017cliwo\u015bci<\/h3>\n<p>Hub z powodzeniem pod\u0142\u0105czysz do smartfona i obejrzysz film, lub do tabletu, dla wygodnej pracy. Adapter doskonale sprawdzi si\u0119 r\u00f3wnie\u017c w przypadku Nintendo Switch, wznosz\u0105c rozgrywk\u0119 na wy\u017cszy poziom. Dodatkowo mo\u017cesz do niego pod\u0142\u0105czy\u0107 dysk HDD o pojemno\u015bci max. 16 TB.<\/p>\n<p><img decoding=\"async\" src=\"https:\/\/b2b.innpro.pl\/data\/include\/cms\/012UGREEN\/CM475-grey\/1.jpg\"><\/p>\n<h3>Szeroka kompatybilno\u015b\u0107<\/h3>\n<p>Kolejn\u0105 zalet\u0105 adaptera Ugreen jest jego szeroka kompatybilno\u015b\u0107. Hub z powodzeniem pod\u0142\u0105czysz do laptopa, komputera PC, smartfona, tabletu, czy Nintendo Switch. Wsp\u00f3\u0142pracuje z systemami operacyjnymi Android, Windows, Mac OS, iOS, oraz Linux. Dodatkowo plug&#038;play u\u0142atwia u\u017cytkowanie \u2013 nie musisz instalowa\u0107 dodatkowego oprogramowania, wystarczy, \u017ce pod\u0142\u0105czysz CM475 do urz\u0105dzenia.<\/p>\n<p><img decoding=\"async\" src=\"https:\/\/b2b.innpro.pl\/data\/include\/cms\/012UGREEN\/CM475-grey\/14.jpg\"><\/p>\n<h3>Przemy\u015blana konstrukcja<\/h3>\n<p>Adapter zosta\u0142 zaprojektowany tak, aby jego u\u017cytkowanie by\u0142o bezpieczne. Posiada zabezpieczenia przed spi\u0119ciem czy przet\u0119\u017ceniem. Wyko\u0144czenie ze stopu aluminium odpowiada za trwa\u0142o\u015b\u0107 i odporno\u015b\u0107 na zarysowania czy korozj\u0119. Natomiast przew\u00f3d przeszed\u0142 testy na wytrzyma\u0142o\u015b\u0107 i jest chroniony przed uszkodzeniem, na przyk\u0142ad, p\u0119kaniem. Ponadto CM475 jest lekki i kompaktowy, wi\u0119c mo\u017cesz go mie\u0107 zawsze przy sobie.<\/p>\n<p><img decoding=\"async\" src=\"https:\/\/b2b.innpro.pl\/data\/include\/cms\/012UGREEN\/CM475-grey\/6.jpg\"><\/p>\n<div class=\"table-wrapper\">\n<table>\n<tbody>\n<tr>\n<th>Producent<\/th>\n<td>Ugreen<\/td>\n<\/tr>\n<tr>\n<th>Model<\/th>\n<td>CM475<\/td>\n<\/tr>\n<tr>\n<th>Pr\u0119dko\u015b\u0107 transferu danych<\/th>\n<td>USB 3.0: 5 Gbps (kompatybilno\u015b\u0107 wsteczna z USB 2.0); RJ45: 1000 Mbps<\/td>\n<\/tr>\n<tr>\n<th>Wspierane systemy<\/th>\n<td>Android, Windows, Linux, Mac OS, iOS<\/td>\n<\/tr>\n<tr>\n<th>Materia\u0142<\/th>\n<td>stop aluminium<\/td>\n<\/tr>\n<tr>\n<th>Kolor<\/th>\n<td> szary<\/td>\n<\/tr>\n<tr>\n<th>D\u0142ugo\u015b\u0107 kabla<\/th>\n<td>20 cm<\/td>\n<\/tr>\n<tr>\n<th>Wymiary<\/th>\n<td>120 x 28 x 16 mm<\/td>\n<\/tr>\n<\/tbody>\n<\/table>\n<\/div>\n","protected":false},"excerpt":{"rendered":"<p>Adapter UGREEN CM475 Hub USB-C do 3x USB 3.0, RJ45, USB-C PD (gwiezdna szaro\u015b\u0107) Zwi\u0119ksz mo\u017cliwo\u015bci swojego laptopa. Adapter Ugreen<\/p>\n","protected":false},"featured_media":42052,"comment_status":"closed","ping_status":"open","template":"","meta":{"_acf_changed":false},"product_brand":[],"product_cat":[5929,5934],"product_tag":[],"class_list":{"0":"post-56328","1":"product","2":"type-product","3":"status-publish","4":"has-post-thumbnail","6":"product_cat-akcesoria-it","7":"product_cat-huby","8":"pa_okres-gwarancji-5757","9":"pa_producent-ugreen","11":"first","12":"outofstock","13":"taxable","14":"shipping-taxable","15":"purchasable","16":"product-type-simple"},"acf":[],"yoast_head":"<!-- This site is optimized with the Yoast SEO plugin v27.2 - https:\/\/yoast.com\/product\/yoast-seo-wordpress\/ -->\n<title>Hub USB-C UGREEN CM475 5-portowy (szary) - IRONSKY.PL Sklep z Dronami<\/title>\n<meta name=\"description\" content=\"Hub USB-C UGREEN CM475 5-portowy (szary) - \u2705 sklep z dronami i fachowym doradztwem. \u2705 Tutaj kupisz produkty DJI, Yuneec, Parrot, Syma i wiele innych, a tak\u017ce kursy i licencje na operatora drona.\" \/>\n<meta name=\"robots\" content=\"index, follow, max-snippet:-1, max-image-preview:large, max-video-preview:-1\" \/>\n<link rel=\"canonical\" href=\"https:\/\/ironsky.pl\/sklep\/produkt\/hub-usb-c-ugreen-cm475-5-portowy-szary\/\" \/>\n<meta property=\"og:locale\" content=\"pl_PL\" \/>\n<meta property=\"og:type\" content=\"article\" \/>\n<meta property=\"og:title\" content=\"Hub USB-C UGREEN CM475 5-portowy (szary) - IRONSKY.PL Sklep z Dronami\" \/>\n<meta property=\"og:description\" content=\"Hub USB-C UGREEN CM475 5-portowy (szary) - \u2705 sklep z dronami i fachowym doradztwem. \u2705 Tutaj kupisz produkty DJI, Yuneec, Parrot, Syma i wiele innych, a tak\u017ce kursy i licencje na operatora drona.\" \/>\n<meta property=\"og:url\" content=\"https:\/\/ironsky.pl\/sklep\/produkt\/hub-usb-c-ugreen-cm475-5-portowy-szary\/\" \/>\n<meta property=\"og:site_name\" content=\"IRONSKY.PL Sklep z Dronami\" \/>\n<meta property=\"article:modified_time\" content=\"2026-04-15T08:48:43+00:00\" \/>\n<meta property=\"og:image\" content=\"https:\/\/ironsky.pl\/sklep\/wp-content\/uploads\/2025\/06\/25705_1.jpg\" \/>\n\t<meta property=\"og:image:width\" content=\"800\" \/>\n\t<meta property=\"og:image:height\" content=\"800\" \/>\n\t<meta property=\"og:image:type\" content=\"image\/jpeg\" \/>\n<meta name=\"twitter:card\" content=\"summary_large_image\" \/>\n<meta name=\"twitter:label1\" content=\"Szacowany czas czytania\" \/>\n\t<meta name=\"twitter:data1\" content=\"2 minuty\" \/>\n<script type=\"application\/ld+json\" class=\"yoast-schema-graph\">{\"@context\":\"https:\/\/schema.org\",\"@graph\":[{\"@type\":\"WebPage\",\"@id\":\"https:\/\/ironsky.pl\/sklep\/produkt\/hub-usb-c-ugreen-cm475-5-portowy-szary\/\",\"url\":\"https:\/\/ironsky.pl\/sklep\/produkt\/hub-usb-c-ugreen-cm475-5-portowy-szary\/\",\"name\":\"Hub USB-C UGREEN CM475 5-portowy (szary) - IRONSKY.PL Sklep z Dronami\",\"isPartOf\":{\"@id\":\"https:\/\/ironsky.pl\/sklep\/#website\"},\"primaryImageOfPage\":{\"@id\":\"https:\/\/ironsky.pl\/sklep\/produkt\/hub-usb-c-ugreen-cm475-5-portowy-szary\/#primaryimage\"},\"image\":{\"@id\":\"https:\/\/ironsky.pl\/sklep\/produkt\/hub-usb-c-ugreen-cm475-5-portowy-szary\/#primaryimage\"},\"thumbnailUrl\":\"https:\/\/ironsky.pl\/sklep\/wp-content\/uploads\/2025\/06\/25705_1.jpg\",\"datePublished\":\"2026-04-15T08:13:22+00:00\",\"dateModified\":\"2026-04-15T08:48:43+00:00\",\"description\":\"Hub USB-C UGREEN CM475 5-portowy (szary) - \u2705 sklep z dronami i fachowym doradztwem. \u2705 Tutaj kupisz produkty DJI, Yuneec, Parrot, Syma i wiele innych, a tak\u017ce kursy i licencje na operatora drona.\",\"breadcrumb\":{\"@id\":\"https:\/\/ironsky.pl\/sklep\/produkt\/hub-usb-c-ugreen-cm475-5-portowy-szary\/#breadcrumb\"},\"inLanguage\":\"pl-PL\",\"potentialAction\":[{\"@type\":\"ReadAction\",\"target\":[\"https:\/\/ironsky.pl\/sklep\/produkt\/hub-usb-c-ugreen-cm475-5-portowy-szary\/\"]}]},{\"@type\":\"ImageObject\",\"inLanguage\":\"pl-PL\",\"@id\":\"https:\/\/ironsky.pl\/sklep\/produkt\/hub-usb-c-ugreen-cm475-5-portowy-szary\/#primaryimage\",\"url\":\"https:\/\/ironsky.pl\/sklep\/wp-content\/uploads\/2025\/06\/25705_1.jpg\",\"contentUrl\":\"https:\/\/ironsky.pl\/sklep\/wp-content\/uploads\/2025\/06\/25705_1.jpg\",\"width\":800,\"height\":800},{\"@type\":\"BreadcrumbList\",\"@id\":\"https:\/\/ironsky.pl\/sklep\/produkt\/hub-usb-c-ugreen-cm475-5-portowy-szary\/#breadcrumb\",\"itemListElement\":[{\"@type\":\"ListItem\",\"position\":1,\"name\":\"Strona g\u0142\u00f3wna\",\"item\":\"https:\/\/ironsky.pl\/sklep\/\"},{\"@type\":\"ListItem\",\"position\":2,\"name\":\"Wszystkie produkty\",\"item\":\"https:\/\/ironsky.pl\/sklep\/produkty\/\"},{\"@type\":\"ListItem\",\"position\":3,\"name\":\"Hub USB-C UGREEN CM475 5-portowy (szary)\"}]},{\"@type\":\"WebSite\",\"@id\":\"https:\/\/ironsky.pl\/sklep\/#website\",\"url\":\"https:\/\/ironsky.pl\/sklep\/\",\"name\":\"IRONSKY.PL Sklep z Dronami\",\"description\":\"IRONSKY.PL Sklep z Dronami\",\"potentialAction\":[{\"@type\":\"SearchAction\",\"target\":{\"@type\":\"EntryPoint\",\"urlTemplate\":\"https:\/\/ironsky.pl\/sklep\/?s={search_term_string}\"},\"query-input\":{\"@type\":\"PropertyValueSpecification\",\"valueRequired\":true,\"valueName\":\"search_term_string\"}}],\"inLanguage\":\"pl-PL\"}]}<\/script>\n<!-- \/ Yoast SEO plugin. -->","yoast_head_json":{"title":"Hub USB-C UGREEN CM475 5-portowy (szary) - IRONSKY.PL Sklep z Dronami","description":"Hub USB-C UGREEN CM475 5-portowy (szary) - \u2705 sklep z dronami i fachowym doradztwem. \u2705 Tutaj kupisz produkty DJI, Yuneec, Parrot, Syma i wiele innych, a tak\u017ce kursy i licencje na operatora drona.","robots":{"index":"index","follow":"follow","max-snippet":"max-snippet:-1","max-image-preview":"max-image-preview:large","max-video-preview":"max-video-preview:-1"},"canonical":"https:\/\/ironsky.pl\/sklep\/produkt\/hub-usb-c-ugreen-cm475-5-portowy-szary\/","og_locale":"pl_PL","og_type":"article","og_title":"Hub USB-C UGREEN CM475 5-portowy (szary) - IRONSKY.PL Sklep z Dronami","og_description":"Hub USB-C UGREEN CM475 5-portowy (szary) - \u2705 sklep z dronami i fachowym doradztwem. \u2705 Tutaj kupisz produkty DJI, Yuneec, Parrot, Syma i wiele innych, a tak\u017ce kursy i licencje na operatora drona.","og_url":"https:\/\/ironsky.pl\/sklep\/produkt\/hub-usb-c-ugreen-cm475-5-portowy-szary\/","og_site_name":"IRONSKY.PL Sklep z Dronami","article_modified_time":"2026-04-15T08:48:43+00:00","og_image":[{"width":800,"height":800,"url":"https:\/\/ironsky.pl\/sklep\/wp-content\/uploads\/2025\/06\/25705_1.jpg","type":"image\/jpeg"}],"twitter_card":"summary_large_image","twitter_misc":{"Szacowany czas czytania":"2 minuty"},"schema":{"@context":"https:\/\/schema.org","@graph":[{"@type":"WebPage","@id":"https:\/\/ironsky.pl\/sklep\/produkt\/hub-usb-c-ugreen-cm475-5-portowy-szary\/","url":"https:\/\/ironsky.pl\/sklep\/produkt\/hub-usb-c-ugreen-cm475-5-portowy-szary\/","name":"Hub USB-C UGREEN CM475 5-portowy (szary) - IRONSKY.PL Sklep z Dronami","isPartOf":{"@id":"https:\/\/ironsky.pl\/sklep\/#website"},"primaryImageOfPage":{"@id":"https:\/\/ironsky.pl\/sklep\/produkt\/hub-usb-c-ugreen-cm475-5-portowy-szary\/#primaryimage"},"image":{"@id":"https:\/\/ironsky.pl\/sklep\/produkt\/hub-usb-c-ugreen-cm475-5-portowy-szary\/#primaryimage"},"thumbnailUrl":"https:\/\/ironsky.pl\/sklep\/wp-content\/uploads\/2025\/06\/25705_1.jpg","datePublished":"2026-04-15T08:13:22+00:00","dateModified":"2026-04-15T08:48:43+00:00","description":"Hub USB-C UGREEN CM475 5-portowy (szary) - \u2705 sklep z dronami i fachowym doradztwem. \u2705 Tutaj kupisz produkty DJI, Yuneec, Parrot, Syma i wiele innych, a tak\u017ce kursy i licencje na operatora drona.","breadcrumb":{"@id":"https:\/\/ironsky.pl\/sklep\/produkt\/hub-usb-c-ugreen-cm475-5-portowy-szary\/#breadcrumb"},"inLanguage":"pl-PL","potentialAction":[{"@type":"ReadAction","target":["https:\/\/ironsky.pl\/sklep\/produkt\/hub-usb-c-ugreen-cm475-5-portowy-szary\/"]}]},{"@type":"ImageObject","inLanguage":"pl-PL","@id":"https:\/\/ironsky.pl\/sklep\/produkt\/hub-usb-c-ugreen-cm475-5-portowy-szary\/#primaryimage","url":"https:\/\/ironsky.pl\/sklep\/wp-content\/uploads\/2025\/06\/25705_1.jpg","contentUrl":"https:\/\/ironsky.pl\/sklep\/wp-content\/uploads\/2025\/06\/25705_1.jpg","width":800,"height":800},{"@type":"BreadcrumbList","@id":"https:\/\/ironsky.pl\/sklep\/produkt\/hub-usb-c-ugreen-cm475-5-portowy-szary\/#breadcrumb","itemListElement":[{"@type":"ListItem","position":1,"name":"Strona g\u0142\u00f3wna","item":"https:\/\/ironsky.pl\/sklep\/"},{"@type":"ListItem","position":2,"name":"Wszystkie produkty","item":"https:\/\/ironsky.pl\/sklep\/produkty\/"},{"@type":"ListItem","position":3,"name":"Hub USB-C UGREEN CM475 5-portowy (szary)"}]},{"@type":"WebSite","@id":"https:\/\/ironsky.pl\/sklep\/#website","url":"https:\/\/ironsky.pl\/sklep\/","name":"IRONSKY.PL Sklep z Dronami","description":"IRONSKY.PL Sklep z Dronami","potentialAction":[{"@type":"SearchAction","target":{"@type":"EntryPoint","urlTemplate":"https:\/\/ironsky.pl\/sklep\/?s={search_term_string}"},"query-input":{"@type":"PropertyValueSpecification","valueRequired":true,"valueName":"search_term_string"}}],"inLanguage":"pl-PL"}]}},"_links":{"self":[{"href":"https:\/\/ironsky.pl\/sklep\/wp-json\/wp\/v2\/product\/56328","targetHints":{"allow":["GET"]}}],"collection":[{"href":"https:\/\/ironsky.pl\/sklep\/wp-json\/wp\/v2\/product"}],"about":[{"href":"https:\/\/ironsky.pl\/sklep\/wp-json\/wp\/v2\/types\/product"}],"replies":[{"embeddable":true,"href":"https:\/\/ironsky.pl\/sklep\/wp-json\/wp\/v2\/comments?post=56328"}],"wp:featuredmedia":[{"embeddable":true,"href":"https:\/\/ironsky.pl\/sklep\/wp-json\/wp\/v2\/media\/42052"}],"wp:attachment":[{"href":"https:\/\/ironsky.pl\/sklep\/wp-json\/wp\/v2\/media?parent=56328"}],"wp:term":[{"taxonomy":"product_brand","embeddable":true,"href":"https:\/\/ironsky.pl\/sklep\/wp-json\/wp\/v2\/product_brand?post=56328"},{"taxonomy":"product_cat","embeddable":true,"href":"https:\/\/ironsky.pl\/sklep\/wp-json\/wp\/v2\/product_cat?post=56328"},{"taxonomy":"product_tag","embeddable":true,"href":"https:\/\/ironsky.pl\/sklep\/wp-json\/wp\/v2\/product_tag?post=56328"}],"curies":[{"name":"wp","href":"https:\/\/api.w.org\/{rel}","templated":true}]}}