{"id":56305,"date":"2026-04-15T10:13:22","date_gmt":"2026-04-15T08:13:22","guid":{"rendered":"https:\/\/ironsky.pl\/sklep\/produkt\/powerbank-romoss-sense4sf-10000mah-22-5w-bialy-2\/"},"modified":"2026-04-15T10:48:40","modified_gmt":"2026-04-15T08:48:40","slug":"powerbank-romoss-sense4sf-10000mah-22-5w-bialy-2","status":"publish","type":"product","link":"https:\/\/ironsky.pl\/sklep\/produkt\/powerbank-romoss-sense4sf-10000mah-22-5w-bialy-2\/","title":{"rendered":"Powerbank ROMOSS SENSE4SF 10000mAh 22.5W (bia\u0142y)"},"content":{"rendered":"<h3>Powerbank Romoss SENSE4SF 10000mAh, 22.5W (bia\u0142y)<\/h3>\n<p>Powerbank Romoss SENSE4SF charakteryzuje si\u0119 pojemno\u015bci\u0105 10000mAh, oraz kompaktow\u0105 i lekk\u0105 budow\u0105. Powerbank pozwala \u0142adowa\u0107 nawet 3 urz\u0105dzenia jednocze\u015bnie, a szeroka kompatybilno\u015b\u0107 umo\u017cliwia pod\u0142\u0105czenie smartfon\u00f3w i tablet\u00f3w najpopularniejszych marek. Ponadto zosta\u0142 wyposa\u017cony w szereg zabezpiecze\u0144, zapewniaj\u0105cych bezpiecze\u0144stwo u\u017cytkowania. <\/p>\n<p><img decoding=\"async\" src=\"https:\/\/b2b.innpro.pl\/data\/include\/cms\/Romoss\/Powerbank-SENSE4SF-10000mAh\/4.jpg\"><\/p>\n<h3>\u0141aduj 3 urz\u0105dzenia jednocze\u015bnie <\/h3>\n<p>Powerbank oferuje 3 porty wej\u015bciowe, oraz 3 porty wyj\u015bciowe, co umo\u017cliwia \u0142adowanie a\u017c 3 urz\u0105dze\u0144 w tym samym momencie, przy jednoczesnej oszcz\u0119dno\u015bci czasu. SENSE4SF posiada wyj\u015bcie &#8211; USB-C, Micro USB, Lightning. <\/p>\n<p><img decoding=\"async\" src=\"https:\/\/b2b.innpro.pl\/data\/include\/cms\/Romoss\/Powerbank-SENSE4SF-10000mAh\/7.jpg\"><\/p>\n<h3>Szybkie \u0142adowanie <\/h3>\n<p>Powerbank jest kompatybilny z wi\u0119kszo\u015bci\u0105 popularnych protoko\u0142\u00f3w szybkiego \u0142adowania, dzi\u0119ki czemu odnawia energi\u0119 pod\u0142\u0105czonych urz\u0105dze\u0144 naprawd\u0119 szybko. Wspiera szybkie \u0142adowanie (20W PD) Iphona 12-13, lub super szybkie \u0142adowanie (22.5 W) sprz\u0119t\u00f3w takich jak;Mate40pro, czy Mate30 itp. Powerbank r\u00f3wnie szybko odnawia swoj\u0105 energi\u0119 &#8211; pod\u0142\u0105czaj\u0105c go do \u0142adowarki sieciowej, odnowisz jego energi\u0119 w 3.5 godziny.<\/p>\n<p><img decoding=\"async\" src=\"https:\/\/b2b.innpro.pl\/data\/include\/cms\/Romoss\/Powerbank-SENSE4SF-10000mAh\/8.jpg\"><\/p>\n<h3>Bezpieczne u\u017cytkowanie <\/h3>\n<p>Powerbank Romoss SENSE4SF posiada 10-elementowy system zabezpiecze\u0144, kt\u00f3ry chroni \u0142adowane urz\u0105dzenia mi\u0119dzy innymi przed prze\u0142adowaniem, pr\u0105dem przet\u0119\u017ceniowym, zwarciem, polem elektromagnetycznym i dzia\u0142aniem temperatury. Nie musisz wi\u0119c obawia\u0107 si\u0119 uszkodzenia swojego smartfona i innych urz\u0105dze\u0144.<\/p>\n<p><img decoding=\"async\" src=\"https:\/\/b2b.innpro.pl\/data\/include\/cms\/Romoss\/Powerbank-SENSE4SF-10000mAh\/3.jpg\"><\/p>\n<h3>W zestawie: <\/h3>\n<ul>\n<li>Powerbank x1<\/li>\n<li>Instrukcja obs\u0142ugi x1<\/li>\n<li>Kabel x1<\/li>\n<\/ul>\n<div class=\"table-wrapper\">\n<table>\n<tbody>\n<tr>\n<th>Marka<\/th>\n<td>Romoss <\/td>\n<\/tr>\n<tr>\n<th>Model <\/th>\n<td>SENSE4SF<\/td>\n<\/tr>\n<tr>\n<th>Kolor <\/th>\n<td>Bia\u0142y <\/td>\n<\/tr>\n<tr>\n<th>Pojemno\u015b\u0107 <\/th>\n<td>10000 mAh<\/td>\n<\/tr>\n<tr>\n<th>Typ akumulatora <\/th>\n<td>Akumulator litowo-jonowy<\/td>\n<\/tr>\n<tr>\n<th>Moc <\/th>\n<td>22,5 w PD<\/td>\n<\/tr>\n<tr>\n<th>Moc znamionowa <\/th>\n<td>35,15 Wh<\/td>\n<\/tr>\n<tr>\n<th>Wej\u015bcie <\/th>\n<td>5V 3A, 9V 2A (Typ C) 5V 2A\/9V 2A (Lightning\/Micro USB)<\/td>\n<\/tr>\n<tr>\n<th>Wyj\u015bcie <\/th>\n<td>5V 3A lub 9V 2,22A lub 12V-1,67A (typ c) 4,5V-5A lub 5V-4,5A lub 9V-2A lub 12V-1,5A (USB-A)<\/td>\n<\/tr>\n<tr>\n<th>Wymiary <\/th>\n<td>110.6 \u00d7 63.5 x 24,8 mm<\/td>\n<\/tr>\n<tr>\n<th>Waga <\/th>\n<td>220 g<\/td>\n<\/tr>\n<\/tbody>\n<\/table>\n<\/div>\n","protected":false},"excerpt":{"rendered":"<p>Powerbank Romoss SENSE4SF 10000mAh, 22.5W (bia\u0142y) Powerbank Romoss SENSE4SF charakteryzuje si\u0119 pojemno\u015bci\u0105 10000mAh, oraz kompaktow\u0105 i lekk\u0105 budow\u0105. Powerbank pozwala<\/p>\n","protected":false},"featured_media":56306,"comment_status":"closed","ping_status":"open","template":"","meta":{"_acf_changed":false},"product_brand":[],"product_cat":[1108,1113],"product_tag":[],"class_list":{"0":"post-56305","1":"product","2":"type-product","3":"status-publish","4":"has-post-thumbnail","6":"product_cat-energia","7":"product_cat-powerbanki","8":"pa_okres-gwarancji-5754","9":"pa_producent-romoss","11":"first","12":"outofstock","13":"taxable","14":"shipping-taxable","15":"purchasable","16":"product-type-simple"},"acf":[],"yoast_head":"<!-- This site is optimized with the Yoast SEO plugin v27.2 - https:\/\/yoast.com\/product\/yoast-seo-wordpress\/ -->\n<title>Powerbank ROMOSS SENSE4SF 10000mAh 22.5W (bia\u0142y) - IRONSKY.PL Sklep z Dronami<\/title>\n<meta name=\"description\" content=\"Powerbank ROMOSS SENSE4SF 10000mAh 22.5W (bia\u0142y) - \u2705 sklep z dronami i fachowym doradztwem. \u2705 Tutaj kupisz produkty DJI, Yuneec, Parrot, Syma i wiele innych, a tak\u017ce kursy i licencje na operatora drona.\" \/>\n<meta name=\"robots\" content=\"index, follow, max-snippet:-1, max-image-preview:large, max-video-preview:-1\" \/>\n<link rel=\"canonical\" href=\"https:\/\/ironsky.pl\/sklep\/produkt\/powerbank-romoss-sense4sf-10000mah-22-5w-bialy-2\/\" \/>\n<meta property=\"og:locale\" content=\"pl_PL\" \/>\n<meta property=\"og:type\" content=\"article\" \/>\n<meta property=\"og:title\" content=\"Powerbank ROMOSS SENSE4SF 10000mAh 22.5W (bia\u0142y) - IRONSKY.PL Sklep z Dronami\" \/>\n<meta property=\"og:description\" content=\"Powerbank ROMOSS SENSE4SF 10000mAh 22.5W (bia\u0142y) - \u2705 sklep z dronami i fachowym doradztwem. \u2705 Tutaj kupisz produkty DJI, Yuneec, Parrot, Syma i wiele innych, a tak\u017ce kursy i licencje na operatora drona.\" \/>\n<meta property=\"og:url\" content=\"https:\/\/ironsky.pl\/sklep\/produkt\/powerbank-romoss-sense4sf-10000mah-22-5w-bialy-2\/\" \/>\n<meta property=\"og:site_name\" content=\"IRONSKY.PL Sklep z Dronami\" \/>\n<meta property=\"article:modified_time\" content=\"2026-04-15T08:48:40+00:00\" \/>\n<meta property=\"og:image\" content=\"https:\/\/ironsky.pl\/sklep\/wp-content\/uploads\/2026\/04\/25616_1.jpg\" \/>\n\t<meta property=\"og:image:width\" content=\"800\" \/>\n\t<meta property=\"og:image:height\" content=\"800\" \/>\n\t<meta property=\"og:image:type\" content=\"image\/jpeg\" \/>\n<meta name=\"twitter:card\" content=\"summary_large_image\" \/>\n<meta name=\"twitter:label1\" content=\"Szacowany czas czytania\" \/>\n\t<meta name=\"twitter:data1\" content=\"1 minuta\" \/>\n<script type=\"application\/ld+json\" class=\"yoast-schema-graph\">{\"@context\":\"https:\/\/schema.org\",\"@graph\":[{\"@type\":\"WebPage\",\"@id\":\"https:\/\/ironsky.pl\/sklep\/produkt\/powerbank-romoss-sense4sf-10000mah-22-5w-bialy-2\/\",\"url\":\"https:\/\/ironsky.pl\/sklep\/produkt\/powerbank-romoss-sense4sf-10000mah-22-5w-bialy-2\/\",\"name\":\"Powerbank ROMOSS SENSE4SF 10000mAh 22.5W (bia\u0142y) - IRONSKY.PL Sklep z Dronami\",\"isPartOf\":{\"@id\":\"https:\/\/ironsky.pl\/sklep\/#website\"},\"primaryImageOfPage\":{\"@id\":\"https:\/\/ironsky.pl\/sklep\/produkt\/powerbank-romoss-sense4sf-10000mah-22-5w-bialy-2\/#primaryimage\"},\"image\":{\"@id\":\"https:\/\/ironsky.pl\/sklep\/produkt\/powerbank-romoss-sense4sf-10000mah-22-5w-bialy-2\/#primaryimage\"},\"thumbnailUrl\":\"https:\/\/ironsky.pl\/sklep\/wp-content\/uploads\/2026\/04\/25616_1.jpg\",\"datePublished\":\"2026-04-15T08:13:22+00:00\",\"dateModified\":\"2026-04-15T08:48:40+00:00\",\"description\":\"Powerbank ROMOSS SENSE4SF 10000mAh 22.5W (bia\u0142y) - \u2705 sklep z dronami i fachowym doradztwem. \u2705 Tutaj kupisz produkty DJI, Yuneec, Parrot, Syma i wiele innych, a tak\u017ce kursy i licencje na operatora drona.\",\"breadcrumb\":{\"@id\":\"https:\/\/ironsky.pl\/sklep\/produkt\/powerbank-romoss-sense4sf-10000mah-22-5w-bialy-2\/#breadcrumb\"},\"inLanguage\":\"pl-PL\",\"potentialAction\":[{\"@type\":\"ReadAction\",\"target\":[\"https:\/\/ironsky.pl\/sklep\/produkt\/powerbank-romoss-sense4sf-10000mah-22-5w-bialy-2\/\"]}]},{\"@type\":\"ImageObject\",\"inLanguage\":\"pl-PL\",\"@id\":\"https:\/\/ironsky.pl\/sklep\/produkt\/powerbank-romoss-sense4sf-10000mah-22-5w-bialy-2\/#primaryimage\",\"url\":\"https:\/\/ironsky.pl\/sklep\/wp-content\/uploads\/2026\/04\/25616_1.jpg\",\"contentUrl\":\"https:\/\/ironsky.pl\/sklep\/wp-content\/uploads\/2026\/04\/25616_1.jpg\",\"width\":800,\"height\":800},{\"@type\":\"BreadcrumbList\",\"@id\":\"https:\/\/ironsky.pl\/sklep\/produkt\/powerbank-romoss-sense4sf-10000mah-22-5w-bialy-2\/#breadcrumb\",\"itemListElement\":[{\"@type\":\"ListItem\",\"position\":1,\"name\":\"Strona g\u0142\u00f3wna\",\"item\":\"https:\/\/ironsky.pl\/sklep\/\"},{\"@type\":\"ListItem\",\"position\":2,\"name\":\"Wszystkie produkty\",\"item\":\"https:\/\/ironsky.pl\/sklep\/produkty\/\"},{\"@type\":\"ListItem\",\"position\":3,\"name\":\"Powerbank ROMOSS SENSE4SF 10000mAh 22.5W (bia\u0142y)\"}]},{\"@type\":\"WebSite\",\"@id\":\"https:\/\/ironsky.pl\/sklep\/#website\",\"url\":\"https:\/\/ironsky.pl\/sklep\/\",\"name\":\"IRONSKY.PL Sklep z Dronami\",\"description\":\"IRONSKY.PL Sklep z Dronami\",\"potentialAction\":[{\"@type\":\"SearchAction\",\"target\":{\"@type\":\"EntryPoint\",\"urlTemplate\":\"https:\/\/ironsky.pl\/sklep\/?s={search_term_string}\"},\"query-input\":{\"@type\":\"PropertyValueSpecification\",\"valueRequired\":true,\"valueName\":\"search_term_string\"}}],\"inLanguage\":\"pl-PL\"}]}<\/script>\n<!-- \/ Yoast SEO plugin. -->","yoast_head_json":{"title":"Powerbank ROMOSS SENSE4SF 10000mAh 22.5W (bia\u0142y) - IRONSKY.PL Sklep z Dronami","description":"Powerbank ROMOSS SENSE4SF 10000mAh 22.5W (bia\u0142y) - \u2705 sklep z dronami i fachowym doradztwem. \u2705 Tutaj kupisz produkty DJI, Yuneec, Parrot, Syma i wiele innych, a tak\u017ce kursy i licencje na operatora drona.","robots":{"index":"index","follow":"follow","max-snippet":"max-snippet:-1","max-image-preview":"max-image-preview:large","max-video-preview":"max-video-preview:-1"},"canonical":"https:\/\/ironsky.pl\/sklep\/produkt\/powerbank-romoss-sense4sf-10000mah-22-5w-bialy-2\/","og_locale":"pl_PL","og_type":"article","og_title":"Powerbank ROMOSS SENSE4SF 10000mAh 22.5W (bia\u0142y) - IRONSKY.PL Sklep z Dronami","og_description":"Powerbank ROMOSS SENSE4SF 10000mAh 22.5W (bia\u0142y) - \u2705 sklep z dronami i fachowym doradztwem. \u2705 Tutaj kupisz produkty DJI, Yuneec, Parrot, Syma i wiele innych, a tak\u017ce kursy i licencje na operatora drona.","og_url":"https:\/\/ironsky.pl\/sklep\/produkt\/powerbank-romoss-sense4sf-10000mah-22-5w-bialy-2\/","og_site_name":"IRONSKY.PL Sklep z Dronami","article_modified_time":"2026-04-15T08:48:40+00:00","og_image":[{"width":800,"height":800,"url":"https:\/\/ironsky.pl\/sklep\/wp-content\/uploads\/2026\/04\/25616_1.jpg","type":"image\/jpeg"}],"twitter_card":"summary_large_image","twitter_misc":{"Szacowany czas czytania":"1 minuta"},"schema":{"@context":"https:\/\/schema.org","@graph":[{"@type":"WebPage","@id":"https:\/\/ironsky.pl\/sklep\/produkt\/powerbank-romoss-sense4sf-10000mah-22-5w-bialy-2\/","url":"https:\/\/ironsky.pl\/sklep\/produkt\/powerbank-romoss-sense4sf-10000mah-22-5w-bialy-2\/","name":"Powerbank ROMOSS SENSE4SF 10000mAh 22.5W (bia\u0142y) - IRONSKY.PL Sklep z Dronami","isPartOf":{"@id":"https:\/\/ironsky.pl\/sklep\/#website"},"primaryImageOfPage":{"@id":"https:\/\/ironsky.pl\/sklep\/produkt\/powerbank-romoss-sense4sf-10000mah-22-5w-bialy-2\/#primaryimage"},"image":{"@id":"https:\/\/ironsky.pl\/sklep\/produkt\/powerbank-romoss-sense4sf-10000mah-22-5w-bialy-2\/#primaryimage"},"thumbnailUrl":"https:\/\/ironsky.pl\/sklep\/wp-content\/uploads\/2026\/04\/25616_1.jpg","datePublished":"2026-04-15T08:13:22+00:00","dateModified":"2026-04-15T08:48:40+00:00","description":"Powerbank ROMOSS SENSE4SF 10000mAh 22.5W (bia\u0142y) - \u2705 sklep z dronami i fachowym doradztwem. \u2705 Tutaj kupisz produkty DJI, Yuneec, Parrot, Syma i wiele innych, a tak\u017ce kursy i licencje na operatora drona.","breadcrumb":{"@id":"https:\/\/ironsky.pl\/sklep\/produkt\/powerbank-romoss-sense4sf-10000mah-22-5w-bialy-2\/#breadcrumb"},"inLanguage":"pl-PL","potentialAction":[{"@type":"ReadAction","target":["https:\/\/ironsky.pl\/sklep\/produkt\/powerbank-romoss-sense4sf-10000mah-22-5w-bialy-2\/"]}]},{"@type":"ImageObject","inLanguage":"pl-PL","@id":"https:\/\/ironsky.pl\/sklep\/produkt\/powerbank-romoss-sense4sf-10000mah-22-5w-bialy-2\/#primaryimage","url":"https:\/\/ironsky.pl\/sklep\/wp-content\/uploads\/2026\/04\/25616_1.jpg","contentUrl":"https:\/\/ironsky.pl\/sklep\/wp-content\/uploads\/2026\/04\/25616_1.jpg","width":800,"height":800},{"@type":"BreadcrumbList","@id":"https:\/\/ironsky.pl\/sklep\/produkt\/powerbank-romoss-sense4sf-10000mah-22-5w-bialy-2\/#breadcrumb","itemListElement":[{"@type":"ListItem","position":1,"name":"Strona g\u0142\u00f3wna","item":"https:\/\/ironsky.pl\/sklep\/"},{"@type":"ListItem","position":2,"name":"Wszystkie produkty","item":"https:\/\/ironsky.pl\/sklep\/produkty\/"},{"@type":"ListItem","position":3,"name":"Powerbank ROMOSS SENSE4SF 10000mAh 22.5W (bia\u0142y)"}]},{"@type":"WebSite","@id":"https:\/\/ironsky.pl\/sklep\/#website","url":"https:\/\/ironsky.pl\/sklep\/","name":"IRONSKY.PL Sklep z Dronami","description":"IRONSKY.PL Sklep z Dronami","potentialAction":[{"@type":"SearchAction","target":{"@type":"EntryPoint","urlTemplate":"https:\/\/ironsky.pl\/sklep\/?s={search_term_string}"},"query-input":{"@type":"PropertyValueSpecification","valueRequired":true,"valueName":"search_term_string"}}],"inLanguage":"pl-PL"}]}},"_links":{"self":[{"href":"https:\/\/ironsky.pl\/sklep\/wp-json\/wp\/v2\/product\/56305","targetHints":{"allow":["GET"]}}],"collection":[{"href":"https:\/\/ironsky.pl\/sklep\/wp-json\/wp\/v2\/product"}],"about":[{"href":"https:\/\/ironsky.pl\/sklep\/wp-json\/wp\/v2\/types\/product"}],"replies":[{"embeddable":true,"href":"https:\/\/ironsky.pl\/sklep\/wp-json\/wp\/v2\/comments?post=56305"}],"wp:featuredmedia":[{"embeddable":true,"href":"https:\/\/ironsky.pl\/sklep\/wp-json\/wp\/v2\/media\/56306"}],"wp:attachment":[{"href":"https:\/\/ironsky.pl\/sklep\/wp-json\/wp\/v2\/media?parent=56305"}],"wp:term":[{"taxonomy":"product_brand","embeddable":true,"href":"https:\/\/ironsky.pl\/sklep\/wp-json\/wp\/v2\/product_brand?post=56305"},{"taxonomy":"product_cat","embeddable":true,"href":"https:\/\/ironsky.pl\/sklep\/wp-json\/wp\/v2\/product_cat?post=56305"},{"taxonomy":"product_tag","embeddable":true,"href":"https:\/\/ironsky.pl\/sklep\/wp-json\/wp\/v2\/product_tag?post=56305"}],"curies":[{"name":"wp","href":"https:\/\/api.w.org\/{rel}","templated":true}]}}