{"id":56304,"date":"2026-04-15T10:13:22","date_gmt":"2026-04-15T08:13:22","guid":{"rendered":"https:\/\/ironsky.pl\/sklep\/produkt\/latarka-superfire-l6-u-1480lm-usb-c-2\/"},"modified":"2026-04-15T10:13:34","modified_gmt":"2026-04-15T08:13:34","slug":"latarka-superfire-l6-u-1480lm-usb-c-2","status":"publish","type":"product","link":"https:\/\/ironsky.pl\/sklep\/produkt\/latarka-superfire-l6-u-1480lm-usb-c-2\/","title":{"rendered":"Latarka SUPERFIRE L6-U 1480lm USB-C"},"content":{"rendered":"<h3>Latarka Superfire L6-U \u2013 1480 lm, 330 m, 5 tryb\u00f3w, 20W, USB-C<\/h3>\n<p>Por\u0119czna latarka Superfire L6-U zapewnia stabilne o\u015bwietlenie podczas wielu r\u00f3\u017cnych czynno\u015bci. Ma wysokiej jako\u015bci diod\u0119, kt\u00f3ra gwarantuje jasno\u015b\u0107 na poziomie 1480 lm. Jej zasi\u0119g wynosi 330 m, co pozwala skutecznie o\u015bwietli\u0107 du\u017cy obszar. Atutem jest r\u00f3wnie\u017c wydajny akumulator i d\u0142ugi czas pracy, a tak\u017ce klasa szczelno\u015bci IP44 (Ingress Protection 44, stopie\u0144 ochrony przed cia\u0142ami sta\u0142ymi i wod\u0105) i odporno\u015b\u0107 na upadek z 1 metra.<\/p>\n<p>\n<img decoding=\"async\" src=\"https:\/\/assets.innpro.pl\/14041\/17530\/6.jpg\" border=\"0\" alt=\"czarna latarka le\u017c\u0105ca na ciemnej skale\" \/>\n<\/p>\n<h3>Niezawodne \u017ar\u00f3d\u0142o \u015bwiat\u0142a<\/h3>\n<p>Superfire L6-U zapewnia \u015bwiat\u0142o o jasno\u015bci nawet 1480 lumen\u00f3w i wyr\u00f3\u017cnia si\u0119 moc\u0105 20 W. Dzi\u0119ki temu latarka skutecznie o\u015bwietla drog\u0119 podczas w\u0119dr\u00f3wki i pozwala dostrzec nawet najmniejszy detal podczas prac remontowych. Jej zasi\u0119g wynosi 330 metr\u00f3w.<\/p>\n<p>\n<img decoding=\"async\" src=\"https:\/\/assets.innpro.pl\/14041\/17530\/3.jpg\" border=\"0\" alt=\"zbli\u017cenie na diod\u0119 latarki na ciemnym tle\" \/>\n<\/p>\n<h3>5 tryb\u00f3w pracy<\/h3>\n<p>Latarka oferuje 5 tryb\u00f3w pracy, dzi\u0119ki czemu mo\u017cesz korzysta\u0107 z niej w wielu r\u00f3\u017cnych sytuacjach. Do Twojej dyspozycji s\u0105 tryby Weak, Medium i Strong, a tak\u017ce Strobe, podczas kt\u00f3rego jasne \u015bwiat\u0142o miga z wysok\u0105 cz\u0119stotliwo\u015bci\u0105. Do wyboru jest tak\u017ce tryb SOS, kt\u00f3ry pozwoli wezwa\u0107 pomoc w sytuacji zagro\u017cenia.<\/p>\n<p>\n<img decoding=\"async\" src=\"https:\/\/assets.innpro.pl\/14041\/17530\/10.jpg\" border=\"0\" alt=\"trzy zdj\u0119cia przedstawiaj\u0105ce r\u00f3\u017cne scenariusze korzystania z latarki \u2013 do czytania i nocnych wypraw\" \/>\n<\/p>\n<h3>D\u0142ugi czas dzia\u0142ania<\/h3>\n<p>Latarka wykorzystuje wydajny akumulator litowo-jonowy, kt\u00f3ry dzi\u0119ki pojemno\u015bci 3700 mAh zapewnia do 3 godzin pracy. Aby odnowi\u0107 jej energi\u0119, mo\u017cesz skorzysta\u0107 z wbudowanego portu USB-C, a po 4,6 h produkt b\u0119dzie zn\u00f3w gotowy do dzia\u0142ania. O statusie \u0142adowania powiadomi Ci\u0119 wbudowany wska\u017anik \u015bwietlny. Zestaw zawiera jeden akumulator.<\/p>\n<p>\n<img decoding=\"async\" src=\"https:\/\/assets.innpro.pl\/14041\/17530\/7.jpg\" border=\"0\" alt=\"czarna latarka le\u017c\u0105ca na jasnym blacie i pod\u0142\u0105czona do \u0142adowania\" \/>\n<\/p>\n<h3>Na ka\u017cd\u0105 pogod\u0119<\/h3>\n<p>Latarka Superfire L6-U zosta\u0142a wykonana z trwa\u0142ego stopu aluminium, dzi\u0119ki czemu doskonale sprawdzi si\u0119 podczas g\u00f3rskiej w\u0119dr\u00f3wki czy pod namiotem. Produkt jest wodoodporny na poziomie IP44, a ponadto niestraszny mu wiatr, kurz, a nawet upadek z wysoko\u015bci 1 metra. To doskona\u0142y towarzysz ekstremalnych wypraw.<\/p>\n<p>\n<img decoding=\"async\" src=\"https:\/\/assets.innpro.pl\/14041\/17530\/5.jpg\" border=\"0\" alt=\"czarna latarka w strugach deszczu uderzaj\u0105ca o kamienist\u0105 ziemi\u0119\" \/>\n<\/p>\n<h3>Bezpieczne u\u017cytkowanie<\/h3>\n<p>Latarka wykorzystuje szereg rozwi\u0105za\u0144, kt\u00f3re sprawiaj\u0105, \u017ce korzystanie z niej jest wyj\u0105tkowo wygodne i bezpieczne. L6-U ma zabezpieczenie przed odwrotnym pod\u0142\u0105czeniem akumulatora, jest te\u017c chroniona przed prze\u0142adowaniem i nadmiernym roz\u0142adowaniem. Niska waga (193 g) i ma\u0142y rozmiar (164 x 45 x 33 mm) u\u0142atwiaj\u0105 transport i przechowywanie urz\u0105dzenia.<\/p>\n<p>\n<img decoding=\"async\" src=\"https:\/\/assets.innpro.pl\/14041\/17530\/9.jpg\" border=\"0\" alt=\"zbli\u017cenie na czarn\u0105 latark\u0119 na ciemnym tle\" \/>\n<\/p>\n<h3>W zestawie<\/h3>\n<ul class=\"list-disc pl-5\">\n<li>Latarka Superfire L6-U x1<\/li>\n<li>Akumulator x1<\/li>\n<li>Kabel \u0142adowania x1<\/li>\n<li>Instrukcja obs\u0142ugi x1<\/li>\n<\/ul>\n<div class=\"table-wrapper\">\n<p>\u00a0<\/p>\n<h3><\/h3>\n<table>\n<tbody>\n<tr>\n<th>Producent <\/th>\n<td>Superfire<\/td>\n<\/tr>\n<tr>\n<th>Model <\/th>\n<td>L6-U<\/td>\n<\/tr>\n<tr>\n<th>Jasno\u015b\u0107 <\/th>\n<td>1480 lm<\/td>\n<\/tr>\n<tr>\n<th>Zasi\u0119g <\/th>\n<td>330 m<\/td>\n<\/tr>\n<tr>\n<th>Czas pracy <\/th>\n<td>3 h<\/td>\n<\/tr>\n<tr>\n<th>Czas \u0142adowania <\/th>\n<td>4,6 h<\/td>\n<\/tr>\n<tr>\n<th>Zasilanie <\/th>\n<td>Akumulator litowo-jonowy typu 26650<\/td>\n<\/tr>\n<tr>\n<th>Pojemno\u015b\u0107 akumulatora <\/th>\n<td>3700 mAh<\/td>\n<\/tr>\n<tr>\n<th>Moc <\/th>\n<td>20W (maks.)<\/td>\n<\/tr>\n<tr>\n<th>Wodoodporno\u015b\u0107 <\/th>\n<td>IP44<\/td>\n<\/tr>\n<tr>\n<th>Odporno\u015b\u0107 na upadek <\/th>\n<td>1m<\/td>\n<\/tr>\n<tr>\n<th>Wymiary <\/th>\n<td>164 x 45 x 33 mm<\/td>\n<\/tr>\n<tr>\n<th>Waga <\/th>\n<td>193 g<\/td>\n<\/tr>\n<tr>\n<th>Tryby o\u015bwietlenia <\/th>\n<td>Weak, Medium, Strong, Strobe i SOS<\/td>\n<\/tr>\n<\/tbody>\n<\/table>\n<\/div>\n","protected":false},"excerpt":{"rendered":"<p>Latarka Superfire L6-U \u2013 1480 lm, 330 m, 5 tryb\u00f3w, 20W, USB-C Por\u0119czna latarka Superfire L6-U zapewnia stabilne o\u015bwietlenie podczas<\/p>\n","protected":false},"featured_media":42044,"comment_status":"closed","ping_status":"open","template":"","meta":{"_acf_changed":false},"product_brand":[],"product_cat":[5938,5937,5939],"product_tag":[],"class_list":{"0":"post-56304","1":"product","2":"type-product","3":"status-publish","4":"has-post-thumbnail","6":"product_cat-latarki","7":"product_cat-outdoor","8":"product_cat-pozostale-latarki","9":"pa_okres-gwarancji-5754","10":"pa_producent-superfire","12":"first","13":"outofstock","14":"taxable","15":"shipping-taxable","16":"purchasable","17":"product-type-simple"},"acf":[],"yoast_head":"<!-- This site is optimized with the Yoast SEO plugin v27.2 - https:\/\/yoast.com\/product\/yoast-seo-wordpress\/ -->\n<title>Latarka SUPERFIRE L6-U 1480lm USB-C - IRONSKY.PL Sklep z Dronami<\/title>\n<meta name=\"description\" content=\"Latarka SUPERFIRE L6-U 1480lm USB-C - \u2705 sklep z dronami i fachowym doradztwem. \u2705 Tutaj kupisz produkty DJI, Yuneec, Parrot, Syma i wiele innych, a tak\u017ce kursy i licencje na operatora drona.\" \/>\n<meta name=\"robots\" content=\"index, follow, max-snippet:-1, max-image-preview:large, max-video-preview:-1\" \/>\n<link rel=\"canonical\" href=\"https:\/\/ironsky.pl\/sklep\/produkt\/latarka-superfire-l6-u-1480lm-usb-c-2\/\" \/>\n<meta property=\"og:locale\" content=\"pl_PL\" \/>\n<meta property=\"og:type\" content=\"article\" \/>\n<meta property=\"og:title\" content=\"Latarka SUPERFIRE L6-U 1480lm USB-C - IRONSKY.PL Sklep z Dronami\" \/>\n<meta property=\"og:description\" content=\"Latarka SUPERFIRE L6-U 1480lm USB-C - \u2705 sklep z dronami i fachowym doradztwem. \u2705 Tutaj kupisz produkty DJI, Yuneec, Parrot, Syma i wiele innych, a tak\u017ce kursy i licencje na operatora drona.\" \/>\n<meta property=\"og:url\" content=\"https:\/\/ironsky.pl\/sklep\/produkt\/latarka-superfire-l6-u-1480lm-usb-c-2\/\" \/>\n<meta property=\"og:site_name\" content=\"IRONSKY.PL Sklep z Dronami\" \/>\n<meta property=\"article:modified_time\" content=\"2026-04-15T08:13:34+00:00\" \/>\n<meta property=\"og:image\" content=\"https:\/\/ironsky.pl\/sklep\/wp-content\/uploads\/2025\/06\/25608_1.jpg\" \/>\n\t<meta property=\"og:image:width\" content=\"800\" \/>\n\t<meta property=\"og:image:height\" content=\"801\" \/>\n\t<meta property=\"og:image:type\" content=\"image\/jpeg\" \/>\n<meta name=\"twitter:card\" content=\"summary_large_image\" \/>\n<meta name=\"twitter:label1\" content=\"Szacowany czas czytania\" \/>\n\t<meta name=\"twitter:data1\" content=\"2 minuty\" \/>\n<script type=\"application\/ld+json\" class=\"yoast-schema-graph\">{\"@context\":\"https:\/\/schema.org\",\"@graph\":[{\"@type\":\"WebPage\",\"@id\":\"https:\/\/ironsky.pl\/sklep\/produkt\/latarka-superfire-l6-u-1480lm-usb-c-2\/\",\"url\":\"https:\/\/ironsky.pl\/sklep\/produkt\/latarka-superfire-l6-u-1480lm-usb-c-2\/\",\"name\":\"Latarka SUPERFIRE L6-U 1480lm USB-C - IRONSKY.PL Sklep z Dronami\",\"isPartOf\":{\"@id\":\"https:\/\/ironsky.pl\/sklep\/#website\"},\"primaryImageOfPage\":{\"@id\":\"https:\/\/ironsky.pl\/sklep\/produkt\/latarka-superfire-l6-u-1480lm-usb-c-2\/#primaryimage\"},\"image\":{\"@id\":\"https:\/\/ironsky.pl\/sklep\/produkt\/latarka-superfire-l6-u-1480lm-usb-c-2\/#primaryimage\"},\"thumbnailUrl\":\"https:\/\/ironsky.pl\/sklep\/wp-content\/uploads\/2025\/06\/25608_1.jpg\",\"datePublished\":\"2026-04-15T08:13:22+00:00\",\"dateModified\":\"2026-04-15T08:13:34+00:00\",\"description\":\"Latarka SUPERFIRE L6-U 1480lm USB-C - \u2705 sklep z dronami i fachowym doradztwem. \u2705 Tutaj kupisz produkty DJI, Yuneec, Parrot, Syma i wiele innych, a tak\u017ce kursy i licencje na operatora drona.\",\"breadcrumb\":{\"@id\":\"https:\/\/ironsky.pl\/sklep\/produkt\/latarka-superfire-l6-u-1480lm-usb-c-2\/#breadcrumb\"},\"inLanguage\":\"pl-PL\",\"potentialAction\":[{\"@type\":\"ReadAction\",\"target\":[\"https:\/\/ironsky.pl\/sklep\/produkt\/latarka-superfire-l6-u-1480lm-usb-c-2\/\"]}]},{\"@type\":\"ImageObject\",\"inLanguage\":\"pl-PL\",\"@id\":\"https:\/\/ironsky.pl\/sklep\/produkt\/latarka-superfire-l6-u-1480lm-usb-c-2\/#primaryimage\",\"url\":\"https:\/\/ironsky.pl\/sklep\/wp-content\/uploads\/2025\/06\/25608_1.jpg\",\"contentUrl\":\"https:\/\/ironsky.pl\/sklep\/wp-content\/uploads\/2025\/06\/25608_1.jpg\",\"width\":800,\"height\":801},{\"@type\":\"BreadcrumbList\",\"@id\":\"https:\/\/ironsky.pl\/sklep\/produkt\/latarka-superfire-l6-u-1480lm-usb-c-2\/#breadcrumb\",\"itemListElement\":[{\"@type\":\"ListItem\",\"position\":1,\"name\":\"Strona g\u0142\u00f3wna\",\"item\":\"https:\/\/ironsky.pl\/sklep\/\"},{\"@type\":\"ListItem\",\"position\":2,\"name\":\"Wszystkie produkty\",\"item\":\"https:\/\/ironsky.pl\/sklep\/produkty\/\"},{\"@type\":\"ListItem\",\"position\":3,\"name\":\"Latarka SUPERFIRE L6-U 1480lm USB-C\"}]},{\"@type\":\"WebSite\",\"@id\":\"https:\/\/ironsky.pl\/sklep\/#website\",\"url\":\"https:\/\/ironsky.pl\/sklep\/\",\"name\":\"IRONSKY.PL Sklep z Dronami\",\"description\":\"IRONSKY.PL Sklep z Dronami\",\"potentialAction\":[{\"@type\":\"SearchAction\",\"target\":{\"@type\":\"EntryPoint\",\"urlTemplate\":\"https:\/\/ironsky.pl\/sklep\/?s={search_term_string}\"},\"query-input\":{\"@type\":\"PropertyValueSpecification\",\"valueRequired\":true,\"valueName\":\"search_term_string\"}}],\"inLanguage\":\"pl-PL\"}]}<\/script>\n<!-- \/ Yoast SEO plugin. -->","yoast_head_json":{"title":"Latarka SUPERFIRE L6-U 1480lm USB-C - IRONSKY.PL Sklep z Dronami","description":"Latarka SUPERFIRE L6-U 1480lm USB-C - \u2705 sklep z dronami i fachowym doradztwem. \u2705 Tutaj kupisz produkty DJI, Yuneec, Parrot, Syma i wiele innych, a tak\u017ce kursy i licencje na operatora drona.","robots":{"index":"index","follow":"follow","max-snippet":"max-snippet:-1","max-image-preview":"max-image-preview:large","max-video-preview":"max-video-preview:-1"},"canonical":"https:\/\/ironsky.pl\/sklep\/produkt\/latarka-superfire-l6-u-1480lm-usb-c-2\/","og_locale":"pl_PL","og_type":"article","og_title":"Latarka SUPERFIRE L6-U 1480lm USB-C - IRONSKY.PL Sklep z Dronami","og_description":"Latarka SUPERFIRE L6-U 1480lm USB-C - \u2705 sklep z dronami i fachowym doradztwem. \u2705 Tutaj kupisz produkty DJI, Yuneec, Parrot, Syma i wiele innych, a tak\u017ce kursy i licencje na operatora drona.","og_url":"https:\/\/ironsky.pl\/sklep\/produkt\/latarka-superfire-l6-u-1480lm-usb-c-2\/","og_site_name":"IRONSKY.PL Sklep z Dronami","article_modified_time":"2026-04-15T08:13:34+00:00","og_image":[{"width":800,"height":801,"url":"https:\/\/ironsky.pl\/sklep\/wp-content\/uploads\/2025\/06\/25608_1.jpg","type":"image\/jpeg"}],"twitter_card":"summary_large_image","twitter_misc":{"Szacowany czas czytania":"2 minuty"},"schema":{"@context":"https:\/\/schema.org","@graph":[{"@type":"WebPage","@id":"https:\/\/ironsky.pl\/sklep\/produkt\/latarka-superfire-l6-u-1480lm-usb-c-2\/","url":"https:\/\/ironsky.pl\/sklep\/produkt\/latarka-superfire-l6-u-1480lm-usb-c-2\/","name":"Latarka SUPERFIRE L6-U 1480lm USB-C - IRONSKY.PL Sklep z Dronami","isPartOf":{"@id":"https:\/\/ironsky.pl\/sklep\/#website"},"primaryImageOfPage":{"@id":"https:\/\/ironsky.pl\/sklep\/produkt\/latarka-superfire-l6-u-1480lm-usb-c-2\/#primaryimage"},"image":{"@id":"https:\/\/ironsky.pl\/sklep\/produkt\/latarka-superfire-l6-u-1480lm-usb-c-2\/#primaryimage"},"thumbnailUrl":"https:\/\/ironsky.pl\/sklep\/wp-content\/uploads\/2025\/06\/25608_1.jpg","datePublished":"2026-04-15T08:13:22+00:00","dateModified":"2026-04-15T08:13:34+00:00","description":"Latarka SUPERFIRE L6-U 1480lm USB-C - \u2705 sklep z dronami i fachowym doradztwem. \u2705 Tutaj kupisz produkty DJI, Yuneec, Parrot, Syma i wiele innych, a tak\u017ce kursy i licencje na operatora drona.","breadcrumb":{"@id":"https:\/\/ironsky.pl\/sklep\/produkt\/latarka-superfire-l6-u-1480lm-usb-c-2\/#breadcrumb"},"inLanguage":"pl-PL","potentialAction":[{"@type":"ReadAction","target":["https:\/\/ironsky.pl\/sklep\/produkt\/latarka-superfire-l6-u-1480lm-usb-c-2\/"]}]},{"@type":"ImageObject","inLanguage":"pl-PL","@id":"https:\/\/ironsky.pl\/sklep\/produkt\/latarka-superfire-l6-u-1480lm-usb-c-2\/#primaryimage","url":"https:\/\/ironsky.pl\/sklep\/wp-content\/uploads\/2025\/06\/25608_1.jpg","contentUrl":"https:\/\/ironsky.pl\/sklep\/wp-content\/uploads\/2025\/06\/25608_1.jpg","width":800,"height":801},{"@type":"BreadcrumbList","@id":"https:\/\/ironsky.pl\/sklep\/produkt\/latarka-superfire-l6-u-1480lm-usb-c-2\/#breadcrumb","itemListElement":[{"@type":"ListItem","position":1,"name":"Strona g\u0142\u00f3wna","item":"https:\/\/ironsky.pl\/sklep\/"},{"@type":"ListItem","position":2,"name":"Wszystkie produkty","item":"https:\/\/ironsky.pl\/sklep\/produkty\/"},{"@type":"ListItem","position":3,"name":"Latarka SUPERFIRE L6-U 1480lm USB-C"}]},{"@type":"WebSite","@id":"https:\/\/ironsky.pl\/sklep\/#website","url":"https:\/\/ironsky.pl\/sklep\/","name":"IRONSKY.PL Sklep z Dronami","description":"IRONSKY.PL Sklep z Dronami","potentialAction":[{"@type":"SearchAction","target":{"@type":"EntryPoint","urlTemplate":"https:\/\/ironsky.pl\/sklep\/?s={search_term_string}"},"query-input":{"@type":"PropertyValueSpecification","valueRequired":true,"valueName":"search_term_string"}}],"inLanguage":"pl-PL"}]}},"_links":{"self":[{"href":"https:\/\/ironsky.pl\/sklep\/wp-json\/wp\/v2\/product\/56304","targetHints":{"allow":["GET"]}}],"collection":[{"href":"https:\/\/ironsky.pl\/sklep\/wp-json\/wp\/v2\/product"}],"about":[{"href":"https:\/\/ironsky.pl\/sklep\/wp-json\/wp\/v2\/types\/product"}],"replies":[{"embeddable":true,"href":"https:\/\/ironsky.pl\/sklep\/wp-json\/wp\/v2\/comments?post=56304"}],"wp:featuredmedia":[{"embeddable":true,"href":"https:\/\/ironsky.pl\/sklep\/wp-json\/wp\/v2\/media\/42044"}],"wp:attachment":[{"href":"https:\/\/ironsky.pl\/sklep\/wp-json\/wp\/v2\/media?parent=56304"}],"wp:term":[{"taxonomy":"product_brand","embeddable":true,"href":"https:\/\/ironsky.pl\/sklep\/wp-json\/wp\/v2\/product_brand?post=56304"},{"taxonomy":"product_cat","embeddable":true,"href":"https:\/\/ironsky.pl\/sklep\/wp-json\/wp\/v2\/product_cat?post=56304"},{"taxonomy":"product_tag","embeddable":true,"href":"https:\/\/ironsky.pl\/sklep\/wp-json\/wp\/v2\/product_tag?post=56304"}],"curies":[{"name":"wp","href":"https:\/\/api.w.org\/{rel}","templated":true}]}}